{"id":97,"date":"2017-04-21T11:33:36","date_gmt":"2017-04-21T11:33:36","guid":{"rendered":"https:\/\/leathershopdoci.nl\/shop\/imitatieleren-heren-jas-bruin-versano-trr-43-new\/"},"modified":"2025-05-09T10:32:22","modified_gmt":"2025-05-09T10:32:22","slug":"imitatieleren-heren-jas-bruin-versano-trr-43-new","status":"publish","type":"product","link":"https:\/\/versano.nl\/fr\/shop\/imitatieleren-heren-jas-bruin-versano-trr-43-new\/","title":{"rendered":"Blouson homme simili cuir marron TRR 43 Versano"},"content":{"rendered":"<h2>Blouson homme simili cuir marron TRR 43 Versano<\/h2>\n<p>Si vous cherchez une veste en similicuir dont vous \u00eates s\u00fbr d&#039;\u00eatre confortable, il vous suffit de jeter un \u0153il \u00e0 notre gamme. Chez nous, vous trouverez de belles vestes de Versano, une marque qui s&#039;est b\u00e2tie une bonne r\u00e9putation au fil des ans. Le blouson homme simili cuir marron TRR 43 Versano est un mod\u00e8le qui est con\u00e7u comme nous en avons l&#039;habitude chez Versano. En d&#039;autres termes : une veste qui a l&#039;air parfaite avec sa coupe italienne. C&#039;est une veste en simili cuir de haute qualit\u00e9. En plus de la couleur noire cool, ce mod\u00e8le est \u00e9galement disponible dans les couleurs cognac, bleu et marron. Pour les passionn\u00e9s, ce mod\u00e8le est bien entendu \u00e9galement disponible dans la version cuir d&#039;agneau.<\/p>\n<h2>Commander le mod\u00e8le TRR 43 en marron<\/h2>\n<p><span style=\"font-family: 'Arial',sans-serif;\">Il a \u00e9t\u00e9 r\u00e9alis\u00e9 par les designers Versano, qui savent mieux que quiconque concevoir une belle veste. Avec une si belle veste Versano, vous pouvez \u00eatre s\u00fbr que vous pourrez la porter tout l&#039;hiver. Vous pouvez facilement commander ce mod\u00e8le dans la boutique en ligne Versano. Nous avons rassembl\u00e9 ici toutes nos vestes pour que vous puissiez facilement passer une commande. Chez Versano, vous pouvez toujours \u00eatre s\u00fbr que vous achetez un beau manteau qui a \u00e9t\u00e9 travaill\u00e9 avec soin. Avec nous, vous pouvez facilement choisir la bonne taille en fonction de nos vid\u00e9os d&#039;instructions intelligentes. Vous avez des questions ou vous ne savez pas quelle taille commander ? Ensuite, vous pouvez toujours nous contacter par mail ou WhatsApp. Nos employ\u00e9s aimeraient vous aider!<\/span><\/p>\n<p><a href=\"https:\/\/versano.nl\/\">Versano<\/a><br \/>\nMat\u00e9riel: ska\u00ef<br \/>\nDoublure: 100% polyester<br \/>\nLongueur: court<br \/>\nCoupe : coupe ajust\u00e9e<br \/>\nFermeture: fermeture \u00e9clair<br \/>\nPoches: poches avec zip<br \/>\nCol: col montant<br \/>\ncouche ext\u00e9rieure Mati\u00e8re: Tr\u00e8s simili cuir de haute qualit\u00e9<br \/>\nD\u00e9lai de livraison: 2-3 jours ouvrables<\/p>","protected":false},"excerpt":{"rendered":"<p>CHOISISSEZ UNE AUTRE COULEUR ICI<\/p>\n<p><a href=\"https:\/\/versano.nl\/shop\/imitatieleren-jas-heren-versano-trr-43-zwart-new\/\"><img loading=\"lazy\" decoding=\"async\" class=\"alignnone size-full wp-image-19938\" src=\"https:\/\/versano.nl\/wp-content\/uploads\/sites\/2\/2017\/04\/heren-leatherlook-jas-zwart-versano-trr43-thumb.jpg\" alt=\"\" width=\"57\" height=\"75\" \/><\/a><a href=\"https:\/\/versano.nl\/shop\/imitatieleren-jas-heren-versano-trr-43-cognac\/\"><img loading=\"lazy\" decoding=\"async\" class=\"alignnone size-full wp-image-19940\" src=\"https:\/\/versano.nl\/wp-content\/uploads\/sites\/2\/2017\/04\/heren-zomerjas-jas-lederlook-cognac-versano-trr43-thumb.jpg\" alt=\"\" width=\"57\" height=\"75\" \/><\/a><a href=\"https:\/\/versano.nl\/shop\/imitatieleren-jas-heren-versano-trr-43-blauw\/\"><img loading=\"lazy\" decoding=\"async\" class=\"alignnone size-full wp-image-19941\" src=\"https:\/\/versano.nl\/wp-content\/uploads\/sites\/2\/2017\/04\/versano-heren-leatherlook-jas-blauw-TRR43-thumb.jpg\" alt=\"\" width=\"58\" height=\"75\" \/><\/a><\/p>\n<p><span style=\"font-family: 'Arial',sans-serif;\">\u00a0<\/span><\/p>\n<p style=\"margin: 0cm 0cm 11.25pt 0cm;\"><span style=\"font-family: 'Arial',sans-serif; color: red;\">Conseils d&#039;ajustement:\u00a0<\/span><span style=\"font-family: 'Arial',sans-serif;\">La coupe de cette veste est ajust\u00e9e. Notre mannequin mesure 1,75 cm et porte une taille M.<\/span><\/p>\n<p style=\"margin: 0cm 0cm 11.25pt 0cm;\"><span style=\"font-family: 'Arial',sans-serif;\">Si vous n&#039;\u00eates pas s\u00fbr de vos mesures, nous vous recommandons de commencer par mesurer vos mesures de taille et de les comparer avec notre tableau des tailles. Si vous n&#039;avez aucune exp\u00e9rience dans la mesure des tailles de circonf\u00e9rence, cliquez sur\u00a0<\/span><a href=\"https:\/\/www.youtube.com\/watch?v=3ZSfY87v6pM\"><em><span style=\"font-family: 'Arial',sans-serif; color: windowtext; text-decoration: none;\">ICI<\/span><\/em><span style=\"font-family: 'Arial',sans-serif; color: windowtext; text-decoration: none;\">\u00a0<\/span><\/a><span style=\"font-family: 'Arial',sans-serif;\">\u00a0\u00e0\u00a0<\/span><a href=\"https:\/\/www.youtube.com\/watch?v=3ZSfY87v6pM\"><em><span style=\"font-family: 'Arial',sans-serif; color: red; text-decoration: none;\">VIDEO<\/span><\/em><\/a><span style=\"font-family: 'Arial',sans-serif;\">\u00a0 avec des instructions. Vous pouvez \u00e9galement nous appeler ou nous appliquer directement! Nos employ\u00e9s sont toujours disponibles pour vous aider.<\/span><\/p>\n<p style=\"margin: 0cm;\"><strong><span style=\"font-family: 'Arial',sans-serif;\">HEURE DE LIVRAISON :<\/span><\/strong><span style=\"font-family: 'Arial',sans-serif;\">\u00a02 \u00e0 3 jours ouvr\u00e9s.<\/span><\/p>","protected":false},"featured_media":21004,"comment_status":"closed","ping_status":"closed","template":"","meta":[],"product_brand":[],"product_cat":[1672,734,923,16,732,882],"product_tag":[61,1765,1979,62,63,20,1980,21,64,65,66,67,68,69,1970,70],"class_list":{"0":"post-97","1":"product","2":"type-product","3":"status-publish","4":"has-post-thumbnail","6":"product_cat-biker-jas-heren","7":"product_cat-heren-leatherlook-jassen-lederlook-jassen","8":"product_cat-imitatie-leren-jas","9":"product_cat-imitatieleren-jassen-heren","10":"product_cat-leatherlook-jassen","11":"product_cat-versano","12":"product_tag-bikerjack","13":"product_tag-bruine-zomerjas-heren","14":"product_tag-goedkope-kunsteren-jas-heren","15":"product_tag-heren-jas","16":"product_tag-heren-zomerjas-imitatieleer","17":"product_tag-heren-zomerjas-imitatieleer-bruin","18":"product_tag-imitatie-leer-jas-kopen-voor-heren","19":"product_tag-imitatie-leren-heren-jas-bruin","20":"product_tag-imitatieleer","21":"product_tag-imitatieleren-heren-jas-bruin","22":"product_tag-imitatieleren-heren-jassen-bruin","23":"product_tag-kunstleer","24":"product_tag-leatherlook-jas","25":"product_tag-lederlook-heren-jas-bruin","26":"product_tag-online-imitatie-leren-jas-heren","27":"product_tag-stoere-jack","28":"product_shipping_class-verzendkosten-1","29":"tm-no-options","31":"first","32":"instock","33":"sale","34":"taxable","35":"shipping-taxable","36":"purchasable","37":"product-type-variable"},"yoast_head":"<!-- This site is optimized with the Yoast SEO plugin v27.2 - https:\/\/yoast.com\/product\/yoast-seo-wordpress\/ -->\n<title>Imitatie leren heren jas bruin TRR 43 Versano, bruine heren jassen<\/title>\n<meta name=\"description\" content=\"Imitatie leren heren jas bruin TRR 43 Versano is gemaakt van Italiaanse rexion leer en bijna niet te onderscheiden van echt leer.\" \/>\n<meta name=\"robots\" content=\"index, follow, max-snippet:-1, max-image-preview:large, max-video-preview:-1\" \/>\n<link rel=\"canonical\" href=\"https:\/\/versano.nl\/fr\/shop\/imitatieleren-heren-jas-bruin-versano-trr-43-new\/\" \/>\n<meta property=\"og:locale\" content=\"fr_FR\" \/>\n<meta property=\"og:type\" content=\"article\" \/>\n<meta property=\"og:title\" content=\"Imitatie leren heren jas bruin TRR 43 Versano, bruine heren jassen\" \/>\n<meta property=\"og:description\" content=\"Imitatie leren heren jas bruin TRR 43 Versano is gemaakt van Italiaanse rexion leer en bijna niet te onderscheiden van echt leer.\" \/>\n<meta property=\"og:url\" content=\"https:\/\/versano.nl\/fr\/shop\/imitatieleren-heren-jas-bruin-versano-trr-43-new\/\" \/>\n<meta property=\"og:site_name\" content=\"Versano\" \/>\n<meta property=\"article:modified_time\" content=\"2025-05-09T10:32:22+00:00\" \/>\n<meta property=\"og:image\" content=\"https:\/\/versano.nl\/wp-content\/uploads\/2021\/03\/heren-zomerjas-jas-lederlook-bruin-versano-trr43-voorkant.jpg\" \/>\n\t<meta property=\"og:image:width\" content=\"750\" \/>\n\t<meta property=\"og:image:height\" content=\"980\" \/>\n\t<meta property=\"og:image:type\" content=\"image\/jpeg\" \/>\n<meta name=\"twitter:card\" content=\"summary_large_image\" \/>\n<meta name=\"twitter:label1\" content=\"Dur\u00e9e de lecture estim\u00e9e\" \/>\n\t<meta name=\"twitter:data1\" content=\"2 minutes\" \/>\n<script type=\"application\/ld+json\" class=\"yoast-schema-graph\">{\"@context\":\"https:\/\/schema.org\",\"@graph\":[{\"@type\":\"WebPage\",\"@id\":\"https:\/\/versano.nl\/shop\/imitatieleren-heren-jas-bruin-versano-trr-43-new\/\",\"url\":\"https:\/\/versano.nl\/shop\/imitatieleren-heren-jas-bruin-versano-trr-43-new\/\",\"name\":\"Imitatie leren heren jas bruin TRR 43 Versano, bruine heren jassen\",\"isPartOf\":{\"@id\":\"https:\/\/versano.nl\/#website\"},\"primaryImageOfPage\":{\"@id\":\"https:\/\/versano.nl\/shop\/imitatieleren-heren-jas-bruin-versano-trr-43-new\/#primaryimage\"},\"image\":{\"@id\":\"https:\/\/versano.nl\/shop\/imitatieleren-heren-jas-bruin-versano-trr-43-new\/#primaryimage\"},\"thumbnailUrl\":\"https:\/\/versano.nl\/wp-content\/uploads\/2021\/03\/heren-zomerjas-jas-lederlook-bruin-versano-trr43-voorkant.jpg\",\"datePublished\":\"2017-04-21T11:33:36+00:00\",\"dateModified\":\"2025-05-09T10:32:22+00:00\",\"description\":\"Imitatie leren heren jas bruin TRR 43 Versano is gemaakt van Italiaanse rexion leer en bijna niet te onderscheiden van echt leer.\",\"breadcrumb\":{\"@id\":\"https:\/\/versano.nl\/shop\/imitatieleren-heren-jas-bruin-versano-trr-43-new\/#breadcrumb\"},\"inLanguage\":\"fr-FR\",\"potentialAction\":[{\"@type\":\"ReadAction\",\"target\":[\"https:\/\/versano.nl\/shop\/imitatieleren-heren-jas-bruin-versano-trr-43-new\/\"]}]},{\"@type\":\"ImageObject\",\"inLanguage\":\"fr-FR\",\"@id\":\"https:\/\/versano.nl\/shop\/imitatieleren-heren-jas-bruin-versano-trr-43-new\/#primaryimage\",\"url\":\"https:\/\/versano.nl\/wp-content\/uploads\/2021\/03\/heren-zomerjas-jas-lederlook-bruin-versano-trr43-voorkant.jpg\",\"contentUrl\":\"https:\/\/versano.nl\/wp-content\/uploads\/2021\/03\/heren-zomerjas-jas-lederlook-bruin-versano-trr43-voorkant.jpg\",\"width\":750,\"height\":980,\"caption\":\"heren-zomerjas-jas-lederlook-bruin-versano-trr43\"},{\"@type\":\"BreadcrumbList\",\"@id\":\"https:\/\/versano.nl\/shop\/imitatieleren-heren-jas-bruin-versano-trr-43-new\/#breadcrumb\",\"itemListElement\":[{\"@type\":\"ListItem\",\"position\":1,\"name\":\"Home\",\"item\":\"https:\/\/versano.nl\/\"},{\"@type\":\"ListItem\",\"position\":2,\"name\":\"Shop\",\"item\":\"https:\/\/versano.nl\/shop\/\"},{\"@type\":\"ListItem\",\"position\":3,\"name\":\"Imitatie leren heren jas bruin TRR 43 Versano\"}]},{\"@type\":\"WebSite\",\"@id\":\"https:\/\/versano.nl\/#website\",\"url\":\"https:\/\/versano.nl\/\",\"name\":\"Versano\",\"description\":\"winterjassen met bontkraag | leren dames jassen | leren heren jassen\",\"potentialAction\":[{\"@type\":\"SearchAction\",\"target\":{\"@type\":\"EntryPoint\",\"urlTemplate\":\"https:\/\/versano.nl\/?s={search_term_string}\"},\"query-input\":{\"@type\":\"PropertyValueSpecification\",\"valueRequired\":true,\"valueName\":\"search_term_string\"}}],\"inLanguage\":\"fr-FR\"}]}<\/script>\n<!-- \/ Yoast SEO plugin. -->","yoast_head_json":{"title":"Veste homme simili cuir marron TRR 43 Versano, vestes homme marron","description":"La veste pour homme en similicuir marron TRR 43 Versano est fabriqu\u00e9e en cuir rexion italien et presque impossible \u00e0 distinguer du cuir v\u00e9ritable.","robots":{"index":"index","follow":"follow","max-snippet":"max-snippet:-1","max-image-preview":"max-image-preview:large","max-video-preview":"max-video-preview:-1"},"canonical":"https:\/\/versano.nl\/fr\/shop\/imitatieleren-heren-jas-bruin-versano-trr-43-new\/","og_locale":"fr_FR","og_type":"article","og_title":"Imitatie leren heren jas bruin TRR 43 Versano, bruine heren jassen","og_description":"Imitatie leren heren jas bruin TRR 43 Versano is gemaakt van Italiaanse rexion leer en bijna niet te onderscheiden van echt leer.","og_url":"https:\/\/versano.nl\/fr\/shop\/imitatieleren-heren-jas-bruin-versano-trr-43-new\/","og_site_name":"Versano","article_modified_time":"2025-05-09T10:32:22+00:00","og_image":[{"width":750,"height":980,"url":"https:\/\/versano.nl\/wp-content\/uploads\/2021\/03\/heren-zomerjas-jas-lederlook-bruin-versano-trr43-voorkant.jpg","type":"image\/jpeg"}],"twitter_card":"summary_large_image","twitter_misc":{"Dur\u00e9e de lecture estim\u00e9e":"2 minutes"},"schema":{"@context":"https:\/\/schema.org","@graph":[{"@type":"WebPage","@id":"https:\/\/versano.nl\/shop\/imitatieleren-heren-jas-bruin-versano-trr-43-new\/","url":"https:\/\/versano.nl\/shop\/imitatieleren-heren-jas-bruin-versano-trr-43-new\/","name":"Veste homme simili cuir marron TRR 43 Versano, vestes homme marron","isPartOf":{"@id":"https:\/\/versano.nl\/#website"},"primaryImageOfPage":{"@id":"https:\/\/versano.nl\/shop\/imitatieleren-heren-jas-bruin-versano-trr-43-new\/#primaryimage"},"image":{"@id":"https:\/\/versano.nl\/shop\/imitatieleren-heren-jas-bruin-versano-trr-43-new\/#primaryimage"},"thumbnailUrl":"https:\/\/versano.nl\/wp-content\/uploads\/2021\/03\/heren-zomerjas-jas-lederlook-bruin-versano-trr43-voorkant.jpg","datePublished":"2017-04-21T11:33:36+00:00","dateModified":"2025-05-09T10:32:22+00:00","description":"La veste pour homme en similicuir marron TRR 43 Versano est fabriqu\u00e9e en cuir rexion italien et presque impossible \u00e0 distinguer du cuir v\u00e9ritable.","breadcrumb":{"@id":"https:\/\/versano.nl\/shop\/imitatieleren-heren-jas-bruin-versano-trr-43-new\/#breadcrumb"},"inLanguage":"fr-FR","potentialAction":[{"@type":"ReadAction","target":["https:\/\/versano.nl\/shop\/imitatieleren-heren-jas-bruin-versano-trr-43-new\/"]}]},{"@type":"ImageObject","inLanguage":"fr-FR","@id":"https:\/\/versano.nl\/shop\/imitatieleren-heren-jas-bruin-versano-trr-43-new\/#primaryimage","url":"https:\/\/versano.nl\/wp-content\/uploads\/2021\/03\/heren-zomerjas-jas-lederlook-bruin-versano-trr43-voorkant.jpg","contentUrl":"https:\/\/versano.nl\/wp-content\/uploads\/2021\/03\/heren-zomerjas-jas-lederlook-bruin-versano-trr43-voorkant.jpg","width":750,"height":980,"caption":"heren-zomerjas-jas-lederlook-bruin-versano-trr43"},{"@type":"BreadcrumbList","@id":"https:\/\/versano.nl\/shop\/imitatieleren-heren-jas-bruin-versano-trr-43-new\/#breadcrumb","itemListElement":[{"@type":"ListItem","position":1,"name":"Home","item":"https:\/\/versano.nl\/"},{"@type":"ListItem","position":2,"name":"Shop","item":"https:\/\/versano.nl\/shop\/"},{"@type":"ListItem","position":3,"name":"Imitatie leren heren jas bruin TRR 43 Versano"}]},{"@type":"WebSite","@id":"https:\/\/versano.nl\/#website","url":"https:\/\/versano.nl\/","name":"Versano","description":"manteaux d&#039;hiver avec col en fourrure | vestes femme en cuir | vestes en cuir pour hommes","potentialAction":[{"@type":"SearchAction","target":{"@type":"EntryPoint","urlTemplate":"https:\/\/versano.nl\/?s={search_term_string}"},"query-input":{"@type":"PropertyValueSpecification","valueRequired":true,"valueName":"search_term_string"}}],"inLanguage":"fr-FR"}]}},"_links":{"self":[{"href":"https:\/\/versano.nl\/fr\/wp-json\/wp\/v2\/product\/97","targetHints":{"allow":["GET"]}}],"collection":[{"href":"https:\/\/versano.nl\/fr\/wp-json\/wp\/v2\/product"}],"about":[{"href":"https:\/\/versano.nl\/fr\/wp-json\/wp\/v2\/types\/product"}],"replies":[{"embeddable":true,"href":"https:\/\/versano.nl\/fr\/wp-json\/wp\/v2\/comments?post=97"}],"wp:featuredmedia":[{"embeddable":true,"href":"https:\/\/versano.nl\/fr\/wp-json\/wp\/v2\/media\/21004"}],"wp:attachment":[{"href":"https:\/\/versano.nl\/fr\/wp-json\/wp\/v2\/media?parent=97"}],"wp:term":[{"taxonomy":"product_brand","embeddable":true,"href":"https:\/\/versano.nl\/fr\/wp-json\/wp\/v2\/product_brand?post=97"},{"taxonomy":"product_cat","embeddable":true,"href":"https:\/\/versano.nl\/fr\/wp-json\/wp\/v2\/product_cat?post=97"},{"taxonomy":"product_tag","embeddable":true,"href":"https:\/\/versano.nl\/fr\/wp-json\/wp\/v2\/product_tag?post=97"}],"curies":[{"name":"wp","href":"https:\/\/api.w.org\/{rel}","templated":true}]}}