{"id":963,"date":"2014-11-30T22:17:15","date_gmt":"2014-11-30T22:17:15","guid":{"rendered":"http:\/\/leathershopdoci.nl\/shop\/versano-heren-winterjas-bontjas-met-bontkraag-redwood-zwart\/"},"modified":"2021-01-22T02:36:13","modified_gmt":"2021-01-22T02:36:13","slug":"versano-heren-winterjas-met-bontkraag-redwood-zwart","status":"publish","type":"product","link":"https:\/\/versano.nl\/fr\/shop\/versano-heren-winterjas-met-bontkraag-redwood-zwart\/","title":{"rendered":"Versano hommes veste d&#039;hiver avec col de fourrure noire Redwood"},"content":{"rendered":"<h2>Versano hommes veste d&#039;hiver avec col de fourrure noire Redwood<\/h2>\n<p>marque: <a title=\"Versano\" href=\"https:\/\/versano.nl\" target=\"_blank\" rel=\"noopener noreferrer\">Versano<\/a><br \/>\nLongueur: court<br \/>\nFit: Int\u00e9gr\u00e9 italienne<br \/>\nDoublure: 100% polyester<br \/>\n\u00e9paisseur Doublure: 200 grammes align\u00e9s \u00e9pais<br \/>\nLongueur des manches: manches longues<br \/>\nCapuche: doubl\u00e9e, solide<br \/>\nLes plus: coutures renforc\u00e9es<br \/>\nFermeture: fermeture \u00e9clair avec rabat de protection et ceinture<br \/>\nsacs zipp\u00e9e poches lat\u00e9rales, \u00e0 l&#039;int\u00e9rieur<br \/>\nFonction: imperm\u00e9able, coupe-vent<br \/>\nmat\u00e9riau couche ext\u00e9rieure: 100% polyester<br \/>\nAccessoires: col de fourrure (en option)<\/p>\n<p>: 2-4 jours<\/p>\n<p><strong>EN OPTION: REAL FUR BAGUE RATON ART DE RACCOON FOURRURE<\/strong><\/p>","protected":false},"excerpt":{"rendered":"<p>Sportif et confortable, que cette veste d&#039;hiver pour hommes Versano avec col de fourrure. Cette veste noire pour les hommes, a une belle finition par rexion d\u00e9tails en cuir noir sur les rushes le long des deux poches lat\u00e9rales et deux poches de poitrine poches avec boutons-pression. Tant le bord inf\u00e9rieur lorsque le manchon de l&#039;enveloppe poss\u00e8de un tricot \u00e9lastique, de sorte que la couche d&#039;arr\u00eat belle. Le col de fourrure de raton laveur est en option (vendu s\u00e9par\u00e9ment). Bien s\u00fbr, le col de fourrure est \u00e9galement disponible en fourrure artificielle en trois couleurs. La veste a \u00e9galement \u00e9quip\u00e9 italienne.<\/p>\n<p><strong>EN OPTION: REAL FUR BAGUE RATON ART DE RACCOON FOURRURE<\/strong><\/p>","protected":false},"featured_media":965,"comment_status":"closed","ping_status":"closed","template":"","meta":[],"product_brand":[],"product_cat":[231,1547],"product_tag":[313,314,315,266,316,317,318,319],"class_list":{"0":"post-963","1":"product","2":"type-product","3":"status-publish","4":"has-post-thumbnail","6":"product_cat-heren-jassen-met-bontkraag","7":"product_cat-winterjassen-heren","8":"product_tag-bontjassen","9":"product_tag-bontjassen-voor-heren","10":"product_tag-heren-bontjassen","11":"product_tag-jassen-met-bontkraag","12":"product_tag-online-heren-bontjassen","13":"product_tag-versano-bontjassen","14":"product_tag-winterjassen-met-bontkraag-heren","15":"product_tag-winterjassen-met-bontkraag-heren-zwart","16":"tm-has-options","18":"first","19":"outofstock","20":"sale","21":"taxable","22":"shipping-taxable","23":"purchasable","24":"product-type-variable"},"yoast_head":"<!-- This site is optimized with the Yoast SEO plugin v27.2 - https:\/\/yoast.com\/product\/yoast-seo-wordpress\/ -->\n<title>Versano Heren Winterjas met bontkraag Redwood Zwart<\/title>\n<meta name=\"description\" content=\"Trendy Versano Heren Winterjas met bontkraag Redwood Zwart. De jas is getailleerd en uiteraard is de bontkraag ook in kunstbont te bestellen in 3 kleuren.\" \/>\n<meta name=\"robots\" content=\"index, follow, max-snippet:-1, max-image-preview:large, max-video-preview:-1\" \/>\n<link rel=\"canonical\" href=\"https:\/\/versano.nl\/fr\/shop\/versano-heren-winterjas-met-bontkraag-redwood-zwart\/\" \/>\n<meta property=\"og:locale\" content=\"fr_FR\" \/>\n<meta property=\"og:type\" content=\"article\" \/>\n<meta property=\"og:title\" content=\"Versano Heren Winterjas met bontkraag Redwood Zwart\" \/>\n<meta property=\"og:description\" content=\"Trendy Versano Heren Winterjas met bontkraag Redwood Zwart. De jas is getailleerd en uiteraard is de bontkraag ook in kunstbont te bestellen in 3 kleuren.\" \/>\n<meta property=\"og:url\" content=\"https:\/\/versano.nl\/fr\/shop\/versano-heren-winterjas-met-bontkraag-redwood-zwart\/\" \/>\n<meta property=\"og:site_name\" content=\"Versano\" \/>\n<meta property=\"article:modified_time\" content=\"2021-01-22T02:36:13+00:00\" \/>\n<meta property=\"og:image\" content=\"https:\/\/versano.nl\/wp-content\/uploads\/2017\/05\/Heren-winterjack-met-bontkraag-zwart-versano-redwood-voorkant.jpg\" \/>\n\t<meta property=\"og:image:width\" content=\"750\" \/>\n\t<meta property=\"og:image:height\" content=\"980\" \/>\n\t<meta property=\"og:image:type\" content=\"image\/jpeg\" \/>\n<meta name=\"twitter:card\" content=\"summary_large_image\" \/>\n<script type=\"application\/ld+json\" class=\"yoast-schema-graph\">{\"@context\":\"https:\/\/schema.org\",\"@graph\":[{\"@type\":\"WebPage\",\"@id\":\"https:\/\/versano.nl\/shop\/versano-heren-winterjas-met-bontkraag-redwood-zwart\/\",\"url\":\"https:\/\/versano.nl\/shop\/versano-heren-winterjas-met-bontkraag-redwood-zwart\/\",\"name\":\"Versano Heren Winterjas met bontkraag Redwood Zwart\",\"isPartOf\":{\"@id\":\"https:\/\/versano.nl\/#website\"},\"primaryImageOfPage\":{\"@id\":\"https:\/\/versano.nl\/shop\/versano-heren-winterjas-met-bontkraag-redwood-zwart\/#primaryimage\"},\"image\":{\"@id\":\"https:\/\/versano.nl\/shop\/versano-heren-winterjas-met-bontkraag-redwood-zwart\/#primaryimage\"},\"thumbnailUrl\":\"https:\/\/versano.nl\/wp-content\/uploads\/2017\/05\/Heren-winterjack-met-bontkraag-zwart-versano-redwood-voorkant.jpg\",\"datePublished\":\"2014-11-30T22:17:15+00:00\",\"dateModified\":\"2021-01-22T02:36:13+00:00\",\"description\":\"Trendy Versano Heren Winterjas met bontkraag Redwood Zwart. De jas is getailleerd en uiteraard is de bontkraag ook in kunstbont te bestellen in 3 kleuren.\",\"breadcrumb\":{\"@id\":\"https:\/\/versano.nl\/shop\/versano-heren-winterjas-met-bontkraag-redwood-zwart\/#breadcrumb\"},\"inLanguage\":\"fr-FR\",\"potentialAction\":[{\"@type\":\"ReadAction\",\"target\":[\"https:\/\/versano.nl\/shop\/versano-heren-winterjas-met-bontkraag-redwood-zwart\/\"]}]},{\"@type\":\"ImageObject\",\"inLanguage\":\"fr-FR\",\"@id\":\"https:\/\/versano.nl\/shop\/versano-heren-winterjas-met-bontkraag-redwood-zwart\/#primaryimage\",\"url\":\"https:\/\/versano.nl\/wp-content\/uploads\/2017\/05\/Heren-winterjack-met-bontkraag-zwart-versano-redwood-voorkant.jpg\",\"contentUrl\":\"https:\/\/versano.nl\/wp-content\/uploads\/2017\/05\/Heren-winterjack-met-bontkraag-zwart-versano-redwood-voorkant.jpg\",\"width\":750,\"height\":980},{\"@type\":\"BreadcrumbList\",\"@id\":\"https:\/\/versano.nl\/shop\/versano-heren-winterjas-met-bontkraag-redwood-zwart\/#breadcrumb\",\"itemListElement\":[{\"@type\":\"ListItem\",\"position\":1,\"name\":\"Home\",\"item\":\"https:\/\/versano.nl\/\"},{\"@type\":\"ListItem\",\"position\":2,\"name\":\"Shop\",\"item\":\"https:\/\/versano.nl\/shop\/\"},{\"@type\":\"ListItem\",\"position\":3,\"name\":\"Versano Heren Winterjas met bontkraag Redwood Zwart\"}]},{\"@type\":\"WebSite\",\"@id\":\"https:\/\/versano.nl\/#website\",\"url\":\"https:\/\/versano.nl\/\",\"name\":\"Versano\",\"description\":\"winterjassen met bontkraag | leren dames jassen | leren heren jassen\",\"potentialAction\":[{\"@type\":\"SearchAction\",\"target\":{\"@type\":\"EntryPoint\",\"urlTemplate\":\"https:\/\/versano.nl\/?s={search_term_string}\"},\"query-input\":{\"@type\":\"PropertyValueSpecification\",\"valueRequired\":true,\"valueName\":\"search_term_string\"}}],\"inLanguage\":\"fr-FR\"}]}<\/script>\n<!-- \/ Yoast SEO plugin. -->","yoast_head_json":{"title":"Versano hommes veste d&#039;hiver avec col de fourrure noire Redwood","description":"Veste hiver tendance Versano pour hommes avec col en fourrure Redwood Black. La veste est ajust\u00e9e et bien s\u00fbr, le col en fourrure peut \u00e9galement \u00eatre command\u00e9 en fourrure artificielle en 3 couleurs.","robots":{"index":"index","follow":"follow","max-snippet":"max-snippet:-1","max-image-preview":"max-image-preview:large","max-video-preview":"max-video-preview:-1"},"canonical":"https:\/\/versano.nl\/fr\/shop\/versano-heren-winterjas-met-bontkraag-redwood-zwart\/","og_locale":"fr_FR","og_type":"article","og_title":"Versano Heren Winterjas met bontkraag Redwood Zwart","og_description":"Trendy Versano Heren Winterjas met bontkraag Redwood Zwart. De jas is getailleerd en uiteraard is de bontkraag ook in kunstbont te bestellen in 3 kleuren.","og_url":"https:\/\/versano.nl\/fr\/shop\/versano-heren-winterjas-met-bontkraag-redwood-zwart\/","og_site_name":"Versano","article_modified_time":"2021-01-22T02:36:13+00:00","og_image":[{"width":750,"height":980,"url":"https:\/\/versano.nl\/wp-content\/uploads\/2017\/05\/Heren-winterjack-met-bontkraag-zwart-versano-redwood-voorkant.jpg","type":"image\/jpeg"}],"twitter_card":"summary_large_image","schema":{"@context":"https:\/\/schema.org","@graph":[{"@type":"WebPage","@id":"https:\/\/versano.nl\/shop\/versano-heren-winterjas-met-bontkraag-redwood-zwart\/","url":"https:\/\/versano.nl\/shop\/versano-heren-winterjas-met-bontkraag-redwood-zwart\/","name":"Versano hommes veste d&#039;hiver avec col de fourrure noire Redwood","isPartOf":{"@id":"https:\/\/versano.nl\/#website"},"primaryImageOfPage":{"@id":"https:\/\/versano.nl\/shop\/versano-heren-winterjas-met-bontkraag-redwood-zwart\/#primaryimage"},"image":{"@id":"https:\/\/versano.nl\/shop\/versano-heren-winterjas-met-bontkraag-redwood-zwart\/#primaryimage"},"thumbnailUrl":"https:\/\/versano.nl\/wp-content\/uploads\/2017\/05\/Heren-winterjack-met-bontkraag-zwart-versano-redwood-voorkant.jpg","datePublished":"2014-11-30T22:17:15+00:00","dateModified":"2021-01-22T02:36:13+00:00","description":"Veste hiver tendance Versano pour hommes avec col en fourrure Redwood Black. La veste est ajust\u00e9e et bien s\u00fbr, le col en fourrure peut \u00e9galement \u00eatre command\u00e9 en fourrure artificielle en 3 couleurs.","breadcrumb":{"@id":"https:\/\/versano.nl\/shop\/versano-heren-winterjas-met-bontkraag-redwood-zwart\/#breadcrumb"},"inLanguage":"fr-FR","potentialAction":[{"@type":"ReadAction","target":["https:\/\/versano.nl\/shop\/versano-heren-winterjas-met-bontkraag-redwood-zwart\/"]}]},{"@type":"ImageObject","inLanguage":"fr-FR","@id":"https:\/\/versano.nl\/shop\/versano-heren-winterjas-met-bontkraag-redwood-zwart\/#primaryimage","url":"https:\/\/versano.nl\/wp-content\/uploads\/2017\/05\/Heren-winterjack-met-bontkraag-zwart-versano-redwood-voorkant.jpg","contentUrl":"https:\/\/versano.nl\/wp-content\/uploads\/2017\/05\/Heren-winterjack-met-bontkraag-zwart-versano-redwood-voorkant.jpg","width":750,"height":980},{"@type":"BreadcrumbList","@id":"https:\/\/versano.nl\/shop\/versano-heren-winterjas-met-bontkraag-redwood-zwart\/#breadcrumb","itemListElement":[{"@type":"ListItem","position":1,"name":"Home","item":"https:\/\/versano.nl\/"},{"@type":"ListItem","position":2,"name":"Shop","item":"https:\/\/versano.nl\/shop\/"},{"@type":"ListItem","position":3,"name":"Versano Heren Winterjas met bontkraag Redwood Zwart"}]},{"@type":"WebSite","@id":"https:\/\/versano.nl\/#website","url":"https:\/\/versano.nl\/","name":"Versano","description":"manteaux d&#039;hiver avec col en fourrure | vestes femme en cuir | vestes en cuir pour hommes","potentialAction":[{"@type":"SearchAction","target":{"@type":"EntryPoint","urlTemplate":"https:\/\/versano.nl\/?s={search_term_string}"},"query-input":{"@type":"PropertyValueSpecification","valueRequired":true,"valueName":"search_term_string"}}],"inLanguage":"fr-FR"}]}},"_links":{"self":[{"href":"https:\/\/versano.nl\/fr\/wp-json\/wp\/v2\/product\/963","targetHints":{"allow":["GET"]}}],"collection":[{"href":"https:\/\/versano.nl\/fr\/wp-json\/wp\/v2\/product"}],"about":[{"href":"https:\/\/versano.nl\/fr\/wp-json\/wp\/v2\/types\/product"}],"replies":[{"embeddable":true,"href":"https:\/\/versano.nl\/fr\/wp-json\/wp\/v2\/comments?post=963"}],"wp:featuredmedia":[{"embeddable":true,"href":"https:\/\/versano.nl\/fr\/wp-json\/wp\/v2\/media\/965"}],"wp:attachment":[{"href":"https:\/\/versano.nl\/fr\/wp-json\/wp\/v2\/media?parent=963"}],"wp:term":[{"taxonomy":"product_brand","embeddable":true,"href":"https:\/\/versano.nl\/fr\/wp-json\/wp\/v2\/product_brand?post=963"},{"taxonomy":"product_cat","embeddable":true,"href":"https:\/\/versano.nl\/fr\/wp-json\/wp\/v2\/product_cat?post=963"},{"taxonomy":"product_tag","embeddable":true,"href":"https:\/\/versano.nl\/fr\/wp-json\/wp\/v2\/product_tag?post=963"}],"curies":[{"name":"wp","href":"https:\/\/api.w.org\/{rel}","templated":true}]}}