{"id":9178,"date":"2018-06-19T22:21:49","date_gmt":"2018-06-19T22:21:49","guid":{"rendered":"https:\/\/leathershopdoci.nl\/?post_type=product&#038;p=17492"},"modified":"2024-12-11T16:23:04","modified_gmt":"2024-12-11T16:23:04","slug":"heren-bomberjack-echt-leer-blauw-versano-tr-48","status":"publish","type":"product","link":"https:\/\/versano.nl\/fr\/shop\/heren-bomberjack-echt-leer-blauw-versano-tr-48\/","title":{"rendered":"Blouson homme cuir TR48 bleu Versano"},"content":{"rendered":"<h2>Blouson homme cuir TR48 bleu Versano<\/h2>\n<p>Vous cherchez une veste de tous les jours pour chaque saison ? Alors vous pouvez bien para\u00eetre avec le blouson homme en cuir TR48 bleu Versano en cuir d&#039;agneau. Les blousons aviateur ont toujours fait partie de la sc\u00e8ne de la mode, mais ces derniers temps, vous voyez de plus en plus de vestes pilotes pour hommes. Avec le TR48 de Versano, vous obtenez un joli basique mais aussi une veste en cuir cool pour hommes. Ce mod\u00e8le de blouson aviateur cool est enti\u00e8rement r\u00e9alis\u00e9 en cuir d&#039;agneau souple et a le look motard typique sur les \u00e9paules. Cette veste va comme un gant gr\u00e2ce au cuir d&#039;agneau parfait. La veste est \u00e9quip\u00e9e de 2 poches zipp\u00e9es, et de bords-c\u00f4tes sur les manches, le col montant et la taille. Si vous pr\u00e9f\u00e9rez le blouson aviateur dans une couleur diff\u00e9rente, la veste est \u00e9galement disponible en vert et noir. Nous vous recommandons donc de simplement jeter un coup d&#039;\u0153il \u00e0 la couleur qui, selon vous, convient le mieux \u00e0 votre propre style.<\/p>\n<h2>Commandez le mod\u00e8le TR48 en bleu<\/h2>\n<p>Avec cette veste, vous pouvez \u00eatre s\u00fbr que vous aurez bient\u00f4t une nouvelle veste accroch\u00e9e \u00e0 vos \u00e9paules dans laquelle vous pourrez \u00eatre vu. Il s&#039;agit d&#039;une belle veste ajust\u00e9e qui est compl\u00e8tement de style italien. En d&#039;autres termes, avec cette veste, vous n&#039;avez pas \u00e0 vous soucier de ne pas avoir l&#039;air \u00e0 votre place. Vous pouvez facilement commander ce mod\u00e8le sur notre site en diff\u00e9rentes couleurs. Vous avez des questions ou vous ne savez pas quelle taille commander ? Ensuite, vous pouvez toujours nous contacter par mail ou WhatsApp. Nos employ\u00e9s aimeraient vous aider!<\/p>\n<p>marque:\u00a0<a href=\"https:\/\/versano.nl\/\">Versano<\/a><br \/>\nMati\u00e8re: 100% cuir d&#039;agneau<br \/>\nDoublure: 100% polyester<br \/>\nLongueur: court<br \/>\nCoupe : coupe ajust\u00e9e<br \/>\nFermeture: fermeture \u00e9clair<br \/>\nPoches: poches avec zip<br \/>\nCol: col montant<br \/>\nMat\u00e9riau couche ext\u00e9rieure: Tr\u00e8s haute qualit\u00e9 et doux en peau d&#039;agneau<br \/>\nD\u00e9lai de livraison: 2-3 jours ouvrables<\/p>","protected":false},"excerpt":{"rendered":"<p>CHOISISSEZ UNE AUTRE COULEUR ICI<\/p>\n<p><a href=\"https:\/\/versano.nl\/shop\/heren-bomberjack-echt-leer-groen-versano-tr-48\/\"><img loading=\"lazy\" decoding=\"async\" class=\"alignnone size-full wp-image-19896\" src=\"https:\/\/versano.nl\/wp-content\/uploads\/sites\/2\/2018\/06\/heren-bomberjack-leer-groen-versano-tr48-thumb.jpg\" alt=\"\" width=\"57\" height=\"75\" \/><\/a><a href=\"https:\/\/versano.nl\/shop\/heren-bomberjack-zwart-echt-leer-versano-tr-48\/\"><img loading=\"lazy\" decoding=\"async\" class=\"alignnone size-full wp-image-19897\" src=\"https:\/\/versano.nl\/wp-content\/uploads\/sites\/2\/2018\/06\/heren-bomberjack-leer-zwart-versano-tr48-thumb.jpg\" alt=\"\" width=\"57\" height=\"75\" \/><\/a><\/p>\n<p><span style=\"color: #ff0000;\">Conseils d&#039;ajustement:<\/span>\u00a0La coupe de cette veste est ajust\u00e9e. Notre mannequin mesure 1,75 cm et porte une taille M.<\/p>\n<p>Si vous n&#039;\u00eates pas s\u00fbr de vos mesures, nous vous recommandons de commencer par mesurer vos mesures de taille et de les comparer avec notre tableau des tailles. Si vous n&#039;avez aucune exp\u00e9rience dans la mesure des tailles de circonf\u00e9rence, cliquez sur\u00a0<a href=\"https:\/\/www.youtube.com\/watch?v=3ZSfY87v6pM\"><em>ICI<\/em>\u00a0<\/a>\u00a0\u00e0\u00a0<span style=\"color: #ff0000;\"><a style=\"color: #ff0000;\" href=\"https:\/\/www.youtube.com\/watch?v=3ZSfY87v6pM\"><em>VIDEO<\/em><\/a>\u00a0<\/span> avec des instructions. Vous pouvez \u00e9galement nous appeler ou nous appliquer directement! Nos employ\u00e9s sont toujours disponibles pour vous aider.<\/p>\n<p><strong>HEURE DE LIVRAISON :<\/strong>\u00a02 \u00e0 3 jours ouvr\u00e9s.<\/p>","protected":false},"featured_media":20741,"comment_status":"open","ping_status":"closed","template":"","meta":[],"product_brand":[],"product_cat":[1672,1670,147,874,907,912,1671,908,1669,1712,913,910,882],"product_tag":[1028,1029,1015,1681,1682,1030,1685,1017,1031,1032,1684,1033,1034,1018,1683,105],"class_list":{"0":"post-9178","1":"product","2":"type-product","3":"status-publish","4":"has-post-thumbnail","6":"product_cat-biker-jas-heren","7":"product_cat-heren-leren-jas","8":"product_cat-heren-leren-jassen","9":"product_cat-kort-leren-jasje","10":"product_cat-kort-leren-jasje-heren","11":"product_cat-leren-bikerjacks-heren","12":"product_cat-leren-heren-jas","13":"product_cat-leren-heren-jassen","14":"product_cat-leren-jas-heren","15":"product_cat-leren-jassen","16":"product_cat-leren-jassen-heren-uitverkoop","17":"product_cat-leren-jassen-heren","18":"product_cat-versano","19":"product_tag-blauwe-bomberjack","20":"product_tag-blauwe-heren-bomberjack","21":"product_tag-bomberjack-heren","22":"product_tag-bomberjas-heren-leer","23":"product_tag-goedkope-leren-jassen","24":"product_tag-heren-bomberjack-blauw","25":"product_tag-italiaanse-leren-jassen","26":"product_tag-leren-heren-bomberjack","27":"product_tag-leren-heren-bomberjack-blauw","28":"product_tag-leren-heren-jack-blauw","29":"product_tag-leren-heren-jassen-in-sale","30":"product_tag-leren-jassen-blauw","31":"product_tag-leren-piloten-jas-blauw","32":"product_tag-piloten-bomberjack","33":"product_tag-uitverkoop-heren-leren-jassen","34":"product_tag-versano-leren-jassen","35":"product_shipping_class-verzendkosten-1","36":"tm-no-options","38":"first","39":"instock","40":"taxable","41":"shipping-taxable","42":"purchasable","43":"product-type-variable"},"yoast_head":"<!-- This site is optimized with the Yoast SEO plugin v27.2 - https:\/\/yoast.com\/product\/yoast-seo-wordpress\/ -->\n<title>Bomberjas heren leer TR48 blauw Versano, piloten bomberjas<\/title>\n<meta name=\"description\" content=\"Bent u op zoek naar een Bomberjas heren leer TR48 blauw Versano? Bij Versano bent u bij het juiste ades voor een leren heren jas.\" \/>\n<meta name=\"robots\" content=\"index, follow, max-snippet:-1, max-image-preview:large, max-video-preview:-1\" \/>\n<link rel=\"canonical\" href=\"https:\/\/versano.nl\/fr\/shop\/heren-bomberjack-echt-leer-blauw-versano-tr-48\/\" \/>\n<meta property=\"og:locale\" content=\"fr_FR\" \/>\n<meta property=\"og:type\" content=\"article\" \/>\n<meta property=\"og:title\" content=\"Bomberjas heren leer TR48 blauw Versano, piloten bomberjas\" \/>\n<meta property=\"og:description\" content=\"Bent u op zoek naar een Bomberjas heren leer TR48 blauw Versano? Bij Versano bent u bij het juiste ades voor een leren heren jas.\" \/>\n<meta property=\"og:url\" content=\"https:\/\/versano.nl\/fr\/shop\/heren-bomberjack-echt-leer-blauw-versano-tr-48\/\" \/>\n<meta property=\"og:site_name\" content=\"Versano\" \/>\n<meta property=\"article:modified_time\" content=\"2024-12-11T16:23:04+00:00\" \/>\n<meta property=\"og:image\" content=\"https:\/\/versano.nl\/wp-content\/uploads\/2018\/06\/heren-bomberjack-leer-blauw-versano-tr48-model-voorkant4.jpg\" \/>\n\t<meta property=\"og:image:width\" content=\"900\" \/>\n\t<meta property=\"og:image:height\" content=\"1176\" \/>\n\t<meta property=\"og:image:type\" content=\"image\/jpeg\" \/>\n<meta name=\"twitter:card\" content=\"summary_large_image\" \/>\n<meta name=\"twitter:label1\" content=\"Dur\u00e9e de lecture estim\u00e9e\" \/>\n\t<meta name=\"twitter:data1\" content=\"2 minutes\" \/>\n<script type=\"application\/ld+json\" class=\"yoast-schema-graph\">{\"@context\":\"https:\/\/schema.org\",\"@graph\":[{\"@type\":\"WebPage\",\"@id\":\"https:\/\/versano.nl\/shop\/heren-bomberjack-echt-leer-blauw-versano-tr-48\/\",\"url\":\"https:\/\/versano.nl\/shop\/heren-bomberjack-echt-leer-blauw-versano-tr-48\/\",\"name\":\"Bomberjas heren leer TR48 blauw Versano, piloten bomberjas\",\"isPartOf\":{\"@id\":\"https:\/\/versano.nl\/#website\"},\"primaryImageOfPage\":{\"@id\":\"https:\/\/versano.nl\/shop\/heren-bomberjack-echt-leer-blauw-versano-tr-48\/#primaryimage\"},\"image\":{\"@id\":\"https:\/\/versano.nl\/shop\/heren-bomberjack-echt-leer-blauw-versano-tr-48\/#primaryimage\"},\"thumbnailUrl\":\"https:\/\/versano.nl\/wp-content\/uploads\/2018\/06\/heren-bomberjack-leer-blauw-versano-tr48-model-voorkant4.jpg\",\"datePublished\":\"2018-06-19T22:21:49+00:00\",\"dateModified\":\"2024-12-11T16:23:04+00:00\",\"description\":\"Bent u op zoek naar een Bomberjas heren leer TR48 blauw Versano? Bij Versano bent u bij het juiste ades voor een leren heren jas.\",\"breadcrumb\":{\"@id\":\"https:\/\/versano.nl\/shop\/heren-bomberjack-echt-leer-blauw-versano-tr-48\/#breadcrumb\"},\"inLanguage\":\"fr-FR\",\"potentialAction\":[{\"@type\":\"ReadAction\",\"target\":[\"https:\/\/versano.nl\/shop\/heren-bomberjack-echt-leer-blauw-versano-tr-48\/\"]}]},{\"@type\":\"ImageObject\",\"inLanguage\":\"fr-FR\",\"@id\":\"https:\/\/versano.nl\/shop\/heren-bomberjack-echt-leer-blauw-versano-tr-48\/#primaryimage\",\"url\":\"https:\/\/versano.nl\/wp-content\/uploads\/2018\/06\/heren-bomberjack-leer-blauw-versano-tr48-model-voorkant4.jpg\",\"contentUrl\":\"https:\/\/versano.nl\/wp-content\/uploads\/2018\/06\/heren-bomberjack-leer-blauw-versano-tr48-model-voorkant4.jpg\",\"width\":900,\"height\":1176,\"caption\":\"Bomberjas heren leer TR48 blauw Versano\"},{\"@type\":\"BreadcrumbList\",\"@id\":\"https:\/\/versano.nl\/shop\/heren-bomberjack-echt-leer-blauw-versano-tr-48\/#breadcrumb\",\"itemListElement\":[{\"@type\":\"ListItem\",\"position\":1,\"name\":\"Home\",\"item\":\"https:\/\/versano.nl\/\"},{\"@type\":\"ListItem\",\"position\":2,\"name\":\"Shop\",\"item\":\"https:\/\/versano.nl\/shop\/\"},{\"@type\":\"ListItem\",\"position\":3,\"name\":\"Bomberjas heren leer TR48 blauw Versano\"}]},{\"@type\":\"WebSite\",\"@id\":\"https:\/\/versano.nl\/#website\",\"url\":\"https:\/\/versano.nl\/\",\"name\":\"Versano\",\"description\":\"winterjassen met bontkraag | leren dames jassen | leren heren jassen\",\"potentialAction\":[{\"@type\":\"SearchAction\",\"target\":{\"@type\":\"EntryPoint\",\"urlTemplate\":\"https:\/\/versano.nl\/?s={search_term_string}\"},\"query-input\":{\"@type\":\"PropertyValueSpecification\",\"valueRequired\":true,\"valueName\":\"search_term_string\"}}],\"inLanguage\":\"fr-FR\"}]}<\/script>\n<!-- \/ Yoast SEO plugin. -->","yoast_head_json":{"title":"Blouson aviateur homme cuir TR48 bleu Versano, blouson aviateur pilote","description":"Vous recherchez un Blouson homme cuir TR48 bleu Versano ? Chez Versano, vous \u00eates au bon endroit pour une veste en cuir pour hommes.","robots":{"index":"index","follow":"follow","max-snippet":"max-snippet:-1","max-image-preview":"max-image-preview:large","max-video-preview":"max-video-preview:-1"},"canonical":"https:\/\/versano.nl\/fr\/shop\/heren-bomberjack-echt-leer-blauw-versano-tr-48\/","og_locale":"fr_FR","og_type":"article","og_title":"Bomberjas heren leer TR48 blauw Versano, piloten bomberjas","og_description":"Bent u op zoek naar een Bomberjas heren leer TR48 blauw Versano? Bij Versano bent u bij het juiste ades voor een leren heren jas.","og_url":"https:\/\/versano.nl\/fr\/shop\/heren-bomberjack-echt-leer-blauw-versano-tr-48\/","og_site_name":"Versano","article_modified_time":"2024-12-11T16:23:04+00:00","og_image":[{"width":900,"height":1176,"url":"https:\/\/versano.nl\/wp-content\/uploads\/2018\/06\/heren-bomberjack-leer-blauw-versano-tr48-model-voorkant4.jpg","type":"image\/jpeg"}],"twitter_card":"summary_large_image","twitter_misc":{"Dur\u00e9e de lecture estim\u00e9e":"2 minutes"},"schema":{"@context":"https:\/\/schema.org","@graph":[{"@type":"WebPage","@id":"https:\/\/versano.nl\/shop\/heren-bomberjack-echt-leer-blauw-versano-tr-48\/","url":"https:\/\/versano.nl\/shop\/heren-bomberjack-echt-leer-blauw-versano-tr-48\/","name":"Blouson aviateur homme cuir TR48 bleu Versano, blouson aviateur pilote","isPartOf":{"@id":"https:\/\/versano.nl\/#website"},"primaryImageOfPage":{"@id":"https:\/\/versano.nl\/shop\/heren-bomberjack-echt-leer-blauw-versano-tr-48\/#primaryimage"},"image":{"@id":"https:\/\/versano.nl\/shop\/heren-bomberjack-echt-leer-blauw-versano-tr-48\/#primaryimage"},"thumbnailUrl":"https:\/\/versano.nl\/wp-content\/uploads\/2018\/06\/heren-bomberjack-leer-blauw-versano-tr48-model-voorkant4.jpg","datePublished":"2018-06-19T22:21:49+00:00","dateModified":"2024-12-11T16:23:04+00:00","description":"Vous recherchez un Blouson homme cuir TR48 bleu Versano ? Chez Versano, vous \u00eates au bon endroit pour une veste en cuir pour hommes.","breadcrumb":{"@id":"https:\/\/versano.nl\/shop\/heren-bomberjack-echt-leer-blauw-versano-tr-48\/#breadcrumb"},"inLanguage":"fr-FR","potentialAction":[{"@type":"ReadAction","target":["https:\/\/versano.nl\/shop\/heren-bomberjack-echt-leer-blauw-versano-tr-48\/"]}]},{"@type":"ImageObject","inLanguage":"fr-FR","@id":"https:\/\/versano.nl\/shop\/heren-bomberjack-echt-leer-blauw-versano-tr-48\/#primaryimage","url":"https:\/\/versano.nl\/wp-content\/uploads\/2018\/06\/heren-bomberjack-leer-blauw-versano-tr48-model-voorkant4.jpg","contentUrl":"https:\/\/versano.nl\/wp-content\/uploads\/2018\/06\/heren-bomberjack-leer-blauw-versano-tr48-model-voorkant4.jpg","width":900,"height":1176,"caption":"Bomberjas heren leer TR48 blauw Versano"},{"@type":"BreadcrumbList","@id":"https:\/\/versano.nl\/shop\/heren-bomberjack-echt-leer-blauw-versano-tr-48\/#breadcrumb","itemListElement":[{"@type":"ListItem","position":1,"name":"Home","item":"https:\/\/versano.nl\/"},{"@type":"ListItem","position":2,"name":"Shop","item":"https:\/\/versano.nl\/shop\/"},{"@type":"ListItem","position":3,"name":"Bomberjas heren leer TR48 blauw Versano"}]},{"@type":"WebSite","@id":"https:\/\/versano.nl\/#website","url":"https:\/\/versano.nl\/","name":"Versano","description":"manteaux d&#039;hiver avec col en fourrure | vestes femme en cuir | vestes en cuir pour hommes","potentialAction":[{"@type":"SearchAction","target":{"@type":"EntryPoint","urlTemplate":"https:\/\/versano.nl\/?s={search_term_string}"},"query-input":{"@type":"PropertyValueSpecification","valueRequired":true,"valueName":"search_term_string"}}],"inLanguage":"fr-FR"}]}},"_links":{"self":[{"href":"https:\/\/versano.nl\/fr\/wp-json\/wp\/v2\/product\/9178","targetHints":{"allow":["GET"]}}],"collection":[{"href":"https:\/\/versano.nl\/fr\/wp-json\/wp\/v2\/product"}],"about":[{"href":"https:\/\/versano.nl\/fr\/wp-json\/wp\/v2\/types\/product"}],"replies":[{"embeddable":true,"href":"https:\/\/versano.nl\/fr\/wp-json\/wp\/v2\/comments?post=9178"}],"wp:featuredmedia":[{"embeddable":true,"href":"https:\/\/versano.nl\/fr\/wp-json\/wp\/v2\/media\/20741"}],"wp:attachment":[{"href":"https:\/\/versano.nl\/fr\/wp-json\/wp\/v2\/media?parent=9178"}],"wp:term":[{"taxonomy":"product_brand","embeddable":true,"href":"https:\/\/versano.nl\/fr\/wp-json\/wp\/v2\/product_brand?post=9178"},{"taxonomy":"product_cat","embeddable":true,"href":"https:\/\/versano.nl\/fr\/wp-json\/wp\/v2\/product_cat?post=9178"},{"taxonomy":"product_tag","embeddable":true,"href":"https:\/\/versano.nl\/fr\/wp-json\/wp\/v2\/product_tag?post=9178"}],"curies":[{"name":"wp","href":"https:\/\/api.w.org\/{rel}","templated":true}]}}