{"id":9149,"date":"2018-06-19T21:44:50","date_gmt":"2018-06-19T21:44:50","guid":{"rendered":"https:\/\/leathershopdoci.nl\/?post_type=product&#038;p=17473"},"modified":"2024-12-11T16:23:30","modified_gmt":"2024-12-11T16:23:30","slug":"korte-leren-heren-jas-tr48-groen-versano","status":"publish","type":"product","link":"https:\/\/versano.nl\/fr\/shop\/korte-leren-heren-jas-tr48-groen-versano\/","title":{"rendered":"Veste courte en cuir pour hommes TR48 vert Versano"},"content":{"rendered":"<h2>Veste courte en cuir pour hommes TR48 vert Versano<\/h2>\n<p>Vous cherchez une veste de tous les jours pour chaque saison ? Alors vous pouvez avoir fi\u00e8re allure avec la veste courte en cuir pour hommes TR48 verte Versano en cuir d&#039;agneau. Les blousons aviateur ont toujours fait partie de la sc\u00e8ne de la mode, mais ces derniers temps, vous voyez de plus en plus ces blousons de pilote pour hommes. Avec la TR48 de Versano, vous obtenez une belle veste basique mais aussi une veste en cuir pour hommes cool. Ce mod\u00e8le de blouson aviateur cool est enti\u00e8rement fait de cuir d&#039;agneau souple et a le look typique du motard sur les \u00e9paules. Cette veste s&#039;accorde parfaitement avec le cuir d&#039;agneau parfait. La veste est \u00e9quip\u00e9e de 2 poches zipp\u00e9es, et de bord-c\u00f4te sur les manches, le col montant et la taille. Si vous pr\u00e9f\u00e9rez la veste bomber dans une autre couleur, la veste est \u00e9galement disponible en bleu et en noir. Nous vous recommandons donc de simplement jeter un \u0153il \u00e0 la couleur qui, selon vous, convient le mieux \u00e0 votre propre style.<\/p>\n<h2>Commandez le mod\u00e8le TR48 en vert<\/h2>\n<p>Avec cette veste, vous pouvez \u00eatre s\u00fbr que vous aurez bient\u00f4t une nouvelle veste accroch\u00e9e \u00e0 vos \u00e9paules dans laquelle vous pourrez \u00eatre vu. Il s&#039;agit d&#039;une belle veste ajust\u00e9e qui est compl\u00e8tement de style italien. En d&#039;autres termes, avec cette veste, vous n&#039;avez pas \u00e0 vous soucier de ne pas avoir l&#039;air \u00e0 votre place. Vous pouvez facilement commander ce mod\u00e8le sur notre site en diff\u00e9rentes couleurs. Vous avez des questions ou vous ne savez pas quelle taille commander ? Ensuite, vous pouvez toujours nous contacter par mail ou WhatsApp. Nos employ\u00e9s aimeraient vous aider!<\/p>\n<p>marque:\u00a0<a href=\"https:\/\/versano.nl\/\">Versano<\/a><br \/>\nMati\u00e8re: 100% cuir d&#039;agneau<br \/>\nDoublure: 100% polyester<br \/>\nLongueur: court<br \/>\nCoupe : coupe ajust\u00e9e<br \/>\nFermeture: fermeture \u00e9clair<br \/>\nPoches: poches avec zip<br \/>\nCol: col montant<br \/>\nMat\u00e9riau couche ext\u00e9rieure: Tr\u00e8s haute qualit\u00e9 et doux en peau d&#039;agneau<br \/>\nD\u00e9lai de livraison: 2-3 jours ouvrables<\/p>","protected":false},"excerpt":{"rendered":"<p>CHOISISSEZ UNE AUTRE COULEUR ICI<\/p>\n<p><a href=\"https:\/\/versano.nl\/shop\/heren-bomberjack-echt-leer-blauw-versano-tr-48\/\"><img loading=\"lazy\" decoding=\"async\" class=\"alignnone size-full wp-image-19895\" src=\"https:\/\/versano.nl\/wp-content\/uploads\/sites\/2\/2018\/06\/heren-bomberjack-leer-blauw-versano-tr48-thumb.jpg\" alt=\"\" width=\"57\" height=\"75\" \/><\/a><a href=\"https:\/\/versano.nl\/shop\/heren-bomberjack-zwart-echt-leer-versano-tr-48\/\"><img loading=\"lazy\" decoding=\"async\" class=\"alignnone size-full wp-image-19897\" src=\"https:\/\/versano.nl\/wp-content\/uploads\/sites\/2\/2018\/06\/heren-bomberjack-leer-zwart-versano-tr48-thumb.jpg\" alt=\"\" width=\"57\" height=\"75\" \/><\/a><\/p>\n<p><span style=\"color: red;\">Conseils d&#039;ajustement:\u00a0<\/span>La coupe de cette veste est ajust\u00e9e. Notre mannequin mesure 1,75 cm et porte une taille M.<\/p>\n<p>Si vous n&#039;\u00eates pas s\u00fbr de vos mesures, nous vous recommandons de commencer par mesurer vos mesures de taille et de les comparer avec notre tableau des tailles. Si vous n&#039;avez aucune exp\u00e9rience dans la mesure des tailles de circonf\u00e9rence, cliquez sur\u00a0<a href=\"https:\/\/www.youtube.com\/watch?v=3ZSfY87v6pM\"><em>ICI<\/em>\u00a0<\/a>\u00a0\u00e0\u00a0<a href=\"https:\/\/www.youtube.com\/watch?v=3ZSfY87v6pM\"><em><span style=\"color: red;\">VIDEO<\/span><\/em><\/a>\u00a0 avec des instructions. Vous pouvez \u00e9galement nous appeler ou nous appliquer directement! Nos employ\u00e9s sont toujours disponibles pour vous aider.<\/p>\n<p><strong>HEURE DE LIVRAISON :<\/strong>\u00a02 \u00e0 3 jours ouvr\u00e9s.<\/p>","protected":false},"featured_media":16590,"comment_status":"open","ping_status":"closed","template":"","meta":[],"product_brand":[],"product_cat":[1672,1670,147,874,907,912,1671,908,1669,1712,913,910,882],"product_tag":[1015,1687,1691,1022,1023,1024,1025,1026,1689,1692,1017,702,1027,1018,1688,1651,1690],"class_list":{"0":"post-9149","1":"product","2":"type-product","3":"status-publish","4":"has-post-thumbnail","6":"product_cat-biker-jas-heren","7":"product_cat-heren-leren-jas","8":"product_cat-heren-leren-jassen","9":"product_cat-kort-leren-jasje","10":"product_cat-kort-leren-jasje-heren","11":"product_cat-leren-bikerjacks-heren","12":"product_cat-leren-heren-jas","13":"product_cat-leren-heren-jassen","14":"product_cat-leren-jas-heren","15":"product_cat-leren-jassen","16":"product_cat-leren-jassen-heren-uitverkoop","17":"product_cat-leren-jassen-heren","18":"product_cat-versano","19":"product_tag-bomberjack-heren","20":"product_tag-bomberjas-heren","21":"product_tag-echt-leer-heren-jas","22":"product_tag-groene-bomberjack","23":"product_tag-groene-leren-bomberjack","24":"product_tag-groene-leren-heren-jas","25":"product_tag-groenen-leren-jas","26":"product_tag-heren-bomberjack-groen","27":"product_tag-heren-leren-jas-sale","28":"product_tag-lamsleer-heren-jas","29":"product_tag-leren-heren-bomberjack","30":"product_tag-leren-jas-groen","31":"product_tag-leren-jassen-groen","32":"product_tag-piloten-bomberjack","33":"product_tag-uitverkoop-leren-jassen-heren","34":"product_tag-versano-heren-jassen","35":"product_tag-vesano-leren-jassen-heren","36":"tm-no-options","38":"first","39":"instock","40":"taxable","41":"shipping-taxable","42":"product-type-variable"},"yoast_head":"<!-- This site is optimized with the Yoast SEO plugin v27.2 - https:\/\/yoast.com\/product\/yoast-seo-wordpress\/ -->\n<title>Korte leren heren jas TR48 groen Versano, bomberjas heren<\/title>\n<meta name=\"description\" content=\"Bent u op zoek naar een Korte leren heren jas TR48 groen Versano? Bij Versano zit u goed, want hier treft u een ruime keuze leren jassen aan.\" \/>\n<meta name=\"robots\" content=\"index, follow, max-snippet:-1, max-image-preview:large, max-video-preview:-1\" \/>\n<link rel=\"canonical\" href=\"https:\/\/versano.nl\/fr\/shop\/korte-leren-heren-jas-tr48-groen-versano\/\" \/>\n<meta property=\"og:locale\" content=\"fr_FR\" \/>\n<meta property=\"og:type\" content=\"article\" \/>\n<meta property=\"og:title\" content=\"Korte leren heren jas TR48 groen Versano, bomberjas heren\" \/>\n<meta property=\"og:description\" content=\"Bent u op zoek naar een Korte leren heren jas TR48 groen Versano? Bij Versano zit u goed, want hier treft u een ruime keuze leren jassen aan.\" \/>\n<meta property=\"og:url\" content=\"https:\/\/versano.nl\/fr\/shop\/korte-leren-heren-jas-tr48-groen-versano\/\" \/>\n<meta property=\"og:site_name\" content=\"Versano\" \/>\n<meta property=\"article:modified_time\" content=\"2024-12-11T16:23:30+00:00\" \/>\n<meta property=\"og:image\" content=\"https:\/\/versano.nl\/wp-content\/uploads\/2020\/07\/heren-bomberjack-leer-groen-versano-tr48-model-voorkant2.jpg\" \/>\n\t<meta property=\"og:image:width\" content=\"900\" \/>\n\t<meta property=\"og:image:height\" content=\"1176\" \/>\n\t<meta property=\"og:image:type\" content=\"image\/jpeg\" \/>\n<meta name=\"twitter:card\" content=\"summary_large_image\" \/>\n<meta name=\"twitter:label1\" content=\"Dur\u00e9e de lecture estim\u00e9e\" \/>\n\t<meta name=\"twitter:data1\" content=\"2 minutes\" \/>\n<script type=\"application\/ld+json\" class=\"yoast-schema-graph\">{\"@context\":\"https:\/\/schema.org\",\"@graph\":[{\"@type\":\"WebPage\",\"@id\":\"https:\/\/versano.nl\/shop\/korte-leren-heren-jas-tr48-groen-versano\/\",\"url\":\"https:\/\/versano.nl\/shop\/korte-leren-heren-jas-tr48-groen-versano\/\",\"name\":\"Korte leren heren jas TR48 groen Versano, bomberjas heren\",\"isPartOf\":{\"@id\":\"https:\/\/versano.nl\/#website\"},\"primaryImageOfPage\":{\"@id\":\"https:\/\/versano.nl\/shop\/korte-leren-heren-jas-tr48-groen-versano\/#primaryimage\"},\"image\":{\"@id\":\"https:\/\/versano.nl\/shop\/korte-leren-heren-jas-tr48-groen-versano\/#primaryimage\"},\"thumbnailUrl\":\"https:\/\/versano.nl\/wp-content\/uploads\/2020\/07\/heren-bomberjack-leer-groen-versano-tr48-model-voorkant2.jpg\",\"datePublished\":\"2018-06-19T21:44:50+00:00\",\"dateModified\":\"2024-12-11T16:23:30+00:00\",\"description\":\"Bent u op zoek naar een Korte leren heren jas TR48 groen Versano? Bij Versano zit u goed, want hier treft u een ruime keuze leren jassen aan.\",\"breadcrumb\":{\"@id\":\"https:\/\/versano.nl\/shop\/korte-leren-heren-jas-tr48-groen-versano\/#breadcrumb\"},\"inLanguage\":\"fr-FR\",\"potentialAction\":[{\"@type\":\"ReadAction\",\"target\":[\"https:\/\/versano.nl\/shop\/korte-leren-heren-jas-tr48-groen-versano\/\"]}]},{\"@type\":\"ImageObject\",\"inLanguage\":\"fr-FR\",\"@id\":\"https:\/\/versano.nl\/shop\/korte-leren-heren-jas-tr48-groen-versano\/#primaryimage\",\"url\":\"https:\/\/versano.nl\/wp-content\/uploads\/2020\/07\/heren-bomberjack-leer-groen-versano-tr48-model-voorkant2.jpg\",\"contentUrl\":\"https:\/\/versano.nl\/wp-content\/uploads\/2020\/07\/heren-bomberjack-leer-groen-versano-tr48-model-voorkant2.jpg\",\"width\":900,\"height\":1176,\"caption\":\"Korte leren heren jas TR48 groen Versano\"},{\"@type\":\"BreadcrumbList\",\"@id\":\"https:\/\/versano.nl\/shop\/korte-leren-heren-jas-tr48-groen-versano\/#breadcrumb\",\"itemListElement\":[{\"@type\":\"ListItem\",\"position\":1,\"name\":\"Home\",\"item\":\"https:\/\/versano.nl\/\"},{\"@type\":\"ListItem\",\"position\":2,\"name\":\"Shop\",\"item\":\"https:\/\/versano.nl\/shop\/\"},{\"@type\":\"ListItem\",\"position\":3,\"name\":\"Korte leren heren jas TR48 groen Versano\"}]},{\"@type\":\"WebSite\",\"@id\":\"https:\/\/versano.nl\/#website\",\"url\":\"https:\/\/versano.nl\/\",\"name\":\"Versano\",\"description\":\"winterjassen met bontkraag | leren dames jassen | leren heren jassen\",\"potentialAction\":[{\"@type\":\"SearchAction\",\"target\":{\"@type\":\"EntryPoint\",\"urlTemplate\":\"https:\/\/versano.nl\/?s={search_term_string}\"},\"query-input\":{\"@type\":\"PropertyValueSpecification\",\"valueRequired\":true,\"valueName\":\"search_term_string\"}}],\"inLanguage\":\"fr-FR\"}]}<\/script>\n<!-- \/ Yoast SEO plugin. -->","yoast_head_json":{"title":"Blouson cuir homme court TR48 vert Versano, blouson bomber homme","description":"Vous recherchez un Blouson court en cuir pour homme TR48 vert Versano ? Versano est le bon endroit pour vous, car vous trouverez ici un large choix de vestes en cuir.","robots":{"index":"index","follow":"follow","max-snippet":"max-snippet:-1","max-image-preview":"max-image-preview:large","max-video-preview":"max-video-preview:-1"},"canonical":"https:\/\/versano.nl\/fr\/shop\/korte-leren-heren-jas-tr48-groen-versano\/","og_locale":"fr_FR","og_type":"article","og_title":"Korte leren heren jas TR48 groen Versano, bomberjas heren","og_description":"Bent u op zoek naar een Korte leren heren jas TR48 groen Versano? Bij Versano zit u goed, want hier treft u een ruime keuze leren jassen aan.","og_url":"https:\/\/versano.nl\/fr\/shop\/korte-leren-heren-jas-tr48-groen-versano\/","og_site_name":"Versano","article_modified_time":"2024-12-11T16:23:30+00:00","og_image":[{"width":900,"height":1176,"url":"https:\/\/versano.nl\/wp-content\/uploads\/2020\/07\/heren-bomberjack-leer-groen-versano-tr48-model-voorkant2.jpg","type":"image\/jpeg"}],"twitter_card":"summary_large_image","twitter_misc":{"Dur\u00e9e de lecture estim\u00e9e":"2 minutes"},"schema":{"@context":"https:\/\/schema.org","@graph":[{"@type":"WebPage","@id":"https:\/\/versano.nl\/shop\/korte-leren-heren-jas-tr48-groen-versano\/","url":"https:\/\/versano.nl\/shop\/korte-leren-heren-jas-tr48-groen-versano\/","name":"Blouson cuir homme court TR48 vert Versano, blouson bomber homme","isPartOf":{"@id":"https:\/\/versano.nl\/#website"},"primaryImageOfPage":{"@id":"https:\/\/versano.nl\/shop\/korte-leren-heren-jas-tr48-groen-versano\/#primaryimage"},"image":{"@id":"https:\/\/versano.nl\/shop\/korte-leren-heren-jas-tr48-groen-versano\/#primaryimage"},"thumbnailUrl":"https:\/\/versano.nl\/wp-content\/uploads\/2020\/07\/heren-bomberjack-leer-groen-versano-tr48-model-voorkant2.jpg","datePublished":"2018-06-19T21:44:50+00:00","dateModified":"2024-12-11T16:23:30+00:00","description":"Vous recherchez un Blouson court en cuir pour homme TR48 vert Versano ? Versano est le bon endroit pour vous, car vous trouverez ici un large choix de vestes en cuir.","breadcrumb":{"@id":"https:\/\/versano.nl\/shop\/korte-leren-heren-jas-tr48-groen-versano\/#breadcrumb"},"inLanguage":"fr-FR","potentialAction":[{"@type":"ReadAction","target":["https:\/\/versano.nl\/shop\/korte-leren-heren-jas-tr48-groen-versano\/"]}]},{"@type":"ImageObject","inLanguage":"fr-FR","@id":"https:\/\/versano.nl\/shop\/korte-leren-heren-jas-tr48-groen-versano\/#primaryimage","url":"https:\/\/versano.nl\/wp-content\/uploads\/2020\/07\/heren-bomberjack-leer-groen-versano-tr48-model-voorkant2.jpg","contentUrl":"https:\/\/versano.nl\/wp-content\/uploads\/2020\/07\/heren-bomberjack-leer-groen-versano-tr48-model-voorkant2.jpg","width":900,"height":1176,"caption":"Korte leren heren jas TR48 groen Versano"},{"@type":"BreadcrumbList","@id":"https:\/\/versano.nl\/shop\/korte-leren-heren-jas-tr48-groen-versano\/#breadcrumb","itemListElement":[{"@type":"ListItem","position":1,"name":"Home","item":"https:\/\/versano.nl\/"},{"@type":"ListItem","position":2,"name":"Shop","item":"https:\/\/versano.nl\/shop\/"},{"@type":"ListItem","position":3,"name":"Korte leren heren jas TR48 groen Versano"}]},{"@type":"WebSite","@id":"https:\/\/versano.nl\/#website","url":"https:\/\/versano.nl\/","name":"Versano","description":"manteaux d&#039;hiver avec col en fourrure | vestes femme en cuir | vestes en cuir pour hommes","potentialAction":[{"@type":"SearchAction","target":{"@type":"EntryPoint","urlTemplate":"https:\/\/versano.nl\/?s={search_term_string}"},"query-input":{"@type":"PropertyValueSpecification","valueRequired":true,"valueName":"search_term_string"}}],"inLanguage":"fr-FR"}]}},"_links":{"self":[{"href":"https:\/\/versano.nl\/fr\/wp-json\/wp\/v2\/product\/9149","targetHints":{"allow":["GET"]}}],"collection":[{"href":"https:\/\/versano.nl\/fr\/wp-json\/wp\/v2\/product"}],"about":[{"href":"https:\/\/versano.nl\/fr\/wp-json\/wp\/v2\/types\/product"}],"replies":[{"embeddable":true,"href":"https:\/\/versano.nl\/fr\/wp-json\/wp\/v2\/comments?post=9149"}],"wp:featuredmedia":[{"embeddable":true,"href":"https:\/\/versano.nl\/fr\/wp-json\/wp\/v2\/media\/16590"}],"wp:attachment":[{"href":"https:\/\/versano.nl\/fr\/wp-json\/wp\/v2\/media?parent=9149"}],"wp:term":[{"taxonomy":"product_brand","embeddable":true,"href":"https:\/\/versano.nl\/fr\/wp-json\/wp\/v2\/product_brand?post=9149"},{"taxonomy":"product_cat","embeddable":true,"href":"https:\/\/versano.nl\/fr\/wp-json\/wp\/v2\/product_cat?post=9149"},{"taxonomy":"product_tag","embeddable":true,"href":"https:\/\/versano.nl\/fr\/wp-json\/wp\/v2\/product_tag?post=9149"}],"curies":[{"name":"wp","href":"https:\/\/api.w.org\/{rel}","templated":true}]}}