{"id":9012,"date":"2018-06-17T14:22:49","date_gmt":"2018-06-17T14:22:49","guid":{"rendered":"https:\/\/leathershopdoci.nl\/?post_type=product&#038;p=17420"},"modified":"2026-04-23T16:17:50","modified_gmt":"2026-04-23T16:17:50","slug":"lange-leren-dames-jas-blauw-versano-312","status":"publish","type":"product","link":"https:\/\/versano.nl\/fr\/shop\/lange-leren-dames-jas-blauw-versano-312\/","title":{"rendered":"veste en cuir femme longue 312 bleu Versano"},"content":{"rendered":"<h2>veste en cuir femme longue 312 bleu Versano<\/h2>\n<p>Vous \u00eates \u00e0 la recherche d&#039;une longue veste en cuir dames, c&#039;est la couleur bleue que vous aimez vous promener en plusieurs saisons ? Alors familiarisez-vous avec l&#039;un des nouveaux mod\u00e8les de Versano, car vous aimerez certainement la veste longue en cuir pour femme 312 bleu de Versano. Ce manteau a une belle taille italienne et tombe en dessous des fesses. Cette veste en cuir mi-longue de Versano est faite de cuir d&#039;agneau durable et est magnifiquement finie avec 2 poches zipp\u00e9es sur le c\u00f4t\u00e9 et 2 poches zipp\u00e9es sur la poitrine. Les manches sont \u00e9galement magnifiquement finies avec des fermetures \u00e9clair au poignet. La veste a une couture fendue \u00e0 l&#039;arri\u00e8re et \u00e0 l&#039;avant et est disponible dans les couleurs cognac, marron, bleu et noir. Si vous souhaitez commander la veste longue en cuir dans une couleur diff\u00e9rente, vous pouvez trouver diff\u00e9rentes couleurs sur notre site Web.<\/p>\n<h2>commander une veste en cuir longue de couleur bleu<\/h2>\n<p>Vous recherchez une veste en cuir pour femme un peu plus longue? Alors nous recommandons d\u00e9finitivement ce mod\u00e8le et vous ne le regretterez jamais! Le bleu 312 de Versano est fait des meilleurs mat\u00e9riaux et est doux et souple car il est en cuir d&#039;agneau 100%. Si vous commandez cette veste chez nous, vous obtiendrez une veste qui restera belle toute une vie. La belle couleur bleu p\u00e9trole est facile \u00e0 combiner et s&#039;adapte \u00e0 presque toutes vos tenues. Son design italien garantit que la veste a une coupe ajust\u00e9e et reste confortable \u00e0 porter. Ce mod\u00e8le n&#039;est pas trop charg\u00e9, ce qui en fait un grand classique.<\/p>\n<p>marque: <a href=\"https:\/\/versano.nl\" target=\"_blank\" rel=\"noopener noreferrer\">Versano<\/a><br \/>\nMati\u00e8re: 100% cuir d&#039;agneau<br \/>\nDoublure: 100% polyester<br \/>\nlongueur: longue<br \/>\nCoupe: bien ajust\u00e9e<br \/>\nFermeture: fermeture \u00e9clair<br \/>\nPoches: poches avec zip<br \/>\nCollier: col montant<br \/>\ncouche externe Mat\u00e9riel: haute qualit\u00e9 et doux en peau d&#039;agneau<\/p>\n<p>D\u00e9lai de livraison: 2 \u00e0 3 jours ouvr\u00e9s<\/p>","protected":false},"excerpt":{"rendered":"<h4><strong>CHOISISSEZ UNE AUTRE COULEUR ICI<\/strong><\/h4>\n<p><span style=\"color: red;\"><a href=\"https:\/\/versano.nl\/shop\/halflange-leren-jas-dames-cognac-versano-312\/\"><img loading=\"lazy\" decoding=\"async\" class=\"alignnone size-full wp-image-19865\" src=\"https:\/\/versano.nl\/wp-content\/uploads\/sites\/2\/2020\/04\/lange-leren-dames-cognac-versano-312-model1-thumb.jpg\" alt=\"\" width=\"57\" height=\"75\" \/><\/a><a href=\"https:\/\/versano.nl\/shop\/lange-dames-leren-jas-zwart-versano-312\/\"><img loading=\"lazy\" decoding=\"async\" class=\"alignnone size-full wp-image-19868\" src=\"https:\/\/versano.nl\/wp-content\/uploads\/sites\/2\/2020\/04\/lange-leren-dames-jas-zwart-versano-312-model2-thumb.jpg\" alt=\"\" width=\"57\" height=\"75\" \/><\/a><a href=\"https:\/\/versano.nl\/shop\/lange-leren-dames-jas-bruin\/\"><img loading=\"lazy\" decoding=\"async\" class=\"alignnone size-full wp-image-19867\" src=\"https:\/\/versano.nl\/wp-content\/uploads\/sites\/2\/2020\/04\/lange-leren-dames-jas-bruin-versano-312-zijkant-thumb.jpg\" alt=\"\" width=\"56\" height=\"75\" \/><\/a><\/span><\/p>\n<p><span style=\"color: red;\">Conseils d&#039;ajustement:<\/span> La coupe de cette veste est bien ajust\u00e9e. Notre mannequin mesure 1,68 cm et porte une taille M.<\/p>\n<p>Si vous n&#039;\u00eates pas s\u00fbr de vos mesures, nous vous recommandons de commencer par mesurer vos mesures de taille et de les comparer avec notre tableau des tailles. Si vous n&#039;avez aucune exp\u00e9rience dans la mesure des tailles de circonf\u00e9rence, cliquez sur <a href=\"https:\/\/www.youtube.com\/watch?v=3ZSfY87v6pM\"><em><span style=\"text-decoration: none;\">ICI<\/span><\/em>\u00a0<\/a>\u00a0\u00e0 <span style=\"color: red;\"><a href=\"https:\/\/www.youtube.com\/watch?v=3ZSfY87v6pM\"><em><span style=\"color: red; text-decoration: none;\">VIDEO<\/span><\/em><\/a><\/span>\u00a0 avec des instructions. Vous pouvez \u00e9galement nous appeler ou nous appliquer directement! Nos employ\u00e9s sont toujours disponibles pour vous aider.<\/p>\n<p><strong><span style=\"color: black;\">HEURE DE LIVRAISON :<\/span><\/strong> 2 \u00e0 3 jours ouvr\u00e9s.<\/p>","protected":false},"featured_media":33530,"comment_status":"closed","ping_status":"closed","template":"","meta":[],"product_brand":[],"product_cat":[89,90,1248,955,996,1470,1247,879,1474,880,1712,881,878,882],"product_tag":[1000,1001,956,1002,957,958,960,961,142],"class_list":{"0":"post-9012","1":"product","2":"type-product","3":"status-publish","4":"has-post-thumbnail","6":"product_cat-dames","7":"product_cat-dames-leren-jassen","8":"product_cat-grote-maten-leren-dames-jassen","9":"product_cat-lange-leren-dames-jassen","10":"product_cat-lange-leren-jassen-dames","11":"product_cat-leren-dames-jas","12":"product_cat-leren-dames-jas-grote-maat","13":"product_cat-leren-dames-jassen","14":"product_cat-leren-jas-dames-grote-maten","15":"product_cat-leren-jasje-dames","16":"product_cat-leren-jassen","17":"product_cat-leren-jassen-dames","18":"product_cat-leren-jassen-dames-uitverkoop","19":"product_cat-versano","20":"product_tag-blauwe-lange-leren-dames-jas","21":"product_tag-blauwe-leren-dames-jas-blauw-lang-model","22":"product_tag-lange-leren-dames-jas","23":"product_tag-lange-leren-dames-jas-blauw","24":"product_tag-lange-leren-dames-jassen","25":"product_tag-lange-leren-jas","26":"product_tag-lange-leren-jassen","27":"product_tag-leren-dames-jas-lang-model","28":"product_tag-online-dames-leren-jassen","29":"tm-no-options","31":"first","32":"instock","33":"sale","34":"taxable","35":"shipping-taxable","36":"purchasable","37":"product-type-variable"},"yoast_head":"<!-- This site is optimized with the Yoast SEO plugin v27.2 - https:\/\/yoast.com\/product\/yoast-seo-wordpress\/ -->\n<title>leren dames jas lang 312 blauw Versano, dames leren jas<\/title>\n<meta name=\"description\" content=\"Ben je op zoek naar een leren dames jas lang 312 blauw Versano ? Dan ben je bij Versano aan het juiste adres voor een lange leren jas.\" \/>\n<meta name=\"robots\" content=\"index, follow, max-snippet:-1, max-image-preview:large, max-video-preview:-1\" \/>\n<link rel=\"canonical\" href=\"https:\/\/versano.nl\/fr\/shop\/lange-leren-dames-jas-blauw-versano-312\/\" \/>\n<meta property=\"og:locale\" content=\"fr_FR\" \/>\n<meta property=\"og:type\" content=\"article\" \/>\n<meta property=\"og:title\" content=\"leren dames jas lang 312 blauw Versano, dames leren jas\" \/>\n<meta property=\"og:description\" content=\"Ben je op zoek naar een leren dames jas lang 312 blauw Versano ? Dan ben je bij Versano aan het juiste adres voor een lange leren jas.\" \/>\n<meta property=\"og:url\" content=\"https:\/\/versano.nl\/fr\/shop\/lange-leren-dames-jas-blauw-versano-312\/\" \/>\n<meta property=\"og:site_name\" content=\"Versano\" \/>\n<meta property=\"article:modified_time\" content=\"2026-04-23T16:17:50+00:00\" \/>\n<meta property=\"og:image\" content=\"https:\/\/versano.nl\/wp-content\/uploads\/2018\/06\/312-blauw.jpg\" \/>\n\t<meta property=\"og:image:width\" content=\"600\" \/>\n\t<meta property=\"og:image:height\" content=\"800\" \/>\n\t<meta property=\"og:image:type\" content=\"image\/jpeg\" \/>\n<meta name=\"twitter:card\" content=\"summary_large_image\" \/>\n<meta name=\"twitter:label1\" content=\"Dur\u00e9e de lecture estim\u00e9e\" \/>\n\t<meta name=\"twitter:data1\" content=\"2 minutes\" \/>\n<script type=\"application\/ld+json\" class=\"yoast-schema-graph\">{\"@context\":\"https:\/\/schema.org\",\"@graph\":[{\"@type\":\"WebPage\",\"@id\":\"https:\/\/versano.nl\/shop\/lange-leren-dames-jas-blauw-versano-312\/\",\"url\":\"https:\/\/versano.nl\/shop\/lange-leren-dames-jas-blauw-versano-312\/\",\"name\":\"leren dames jas lang 312 blauw Versano, dames leren jas\",\"isPartOf\":{\"@id\":\"https:\/\/versano.nl\/#website\"},\"primaryImageOfPage\":{\"@id\":\"https:\/\/versano.nl\/shop\/lange-leren-dames-jas-blauw-versano-312\/#primaryimage\"},\"image\":{\"@id\":\"https:\/\/versano.nl\/shop\/lange-leren-dames-jas-blauw-versano-312\/#primaryimage\"},\"thumbnailUrl\":\"https:\/\/versano.nl\/wp-content\/uploads\/2018\/06\/312-blauw.jpg\",\"datePublished\":\"2018-06-17T14:22:49+00:00\",\"dateModified\":\"2026-04-23T16:17:50+00:00\",\"description\":\"Ben je op zoek naar een leren dames jas lang 312 blauw Versano ? Dan ben je bij Versano aan het juiste adres voor een lange leren jas.\",\"breadcrumb\":{\"@id\":\"https:\/\/versano.nl\/shop\/lange-leren-dames-jas-blauw-versano-312\/#breadcrumb\"},\"inLanguage\":\"fr-FR\",\"potentialAction\":[{\"@type\":\"ReadAction\",\"target\":[\"https:\/\/versano.nl\/shop\/lange-leren-dames-jas-blauw-versano-312\/\"]}]},{\"@type\":\"ImageObject\",\"inLanguage\":\"fr-FR\",\"@id\":\"https:\/\/versano.nl\/shop\/lange-leren-dames-jas-blauw-versano-312\/#primaryimage\",\"url\":\"https:\/\/versano.nl\/wp-content\/uploads\/2018\/06\/312-blauw.jpg\",\"contentUrl\":\"https:\/\/versano.nl\/wp-content\/uploads\/2018\/06\/312-blauw.jpg\",\"width\":600,\"height\":800,\"caption\":\"312 blauw\"},{\"@type\":\"BreadcrumbList\",\"@id\":\"https:\/\/versano.nl\/shop\/lange-leren-dames-jas-blauw-versano-312\/#breadcrumb\",\"itemListElement\":[{\"@type\":\"ListItem\",\"position\":1,\"name\":\"Home\",\"item\":\"https:\/\/versano.nl\/\"},{\"@type\":\"ListItem\",\"position\":2,\"name\":\"Shop\",\"item\":\"https:\/\/versano.nl\/shop\/\"},{\"@type\":\"ListItem\",\"position\":3,\"name\":\"leren dames jas lang 312 blauw Versano\"}]},{\"@type\":\"WebSite\",\"@id\":\"https:\/\/versano.nl\/#website\",\"url\":\"https:\/\/versano.nl\/\",\"name\":\"Versano\",\"description\":\"winterjassen met bontkraag | leren dames jassen | leren heren jassen\",\"potentialAction\":[{\"@type\":\"SearchAction\",\"target\":{\"@type\":\"EntryPoint\",\"urlTemplate\":\"https:\/\/versano.nl\/?s={search_term_string}\"},\"query-input\":{\"@type\":\"PropertyValueSpecification\",\"valueRequired\":true,\"valueName\":\"search_term_string\"}}],\"inLanguage\":\"fr-FR\"}]}<\/script>\n<!-- \/ Yoast SEO plugin. -->","yoast_head_json":{"title":"veste en cuir femme longue 312 bleu Versano, veste en cuir femme","description":"Vous cherchez une veste longue en cuir pour femme 312 bleu Versano ? Alors vous \u00eates au bon endroit chez Versano pour une longue veste en cuir.","robots":{"index":"index","follow":"follow","max-snippet":"max-snippet:-1","max-image-preview":"max-image-preview:large","max-video-preview":"max-video-preview:-1"},"canonical":"https:\/\/versano.nl\/fr\/shop\/lange-leren-dames-jas-blauw-versano-312\/","og_locale":"fr_FR","og_type":"article","og_title":"leren dames jas lang 312 blauw Versano, dames leren jas","og_description":"Ben je op zoek naar een leren dames jas lang 312 blauw Versano ? Dan ben je bij Versano aan het juiste adres voor een lange leren jas.","og_url":"https:\/\/versano.nl\/fr\/shop\/lange-leren-dames-jas-blauw-versano-312\/","og_site_name":"Versano","article_modified_time":"2026-04-23T16:17:50+00:00","og_image":[{"width":600,"height":800,"url":"https:\/\/versano.nl\/wp-content\/uploads\/2018\/06\/312-blauw.jpg","type":"image\/jpeg"}],"twitter_card":"summary_large_image","twitter_misc":{"Dur\u00e9e de lecture estim\u00e9e":"2 minutes"},"schema":{"@context":"https:\/\/schema.org","@graph":[{"@type":"WebPage","@id":"https:\/\/versano.nl\/shop\/lange-leren-dames-jas-blauw-versano-312\/","url":"https:\/\/versano.nl\/shop\/lange-leren-dames-jas-blauw-versano-312\/","name":"veste en cuir femme longue 312 bleu Versano, veste en cuir femme","isPartOf":{"@id":"https:\/\/versano.nl\/#website"},"primaryImageOfPage":{"@id":"https:\/\/versano.nl\/shop\/lange-leren-dames-jas-blauw-versano-312\/#primaryimage"},"image":{"@id":"https:\/\/versano.nl\/shop\/lange-leren-dames-jas-blauw-versano-312\/#primaryimage"},"thumbnailUrl":"https:\/\/versano.nl\/wp-content\/uploads\/2018\/06\/312-blauw.jpg","datePublished":"2018-06-17T14:22:49+00:00","dateModified":"2026-04-23T16:17:50+00:00","description":"Vous cherchez une veste longue en cuir pour femme 312 bleu Versano ? Alors vous \u00eates au bon endroit chez Versano pour une longue veste en cuir.","breadcrumb":{"@id":"https:\/\/versano.nl\/shop\/lange-leren-dames-jas-blauw-versano-312\/#breadcrumb"},"inLanguage":"fr-FR","potentialAction":[{"@type":"ReadAction","target":["https:\/\/versano.nl\/shop\/lange-leren-dames-jas-blauw-versano-312\/"]}]},{"@type":"ImageObject","inLanguage":"fr-FR","@id":"https:\/\/versano.nl\/shop\/lange-leren-dames-jas-blauw-versano-312\/#primaryimage","url":"https:\/\/versano.nl\/wp-content\/uploads\/2018\/06\/312-blauw.jpg","contentUrl":"https:\/\/versano.nl\/wp-content\/uploads\/2018\/06\/312-blauw.jpg","width":600,"height":800,"caption":"312 blauw"},{"@type":"BreadcrumbList","@id":"https:\/\/versano.nl\/shop\/lange-leren-dames-jas-blauw-versano-312\/#breadcrumb","itemListElement":[{"@type":"ListItem","position":1,"name":"Home","item":"https:\/\/versano.nl\/"},{"@type":"ListItem","position":2,"name":"Shop","item":"https:\/\/versano.nl\/shop\/"},{"@type":"ListItem","position":3,"name":"leren dames jas lang 312 blauw Versano"}]},{"@type":"WebSite","@id":"https:\/\/versano.nl\/#website","url":"https:\/\/versano.nl\/","name":"Versano","description":"manteaux d&#039;hiver avec col en fourrure | vestes femme en cuir | vestes en cuir pour hommes","potentialAction":[{"@type":"SearchAction","target":{"@type":"EntryPoint","urlTemplate":"https:\/\/versano.nl\/?s={search_term_string}"},"query-input":{"@type":"PropertyValueSpecification","valueRequired":true,"valueName":"search_term_string"}}],"inLanguage":"fr-FR"}]}},"_links":{"self":[{"href":"https:\/\/versano.nl\/fr\/wp-json\/wp\/v2\/product\/9012","targetHints":{"allow":["GET"]}}],"collection":[{"href":"https:\/\/versano.nl\/fr\/wp-json\/wp\/v2\/product"}],"about":[{"href":"https:\/\/versano.nl\/fr\/wp-json\/wp\/v2\/types\/product"}],"replies":[{"embeddable":true,"href":"https:\/\/versano.nl\/fr\/wp-json\/wp\/v2\/comments?post=9012"}],"wp:featuredmedia":[{"embeddable":true,"href":"https:\/\/versano.nl\/fr\/wp-json\/wp\/v2\/media\/33530"}],"wp:attachment":[{"href":"https:\/\/versano.nl\/fr\/wp-json\/wp\/v2\/media?parent=9012"}],"wp:term":[{"taxonomy":"product_brand","embeddable":true,"href":"https:\/\/versano.nl\/fr\/wp-json\/wp\/v2\/product_brand?post=9012"},{"taxonomy":"product_cat","embeddable":true,"href":"https:\/\/versano.nl\/fr\/wp-json\/wp\/v2\/product_cat?post=9012"},{"taxonomy":"product_tag","embeddable":true,"href":"https:\/\/versano.nl\/fr\/wp-json\/wp\/v2\/product_tag?post=9012"}],"curies":[{"name":"wp","href":"https:\/\/api.w.org\/{rel}","templated":true}]}}