{"id":8479,"date":"2018-04-30T19:04:41","date_gmt":"2018-04-30T19:04:41","guid":{"rendered":"https:\/\/leathershopdoci.nl\/?post_type=product&#038;p=17032"},"modified":"2024-12-13T12:07:48","modified_gmt":"2024-12-13T12:07:48","slug":"leren-dames-jasje-basic-groen-versano-301","status":"publish","type":"product","link":"https:\/\/versano.nl\/fr\/shop\/leren-dames-jasje-basic-groen-versano-301\/","title":{"rendered":"Veste en cuir pour femme vert Versano 301"},"content":{"rendered":"<h2>veste en cuir pour femme verte Versano 301<\/h2>\n<p>Si vous recherchez une veste en cuir basique moderne sans cloches ni sifflets, alors la veste en cuir verte pour femme mod\u00e8le basique Versano 301 est un must absolu. Cette veste en cuir d&#039;agneau de Versano a une coupe incroyable avec un col rond et est parfaite pour toutes les occasions, que ce soit avec une jupe ou un jean. Ce blouson en cuir est parfaitement fini avec de belles surpiq\u00fbres, et poss\u00e8de 2 poches lat\u00e9rales avec boutons pression. C&#039;est l&#039;un des mod\u00e8les de base de Versano et en tant que tel aussi l&#039;un de nos succ\u00e8s. Cette veste est disponible en cuir d&#039;agneau r\u00e9sistant, mais si vous pr\u00e9f\u00e9rez ne pas la porter, il existe \u00e9galement diff\u00e9rents mod\u00e8les disponibles en simili cuir. Si vous souhaitez commander la veste en cuir femme 301 verte dans une autre couleur, vous pouvez trouver diff\u00e9rentes couleurs sur notre site Web.<\/p>\n<h2>Commandez le mod\u00e8le 301 dans la couleur verte<\/h2>\n<p>Cette veste en cuir pour femme chic de Versano est l&#039;un des meilleurs mod\u00e8les basiques de la marque italienne Versano. La veste est de coupe italienne avec une bonne coupe et est \u00e9galement disponible en diff\u00e9rentes couleurs. Le cuir d&#039;agneau durable a un lavage particuli\u00e8rement beau et donne un look vintage. Cette veste en cuir pour femme est \u00e9galement disponible en noir et cognac. C&#039;est une veste qui, vous ne pouvez pas le nier, est sublime. La finition est absolument parfaite et tous les \u00e9l\u00e9ments sont bien coordonn\u00e9s. Son design italien garantit que la veste est bien ajust\u00e9e et reste confortable \u00e0 porter. Ce mod\u00e8le n&#039;est pas trop charg\u00e9, ce qui en fait un grand classique. vous pouvez facilement commander sur notre site.<\/p>\n<p>marque: <a href=\"https:\/\/versano.nl\/\" target=\"_blank\" rel=\"noopener noreferrer\">Versano<\/a><br \/>\nMati\u00e8re: 100% cuir d&#039;agneau<br \/>\nDoublure: 100% polyester<br \/>\nLongueur: court<br \/>\nCoupe: ajust\u00e9e<br \/>\nFermeture: fermeture \u00e9clair<br \/>\nPoches: poches avec zip<br \/>\nCol: col montant<br \/>\ncouche externe Mat\u00e9riel: haute qualit\u00e9 et doux en peau d&#039;agneau<br \/>\nD\u00e9lai de livraison: 2-3 jours ouvrables<\/p>","protected":false},"excerpt":{"rendered":"<p><strong>CHOISISSEZ UNE AUTRE COULEUR ICI<\/strong><\/p>\n<p><span style=\"color: #ff0000;\"><a href=\"https:\/\/versano.nl\/shop\/leren-dames-jasje-basic-blauw-versano-301\"><img loading=\"lazy\" decoding=\"async\" class=\"alignnone size-full wp-image-19823\" src=\"https:\/\/versano.nl\/wp-content\/uploads\/sites\/2\/2018\/04\/blauw-leren-jasje-dames-versano-301-model2-thumb.jpg\" alt=\"\" width=\"57\" height=\"75\" \/><\/a><a href=\"https:\/\/versano.nl\/shop\/dames-leren-jas-cognac-versano-301\/\"><img loading=\"lazy\" decoding=\"async\" class=\"alignnone size-full wp-image-19825\" src=\"https:\/\/versano.nl\/wp-content\/uploads\/sites\/2\/2018\/04\/lamsleren-dames-jas-basic-ronde-kraag-cognac-versano-301-voorkant-thumb.jpg\" alt=\"\" width=\"57\" height=\"75\" \/><\/a><a href=\"https:\/\/versano.nl\/shop\/leren-dames-jas-basic-zwart-versano-301\/\"><img loading=\"lazy\" decoding=\"async\" class=\"alignnone size-full wp-image-19826\" src=\"https:\/\/versano.nl\/wp-content\/uploads\/sites\/2\/2018\/04\/zwart-leren-jasje-dames-versano-301-model2-thumb.jpg\" alt=\"\" width=\"57\" height=\"75\" \/><\/a><\/span><\/p>\n<p><span style=\"color: #ff0000;\">Conseils d&#039;ajustement:<\/span>\u00a0La coupe de cette veste est bien ajust\u00e9e. Notre mannequin mesure 1,68 cm et porte une taille S.<\/p>\n<p>Si vous n&#039;\u00eates pas s\u00fbr de vos mesures, nous vous recommandons de commencer par mesurer vos mesures de taille et de les comparer avec notre tableau des tailles. Si vous n&#039;avez aucune exp\u00e9rience dans la mesure des tailles de circonf\u00e9rence, cliquez sur\u00a0<a href=\"https:\/\/www.youtube.com\/watch?v=3ZSfY87v6pM\"><em>ICI<\/em>\u00a0<\/a>\u00a0\u00e0\u00a0<a href=\"https:\/\/www.youtube.com\/watch?v=3ZSfY87v6pM\"><em><span style=\"color: #ff0000;\">VIDEO<\/span><\/em><\/a>\u00a0 avec des instructions. Vous pouvez \u00e9galement nous appeler ou nous appliquer directement! Nos employ\u00e9s sont toujours disponibles pour vous aider.<\/p>\n<p><strong>HEURE DE LIVRAISON :<\/strong>\u00a02 \u00e0 3 jours ouvr\u00e9s.<\/p>","protected":false},"featured_media":20418,"comment_status":"closed","ping_status":"closed","template":"","meta":[],"product_brand":[],"product_cat":[90,1248,874,875,879,1469,1712,881,878,882],"product_tag":[110,111,112,113,114,95,115,116,98,101,105,106,107],"class_list":{"0":"post-8479","1":"product","2":"type-product","3":"status-publish","4":"has-post-thumbnail","6":"product_cat-dames-leren-jassen","7":"product_cat-grote-maten-leren-dames-jassen","8":"product_cat-kort-leren-jasje","9":"product_cat-kort-leren-jasje-dames","10":"product_cat-leren-dames-jassen","11":"product_cat-leren-jas-dames","12":"product_cat-leren-jassen","13":"product_cat-leren-jassen-dames","14":"product_cat-leren-jassen-dames-uitverkoop","15":"product_cat-versano","16":"product_tag-dames-leren-jas-groen","17":"product_tag-goedkope-dames-leren-jas-groen","18":"product_tag-goedkope-leren-dames-jas-groen","19":"product_tag-groene-dames-leren-jas","20":"product_tag-groene-leren-dames-jas","21":"product_tag-korte-leren-jassen","22":"product_tag-leren-dames-jas-groen","23":"product_tag-leren-groene-jas-dames","24":"product_tag-leren-jasje","25":"product_tag-online-leren-jassen","26":"product_tag-versano-leren-jassen","27":"product_tag-winter-leren-jassen","28":"product_tag-zomer-leren-jassen","29":"tm-no-options","31":"first","32":"instock","33":"taxable","34":"shipping-taxable","35":"purchasable","36":"product-type-variable"},"yoast_head":"<!-- This site is optimized with the Yoast SEO plugin v27.2 - https:\/\/yoast.com\/product\/yoast-seo-wordpress\/ -->\n<title>leren dames jasje groen Versano 301, groene leren dames jas<\/title>\n<meta name=\"description\" content=\"Met het leren dames jasje groen Versano 301 mag je echt gezien worden. Deze jas is gemaakt van soepel en zacht 100% lamsleer.\" \/>\n<meta name=\"robots\" content=\"index, follow, max-snippet:-1, max-image-preview:large, max-video-preview:-1\" \/>\n<link rel=\"canonical\" href=\"https:\/\/versano.nl\/fr\/shop\/leren-dames-jasje-basic-groen-versano-301\/\" \/>\n<meta property=\"og:locale\" content=\"fr_FR\" \/>\n<meta property=\"og:type\" content=\"article\" \/>\n<meta property=\"og:title\" content=\"leren dames jasje groen Versano 301, groene leren dames jas\" \/>\n<meta property=\"og:description\" content=\"Met het leren dames jasje groen Versano 301 mag je echt gezien worden. Deze jas is gemaakt van soepel en zacht 100% lamsleer.\" \/>\n<meta property=\"og:url\" content=\"https:\/\/versano.nl\/fr\/shop\/leren-dames-jasje-basic-groen-versano-301\/\" \/>\n<meta property=\"og:site_name\" content=\"Versano\" \/>\n<meta property=\"article:modified_time\" content=\"2024-12-13T12:07:48+00:00\" \/>\n<meta property=\"og:image\" content=\"https:\/\/versano.nl\/wp-content\/uploads\/2018\/04\/groen-leren-jasje-dames-versano-301-model2-1.jpg\" \/>\n\t<meta property=\"og:image:width\" content=\"900\" \/>\n\t<meta property=\"og:image:height\" content=\"1176\" \/>\n\t<meta property=\"og:image:type\" content=\"image\/jpeg\" \/>\n<meta name=\"twitter:card\" content=\"summary_large_image\" \/>\n<meta name=\"twitter:label1\" content=\"Dur\u00e9e de lecture estim\u00e9e\" \/>\n\t<meta name=\"twitter:data1\" content=\"2 minutes\" \/>\n<script type=\"application\/ld+json\" class=\"yoast-schema-graph\">{\"@context\":\"https:\/\/schema.org\",\"@graph\":[{\"@type\":\"WebPage\",\"@id\":\"https:\/\/versano.nl\/shop\/leren-dames-jasje-basic-groen-versano-301\/\",\"url\":\"https:\/\/versano.nl\/shop\/leren-dames-jasje-basic-groen-versano-301\/\",\"name\":\"leren dames jasje groen Versano 301, groene leren dames jas\",\"isPartOf\":{\"@id\":\"https:\/\/versano.nl\/#website\"},\"primaryImageOfPage\":{\"@id\":\"https:\/\/versano.nl\/shop\/leren-dames-jasje-basic-groen-versano-301\/#primaryimage\"},\"image\":{\"@id\":\"https:\/\/versano.nl\/shop\/leren-dames-jasje-basic-groen-versano-301\/#primaryimage\"},\"thumbnailUrl\":\"https:\/\/versano.nl\/wp-content\/uploads\/2018\/04\/groen-leren-jasje-dames-versano-301-model2-1.jpg\",\"datePublished\":\"2018-04-30T19:04:41+00:00\",\"dateModified\":\"2024-12-13T12:07:48+00:00\",\"description\":\"Met het leren dames jasje groen Versano 301 mag je echt gezien worden. Deze jas is gemaakt van soepel en zacht 100% lamsleer.\",\"breadcrumb\":{\"@id\":\"https:\/\/versano.nl\/shop\/leren-dames-jasje-basic-groen-versano-301\/#breadcrumb\"},\"inLanguage\":\"fr-FR\",\"potentialAction\":[{\"@type\":\"ReadAction\",\"target\":[\"https:\/\/versano.nl\/shop\/leren-dames-jasje-basic-groen-versano-301\/\"]}]},{\"@type\":\"ImageObject\",\"inLanguage\":\"fr-FR\",\"@id\":\"https:\/\/versano.nl\/shop\/leren-dames-jasje-basic-groen-versano-301\/#primaryimage\",\"url\":\"https:\/\/versano.nl\/wp-content\/uploads\/2018\/04\/groen-leren-jasje-dames-versano-301-model2-1.jpg\",\"contentUrl\":\"https:\/\/versano.nl\/wp-content\/uploads\/2018\/04\/groen-leren-jasje-dames-versano-301-model2-1.jpg\",\"width\":900,\"height\":1176,\"caption\":\"leren dames jasje groen Versano 301\"},{\"@type\":\"BreadcrumbList\",\"@id\":\"https:\/\/versano.nl\/shop\/leren-dames-jasje-basic-groen-versano-301\/#breadcrumb\",\"itemListElement\":[{\"@type\":\"ListItem\",\"position\":1,\"name\":\"Home\",\"item\":\"https:\/\/versano.nl\/\"},{\"@type\":\"ListItem\",\"position\":2,\"name\":\"Shop\",\"item\":\"https:\/\/versano.nl\/shop\/\"},{\"@type\":\"ListItem\",\"position\":3,\"name\":\"Leren dames jasje groen Versano 301\"}]},{\"@type\":\"WebSite\",\"@id\":\"https:\/\/versano.nl\/#website\",\"url\":\"https:\/\/versano.nl\/\",\"name\":\"Versano\",\"description\":\"winterjassen met bontkraag | leren dames jassen | leren heren jassen\",\"potentialAction\":[{\"@type\":\"SearchAction\",\"target\":{\"@type\":\"EntryPoint\",\"urlTemplate\":\"https:\/\/versano.nl\/?s={search_term_string}\"},\"query-input\":{\"@type\":\"PropertyValueSpecification\",\"valueRequired\":true,\"valueName\":\"search_term_string\"}}],\"inLanguage\":\"fr-FR\"}]}<\/script>\n<!-- \/ Yoast SEO plugin. -->","yoast_head_json":{"title":"veste en cuir femme verte Versano 301, veste en cuir verte femme","description":"Avec la veste en cuir pour femme verte Versano 301, vous pouvez vraiment \u00eatre vu. Cette veste est confectionn\u00e9e en cuir d&#039;agneau 100% souple et doux.","robots":{"index":"index","follow":"follow","max-snippet":"max-snippet:-1","max-image-preview":"max-image-preview:large","max-video-preview":"max-video-preview:-1"},"canonical":"https:\/\/versano.nl\/fr\/shop\/leren-dames-jasje-basic-groen-versano-301\/","og_locale":"fr_FR","og_type":"article","og_title":"leren dames jasje groen Versano 301, groene leren dames jas","og_description":"Met het leren dames jasje groen Versano 301 mag je echt gezien worden. Deze jas is gemaakt van soepel en zacht 100% lamsleer.","og_url":"https:\/\/versano.nl\/fr\/shop\/leren-dames-jasje-basic-groen-versano-301\/","og_site_name":"Versano","article_modified_time":"2024-12-13T12:07:48+00:00","og_image":[{"width":900,"height":1176,"url":"https:\/\/versano.nl\/wp-content\/uploads\/2018\/04\/groen-leren-jasje-dames-versano-301-model2-1.jpg","type":"image\/jpeg"}],"twitter_card":"summary_large_image","twitter_misc":{"Dur\u00e9e de lecture estim\u00e9e":"2 minutes"},"schema":{"@context":"https:\/\/schema.org","@graph":[{"@type":"WebPage","@id":"https:\/\/versano.nl\/shop\/leren-dames-jasje-basic-groen-versano-301\/","url":"https:\/\/versano.nl\/shop\/leren-dames-jasje-basic-groen-versano-301\/","name":"veste en cuir femme verte Versano 301, veste en cuir verte femme","isPartOf":{"@id":"https:\/\/versano.nl\/#website"},"primaryImageOfPage":{"@id":"https:\/\/versano.nl\/shop\/leren-dames-jasje-basic-groen-versano-301\/#primaryimage"},"image":{"@id":"https:\/\/versano.nl\/shop\/leren-dames-jasje-basic-groen-versano-301\/#primaryimage"},"thumbnailUrl":"https:\/\/versano.nl\/wp-content\/uploads\/2018\/04\/groen-leren-jasje-dames-versano-301-model2-1.jpg","datePublished":"2018-04-30T19:04:41+00:00","dateModified":"2024-12-13T12:07:48+00:00","description":"Avec la veste en cuir pour femme verte Versano 301, vous pouvez vraiment \u00eatre vu. Cette veste est confectionn\u00e9e en cuir d&#039;agneau 100% souple et doux.","breadcrumb":{"@id":"https:\/\/versano.nl\/shop\/leren-dames-jasje-basic-groen-versano-301\/#breadcrumb"},"inLanguage":"fr-FR","potentialAction":[{"@type":"ReadAction","target":["https:\/\/versano.nl\/shop\/leren-dames-jasje-basic-groen-versano-301\/"]}]},{"@type":"ImageObject","inLanguage":"fr-FR","@id":"https:\/\/versano.nl\/shop\/leren-dames-jasje-basic-groen-versano-301\/#primaryimage","url":"https:\/\/versano.nl\/wp-content\/uploads\/2018\/04\/groen-leren-jasje-dames-versano-301-model2-1.jpg","contentUrl":"https:\/\/versano.nl\/wp-content\/uploads\/2018\/04\/groen-leren-jasje-dames-versano-301-model2-1.jpg","width":900,"height":1176,"caption":"leren dames jasje groen Versano 301"},{"@type":"BreadcrumbList","@id":"https:\/\/versano.nl\/shop\/leren-dames-jasje-basic-groen-versano-301\/#breadcrumb","itemListElement":[{"@type":"ListItem","position":1,"name":"Home","item":"https:\/\/versano.nl\/"},{"@type":"ListItem","position":2,"name":"Shop","item":"https:\/\/versano.nl\/shop\/"},{"@type":"ListItem","position":3,"name":"Leren dames jasje groen Versano 301"}]},{"@type":"WebSite","@id":"https:\/\/versano.nl\/#website","url":"https:\/\/versano.nl\/","name":"Versano","description":"manteaux d&#039;hiver avec col en fourrure | vestes femme en cuir | vestes en cuir pour hommes","potentialAction":[{"@type":"SearchAction","target":{"@type":"EntryPoint","urlTemplate":"https:\/\/versano.nl\/?s={search_term_string}"},"query-input":{"@type":"PropertyValueSpecification","valueRequired":true,"valueName":"search_term_string"}}],"inLanguage":"fr-FR"}]}},"_links":{"self":[{"href":"https:\/\/versano.nl\/fr\/wp-json\/wp\/v2\/product\/8479","targetHints":{"allow":["GET"]}}],"collection":[{"href":"https:\/\/versano.nl\/fr\/wp-json\/wp\/v2\/product"}],"about":[{"href":"https:\/\/versano.nl\/fr\/wp-json\/wp\/v2\/types\/product"}],"replies":[{"embeddable":true,"href":"https:\/\/versano.nl\/fr\/wp-json\/wp\/v2\/comments?post=8479"}],"wp:featuredmedia":[{"embeddable":true,"href":"https:\/\/versano.nl\/fr\/wp-json\/wp\/v2\/media\/20418"}],"wp:attachment":[{"href":"https:\/\/versano.nl\/fr\/wp-json\/wp\/v2\/media?parent=8479"}],"wp:term":[{"taxonomy":"product_brand","embeddable":true,"href":"https:\/\/versano.nl\/fr\/wp-json\/wp\/v2\/product_brand?post=8479"},{"taxonomy":"product_cat","embeddable":true,"href":"https:\/\/versano.nl\/fr\/wp-json\/wp\/v2\/product_cat?post=8479"},{"taxonomy":"product_tag","embeddable":true,"href":"https:\/\/versano.nl\/fr\/wp-json\/wp\/v2\/product_tag?post=8479"}],"curies":[{"name":"wp","href":"https:\/\/api.w.org\/{rel}","templated":true}]}}