{"id":8397,"date":"2018-04-29T16:09:15","date_gmt":"2018-04-29T16:09:15","guid":{"rendered":"https:\/\/leathershopdoci.nl\/?post_type=product&#038;p=16978"},"modified":"2020-03-27T15:20:06","modified_gmt":"2020-03-27T15:20:06","slug":"zwart-leren-dames-jasje-motor-look-versano-318","status":"publish","type":"product","link":"https:\/\/versano.nl\/fr\/shop\/zwart-leren-dames-jasje-motor-look-versano-318\/","title":{"rendered":"Veste en cuir pour dames en biker noir mod\u00e8le 318"},"content":{"rendered":"<h2>Veste en cuir pour dames en biker noir mod\u00e8le 318<\/h2>\n<p>Cette veste en cuir pour femme en mod\u00e8le biker noir 318 de Versano est une veste soign\u00e9e avec un look biker et tr\u00e8s confortable. Cette veste pour femme en cuir noir a un bon ajustement, et le cuir d&#039;agneau durable a un tr\u00e8s bon lavage et ressemble \u00e0 la variante cuir et simili cuir Miami. La diff\u00e9rence est dans les sacs sup\u00e9rieurs, car \u00e0 Miami, les sacs sont inclin\u00e9s. La veste a deux poches profondes, deux poches zipp\u00e9es sur la poitrine et une poche int\u00e9rieure. Celui-ci\u00a0<strong>Veste en cuir pour femme en mod\u00e8le biker noir<\/strong> 318 a une excellente finition d\u00e9taill\u00e9e et est \u00e9quip\u00e9e italienne. Les couleurs dans lesquelles cette veste en cuir est disponible sont noir et bleu fonc\u00e9.<\/p>\n<p><strong>qualit\u00e9 Versano<\/strong><br \/>\nChez Versano, ils savent comment concevoir une veste de motard cool, ce qui n&#039;est pas le cas. En d&#039;autres termes, cette veste semble parfaite sur le v\u00e9lo, mais aussi si vous sortez par exemple pour une soir\u00e9e ou faire du shopping pour un apr\u00e8s-midi. Cette veste n&#039;est pas seulement disponible en noir et bleu, mais peut \u00e9galement \u00eatre command\u00e9e dans quatre autres belles couleurs. Nous vous recommandons donc de v\u00e9rifier quelle couleur vous convient le mieux avec votre propre style.<\/p>\n<p><a href=\"https:\/\/versano.nl\/\">Versano<\/a><br \/>\nMati\u00e8re: 100% cuir d&#039;agneau<br \/>\nDoublure: 100% polyester<br \/>\nLongueur: court<br \/>\nFit: Am\u00e9nag\u00e9e italien (Runs)<br \/>\nFermeture: fermeture \u00e9clair<br \/>\nPoches: poches avec zip<br \/>\nCol: col montant<br \/>\ncouche externe Mat\u00e9riel: haute qualit\u00e9 et doux en peau d&#039;agneau<br \/>\nTemps: 1-3 jours<\/p>","protected":false},"excerpt":{"rendered":"<p>Leren dames jas in biker model zwart 318 Deze leren dames jas in biker model zwart 318 van Versano is een nette jas met een bikerlook\u00a0en is bijzonder comfortabel. Dit zwarte leren dames jasje heeft een goede pasvorm, en het duurzame lamsleer heeft een bijzonder mooie wassing en lijkt op [&hellip;]<\/p>\n","protected":false},"featured_media":14034,"comment_status":"closed","ping_status":"closed","template":"","meta":[],"product_brand":[],"product_cat":[90,874,875,877,879,880,881,878,882,890],"product_tag":[95,942,98,349,142,101,105,107,943,427,944],"class_list":{"0":"post-8397","1":"product","2":"type-product","3":"status-publish","4":"has-post-thumbnail","6":"product_cat-dames-leren-jassen","7":"product_cat-kort-leren-jasje","8":"product_cat-kort-leren-jasje-dames","9":"product_cat-leren-bikerjacks-dames","10":"product_cat-leren-dames-jassen","11":"product_cat-leren-jasje-dames","12":"product_cat-leren-jassen-dames","13":"product_cat-leren-jassen-dames-uitverkoop","14":"product_cat-versano","15":"product_cat-zwarte-leren-jas-dames","16":"product_tag-korte-leren-jassen","17":"product_tag-leren-dames-jasje-zwart","18":"product_tag-leren-jasje","19":"product_tag-leren-jassen","20":"product_tag-online-dames-leren-jassen","21":"product_tag-online-leren-jassen","22":"product_tag-versano-leren-jassen","23":"product_tag-zomer-leren-jassen","24":"product_tag-zwart-leren-dames-jasje","25":"product_tag-zwarte-leren-dames-jas","26":"product_tag-zwarte-leren-jasje","27":"tm-no-options","29":"first","30":"outofstock","31":"taxable","32":"shipping-taxable","33":"purchasable","34":"product-type-variable"},"yoast_head":"<!-- This site is optimized with the Yoast SEO plugin v27.2 - https:\/\/yoast.com\/product\/yoast-seo-wordpress\/ -->\n<title>Leren dames jas in biker model zwart 318, zwarte leren jas dames<\/title>\n<meta name=\"description\" content=\"Deze leren dames jas in biker model zwart 318 heeft een bikerlook en is bijzonder comfortabel. Het duurzame lamsleer heeft een bijzonder mooie wassing voor een ....\" \/>\n<meta name=\"robots\" content=\"index, follow, max-snippet:-1, max-image-preview:large, max-video-preview:-1\" \/>\n<link rel=\"canonical\" href=\"https:\/\/versano.nl\/fr\/shop\/zwart-leren-dames-jasje-motor-look-versano-318\/\" \/>\n<meta property=\"og:locale\" content=\"fr_FR\" \/>\n<meta property=\"og:type\" content=\"article\" \/>\n<meta property=\"og:title\" content=\"Leren dames jas in biker model zwart 318, zwarte leren jas dames\" \/>\n<meta property=\"og:description\" content=\"Deze leren dames jas in biker model zwart 318 heeft een bikerlook en is bijzonder comfortabel. Het duurzame lamsleer heeft een bijzonder mooie wassing voor een ....\" \/>\n<meta property=\"og:url\" content=\"https:\/\/versano.nl\/fr\/shop\/zwart-leren-dames-jasje-motor-look-versano-318\/\" \/>\n<meta property=\"og:site_name\" content=\"Versano\" \/>\n<meta property=\"article:modified_time\" content=\"2020-03-27T15:20:06+00:00\" \/>\n<meta property=\"og:image\" content=\"https:\/\/versano.nl\/wp-content\/uploads\/2019\/11\/zwart-leren-jasje-dames-versano-318-model2.jpg\" \/>\n\t<meta property=\"og:image:width\" content=\"900\" \/>\n\t<meta property=\"og:image:height\" content=\"1176\" \/>\n\t<meta property=\"og:image:type\" content=\"image\/jpeg\" \/>\n<meta name=\"twitter:card\" content=\"summary_large_image\" \/>\n<meta name=\"twitter:label1\" content=\"Dur\u00e9e de lecture estim\u00e9e\" \/>\n\t<meta name=\"twitter:data1\" content=\"1 minute\" \/>\n<script type=\"application\/ld+json\" class=\"yoast-schema-graph\">{\"@context\":\"https:\/\/schema.org\",\"@graph\":[{\"@type\":\"WebPage\",\"@id\":\"https:\/\/versano.nl\/shop\/zwart-leren-dames-jasje-motor-look-versano-318\/\",\"url\":\"https:\/\/versano.nl\/shop\/zwart-leren-dames-jasje-motor-look-versano-318\/\",\"name\":\"Leren dames jas in biker model zwart 318, zwarte leren jas dames\",\"isPartOf\":{\"@id\":\"https:\/\/versano.nl\/#website\"},\"primaryImageOfPage\":{\"@id\":\"https:\/\/versano.nl\/shop\/zwart-leren-dames-jasje-motor-look-versano-318\/#primaryimage\"},\"image\":{\"@id\":\"https:\/\/versano.nl\/shop\/zwart-leren-dames-jasje-motor-look-versano-318\/#primaryimage\"},\"thumbnailUrl\":\"https:\/\/versano.nl\/wp-content\/uploads\/2019\/11\/zwart-leren-jasje-dames-versano-318-model2.jpg\",\"datePublished\":\"2018-04-29T16:09:15+00:00\",\"dateModified\":\"2020-03-27T15:20:06+00:00\",\"description\":\"Deze leren dames jas in biker model zwart 318 heeft een bikerlook en is bijzonder comfortabel. Het duurzame lamsleer heeft een bijzonder mooie wassing voor een ....\",\"breadcrumb\":{\"@id\":\"https:\/\/versano.nl\/shop\/zwart-leren-dames-jasje-motor-look-versano-318\/#breadcrumb\"},\"inLanguage\":\"fr-FR\",\"potentialAction\":[{\"@type\":\"ReadAction\",\"target\":[\"https:\/\/versano.nl\/shop\/zwart-leren-dames-jasje-motor-look-versano-318\/\"]}]},{\"@type\":\"ImageObject\",\"inLanguage\":\"fr-FR\",\"@id\":\"https:\/\/versano.nl\/shop\/zwart-leren-dames-jasje-motor-look-versano-318\/#primaryimage\",\"url\":\"https:\/\/versano.nl\/wp-content\/uploads\/2019\/11\/zwart-leren-jasje-dames-versano-318-model2.jpg\",\"contentUrl\":\"https:\/\/versano.nl\/wp-content\/uploads\/2019\/11\/zwart-leren-jasje-dames-versano-318-model2.jpg\",\"width\":900,\"height\":1176,\"caption\":\"zwart-leren-jasje-dames-versano-318-model2\"},{\"@type\":\"BreadcrumbList\",\"@id\":\"https:\/\/versano.nl\/shop\/zwart-leren-dames-jasje-motor-look-versano-318\/#breadcrumb\",\"itemListElement\":[{\"@type\":\"ListItem\",\"position\":1,\"name\":\"Home\",\"item\":\"https:\/\/versano.nl\/\"},{\"@type\":\"ListItem\",\"position\":2,\"name\":\"Shop\",\"item\":\"https:\/\/versano.nl\/shop\/\"},{\"@type\":\"ListItem\",\"position\":3,\"name\":\"Leren dames jas in biker model zwart 318\"}]},{\"@type\":\"WebSite\",\"@id\":\"https:\/\/versano.nl\/#website\",\"url\":\"https:\/\/versano.nl\/\",\"name\":\"Versano\",\"description\":\"winterjassen met bontkraag | leren dames jassen | leren heren jassen\",\"potentialAction\":[{\"@type\":\"SearchAction\",\"target\":{\"@type\":\"EntryPoint\",\"urlTemplate\":\"https:\/\/versano.nl\/?s={search_term_string}\"},\"query-input\":{\"@type\":\"PropertyValueSpecification\",\"valueRequired\":true,\"valueName\":\"search_term_string\"}}],\"inLanguage\":\"fr-FR\"}]}<\/script>\n<!-- \/ Yoast SEO plugin. -->","yoast_head_json":{"title":"Veste en cuir pour dames mod\u00e8le biker noir 318, dame en cuir noire pour dames","description":"Cette veste en cuir noir Biker 318 a un look motard et est tr\u00e8s confortable. Le cuir d&#039;agneau r\u00e9sistant a un lavage particuli\u00e8rement agr\u00e9able pour ....","robots":{"index":"index","follow":"follow","max-snippet":"max-snippet:-1","max-image-preview":"max-image-preview:large","max-video-preview":"max-video-preview:-1"},"canonical":"https:\/\/versano.nl\/fr\/shop\/zwart-leren-dames-jasje-motor-look-versano-318\/","og_locale":"fr_FR","og_type":"article","og_title":"Leren dames jas in biker model zwart 318, zwarte leren jas dames","og_description":"Deze leren dames jas in biker model zwart 318 heeft een bikerlook en is bijzonder comfortabel. Het duurzame lamsleer heeft een bijzonder mooie wassing voor een ....","og_url":"https:\/\/versano.nl\/fr\/shop\/zwart-leren-dames-jasje-motor-look-versano-318\/","og_site_name":"Versano","article_modified_time":"2020-03-27T15:20:06+00:00","og_image":[{"width":900,"height":1176,"url":"https:\/\/versano.nl\/wp-content\/uploads\/2019\/11\/zwart-leren-jasje-dames-versano-318-model2.jpg","type":"image\/jpeg"}],"twitter_card":"summary_large_image","twitter_misc":{"Dur\u00e9e de lecture estim\u00e9e":"1 minute"},"schema":{"@context":"https:\/\/schema.org","@graph":[{"@type":"WebPage","@id":"https:\/\/versano.nl\/shop\/zwart-leren-dames-jasje-motor-look-versano-318\/","url":"https:\/\/versano.nl\/shop\/zwart-leren-dames-jasje-motor-look-versano-318\/","name":"Veste en cuir pour dames mod\u00e8le biker noir 318, dame en cuir noire pour dames","isPartOf":{"@id":"https:\/\/versano.nl\/#website"},"primaryImageOfPage":{"@id":"https:\/\/versano.nl\/shop\/zwart-leren-dames-jasje-motor-look-versano-318\/#primaryimage"},"image":{"@id":"https:\/\/versano.nl\/shop\/zwart-leren-dames-jasje-motor-look-versano-318\/#primaryimage"},"thumbnailUrl":"https:\/\/versano.nl\/wp-content\/uploads\/2019\/11\/zwart-leren-jasje-dames-versano-318-model2.jpg","datePublished":"2018-04-29T16:09:15+00:00","dateModified":"2020-03-27T15:20:06+00:00","description":"Cette veste en cuir noir Biker 318 a un look motard et est tr\u00e8s confortable. Le cuir d&#039;agneau r\u00e9sistant a un lavage particuli\u00e8rement agr\u00e9able pour ....","breadcrumb":{"@id":"https:\/\/versano.nl\/shop\/zwart-leren-dames-jasje-motor-look-versano-318\/#breadcrumb"},"inLanguage":"fr-FR","potentialAction":[{"@type":"ReadAction","target":["https:\/\/versano.nl\/shop\/zwart-leren-dames-jasje-motor-look-versano-318\/"]}]},{"@type":"ImageObject","inLanguage":"fr-FR","@id":"https:\/\/versano.nl\/shop\/zwart-leren-dames-jasje-motor-look-versano-318\/#primaryimage","url":"https:\/\/versano.nl\/wp-content\/uploads\/2019\/11\/zwart-leren-jasje-dames-versano-318-model2.jpg","contentUrl":"https:\/\/versano.nl\/wp-content\/uploads\/2019\/11\/zwart-leren-jasje-dames-versano-318-model2.jpg","width":900,"height":1176,"caption":"zwart-leren-jasje-dames-versano-318-model2"},{"@type":"BreadcrumbList","@id":"https:\/\/versano.nl\/shop\/zwart-leren-dames-jasje-motor-look-versano-318\/#breadcrumb","itemListElement":[{"@type":"ListItem","position":1,"name":"Home","item":"https:\/\/versano.nl\/"},{"@type":"ListItem","position":2,"name":"Shop","item":"https:\/\/versano.nl\/shop\/"},{"@type":"ListItem","position":3,"name":"Leren dames jas in biker model zwart 318"}]},{"@type":"WebSite","@id":"https:\/\/versano.nl\/#website","url":"https:\/\/versano.nl\/","name":"Versano","description":"manteaux d&#039;hiver avec col en fourrure | vestes femme en cuir | vestes en cuir pour hommes","potentialAction":[{"@type":"SearchAction","target":{"@type":"EntryPoint","urlTemplate":"https:\/\/versano.nl\/?s={search_term_string}"},"query-input":{"@type":"PropertyValueSpecification","valueRequired":true,"valueName":"search_term_string"}}],"inLanguage":"fr-FR"}]}},"_links":{"self":[{"href":"https:\/\/versano.nl\/fr\/wp-json\/wp\/v2\/product\/8397","targetHints":{"allow":["GET"]}}],"collection":[{"href":"https:\/\/versano.nl\/fr\/wp-json\/wp\/v2\/product"}],"about":[{"href":"https:\/\/versano.nl\/fr\/wp-json\/wp\/v2\/types\/product"}],"replies":[{"embeddable":true,"href":"https:\/\/versano.nl\/fr\/wp-json\/wp\/v2\/comments?post=8397"}],"wp:featuredmedia":[{"embeddable":true,"href":"https:\/\/versano.nl\/fr\/wp-json\/wp\/v2\/media\/14034"}],"wp:attachment":[{"href":"https:\/\/versano.nl\/fr\/wp-json\/wp\/v2\/media?parent=8397"}],"wp:term":[{"taxonomy":"product_brand","embeddable":true,"href":"https:\/\/versano.nl\/fr\/wp-json\/wp\/v2\/product_brand?post=8397"},{"taxonomy":"product_cat","embeddable":true,"href":"https:\/\/versano.nl\/fr\/wp-json\/wp\/v2\/product_cat?post=8397"},{"taxonomy":"product_tag","embeddable":true,"href":"https:\/\/versano.nl\/fr\/wp-json\/wp\/v2\/product_tag?post=8397"}],"curies":[{"name":"wp","href":"https:\/\/api.w.org\/{rel}","templated":true}]}}