{"id":8369,"date":"2015-03-07T13:56:26","date_gmt":"2015-03-07T13:56:26","guid":{"rendered":"http:\/\/leathershopdoci.nl\/shop\/dames-leren-jas-versano-318a-blauw\/"},"modified":"2024-12-13T12:07:18","modified_gmt":"2024-12-13T12:07:18","slug":"dames-leren-jas-blauw-318-versano","status":"publish","type":"product","link":"https:\/\/versano.nl\/fr\/shop\/dames-leren-jas-blauw-318-versano\/","title":{"rendered":"Blouson cuir femme bleu 318 Versano"},"content":{"rendered":"<h2>Blouson cuir femme bleu 318 Versano<\/h2>\n<p>Avouons-le, peu importe o\u00f9 vous portez la Veste en cuir pour femme Bleu 318 Versano, elle vous ira partout ! C&#039;est une veste qui est faite de beau cuir d&#039;agneau souple et doux. Cela signifie que vous obtenez une veste qui s&#039;adapte \u00e0 merveille, qui a l&#039;air parfaite et qui a un tr\u00e8s beau d\u00e9lavage. C&#039;est l&#039;un des mod\u00e8les de base de Versano et en tant que tel aussi l&#039;un de nos succ\u00e8s. Cette veste est disponible en cuir d&#039;agneau r\u00e9sistant, mais si vous pr\u00e9f\u00e9rez ne pas la porter, il existe \u00e9galement diff\u00e9rents mod\u00e8les disponibles en simili cuir. Il s&#039;agit d&#039;une veste en cuir dans laquelle vous voulez vraiment \u00eatre vu, mais pour laquelle vous ne voulez pas payer le prix fort. Versano fabrique des vestes en cuir d&#039;agneau tr\u00e8s abordables. De plus, une attention particuli\u00e8re est port\u00e9e aux d\u00e9tails et \u00e0 la finition.<\/p>\n<h2>Commandez Miami en bleu<\/h2>\n<p>Chez Versano, ils savent comment concevoir une veste de motard cool, ce qui n&#039;est pas trop non plus. En d&#039;autres termes, cette veste est parfaite sur la moto, mais aussi si vous sortez pour une soir\u00e9e ou faites du shopping pour un apr\u00e8s-midi. Nous vous recommandons donc de simplement jeter un \u0153il \u00e0 la couleur qui, selon vous, convient le mieux \u00e0 votre propre style. Cette veste a \u00e9t\u00e9 enti\u00e8rement fabriqu\u00e9e \u00e0 l&#039;italienne par les designers de Versano et s&#039;adapte donc tr\u00e8s bien \u00e0 la taille. Si vous commandez cette veste chez nous, vous recevrez une veste qui restera belle toute une vie. La couleur est facile \u00e0 combiner et se marie avec presque toutes vos tenues. Son design italien garantit que la veste est bien ajust\u00e9e et reste confortable \u00e0 porter.<\/p>\n<p>marque:\u00a0<a href=\"https:\/\/versano.nl\/\" target=\"_blank\" rel=\"noopener noreferrer\">Versano<\/a><br \/>\nMati\u00e8re: 100% cuir d&#039;agneau<br \/>\nDoublure: 100% polyester<br \/>\nLongueur: court<br \/>\nCoupe: bien ajust\u00e9e<br \/>\nFermeture: fermeture \u00e9clair<br \/>\nPoches: poches avec zip<br \/>\nCol: col montant<br \/>\ncouche externe Mat\u00e9riel: haute qualit\u00e9 et doux en peau d&#039;agneau<br \/>\nD\u00e9lai de livraison: 2-3 jours ouvrables<\/p>","protected":false},"excerpt":{"rendered":"<p><span style=\"color: #ff0000;\">Conseils d&#039;ajustement:<\/span>\u00a0La coupe de cette veste est bien ajust\u00e9e. Notre mannequin mesure 1,68 cm et porte une taille S.<\/p>\n<p>Si vous n&#039;\u00eates pas s\u00fbr de vos mesures, nous vous recommandons de commencer par mesurer vos mesures de taille et de les comparer avec notre tableau des tailles. Si vous n&#039;avez aucune exp\u00e9rience dans la mesure des tailles de circonf\u00e9rence, cliquez sur\u00a0<a href=\"https:\/\/www.youtube.com\/watch?v=3ZSfY87v6pM\"><em>ICI<\/em>\u00a0<\/a>\u00a0\u00e0<span style=\"color: #ff0000;\">\u00a0<a style=\"color: #ff0000;\" href=\"https:\/\/www.youtube.com\/watch?v=3ZSfY87v6pM\"><em>VIDEO<\/em><\/a>\u00a0<\/span>\u00a0avec des instructions. Vous pouvez \u00e9galement nous appeler ou nous appliquer directement! Nos employ\u00e9s sont toujours disponibles pour vous aider.<\/p>\n<p><strong>HEURE DE LIVRAISON :<\/strong>\u00a02 \u00e0 3 jours ouvr\u00e9s.<\/p>","protected":false},"featured_media":20676,"comment_status":"closed","ping_status":"closed","template":"","meta":[],"product_brand":[],"product_cat":[1472,90,874,875,877,1470,879,1469,880,1712,881,878,882],"product_tag":[391,1594,1593,1592,1595,1561,992,1557,1591,95,413,98,349,142,101,105,106,107],"class_list":{"0":"post-8369","1":"product","2":"type-product","3":"status-publish","4":"has-post-thumbnail","6":"product_cat-biker-jas-dames","7":"product_cat-dames-leren-jassen","8":"product_cat-kort-leren-jasje","9":"product_cat-kort-leren-jasje-dames","10":"product_cat-leren-bikerjacks-dames","11":"product_cat-leren-dames-jas","12":"product_cat-leren-dames-jassen","13":"product_cat-leren-jas-dames","14":"product_cat-leren-jasje-dames","15":"product_cat-leren-jassen","16":"product_cat-leren-jassen-dames","17":"product_cat-leren-jassen-dames-uitverkoop","18":"product_cat-versano","19":"product_tag-blauw","20":"product_tag-dames-bikerjas-leer","21":"product_tag-dames-bikerjassen-blauw","22":"product_tag-dames-bikerlook-jassen","23":"product_tag-dames-blauwe-bikerjas","24":"product_tag-dames-leren-jas-bikerlook","25":"product_tag-dames-leren-jas-blauw","26":"product_tag-dames-leren-jassen-sale","27":"product_tag-dames-leren-jassen-uitverkoop","28":"product_tag-korte-leren-jassen","29":"product_tag-leren-jas-blauw","30":"product_tag-leren-jasje","31":"product_tag-leren-jassen","32":"product_tag-online-dames-leren-jassen","33":"product_tag-online-leren-jassen","34":"product_tag-versano-leren-jassen","35":"product_tag-winter-leren-jassen","36":"product_tag-zomer-leren-jassen","37":"tm-no-options","39":"first","40":"instock","41":"taxable","42":"shipping-taxable","43":"purchasable","44":"product-type-variable"},"yoast_head":"<!-- This site is optimized with the Yoast SEO plugin v27.2 - https:\/\/yoast.com\/product\/yoast-seo-wordpress\/ -->\n<title>Dames leren jas blauw 318 Versano, leren dames jasje blauw<\/title>\n<meta name=\"description\" content=\"Deze Dames leren jas blauw 318 Versano heeft een bikerlook en is bijzonder comfortabel. Het duurzame lamsleer heeft een bijzonder mooie wassing.\" \/>\n<meta name=\"robots\" content=\"index, follow, max-snippet:-1, max-image-preview:large, max-video-preview:-1\" \/>\n<link rel=\"canonical\" href=\"https:\/\/versano.nl\/fr\/shop\/dames-leren-jas-blauw-318-versano\/\" \/>\n<meta property=\"og:locale\" content=\"fr_FR\" \/>\n<meta property=\"og:type\" content=\"article\" \/>\n<meta property=\"og:title\" content=\"Dames leren jas blauw 318 Versano, leren dames jasje blauw\" \/>\n<meta property=\"og:description\" content=\"Deze Dames leren jas blauw 318 Versano heeft een bikerlook en is bijzonder comfortabel. Het duurzame lamsleer heeft een bijzonder mooie wassing.\" \/>\n<meta property=\"og:url\" content=\"https:\/\/versano.nl\/fr\/shop\/dames-leren-jas-blauw-318-versano\/\" \/>\n<meta property=\"og:site_name\" content=\"Versano\" \/>\n<meta property=\"article:modified_time\" content=\"2024-12-13T12:07:18+00:00\" \/>\n<meta property=\"og:image\" content=\"https:\/\/versano.nl\/wp-content\/uploads\/2015\/03\/donkerblauwe-leren-jasje-dames-versano-318-model2.jpg\" \/>\n\t<meta property=\"og:image:width\" content=\"900\" \/>\n\t<meta property=\"og:image:height\" content=\"1176\" \/>\n\t<meta property=\"og:image:type\" content=\"image\/jpeg\" \/>\n<meta name=\"twitter:card\" content=\"summary_large_image\" \/>\n<meta name=\"twitter:label1\" content=\"Dur\u00e9e de lecture estim\u00e9e\" \/>\n\t<meta name=\"twitter:data1\" content=\"2 minutes\" \/>\n<script type=\"application\/ld+json\" class=\"yoast-schema-graph\">{\"@context\":\"https:\/\/schema.org\",\"@graph\":[{\"@type\":\"WebPage\",\"@id\":\"https:\/\/versano.nl\/shop\/dames-leren-jas-blauw-318-versano\/\",\"url\":\"https:\/\/versano.nl\/shop\/dames-leren-jas-blauw-318-versano\/\",\"name\":\"Dames leren jas blauw 318 Versano, leren dames jasje blauw\",\"isPartOf\":{\"@id\":\"https:\/\/versano.nl\/#website\"},\"primaryImageOfPage\":{\"@id\":\"https:\/\/versano.nl\/shop\/dames-leren-jas-blauw-318-versano\/#primaryimage\"},\"image\":{\"@id\":\"https:\/\/versano.nl\/shop\/dames-leren-jas-blauw-318-versano\/#primaryimage\"},\"thumbnailUrl\":\"https:\/\/versano.nl\/wp-content\/uploads\/2015\/03\/donkerblauwe-leren-jasje-dames-versano-318-model2.jpg\",\"datePublished\":\"2015-03-07T13:56:26+00:00\",\"dateModified\":\"2024-12-13T12:07:18+00:00\",\"description\":\"Deze Dames leren jas blauw 318 Versano heeft een bikerlook en is bijzonder comfortabel. Het duurzame lamsleer heeft een bijzonder mooie wassing.\",\"breadcrumb\":{\"@id\":\"https:\/\/versano.nl\/shop\/dames-leren-jas-blauw-318-versano\/#breadcrumb\"},\"inLanguage\":\"fr-FR\",\"potentialAction\":[{\"@type\":\"ReadAction\",\"target\":[\"https:\/\/versano.nl\/shop\/dames-leren-jas-blauw-318-versano\/\"]}]},{\"@type\":\"ImageObject\",\"inLanguage\":\"fr-FR\",\"@id\":\"https:\/\/versano.nl\/shop\/dames-leren-jas-blauw-318-versano\/#primaryimage\",\"url\":\"https:\/\/versano.nl\/wp-content\/uploads\/2015\/03\/donkerblauwe-leren-jasje-dames-versano-318-model2.jpg\",\"contentUrl\":\"https:\/\/versano.nl\/wp-content\/uploads\/2015\/03\/donkerblauwe-leren-jasje-dames-versano-318-model2.jpg\",\"width\":900,\"height\":1176,\"caption\":\"donkerblauwe-leren-jasje-dames-versano-318\"},{\"@type\":\"BreadcrumbList\",\"@id\":\"https:\/\/versano.nl\/shop\/dames-leren-jas-blauw-318-versano\/#breadcrumb\",\"itemListElement\":[{\"@type\":\"ListItem\",\"position\":1,\"name\":\"Home\",\"item\":\"https:\/\/versano.nl\/\"},{\"@type\":\"ListItem\",\"position\":2,\"name\":\"Shop\",\"item\":\"https:\/\/versano.nl\/shop\/\"},{\"@type\":\"ListItem\",\"position\":3,\"name\":\"Dames leren jas blauw 318 Versano\"}]},{\"@type\":\"WebSite\",\"@id\":\"https:\/\/versano.nl\/#website\",\"url\":\"https:\/\/versano.nl\/\",\"name\":\"Versano\",\"description\":\"winterjassen met bontkraag | leren dames jassen | leren heren jassen\",\"potentialAction\":[{\"@type\":\"SearchAction\",\"target\":{\"@type\":\"EntryPoint\",\"urlTemplate\":\"https:\/\/versano.nl\/?s={search_term_string}\"},\"query-input\":{\"@type\":\"PropertyValueSpecification\",\"valueRequired\":true,\"valueName\":\"search_term_string\"}}],\"inLanguage\":\"fr-FR\"}]}<\/script>\n<!-- \/ Yoast SEO plugin. -->","yoast_head_json":{"title":"Veste en cuir femme bleu 318 Versano, veste en cuir femme bleu","description":"Ce blouson en cuir pour femme bleu 318 Versano a un look motard et est tr\u00e8s confortable. Le cuir d&#039;agneau durable a un lavage particuli\u00e8rement beau.","robots":{"index":"index","follow":"follow","max-snippet":"max-snippet:-1","max-image-preview":"max-image-preview:large","max-video-preview":"max-video-preview:-1"},"canonical":"https:\/\/versano.nl\/fr\/shop\/dames-leren-jas-blauw-318-versano\/","og_locale":"fr_FR","og_type":"article","og_title":"Dames leren jas blauw 318 Versano, leren dames jasje blauw","og_description":"Deze Dames leren jas blauw 318 Versano heeft een bikerlook en is bijzonder comfortabel. Het duurzame lamsleer heeft een bijzonder mooie wassing.","og_url":"https:\/\/versano.nl\/fr\/shop\/dames-leren-jas-blauw-318-versano\/","og_site_name":"Versano","article_modified_time":"2024-12-13T12:07:18+00:00","og_image":[{"width":900,"height":1176,"url":"https:\/\/versano.nl\/wp-content\/uploads\/2015\/03\/donkerblauwe-leren-jasje-dames-versano-318-model2.jpg","type":"image\/jpeg"}],"twitter_card":"summary_large_image","twitter_misc":{"Dur\u00e9e de lecture estim\u00e9e":"2 minutes"},"schema":{"@context":"https:\/\/schema.org","@graph":[{"@type":"WebPage","@id":"https:\/\/versano.nl\/shop\/dames-leren-jas-blauw-318-versano\/","url":"https:\/\/versano.nl\/shop\/dames-leren-jas-blauw-318-versano\/","name":"Veste en cuir femme bleu 318 Versano, veste en cuir femme bleu","isPartOf":{"@id":"https:\/\/versano.nl\/#website"},"primaryImageOfPage":{"@id":"https:\/\/versano.nl\/shop\/dames-leren-jas-blauw-318-versano\/#primaryimage"},"image":{"@id":"https:\/\/versano.nl\/shop\/dames-leren-jas-blauw-318-versano\/#primaryimage"},"thumbnailUrl":"https:\/\/versano.nl\/wp-content\/uploads\/2015\/03\/donkerblauwe-leren-jasje-dames-versano-318-model2.jpg","datePublished":"2015-03-07T13:56:26+00:00","dateModified":"2024-12-13T12:07:18+00:00","description":"Ce blouson en cuir pour femme bleu 318 Versano a un look motard et est tr\u00e8s confortable. Le cuir d&#039;agneau durable a un lavage particuli\u00e8rement beau.","breadcrumb":{"@id":"https:\/\/versano.nl\/shop\/dames-leren-jas-blauw-318-versano\/#breadcrumb"},"inLanguage":"fr-FR","potentialAction":[{"@type":"ReadAction","target":["https:\/\/versano.nl\/shop\/dames-leren-jas-blauw-318-versano\/"]}]},{"@type":"ImageObject","inLanguage":"fr-FR","@id":"https:\/\/versano.nl\/shop\/dames-leren-jas-blauw-318-versano\/#primaryimage","url":"https:\/\/versano.nl\/wp-content\/uploads\/2015\/03\/donkerblauwe-leren-jasje-dames-versano-318-model2.jpg","contentUrl":"https:\/\/versano.nl\/wp-content\/uploads\/2015\/03\/donkerblauwe-leren-jasje-dames-versano-318-model2.jpg","width":900,"height":1176,"caption":"donkerblauwe-leren-jasje-dames-versano-318"},{"@type":"BreadcrumbList","@id":"https:\/\/versano.nl\/shop\/dames-leren-jas-blauw-318-versano\/#breadcrumb","itemListElement":[{"@type":"ListItem","position":1,"name":"Home","item":"https:\/\/versano.nl\/"},{"@type":"ListItem","position":2,"name":"Shop","item":"https:\/\/versano.nl\/shop\/"},{"@type":"ListItem","position":3,"name":"Dames leren jas blauw 318 Versano"}]},{"@type":"WebSite","@id":"https:\/\/versano.nl\/#website","url":"https:\/\/versano.nl\/","name":"Versano","description":"manteaux d&#039;hiver avec col en fourrure | vestes femme en cuir | vestes en cuir pour hommes","potentialAction":[{"@type":"SearchAction","target":{"@type":"EntryPoint","urlTemplate":"https:\/\/versano.nl\/?s={search_term_string}"},"query-input":{"@type":"PropertyValueSpecification","valueRequired":true,"valueName":"search_term_string"}}],"inLanguage":"fr-FR"}]}},"_links":{"self":[{"href":"https:\/\/versano.nl\/fr\/wp-json\/wp\/v2\/product\/8369","targetHints":{"allow":["GET"]}}],"collection":[{"href":"https:\/\/versano.nl\/fr\/wp-json\/wp\/v2\/product"}],"about":[{"href":"https:\/\/versano.nl\/fr\/wp-json\/wp\/v2\/types\/product"}],"replies":[{"embeddable":true,"href":"https:\/\/versano.nl\/fr\/wp-json\/wp\/v2\/comments?post=8369"}],"wp:featuredmedia":[{"embeddable":true,"href":"https:\/\/versano.nl\/fr\/wp-json\/wp\/v2\/media\/20676"}],"wp:attachment":[{"href":"https:\/\/versano.nl\/fr\/wp-json\/wp\/v2\/media?parent=8369"}],"wp:term":[{"taxonomy":"product_brand","embeddable":true,"href":"https:\/\/versano.nl\/fr\/wp-json\/wp\/v2\/product_brand?post=8369"},{"taxonomy":"product_cat","embeddable":true,"href":"https:\/\/versano.nl\/fr\/wp-json\/wp\/v2\/product_cat?post=8369"},{"taxonomy":"product_tag","embeddable":true,"href":"https:\/\/versano.nl\/fr\/wp-json\/wp\/v2\/product_tag?post=8369"}],"curies":[{"name":"wp","href":"https:\/\/api.w.org\/{rel}","templated":true}]}}