{"id":8177,"date":"2018-04-27T16:55:16","date_gmt":"2018-04-27T16:55:16","guid":{"rendered":"https:\/\/leathershopdoci.nl\/?post_type=product&#038;p=16879"},"modified":"2025-03-27T19:10:44","modified_gmt":"2025-03-27T19:10:44","slug":"bikerjack-heren-blauw-in-lamsleer-versano-tr-46","status":"publish","type":"product","link":"https:\/\/versano.nl\/fr\/shop\/bikerjack-heren-blauw-in-lamsleer-versano-tr-46\/","title":{"rendered":"Veste de motard hommes bleu TR46 Versano"},"content":{"rendered":"<h2>Blouson motard homme bleu TR46<\/h2>\n<p>Les vestes de motard sont un \u00e9l\u00e9ment indispensable de la sc\u00e8ne de rue et sont intemporelles. Cette veste de motard pour hommes bleu TR46 Versano est un nouveau mod\u00e8le dans la collection cool de vestes en cuir pour hommes de Versano. On a affaire ici \u00e0 une veste qui a l&#039;air cool, mais qui vous ira aussi tr\u00e8s confortablement. Cette veste a une partie \u00e9lastique \u00e0 la taille, de sorte que la veste peut \u00e9galement avoir une livre de plus. La veste a deux poches lat\u00e9rales spacieuses avec fermeture \u00e9clair, avec une poche int\u00e9rieure. Il y a aussi deux poches poitrine sur cette veste, que vous pouvez \u00e9galement fermer avec une fermeture \u00e9clair. La coupe de cette veste est ajust\u00e9e et s&#039;adaptera donc parfaitement \u00e0 votre corps. Il s&#039;agit d&#039;une belle veste ajust\u00e9e qui est compl\u00e8tement de style italien. En d&#039;autres termes, avec la veste de motard pour hommes bleu TR46, vous n&#039;avez pas \u00e0 vous soucier de l&#039;apparence du brevet. Vous pouvez facilement commander ce mod\u00e8le sur notre site en diff\u00e9rentes couleurs.<\/p>\n<h2>Commandez le mod\u00e8le TR46 en bleu<\/h2>\n<p>Le Blouson Biker homme bleu TR46 est disponible dans les coloris noir, bleu, et cognac.De plus, nous avons \u00e9galement r\u00e9alis\u00e9 quelques coloris en simili cuir. Nous vous recommandons donc de simplement jeter un \u0153il \u00e0 la couleur qui, selon vous, convient le mieux \u00e0 votre propre style. Avec nous, vous pouvez facilement choisir la bonne taille en fonction de nos vid\u00e9os d&#039;instructions intelligentes. Vous avez des questions ou vous ne savez pas quelle taille commander ? Ensuite, vous pouvez toujours nous contacter par mail ou WhatsApp. Nos employ\u00e9s aimeraient vous aider!<\/p>\n<p>marque:\u00a0<a href=\"https:\/\/versano.nl\/\">Versano<\/a><br \/>\nMati\u00e8re: 100% cuir d&#039;agneau<br \/>\nDoublure: 100% polyester<br \/>\nLongueur: court<br \/>\nCoupe : coupe ajust\u00e9e<br \/>\nFermeture: fermeture \u00e9clair<br \/>\nPoches: poches avec zip<br \/>\nCol: col montant<br \/>\nMat\u00e9riau couche ext\u00e9rieure: Tr\u00e8s haute qualit\u00e9 et doux en peau d&#039;agneau<br \/>\nD\u00e9lai de livraison: 2-3 jours ouvrables<\/p>","protected":false},"excerpt":{"rendered":"<p>CHOISISSEZ UNE AUTRE COULEUR ICI<\/p>\n<p><a href=\"https:\/\/versano.nl\/shop\/bikerjack-heren-cognac-in-lamsleer-versano-tr-46\/\"><img loading=\"lazy\" decoding=\"async\" class=\"alignnone size-full wp-image-19899\" src=\"https:\/\/versano.nl\/wp-content\/uploads\/sites\/2\/2018\/04\/heren-leren-jas-zwart-cognac-TR46-thumb.jpg\" alt=\"\" width=\"57\" height=\"75\" \/><\/a><a href=\"https:\/\/versano.nl\/shop\/bikerjack-heren-zwart-in-lamsleer-versano-tr-46\/\"><img loading=\"lazy\" decoding=\"async\" class=\"alignnone size-full wp-image-19900\" src=\"https:\/\/versano.nl\/wp-content\/uploads\/sites\/2\/2018\/04\/leren-jas-heren-zwart-versano-TR46-thumb.jpg\" alt=\"\" width=\"57\" height=\"75\" \/><\/a><\/p>\n<p><span style=\"color: #ff0000;\">Conseils d&#039;ajustement<\/span> : La coupe de cette veste est ajust\u00e9e. Notre mannequin mesure 1,75 cm et porte une taille M.<\/p>\n<p>Si vous n&#039;\u00eates pas s\u00fbr de vos mesures, nous vous recommandons de commencer par mesurer vos mesures de taille et de les comparer avec notre tableau des tailles. Si vous n&#039;avez aucune exp\u00e9rience dans la mesure des tailles de circonf\u00e9rence, cliquez sur\u00a0<a href=\"https:\/\/www.youtube.com\/watch?v=3ZSfY87v6pM\"><em>ICI<\/em>\u00a0<\/a>\u00a0\u00e0\u00a0<span style=\"color: #ff0000;\"><a style=\"color: #ff0000;\" href=\"https:\/\/www.youtube.com\/watch?v=3ZSfY87v6pM\"><em>VIDEO<\/em><\/a>\u00a0<\/span> avec des instructions. Vous pouvez \u00e9galement nous appeler ou nous appliquer directement! Nos employ\u00e9s sont toujours disponibles pour vous aider.<\/p>\n<p><strong>HEURE DE LIVRAISON :<\/strong>\u00a02 \u00e0 3 jours ouvr\u00e9s.<\/p>","protected":false},"featured_media":20752,"comment_status":"open","ping_status":"closed","template":"","meta":[],"product_brand":[],"product_cat":[1672,146,1670,147,907,912,1671,908,1669,1712,913,910,882],"product_tag":[609,1730,1729,1728,300,930,302,931,932,649,590,413,921],"class_list":{"0":"post-8177","1":"product","2":"type-product","3":"status-publish","4":"has-post-thumbnail","6":"product_cat-biker-jas-heren","7":"product_cat-heren","8":"product_cat-heren-leren-jas","9":"product_cat-heren-leren-jassen","10":"product_cat-kort-leren-jasje-heren","11":"product_cat-leren-bikerjacks-heren","12":"product_cat-leren-heren-jas","13":"product_cat-leren-heren-jassen","14":"product_cat-leren-jas-heren","15":"product_cat-leren-jassen","16":"product_cat-leren-jassen-heren-uitverkoop","17":"product_cat-leren-jassen-heren","18":"product_cat-versano","19":"product_tag-biker-jas-blauw","20":"product_tag-biker-jas-heren-merk","21":"product_tag-biker-jas-heren-sale","22":"product_tag-biker-jas-heren-uitverkoop","23":"product_tag-bikerjack-heren","24":"product_tag-blauwe-heren-bikerjack","25":"product_tag-heren-bikerjack-blauw","26":"product_tag-heren-bikerjas","27":"product_tag-leren-bikerjack-heren","28":"product_tag-leren-heren-bikerjack","29":"product_tag-leren-heren-jas-blauw","30":"product_tag-leren-jas-blauw","31":"product_tag-leren-jasje-heren","32":"tm-no-options","34":"first","35":"instock","36":"sale","37":"taxable","38":"shipping-taxable","39":"purchasable","40":"product-type-variable","41":"has-default-attributes"},"yoast_head":"<!-- This site is optimized with the Yoast SEO plugin v27.2 - https:\/\/yoast.com\/product\/yoast-seo-wordpress\/ -->\n<title>Biker jas heren blauw Versano , bikerjacks heren versano<\/title>\n<meta name=\"description\" content=\"Bent u op zoek naar een Biker jas heren blauw Versano TR 46? Bij versano zit u goed, want hier treft u een ruime keuze lederen\" \/>\n<meta name=\"robots\" content=\"index, follow, max-snippet:-1, max-image-preview:large, max-video-preview:-1\" \/>\n<link rel=\"canonical\" href=\"https:\/\/versano.nl\/fr\/shop\/bikerjack-heren-blauw-in-lamsleer-versano-tr-46\/\" \/>\n<meta property=\"og:locale\" content=\"fr_FR\" \/>\n<meta property=\"og:type\" content=\"article\" \/>\n<meta property=\"og:title\" content=\"Biker jas heren blauw Versano , bikerjacks heren versano\" \/>\n<meta property=\"og:description\" content=\"Bent u op zoek naar een Biker jas heren blauw Versano TR 46? Bij versano zit u goed, want hier treft u een ruime keuze lederen\" \/>\n<meta property=\"og:url\" content=\"https:\/\/versano.nl\/fr\/shop\/bikerjack-heren-blauw-in-lamsleer-versano-tr-46\/\" \/>\n<meta property=\"og:site_name\" content=\"Versano\" \/>\n<meta property=\"article:modified_time\" content=\"2025-03-27T19:10:44+00:00\" \/>\n<meta property=\"og:image\" content=\"https:\/\/versano.nl\/wp-content\/uploads\/2021\/03\/heren-leren-jas-blauw-TR46-model3.jpg\" \/>\n\t<meta property=\"og:image:width\" content=\"900\" \/>\n\t<meta property=\"og:image:height\" content=\"1176\" \/>\n\t<meta property=\"og:image:type\" content=\"image\/jpeg\" \/>\n<meta name=\"twitter:card\" content=\"summary_large_image\" \/>\n<meta name=\"twitter:label1\" content=\"Dur\u00e9e de lecture estim\u00e9e\" \/>\n\t<meta name=\"twitter:data1\" content=\"2 minutes\" \/>\n<script type=\"application\/ld+json\" class=\"yoast-schema-graph\">{\"@context\":\"https:\/\/schema.org\",\"@graph\":[{\"@type\":\"WebPage\",\"@id\":\"https:\/\/versano.nl\/shop\/bikerjack-heren-blauw-in-lamsleer-versano-tr-46\/\",\"url\":\"https:\/\/versano.nl\/shop\/bikerjack-heren-blauw-in-lamsleer-versano-tr-46\/\",\"name\":\"Biker jas heren blauw Versano , bikerjacks heren versano\",\"isPartOf\":{\"@id\":\"https:\/\/versano.nl\/#website\"},\"primaryImageOfPage\":{\"@id\":\"https:\/\/versano.nl\/shop\/bikerjack-heren-blauw-in-lamsleer-versano-tr-46\/#primaryimage\"},\"image\":{\"@id\":\"https:\/\/versano.nl\/shop\/bikerjack-heren-blauw-in-lamsleer-versano-tr-46\/#primaryimage\"},\"thumbnailUrl\":\"https:\/\/versano.nl\/wp-content\/uploads\/2021\/03\/heren-leren-jas-blauw-TR46-model3.jpg\",\"datePublished\":\"2018-04-27T16:55:16+00:00\",\"dateModified\":\"2025-03-27T19:10:44+00:00\",\"description\":\"Bent u op zoek naar een Biker jas heren blauw Versano TR 46? Bij versano zit u goed, want hier treft u een ruime keuze lederen\",\"breadcrumb\":{\"@id\":\"https:\/\/versano.nl\/shop\/bikerjack-heren-blauw-in-lamsleer-versano-tr-46\/#breadcrumb\"},\"inLanguage\":\"fr-FR\",\"potentialAction\":[{\"@type\":\"ReadAction\",\"target\":[\"https:\/\/versano.nl\/shop\/bikerjack-heren-blauw-in-lamsleer-versano-tr-46\/\"]}]},{\"@type\":\"ImageObject\",\"inLanguage\":\"fr-FR\",\"@id\":\"https:\/\/versano.nl\/shop\/bikerjack-heren-blauw-in-lamsleer-versano-tr-46\/#primaryimage\",\"url\":\"https:\/\/versano.nl\/wp-content\/uploads\/2021\/03\/heren-leren-jas-blauw-TR46-model3.jpg\",\"contentUrl\":\"https:\/\/versano.nl\/wp-content\/uploads\/2021\/03\/heren-leren-jas-blauw-TR46-model3.jpg\",\"width\":900,\"height\":1176,\"caption\":\"Biker jas heren blauw TR46 Versano\"},{\"@type\":\"BreadcrumbList\",\"@id\":\"https:\/\/versano.nl\/shop\/bikerjack-heren-blauw-in-lamsleer-versano-tr-46\/#breadcrumb\",\"itemListElement\":[{\"@type\":\"ListItem\",\"position\":1,\"name\":\"Home\",\"item\":\"https:\/\/versano.nl\/\"},{\"@type\":\"ListItem\",\"position\":2,\"name\":\"Shop\",\"item\":\"https:\/\/versano.nl\/shop\/\"},{\"@type\":\"ListItem\",\"position\":3,\"name\":\"Biker jas heren blauw TR46 Versano\"}]},{\"@type\":\"WebSite\",\"@id\":\"https:\/\/versano.nl\/#website\",\"url\":\"https:\/\/versano.nl\/\",\"name\":\"Versano\",\"description\":\"winterjassen met bontkraag | leren dames jassen | leren heren jassen\",\"potentialAction\":[{\"@type\":\"SearchAction\",\"target\":{\"@type\":\"EntryPoint\",\"urlTemplate\":\"https:\/\/versano.nl\/?s={search_term_string}\"},\"query-input\":{\"@type\":\"PropertyValueSpecification\",\"valueRequired\":true,\"valueName\":\"search_term_string\"}}],\"inLanguage\":\"fr-FR\"}]}<\/script>\n<!-- \/ Yoast SEO plugin. -->","yoast_head_json":{"title":"Veste motard homme bleu Versano, veste motard homme versano","description":"Vous \u00eates \u00e0 la recherche d&#039;un Blouson Biker homme bleu Versano TR 46 ? Versano est le bon endroit pour vous, car ici vous trouverez un large choix de cuir","robots":{"index":"index","follow":"follow","max-snippet":"max-snippet:-1","max-image-preview":"max-image-preview:large","max-video-preview":"max-video-preview:-1"},"canonical":"https:\/\/versano.nl\/fr\/shop\/bikerjack-heren-blauw-in-lamsleer-versano-tr-46\/","og_locale":"fr_FR","og_type":"article","og_title":"Biker jas heren blauw Versano , bikerjacks heren versano","og_description":"Bent u op zoek naar een Biker jas heren blauw Versano TR 46? Bij versano zit u goed, want hier treft u een ruime keuze lederen","og_url":"https:\/\/versano.nl\/fr\/shop\/bikerjack-heren-blauw-in-lamsleer-versano-tr-46\/","og_site_name":"Versano","article_modified_time":"2025-03-27T19:10:44+00:00","og_image":[{"width":900,"height":1176,"url":"https:\/\/versano.nl\/wp-content\/uploads\/2021\/03\/heren-leren-jas-blauw-TR46-model3.jpg","type":"image\/jpeg"}],"twitter_card":"summary_large_image","twitter_misc":{"Dur\u00e9e de lecture estim\u00e9e":"2 minutes"},"schema":{"@context":"https:\/\/schema.org","@graph":[{"@type":"WebPage","@id":"https:\/\/versano.nl\/shop\/bikerjack-heren-blauw-in-lamsleer-versano-tr-46\/","url":"https:\/\/versano.nl\/shop\/bikerjack-heren-blauw-in-lamsleer-versano-tr-46\/","name":"Veste motard homme bleu Versano, veste motard homme versano","isPartOf":{"@id":"https:\/\/versano.nl\/#website"},"primaryImageOfPage":{"@id":"https:\/\/versano.nl\/shop\/bikerjack-heren-blauw-in-lamsleer-versano-tr-46\/#primaryimage"},"image":{"@id":"https:\/\/versano.nl\/shop\/bikerjack-heren-blauw-in-lamsleer-versano-tr-46\/#primaryimage"},"thumbnailUrl":"https:\/\/versano.nl\/wp-content\/uploads\/2021\/03\/heren-leren-jas-blauw-TR46-model3.jpg","datePublished":"2018-04-27T16:55:16+00:00","dateModified":"2025-03-27T19:10:44+00:00","description":"Vous \u00eates \u00e0 la recherche d&#039;un Blouson Biker homme bleu Versano TR 46 ? Versano est le bon endroit pour vous, car ici vous trouverez un large choix de cuir","breadcrumb":{"@id":"https:\/\/versano.nl\/shop\/bikerjack-heren-blauw-in-lamsleer-versano-tr-46\/#breadcrumb"},"inLanguage":"fr-FR","potentialAction":[{"@type":"ReadAction","target":["https:\/\/versano.nl\/shop\/bikerjack-heren-blauw-in-lamsleer-versano-tr-46\/"]}]},{"@type":"ImageObject","inLanguage":"fr-FR","@id":"https:\/\/versano.nl\/shop\/bikerjack-heren-blauw-in-lamsleer-versano-tr-46\/#primaryimage","url":"https:\/\/versano.nl\/wp-content\/uploads\/2021\/03\/heren-leren-jas-blauw-TR46-model3.jpg","contentUrl":"https:\/\/versano.nl\/wp-content\/uploads\/2021\/03\/heren-leren-jas-blauw-TR46-model3.jpg","width":900,"height":1176,"caption":"Biker jas heren blauw TR46 Versano"},{"@type":"BreadcrumbList","@id":"https:\/\/versano.nl\/shop\/bikerjack-heren-blauw-in-lamsleer-versano-tr-46\/#breadcrumb","itemListElement":[{"@type":"ListItem","position":1,"name":"Home","item":"https:\/\/versano.nl\/"},{"@type":"ListItem","position":2,"name":"Shop","item":"https:\/\/versano.nl\/shop\/"},{"@type":"ListItem","position":3,"name":"Biker jas heren blauw TR46 Versano"}]},{"@type":"WebSite","@id":"https:\/\/versano.nl\/#website","url":"https:\/\/versano.nl\/","name":"Versano","description":"manteaux d&#039;hiver avec col en fourrure | vestes femme en cuir | vestes en cuir pour hommes","potentialAction":[{"@type":"SearchAction","target":{"@type":"EntryPoint","urlTemplate":"https:\/\/versano.nl\/?s={search_term_string}"},"query-input":{"@type":"PropertyValueSpecification","valueRequired":true,"valueName":"search_term_string"}}],"inLanguage":"fr-FR"}]}},"_links":{"self":[{"href":"https:\/\/versano.nl\/fr\/wp-json\/wp\/v2\/product\/8177","targetHints":{"allow":["GET"]}}],"collection":[{"href":"https:\/\/versano.nl\/fr\/wp-json\/wp\/v2\/product"}],"about":[{"href":"https:\/\/versano.nl\/fr\/wp-json\/wp\/v2\/types\/product"}],"replies":[{"embeddable":true,"href":"https:\/\/versano.nl\/fr\/wp-json\/wp\/v2\/comments?post=8177"}],"wp:featuredmedia":[{"embeddable":true,"href":"https:\/\/versano.nl\/fr\/wp-json\/wp\/v2\/media\/20752"}],"wp:attachment":[{"href":"https:\/\/versano.nl\/fr\/wp-json\/wp\/v2\/media?parent=8177"}],"wp:term":[{"taxonomy":"product_brand","embeddable":true,"href":"https:\/\/versano.nl\/fr\/wp-json\/wp\/v2\/product_brand?post=8177"},{"taxonomy":"product_cat","embeddable":true,"href":"https:\/\/versano.nl\/fr\/wp-json\/wp\/v2\/product_cat?post=8177"},{"taxonomy":"product_tag","embeddable":true,"href":"https:\/\/versano.nl\/fr\/wp-json\/wp\/v2\/product_tag?post=8177"}],"curies":[{"name":"wp","href":"https:\/\/api.w.org\/{rel}","templated":true}]}}