{"id":815,"date":"2014-12-01T08:41:27","date_gmt":"2014-12-01T08:41:27","guid":{"rendered":"http:\/\/leathershopdoci.nl\/shop\/versano-heren-leren-jas-johnny-bruin\/"},"modified":"2019-09-21T13:02:36","modified_gmt":"2019-09-21T13:02:36","slug":"versano-heren-leren-jas-johnny-bruin","status":"publish","type":"product","link":"https:\/\/versano.nl\/fr\/shop\/versano-heren-leren-jas-johnny-bruin\/","title":{"rendered":"hommes Veste en cuir Versano Johnny Brown"},"content":{"rendered":"<p>Mati\u00e8re: 100% cuir d&#039;agneau<br \/>\nDoublure: 100% polyester<br \/>\nLongueur: court<br \/>\nFit: italienne \u00e9quip\u00e9e (est petit)<br \/>\nFermeture: fermeture \u00e9clair<br \/>\nPoches: poches avec zip<br \/>\nCol: col montant<br \/>\ncouche externe Mat\u00e9riel: haute qualit\u00e9 et doux en peau d&#039;agneau<br \/>\nTemps: 1-3 jours<\/p>","protected":false},"excerpt":{"rendered":"<p>Cette veste en cuir est un v\u00e9ritable point de mire et excelle dans le confort et le mod\u00e8le. Durable lambskin a un beau lavage pour un look chic sportif. Par exemple, le porter avec un jean ou un chino. La veste a deux poches profondes avec une fermeture \u00e9clair et une poche int\u00e9rieure. Ces veste en cuir pour hommes a une excellente finition et \u00e9quip\u00e9e italienne.<\/p>","protected":false},"featured_media":817,"comment_status":"closed","ping_status":"closed","template":"","meta":[],"product_brand":[],"product_cat":[147],"product_tag":[299,23,24],"class_list":{"0":"post-815","1":"product","2":"type-product","3":"status-publish","4":"has-post-thumbnail","6":"product_cat-heren-leren-jassen","7":"product_tag-heren-bruin","8":"product_tag-motorjacks-heren","9":"product_tag-stoer-jasje-heren","10":"tm-no-options","12":"first","13":"outofstock","14":"sale","15":"taxable","16":"shipping-taxable","17":"purchasable","18":"product-type-variable"},"yoast_head":"<!-- This site is optimized with the Yoast SEO plugin v27.2 - https:\/\/yoast.com\/product\/yoast-seo-wordpress\/ -->\n<title>Leren Jas heren Versano Johnny Bruin - Versano<\/title>\n<meta name=\"robots\" content=\"index, follow, max-snippet:-1, max-image-preview:large, max-video-preview:-1\" \/>\n<link rel=\"canonical\" href=\"https:\/\/versano.nl\/fr\/shop\/versano-heren-leren-jas-johnny-bruin\/\" \/>\n<meta property=\"og:locale\" content=\"fr_FR\" \/>\n<meta property=\"og:type\" content=\"article\" \/>\n<meta property=\"og:title\" content=\"Leren Jas heren Versano Johnny Bruin - Versano\" \/>\n<meta property=\"og:description\" content=\"Deze leren jas is een echte blikvanger en blinkt uit in draagcomfort en model. Het duurzame lamsleer heeft een bijzonder mooie wassing voor een sportieve en toch chique look. Draag hem bijvoorbeeld bij jeans of bij een chino. De jas heeft twee diepe steekzakken met een rits en een binnenzak. Deze heren leren jas heeft een uitstekende afwerking en is Italiaans getailleerd.\" \/>\n<meta property=\"og:url\" content=\"https:\/\/versano.nl\/fr\/shop\/versano-heren-leren-jas-johnny-bruin\/\" \/>\n<meta property=\"og:site_name\" content=\"Versano\" \/>\n<meta property=\"article:modified_time\" content=\"2019-09-21T13:02:36+00:00\" \/>\n<meta property=\"og:image\" content=\"https:\/\/versano.nl\/wp-content\/uploads\/2017\/05\/Leren-jas-heren-bruin-Versano-Johnny-voor.jpg\" \/>\n\t<meta property=\"og:image:width\" content=\"750\" \/>\n\t<meta property=\"og:image:height\" content=\"979\" \/>\n\t<meta property=\"og:image:type\" content=\"image\/jpeg\" \/>\n<meta name=\"twitter:card\" content=\"summary_large_image\" \/>\n<script type=\"application\/ld+json\" class=\"yoast-schema-graph\">{\"@context\":\"https:\/\/schema.org\",\"@graph\":[{\"@type\":\"WebPage\",\"@id\":\"https:\/\/versano.nl\/shop\/versano-heren-leren-jas-johnny-bruin\/\",\"url\":\"https:\/\/versano.nl\/shop\/versano-heren-leren-jas-johnny-bruin\/\",\"name\":\"Leren Jas heren Versano Johnny Bruin - Versano\",\"isPartOf\":{\"@id\":\"https:\/\/versano.nl\/#website\"},\"primaryImageOfPage\":{\"@id\":\"https:\/\/versano.nl\/shop\/versano-heren-leren-jas-johnny-bruin\/#primaryimage\"},\"image\":{\"@id\":\"https:\/\/versano.nl\/shop\/versano-heren-leren-jas-johnny-bruin\/#primaryimage\"},\"thumbnailUrl\":\"https:\/\/versano.nl\/wp-content\/uploads\/2017\/05\/Leren-jas-heren-bruin-Versano-Johnny-voor.jpg\",\"datePublished\":\"2014-12-01T08:41:27+00:00\",\"dateModified\":\"2019-09-21T13:02:36+00:00\",\"breadcrumb\":{\"@id\":\"https:\/\/versano.nl\/shop\/versano-heren-leren-jas-johnny-bruin\/#breadcrumb\"},\"inLanguage\":\"fr-FR\",\"potentialAction\":[{\"@type\":\"ReadAction\",\"target\":[\"https:\/\/versano.nl\/shop\/versano-heren-leren-jas-johnny-bruin\/\"]}]},{\"@type\":\"ImageObject\",\"inLanguage\":\"fr-FR\",\"@id\":\"https:\/\/versano.nl\/shop\/versano-heren-leren-jas-johnny-bruin\/#primaryimage\",\"url\":\"https:\/\/versano.nl\/wp-content\/uploads\/2017\/05\/Leren-jas-heren-bruin-Versano-Johnny-voor.jpg\",\"contentUrl\":\"https:\/\/versano.nl\/wp-content\/uploads\/2017\/05\/Leren-jas-heren-bruin-Versano-Johnny-voor.jpg\",\"width\":750,\"height\":979},{\"@type\":\"BreadcrumbList\",\"@id\":\"https:\/\/versano.nl\/shop\/versano-heren-leren-jas-johnny-bruin\/#breadcrumb\",\"itemListElement\":[{\"@type\":\"ListItem\",\"position\":1,\"name\":\"Home\",\"item\":\"https:\/\/versano.nl\/\"},{\"@type\":\"ListItem\",\"position\":2,\"name\":\"Shop\",\"item\":\"https:\/\/versano.nl\/shop\/\"},{\"@type\":\"ListItem\",\"position\":3,\"name\":\"Leren Jas heren Versano Johnny Bruin\"}]},{\"@type\":\"WebSite\",\"@id\":\"https:\/\/versano.nl\/#website\",\"url\":\"https:\/\/versano.nl\/\",\"name\":\"Versano\",\"description\":\"winterjassen met bontkraag | leren dames jassen | leren heren jassen\",\"potentialAction\":[{\"@type\":\"SearchAction\",\"target\":{\"@type\":\"EntryPoint\",\"urlTemplate\":\"https:\/\/versano.nl\/?s={search_term_string}\"},\"query-input\":{\"@type\":\"PropertyValueSpecification\",\"valueRequired\":true,\"valueName\":\"search_term_string\"}}],\"inLanguage\":\"fr-FR\"}]}<\/script>\n<!-- \/ Yoast SEO plugin. -->","yoast_head_json":{"title":"Veste en cuir hommes Versano Johnny Brown - Versano","robots":{"index":"index","follow":"follow","max-snippet":"max-snippet:-1","max-image-preview":"max-image-preview:large","max-video-preview":"max-video-preview:-1"},"canonical":"https:\/\/versano.nl\/fr\/shop\/versano-heren-leren-jas-johnny-bruin\/","og_locale":"fr_FR","og_type":"article","og_title":"Leren Jas heren Versano Johnny Bruin - Versano","og_description":"Deze leren jas is een echte blikvanger en blinkt uit in draagcomfort en model. Het duurzame lamsleer heeft een bijzonder mooie wassing voor een sportieve en toch chique look. Draag hem bijvoorbeeld bij jeans of bij een chino. De jas heeft twee diepe steekzakken met een rits en een binnenzak. Deze heren leren jas heeft een uitstekende afwerking en is Italiaans getailleerd.","og_url":"https:\/\/versano.nl\/fr\/shop\/versano-heren-leren-jas-johnny-bruin\/","og_site_name":"Versano","article_modified_time":"2019-09-21T13:02:36+00:00","og_image":[{"width":750,"height":979,"url":"https:\/\/versano.nl\/wp-content\/uploads\/2017\/05\/Leren-jas-heren-bruin-Versano-Johnny-voor.jpg","type":"image\/jpeg"}],"twitter_card":"summary_large_image","schema":{"@context":"https:\/\/schema.org","@graph":[{"@type":"WebPage","@id":"https:\/\/versano.nl\/shop\/versano-heren-leren-jas-johnny-bruin\/","url":"https:\/\/versano.nl\/shop\/versano-heren-leren-jas-johnny-bruin\/","name":"Veste en cuir hommes Versano Johnny Brown - Versano","isPartOf":{"@id":"https:\/\/versano.nl\/#website"},"primaryImageOfPage":{"@id":"https:\/\/versano.nl\/shop\/versano-heren-leren-jas-johnny-bruin\/#primaryimage"},"image":{"@id":"https:\/\/versano.nl\/shop\/versano-heren-leren-jas-johnny-bruin\/#primaryimage"},"thumbnailUrl":"https:\/\/versano.nl\/wp-content\/uploads\/2017\/05\/Leren-jas-heren-bruin-Versano-Johnny-voor.jpg","datePublished":"2014-12-01T08:41:27+00:00","dateModified":"2019-09-21T13:02:36+00:00","breadcrumb":{"@id":"https:\/\/versano.nl\/shop\/versano-heren-leren-jas-johnny-bruin\/#breadcrumb"},"inLanguage":"fr-FR","potentialAction":[{"@type":"ReadAction","target":["https:\/\/versano.nl\/shop\/versano-heren-leren-jas-johnny-bruin\/"]}]},{"@type":"ImageObject","inLanguage":"fr-FR","@id":"https:\/\/versano.nl\/shop\/versano-heren-leren-jas-johnny-bruin\/#primaryimage","url":"https:\/\/versano.nl\/wp-content\/uploads\/2017\/05\/Leren-jas-heren-bruin-Versano-Johnny-voor.jpg","contentUrl":"https:\/\/versano.nl\/wp-content\/uploads\/2017\/05\/Leren-jas-heren-bruin-Versano-Johnny-voor.jpg","width":750,"height":979},{"@type":"BreadcrumbList","@id":"https:\/\/versano.nl\/shop\/versano-heren-leren-jas-johnny-bruin\/#breadcrumb","itemListElement":[{"@type":"ListItem","position":1,"name":"Home","item":"https:\/\/versano.nl\/"},{"@type":"ListItem","position":2,"name":"Shop","item":"https:\/\/versano.nl\/shop\/"},{"@type":"ListItem","position":3,"name":"Leren Jas heren Versano Johnny Bruin"}]},{"@type":"WebSite","@id":"https:\/\/versano.nl\/#website","url":"https:\/\/versano.nl\/","name":"Versano","description":"manteaux d&#039;hiver avec col en fourrure | vestes femme en cuir | vestes en cuir pour hommes","potentialAction":[{"@type":"SearchAction","target":{"@type":"EntryPoint","urlTemplate":"https:\/\/versano.nl\/?s={search_term_string}"},"query-input":{"@type":"PropertyValueSpecification","valueRequired":true,"valueName":"search_term_string"}}],"inLanguage":"fr-FR"}]}},"_links":{"self":[{"href":"https:\/\/versano.nl\/fr\/wp-json\/wp\/v2\/product\/815","targetHints":{"allow":["GET"]}}],"collection":[{"href":"https:\/\/versano.nl\/fr\/wp-json\/wp\/v2\/product"}],"about":[{"href":"https:\/\/versano.nl\/fr\/wp-json\/wp\/v2\/types\/product"}],"replies":[{"embeddable":true,"href":"https:\/\/versano.nl\/fr\/wp-json\/wp\/v2\/comments?post=815"}],"wp:featuredmedia":[{"embeddable":true,"href":"https:\/\/versano.nl\/fr\/wp-json\/wp\/v2\/media\/817"}],"wp:attachment":[{"href":"https:\/\/versano.nl\/fr\/wp-json\/wp\/v2\/media?parent=815"}],"wp:term":[{"taxonomy":"product_brand","embeddable":true,"href":"https:\/\/versano.nl\/fr\/wp-json\/wp\/v2\/product_brand?post=815"},{"taxonomy":"product_cat","embeddable":true,"href":"https:\/\/versano.nl\/fr\/wp-json\/wp\/v2\/product_cat?post=815"},{"taxonomy":"product_tag","embeddable":true,"href":"https:\/\/versano.nl\/fr\/wp-json\/wp\/v2\/product_tag?post=815"}],"curies":[{"name":"wp","href":"https:\/\/api.w.org\/{rel}","templated":true}]}}