{"id":8149,"date":"2018-04-27T16:11:25","date_gmt":"2018-04-27T16:11:25","guid":{"rendered":"https:\/\/leathershopdoci.nl\/?post_type=product&#038;p=16852"},"modified":"2024-12-13T12:13:57","modified_gmt":"2024-12-13T12:13:57","slug":"bikerjack-heren-zwart-in-lamsleer-versano-tr-46","status":"publish","type":"product","link":"https:\/\/versano.nl\/fr\/shop\/bikerjack-heren-zwart-in-lamsleer-versano-tr-46\/","title":{"rendered":"Blouson cuir homme biker noir TR46 Versano"},"content":{"rendered":"<h2>Blouson cuir homme biker noir TR46 Versano<\/h2>\n<p>Les vestes de motard sont un \u00e9l\u00e9ment indispensable de la sc\u00e8ne de rue et sont intemporelles. veste de motard en cuir pour hommes noir Versano est un nouveau mod\u00e8le dans la collection cool de vestes en cuir pour hommes de Versano. On a affaire ici \u00e0 une veste qui a l&#039;air cool, mais qui vous ira aussi tr\u00e8s confortablement. Cette veste a une partie \u00e9lastique \u00e0 la taille, de sorte que la veste peut \u00e9galement avoir une livre de plus. La veste a deux poches lat\u00e9rales spacieuses avec fermeture \u00e9clair, avec une poche int\u00e9rieure. Il y a aussi deux poches poitrine sur cette veste, que vous pouvez \u00e9galement fermer avec une fermeture \u00e9clair. La coupe de cette veste est cintr\u00e9e et s&#039;adaptera donc parfaitement \u00e0 votre corps.La veste biker homme en cuir noir est une belle veste slim enti\u00e8rement confectionn\u00e9e dans le style italien. En d&#039;autres termes, avec cette veste, vous n&#039;avez pas \u00e0 vous soucier de ne pas avoir l&#039;air \u00e0 votre place. Vous pouvez facilement commander ce mod\u00e8le sur notre site en diff\u00e9rentes couleurs.<\/p>\n<h2>Commandez le mod\u00e8le TR46 en noir<\/h2>\n<p>Ce blouson de motard est disponible dans les coloris noir, bleu et cognac.Nous avons \u00e9galement r\u00e9alis\u00e9 quelques coloris en simili cuir. Nous vous recommandons donc de simplement jeter un \u0153il \u00e0 la couleur qui, selon vous, convient le mieux \u00e0 votre propre style. Avec nous, vous pouvez facilement choisir la bonne taille en fonction de nos vid\u00e9os d&#039;instructions intelligentes. Si vous avez des questions sur la veste biker en cuir pour hommes noir ou vous ne savez pas quelle taille commander ? Ensuite, vous pouvez toujours nous contacter par mail ou WhatsApp. Nos employ\u00e9s aimeraient vous aider!<\/p>\n<p>marque:\u00a0<a href=\"https:\/\/versano.nl\/\">Versano<\/a><br \/>\nMati\u00e8re: 100% cuir d&#039;agneau<br \/>\nDoublure: 100% polyester<br \/>\nLongueur: court<br \/>\nCoupe : coupe ajust\u00e9e<br \/>\nFermeture: fermeture \u00e9clair<br \/>\nPoches: poches avec zip<br \/>\nCol: col montant<br \/>\nMat\u00e9riau couche ext\u00e9rieure: Tr\u00e8s haute qualit\u00e9 et doux en peau d&#039;agneau<br \/>\nD\u00e9lai de livraison: 2-3 jours ouvrables<\/p>","protected":false},"excerpt":{"rendered":"<p>CHOISISSEZ UNE AUTRE COULEUR ICI<\/p>\n<p><a href=\"https:\/\/versano.nl\/shop\/bikerjack-heren-blauw-in-lamsleer-versano-tr-46\/\"><img loading=\"lazy\" decoding=\"async\" class=\"alignnone size-full wp-image-19898\" src=\"https:\/\/versano.nl\/wp-content\/uploads\/sites\/2\/2018\/04\/heren-leren-jas-blauw-TR46-thumb.jpg\" alt=\"\" width=\"57\" height=\"75\" \/><\/a><a href=\"https:\/\/versano.nl\/shop\/bikerjack-heren-cognac-in-lamsleer-versano-tr-46\/\"><img loading=\"lazy\" decoding=\"async\" class=\"alignnone size-full wp-image-19899\" src=\"https:\/\/versano.nl\/wp-content\/uploads\/sites\/2\/2018\/04\/heren-leren-jas-zwart-cognac-TR46-thumb.jpg\" alt=\"\" width=\"57\" height=\"75\" \/><\/a><\/p>\n<p><span style=\"color: #ff0000;\">Conseils d&#039;ajustement<\/span> : La coupe de cette veste est ajust\u00e9e. Notre mannequin mesure 1,75 cm et porte une taille M.<\/p>\n<p>Si vous n&#039;\u00eates pas s\u00fbr de vos mesures, nous vous recommandons de commencer par mesurer vos mesures de taille et de les comparer avec notre tableau des tailles. Si vous n&#039;avez aucune exp\u00e9rience dans la mesure des tailles de circonf\u00e9rence, cliquez sur\u00a0<a href=\"https:\/\/www.youtube.com\/watch?v=3ZSfY87v6pM\"><em>ICI<\/em>\u00a0<\/a>\u00a0\u00e0\u00a0<span style=\"color: #ff0000;\"><a style=\"color: #ff0000;\" href=\"https:\/\/www.youtube.com\/watch?v=3ZSfY87v6pM\"><em>VIDEO<\/em><\/a>\u00a0<\/span> avec des instructions. Vous pouvez \u00e9galement nous appeler ou nous appliquer directement! Nos employ\u00e9s sont toujours disponibles pour vous aider.<\/p>\n<p><strong>HEURE DE LIVRAISON :<\/strong>\u00a02 \u00e0 3 jours ouvr\u00e9s.<\/p>","protected":false},"featured_media":20776,"comment_status":"open","ping_status":"closed","template":"","meta":[],"product_brand":[],"product_cat":[1672,1670,147,874,907,912,1470,1671,908,1669,913,910,882],"product_tag":[185,300,636,188,626,50,472,1717,1719,1718,1720,53,627,59,628,348,629,189],"class_list":{"0":"post-8149","1":"product","2":"type-product","3":"status-publish","4":"has-post-thumbnail","6":"product_cat-biker-jas-heren","7":"product_cat-heren-leren-jas","8":"product_cat-heren-leren-jassen","9":"product_cat-kort-leren-jasje","10":"product_cat-kort-leren-jasje-heren","11":"product_cat-leren-bikerjacks-heren","12":"product_cat-leren-dames-jas","13":"product_cat-leren-heren-jas","14":"product_cat-leren-heren-jassen","15":"product_cat-leren-jas-heren","16":"product_cat-leren-jassen-heren-uitverkoop","17":"product_cat-leren-jassen-heren","18":"product_cat-versano","19":"product_tag-biker-jas-zwart","20":"product_tag-bikerjack-heren","21":"product_tag-bikerjack-heren-zwart","22":"product_tag-heren-bikerjas-zwart","23":"product_tag-heren-jas-leer-zwart","24":"product_tag-lederen-heren-jas-zwart","25":"product_tag-leren-heren-jas-zwart","26":"product_tag-leren-jas-heren-biker","27":"product_tag-leren-jas-heren-sale","28":"product_tag-leren-jas-heren-uitverkoop","29":"product_tag-leren-jas-heren-versano","30":"product_tag-leren-jas-zwart","31":"product_tag-zwarte-leren-heren-bikerjas","32":"product_tag-zwarte-leren-heren-jas","33":"product_tag-zwarte-leren-jas","34":"product_tag-zwarte-leren-jas-heren","35":"product_tag-zwarte-leren-versano-jas","36":"product_tag-zwarte-versano-jas","37":"tm-no-options","39":"first","40":"instock","41":"taxable","42":"shipping-taxable","43":"purchasable","44":"product-type-variable"},"yoast_head":"<!-- This site is optimized with the Yoast SEO plugin v27.2 - https:\/\/yoast.com\/product\/yoast-seo-wordpress\/ -->\n<title>Leren heren jas biker zwart TR46 Versano, leren jas heren biker<\/title>\n<meta name=\"description\" content=\"Bent u op zoek naar een Leren heren jas biker zwart TR46 Versano? Bij Versano zit u goed, want hier treft u een ruime keuze leren jassen aan.\" \/>\n<meta name=\"robots\" content=\"index, follow, max-snippet:-1, max-image-preview:large, max-video-preview:-1\" \/>\n<link rel=\"canonical\" href=\"https:\/\/versano.nl\/fr\/shop\/bikerjack-heren-zwart-in-lamsleer-versano-tr-46\/\" \/>\n<meta property=\"og:locale\" content=\"fr_FR\" \/>\n<meta property=\"og:type\" content=\"article\" \/>\n<meta property=\"og:title\" content=\"Leren heren jas biker zwart TR46 Versano, leren jas heren biker\" \/>\n<meta property=\"og:description\" content=\"Bent u op zoek naar een Leren heren jas biker zwart TR46 Versano? Bij Versano zit u goed, want hier treft u een ruime keuze leren jassen aan.\" \/>\n<meta property=\"og:url\" content=\"https:\/\/versano.nl\/fr\/shop\/bikerjack-heren-zwart-in-lamsleer-versano-tr-46\/\" \/>\n<meta property=\"og:site_name\" content=\"Versano\" \/>\n<meta property=\"article:modified_time\" content=\"2024-12-13T12:13:57+00:00\" \/>\n<meta property=\"og:image\" content=\"https:\/\/versano.nl\/wp-content\/uploads\/2021\/03\/leren-jas-heren-zwart-versano-TR46-model1.jpg\" \/>\n\t<meta property=\"og:image:width\" content=\"900\" \/>\n\t<meta property=\"og:image:height\" content=\"1176\" \/>\n\t<meta property=\"og:image:type\" content=\"image\/jpeg\" \/>\n<meta name=\"twitter:card\" content=\"summary_large_image\" \/>\n<meta name=\"twitter:label1\" content=\"Dur\u00e9e de lecture estim\u00e9e\" \/>\n\t<meta name=\"twitter:data1\" content=\"2 minutes\" \/>\n<script type=\"application\/ld+json\" class=\"yoast-schema-graph\">{\"@context\":\"https:\/\/schema.org\",\"@graph\":[{\"@type\":\"WebPage\",\"@id\":\"https:\/\/versano.nl\/shop\/bikerjack-heren-zwart-in-lamsleer-versano-tr-46\/\",\"url\":\"https:\/\/versano.nl\/shop\/bikerjack-heren-zwart-in-lamsleer-versano-tr-46\/\",\"name\":\"Leren heren jas biker zwart TR46 Versano, leren jas heren biker\",\"isPartOf\":{\"@id\":\"https:\/\/versano.nl\/#website\"},\"primaryImageOfPage\":{\"@id\":\"https:\/\/versano.nl\/shop\/bikerjack-heren-zwart-in-lamsleer-versano-tr-46\/#primaryimage\"},\"image\":{\"@id\":\"https:\/\/versano.nl\/shop\/bikerjack-heren-zwart-in-lamsleer-versano-tr-46\/#primaryimage\"},\"thumbnailUrl\":\"https:\/\/versano.nl\/wp-content\/uploads\/2021\/03\/leren-jas-heren-zwart-versano-TR46-model1.jpg\",\"datePublished\":\"2018-04-27T16:11:25+00:00\",\"dateModified\":\"2024-12-13T12:13:57+00:00\",\"description\":\"Bent u op zoek naar een Leren heren jas biker zwart TR46 Versano? Bij Versano zit u goed, want hier treft u een ruime keuze leren jassen aan.\",\"breadcrumb\":{\"@id\":\"https:\/\/versano.nl\/shop\/bikerjack-heren-zwart-in-lamsleer-versano-tr-46\/#breadcrumb\"},\"inLanguage\":\"fr-FR\",\"potentialAction\":[{\"@type\":\"ReadAction\",\"target\":[\"https:\/\/versano.nl\/shop\/bikerjack-heren-zwart-in-lamsleer-versano-tr-46\/\"]}]},{\"@type\":\"ImageObject\",\"inLanguage\":\"fr-FR\",\"@id\":\"https:\/\/versano.nl\/shop\/bikerjack-heren-zwart-in-lamsleer-versano-tr-46\/#primaryimage\",\"url\":\"https:\/\/versano.nl\/wp-content\/uploads\/2021\/03\/leren-jas-heren-zwart-versano-TR46-model1.jpg\",\"contentUrl\":\"https:\/\/versano.nl\/wp-content\/uploads\/2021\/03\/leren-jas-heren-zwart-versano-TR46-model1.jpg\",\"width\":900,\"height\":1176,\"caption\":\"Leren heren jas biker zwart TR46 Versano\"},{\"@type\":\"BreadcrumbList\",\"@id\":\"https:\/\/versano.nl\/shop\/bikerjack-heren-zwart-in-lamsleer-versano-tr-46\/#breadcrumb\",\"itemListElement\":[{\"@type\":\"ListItem\",\"position\":1,\"name\":\"Home\",\"item\":\"https:\/\/versano.nl\/\"},{\"@type\":\"ListItem\",\"position\":2,\"name\":\"Shop\",\"item\":\"https:\/\/versano.nl\/shop\/\"},{\"@type\":\"ListItem\",\"position\":3,\"name\":\"Leren heren jas biker zwart TR46 Versano\"}]},{\"@type\":\"WebSite\",\"@id\":\"https:\/\/versano.nl\/#website\",\"url\":\"https:\/\/versano.nl\/\",\"name\":\"Versano\",\"description\":\"winterjassen met bontkraag | leren dames jassen | leren heren jassen\",\"potentialAction\":[{\"@type\":\"SearchAction\",\"target\":{\"@type\":\"EntryPoint\",\"urlTemplate\":\"https:\/\/versano.nl\/?s={search_term_string}\"},\"query-input\":{\"@type\":\"PropertyValueSpecification\",\"valueRequired\":true,\"valueName\":\"search_term_string\"}}],\"inLanguage\":\"fr-FR\"}]}<\/script>\n<!-- \/ Yoast SEO plugin. -->","yoast_head_json":{"title":"Blouson cuir homme motard noir TR46 Versano, blouson cuir homme motard","description":"Vous recherchez un Blouson homme en cuir biker noir TR46 Versano ? Versano est le bon endroit pour vous, car vous trouverez ici un large choix de vestes en cuir.","robots":{"index":"index","follow":"follow","max-snippet":"max-snippet:-1","max-image-preview":"max-image-preview:large","max-video-preview":"max-video-preview:-1"},"canonical":"https:\/\/versano.nl\/fr\/shop\/bikerjack-heren-zwart-in-lamsleer-versano-tr-46\/","og_locale":"fr_FR","og_type":"article","og_title":"Leren heren jas biker zwart TR46 Versano, leren jas heren biker","og_description":"Bent u op zoek naar een Leren heren jas biker zwart TR46 Versano? Bij Versano zit u goed, want hier treft u een ruime keuze leren jassen aan.","og_url":"https:\/\/versano.nl\/fr\/shop\/bikerjack-heren-zwart-in-lamsleer-versano-tr-46\/","og_site_name":"Versano","article_modified_time":"2024-12-13T12:13:57+00:00","og_image":[{"width":900,"height":1176,"url":"https:\/\/versano.nl\/wp-content\/uploads\/2021\/03\/leren-jas-heren-zwart-versano-TR46-model1.jpg","type":"image\/jpeg"}],"twitter_card":"summary_large_image","twitter_misc":{"Dur\u00e9e de lecture estim\u00e9e":"2 minutes"},"schema":{"@context":"https:\/\/schema.org","@graph":[{"@type":"WebPage","@id":"https:\/\/versano.nl\/shop\/bikerjack-heren-zwart-in-lamsleer-versano-tr-46\/","url":"https:\/\/versano.nl\/shop\/bikerjack-heren-zwart-in-lamsleer-versano-tr-46\/","name":"Blouson cuir homme motard noir TR46 Versano, blouson cuir homme motard","isPartOf":{"@id":"https:\/\/versano.nl\/#website"},"primaryImageOfPage":{"@id":"https:\/\/versano.nl\/shop\/bikerjack-heren-zwart-in-lamsleer-versano-tr-46\/#primaryimage"},"image":{"@id":"https:\/\/versano.nl\/shop\/bikerjack-heren-zwart-in-lamsleer-versano-tr-46\/#primaryimage"},"thumbnailUrl":"https:\/\/versano.nl\/wp-content\/uploads\/2021\/03\/leren-jas-heren-zwart-versano-TR46-model1.jpg","datePublished":"2018-04-27T16:11:25+00:00","dateModified":"2024-12-13T12:13:57+00:00","description":"Vous recherchez un Blouson homme en cuir biker noir TR46 Versano ? Versano est le bon endroit pour vous, car vous trouverez ici un large choix de vestes en cuir.","breadcrumb":{"@id":"https:\/\/versano.nl\/shop\/bikerjack-heren-zwart-in-lamsleer-versano-tr-46\/#breadcrumb"},"inLanguage":"fr-FR","potentialAction":[{"@type":"ReadAction","target":["https:\/\/versano.nl\/shop\/bikerjack-heren-zwart-in-lamsleer-versano-tr-46\/"]}]},{"@type":"ImageObject","inLanguage":"fr-FR","@id":"https:\/\/versano.nl\/shop\/bikerjack-heren-zwart-in-lamsleer-versano-tr-46\/#primaryimage","url":"https:\/\/versano.nl\/wp-content\/uploads\/2021\/03\/leren-jas-heren-zwart-versano-TR46-model1.jpg","contentUrl":"https:\/\/versano.nl\/wp-content\/uploads\/2021\/03\/leren-jas-heren-zwart-versano-TR46-model1.jpg","width":900,"height":1176,"caption":"Leren heren jas biker zwart TR46 Versano"},{"@type":"BreadcrumbList","@id":"https:\/\/versano.nl\/shop\/bikerjack-heren-zwart-in-lamsleer-versano-tr-46\/#breadcrumb","itemListElement":[{"@type":"ListItem","position":1,"name":"Home","item":"https:\/\/versano.nl\/"},{"@type":"ListItem","position":2,"name":"Shop","item":"https:\/\/versano.nl\/shop\/"},{"@type":"ListItem","position":3,"name":"Leren heren jas biker zwart TR46 Versano"}]},{"@type":"WebSite","@id":"https:\/\/versano.nl\/#website","url":"https:\/\/versano.nl\/","name":"Versano","description":"manteaux d&#039;hiver avec col en fourrure | vestes femme en cuir | vestes en cuir pour hommes","potentialAction":[{"@type":"SearchAction","target":{"@type":"EntryPoint","urlTemplate":"https:\/\/versano.nl\/?s={search_term_string}"},"query-input":{"@type":"PropertyValueSpecification","valueRequired":true,"valueName":"search_term_string"}}],"inLanguage":"fr-FR"}]}},"_links":{"self":[{"href":"https:\/\/versano.nl\/fr\/wp-json\/wp\/v2\/product\/8149","targetHints":{"allow":["GET"]}}],"collection":[{"href":"https:\/\/versano.nl\/fr\/wp-json\/wp\/v2\/product"}],"about":[{"href":"https:\/\/versano.nl\/fr\/wp-json\/wp\/v2\/types\/product"}],"replies":[{"embeddable":true,"href":"https:\/\/versano.nl\/fr\/wp-json\/wp\/v2\/comments?post=8149"}],"wp:featuredmedia":[{"embeddable":true,"href":"https:\/\/versano.nl\/fr\/wp-json\/wp\/v2\/media\/20776"}],"wp:attachment":[{"href":"https:\/\/versano.nl\/fr\/wp-json\/wp\/v2\/media?parent=8149"}],"wp:term":[{"taxonomy":"product_brand","embeddable":true,"href":"https:\/\/versano.nl\/fr\/wp-json\/wp\/v2\/product_brand?post=8149"},{"taxonomy":"product_cat","embeddable":true,"href":"https:\/\/versano.nl\/fr\/wp-json\/wp\/v2\/product_cat?post=8149"},{"taxonomy":"product_tag","embeddable":true,"href":"https:\/\/versano.nl\/fr\/wp-json\/wp\/v2\/product_tag?post=8149"}],"curies":[{"name":"wp","href":"https:\/\/api.w.org\/{rel}","templated":true}]}}