{"id":8036,"date":"2016-04-07T14:37:53","date_gmt":"2016-04-07T14:37:53","guid":{"rendered":"http:\/\/leathershopdoci.nl\/?post_type=product&#038;p=10396"},"modified":"2024-10-21T09:43:32","modified_gmt":"2024-10-21T09:43:32","slug":"leren-bikerjack-heren-versano-tr60-zwart","status":"publish","type":"product","link":"https:\/\/versano.nl\/fr\/shop\/leren-bikerjack-heren-versano-tr60-zwart\/","title":{"rendered":"Blouson motard homme cuir TR60 noir Versano"},"content":{"rendered":"<h2>Blouson motard homme cuir TR60 noir Versano<\/h2>\n<p style=\"margin: 0cm 0cm 16.5pt 0cm\"><span style=\"font-size: 10.5pt;font-family: 'Arial',sans-serif;color: #282828\">Cette veste en cuir est un v\u00e9ritable accroche-regard et excelle en termes de confort et de mod\u00e8le. On a affaire ici \u00e0 une veste qui a l&#039;air costaud. Cette veste est faite de cuir d&#039;agneau et est une veste de motard vraiment cool. La veste a deux poches lat\u00e9rales profondes avec une fermeture \u00e9clair et une poche int\u00e9rieure. Cette veste en cuir pour homme a une excellente finition et a une coupe ajust\u00e9e. Pas besoin d&#039;\u00eatre motard pour porter cette veste. Il fera aussi bien l&#039;affaire lorsque vous sortez pour une soir\u00e9e ou que vous vous rendez \u00e0 une occasion sp\u00e9ciale. C&#039;est une veste en cuir que vous pouvez porter en toutes saisons de l&#039;ann\u00e9e. Avec la veste Biker homme cuir TR60 noir Versano vous obtenez une veste qui vous plaira certainement. Vous pouvez facilement commander ce mod\u00e8le sur notre site My-Versano.<\/span><\/p>\n<h2 style=\"margin: 11.25pt 0cm 11.25pt 0cm\"><span style=\"font-size: 15pt;font-family: Arial, sans-serif;color: #282828\">Commandez le mod\u00e8le TR60 en noir<\/span><\/h2>\n<p style=\"margin: 0cm 0cm 16.5pt 0cm\"><span style=\"font-size: 10.5pt;font-family: 'Arial',sans-serif;color: #282828\">Vous cherchez une veste de motard en cuir cool? Alors il est bon de jeter un \u0153il \u00e0 la gamme My-Versano. Nous vendons les vestes en cuir de la c\u00e9l\u00e8bre marque Versano. Les plus beaux mat\u00e9riaux sont ici utilis\u00e9s, qui sont moul\u00e9s par les meilleurs designers dans un mod\u00e8le attrayant et robuste. Le TR60 est disponible en noir. Nous vous recommandons \u00e9galement de jeter un \u0153il \u00e0 d&#039;autres mod\u00e8les de motards pour voir celui qui, selon vous, convient le mieux \u00e0 votre propre style. Avec nous, vous pouvez facilement choisir la bonne taille en fonction de nos vid\u00e9os d&#039;instructions intelligentes. Ensuite, vous pouvez toujours nous contacter par mail ou WhatsApp. Nos employ\u00e9s aimeraient vous aider!<\/span><\/p>\n<p><a href=\"https:\/\/versano.nl\/\">Versano<\/a><br \/>\nMati\u00e8re: 100% cuir d&#039;agneau<br \/>\nDoublure: 100% polyester<br \/>\nLongueur: court<br \/>\nCoupe : coupe ajust\u00e9e<br \/>\nFermeture: fermeture \u00e9clair<br \/>\nPoches: poches avec zip<br \/>\nCol: col montant<br \/>\nMat\u00e9riau couche ext\u00e9rieure: Tr\u00e8s haute qualit\u00e9 et doux en peau d&#039;agneau<br \/>\nD\u00e9lai de livraison: 2-3 jours ouvrables<\/p>","protected":false},"excerpt":{"rendered":"<p style=\"margin: 0cm\"><span style=\"font-size: 10.5pt;font-family: 'Arial',sans-serif;color: #5d5d5d\">\u00a0<\/span><\/p>\n<p style=\"margin: 0cm 0cm 11.25pt 0cm\"><span style=\"font-size: 10.5pt;font-family: 'Arial',sans-serif;color: red\">Conseils d&#039;ajustement:\u00a0<\/span><span style=\"font-size: 10.5pt;font-family: 'Arial',sans-serif;color: #5d5d5d\">La coupe de cette veste est ajust\u00e9e. Notre mannequin mesure 1,75 cm et porte une taille M.<\/span><\/p>\n<p style=\"margin: 0cm 0cm 11.25pt 0cm\"><span style=\"font-size: 10.5pt;font-family: 'Arial',sans-serif;color: #5d5d5d\">Si vous n&#039;\u00eates pas s\u00fbr de vos mesures, nous vous recommandons de commencer par mesurer vos mesures de taille et de les comparer avec notre tableau des tailles. Si vous n&#039;avez aucune exp\u00e9rience dans la mesure des tailles de circonf\u00e9rence, cliquez sur\u00a0<\/span><a href=\"https:\/\/www.youtube.com\/watch?v=3ZSfY87v6pM\"><em><span style=\"font-size: 10.5pt;font-family: 'Arial',sans-serif;text-decoration: none\">ICI<\/span><\/em><span style=\"font-size: 10.5pt;font-family: 'Arial',sans-serif;text-decoration: none\">\u00a0<\/span><\/a><span style=\"font-size: 10.5pt;font-family: 'Arial',sans-serif;color: #5d5d5d\">\u00a0\u00e0\u00a0<\/span><a href=\"https:\/\/www.youtube.com\/watch?v=3ZSfY87v6pM\"><em><span style=\"font-size: 10.5pt;font-family: 'Arial',sans-serif;color: red;text-decoration: none\">VIDEO<\/span><\/em><\/a><span style=\"font-size: 10.5pt;font-family: 'Arial',sans-serif;color: #5d5d5d\">\u00a0 avec des instructions. Vous pouvez \u00e9galement nous appeler ou nous appliquer directement! Nos employ\u00e9s sont toujours disponibles pour vous aider.<\/span><\/p>\n<p style=\"margin: 0cm\"><strong><span style=\"font-size: 10.5pt;font-family: 'Arial',sans-serif;color: #5d5d5d\">HEURE DE LIVRAISON :<\/span><\/strong><span style=\"font-size: 10.5pt;font-family: 'Arial',sans-serif;color: #5d5d5d\">\u00a02 \u00e0 3 jours ouvr\u00e9s.<\/span><\/p>","protected":false},"featured_media":20871,"comment_status":"closed","ping_status":"closed","template":"","meta":[],"product_brand":[],"product_cat":[1672,1670,147,874,907,912,1671,908,1669,1712,913,910,882],"product_tag":[300,648,1691,1703,649,650,1694,651,652,23,647,24,1697,1708,653,515,654,655],"class_list":{"0":"post-8036","1":"product","2":"type-product","3":"status-publish","4":"has-post-thumbnail","6":"product_cat-biker-jas-heren","7":"product_cat-heren-leren-jas","8":"product_cat-heren-leren-jassen","9":"product_cat-kort-leren-jasje","10":"product_cat-kort-leren-jasje-heren","11":"product_cat-leren-bikerjacks-heren","12":"product_cat-leren-heren-jas","13":"product_cat-leren-heren-jassen","14":"product_cat-leren-jas-heren","15":"product_cat-leren-jassen","16":"product_cat-leren-jassen-heren-uitverkoop","17":"product_cat-leren-jassen-heren","18":"product_cat-versano","19":"product_tag-bikerjack-heren","20":"product_tag-bikerjack-leer-heren","21":"product_tag-echt-leer-heren-jas","22":"product_tag-lamsleer-heren-jassen","23":"product_tag-leren-heren-bikerjack","24":"product_tag-leren-heren-bikerjack-zwart","25":"product_tag-leren-heren-jas-in-sale","26":"product_tag-leren-jack-zwart","27":"product_tag-motorjack-heren-zwart","28":"product_tag-motorjacks-heren","29":"product_tag-online-heren-bikerjacks","30":"product_tag-stoer-jasje-heren","31":"product_tag-uitverkoop-heren-leren-jas","32":"product_tag-zomerjassen-heren","33":"product_tag-zwarte-bikerjack-heren","34":"product_tag-zwarte-heren-bikerjack","35":"product_tag-zwarte-leren-bikerjack-heren","36":"product_tag-zwarte-leren-heren-motorjack","37":"tm-no-options","39":"first","40":"instock","41":"sale","42":"taxable","43":"shipping-taxable","44":"purchasable","45":"product-type-variable","46":"has-default-attributes"},"yoast_head":"<!-- This site is optimized with the Yoast SEO plugin v27.2 - https:\/\/yoast.com\/product\/yoast-seo-wordpress\/ -->\n<title>Biker jas heren leer TR60 zwart Versano, leren heren jassen echt leer<\/title>\n<meta name=\"description\" content=\"Ben je op zoek naar een Biker jas heren leer TR60 zwart Versano, dan ben je bij het bekende jassen merk Versano aan het juiste adres.\" \/>\n<meta name=\"robots\" content=\"index, follow, max-snippet:-1, max-image-preview:large, max-video-preview:-1\" \/>\n<link rel=\"canonical\" href=\"https:\/\/versano.nl\/fr\/shop\/leren-bikerjack-heren-versano-tr60-zwart\/\" \/>\n<meta property=\"og:locale\" content=\"fr_FR\" \/>\n<meta property=\"og:type\" content=\"article\" \/>\n<meta property=\"og:title\" content=\"Biker jas heren leer TR60 zwart Versano, leren heren jassen echt leer\" \/>\n<meta property=\"og:description\" content=\"Ben je op zoek naar een Biker jas heren leer TR60 zwart Versano, dan ben je bij het bekende jassen merk Versano aan het juiste adres.\" \/>\n<meta property=\"og:url\" content=\"https:\/\/versano.nl\/fr\/shop\/leren-bikerjack-heren-versano-tr60-zwart\/\" \/>\n<meta property=\"og:site_name\" content=\"Versano\" \/>\n<meta property=\"article:modified_time\" content=\"2024-10-21T09:43:32+00:00\" \/>\n<meta property=\"og:image\" content=\"https:\/\/versano.nl\/wp-content\/uploads\/2021\/03\/zwarte-leren-heren-bikerjack-versano-tr60-model.jpg\" \/>\n\t<meta property=\"og:image:width\" content=\"900\" \/>\n\t<meta property=\"og:image:height\" content=\"1176\" \/>\n\t<meta property=\"og:image:type\" content=\"image\/jpeg\" \/>\n<meta name=\"twitter:card\" content=\"summary_large_image\" \/>\n<meta name=\"twitter:label1\" content=\"Dur\u00e9e de lecture estim\u00e9e\" \/>\n\t<meta name=\"twitter:data1\" content=\"2 minutes\" \/>\n<script type=\"application\/ld+json\" class=\"yoast-schema-graph\">{\"@context\":\"https:\/\/schema.org\",\"@graph\":[{\"@type\":\"WebPage\",\"@id\":\"https:\/\/versano.nl\/shop\/leren-bikerjack-heren-versano-tr60-zwart\/\",\"url\":\"https:\/\/versano.nl\/shop\/leren-bikerjack-heren-versano-tr60-zwart\/\",\"name\":\"Biker jas heren leer TR60 zwart Versano, leren heren jassen echt leer\",\"isPartOf\":{\"@id\":\"https:\/\/versano.nl\/#website\"},\"primaryImageOfPage\":{\"@id\":\"https:\/\/versano.nl\/shop\/leren-bikerjack-heren-versano-tr60-zwart\/#primaryimage\"},\"image\":{\"@id\":\"https:\/\/versano.nl\/shop\/leren-bikerjack-heren-versano-tr60-zwart\/#primaryimage\"},\"thumbnailUrl\":\"https:\/\/versano.nl\/wp-content\/uploads\/2021\/03\/zwarte-leren-heren-bikerjack-versano-tr60-model.jpg\",\"datePublished\":\"2016-04-07T14:37:53+00:00\",\"dateModified\":\"2024-10-21T09:43:32+00:00\",\"description\":\"Ben je op zoek naar een Biker jas heren leer TR60 zwart Versano, dan ben je bij het bekende jassen merk Versano aan het juiste adres.\",\"breadcrumb\":{\"@id\":\"https:\/\/versano.nl\/shop\/leren-bikerjack-heren-versano-tr60-zwart\/#breadcrumb\"},\"inLanguage\":\"fr-FR\",\"potentialAction\":[{\"@type\":\"ReadAction\",\"target\":[\"https:\/\/versano.nl\/shop\/leren-bikerjack-heren-versano-tr60-zwart\/\"]}]},{\"@type\":\"ImageObject\",\"inLanguage\":\"fr-FR\",\"@id\":\"https:\/\/versano.nl\/shop\/leren-bikerjack-heren-versano-tr60-zwart\/#primaryimage\",\"url\":\"https:\/\/versano.nl\/wp-content\/uploads\/2021\/03\/zwarte-leren-heren-bikerjack-versano-tr60-model.jpg\",\"contentUrl\":\"https:\/\/versano.nl\/wp-content\/uploads\/2021\/03\/zwarte-leren-heren-bikerjack-versano-tr60-model.jpg\",\"width\":900,\"height\":1176,\"caption\":\"Biker jas heren leer TR60 zwart Versano\"},{\"@type\":\"BreadcrumbList\",\"@id\":\"https:\/\/versano.nl\/shop\/leren-bikerjack-heren-versano-tr60-zwart\/#breadcrumb\",\"itemListElement\":[{\"@type\":\"ListItem\",\"position\":1,\"name\":\"Home\",\"item\":\"https:\/\/versano.nl\/\"},{\"@type\":\"ListItem\",\"position\":2,\"name\":\"Shop\",\"item\":\"https:\/\/versano.nl\/shop\/\"},{\"@type\":\"ListItem\",\"position\":3,\"name\":\"Biker jas heren leer TR60 zwart Versano\"}]},{\"@type\":\"WebSite\",\"@id\":\"https:\/\/versano.nl\/#website\",\"url\":\"https:\/\/versano.nl\/\",\"name\":\"Versano\",\"description\":\"winterjassen met bontkraag | leren dames jassen | leren heren jassen\",\"potentialAction\":[{\"@type\":\"SearchAction\",\"target\":{\"@type\":\"EntryPoint\",\"urlTemplate\":\"https:\/\/versano.nl\/?s={search_term_string}\"},\"query-input\":{\"@type\":\"PropertyValueSpecification\",\"valueRequired\":true,\"valueName\":\"search_term_string\"}}],\"inLanguage\":\"fr-FR\"}]}<\/script>\n<!-- \/ Yoast SEO plugin. -->","yoast_head_json":{"title":"Blouson motard homme cuir TR60 noir Versano, blousons cuir homme cuir v\u00e9ritable","description":"Si vous \u00eates \u00e0 la recherche d&#039;un Blouson Biker homme cuir TR60 noir Versano, vous \u00eates au bon endroit chez la c\u00e9l\u00e8bre marque de blouson Versano.","robots":{"index":"index","follow":"follow","max-snippet":"max-snippet:-1","max-image-preview":"max-image-preview:large","max-video-preview":"max-video-preview:-1"},"canonical":"https:\/\/versano.nl\/fr\/shop\/leren-bikerjack-heren-versano-tr60-zwart\/","og_locale":"fr_FR","og_type":"article","og_title":"Biker jas heren leer TR60 zwart Versano, leren heren jassen echt leer","og_description":"Ben je op zoek naar een Biker jas heren leer TR60 zwart Versano, dan ben je bij het bekende jassen merk Versano aan het juiste adres.","og_url":"https:\/\/versano.nl\/fr\/shop\/leren-bikerjack-heren-versano-tr60-zwart\/","og_site_name":"Versano","article_modified_time":"2024-10-21T09:43:32+00:00","og_image":[{"width":900,"height":1176,"url":"https:\/\/versano.nl\/wp-content\/uploads\/2021\/03\/zwarte-leren-heren-bikerjack-versano-tr60-model.jpg","type":"image\/jpeg"}],"twitter_card":"summary_large_image","twitter_misc":{"Dur\u00e9e de lecture estim\u00e9e":"2 minutes"},"schema":{"@context":"https:\/\/schema.org","@graph":[{"@type":"WebPage","@id":"https:\/\/versano.nl\/shop\/leren-bikerjack-heren-versano-tr60-zwart\/","url":"https:\/\/versano.nl\/shop\/leren-bikerjack-heren-versano-tr60-zwart\/","name":"Blouson motard homme cuir TR60 noir Versano, blousons cuir homme cuir v\u00e9ritable","isPartOf":{"@id":"https:\/\/versano.nl\/#website"},"primaryImageOfPage":{"@id":"https:\/\/versano.nl\/shop\/leren-bikerjack-heren-versano-tr60-zwart\/#primaryimage"},"image":{"@id":"https:\/\/versano.nl\/shop\/leren-bikerjack-heren-versano-tr60-zwart\/#primaryimage"},"thumbnailUrl":"https:\/\/versano.nl\/wp-content\/uploads\/2021\/03\/zwarte-leren-heren-bikerjack-versano-tr60-model.jpg","datePublished":"2016-04-07T14:37:53+00:00","dateModified":"2024-10-21T09:43:32+00:00","description":"Si vous \u00eates \u00e0 la recherche d&#039;un Blouson Biker homme cuir TR60 noir Versano, vous \u00eates au bon endroit chez la c\u00e9l\u00e8bre marque de blouson Versano.","breadcrumb":{"@id":"https:\/\/versano.nl\/shop\/leren-bikerjack-heren-versano-tr60-zwart\/#breadcrumb"},"inLanguage":"fr-FR","potentialAction":[{"@type":"ReadAction","target":["https:\/\/versano.nl\/shop\/leren-bikerjack-heren-versano-tr60-zwart\/"]}]},{"@type":"ImageObject","inLanguage":"fr-FR","@id":"https:\/\/versano.nl\/shop\/leren-bikerjack-heren-versano-tr60-zwart\/#primaryimage","url":"https:\/\/versano.nl\/wp-content\/uploads\/2021\/03\/zwarte-leren-heren-bikerjack-versano-tr60-model.jpg","contentUrl":"https:\/\/versano.nl\/wp-content\/uploads\/2021\/03\/zwarte-leren-heren-bikerjack-versano-tr60-model.jpg","width":900,"height":1176,"caption":"Biker jas heren leer TR60 zwart Versano"},{"@type":"BreadcrumbList","@id":"https:\/\/versano.nl\/shop\/leren-bikerjack-heren-versano-tr60-zwart\/#breadcrumb","itemListElement":[{"@type":"ListItem","position":1,"name":"Home","item":"https:\/\/versano.nl\/"},{"@type":"ListItem","position":2,"name":"Shop","item":"https:\/\/versano.nl\/shop\/"},{"@type":"ListItem","position":3,"name":"Biker jas heren leer TR60 zwart Versano"}]},{"@type":"WebSite","@id":"https:\/\/versano.nl\/#website","url":"https:\/\/versano.nl\/","name":"Versano","description":"manteaux d&#039;hiver avec col en fourrure | vestes femme en cuir | vestes en cuir pour hommes","potentialAction":[{"@type":"SearchAction","target":{"@type":"EntryPoint","urlTemplate":"https:\/\/versano.nl\/?s={search_term_string}"},"query-input":{"@type":"PropertyValueSpecification","valueRequired":true,"valueName":"search_term_string"}}],"inLanguage":"fr-FR"}]}},"_links":{"self":[{"href":"https:\/\/versano.nl\/fr\/wp-json\/wp\/v2\/product\/8036","targetHints":{"allow":["GET"]}}],"collection":[{"href":"https:\/\/versano.nl\/fr\/wp-json\/wp\/v2\/product"}],"about":[{"href":"https:\/\/versano.nl\/fr\/wp-json\/wp\/v2\/types\/product"}],"replies":[{"embeddable":true,"href":"https:\/\/versano.nl\/fr\/wp-json\/wp\/v2\/comments?post=8036"}],"wp:featuredmedia":[{"embeddable":true,"href":"https:\/\/versano.nl\/fr\/wp-json\/wp\/v2\/media\/20871"}],"wp:attachment":[{"href":"https:\/\/versano.nl\/fr\/wp-json\/wp\/v2\/media?parent=8036"}],"wp:term":[{"taxonomy":"product_brand","embeddable":true,"href":"https:\/\/versano.nl\/fr\/wp-json\/wp\/v2\/product_brand?post=8036"},{"taxonomy":"product_cat","embeddable":true,"href":"https:\/\/versano.nl\/fr\/wp-json\/wp\/v2\/product_cat?post=8036"},{"taxonomy":"product_tag","embeddable":true,"href":"https:\/\/versano.nl\/fr\/wp-json\/wp\/v2\/product_tag?post=8036"}],"curies":[{"name":"wp","href":"https:\/\/api.w.org\/{rel}","templated":true}]}}