{"id":7704,"date":"2018-04-14T21:43:14","date_gmt":"2018-04-14T21:43:14","guid":{"rendered":"https:\/\/leathershopdoci.nl\/?post_type=product&#038;p=16573"},"modified":"2025-06-18T11:27:07","modified_gmt":"2025-06-18T11:27:07","slug":"leren-dames-bikerjack-rood-versano-346","status":"publish","type":"product","link":"https:\/\/versano.nl\/fr\/shop\/leren-dames-bikerjack-rood-versano-346\/","title":{"rendered":"Veste en cuir dames 346 rouge Versano"},"content":{"rendered":"<h2>Veste en cuir dames 346 rouge Versano<\/h2>\n<p>Versano est le bon choix pour une veste en cuir pour femme cool. Cette veste courte en cuir pour femme 346 Versano rouge est en cuir d&#039;agneau souple. C&#039;est une veste avec une fermeture \u00e9clair droite. Le cuir est de belle et haute qualit\u00e9 avec un tr\u00e8s beau lavage. Cela lui donne un bel aspect vintage. Cette veste au look moto poss\u00e8de deux poches lat\u00e9rales et 2 poches sur la poitrine, et bien s\u00fbr une poche int\u00e9rieure a \u00e9galement \u00e9t\u00e9 pens\u00e9e. Nous vendons cette veste en 5 couleurs diff\u00e9rentes. En plus du rouge \u00e9l\u00e9gant, la veste est \u00e9galement disponible dans une version cool cognac, noir, bleu et marron. Cette veste a \u00e9t\u00e9 enti\u00e8rement fabriqu\u00e9e \u00e0 l&#039;italienne par les designers de Versano, et elle a \u00e9galement une partie \u00e9lastique \u00e0 la taille, ce qui rend la veste assez souple \u00e0 la taille. Par cons\u00e9quent, consultez \u00e9galement les photos d\u00e9taill\u00e9es pour voir cela. Parce que la veste est flexible \u00e0 la taille, la veste s&#039;adapte parfaitement \u00e0 votre corps et elle va vraiment comme un gant.<\/p>\n<h2>Commandez le mod\u00e8le 346 en rouge<\/h2>\n<p>Si vous commandez cette belle veste chez nous, vous obtiendrez une veste faite d&#039;un beau mat\u00e9riau. Parce qu&#039;elle est faite de beau cuir d&#039;agneau fin, la veste est \u00e9galement tr\u00e8s appropri\u00e9e pour \u00eatre port\u00e9e \u00e0 l&#039;int\u00e9rieur. C&#039;est une veste qui peut \u00eatre bien combin\u00e9e avec diff\u00e9rents types de v\u00eatements. Pensez \u00e0 une jupe, mais aussi \u00e0 un jean cool. C&#039;est une veste qui, vous ne pouvez pas le nier, a fi\u00e8re allure. La finition est parfaite et tous les \u00e9l\u00e9ments sont bien coordonn\u00e9s.<\/p>\n<p>marque: <a href=\"https:\/\/versano.nl\/\">Versano<\/a><br \/>\nMati\u00e8re: 100% cuir d&#039;agneau<br \/>\nDoublure: 100% polyester<br \/>\nLongueur: court<br \/>\nCoupe: bien ajust\u00e9e<br \/>\nFermeture: fermeture \u00e9clair<br \/>\nPoches: poches avec zip<br \/>\nCol: col montant vertical<br \/>\ncouche externe Mat\u00e9riel: haute qualit\u00e9 et doux en peau d&#039;agneau<br \/>\nD\u00e9lai de livraison: 2-3 jours ouvrables<\/p>","protected":false},"excerpt":{"rendered":"<p><strong>CHOISISSEZ UNE AUTRE COULEUR ICI<\/strong><\/p>\n<p><a href=\"https:\/\/versano.nl\/shop\/leren-dames-jas-biker-model-blauw-versano-346\/\"><img loading=\"lazy\" decoding=\"async\" class=\"alignnone size-full wp-image-19858\" src=\"https:\/\/versano.nl\/wp-content\/uploads\/sites\/2\/2019\/01\/bikerjack-dames-blauw-leren-jas-versano-346-thumb.jpg\" alt=\"\" width=\"57\" height=\"75\" \/><\/a><a href=\"https:\/\/versano.nl\/shop\/leren-biker-jas-dames-346-cognac-versano\/\"><img loading=\"lazy\" decoding=\"async\" class=\"alignnone size-full wp-image-19860\" src=\"https:\/\/versano.nl\/wp-content\/uploads\/sites\/2\/2019\/01\/bikerjack-dames-cognac-leren-jas-versano-346-thumb.jpg\" alt=\"\" width=\"57\" height=\"75\" \/><\/a><a href=\"https:\/\/versano.nl\/shop\/leren-dames-bikerjack-zwart-versano-346\/\"><img loading=\"lazy\" decoding=\"async\" class=\"alignnone size-full wp-image-19862\" src=\"https:\/\/versano.nl\/wp-content\/uploads\/sites\/2\/2019\/01\/bikerjack-dames-zwart-leren-jas-versano-346-voorkant-model2-thumb.jpg\" alt=\"\" width=\"57\" height=\"75\" \/><\/a><a href=\"https:\/\/versano.nl\/shop\/leren-dames-bikerjack-bruin-versano-346\/\"><img loading=\"lazy\" decoding=\"async\" class=\"alignnone size-full wp-image-19859\" src=\"https:\/\/versano.nl\/wp-content\/uploads\/sites\/2\/2019\/01\/bikerjack-dames-bruin-leren-jas-versano-346-thumb.jpg\" alt=\"\" width=\"57\" height=\"75\" \/><\/a><\/p>\n<p><span style=\"color: red;\">Conseils d&#039;ajustement:<\/span> La coupe de cette veste est bien ajust\u00e9e. Notre mannequin mesure 1,68 cm et porte une taille S.<\/p>\n<p>Si vous n&#039;\u00eates pas s\u00fbr de vos mesures, nous vous recommandons de commencer par mesurer vos mesures de taille et de les comparer avec notre tableau des tailles. Si vous n&#039;avez aucune exp\u00e9rience dans la mesure des tailles de circonf\u00e9rence, cliquez sur <a href=\"https:\/\/www.youtube.com\/watch?v=3ZSfY87v6pM\"><em><span style=\"text-decoration: none; text-underline: none;\">ICI<\/span><\/em>\u00a0<\/a>\u00a0\u00e0 <a href=\"https:\/\/www.youtube.com\/watch?v=3ZSfY87v6pM\"><em><span style=\"color: red; text-decoration: none; text-underline: none;\">VIDEO<\/span><\/em><\/a>\u00a0 avec des instructions. Vous pouvez \u00e9galement nous appeler ou nous appliquer directement! Nos employ\u00e9s sont toujours disponibles pour vous aider.<\/p>\n<p><strong><span style=\"color: black;\">HEURE DE LIVRAISON :<\/span><\/strong> 2 \u00e0 3 jours ouvr\u00e9s.<\/p>","protected":false},"featured_media":20366,"comment_status":"closed","ping_status":"closed","template":"","meta":[],"product_brand":[],"product_cat":[90,874,875,1499,877,1470,879,1469,880,1712,881,878,882],"product_tag":[891,428,2121,429,91,434,98,1881,103,104,105],"class_list":{"0":"post-7704","1":"product","2":"type-product","3":"status-publish","4":"has-post-thumbnail","6":"product_cat-dames-leren-jassen","7":"product_cat-kort-leren-jasje","8":"product_cat-kort-leren-jasje-dames","9":"product_cat-leren-biker-jas-dames","10":"product_cat-leren-bikerjacks-dames","11":"product_cat-leren-dames-jas","12":"product_cat-leren-dames-jassen","13":"product_cat-leren-jas-dames","14":"product_cat-leren-jasje-dames","15":"product_cat-leren-jassen","16":"product_cat-leren-jassen-dames","17":"product_cat-leren-jassen-dames-uitverkoop","18":"product_cat-versano","19":"product_tag-bikerjack-rood","20":"product_tag-bikerjack-rood-dames","21":"product_tag-dames-biker-jas-rood","22":"product_tag-dames-leren-bikerjack-rood","23":"product_tag-dames-leren-jas-rood","24":"product_tag-leren-bikerjack-rood","25":"product_tag-leren-jasje","26":"product_tag-rode-biker-jas-dames","27":"product_tag-rode-leren-dames-jas","28":"product_tag-rood-leren-jasje","29":"product_tag-versano-leren-jassen","30":"product_shipping_class-verzendkosten-1","31":"tm-no-options","33":"first","34":"instock","35":"sale","36":"taxable","37":"shipping-taxable","38":"purchasable","39":"product-type-variable"},"yoast_head":"<!-- This site is optimized with the Yoast SEO plugin v27.2 - https:\/\/yoast.com\/product\/yoast-seo-wordpress\/ -->\n<title>Leren jas dames 346 rood Versano, korte leren dames jas<\/title>\n<meta name=\"description\" content=\"Ben je op zoek naar een rode leren jas van echt leer? dan is het model leren jas dames 346 rood Versano precies wat u zoekt.\" \/>\n<meta name=\"robots\" content=\"index, follow, max-snippet:-1, max-image-preview:large, max-video-preview:-1\" \/>\n<link rel=\"canonical\" href=\"https:\/\/versano.nl\/fr\/shop\/leren-dames-bikerjack-rood-versano-346\/\" \/>\n<meta property=\"og:locale\" content=\"fr_FR\" \/>\n<meta property=\"og:type\" content=\"article\" \/>\n<meta property=\"og:title\" content=\"Leren jas dames 346 rood Versano, korte leren dames jas\" \/>\n<meta property=\"og:description\" content=\"Ben je op zoek naar een rode leren jas van echt leer? dan is het model leren jas dames 346 rood Versano precies wat u zoekt.\" \/>\n<meta property=\"og:url\" content=\"https:\/\/versano.nl\/fr\/shop\/leren-dames-bikerjack-rood-versano-346\/\" \/>\n<meta property=\"og:site_name\" content=\"Versano\" \/>\n<meta property=\"article:modified_time\" content=\"2025-06-18T11:27:07+00:00\" \/>\n<meta property=\"og:image\" content=\"https:\/\/versano.nl\/wp-content\/uploads\/2018\/04\/bikerjack-dames-rood-leren-jas-versano-346-voorkant-model2-3.jpg\" \/>\n\t<meta property=\"og:image:width\" content=\"900\" \/>\n\t<meta property=\"og:image:height\" content=\"1176\" \/>\n\t<meta property=\"og:image:type\" content=\"image\/jpeg\" \/>\n<meta name=\"twitter:card\" content=\"summary_large_image\" \/>\n<meta name=\"twitter:label1\" content=\"Dur\u00e9e de lecture estim\u00e9e\" \/>\n\t<meta name=\"twitter:data1\" content=\"2 minutes\" \/>\n<script type=\"application\/ld+json\" class=\"yoast-schema-graph\">{\"@context\":\"https:\/\/schema.org\",\"@graph\":[{\"@type\":\"WebPage\",\"@id\":\"https:\/\/versano.nl\/shop\/leren-dames-bikerjack-rood-versano-346\/\",\"url\":\"https:\/\/versano.nl\/shop\/leren-dames-bikerjack-rood-versano-346\/\",\"name\":\"Leren jas dames 346 rood Versano, korte leren dames jas\",\"isPartOf\":{\"@id\":\"https:\/\/versano.nl\/#website\"},\"primaryImageOfPage\":{\"@id\":\"https:\/\/versano.nl\/shop\/leren-dames-bikerjack-rood-versano-346\/#primaryimage\"},\"image\":{\"@id\":\"https:\/\/versano.nl\/shop\/leren-dames-bikerjack-rood-versano-346\/#primaryimage\"},\"thumbnailUrl\":\"https:\/\/versano.nl\/wp-content\/uploads\/2018\/04\/bikerjack-dames-rood-leren-jas-versano-346-voorkant-model2-3.jpg\",\"datePublished\":\"2018-04-14T21:43:14+00:00\",\"dateModified\":\"2025-06-18T11:27:07+00:00\",\"description\":\"Ben je op zoek naar een rode leren jas van echt leer? dan is het model leren jas dames 346 rood Versano precies wat u zoekt.\",\"breadcrumb\":{\"@id\":\"https:\/\/versano.nl\/shop\/leren-dames-bikerjack-rood-versano-346\/#breadcrumb\"},\"inLanguage\":\"fr-FR\",\"potentialAction\":[{\"@type\":\"ReadAction\",\"target\":[\"https:\/\/versano.nl\/shop\/leren-dames-bikerjack-rood-versano-346\/\"]}]},{\"@type\":\"ImageObject\",\"inLanguage\":\"fr-FR\",\"@id\":\"https:\/\/versano.nl\/shop\/leren-dames-bikerjack-rood-versano-346\/#primaryimage\",\"url\":\"https:\/\/versano.nl\/wp-content\/uploads\/2018\/04\/bikerjack-dames-rood-leren-jas-versano-346-voorkant-model2-3.jpg\",\"contentUrl\":\"https:\/\/versano.nl\/wp-content\/uploads\/2018\/04\/bikerjack-dames-rood-leren-jas-versano-346-voorkant-model2-3.jpg\",\"width\":900,\"height\":1176,\"caption\":\"imitatie leren dames jas rood 346 Versano\"},{\"@type\":\"BreadcrumbList\",\"@id\":\"https:\/\/versano.nl\/shop\/leren-dames-bikerjack-rood-versano-346\/#breadcrumb\",\"itemListElement\":[{\"@type\":\"ListItem\",\"position\":1,\"name\":\"Home\",\"item\":\"https:\/\/versano.nl\/\"},{\"@type\":\"ListItem\",\"position\":2,\"name\":\"Shop\",\"item\":\"https:\/\/versano.nl\/shop\/\"},{\"@type\":\"ListItem\",\"position\":3,\"name\":\"Leren jas dames 346 rood Versano\"}]},{\"@type\":\"WebSite\",\"@id\":\"https:\/\/versano.nl\/#website\",\"url\":\"https:\/\/versano.nl\/\",\"name\":\"Versano\",\"description\":\"winterjassen met bontkraag | leren dames jassen | leren heren jassen\",\"potentialAction\":[{\"@type\":\"SearchAction\",\"target\":{\"@type\":\"EntryPoint\",\"urlTemplate\":\"https:\/\/versano.nl\/?s={search_term_string}\"},\"query-input\":{\"@type\":\"PropertyValueSpecification\",\"valueRequired\":true,\"valueName\":\"search_term_string\"}}],\"inLanguage\":\"fr-FR\"}]}<\/script>\n<!-- \/ Yoast SEO plugin. -->","yoast_head_json":{"title":"Veste en cuir dames 346 rouge Versano, veste courte en cuir pour dames","description":"Vous cherchez une veste en cuir rouge en cuir v\u00e9ritable ? alors le mod\u00e8le de veste en cuir dames 346 rouge Versano est exactement ce que vous cherchez.","robots":{"index":"index","follow":"follow","max-snippet":"max-snippet:-1","max-image-preview":"max-image-preview:large","max-video-preview":"max-video-preview:-1"},"canonical":"https:\/\/versano.nl\/fr\/shop\/leren-dames-bikerjack-rood-versano-346\/","og_locale":"fr_FR","og_type":"article","og_title":"Leren jas dames 346 rood Versano, korte leren dames jas","og_description":"Ben je op zoek naar een rode leren jas van echt leer? dan is het model leren jas dames 346 rood Versano precies wat u zoekt.","og_url":"https:\/\/versano.nl\/fr\/shop\/leren-dames-bikerjack-rood-versano-346\/","og_site_name":"Versano","article_modified_time":"2025-06-18T11:27:07+00:00","og_image":[{"width":900,"height":1176,"url":"https:\/\/versano.nl\/wp-content\/uploads\/2018\/04\/bikerjack-dames-rood-leren-jas-versano-346-voorkant-model2-3.jpg","type":"image\/jpeg"}],"twitter_card":"summary_large_image","twitter_misc":{"Dur\u00e9e de lecture estim\u00e9e":"2 minutes"},"schema":{"@context":"https:\/\/schema.org","@graph":[{"@type":"WebPage","@id":"https:\/\/versano.nl\/shop\/leren-dames-bikerjack-rood-versano-346\/","url":"https:\/\/versano.nl\/shop\/leren-dames-bikerjack-rood-versano-346\/","name":"Veste en cuir dames 346 rouge Versano, veste courte en cuir pour dames","isPartOf":{"@id":"https:\/\/versano.nl\/#website"},"primaryImageOfPage":{"@id":"https:\/\/versano.nl\/shop\/leren-dames-bikerjack-rood-versano-346\/#primaryimage"},"image":{"@id":"https:\/\/versano.nl\/shop\/leren-dames-bikerjack-rood-versano-346\/#primaryimage"},"thumbnailUrl":"https:\/\/versano.nl\/wp-content\/uploads\/2018\/04\/bikerjack-dames-rood-leren-jas-versano-346-voorkant-model2-3.jpg","datePublished":"2018-04-14T21:43:14+00:00","dateModified":"2025-06-18T11:27:07+00:00","description":"Vous cherchez une veste en cuir rouge en cuir v\u00e9ritable ? alors le mod\u00e8le de veste en cuir dames 346 rouge Versano est exactement ce que vous cherchez.","breadcrumb":{"@id":"https:\/\/versano.nl\/shop\/leren-dames-bikerjack-rood-versano-346\/#breadcrumb"},"inLanguage":"fr-FR","potentialAction":[{"@type":"ReadAction","target":["https:\/\/versano.nl\/shop\/leren-dames-bikerjack-rood-versano-346\/"]}]},{"@type":"ImageObject","inLanguage":"fr-FR","@id":"https:\/\/versano.nl\/shop\/leren-dames-bikerjack-rood-versano-346\/#primaryimage","url":"https:\/\/versano.nl\/wp-content\/uploads\/2018\/04\/bikerjack-dames-rood-leren-jas-versano-346-voorkant-model2-3.jpg","contentUrl":"https:\/\/versano.nl\/wp-content\/uploads\/2018\/04\/bikerjack-dames-rood-leren-jas-versano-346-voorkant-model2-3.jpg","width":900,"height":1176,"caption":"imitatie leren dames jas rood 346 Versano"},{"@type":"BreadcrumbList","@id":"https:\/\/versano.nl\/shop\/leren-dames-bikerjack-rood-versano-346\/#breadcrumb","itemListElement":[{"@type":"ListItem","position":1,"name":"Home","item":"https:\/\/versano.nl\/"},{"@type":"ListItem","position":2,"name":"Shop","item":"https:\/\/versano.nl\/shop\/"},{"@type":"ListItem","position":3,"name":"Leren jas dames 346 rood Versano"}]},{"@type":"WebSite","@id":"https:\/\/versano.nl\/#website","url":"https:\/\/versano.nl\/","name":"Versano","description":"manteaux d&#039;hiver avec col en fourrure | vestes femme en cuir | vestes en cuir pour hommes","potentialAction":[{"@type":"SearchAction","target":{"@type":"EntryPoint","urlTemplate":"https:\/\/versano.nl\/?s={search_term_string}"},"query-input":{"@type":"PropertyValueSpecification","valueRequired":true,"valueName":"search_term_string"}}],"inLanguage":"fr-FR"}]}},"_links":{"self":[{"href":"https:\/\/versano.nl\/fr\/wp-json\/wp\/v2\/product\/7704","targetHints":{"allow":["GET"]}}],"collection":[{"href":"https:\/\/versano.nl\/fr\/wp-json\/wp\/v2\/product"}],"about":[{"href":"https:\/\/versano.nl\/fr\/wp-json\/wp\/v2\/types\/product"}],"replies":[{"embeddable":true,"href":"https:\/\/versano.nl\/fr\/wp-json\/wp\/v2\/comments?post=7704"}],"wp:featuredmedia":[{"embeddable":true,"href":"https:\/\/versano.nl\/fr\/wp-json\/wp\/v2\/media\/20366"}],"wp:attachment":[{"href":"https:\/\/versano.nl\/fr\/wp-json\/wp\/v2\/media?parent=7704"}],"wp:term":[{"taxonomy":"product_brand","embeddable":true,"href":"https:\/\/versano.nl\/fr\/wp-json\/wp\/v2\/product_brand?post=7704"},{"taxonomy":"product_cat","embeddable":true,"href":"https:\/\/versano.nl\/fr\/wp-json\/wp\/v2\/product_cat?post=7704"},{"taxonomy":"product_tag","embeddable":true,"href":"https:\/\/versano.nl\/fr\/wp-json\/wp\/v2\/product_tag?post=7704"}],"curies":[{"name":"wp","href":"https:\/\/api.w.org\/{rel}","templated":true}]}}