{"id":7675,"date":"2018-04-14T20:04:29","date_gmt":"2018-04-14T20:04:29","guid":{"rendered":"https:\/\/leathershopdoci.nl\/?post_type=product&#038;p=16555"},"modified":"2021-02-05T14:49:40","modified_gmt":"2021-02-05T14:49:40","slug":"dames-leren-biker-jack-zwart-dubbele-rits-versano","status":"publish","type":"product","link":"https:\/\/versano.nl\/fr\/shop\/dames-leren-biker-jack-zwart-dubbele-rits-versano\/","title":{"rendered":"Veste de motard en cuir pour femme noir double fermeture \u00e0 glissi\u00e8re Versano"},"content":{"rendered":"<h2>Veste de motard en cuir pour femme noir double fermeture \u00e0 glissi\u00e8re Versano<\/h2>\n<p>C&#039;est une marque o\u00f9 l&#039;on peut trouver une large gamme de beaux manteaux de toutes formes et tailles. Prenons l&#039;exemple de cette veste de motard en cuir noir \u00e0 double zip de Versano. C&#039;est une veste parfaitement finie enti\u00e8rement en cuir d&#039;agneau. Les dames apprennent la veste de motard noire double fermeture \u00e0 glissi\u00e8re Versano a un col asym\u00e9trique. Ce cuir est d&#039;une telle qualit\u00e9 qu&#039;il a un bon lavage. Cela donne \u00e0 la veste un joli look vintage. C&#039;est une autre veste dure dans laquelle vous aimeriez \u00eatre vu!<\/p>\n<p><strong>Commandez cette jolie veste chez Versano<\/strong><br \/>\nLa veste de motard en cuir noir \u00e0 double zip de Versano est \u00e9quip\u00e9e de quatre poches. Nous parlons de deux poches avec une fermeture \u00e9clair, une poche zipp\u00e9e sur la poitrine et une poche int\u00e9rieure. Comme les autres vestes de la gamme Versano, il s&#039;agit d&#039;une veste adapt\u00e9e \u00e0 son style italien. L&#039;ajustement est donc parfaitement parfait. Vous pouvez \u00e9galement commander cette veste avec nous dans une version cognac. Vous pouvez facilement commander cette veste chez nous. Il suffit de choisir la couleur et la bonne taille et vous avez une veste que vous appr\u00e9cierez pendant de nombreuses ann\u00e9es.<\/p>\n<p>marque: <a href=\"https:\/\/versano.nl\/\">Versano<\/a><br \/>\nMati\u00e8re: 100% cuir d&#039;agneau<br \/>\nDoublure: 100% polyester<br \/>\nLongueur: court<br \/>\nFit: Int\u00e9gr\u00e9 italienne<br \/>\nFermeture: fermeture \u00e9clair<br \/>\nPoches: poches avec zip<br \/>\nCol: un collier sym\u00e9trique<br \/>\ncouche externe Mat\u00e9riel: haute qualit\u00e9 et doux en peau d&#039;agneau<br \/>\nTemps: 1-3 jours<\/p>","protected":false},"excerpt":{"rendered":"<p><strong>Si vous s\u00e9lectionnez une mesure, un dessin avec des dimensions est affich\u00e9. Si vous n&#039;\u00eates pas s\u00fbr de vos mesures, nous vous conseillons de commencer par les mesurer, puis de les comparer aux mesures du dessin. Si vous n\u2019avez aucune exp\u00e9rience dans la mesure des mesures de taille, cliquez sur\u00a0<a href=\"https:\/\/www.youtube.com\/watch?v=3ZSfY87v6pM\" target=\"_blank\" rel=\"noopener noreferrer\"><em>ICI<\/em>\u00a0<\/a>\u00a0\u00e0\u00a0<a href=\"https:\/\/www.youtube.com\/watch?v=3ZSfY87v6pM\" target=\"_blank\" rel=\"noopener noreferrer\"><em>VIDEO<\/em><\/a>\u00a0 avec des instuctions.<\/strong><\/p>\n<p>La veste motard est en cuir d&#039;agneau avec un col asym\u00e9trique. Le cuir d&#039;agneau durable a un tr\u00e8s bon lavage et donne un look vintage cool. La veste a deux poches avec une fermeture \u00e0 glissi\u00e8re, une poche zipp\u00e9e sur la poitrine et une poche int\u00e9rieure. La veste est \u00e9galement disponible en noir et est \u00e9quip\u00e9e italienne.<\/p>","protected":false},"featured_media":7741,"comment_status":"closed","ping_status":"closed","template":"","meta":[],"product_brand":[],"product_cat":[90,874,875,877,879,880,1712,881,878,882],"product_tag":[883,172,156,884,411,885,886,98,105,107],"class_list":{"0":"post-7675","1":"product","2":"type-product","3":"status-publish","4":"has-post-thumbnail","6":"product_cat-dames-leren-jassen","7":"product_cat-kort-leren-jasje","8":"product_cat-kort-leren-jasje-dames","9":"product_cat-leren-bikerjacks-dames","10":"product_cat-leren-dames-jassen","11":"product_cat-leren-jasje-dames","12":"product_cat-leren-jassen","13":"product_cat-leren-jassen-dames","14":"product_cat-leren-jassen-dames-uitverkoop","15":"product_cat-versano","16":"product_tag-bikerjack-zwart","17":"product_tag-dames-biker-jack-zwart","18":"product_tag-dames-bikerjack-zwart","19":"product_tag-leren-biker-jack-zwart","20":"product_tag-leren-cognac-jas","21":"product_tag-leren-dames-motorjack-zwart","22":"product_tag-leren-dames-motorjasje-zwart","23":"product_tag-leren-jasje","24":"product_tag-versano-leren-jassen","25":"product_tag-zomer-leren-jassen","26":"tm-no-options","28":"first","29":"outofstock","30":"taxable","31":"shipping-taxable","32":"product-type-variable"},"yoast_head":"<!-- This site is optimized with the Yoast SEO plugin v27.2 - https:\/\/yoast.com\/product\/yoast-seo-wordpress\/ -->\n<title>Dames leren biker jack zwart dubbele rits Versano<\/title>\n<meta name=\"description\" content=\"Deze Dames leren biker jack zwart dubbele rits Versano is gemaakt van lamsleder en voelt erg soepel en glad aan. De jas heeft een stoere motor look\" \/>\n<meta name=\"robots\" content=\"index, follow, max-snippet:-1, max-image-preview:large, max-video-preview:-1\" \/>\n<link rel=\"canonical\" href=\"https:\/\/versano.nl\/fr\/shop\/dames-leren-biker-jack-zwart-dubbele-rits-versano\/\" \/>\n<meta property=\"og:locale\" content=\"fr_FR\" \/>\n<meta property=\"og:type\" content=\"article\" \/>\n<meta property=\"og:title\" content=\"Dames leren biker jack zwart dubbele rits Versano\" \/>\n<meta property=\"og:description\" content=\"Deze Dames leren biker jack zwart dubbele rits Versano is gemaakt van lamsleder en voelt erg soepel en glad aan. De jas heeft een stoere motor look\" \/>\n<meta property=\"og:url\" content=\"https:\/\/versano.nl\/fr\/shop\/dames-leren-biker-jack-zwart-dubbele-rits-versano\/\" \/>\n<meta property=\"og:site_name\" content=\"Versano\" \/>\n<meta property=\"article:modified_time\" content=\"2021-02-05T14:49:40+00:00\" \/>\n<meta property=\"og:image\" content=\"https:\/\/versano.nl\/wp-content\/uploads\/2018\/04\/leren-bikerjack-dames-zwart-dubbele-rits-versano-342-model.jpg\" \/>\n\t<meta property=\"og:image:width\" content=\"900\" \/>\n\t<meta property=\"og:image:height\" content=\"1176\" \/>\n\t<meta property=\"og:image:type\" content=\"image\/jpeg\" \/>\n<meta name=\"twitter:card\" content=\"summary_large_image\" \/>\n<meta name=\"twitter:label1\" content=\"Dur\u00e9e de lecture estim\u00e9e\" \/>\n\t<meta name=\"twitter:data1\" content=\"1 minute\" \/>\n<script type=\"application\/ld+json\" class=\"yoast-schema-graph\">{\"@context\":\"https:\/\/schema.org\",\"@graph\":[{\"@type\":\"WebPage\",\"@id\":\"https:\/\/versano.nl\/shop\/dames-leren-biker-jack-zwart-dubbele-rits-versano\/\",\"url\":\"https:\/\/versano.nl\/shop\/dames-leren-biker-jack-zwart-dubbele-rits-versano\/\",\"name\":\"Dames leren biker jack zwart dubbele rits Versano\",\"isPartOf\":{\"@id\":\"https:\/\/versano.nl\/#website\"},\"primaryImageOfPage\":{\"@id\":\"https:\/\/versano.nl\/shop\/dames-leren-biker-jack-zwart-dubbele-rits-versano\/#primaryimage\"},\"image\":{\"@id\":\"https:\/\/versano.nl\/shop\/dames-leren-biker-jack-zwart-dubbele-rits-versano\/#primaryimage\"},\"thumbnailUrl\":\"https:\/\/versano.nl\/wp-content\/uploads\/2018\/04\/leren-bikerjack-dames-zwart-dubbele-rits-versano-342-model.jpg\",\"datePublished\":\"2018-04-14T20:04:29+00:00\",\"dateModified\":\"2021-02-05T14:49:40+00:00\",\"description\":\"Deze Dames leren biker jack zwart dubbele rits Versano is gemaakt van lamsleder en voelt erg soepel en glad aan. De jas heeft een stoere motor look\",\"breadcrumb\":{\"@id\":\"https:\/\/versano.nl\/shop\/dames-leren-biker-jack-zwart-dubbele-rits-versano\/#breadcrumb\"},\"inLanguage\":\"fr-FR\",\"potentialAction\":[{\"@type\":\"ReadAction\",\"target\":[\"https:\/\/versano.nl\/shop\/dames-leren-biker-jack-zwart-dubbele-rits-versano\/\"]}]},{\"@type\":\"ImageObject\",\"inLanguage\":\"fr-FR\",\"@id\":\"https:\/\/versano.nl\/shop\/dames-leren-biker-jack-zwart-dubbele-rits-versano\/#primaryimage\",\"url\":\"https:\/\/versano.nl\/wp-content\/uploads\/2018\/04\/leren-bikerjack-dames-zwart-dubbele-rits-versano-342-model.jpg\",\"contentUrl\":\"https:\/\/versano.nl\/wp-content\/uploads\/2018\/04\/leren-bikerjack-dames-zwart-dubbele-rits-versano-342-model.jpg\",\"width\":900,\"height\":1176,\"caption\":\"leren-bikerjack-dames-zwart-dubbele-rits-versano-342-model\"},{\"@type\":\"BreadcrumbList\",\"@id\":\"https:\/\/versano.nl\/shop\/dames-leren-biker-jack-zwart-dubbele-rits-versano\/#breadcrumb\",\"itemListElement\":[{\"@type\":\"ListItem\",\"position\":1,\"name\":\"Home\",\"item\":\"https:\/\/versano.nl\/\"},{\"@type\":\"ListItem\",\"position\":2,\"name\":\"Shop\",\"item\":\"https:\/\/versano.nl\/shop\/\"},{\"@type\":\"ListItem\",\"position\":3,\"name\":\"Dames leren biker jack zwart dubbele rits Versano\"}]},{\"@type\":\"WebSite\",\"@id\":\"https:\/\/versano.nl\/#website\",\"url\":\"https:\/\/versano.nl\/\",\"name\":\"Versano\",\"description\":\"winterjassen met bontkraag | leren dames jassen | leren heren jassen\",\"potentialAction\":[{\"@type\":\"SearchAction\",\"target\":{\"@type\":\"EntryPoint\",\"urlTemplate\":\"https:\/\/versano.nl\/?s={search_term_string}\"},\"query-input\":{\"@type\":\"PropertyValueSpecification\",\"valueRequired\":true,\"valueName\":\"search_term_string\"}}],\"inLanguage\":\"fr-FR\"}]}<\/script>\n<!-- \/ Yoast SEO plugin. -->","yoast_head_json":{"title":"Veste de motard en cuir pour femme noir double fermeture \u00e0 glissi\u00e8re Versano","description":"Cette veste de motard en cuir pour femme noire \u00e0 double fermeture \u00e0 glissi\u00e8re Versano est en cuir d&#039;agneau et est tr\u00e8s lisse au toucher. La veste a un look moto cool","robots":{"index":"index","follow":"follow","max-snippet":"max-snippet:-1","max-image-preview":"max-image-preview:large","max-video-preview":"max-video-preview:-1"},"canonical":"https:\/\/versano.nl\/fr\/shop\/dames-leren-biker-jack-zwart-dubbele-rits-versano\/","og_locale":"fr_FR","og_type":"article","og_title":"Dames leren biker jack zwart dubbele rits Versano","og_description":"Deze Dames leren biker jack zwart dubbele rits Versano is gemaakt van lamsleder en voelt erg soepel en glad aan. De jas heeft een stoere motor look","og_url":"https:\/\/versano.nl\/fr\/shop\/dames-leren-biker-jack-zwart-dubbele-rits-versano\/","og_site_name":"Versano","article_modified_time":"2021-02-05T14:49:40+00:00","og_image":[{"width":900,"height":1176,"url":"https:\/\/versano.nl\/wp-content\/uploads\/2018\/04\/leren-bikerjack-dames-zwart-dubbele-rits-versano-342-model.jpg","type":"image\/jpeg"}],"twitter_card":"summary_large_image","twitter_misc":{"Dur\u00e9e de lecture estim\u00e9e":"1 minute"},"schema":{"@context":"https:\/\/schema.org","@graph":[{"@type":"WebPage","@id":"https:\/\/versano.nl\/shop\/dames-leren-biker-jack-zwart-dubbele-rits-versano\/","url":"https:\/\/versano.nl\/shop\/dames-leren-biker-jack-zwart-dubbele-rits-versano\/","name":"Veste de motard en cuir pour femme noir double fermeture \u00e0 glissi\u00e8re Versano","isPartOf":{"@id":"https:\/\/versano.nl\/#website"},"primaryImageOfPage":{"@id":"https:\/\/versano.nl\/shop\/dames-leren-biker-jack-zwart-dubbele-rits-versano\/#primaryimage"},"image":{"@id":"https:\/\/versano.nl\/shop\/dames-leren-biker-jack-zwart-dubbele-rits-versano\/#primaryimage"},"thumbnailUrl":"https:\/\/versano.nl\/wp-content\/uploads\/2018\/04\/leren-bikerjack-dames-zwart-dubbele-rits-versano-342-model.jpg","datePublished":"2018-04-14T20:04:29+00:00","dateModified":"2021-02-05T14:49:40+00:00","description":"Cette veste de motard en cuir pour femme noire \u00e0 double fermeture \u00e0 glissi\u00e8re Versano est en cuir d&#039;agneau et est tr\u00e8s lisse au toucher. La veste a un look moto cool","breadcrumb":{"@id":"https:\/\/versano.nl\/shop\/dames-leren-biker-jack-zwart-dubbele-rits-versano\/#breadcrumb"},"inLanguage":"fr-FR","potentialAction":[{"@type":"ReadAction","target":["https:\/\/versano.nl\/shop\/dames-leren-biker-jack-zwart-dubbele-rits-versano\/"]}]},{"@type":"ImageObject","inLanguage":"fr-FR","@id":"https:\/\/versano.nl\/shop\/dames-leren-biker-jack-zwart-dubbele-rits-versano\/#primaryimage","url":"https:\/\/versano.nl\/wp-content\/uploads\/2018\/04\/leren-bikerjack-dames-zwart-dubbele-rits-versano-342-model.jpg","contentUrl":"https:\/\/versano.nl\/wp-content\/uploads\/2018\/04\/leren-bikerjack-dames-zwart-dubbele-rits-versano-342-model.jpg","width":900,"height":1176,"caption":"leren-bikerjack-dames-zwart-dubbele-rits-versano-342-model"},{"@type":"BreadcrumbList","@id":"https:\/\/versano.nl\/shop\/dames-leren-biker-jack-zwart-dubbele-rits-versano\/#breadcrumb","itemListElement":[{"@type":"ListItem","position":1,"name":"Home","item":"https:\/\/versano.nl\/"},{"@type":"ListItem","position":2,"name":"Shop","item":"https:\/\/versano.nl\/shop\/"},{"@type":"ListItem","position":3,"name":"Dames leren biker jack zwart dubbele rits Versano"}]},{"@type":"WebSite","@id":"https:\/\/versano.nl\/#website","url":"https:\/\/versano.nl\/","name":"Versano","description":"manteaux d&#039;hiver avec col en fourrure | vestes femme en cuir | vestes en cuir pour hommes","potentialAction":[{"@type":"SearchAction","target":{"@type":"EntryPoint","urlTemplate":"https:\/\/versano.nl\/?s={search_term_string}"},"query-input":{"@type":"PropertyValueSpecification","valueRequired":true,"valueName":"search_term_string"}}],"inLanguage":"fr-FR"}]}},"_links":{"self":[{"href":"https:\/\/versano.nl\/fr\/wp-json\/wp\/v2\/product\/7675","targetHints":{"allow":["GET"]}}],"collection":[{"href":"https:\/\/versano.nl\/fr\/wp-json\/wp\/v2\/product"}],"about":[{"href":"https:\/\/versano.nl\/fr\/wp-json\/wp\/v2\/types\/product"}],"replies":[{"embeddable":true,"href":"https:\/\/versano.nl\/fr\/wp-json\/wp\/v2\/comments?post=7675"}],"wp:featuredmedia":[{"embeddable":true,"href":"https:\/\/versano.nl\/fr\/wp-json\/wp\/v2\/media\/7741"}],"wp:attachment":[{"href":"https:\/\/versano.nl\/fr\/wp-json\/wp\/v2\/media?parent=7675"}],"wp:term":[{"taxonomy":"product_brand","embeddable":true,"href":"https:\/\/versano.nl\/fr\/wp-json\/wp\/v2\/product_brand?post=7675"},{"taxonomy":"product_cat","embeddable":true,"href":"https:\/\/versano.nl\/fr\/wp-json\/wp\/v2\/product_cat?post=7675"},{"taxonomy":"product_tag","embeddable":true,"href":"https:\/\/versano.nl\/fr\/wp-json\/wp\/v2\/product_tag?post=7675"}],"curies":[{"name":"wp","href":"https:\/\/api.w.org\/{rel}","templated":true}]}}