{"id":5384,"date":"2017-05-10T21:14:07","date_gmt":"2017-05-10T21:14:07","guid":{"rendered":"https:\/\/leathershopdoci.nl\/?post_type=product&#038;p=14294"},"modified":"2021-02-05T14:49:40","modified_gmt":"2021-02-05T14:49:40","slug":"leren-bikerjack-dames-cognac-dubbel-rits-versano-342","status":"publish","type":"product","link":"https:\/\/versano.nl\/fr\/shop\/leren-bikerjack-dames-cognac-dubbel-rits-versano-342\/","title":{"rendered":"Mesdames veste motard en cuir cognac \u00e0 double glissi\u00e8re Versano"},"content":{"rendered":"<h2>Pour les meilleures vestes de motards pour aller avec Versano<\/h2>\n<p>C&#039;est une marque une large gamme de belles robes se trouve dans toutes les formes et tailles montr\u00e9s. Prenons par exemple ce dames en cuir cognac veste motard avec fermeture \u00e0 glissi\u00e8re double Versano. Il est une veste parfaitement finie qui est tout \u00e0 fait peau d&#039;agneau. Dames cognac veste motard en cuir \u00e0 double glissi\u00e8re Versano a un col asym\u00e9trique. Cette doctrine est d&#039;une telle qualit\u00e9 qu&#039;il a une belle laver loin. Ce manteau a un joli look vintage. Maintenant, c&#039;est une veste cool que vous souhaitez voir!<\/p>\n<p><strong>Ce beau livre avec la veste Versano<\/strong><br \/>\nLes dames veste de motard en cuir cognac avec double fermeture \u00e9clair Versano est \u00e9quip\u00e9 de quatre poches. Nous parlons de deux poches qui sont \u00e9quip\u00e9s d&#039;une fermeture \u00e9clair, une poche zipp\u00e9e sur la poitrine et \u00e0 l&#039;int\u00e9rieur. Comme les autres vestes dans la gamme de ce Versano est une veste qui en italien est \u00e9quip\u00e9. L&#039;ajustement est si parfait. Vous pouvez aussi nous commander veste en noir. Vous pouvez acheter cette veste facile de r\u00e9server avec nous. Il suffit de choisir la couleur et de bonne taille et que vous avez un manteau vous avec de nombreuses ann\u00e9es d&#039;exp\u00e9rience GOES.<\/p>\n<p>marque: <a href=\"https:\/\/versano.nl\/\" target=\"_blank\" rel=\"noopener noreferrer\">Versano<\/a><br \/>\nMati\u00e8re: 100% cuir d&#039;agneau<br \/>\nDoublure: 100% polyester<br \/>\nLongueur: court<br \/>\nFit: Int\u00e9gr\u00e9 italienne<br \/>\nFermeture: fermeture \u00e9clair<br \/>\nPoches: poches avec zip<br \/>\nCol: un collier sym\u00e9trique<br \/>\ncouche externe Mat\u00e9riel: haute qualit\u00e9 et doux en peau d&#039;agneau<br \/>\nTemps: 1-3 jours<\/p>","protected":false},"excerpt":{"rendered":"<p>Voor de leukste bikerjacks moet u bij Versano zijn Dit is een merk waar een groot assortiment mooie jassen in alle soorten en maten te vinden is. Neem nu bijvoorbeeld dit cognac leren dames bikerjack met dubbele rits van Versano. Het is een perfect afgewerkte jas die geheel is gemaakt [&hellip;]<\/p>\n","protected":false},"featured_media":13950,"comment_status":"closed","ping_status":"closed","template":"","meta":[],"product_brand":[],"product_cat":[90,874,875,877,879,1712,881,882],"product_tag":[439,719,209,151,411,412,98,105,107],"class_list":{"0":"post-5384","1":"product","2":"type-product","3":"status-publish","4":"has-post-thumbnail","6":"product_cat-dames-leren-jassen","7":"product_cat-kort-leren-jasje","8":"product_cat-kort-leren-jasje-dames","9":"product_cat-leren-bikerjacks-dames","10":"product_cat-leren-dames-jassen","11":"product_cat-leren-jassen","12":"product_cat-leren-jassen-dames","13":"product_cat-versano","14":"product_tag-bikerjack-cognac","15":"product_tag-bikerjack-dames-cognac","16":"product_tag-dames-bikerjack-cognac","17":"product_tag-leren-biker-jack-cognac","18":"product_tag-leren-cognac-jas","19":"product_tag-leren-dames-jas-motor-look-cognac","20":"product_tag-leren-jasje","21":"product_tag-versano-leren-jassen","22":"product_tag-zomer-leren-jassen","23":"product_shipping_class-verzendkosten-1","24":"tm-no-options","26":"first","27":"outofstock","28":"taxable","29":"shipping-taxable","30":"product-type-variable"},"yoast_head":"<!-- This site is optimized with the Yoast SEO plugin v27.2 - https:\/\/yoast.com\/product\/yoast-seo-wordpress\/ -->\n<title>Dames leren biker jack cognac dubbel rits Versano<\/title>\n<meta name=\"description\" content=\"Deze Dames leren biker jack cognac dubbel rits Versano is gemaakt van lamsleder en voelt erg soepel en glad aan. De jas heeft een stoere motor look\" \/>\n<meta name=\"robots\" content=\"index, follow, max-snippet:-1, max-image-preview:large, max-video-preview:-1\" \/>\n<link rel=\"canonical\" href=\"https:\/\/versano.nl\/fr\/shop\/leren-bikerjack-dames-cognac-dubbel-rits-versano-342\/\" \/>\n<meta property=\"og:locale\" content=\"fr_FR\" \/>\n<meta property=\"og:type\" content=\"article\" \/>\n<meta property=\"og:title\" content=\"Dames leren biker jack cognac dubbel rits Versano\" \/>\n<meta property=\"og:description\" content=\"Deze Dames leren biker jack cognac dubbel rits Versano is gemaakt van lamsleder en voelt erg soepel en glad aan. De jas heeft een stoere motor look\" \/>\n<meta property=\"og:url\" content=\"https:\/\/versano.nl\/fr\/shop\/leren-bikerjack-dames-cognac-dubbel-rits-versano-342\/\" \/>\n<meta property=\"og:site_name\" content=\"Versano\" \/>\n<meta property=\"article:modified_time\" content=\"2021-02-05T14:49:40+00:00\" \/>\n<meta property=\"og:image\" content=\"https:\/\/versano.nl\/wp-content\/uploads\/2019\/11\/leren-bikerjack-dames-cognac-dubbele-rits-versano-342-model.jpg\" \/>\n\t<meta property=\"og:image:width\" content=\"900\" \/>\n\t<meta property=\"og:image:height\" content=\"1176\" \/>\n\t<meta property=\"og:image:type\" content=\"image\/jpeg\" \/>\n<meta name=\"twitter:card\" content=\"summary_large_image\" \/>\n<meta name=\"twitter:label1\" content=\"Dur\u00e9e de lecture estim\u00e9e\" \/>\n\t<meta name=\"twitter:data1\" content=\"1 minute\" \/>\n<script type=\"application\/ld+json\" class=\"yoast-schema-graph\">{\"@context\":\"https:\/\/schema.org\",\"@graph\":[{\"@type\":\"WebPage\",\"@id\":\"https:\/\/versano.nl\/shop\/leren-bikerjack-dames-cognac-dubbel-rits-versano-342\/\",\"url\":\"https:\/\/versano.nl\/shop\/leren-bikerjack-dames-cognac-dubbel-rits-versano-342\/\",\"name\":\"Dames leren biker jack cognac dubbel rits Versano\",\"isPartOf\":{\"@id\":\"https:\/\/versano.nl\/#website\"},\"primaryImageOfPage\":{\"@id\":\"https:\/\/versano.nl\/shop\/leren-bikerjack-dames-cognac-dubbel-rits-versano-342\/#primaryimage\"},\"image\":{\"@id\":\"https:\/\/versano.nl\/shop\/leren-bikerjack-dames-cognac-dubbel-rits-versano-342\/#primaryimage\"},\"thumbnailUrl\":\"https:\/\/versano.nl\/wp-content\/uploads\/2019\/11\/leren-bikerjack-dames-cognac-dubbele-rits-versano-342-model.jpg\",\"datePublished\":\"2017-05-10T21:14:07+00:00\",\"dateModified\":\"2021-02-05T14:49:40+00:00\",\"description\":\"Deze Dames leren biker jack cognac dubbel rits Versano is gemaakt van lamsleder en voelt erg soepel en glad aan. De jas heeft een stoere motor look\",\"breadcrumb\":{\"@id\":\"https:\/\/versano.nl\/shop\/leren-bikerjack-dames-cognac-dubbel-rits-versano-342\/#breadcrumb\"},\"inLanguage\":\"fr-FR\",\"potentialAction\":[{\"@type\":\"ReadAction\",\"target\":[\"https:\/\/versano.nl\/shop\/leren-bikerjack-dames-cognac-dubbel-rits-versano-342\/\"]}]},{\"@type\":\"ImageObject\",\"inLanguage\":\"fr-FR\",\"@id\":\"https:\/\/versano.nl\/shop\/leren-bikerjack-dames-cognac-dubbel-rits-versano-342\/#primaryimage\",\"url\":\"https:\/\/versano.nl\/wp-content\/uploads\/2019\/11\/leren-bikerjack-dames-cognac-dubbele-rits-versano-342-model.jpg\",\"contentUrl\":\"https:\/\/versano.nl\/wp-content\/uploads\/2019\/11\/leren-bikerjack-dames-cognac-dubbele-rits-versano-342-model.jpg\",\"width\":900,\"height\":1176,\"caption\":\"leren-bikerjack-dames-cognac-dubbele-rits-versano-342-model\"},{\"@type\":\"BreadcrumbList\",\"@id\":\"https:\/\/versano.nl\/shop\/leren-bikerjack-dames-cognac-dubbel-rits-versano-342\/#breadcrumb\",\"itemListElement\":[{\"@type\":\"ListItem\",\"position\":1,\"name\":\"Home\",\"item\":\"https:\/\/versano.nl\/\"},{\"@type\":\"ListItem\",\"position\":2,\"name\":\"Shop\",\"item\":\"https:\/\/versano.nl\/shop\/\"},{\"@type\":\"ListItem\",\"position\":3,\"name\":\"Dames leren biker jack cognac dubbel rits Versano\"}]},{\"@type\":\"WebSite\",\"@id\":\"https:\/\/versano.nl\/#website\",\"url\":\"https:\/\/versano.nl\/\",\"name\":\"Versano\",\"description\":\"winterjassen met bontkraag | leren dames jassen | leren heren jassen\",\"potentialAction\":[{\"@type\":\"SearchAction\",\"target\":{\"@type\":\"EntryPoint\",\"urlTemplate\":\"https:\/\/versano.nl\/?s={search_term_string}\"},\"query-input\":{\"@type\":\"PropertyValueSpecification\",\"valueRequired\":true,\"valueName\":\"search_term_string\"}}],\"inLanguage\":\"fr-FR\"}]}<\/script>\n<!-- \/ Yoast SEO plugin. -->","yoast_head_json":{"title":"Mesdames veste motard en cuir cognac \u00e0 double glissi\u00e8re Versano","description":"Cette veste de motard en cuir pour dames \u00e0 double fermeture \u00e9clair cognac Versano est en cuir d&#039;agneau et est tr\u00e8s lisse au toucher. La veste a un look moto cool","robots":{"index":"index","follow":"follow","max-snippet":"max-snippet:-1","max-image-preview":"max-image-preview:large","max-video-preview":"max-video-preview:-1"},"canonical":"https:\/\/versano.nl\/fr\/shop\/leren-bikerjack-dames-cognac-dubbel-rits-versano-342\/","og_locale":"fr_FR","og_type":"article","og_title":"Dames leren biker jack cognac dubbel rits Versano","og_description":"Deze Dames leren biker jack cognac dubbel rits Versano is gemaakt van lamsleder en voelt erg soepel en glad aan. De jas heeft een stoere motor look","og_url":"https:\/\/versano.nl\/fr\/shop\/leren-bikerjack-dames-cognac-dubbel-rits-versano-342\/","og_site_name":"Versano","article_modified_time":"2021-02-05T14:49:40+00:00","og_image":[{"width":900,"height":1176,"url":"https:\/\/versano.nl\/wp-content\/uploads\/2019\/11\/leren-bikerjack-dames-cognac-dubbele-rits-versano-342-model.jpg","type":"image\/jpeg"}],"twitter_card":"summary_large_image","twitter_misc":{"Dur\u00e9e de lecture estim\u00e9e":"1 minute"},"schema":{"@context":"https:\/\/schema.org","@graph":[{"@type":"WebPage","@id":"https:\/\/versano.nl\/shop\/leren-bikerjack-dames-cognac-dubbel-rits-versano-342\/","url":"https:\/\/versano.nl\/shop\/leren-bikerjack-dames-cognac-dubbel-rits-versano-342\/","name":"Mesdames veste motard en cuir cognac \u00e0 double glissi\u00e8re Versano","isPartOf":{"@id":"https:\/\/versano.nl\/#website"},"primaryImageOfPage":{"@id":"https:\/\/versano.nl\/shop\/leren-bikerjack-dames-cognac-dubbel-rits-versano-342\/#primaryimage"},"image":{"@id":"https:\/\/versano.nl\/shop\/leren-bikerjack-dames-cognac-dubbel-rits-versano-342\/#primaryimage"},"thumbnailUrl":"https:\/\/versano.nl\/wp-content\/uploads\/2019\/11\/leren-bikerjack-dames-cognac-dubbele-rits-versano-342-model.jpg","datePublished":"2017-05-10T21:14:07+00:00","dateModified":"2021-02-05T14:49:40+00:00","description":"Cette veste de motard en cuir pour dames \u00e0 double fermeture \u00e9clair cognac Versano est en cuir d&#039;agneau et est tr\u00e8s lisse au toucher. La veste a un look moto cool","breadcrumb":{"@id":"https:\/\/versano.nl\/shop\/leren-bikerjack-dames-cognac-dubbel-rits-versano-342\/#breadcrumb"},"inLanguage":"fr-FR","potentialAction":[{"@type":"ReadAction","target":["https:\/\/versano.nl\/shop\/leren-bikerjack-dames-cognac-dubbel-rits-versano-342\/"]}]},{"@type":"ImageObject","inLanguage":"fr-FR","@id":"https:\/\/versano.nl\/shop\/leren-bikerjack-dames-cognac-dubbel-rits-versano-342\/#primaryimage","url":"https:\/\/versano.nl\/wp-content\/uploads\/2019\/11\/leren-bikerjack-dames-cognac-dubbele-rits-versano-342-model.jpg","contentUrl":"https:\/\/versano.nl\/wp-content\/uploads\/2019\/11\/leren-bikerjack-dames-cognac-dubbele-rits-versano-342-model.jpg","width":900,"height":1176,"caption":"leren-bikerjack-dames-cognac-dubbele-rits-versano-342-model"},{"@type":"BreadcrumbList","@id":"https:\/\/versano.nl\/shop\/leren-bikerjack-dames-cognac-dubbel-rits-versano-342\/#breadcrumb","itemListElement":[{"@type":"ListItem","position":1,"name":"Home","item":"https:\/\/versano.nl\/"},{"@type":"ListItem","position":2,"name":"Shop","item":"https:\/\/versano.nl\/shop\/"},{"@type":"ListItem","position":3,"name":"Dames leren biker jack cognac dubbel rits Versano"}]},{"@type":"WebSite","@id":"https:\/\/versano.nl\/#website","url":"https:\/\/versano.nl\/","name":"Versano","description":"manteaux d&#039;hiver avec col en fourrure | vestes femme en cuir | vestes en cuir pour hommes","potentialAction":[{"@type":"SearchAction","target":{"@type":"EntryPoint","urlTemplate":"https:\/\/versano.nl\/?s={search_term_string}"},"query-input":{"@type":"PropertyValueSpecification","valueRequired":true,"valueName":"search_term_string"}}],"inLanguage":"fr-FR"}]}},"_links":{"self":[{"href":"https:\/\/versano.nl\/fr\/wp-json\/wp\/v2\/product\/5384","targetHints":{"allow":["GET"]}}],"collection":[{"href":"https:\/\/versano.nl\/fr\/wp-json\/wp\/v2\/product"}],"about":[{"href":"https:\/\/versano.nl\/fr\/wp-json\/wp\/v2\/types\/product"}],"replies":[{"embeddable":true,"href":"https:\/\/versano.nl\/fr\/wp-json\/wp\/v2\/comments?post=5384"}],"wp:featuredmedia":[{"embeddable":true,"href":"https:\/\/versano.nl\/fr\/wp-json\/wp\/v2\/media\/13950"}],"wp:attachment":[{"href":"https:\/\/versano.nl\/fr\/wp-json\/wp\/v2\/media?parent=5384"}],"wp:term":[{"taxonomy":"product_brand","embeddable":true,"href":"https:\/\/versano.nl\/fr\/wp-json\/wp\/v2\/product_brand?post=5384"},{"taxonomy":"product_cat","embeddable":true,"href":"https:\/\/versano.nl\/fr\/wp-json\/wp\/v2\/product_cat?post=5384"},{"taxonomy":"product_tag","embeddable":true,"href":"https:\/\/versano.nl\/fr\/wp-json\/wp\/v2\/product_tag?post=5384"}],"curies":[{"name":"wp","href":"https:\/\/api.w.org\/{rel}","templated":true}]}}