{"id":5237,"date":"2015-10-08T19:37:29","date_gmt":"2015-10-08T19:37:29","guid":{"rendered":"http:\/\/leathershopdoci.nl\/?post_type=product&#038;p=8106"},"modified":"2019-10-01T17:54:57","modified_gmt":"2019-10-01T17:54:57","slug":"versano-machetkragen-wit","status":"publish","type":"product","link":"https:\/\/versano.nl\/fr\/shop\/versano-machetkragen-wit\/","title":{"rendered":"Versano Machetkragen Art fourrure blanche"},"content":{"rendered":"<p><strong>Versano Machetkragen Art fourrure blanche<br \/>\n<\/strong><\/p>\n<p>nombre: par paire<br \/>\nmat\u00e9riau: fourrure synth\u00e9tique artificielle<br \/>\nfixation: les colliers sont serr\u00e9s autour du manchon<\/p>\n<p>: 2-4 jours<\/p>","protected":false},"excerpt":{"rendered":"<p>Ce colliers boutons de manchette sont Versano fourrure blanche et faux. Les colliers clip que vous coinc\u00e9 \u00e0 l&#039;extr\u00e9mit\u00e9 du manchon et sont \u00e9galement disponibles en vraie fourrure naturelle. Les colliers sont une paire.<\/p>","protected":false},"featured_media":5238,"comment_status":"closed","ping_status":"closed","template":"","meta":[],"product_brand":[],"product_cat":[720],"product_tag":[276,277,281,282],"class_list":{"0":"post-5237","1":"product","2":"type-product","3":"status-publish","4":"has-post-thumbnail","6":"product_cat-manchet-bontkragen","7":"product_tag-bontkraag","8":"product_tag-echte-bontkraag","9":"product_tag-nep-bontkraag","10":"product_tag-raccoon-bontkraag","11":"product_shipping_class-verzendkosten-1","12":"tm-no-options","14":"first","15":"outofstock","16":"sale","17":"taxable","18":"shipping-taxable","19":"purchasable","20":"product-type-simple"},"yoast_head":"<!-- This site is optimized with the Yoast SEO plugin v27.2 - https:\/\/yoast.com\/product\/yoast-seo-wordpress\/ -->\n<title>Versano Machetkragen Kunstbont Wit<\/title>\n<meta name=\"description\" content=\"Versano Machetkragen Kunstbont Wit . Als u geen echte bontkraag op uw jas wil, dan zijn de kunst bontkragen van Versano ideaal.\" \/>\n<meta name=\"robots\" content=\"index, follow, max-snippet:-1, max-image-preview:large, max-video-preview:-1\" \/>\n<link rel=\"canonical\" href=\"https:\/\/versano.nl\/fr\/shop\/versano-machetkragen-wit\/\" \/>\n<meta property=\"og:locale\" content=\"fr_FR\" \/>\n<meta property=\"og:type\" content=\"article\" \/>\n<meta property=\"og:title\" content=\"Versano Machetkragen Kunstbont Wit\" \/>\n<meta property=\"og:description\" content=\"Versano Machetkragen Kunstbont Wit . Als u geen echte bontkraag op uw jas wil, dan zijn de kunst bontkragen van Versano ideaal.\" \/>\n<meta property=\"og:url\" content=\"https:\/\/versano.nl\/fr\/shop\/versano-machetkragen-wit\/\" \/>\n<meta property=\"og:site_name\" content=\"Versano\" \/>\n<meta property=\"article:modified_time\" content=\"2019-10-01T17:54:57+00:00\" \/>\n<meta property=\"og:image\" content=\"https:\/\/versano.nl\/wp-content\/uploads\/2017\/05\/Manchet-kraag-wit.jpg\" \/>\n\t<meta property=\"og:image:width\" content=\"750\" \/>\n\t<meta property=\"og:image:height\" content=\"980\" \/>\n\t<meta property=\"og:image:type\" content=\"image\/jpeg\" \/>\n<meta name=\"twitter:card\" content=\"summary_large_image\" \/>\n<script type=\"application\/ld+json\" class=\"yoast-schema-graph\">{\"@context\":\"https:\/\/schema.org\",\"@graph\":[{\"@type\":\"WebPage\",\"@id\":\"https:\/\/versano.nl\/shop\/versano-machetkragen-wit\/\",\"url\":\"https:\/\/versano.nl\/shop\/versano-machetkragen-wit\/\",\"name\":\"Versano Machetkragen Kunstbont Wit\",\"isPartOf\":{\"@id\":\"https:\/\/versano.nl\/#website\"},\"primaryImageOfPage\":{\"@id\":\"https:\/\/versano.nl\/shop\/versano-machetkragen-wit\/#primaryimage\"},\"image\":{\"@id\":\"https:\/\/versano.nl\/shop\/versano-machetkragen-wit\/#primaryimage\"},\"thumbnailUrl\":\"https:\/\/versano.nl\/wp-content\/uploads\/2017\/05\/Manchet-kraag-wit.jpg\",\"datePublished\":\"2015-10-08T19:37:29+00:00\",\"dateModified\":\"2019-10-01T17:54:57+00:00\",\"description\":\"Versano Machetkragen Kunstbont Wit . Als u geen echte bontkraag op uw jas wil, dan zijn de kunst bontkragen van Versano ideaal.\",\"breadcrumb\":{\"@id\":\"https:\/\/versano.nl\/shop\/versano-machetkragen-wit\/#breadcrumb\"},\"inLanguage\":\"fr-FR\",\"potentialAction\":[{\"@type\":\"ReadAction\",\"target\":[\"https:\/\/versano.nl\/shop\/versano-machetkragen-wit\/\"]}]},{\"@type\":\"ImageObject\",\"inLanguage\":\"fr-FR\",\"@id\":\"https:\/\/versano.nl\/shop\/versano-machetkragen-wit\/#primaryimage\",\"url\":\"https:\/\/versano.nl\/wp-content\/uploads\/2017\/05\/Manchet-kraag-wit.jpg\",\"contentUrl\":\"https:\/\/versano.nl\/wp-content\/uploads\/2017\/05\/Manchet-kraag-wit.jpg\",\"width\":750,\"height\":980},{\"@type\":\"BreadcrumbList\",\"@id\":\"https:\/\/versano.nl\/shop\/versano-machetkragen-wit\/#breadcrumb\",\"itemListElement\":[{\"@type\":\"ListItem\",\"position\":1,\"name\":\"Home\",\"item\":\"https:\/\/versano.nl\/\"},{\"@type\":\"ListItem\",\"position\":2,\"name\":\"Shop\",\"item\":\"https:\/\/versano.nl\/shop\/\"},{\"@type\":\"ListItem\",\"position\":3,\"name\":\"Versano Machetkragen Kunstbont Wit\"}]},{\"@type\":\"WebSite\",\"@id\":\"https:\/\/versano.nl\/#website\",\"url\":\"https:\/\/versano.nl\/\",\"name\":\"Versano\",\"description\":\"winterjassen met bontkraag | leren dames jassen | leren heren jassen\",\"potentialAction\":[{\"@type\":\"SearchAction\",\"target\":{\"@type\":\"EntryPoint\",\"urlTemplate\":\"https:\/\/versano.nl\/?s={search_term_string}\"},\"query-input\":{\"@type\":\"PropertyValueSpecification\",\"valueRequired\":true,\"valueName\":\"search_term_string\"}}],\"inLanguage\":\"fr-FR\"}]}<\/script>\n<!-- \/ Yoast SEO plugin. -->","yoast_head_json":{"title":"Versano Machetkragen Art fourrure blanche","description":"Versano Machet Collars Artificial White. Si vous ne voulez pas que votre veste soit dot\u00e9e d&#039;un v\u00e9ritable col en fourrure, les cols en fourrure art de Versano sont parfaits.","robots":{"index":"index","follow":"follow","max-snippet":"max-snippet:-1","max-image-preview":"max-image-preview:large","max-video-preview":"max-video-preview:-1"},"canonical":"https:\/\/versano.nl\/fr\/shop\/versano-machetkragen-wit\/","og_locale":"fr_FR","og_type":"article","og_title":"Versano Machetkragen Kunstbont Wit","og_description":"Versano Machetkragen Kunstbont Wit . Als u geen echte bontkraag op uw jas wil, dan zijn de kunst bontkragen van Versano ideaal.","og_url":"https:\/\/versano.nl\/fr\/shop\/versano-machetkragen-wit\/","og_site_name":"Versano","article_modified_time":"2019-10-01T17:54:57+00:00","og_image":[{"width":750,"height":980,"url":"https:\/\/versano.nl\/wp-content\/uploads\/2017\/05\/Manchet-kraag-wit.jpg","type":"image\/jpeg"}],"twitter_card":"summary_large_image","schema":{"@context":"https:\/\/schema.org","@graph":[{"@type":"WebPage","@id":"https:\/\/versano.nl\/shop\/versano-machetkragen-wit\/","url":"https:\/\/versano.nl\/shop\/versano-machetkragen-wit\/","name":"Versano Machetkragen Art fourrure blanche","isPartOf":{"@id":"https:\/\/versano.nl\/#website"},"primaryImageOfPage":{"@id":"https:\/\/versano.nl\/shop\/versano-machetkragen-wit\/#primaryimage"},"image":{"@id":"https:\/\/versano.nl\/shop\/versano-machetkragen-wit\/#primaryimage"},"thumbnailUrl":"https:\/\/versano.nl\/wp-content\/uploads\/2017\/05\/Manchet-kraag-wit.jpg","datePublished":"2015-10-08T19:37:29+00:00","dateModified":"2019-10-01T17:54:57+00:00","description":"Versano Machet Collars Artificial White. Si vous ne voulez pas que votre veste soit dot\u00e9e d&#039;un v\u00e9ritable col en fourrure, les cols en fourrure art de Versano sont parfaits.","breadcrumb":{"@id":"https:\/\/versano.nl\/shop\/versano-machetkragen-wit\/#breadcrumb"},"inLanguage":"fr-FR","potentialAction":[{"@type":"ReadAction","target":["https:\/\/versano.nl\/shop\/versano-machetkragen-wit\/"]}]},{"@type":"ImageObject","inLanguage":"fr-FR","@id":"https:\/\/versano.nl\/shop\/versano-machetkragen-wit\/#primaryimage","url":"https:\/\/versano.nl\/wp-content\/uploads\/2017\/05\/Manchet-kraag-wit.jpg","contentUrl":"https:\/\/versano.nl\/wp-content\/uploads\/2017\/05\/Manchet-kraag-wit.jpg","width":750,"height":980},{"@type":"BreadcrumbList","@id":"https:\/\/versano.nl\/shop\/versano-machetkragen-wit\/#breadcrumb","itemListElement":[{"@type":"ListItem","position":1,"name":"Home","item":"https:\/\/versano.nl\/"},{"@type":"ListItem","position":2,"name":"Shop","item":"https:\/\/versano.nl\/shop\/"},{"@type":"ListItem","position":3,"name":"Versano Machetkragen Kunstbont Wit"}]},{"@type":"WebSite","@id":"https:\/\/versano.nl\/#website","url":"https:\/\/versano.nl\/","name":"Versano","description":"manteaux d&#039;hiver avec col en fourrure | vestes femme en cuir | vestes en cuir pour hommes","potentialAction":[{"@type":"SearchAction","target":{"@type":"EntryPoint","urlTemplate":"https:\/\/versano.nl\/?s={search_term_string}"},"query-input":{"@type":"PropertyValueSpecification","valueRequired":true,"valueName":"search_term_string"}}],"inLanguage":"fr-FR"}]}},"_links":{"self":[{"href":"https:\/\/versano.nl\/fr\/wp-json\/wp\/v2\/product\/5237","targetHints":{"allow":["GET"]}}],"collection":[{"href":"https:\/\/versano.nl\/fr\/wp-json\/wp\/v2\/product"}],"about":[{"href":"https:\/\/versano.nl\/fr\/wp-json\/wp\/v2\/types\/product"}],"replies":[{"embeddable":true,"href":"https:\/\/versano.nl\/fr\/wp-json\/wp\/v2\/comments?post=5237"}],"wp:featuredmedia":[{"embeddable":true,"href":"https:\/\/versano.nl\/fr\/wp-json\/wp\/v2\/media\/5238"}],"wp:attachment":[{"href":"https:\/\/versano.nl\/fr\/wp-json\/wp\/v2\/media?parent=5237"}],"wp:term":[{"taxonomy":"product_brand","embeddable":true,"href":"https:\/\/versano.nl\/fr\/wp-json\/wp\/v2\/product_brand?post=5237"},{"taxonomy":"product_cat","embeddable":true,"href":"https:\/\/versano.nl\/fr\/wp-json\/wp\/v2\/product_cat?post=5237"},{"taxonomy":"product_tag","embeddable":true,"href":"https:\/\/versano.nl\/fr\/wp-json\/wp\/v2\/product_tag?post=5237"}],"curies":[{"name":"wp","href":"https:\/\/api.w.org\/{rel}","templated":true}]}}