{"id":5161,"date":"2016-04-05T11:24:48","date_gmt":"2016-04-05T11:24:48","guid":{"rendered":"http:\/\/leathershopdoci.nl\/?post_type=product&#038;p=10123"},"modified":"2020-04-17T15:12:31","modified_gmt":"2020-04-17T15:12:31","slug":"dames-leren-jas-versano-315-taupe","status":"publish","type":"product","link":"https:\/\/versano.nl\/fr\/shop\/dames-leren-jas-versano-315-taupe\/","title":{"rendered":"Dames Veste en cuir taupe"},"content":{"rendered":"<h2>dames manteau de cuir taupe<\/h2>\n<p>Vous cherchez une veste en cuir chic, vous prenez plaisir \u00e0 se promener? En Versano ils savent comment \u00eatre con\u00e7u et produit une telle veste. Prenez par exemple cette belle veste dames en cuir taupe avec un col rond Versano. Ceci est une veste, vous ne pouvez pas le nier, semble sublime. La finition est absolument parfait et tous les \u00e9l\u00e9ments sont bien coordonn\u00e9s. Ceci est l&#039;un des mod\u00e8les de base de Versano et en tant que telle un de nos succ\u00e8s. Il est disponible en cuir d&#039;agneau durable, mais si vous pr\u00e9f\u00e9rez ne pas porter, nous avons \u00e9galement port\u00e9 ce manteau dans plusieurs types de cuir imitation.<\/p>\n<p><strong>Commandez la veste en cuir taupe Versano<\/strong><br \/>\nSi vous commandez ce beau manteau avec nous, vous obtenez une veste dans la maison qui est faite de mat\u00e9riaux fins. Vous pouvez continuer \u00e0 laver la veste, sans avoir \u00e0 craindre que le style de la veste est affect\u00e9e. Il a un pelage qui est facile \u00e0 combiner avec diff\u00e9rents types de v\u00eatements. Pensez \u00e0 une jupe, mais aussi un jean difficile. La veste a quatre poches, deux poches et deux petites poches sur la poitrine.<\/p>\n<p>marque: <a href=\"https:\/\/versano.nl\/\" target=\"_blank\" rel=\"noopener noreferrer\">Versano<\/a><br \/>\nMati\u00e8re: 100% cuir d&#039;agneau<br \/>\nDoublure: 100% polyester<br \/>\nLongueur: court<br \/>\nFit: normal<br \/>\nFermeture: fermeture \u00e9clair<br \/>\nPoches: poches avec zip<br \/>\nCol: col montant<br \/>\ncouche externe Mat\u00e9riel: haute qualit\u00e9 et doux en peau d&#039;agneau<br \/>\nTemps: 1-3 jours<\/p>","protected":false},"excerpt":{"rendered":"<p>Lederen dames jas taupe Op zoek naar een chique leren jas waar u met plezier in rondloopt? Bij Versano weten ze wel hoe een dergelijke jas ontworpen en geproduceerd moet worden. Neem bijvoorbeeld eens deze mooie lederen dames Jas taupe met ronde kraag van Versano. Dit is een jas die, [&hellip;]<\/p>\n","protected":false},"featured_media":14064,"comment_status":"closed","ping_status":"closed","template":"","meta":[],"product_brand":[],"product_cat":[90],"product_tag":[696,95,98,349,142,101,697,105,106,107],"class_list":{"0":"post-5161","1":"product","2":"type-product","3":"status-publish","4":"has-post-thumbnail","6":"product_cat-dames-leren-jassen","7":"product_tag-dames-leren-jas-taupe","8":"product_tag-korte-leren-jassen","9":"product_tag-leren-jasje","10":"product_tag-leren-jassen","11":"product_tag-online-dames-leren-jassen","12":"product_tag-online-leren-jassen","13":"product_tag-taupe","14":"product_tag-versano-leren-jassen","15":"product_tag-winter-leren-jassen","16":"product_tag-zomer-leren-jassen","17":"tm-no-options","19":"first","20":"outofstock","21":"taxable","22":"shipping-taxable","23":"purchasable","24":"product-type-variable"},"yoast_head":"<!-- This site is optimized with the Yoast SEO plugin v27.2 - https:\/\/yoast.com\/product\/yoast-seo-wordpress\/ -->\n<title>Dames leren jassen taupe, Lederen dames jas taupe<\/title>\n<meta name=\"description\" content=\"Met de Lederen dames jas taupe mag je echt gezien worden. Deze jas is gemaakt van lamsleer, en heeft door de taillering een uitstekende pasvorm.\" \/>\n<meta name=\"robots\" content=\"index, follow, max-snippet:-1, max-image-preview:large, max-video-preview:-1\" \/>\n<link rel=\"canonical\" href=\"https:\/\/versano.nl\/fr\/shop\/dames-leren-jas-versano-315-taupe\/\" \/>\n<meta property=\"og:locale\" content=\"fr_FR\" \/>\n<meta property=\"og:type\" content=\"article\" \/>\n<meta property=\"og:title\" content=\"Dames leren jassen taupe, Lederen dames jas taupe\" \/>\n<meta property=\"og:description\" content=\"Met de Lederen dames jas taupe mag je echt gezien worden. Deze jas is gemaakt van lamsleer, en heeft door de taillering een uitstekende pasvorm.\" \/>\n<meta property=\"og:url\" content=\"https:\/\/versano.nl\/fr\/shop\/dames-leren-jas-versano-315-taupe\/\" \/>\n<meta property=\"og:site_name\" content=\"Versano\" \/>\n<meta property=\"article:modified_time\" content=\"2020-04-17T15:12:31+00:00\" \/>\n<meta property=\"og:image\" content=\"https:\/\/versano.nl\/wp-content\/uploads\/2019\/11\/leren-jas-dames-taupe-versano-315-voor.jpg\" \/>\n\t<meta property=\"og:image:width\" content=\"750\" \/>\n\t<meta property=\"og:image:height\" content=\"975\" \/>\n\t<meta property=\"og:image:type\" content=\"image\/jpeg\" \/>\n<meta name=\"twitter:card\" content=\"summary_large_image\" \/>\n<meta name=\"twitter:label1\" content=\"Dur\u00e9e de lecture estim\u00e9e\" \/>\n\t<meta name=\"twitter:data1\" content=\"1 minute\" \/>\n<script type=\"application\/ld+json\" class=\"yoast-schema-graph\">{\"@context\":\"https:\/\/schema.org\",\"@graph\":[{\"@type\":\"WebPage\",\"@id\":\"https:\/\/versano.nl\/shop\/dames-leren-jas-versano-315-taupe\/\",\"url\":\"https:\/\/versano.nl\/shop\/dames-leren-jas-versano-315-taupe\/\",\"name\":\"Dames leren jassen taupe, Lederen dames jas taupe\",\"isPartOf\":{\"@id\":\"https:\/\/versano.nl\/#website\"},\"primaryImageOfPage\":{\"@id\":\"https:\/\/versano.nl\/shop\/dames-leren-jas-versano-315-taupe\/#primaryimage\"},\"image\":{\"@id\":\"https:\/\/versano.nl\/shop\/dames-leren-jas-versano-315-taupe\/#primaryimage\"},\"thumbnailUrl\":\"https:\/\/versano.nl\/wp-content\/uploads\/2019\/11\/leren-jas-dames-taupe-versano-315-voor.jpg\",\"datePublished\":\"2016-04-05T11:24:48+00:00\",\"dateModified\":\"2020-04-17T15:12:31+00:00\",\"description\":\"Met de Lederen dames jas taupe mag je echt gezien worden. Deze jas is gemaakt van lamsleer, en heeft door de taillering een uitstekende pasvorm.\",\"breadcrumb\":{\"@id\":\"https:\/\/versano.nl\/shop\/dames-leren-jas-versano-315-taupe\/#breadcrumb\"},\"inLanguage\":\"fr-FR\",\"potentialAction\":[{\"@type\":\"ReadAction\",\"target\":[\"https:\/\/versano.nl\/shop\/dames-leren-jas-versano-315-taupe\/\"]}]},{\"@type\":\"ImageObject\",\"inLanguage\":\"fr-FR\",\"@id\":\"https:\/\/versano.nl\/shop\/dames-leren-jas-versano-315-taupe\/#primaryimage\",\"url\":\"https:\/\/versano.nl\/wp-content\/uploads\/2019\/11\/leren-jas-dames-taupe-versano-315-voor.jpg\",\"contentUrl\":\"https:\/\/versano.nl\/wp-content\/uploads\/2019\/11\/leren-jas-dames-taupe-versano-315-voor.jpg\",\"width\":750,\"height\":975,\"caption\":\"Leren dames jas 315 taupe\/camel Versano\"},{\"@type\":\"BreadcrumbList\",\"@id\":\"https:\/\/versano.nl\/shop\/dames-leren-jas-versano-315-taupe\/#breadcrumb\",\"itemListElement\":[{\"@type\":\"ListItem\",\"position\":1,\"name\":\"Home\",\"item\":\"https:\/\/versano.nl\/\"},{\"@type\":\"ListItem\",\"position\":2,\"name\":\"Shop\",\"item\":\"https:\/\/versano.nl\/shop\/\"},{\"@type\":\"ListItem\",\"position\":3,\"name\":\"Lederen dames Jas Taupe\"}]},{\"@type\":\"WebSite\",\"@id\":\"https:\/\/versano.nl\/#website\",\"url\":\"https:\/\/versano.nl\/\",\"name\":\"Versano\",\"description\":\"winterjassen met bontkraag | leren dames jassen | leren heren jassen\",\"potentialAction\":[{\"@type\":\"SearchAction\",\"target\":{\"@type\":\"EntryPoint\",\"urlTemplate\":\"https:\/\/versano.nl\/?s={search_term_string}\"},\"query-input\":{\"@type\":\"PropertyValueSpecification\",\"valueRequired\":true,\"valueName\":\"search_term_string\"}}],\"inLanguage\":\"fr-FR\"}]}<\/script>\n<!-- \/ Yoast SEO plugin. -->","yoast_head_json":{"title":"Vestes en cuir pour femmes taupe, veste en cuir pour dames taupe","description":"Avec la veste en cuir taupe pour femme, vous \u00eates vraiment visible. Cette veste est en cuir d&#039;agneau et pr\u00e9sente un excellent ajustement gr\u00e2ce \u00e0 la taille.","robots":{"index":"index","follow":"follow","max-snippet":"max-snippet:-1","max-image-preview":"max-image-preview:large","max-video-preview":"max-video-preview:-1"},"canonical":"https:\/\/versano.nl\/fr\/shop\/dames-leren-jas-versano-315-taupe\/","og_locale":"fr_FR","og_type":"article","og_title":"Dames leren jassen taupe, Lederen dames jas taupe","og_description":"Met de Lederen dames jas taupe mag je echt gezien worden. Deze jas is gemaakt van lamsleer, en heeft door de taillering een uitstekende pasvorm.","og_url":"https:\/\/versano.nl\/fr\/shop\/dames-leren-jas-versano-315-taupe\/","og_site_name":"Versano","article_modified_time":"2020-04-17T15:12:31+00:00","og_image":[{"width":750,"height":975,"url":"https:\/\/versano.nl\/wp-content\/uploads\/2019\/11\/leren-jas-dames-taupe-versano-315-voor.jpg","type":"image\/jpeg"}],"twitter_card":"summary_large_image","twitter_misc":{"Dur\u00e9e de lecture estim\u00e9e":"1 minute"},"schema":{"@context":"https:\/\/schema.org","@graph":[{"@type":"WebPage","@id":"https:\/\/versano.nl\/shop\/dames-leren-jas-versano-315-taupe\/","url":"https:\/\/versano.nl\/shop\/dames-leren-jas-versano-315-taupe\/","name":"Vestes en cuir pour femmes taupe, veste en cuir pour dames taupe","isPartOf":{"@id":"https:\/\/versano.nl\/#website"},"primaryImageOfPage":{"@id":"https:\/\/versano.nl\/shop\/dames-leren-jas-versano-315-taupe\/#primaryimage"},"image":{"@id":"https:\/\/versano.nl\/shop\/dames-leren-jas-versano-315-taupe\/#primaryimage"},"thumbnailUrl":"https:\/\/versano.nl\/wp-content\/uploads\/2019\/11\/leren-jas-dames-taupe-versano-315-voor.jpg","datePublished":"2016-04-05T11:24:48+00:00","dateModified":"2020-04-17T15:12:31+00:00","description":"Avec la veste en cuir taupe pour femme, vous \u00eates vraiment visible. Cette veste est en cuir d&#039;agneau et pr\u00e9sente un excellent ajustement gr\u00e2ce \u00e0 la taille.","breadcrumb":{"@id":"https:\/\/versano.nl\/shop\/dames-leren-jas-versano-315-taupe\/#breadcrumb"},"inLanguage":"fr-FR","potentialAction":[{"@type":"ReadAction","target":["https:\/\/versano.nl\/shop\/dames-leren-jas-versano-315-taupe\/"]}]},{"@type":"ImageObject","inLanguage":"fr-FR","@id":"https:\/\/versano.nl\/shop\/dames-leren-jas-versano-315-taupe\/#primaryimage","url":"https:\/\/versano.nl\/wp-content\/uploads\/2019\/11\/leren-jas-dames-taupe-versano-315-voor.jpg","contentUrl":"https:\/\/versano.nl\/wp-content\/uploads\/2019\/11\/leren-jas-dames-taupe-versano-315-voor.jpg","width":750,"height":975,"caption":"Leren dames jas 315 taupe\/camel Versano"},{"@type":"BreadcrumbList","@id":"https:\/\/versano.nl\/shop\/dames-leren-jas-versano-315-taupe\/#breadcrumb","itemListElement":[{"@type":"ListItem","position":1,"name":"Home","item":"https:\/\/versano.nl\/"},{"@type":"ListItem","position":2,"name":"Shop","item":"https:\/\/versano.nl\/shop\/"},{"@type":"ListItem","position":3,"name":"Lederen dames Jas Taupe"}]},{"@type":"WebSite","@id":"https:\/\/versano.nl\/#website","url":"https:\/\/versano.nl\/","name":"Versano","description":"manteaux d&#039;hiver avec col en fourrure | vestes femme en cuir | vestes en cuir pour hommes","potentialAction":[{"@type":"SearchAction","target":{"@type":"EntryPoint","urlTemplate":"https:\/\/versano.nl\/?s={search_term_string}"},"query-input":{"@type":"PropertyValueSpecification","valueRequired":true,"valueName":"search_term_string"}}],"inLanguage":"fr-FR"}]}},"_links":{"self":[{"href":"https:\/\/versano.nl\/fr\/wp-json\/wp\/v2\/product\/5161","targetHints":{"allow":["GET"]}}],"collection":[{"href":"https:\/\/versano.nl\/fr\/wp-json\/wp\/v2\/product"}],"about":[{"href":"https:\/\/versano.nl\/fr\/wp-json\/wp\/v2\/types\/product"}],"replies":[{"embeddable":true,"href":"https:\/\/versano.nl\/fr\/wp-json\/wp\/v2\/comments?post=5161"}],"wp:featuredmedia":[{"embeddable":true,"href":"https:\/\/versano.nl\/fr\/wp-json\/wp\/v2\/media\/14064"}],"wp:attachment":[{"href":"https:\/\/versano.nl\/fr\/wp-json\/wp\/v2\/media?parent=5161"}],"wp:term":[{"taxonomy":"product_brand","embeddable":true,"href":"https:\/\/versano.nl\/fr\/wp-json\/wp\/v2\/product_brand?post=5161"},{"taxonomy":"product_cat","embeddable":true,"href":"https:\/\/versano.nl\/fr\/wp-json\/wp\/v2\/product_cat?post=5161"},{"taxonomy":"product_tag","embeddable":true,"href":"https:\/\/versano.nl\/fr\/wp-json\/wp\/v2\/product_tag?post=5161"}],"curies":[{"name":"wp","href":"https:\/\/api.w.org\/{rel}","templated":true}]}}