{"id":5139,"date":"2016-04-05T12:50:21","date_gmt":"2016-04-05T12:50:21","guid":{"rendered":"http:\/\/leathershopdoci.nl\/?post_type=product&#038;p=10164"},"modified":"2019-02-19T07:38:50","modified_gmt":"2019-02-19T07:38:50","slug":"bruine-leren-dames-jasje-van-versano","status":"publish","type":"product","link":"https:\/\/versano.nl\/fr\/shop\/bruine-leren-dames-jasje-van-versano\/","title":{"rendered":"Brown veste en cuir dames Versano"},"content":{"rendered":"<h2>Brown veste en cuir dames Versano<\/h2>\n<p>Ces dames veste en cuir d&#039;un nouveau mod\u00e8le de la marque italienne Versano. La veste est \u00e9quip\u00e9e d&#039;un bon ajustement italien. Durable a lambskin un tr\u00e8s beau lavage et belles coutures sur les \u00e9paules et les coudes. Par exemple, le porter avec un jean ou une jupe juste. Les dames en cuir brun veste Versano deux poches lat\u00e9rales profondes avec fermeture \u00e9clair, deux poches poitrine avec fermeture \u00e9clair et une poche int\u00e9rieure. Ces veste en cuir de dames est \u00e9galement disponible en noir.<\/p>\n<p>marque: <a href=\"https:\/\/versano.nl\/\" target=\"_blank\" rel=\"noopener noreferrer\">Versano<\/a><br \/>\nMati\u00e8re: 100% cuir d&#039;agneau<br \/>\nDoublure: 100% polyester<br \/>\nLongueur: court<br \/>\nFit: normal<br \/>\nFermeture: fermeture \u00e9clair<br \/>\nPoches: poches avec zip<br \/>\nCol: col montant<br \/>\ncouche externe Mat\u00e9riel: haute qualit\u00e9 et doux en peau d&#039;agneau<br \/>\nTemps: 1-3 jours<\/p>","protected":false},"excerpt":{"rendered":"<p><strong>Si vous s\u00e9lectionnez une taille, alors il appara\u00eet un dessin avec des dimensions de taille. Pour d\u00e9terminer la bonne taille, il est recommand\u00e9 de mesurer d&#039;abord vos mesures de circonf\u00e9rence et de le comparer avec les dimensions sur le dessin. Avez-vous une exp\u00e9rience dans la mesure des dimensions, s&#039;il vous pla\u00eet cliquer sur <a href=\"https:\/\/www.youtube.com\/watch?v=MmcpCx4GsdU\" target=\"_blank\" rel=\"noopener noreferrer\"><span style=\"color: #ff0000;\"><em>ICI<\/em><\/span>\u00a0<\/a> \u00e0 <span style=\"color: #ff0000;\"><em><a style=\"color: #ff0000;\" href=\"https:\/\/www.youtube.com\/watch?v=MmcpCx4GsdU\" target=\"_blank\" rel=\"noopener noreferrer\">VIDEO<\/a><\/em><\/span> pour voir comment faire<\/strong>.<\/p>\n<p>&nbsp;<\/p>","protected":false},"featured_media":5144,"comment_status":"closed","ping_status":"closed","template":"","meta":[],"product_brand":[],"product_cat":[90],"product_tag":[691,446,95,98,349,142,101,105,106,107],"class_list":{"0":"post-5139","1":"product","2":"type-product","3":"status-publish","4":"has-post-thumbnail","6":"product_cat-dames-leren-jassen","7":"product_tag-bruin","8":"product_tag-dames-leren-jas-bruin","9":"product_tag-korte-leren-jassen","10":"product_tag-leren-jasje","11":"product_tag-leren-jassen","12":"product_tag-online-dames-leren-jassen","13":"product_tag-online-leren-jassen","14":"product_tag-versano-leren-jassen","15":"product_tag-winter-leren-jassen","16":"product_tag-zomer-leren-jassen","17":"tm-no-options","19":"first","20":"outofstock","21":"taxable","22":"shipping-taxable","23":"purchasable","24":"product-type-variable"},"yoast_head":"<!-- This site is optimized with the Yoast SEO plugin v27.2 - https:\/\/yoast.com\/product\/yoast-seo-wordpress\/ -->\n<title>Bruine leren dames jasje van Versano, leren dames jasje bruin<\/title>\n<meta name=\"description\" content=\"Met het Bruine leren dames jasje van Versano mag je echt gezien worden. Dit jasje is gemaakt van lamsleer, en verkrijgbaar in verschillende kleuren\" \/>\n<meta name=\"robots\" content=\"index, follow, max-snippet:-1, max-image-preview:large, max-video-preview:-1\" \/>\n<link rel=\"canonical\" href=\"https:\/\/versano.nl\/fr\/shop\/bruine-leren-dames-jasje-van-versano\/\" \/>\n<meta property=\"og:locale\" content=\"fr_FR\" \/>\n<meta property=\"og:type\" content=\"article\" \/>\n<meta property=\"og:title\" content=\"Bruine leren dames jasje van Versano, leren dames jasje bruin\" \/>\n<meta property=\"og:description\" content=\"Met het Bruine leren dames jasje van Versano mag je echt gezien worden. Dit jasje is gemaakt van lamsleer, en verkrijgbaar in verschillende kleuren\" \/>\n<meta property=\"og:url\" content=\"https:\/\/versano.nl\/fr\/shop\/bruine-leren-dames-jasje-van-versano\/\" \/>\n<meta property=\"og:site_name\" content=\"Versano\" \/>\n<meta property=\"article:modified_time\" content=\"2019-02-19T07:38:50+00:00\" \/>\n<meta property=\"og:image\" content=\"https:\/\/versano.nl\/wp-content\/uploads\/2017\/05\/dames-leren-jas-bruin-versano-339-voor.jpg\" \/>\n\t<meta property=\"og:image:width\" content=\"750\" \/>\n\t<meta property=\"og:image:height\" content=\"975\" \/>\n\t<meta property=\"og:image:type\" content=\"image\/jpeg\" \/>\n<meta name=\"twitter:card\" content=\"summary_large_image\" \/>\n<meta name=\"twitter:label1\" content=\"Dur\u00e9e de lecture estim\u00e9e\" \/>\n\t<meta name=\"twitter:data1\" content=\"1 minute\" \/>\n<script type=\"application\/ld+json\" class=\"yoast-schema-graph\">{\"@context\":\"https:\/\/schema.org\",\"@graph\":[{\"@type\":\"WebPage\",\"@id\":\"https:\/\/versano.nl\/shop\/bruine-leren-dames-jasje-van-versano\/\",\"url\":\"https:\/\/versano.nl\/shop\/bruine-leren-dames-jasje-van-versano\/\",\"name\":\"Bruine leren dames jasje van Versano, leren dames jasje bruin\",\"isPartOf\":{\"@id\":\"https:\/\/versano.nl\/#website\"},\"primaryImageOfPage\":{\"@id\":\"https:\/\/versano.nl\/shop\/bruine-leren-dames-jasje-van-versano\/#primaryimage\"},\"image\":{\"@id\":\"https:\/\/versano.nl\/shop\/bruine-leren-dames-jasje-van-versano\/#primaryimage\"},\"thumbnailUrl\":\"https:\/\/versano.nl\/wp-content\/uploads\/2017\/05\/dames-leren-jas-bruin-versano-339-voor.jpg\",\"datePublished\":\"2016-04-05T12:50:21+00:00\",\"dateModified\":\"2019-02-19T07:38:50+00:00\",\"description\":\"Met het Bruine leren dames jasje van Versano mag je echt gezien worden. Dit jasje is gemaakt van lamsleer, en verkrijgbaar in verschillende kleuren\",\"breadcrumb\":{\"@id\":\"https:\/\/versano.nl\/shop\/bruine-leren-dames-jasje-van-versano\/#breadcrumb\"},\"inLanguage\":\"fr-FR\",\"potentialAction\":[{\"@type\":\"ReadAction\",\"target\":[\"https:\/\/versano.nl\/shop\/bruine-leren-dames-jasje-van-versano\/\"]}]},{\"@type\":\"ImageObject\",\"inLanguage\":\"fr-FR\",\"@id\":\"https:\/\/versano.nl\/shop\/bruine-leren-dames-jasje-van-versano\/#primaryimage\",\"url\":\"https:\/\/versano.nl\/wp-content\/uploads\/2017\/05\/dames-leren-jas-bruin-versano-339-voor.jpg\",\"contentUrl\":\"https:\/\/versano.nl\/wp-content\/uploads\/2017\/05\/dames-leren-jas-bruin-versano-339-voor.jpg\",\"width\":750,\"height\":975,\"caption\":\"Bruine leren dames jasje van Versano\"},{\"@type\":\"BreadcrumbList\",\"@id\":\"https:\/\/versano.nl\/shop\/bruine-leren-dames-jasje-van-versano\/#breadcrumb\",\"itemListElement\":[{\"@type\":\"ListItem\",\"position\":1,\"name\":\"Home\",\"item\":\"https:\/\/versano.nl\/\"},{\"@type\":\"ListItem\",\"position\":2,\"name\":\"Shop\",\"item\":\"https:\/\/versano.nl\/shop\/\"},{\"@type\":\"ListItem\",\"position\":3,\"name\":\"Bruine leren dames jasje van Versano\"}]},{\"@type\":\"WebSite\",\"@id\":\"https:\/\/versano.nl\/#website\",\"url\":\"https:\/\/versano.nl\/\",\"name\":\"Versano\",\"description\":\"winterjassen met bontkraag | leren dames jassen | leren heren jassen\",\"potentialAction\":[{\"@type\":\"SearchAction\",\"target\":{\"@type\":\"EntryPoint\",\"urlTemplate\":\"https:\/\/versano.nl\/?s={search_term_string}\"},\"query-input\":{\"@type\":\"PropertyValueSpecification\",\"valueRequired\":true,\"valueName\":\"search_term_string\"}}],\"inLanguage\":\"fr-FR\"}]}<\/script>\n<!-- \/ Yoast SEO plugin. -->","yoast_head_json":{"title":"Veste femme en cuir marron de Versano, veste femme en cuir marron","description":"Vous pouvez vraiment \u00eatre vu avec la veste en cuir marron pour dames de Versano. Cette veste est en cuir d&#039;agneau et disponible en diff\u00e9rentes couleurs","robots":{"index":"index","follow":"follow","max-snippet":"max-snippet:-1","max-image-preview":"max-image-preview:large","max-video-preview":"max-video-preview:-1"},"canonical":"https:\/\/versano.nl\/fr\/shop\/bruine-leren-dames-jasje-van-versano\/","og_locale":"fr_FR","og_type":"article","og_title":"Bruine leren dames jasje van Versano, leren dames jasje bruin","og_description":"Met het Bruine leren dames jasje van Versano mag je echt gezien worden. Dit jasje is gemaakt van lamsleer, en verkrijgbaar in verschillende kleuren","og_url":"https:\/\/versano.nl\/fr\/shop\/bruine-leren-dames-jasje-van-versano\/","og_site_name":"Versano","article_modified_time":"2019-02-19T07:38:50+00:00","og_image":[{"width":750,"height":975,"url":"https:\/\/versano.nl\/wp-content\/uploads\/2017\/05\/dames-leren-jas-bruin-versano-339-voor.jpg","type":"image\/jpeg"}],"twitter_card":"summary_large_image","twitter_misc":{"Dur\u00e9e de lecture estim\u00e9e":"1 minute"},"schema":{"@context":"https:\/\/schema.org","@graph":[{"@type":"WebPage","@id":"https:\/\/versano.nl\/shop\/bruine-leren-dames-jasje-van-versano\/","url":"https:\/\/versano.nl\/shop\/bruine-leren-dames-jasje-van-versano\/","name":"Veste femme en cuir marron de Versano, veste femme en cuir marron","isPartOf":{"@id":"https:\/\/versano.nl\/#website"},"primaryImageOfPage":{"@id":"https:\/\/versano.nl\/shop\/bruine-leren-dames-jasje-van-versano\/#primaryimage"},"image":{"@id":"https:\/\/versano.nl\/shop\/bruine-leren-dames-jasje-van-versano\/#primaryimage"},"thumbnailUrl":"https:\/\/versano.nl\/wp-content\/uploads\/2017\/05\/dames-leren-jas-bruin-versano-339-voor.jpg","datePublished":"2016-04-05T12:50:21+00:00","dateModified":"2019-02-19T07:38:50+00:00","description":"Vous pouvez vraiment \u00eatre vu avec la veste en cuir marron pour dames de Versano. Cette veste est en cuir d&#039;agneau et disponible en diff\u00e9rentes couleurs","breadcrumb":{"@id":"https:\/\/versano.nl\/shop\/bruine-leren-dames-jasje-van-versano\/#breadcrumb"},"inLanguage":"fr-FR","potentialAction":[{"@type":"ReadAction","target":["https:\/\/versano.nl\/shop\/bruine-leren-dames-jasje-van-versano\/"]}]},{"@type":"ImageObject","inLanguage":"fr-FR","@id":"https:\/\/versano.nl\/shop\/bruine-leren-dames-jasje-van-versano\/#primaryimage","url":"https:\/\/versano.nl\/wp-content\/uploads\/2017\/05\/dames-leren-jas-bruin-versano-339-voor.jpg","contentUrl":"https:\/\/versano.nl\/wp-content\/uploads\/2017\/05\/dames-leren-jas-bruin-versano-339-voor.jpg","width":750,"height":975,"caption":"Bruine leren dames jasje van Versano"},{"@type":"BreadcrumbList","@id":"https:\/\/versano.nl\/shop\/bruine-leren-dames-jasje-van-versano\/#breadcrumb","itemListElement":[{"@type":"ListItem","position":1,"name":"Home","item":"https:\/\/versano.nl\/"},{"@type":"ListItem","position":2,"name":"Shop","item":"https:\/\/versano.nl\/shop\/"},{"@type":"ListItem","position":3,"name":"Bruine leren dames jasje van Versano"}]},{"@type":"WebSite","@id":"https:\/\/versano.nl\/#website","url":"https:\/\/versano.nl\/","name":"Versano","description":"manteaux d&#039;hiver avec col en fourrure | vestes femme en cuir | vestes en cuir pour hommes","potentialAction":[{"@type":"SearchAction","target":{"@type":"EntryPoint","urlTemplate":"https:\/\/versano.nl\/?s={search_term_string}"},"query-input":{"@type":"PropertyValueSpecification","valueRequired":true,"valueName":"search_term_string"}}],"inLanguage":"fr-FR"}]}},"_links":{"self":[{"href":"https:\/\/versano.nl\/fr\/wp-json\/wp\/v2\/product\/5139","targetHints":{"allow":["GET"]}}],"collection":[{"href":"https:\/\/versano.nl\/fr\/wp-json\/wp\/v2\/product"}],"about":[{"href":"https:\/\/versano.nl\/fr\/wp-json\/wp\/v2\/types\/product"}],"replies":[{"embeddable":true,"href":"https:\/\/versano.nl\/fr\/wp-json\/wp\/v2\/comments?post=5139"}],"wp:featuredmedia":[{"embeddable":true,"href":"https:\/\/versano.nl\/fr\/wp-json\/wp\/v2\/media\/5144"}],"wp:attachment":[{"href":"https:\/\/versano.nl\/fr\/wp-json\/wp\/v2\/media?parent=5139"}],"wp:term":[{"taxonomy":"product_brand","embeddable":true,"href":"https:\/\/versano.nl\/fr\/wp-json\/wp\/v2\/product_brand?post=5139"},{"taxonomy":"product_cat","embeddable":true,"href":"https:\/\/versano.nl\/fr\/wp-json\/wp\/v2\/product_cat?post=5139"},{"taxonomy":"product_tag","embeddable":true,"href":"https:\/\/versano.nl\/fr\/wp-json\/wp\/v2\/product_tag?post=5139"}],"curies":[{"name":"wp","href":"https:\/\/api.w.org\/{rel}","templated":true}]}}