{"id":5116,"date":"2016-04-05T14:14:50","date_gmt":"2016-04-05T14:14:50","guid":{"rendered":"http:\/\/leathershopdoci.nl\/?post_type=product&#038;p=10186"},"modified":"2017-09-24T00:14:05","modified_gmt":"2017-09-24T00:14:05","slug":"dames-leren-jasje-in-zwart-van-versano","status":"publish","type":"product","link":"https:\/\/versano.nl\/fr\/shop\/dames-leren-jasje-in-zwart-van-versano\/","title":{"rendered":"Veste en cuir pour femme en noir Versano"},"content":{"rendered":"<h2>Veste en cuir pour femme en noir Versano<\/h2>\n<p>Ces dames veste en cuir d&#039;un nouveau mod\u00e8le de la marque italienne Versano. La veste est \u00e9quip\u00e9e d&#039;un bon ajustement italien. Durable a lambskin un tr\u00e8s beau lavage et belles coutures sur les \u00e9paules et les coudes. Par exemple, le porter avec un jean ou une jupe juste. Les dames veste en cuir noir Versano deux poches lat\u00e9rales profondes avec fermeture \u00e9clair, deux poches poitrine avec fermeture \u00e9clair et une poche int\u00e9rieure. Ces veste en cuir de dames est \u00e9galement disponible en marron.<\/p>\n<p>marque: <a href=\"https:\/\/versano.nl\/\" target=\"_blank\" rel=\"noopener noreferrer\">Versano<\/a><br \/>\nMati\u00e8re: 100% cuir d&#039;agneau<br \/>\nDoublure: 100% polyester<br \/>\nLongueur: court<br \/>\nFit: normal<br \/>\nFermeture: fermeture \u00e9clair<br \/>\nPoches: poches avec zip<br \/>\nCol: col montant<br \/>\ncouche externe Mat\u00e9riel: haute qualit\u00e9 et doux en peau d&#039;agneau<br \/>\nTemps: 1-3 jours<\/p>","protected":false},"excerpt":{"rendered":"<p><strong>Si vous s\u00e9lectionnez une taille, alors il appara\u00eet un dessin avec des dimensions de taille. Pour d\u00e9terminer la bonne taille, il est recommand\u00e9 de mesurer d&#039;abord vos mesures de circonf\u00e9rence et de le comparer avec les dimensions sur le dessin. Avez-vous une exp\u00e9rience dans la mesure des dimensions, s&#039;il vous pla\u00eet cliquer sur <a href=\"https:\/\/www.youtube.com\/watch?v=MmcpCx4GsdU\" target=\"_blank\" rel=\"noopener noreferrer\"><span style=\"color: #ff0000;\"><em>ICI<\/em><\/span>\u00a0<\/a> \u00e0 <span style=\"color: #ff0000;\"><em><a style=\"color: #ff0000;\" href=\"https:\/\/www.youtube.com\/watch?v=MmcpCx4GsdU\" target=\"_blank\" rel=\"noopener noreferrer\">VIDEO<\/a><\/em><\/span> pour voir comment faire<\/strong>.<\/p>\n<p>&nbsp;<\/p>","protected":false},"featured_media":5122,"comment_status":"closed","ping_status":"closed","template":"","meta":[],"product_brand":[],"product_cat":[89,90],"product_tag":[95,419,695,53,98,311,349,142,101,105,106,107,427,628],"class_list":{"0":"post-5116","1":"product","2":"type-product","3":"status-publish","4":"has-post-thumbnail","6":"product_cat-dames","7":"product_cat-dames-leren-jassen","8":"product_tag-korte-leren-jassen","9":"product_tag-lederen-dames-jas-zwart","10":"product_tag-lederen-dames-jasje-zwart","11":"product_tag-leren-jas-zwart","12":"product_tag-leren-jasje","13":"product_tag-leren-jasje-zwart","14":"product_tag-leren-jassen","15":"product_tag-online-dames-leren-jassen","16":"product_tag-online-leren-jassen","17":"product_tag-versano-leren-jassen","18":"product_tag-winter-leren-jassen","19":"product_tag-zomer-leren-jassen","20":"product_tag-zwarte-leren-dames-jas","21":"product_tag-zwarte-leren-jas","22":"tm-no-options","24":"first","25":"instock","26":"sale","27":"taxable","28":"shipping-taxable","29":"purchasable","30":"product-type-variable"},"yoast_head":"<!-- This site is optimized with the Yoast SEO plugin v27.2 - https:\/\/yoast.com\/product\/yoast-seo-wordpress\/ -->\n<title>Leren Dames Jas Versano Zwart, Dames leren jasje in zwart van Versano<\/title>\n<meta name=\"description\" content=\"Met de Dames leren jasje in zwart van Versano mag je echt gezien worden. De jas heeft door de taillering een uitstekende pasvorm.\" \/>\n<meta name=\"robots\" content=\"index, follow, max-snippet:-1, max-image-preview:large, max-video-preview:-1\" \/>\n<link rel=\"canonical\" href=\"https:\/\/versano.nl\/fr\/shop\/dames-leren-jasje-in-zwart-van-versano\/\" \/>\n<meta property=\"og:locale\" content=\"fr_FR\" \/>\n<meta property=\"og:type\" content=\"article\" \/>\n<meta property=\"og:title\" content=\"Leren Dames Jas Versano Zwart, Dames leren jasje in zwart van Versano\" \/>\n<meta property=\"og:description\" content=\"Met de Dames leren jasje in zwart van Versano mag je echt gezien worden. De jas heeft door de taillering een uitstekende pasvorm.\" \/>\n<meta property=\"og:url\" content=\"https:\/\/versano.nl\/fr\/shop\/dames-leren-jasje-in-zwart-van-versano\/\" \/>\n<meta property=\"og:site_name\" content=\"Versano\" \/>\n<meta property=\"article:modified_time\" content=\"2017-09-24T00:14:05+00:00\" \/>\n<meta property=\"og:image\" content=\"https:\/\/versano.nl\/wp-content\/uploads\/2017\/05\/dames-leren-jas-zwart-versano-339-voor.jpg\" \/>\n\t<meta property=\"og:image:width\" content=\"750\" \/>\n\t<meta property=\"og:image:height\" content=\"975\" \/>\n\t<meta property=\"og:image:type\" content=\"image\/jpeg\" \/>\n<meta name=\"twitter:card\" content=\"summary_large_image\" \/>\n<meta name=\"twitter:label1\" content=\"Dur\u00e9e de lecture estim\u00e9e\" \/>\n\t<meta name=\"twitter:data1\" content=\"1 minute\" \/>\n<script type=\"application\/ld+json\" class=\"yoast-schema-graph\">{\"@context\":\"https:\/\/schema.org\",\"@graph\":[{\"@type\":\"WebPage\",\"@id\":\"https:\/\/versano.nl\/shop\/dames-leren-jasje-in-zwart-van-versano\/\",\"url\":\"https:\/\/versano.nl\/shop\/dames-leren-jasje-in-zwart-van-versano\/\",\"name\":\"Leren Dames Jas Versano Zwart, Dames leren jasje in zwart van Versano\",\"isPartOf\":{\"@id\":\"https:\/\/versano.nl\/#website\"},\"primaryImageOfPage\":{\"@id\":\"https:\/\/versano.nl\/shop\/dames-leren-jasje-in-zwart-van-versano\/#primaryimage\"},\"image\":{\"@id\":\"https:\/\/versano.nl\/shop\/dames-leren-jasje-in-zwart-van-versano\/#primaryimage\"},\"thumbnailUrl\":\"https:\/\/versano.nl\/wp-content\/uploads\/2017\/05\/dames-leren-jas-zwart-versano-339-voor.jpg\",\"datePublished\":\"2016-04-05T14:14:50+00:00\",\"dateModified\":\"2017-09-24T00:14:05+00:00\",\"description\":\"Met de Dames leren jasje in zwart van Versano mag je echt gezien worden. De jas heeft door de taillering een uitstekende pasvorm.\",\"breadcrumb\":{\"@id\":\"https:\/\/versano.nl\/shop\/dames-leren-jasje-in-zwart-van-versano\/#breadcrumb\"},\"inLanguage\":\"fr-FR\",\"potentialAction\":[{\"@type\":\"ReadAction\",\"target\":[\"https:\/\/versano.nl\/shop\/dames-leren-jasje-in-zwart-van-versano\/\"]}]},{\"@type\":\"ImageObject\",\"inLanguage\":\"fr-FR\",\"@id\":\"https:\/\/versano.nl\/shop\/dames-leren-jasje-in-zwart-van-versano\/#primaryimage\",\"url\":\"https:\/\/versano.nl\/wp-content\/uploads\/2017\/05\/dames-leren-jas-zwart-versano-339-voor.jpg\",\"contentUrl\":\"https:\/\/versano.nl\/wp-content\/uploads\/2017\/05\/dames-leren-jas-zwart-versano-339-voor.jpg\",\"width\":750,\"height\":975,\"caption\":\"Dames leren jasje in zwart van Versano\"},{\"@type\":\"BreadcrumbList\",\"@id\":\"https:\/\/versano.nl\/shop\/dames-leren-jasje-in-zwart-van-versano\/#breadcrumb\",\"itemListElement\":[{\"@type\":\"ListItem\",\"position\":1,\"name\":\"Home\",\"item\":\"https:\/\/versano.nl\/\"},{\"@type\":\"ListItem\",\"position\":2,\"name\":\"Shop\",\"item\":\"https:\/\/versano.nl\/shop\/\"},{\"@type\":\"ListItem\",\"position\":3,\"name\":\"Dames leren jasje in zwart van Versano\"}]},{\"@type\":\"WebSite\",\"@id\":\"https:\/\/versano.nl\/#website\",\"url\":\"https:\/\/versano.nl\/\",\"name\":\"Versano\",\"description\":\"winterjassen met bontkraag | leren dames jassen | leren heren jassen\",\"potentialAction\":[{\"@type\":\"SearchAction\",\"target\":{\"@type\":\"EntryPoint\",\"urlTemplate\":\"https:\/\/versano.nl\/?s={search_term_string}\"},\"query-input\":{\"@type\":\"PropertyValueSpecification\",\"valueRequired\":true,\"valueName\":\"search_term_string\"}}],\"inLanguage\":\"fr-FR\"}]}<\/script>\n<!-- \/ Yoast SEO plugin. -->","yoast_head_json":{"title":"Veste en cuir pour femme Versano Black, Veste en cuir pour femme noire de Versano","description":"Vous pouvez vraiment \u00eatre vu avec la veste en cuir Ladies en noir de Versano. La veste a un excellent ajustement en raison de la taille.","robots":{"index":"index","follow":"follow","max-snippet":"max-snippet:-1","max-image-preview":"max-image-preview:large","max-video-preview":"max-video-preview:-1"},"canonical":"https:\/\/versano.nl\/fr\/shop\/dames-leren-jasje-in-zwart-van-versano\/","og_locale":"fr_FR","og_type":"article","og_title":"Leren Dames Jas Versano Zwart, Dames leren jasje in zwart van Versano","og_description":"Met de Dames leren jasje in zwart van Versano mag je echt gezien worden. De jas heeft door de taillering een uitstekende pasvorm.","og_url":"https:\/\/versano.nl\/fr\/shop\/dames-leren-jasje-in-zwart-van-versano\/","og_site_name":"Versano","article_modified_time":"2017-09-24T00:14:05+00:00","og_image":[{"width":750,"height":975,"url":"https:\/\/versano.nl\/wp-content\/uploads\/2017\/05\/dames-leren-jas-zwart-versano-339-voor.jpg","type":"image\/jpeg"}],"twitter_card":"summary_large_image","twitter_misc":{"Dur\u00e9e de lecture estim\u00e9e":"1 minute"},"schema":{"@context":"https:\/\/schema.org","@graph":[{"@type":"WebPage","@id":"https:\/\/versano.nl\/shop\/dames-leren-jasje-in-zwart-van-versano\/","url":"https:\/\/versano.nl\/shop\/dames-leren-jasje-in-zwart-van-versano\/","name":"Veste en cuir pour femme Versano Black, Veste en cuir pour femme noire de Versano","isPartOf":{"@id":"https:\/\/versano.nl\/#website"},"primaryImageOfPage":{"@id":"https:\/\/versano.nl\/shop\/dames-leren-jasje-in-zwart-van-versano\/#primaryimage"},"image":{"@id":"https:\/\/versano.nl\/shop\/dames-leren-jasje-in-zwart-van-versano\/#primaryimage"},"thumbnailUrl":"https:\/\/versano.nl\/wp-content\/uploads\/2017\/05\/dames-leren-jas-zwart-versano-339-voor.jpg","datePublished":"2016-04-05T14:14:50+00:00","dateModified":"2017-09-24T00:14:05+00:00","description":"Vous pouvez vraiment \u00eatre vu avec la veste en cuir Ladies en noir de Versano. La veste a un excellent ajustement en raison de la taille.","breadcrumb":{"@id":"https:\/\/versano.nl\/shop\/dames-leren-jasje-in-zwart-van-versano\/#breadcrumb"},"inLanguage":"fr-FR","potentialAction":[{"@type":"ReadAction","target":["https:\/\/versano.nl\/shop\/dames-leren-jasje-in-zwart-van-versano\/"]}]},{"@type":"ImageObject","inLanguage":"fr-FR","@id":"https:\/\/versano.nl\/shop\/dames-leren-jasje-in-zwart-van-versano\/#primaryimage","url":"https:\/\/versano.nl\/wp-content\/uploads\/2017\/05\/dames-leren-jas-zwart-versano-339-voor.jpg","contentUrl":"https:\/\/versano.nl\/wp-content\/uploads\/2017\/05\/dames-leren-jas-zwart-versano-339-voor.jpg","width":750,"height":975,"caption":"Dames leren jasje in zwart van Versano"},{"@type":"BreadcrumbList","@id":"https:\/\/versano.nl\/shop\/dames-leren-jasje-in-zwart-van-versano\/#breadcrumb","itemListElement":[{"@type":"ListItem","position":1,"name":"Home","item":"https:\/\/versano.nl\/"},{"@type":"ListItem","position":2,"name":"Shop","item":"https:\/\/versano.nl\/shop\/"},{"@type":"ListItem","position":3,"name":"Dames leren jasje in zwart van Versano"}]},{"@type":"WebSite","@id":"https:\/\/versano.nl\/#website","url":"https:\/\/versano.nl\/","name":"Versano","description":"manteaux d&#039;hiver avec col en fourrure | vestes femme en cuir | vestes en cuir pour hommes","potentialAction":[{"@type":"SearchAction","target":{"@type":"EntryPoint","urlTemplate":"https:\/\/versano.nl\/?s={search_term_string}"},"query-input":{"@type":"PropertyValueSpecification","valueRequired":true,"valueName":"search_term_string"}}],"inLanguage":"fr-FR"}]}},"_links":{"self":[{"href":"https:\/\/versano.nl\/fr\/wp-json\/wp\/v2\/product\/5116","targetHints":{"allow":["GET"]}}],"collection":[{"href":"https:\/\/versano.nl\/fr\/wp-json\/wp\/v2\/product"}],"about":[{"href":"https:\/\/versano.nl\/fr\/wp-json\/wp\/v2\/types\/product"}],"replies":[{"embeddable":true,"href":"https:\/\/versano.nl\/fr\/wp-json\/wp\/v2\/comments?post=5116"}],"wp:featuredmedia":[{"embeddable":true,"href":"https:\/\/versano.nl\/fr\/wp-json\/wp\/v2\/media\/5122"}],"wp:attachment":[{"href":"https:\/\/versano.nl\/fr\/wp-json\/wp\/v2\/media?parent=5116"}],"wp:term":[{"taxonomy":"product_brand","embeddable":true,"href":"https:\/\/versano.nl\/fr\/wp-json\/wp\/v2\/product_brand?post=5116"},{"taxonomy":"product_cat","embeddable":true,"href":"https:\/\/versano.nl\/fr\/wp-json\/wp\/v2\/product_cat?post=5116"},{"taxonomy":"product_tag","embeddable":true,"href":"https:\/\/versano.nl\/fr\/wp-json\/wp\/v2\/product_tag?post=5116"}],"curies":[{"name":"wp","href":"https:\/\/api.w.org\/{rel}","templated":true}]}}