{"id":5093,"date":"2016-04-05T21:30:25","date_gmt":"2016-04-05T21:30:25","guid":{"rendered":"http:\/\/leathershopdoci.nl\/?post_type=product&#038;p=10204"},"modified":"2021-02-05T14:50:51","modified_gmt":"2021-02-05T14:50:51","slug":"lederen-dames-jasje-bruin-van-versano","status":"publish","type":"product","link":"https:\/\/versano.nl\/fr\/shop\/lederen-dames-jasje-bruin-van-versano\/","title":{"rendered":"veste dames en cuir marron Versano"},"content":{"rendered":"<h2>veste dames en cuir marron Versano<\/h2>\n<p>La recherche de cette veste en cuir belle qui est parfait non seulement confortable, mais vous aussi noter fi\u00e8rement dans le miroir? Alors ne cherchez pas plus loin que ce dames en cuir veste marron Versano. Ceci est une veste comme on le voit. Bien con\u00e7u et mis en \u0153uvre dans une belle couleur. Cognac est une couleur qui se pr\u00eate id\u00e9alement \u00e0 utiliser des vestes en cuir. Ceci est une veste qui aussi en mettant en \u0153uvre tous les quatre peuvent facilement apporter les saisons. Comme les autres produits de la gamme de ce Versano est une veste qui est adapt\u00e9e italienne. Vous pouvez donc aussi \u00eatre s\u00fbr qu&#039;il est parfait.<\/p>\n<h3>Cette dames en cuir de commande veste marron Versano<\/h3>\n<p>Les belle veste en cuir de couleur marron Versano est enti\u00e8rement en cuir d&#039;agneau durable. Ceci est un mat\u00e9riau qui a un beau lavage, ce qui rend la veste il obtenir seulement mieux au fil des ans ressemblera. Il est une veste avec deux poches poitrine avec fermeture \u00e9clair et deux poches lat\u00e9rales profondes disposent \u00e9galement d&#039;une fermeture \u00e9clair. Il est une veste qui non seulement en marron est disponible aussi bien dans le cognac. Vous pouvez colorer \u00e9galement disponible sur notre site Web et nous donc de d\u00e9cider qui des combinaisons de couleurs vous.<\/p>\n<p>marque: <a href=\"https:\/\/versano.nl\/\" target=\"_blank\" rel=\"noopener noreferrer\">Versano<\/a><br \/>\nMati\u00e8re: 100% cuir d&#039;agneau<br \/>\nDoublure: 100% polyester<br \/>\nLongueur: court<br \/>\nFit: normal<br \/>\nFermeture: fermeture \u00e9clair<br \/>\nPoches: poches avec zip<br \/>\nCol: col vers le bas<br \/>\ncouche externe Mat\u00e9riel: haute qualit\u00e9 et doux en peau d&#039;agneau<br \/>\nTemps: 1-3 jours<\/p>","protected":false},"excerpt":{"rendered":"<p><strong>Si vous s\u00e9lectionnez une taille, alors il appara\u00eet un dessin avec des dimensions de taille. Pour d\u00e9terminer la bonne taille, il est recommand\u00e9 de mesurer d&#039;abord vos mesures de circonf\u00e9rence et de le comparer avec les dimensions sur le dessin. Avez-vous une exp\u00e9rience dans la mesure des dimensions, s&#039;il vous pla\u00eet cliquer sur <a href=\"https:\/\/www.youtube.com\/watch?v=MmcpCx4GsdU\" target=\"_blank\" rel=\"noopener noreferrer\"><span style=\"color: #ff0000;\"><em>ICI<\/em><\/span>\u00a0<\/a> \u00e0 <span style=\"color: #ff0000;\"><em><a style=\"color: #ff0000;\" href=\"https:\/\/www.youtube.com\/watch?v=MmcpCx4GsdU\" target=\"_blank\" rel=\"noopener noreferrer\">VIDEO<\/a><\/em><\/span> pour voir comment faire<\/strong>.<\/p>\n<p>Cette veste en cuir de la marque italienne Versano est une veste quatre saisons. L&#039;Italien est \u00e9quip\u00e9 d&#039;une fermeture \u00e0 glissi\u00e8re droite et deux poches lat\u00e9rales profondes avec fermeture \u00e9clair, deux poches poitrine avec fermeture \u00e9clair et une poche int\u00e9rieure. Durable a une peau de mouton lavage tr\u00e8s agr\u00e9able. Ces veste en cuir de dames est \u00e9galement disponible en cognac.<\/p>","protected":false},"featured_media":5099,"comment_status":"closed","ping_status":"closed","template":"","meta":[],"product_brand":[],"product_cat":[90,1712],"product_tag":[691,692,443,446,95,693,98,349,694,142,101,105,106,107],"class_list":{"0":"post-5093","1":"product","2":"type-product","3":"status-publish","4":"has-post-thumbnail","6":"product_cat-dames-leren-jassen","7":"product_cat-leren-jassen","8":"product_tag-bruin","9":"product_tag-bruine-lederen-dames-jas","10":"product_tag-bruine-leren-dames-jas","11":"product_tag-dames-leren-jas-bruin","12":"product_tag-korte-leren-jassen","13":"product_tag-lederen-dames-jas-bruin","14":"product_tag-leren-jasje","15":"product_tag-leren-jassen","16":"product_tag-online-bruine-leren-dames-jas","17":"product_tag-online-dames-leren-jassen","18":"product_tag-online-leren-jassen","19":"product_tag-versano-leren-jassen","20":"product_tag-winter-leren-jassen","21":"product_tag-zomer-leren-jassen","22":"tm-no-options","24":"first","25":"outofstock","26":"taxable","27":"shipping-taxable","28":"product-type-variable"},"yoast_head":"<!-- This site is optimized with the Yoast SEO plugin v27.2 - https:\/\/yoast.com\/product\/yoast-seo-wordpress\/ -->\n<title>Lederen dames jasje bruin van Versano, leren jasje bruin, leren jas bruin<\/title>\n<meta name=\"description\" content=\"Met deze Lederen dames jasje bruin van Versano mag je echt gezien worden. Deze jas is gemaakt van lamsleer, en is mooi getailleerd\" \/>\n<meta name=\"robots\" content=\"index, follow, max-snippet:-1, max-image-preview:large, max-video-preview:-1\" \/>\n<link rel=\"canonical\" href=\"https:\/\/versano.nl\/fr\/shop\/lederen-dames-jasje-bruin-van-versano\/\" \/>\n<meta property=\"og:locale\" content=\"fr_FR\" \/>\n<meta property=\"og:type\" content=\"article\" \/>\n<meta property=\"og:title\" content=\"Lederen dames jasje bruin van Versano, leren jasje bruin, leren jas bruin\" \/>\n<meta property=\"og:description\" content=\"Met deze Lederen dames jasje bruin van Versano mag je echt gezien worden. Deze jas is gemaakt van lamsleer, en is mooi getailleerd\" \/>\n<meta property=\"og:url\" content=\"https:\/\/versano.nl\/fr\/shop\/lederen-dames-jasje-bruin-van-versano\/\" \/>\n<meta property=\"og:site_name\" content=\"Versano\" \/>\n<meta property=\"article:modified_time\" content=\"2021-02-05T14:50:51+00:00\" \/>\n<meta property=\"og:image\" content=\"https:\/\/versano.nl\/wp-content\/uploads\/2017\/05\/dames-jas-leder-bruin-versano-340-voor.jpg\" \/>\n\t<meta property=\"og:image:width\" content=\"750\" \/>\n\t<meta property=\"og:image:height\" content=\"975\" \/>\n\t<meta property=\"og:image:type\" content=\"image\/jpeg\" \/>\n<meta name=\"twitter:card\" content=\"summary_large_image\" \/>\n<meta name=\"twitter:label1\" content=\"Dur\u00e9e de lecture estim\u00e9e\" \/>\n\t<meta name=\"twitter:data1\" content=\"1 minute\" \/>\n<script type=\"application\/ld+json\" class=\"yoast-schema-graph\">{\"@context\":\"https:\/\/schema.org\",\"@graph\":[{\"@type\":\"WebPage\",\"@id\":\"https:\/\/versano.nl\/shop\/lederen-dames-jasje-bruin-van-versano\/\",\"url\":\"https:\/\/versano.nl\/shop\/lederen-dames-jasje-bruin-van-versano\/\",\"name\":\"Lederen dames jasje bruin van Versano, leren jasje bruin, leren jas bruin\",\"isPartOf\":{\"@id\":\"https:\/\/versano.nl\/#website\"},\"primaryImageOfPage\":{\"@id\":\"https:\/\/versano.nl\/shop\/lederen-dames-jasje-bruin-van-versano\/#primaryimage\"},\"image\":{\"@id\":\"https:\/\/versano.nl\/shop\/lederen-dames-jasje-bruin-van-versano\/#primaryimage\"},\"thumbnailUrl\":\"https:\/\/versano.nl\/wp-content\/uploads\/2017\/05\/dames-jas-leder-bruin-versano-340-voor.jpg\",\"datePublished\":\"2016-04-05T21:30:25+00:00\",\"dateModified\":\"2021-02-05T14:50:51+00:00\",\"description\":\"Met deze Lederen dames jasje bruin van Versano mag je echt gezien worden. Deze jas is gemaakt van lamsleer, en is mooi getailleerd\",\"breadcrumb\":{\"@id\":\"https:\/\/versano.nl\/shop\/lederen-dames-jasje-bruin-van-versano\/#breadcrumb\"},\"inLanguage\":\"fr-FR\",\"potentialAction\":[{\"@type\":\"ReadAction\",\"target\":[\"https:\/\/versano.nl\/shop\/lederen-dames-jasje-bruin-van-versano\/\"]}]},{\"@type\":\"ImageObject\",\"inLanguage\":\"fr-FR\",\"@id\":\"https:\/\/versano.nl\/shop\/lederen-dames-jasje-bruin-van-versano\/#primaryimage\",\"url\":\"https:\/\/versano.nl\/wp-content\/uploads\/2017\/05\/dames-jas-leder-bruin-versano-340-voor.jpg\",\"contentUrl\":\"https:\/\/versano.nl\/wp-content\/uploads\/2017\/05\/dames-jas-leder-bruin-versano-340-voor.jpg\",\"width\":750,\"height\":975,\"caption\":\"Lederen dames jasje bruin van Versano\"},{\"@type\":\"BreadcrumbList\",\"@id\":\"https:\/\/versano.nl\/shop\/lederen-dames-jasje-bruin-van-versano\/#breadcrumb\",\"itemListElement\":[{\"@type\":\"ListItem\",\"position\":1,\"name\":\"Home\",\"item\":\"https:\/\/versano.nl\/\"},{\"@type\":\"ListItem\",\"position\":2,\"name\":\"Shop\",\"item\":\"https:\/\/versano.nl\/shop\/\"},{\"@type\":\"ListItem\",\"position\":3,\"name\":\"Lederen dames jasje bruin van Versano\"}]},{\"@type\":\"WebSite\",\"@id\":\"https:\/\/versano.nl\/#website\",\"url\":\"https:\/\/versano.nl\/\",\"name\":\"Versano\",\"description\":\"winterjassen met bontkraag | leren dames jassen | leren heren jassen\",\"potentialAction\":[{\"@type\":\"SearchAction\",\"target\":{\"@type\":\"EntryPoint\",\"urlTemplate\":\"https:\/\/versano.nl\/?s={search_term_string}\"},\"query-input\":{\"@type\":\"PropertyValueSpecification\",\"valueRequired\":true,\"valueName\":\"search_term_string\"}}],\"inLanguage\":\"fr-FR\"}]}<\/script>\n<!-- \/ Yoast SEO plugin. -->","yoast_head_json":{"title":"Veste femme en cuir marron de Versano, veste en cuir marron, veste en cuir marron","description":"Avec cette veste femme en cuir marron de Versano, vous \u00eates vraiment visible. Cette veste est en cuir d&#039;agneau et est bien ajust\u00e9e","robots":{"index":"index","follow":"follow","max-snippet":"max-snippet:-1","max-image-preview":"max-image-preview:large","max-video-preview":"max-video-preview:-1"},"canonical":"https:\/\/versano.nl\/fr\/shop\/lederen-dames-jasje-bruin-van-versano\/","og_locale":"fr_FR","og_type":"article","og_title":"Lederen dames jasje bruin van Versano, leren jasje bruin, leren jas bruin","og_description":"Met deze Lederen dames jasje bruin van Versano mag je echt gezien worden. Deze jas is gemaakt van lamsleer, en is mooi getailleerd","og_url":"https:\/\/versano.nl\/fr\/shop\/lederen-dames-jasje-bruin-van-versano\/","og_site_name":"Versano","article_modified_time":"2021-02-05T14:50:51+00:00","og_image":[{"width":750,"height":975,"url":"https:\/\/versano.nl\/wp-content\/uploads\/2017\/05\/dames-jas-leder-bruin-versano-340-voor.jpg","type":"image\/jpeg"}],"twitter_card":"summary_large_image","twitter_misc":{"Dur\u00e9e de lecture estim\u00e9e":"1 minute"},"schema":{"@context":"https:\/\/schema.org","@graph":[{"@type":"WebPage","@id":"https:\/\/versano.nl\/shop\/lederen-dames-jasje-bruin-van-versano\/","url":"https:\/\/versano.nl\/shop\/lederen-dames-jasje-bruin-van-versano\/","name":"Veste femme en cuir marron de Versano, veste en cuir marron, veste en cuir marron","isPartOf":{"@id":"https:\/\/versano.nl\/#website"},"primaryImageOfPage":{"@id":"https:\/\/versano.nl\/shop\/lederen-dames-jasje-bruin-van-versano\/#primaryimage"},"image":{"@id":"https:\/\/versano.nl\/shop\/lederen-dames-jasje-bruin-van-versano\/#primaryimage"},"thumbnailUrl":"https:\/\/versano.nl\/wp-content\/uploads\/2017\/05\/dames-jas-leder-bruin-versano-340-voor.jpg","datePublished":"2016-04-05T21:30:25+00:00","dateModified":"2021-02-05T14:50:51+00:00","description":"Avec cette veste femme en cuir marron de Versano, vous \u00eates vraiment visible. Cette veste est en cuir d&#039;agneau et est bien ajust\u00e9e","breadcrumb":{"@id":"https:\/\/versano.nl\/shop\/lederen-dames-jasje-bruin-van-versano\/#breadcrumb"},"inLanguage":"fr-FR","potentialAction":[{"@type":"ReadAction","target":["https:\/\/versano.nl\/shop\/lederen-dames-jasje-bruin-van-versano\/"]}]},{"@type":"ImageObject","inLanguage":"fr-FR","@id":"https:\/\/versano.nl\/shop\/lederen-dames-jasje-bruin-van-versano\/#primaryimage","url":"https:\/\/versano.nl\/wp-content\/uploads\/2017\/05\/dames-jas-leder-bruin-versano-340-voor.jpg","contentUrl":"https:\/\/versano.nl\/wp-content\/uploads\/2017\/05\/dames-jas-leder-bruin-versano-340-voor.jpg","width":750,"height":975,"caption":"Lederen dames jasje bruin van Versano"},{"@type":"BreadcrumbList","@id":"https:\/\/versano.nl\/shop\/lederen-dames-jasje-bruin-van-versano\/#breadcrumb","itemListElement":[{"@type":"ListItem","position":1,"name":"Home","item":"https:\/\/versano.nl\/"},{"@type":"ListItem","position":2,"name":"Shop","item":"https:\/\/versano.nl\/shop\/"},{"@type":"ListItem","position":3,"name":"Lederen dames jasje bruin van Versano"}]},{"@type":"WebSite","@id":"https:\/\/versano.nl\/#website","url":"https:\/\/versano.nl\/","name":"Versano","description":"manteaux d&#039;hiver avec col en fourrure | vestes femme en cuir | vestes en cuir pour hommes","potentialAction":[{"@type":"SearchAction","target":{"@type":"EntryPoint","urlTemplate":"https:\/\/versano.nl\/?s={search_term_string}"},"query-input":{"@type":"PropertyValueSpecification","valueRequired":true,"valueName":"search_term_string"}}],"inLanguage":"fr-FR"}]}},"_links":{"self":[{"href":"https:\/\/versano.nl\/fr\/wp-json\/wp\/v2\/product\/5093","targetHints":{"allow":["GET"]}}],"collection":[{"href":"https:\/\/versano.nl\/fr\/wp-json\/wp\/v2\/product"}],"about":[{"href":"https:\/\/versano.nl\/fr\/wp-json\/wp\/v2\/types\/product"}],"replies":[{"embeddable":true,"href":"https:\/\/versano.nl\/fr\/wp-json\/wp\/v2\/comments?post=5093"}],"wp:featuredmedia":[{"embeddable":true,"href":"https:\/\/versano.nl\/fr\/wp-json\/wp\/v2\/media\/5099"}],"wp:attachment":[{"href":"https:\/\/versano.nl\/fr\/wp-json\/wp\/v2\/media?parent=5093"}],"wp:term":[{"taxonomy":"product_brand","embeddable":true,"href":"https:\/\/versano.nl\/fr\/wp-json\/wp\/v2\/product_brand?post=5093"},{"taxonomy":"product_cat","embeddable":true,"href":"https:\/\/versano.nl\/fr\/wp-json\/wp\/v2\/product_cat?post=5093"},{"taxonomy":"product_tag","embeddable":true,"href":"https:\/\/versano.nl\/fr\/wp-json\/wp\/v2\/product_tag?post=5093"}],"curies":[{"name":"wp","href":"https:\/\/api.w.org\/{rel}","templated":true}]}}