{"id":5070,"date":"2016-04-05T22:02:15","date_gmt":"2016-04-05T22:02:15","guid":{"rendered":"http:\/\/leathershopdoci.nl\/?post_type=product&#038;p=10219"},"modified":"2026-02-19T17:30:18","modified_gmt":"2026-02-19T17:30:18","slug":"leren-jas-dames-versano-340-cognac","status":"publish","type":"product","link":"https:\/\/versano.nl\/fr\/shop\/leren-jas-dames-versano-340-cognac\/","title":{"rendered":"veste en cuir pour femme cognac 340 Versano"},"content":{"rendered":"<h2>veste en cuir pour femme cognac 340 Versano<\/h2>\n<p>\u00cates-vous \u00e0 la recherche d&#039;un manteau que vous pouvez porter en plusieurs saisons ? Alors nous pouvons vous recommander chaleureusement de jeter un \u0153il \u00e0 la veste en cuir pour femme cognac 340 Versano. Ce mod\u00e8le magnifiquement ajust\u00e9 est parfait pour les journ\u00e9es plus froides et plus chaudes. Avec ce mod\u00e8le, vous obtenez une veste enti\u00e8rement sur mesure pour vous offrir le plus de confort possible. C&#039;est un mod\u00e8le qui a deux poches lat\u00e9rales profondes et deux poches poitrine, qui peuvent toutes \u00eatre ferm\u00e9es avec une fermeture \u00e9clair. La veste a \u00e9galement une bonne poche int\u00e9rieure. La veste est faite de beau cuir d&#039;agneau, qui a un lavage frais et \u00e9l\u00e9gant. Cette veste en cuir pour femme n&#039;est pas seulement disponible en cognac, mais aussi en noir et bleu chez Versano.<\/p>\n<h2>Commander le mod\u00e8le 340 en cognac<\/h2>\n<p>Cette veste chic pour femme de Versano est l&#039;un des meilleurs mod\u00e8les basiques de la marque italienne Versano. C&#039;est une veste qui peut \u00eatre bien combin\u00e9e avec diff\u00e9rents types de v\u00eatements. Pensez \u00e0 une jupe, mais aussi \u00e0 un jean cool. La finition est absolument parfaite et tous les \u00e9l\u00e9ments sont bien coordonn\u00e9s. Ce mod\u00e8le est disponible en plusieurs coloris et \u00e9galement dans des tailles plus grandes jusqu&#039;\u00e0 5xl. Si vous commandez cette veste chez nous, vous recevrez une veste qui restera belle toute une vie. La couleur bleue est facile \u00e0 associer et se marie avec presque toutes vos tenues. Son design italien garantit que la veste est bien ajust\u00e9e et reste confortable \u00e0 porter. Ce mod\u00e8le n&#039;est pas trop charg\u00e9, ce qui en fait un grand classique. vous pouvez facilement commander sur notre site.<\/p>\n<p>marque:\u00a0<a href=\"https:\/\/versano.nl\/\" target=\"_blank\" rel=\"noopener noreferrer\">Versano<\/a><br \/>\nMati\u00e8re: 100% cuir d&#039;agneau<br \/>\nDoublure: 100% polyester<br \/>\nLongueur: court<br \/>\nCoupe: bien ajust\u00e9e<br \/>\nFermeture: fermeture \u00e9clair<br \/>\nPoches: poches avec zip<br \/>\nCol: col montant<br \/>\ncouche externe Mat\u00e9riel: haute qualit\u00e9 et doux en peau d&#039;agneau<br \/>\nD\u00e9lai de livraison: 2-3 jours ouvrables<\/p>","protected":false},"excerpt":{"rendered":"<p><strong>CHOISISSEZ UNE AUTRE COULEUR ICI<\/strong><\/p>\n<p><a href=\"https:\/\/versano.nl\/shop\/leren-dames-jasje-blauw-versano-340\/\"><img loading=\"lazy\" decoding=\"async\" class=\"alignnone size-full wp-image-19853\" src=\"https:\/\/versano.nl\/wp-content\/uploads\/sites\/2\/2018\/12\/leren-jasje-dames-donkerblauw-versano-340-model2-thumb.jpg\" alt=\"\" width=\"57\" height=\"75\" \/><\/a><a href=\"https:\/\/versano.nl\/shop\/lamsleren-dames-jasje-zwart-versano-340\/\"><img loading=\"lazy\" decoding=\"async\" class=\"alignnone size-full wp-image-19854\" src=\"https:\/\/versano.nl\/wp-content\/uploads\/sites\/2\/2018\/12\/leren-jasje-dames-zwart-versano-340-model2-thumb.jpg\" alt=\"\" width=\"57\" height=\"75\" \/><\/a><\/p>\n<p><span style=\"color: #ff0000\">Conseils d&#039;ajustement:<\/span>\u00a0La coupe de cette veste est bien ajust\u00e9e. Notre mannequin mesure 1,68 cm et porte une taille S.<\/p>\n<p>Si vous n&#039;\u00eates pas s\u00fbr de vos mesures, nous vous recommandons de commencer par mesurer vos mesures de taille et de les comparer avec notre tableau des tailles. Si vous n&#039;avez aucune exp\u00e9rience dans la mesure des tailles de circonf\u00e9rence, cliquez sur\u00a0<a href=\"https:\/\/www.youtube.com\/watch?v=3ZSfY87v6pM\"><em>ICI<\/em>\u00a0<\/a>\u00a0\u00e0\u00a0<span style=\"color: #ff0000\"><a style=\"color: #ff0000\" href=\"https:\/\/www.youtube.com\/watch?v=3ZSfY87v6pM\"><em>VIDEO<\/em><\/a><\/span>\u00a0 avec des instructions. Vous pouvez \u00e9galement nous appeler ou nous appliquer directement! Nos employ\u00e9s sont toujours disponibles pour vous aider.<\/p>\n<p><strong>HEURE DE LIVRAISON :<\/strong>\u00a02 \u00e0 3 jours ouvr\u00e9s.<\/p>","protected":false},"featured_media":20588,"comment_status":"closed","ping_status":"closed","template":"","meta":[],"product_brand":[],"product_cat":[90,874,875,1470,879,1469,1474,880,1712,881,2051,878,882],"product_tag":[690,95,352,98,349,142,101,105,106,107],"class_list":{"0":"post-5070","1":"product","2":"type-product","3":"status-publish","4":"has-post-thumbnail","6":"product_cat-dames-leren-jassen","7":"product_cat-kort-leren-jasje","8":"product_cat-kort-leren-jasje-dames","9":"product_cat-leren-dames-jas","10":"product_cat-leren-dames-jassen","11":"product_cat-leren-jas-dames","12":"product_cat-leren-jas-dames-grote-maten","13":"product_cat-leren-jasje-dames","14":"product_cat-leren-jassen","15":"product_cat-leren-jassen-dames","16":"product_cat-leren-jassen-dames-grote-maten","17":"product_cat-leren-jassen-dames-uitverkoop","18":"product_cat-versano","19":"product_tag-cognac","20":"product_tag-korte-leren-jassen","21":"product_tag-leren-dames-jas-cognac","22":"product_tag-leren-jasje","23":"product_tag-leren-jassen","24":"product_tag-online-dames-leren-jassen","25":"product_tag-online-leren-jassen","26":"product_tag-versano-leren-jassen","27":"product_tag-winter-leren-jassen","28":"product_tag-zomer-leren-jassen","29":"tm-no-options","31":"first","32":"instock","33":"sale","34":"taxable","35":"shipping-taxable","36":"purchasable","37":"product-type-variable","38":"has-default-attributes"},"yoast_head":"<!-- This site is optimized with the Yoast SEO plugin v27.2 - https:\/\/yoast.com\/product\/yoast-seo-wordpress\/ -->\n<title>dames lederen jas cognac 340 Versano, lederen dames jas<\/title>\n<meta name=\"description\" content=\"Met dit dames lederen jas cognac 340 Versano mag je echt gezien worden. Deze jas is gemaakt van lamsleer en is mooi getailleerd.\" \/>\n<meta name=\"robots\" content=\"index, follow, max-snippet:-1, max-image-preview:large, max-video-preview:-1\" \/>\n<link rel=\"canonical\" href=\"https:\/\/versano.nl\/fr\/shop\/leren-jas-dames-versano-340-cognac\/\" \/>\n<meta property=\"og:locale\" content=\"fr_FR\" \/>\n<meta property=\"og:type\" content=\"article\" \/>\n<meta property=\"og:title\" content=\"dames lederen jas cognac 340 Versano, lederen dames jas\" \/>\n<meta property=\"og:description\" content=\"Met dit dames lederen jas cognac 340 Versano mag je echt gezien worden. Deze jas is gemaakt van lamsleer en is mooi getailleerd.\" \/>\n<meta property=\"og:url\" content=\"https:\/\/versano.nl\/fr\/shop\/leren-jas-dames-versano-340-cognac\/\" \/>\n<meta property=\"og:site_name\" content=\"Versano\" \/>\n<meta property=\"article:modified_time\" content=\"2026-02-19T17:30:18+00:00\" \/>\n<meta property=\"og:image\" content=\"https:\/\/versano.nl\/wp-content\/uploads\/2018\/12\/leren-jasje-dames-cognac-versano-340-model3.jpg\" \/>\n\t<meta property=\"og:image:width\" content=\"900\" \/>\n\t<meta property=\"og:image:height\" content=\"1176\" \/>\n\t<meta property=\"og:image:type\" content=\"image\/jpeg\" \/>\n<meta name=\"twitter:card\" content=\"summary_large_image\" \/>\n<meta name=\"twitter:label1\" content=\"Dur\u00e9e de lecture estim\u00e9e\" \/>\n\t<meta name=\"twitter:data1\" content=\"2 minutes\" \/>\n<script type=\"application\/ld+json\" class=\"yoast-schema-graph\">{\"@context\":\"https:\/\/schema.org\",\"@graph\":[{\"@type\":\"WebPage\",\"@id\":\"https:\/\/versano.nl\/shop\/leren-jas-dames-versano-340-cognac\/\",\"url\":\"https:\/\/versano.nl\/shop\/leren-jas-dames-versano-340-cognac\/\",\"name\":\"dames lederen jas cognac 340 Versano, lederen dames jas\",\"isPartOf\":{\"@id\":\"https:\/\/versano.nl\/#website\"},\"primaryImageOfPage\":{\"@id\":\"https:\/\/versano.nl\/shop\/leren-jas-dames-versano-340-cognac\/#primaryimage\"},\"image\":{\"@id\":\"https:\/\/versano.nl\/shop\/leren-jas-dames-versano-340-cognac\/#primaryimage\"},\"thumbnailUrl\":\"https:\/\/versano.nl\/wp-content\/uploads\/2018\/12\/leren-jasje-dames-cognac-versano-340-model3.jpg\",\"datePublished\":\"2016-04-05T22:02:15+00:00\",\"dateModified\":\"2026-02-19T17:30:18+00:00\",\"description\":\"Met dit dames lederen jas cognac 340 Versano mag je echt gezien worden. Deze jas is gemaakt van lamsleer en is mooi getailleerd.\",\"breadcrumb\":{\"@id\":\"https:\/\/versano.nl\/shop\/leren-jas-dames-versano-340-cognac\/#breadcrumb\"},\"inLanguage\":\"fr-FR\",\"potentialAction\":[{\"@type\":\"ReadAction\",\"target\":[\"https:\/\/versano.nl\/shop\/leren-jas-dames-versano-340-cognac\/\"]}]},{\"@type\":\"ImageObject\",\"inLanguage\":\"fr-FR\",\"@id\":\"https:\/\/versano.nl\/shop\/leren-jas-dames-versano-340-cognac\/#primaryimage\",\"url\":\"https:\/\/versano.nl\/wp-content\/uploads\/2018\/12\/leren-jasje-dames-cognac-versano-340-model3.jpg\",\"contentUrl\":\"https:\/\/versano.nl\/wp-content\/uploads\/2018\/12\/leren-jasje-dames-cognac-versano-340-model3.jpg\",\"width\":900,\"height\":1176,\"caption\":\"dames lederen jas cognac 340 Versano\"},{\"@type\":\"BreadcrumbList\",\"@id\":\"https:\/\/versano.nl\/shop\/leren-jas-dames-versano-340-cognac\/#breadcrumb\",\"itemListElement\":[{\"@type\":\"ListItem\",\"position\":1,\"name\":\"Home\",\"item\":\"https:\/\/versano.nl\/\"},{\"@type\":\"ListItem\",\"position\":2,\"name\":\"Shop\",\"item\":\"https:\/\/versano.nl\/shop\/\"},{\"@type\":\"ListItem\",\"position\":3,\"name\":\"dames lederen jas cognac 340 Versano\"}]},{\"@type\":\"WebSite\",\"@id\":\"https:\/\/versano.nl\/#website\",\"url\":\"https:\/\/versano.nl\/\",\"name\":\"Versano\",\"description\":\"winterjassen met bontkraag | leren dames jassen | leren heren jassen\",\"potentialAction\":[{\"@type\":\"SearchAction\",\"target\":{\"@type\":\"EntryPoint\",\"urlTemplate\":\"https:\/\/versano.nl\/?s={search_term_string}\"},\"query-input\":{\"@type\":\"PropertyValueSpecification\",\"valueRequired\":true,\"valueName\":\"search_term_string\"}}],\"inLanguage\":\"fr-FR\"}]}<\/script>\n<!-- \/ Yoast SEO plugin. -->","yoast_head_json":{"title":"veste en cuir femme cognac 340 Versano, veste en cuir femme","description":"Avec cette veste en cuir pour femme cognac 340 Versano, vous pouvez vraiment \u00eatre vu. Cette veste est en cuir d&#039;agneau et est bien ajust\u00e9e.","robots":{"index":"index","follow":"follow","max-snippet":"max-snippet:-1","max-image-preview":"max-image-preview:large","max-video-preview":"max-video-preview:-1"},"canonical":"https:\/\/versano.nl\/fr\/shop\/leren-jas-dames-versano-340-cognac\/","og_locale":"fr_FR","og_type":"article","og_title":"dames lederen jas cognac 340 Versano, lederen dames jas","og_description":"Met dit dames lederen jas cognac 340 Versano mag je echt gezien worden. Deze jas is gemaakt van lamsleer en is mooi getailleerd.","og_url":"https:\/\/versano.nl\/fr\/shop\/leren-jas-dames-versano-340-cognac\/","og_site_name":"Versano","article_modified_time":"2026-02-19T17:30:18+00:00","og_image":[{"width":900,"height":1176,"url":"https:\/\/versano.nl\/wp-content\/uploads\/2018\/12\/leren-jasje-dames-cognac-versano-340-model3.jpg","type":"image\/jpeg"}],"twitter_card":"summary_large_image","twitter_misc":{"Dur\u00e9e de lecture estim\u00e9e":"2 minutes"},"schema":{"@context":"https:\/\/schema.org","@graph":[{"@type":"WebPage","@id":"https:\/\/versano.nl\/shop\/leren-jas-dames-versano-340-cognac\/","url":"https:\/\/versano.nl\/shop\/leren-jas-dames-versano-340-cognac\/","name":"veste en cuir femme cognac 340 Versano, veste en cuir femme","isPartOf":{"@id":"https:\/\/versano.nl\/#website"},"primaryImageOfPage":{"@id":"https:\/\/versano.nl\/shop\/leren-jas-dames-versano-340-cognac\/#primaryimage"},"image":{"@id":"https:\/\/versano.nl\/shop\/leren-jas-dames-versano-340-cognac\/#primaryimage"},"thumbnailUrl":"https:\/\/versano.nl\/wp-content\/uploads\/2018\/12\/leren-jasje-dames-cognac-versano-340-model3.jpg","datePublished":"2016-04-05T22:02:15+00:00","dateModified":"2026-02-19T17:30:18+00:00","description":"Avec cette veste en cuir pour femme cognac 340 Versano, vous pouvez vraiment \u00eatre vu. Cette veste est en cuir d&#039;agneau et est bien ajust\u00e9e.","breadcrumb":{"@id":"https:\/\/versano.nl\/shop\/leren-jas-dames-versano-340-cognac\/#breadcrumb"},"inLanguage":"fr-FR","potentialAction":[{"@type":"ReadAction","target":["https:\/\/versano.nl\/shop\/leren-jas-dames-versano-340-cognac\/"]}]},{"@type":"ImageObject","inLanguage":"fr-FR","@id":"https:\/\/versano.nl\/shop\/leren-jas-dames-versano-340-cognac\/#primaryimage","url":"https:\/\/versano.nl\/wp-content\/uploads\/2018\/12\/leren-jasje-dames-cognac-versano-340-model3.jpg","contentUrl":"https:\/\/versano.nl\/wp-content\/uploads\/2018\/12\/leren-jasje-dames-cognac-versano-340-model3.jpg","width":900,"height":1176,"caption":"dames lederen jas cognac 340 Versano"},{"@type":"BreadcrumbList","@id":"https:\/\/versano.nl\/shop\/leren-jas-dames-versano-340-cognac\/#breadcrumb","itemListElement":[{"@type":"ListItem","position":1,"name":"Home","item":"https:\/\/versano.nl\/"},{"@type":"ListItem","position":2,"name":"Shop","item":"https:\/\/versano.nl\/shop\/"},{"@type":"ListItem","position":3,"name":"dames lederen jas cognac 340 Versano"}]},{"@type":"WebSite","@id":"https:\/\/versano.nl\/#website","url":"https:\/\/versano.nl\/","name":"Versano","description":"manteaux d&#039;hiver avec col en fourrure | vestes femme en cuir | vestes en cuir pour hommes","potentialAction":[{"@type":"SearchAction","target":{"@type":"EntryPoint","urlTemplate":"https:\/\/versano.nl\/?s={search_term_string}"},"query-input":{"@type":"PropertyValueSpecification","valueRequired":true,"valueName":"search_term_string"}}],"inLanguage":"fr-FR"}]}},"_links":{"self":[{"href":"https:\/\/versano.nl\/fr\/wp-json\/wp\/v2\/product\/5070","targetHints":{"allow":["GET"]}}],"collection":[{"href":"https:\/\/versano.nl\/fr\/wp-json\/wp\/v2\/product"}],"about":[{"href":"https:\/\/versano.nl\/fr\/wp-json\/wp\/v2\/types\/product"}],"replies":[{"embeddable":true,"href":"https:\/\/versano.nl\/fr\/wp-json\/wp\/v2\/comments?post=5070"}],"wp:featuredmedia":[{"embeddable":true,"href":"https:\/\/versano.nl\/fr\/wp-json\/wp\/v2\/media\/20588"}],"wp:attachment":[{"href":"https:\/\/versano.nl\/fr\/wp-json\/wp\/v2\/media?parent=5070"}],"wp:term":[{"taxonomy":"product_brand","embeddable":true,"href":"https:\/\/versano.nl\/fr\/wp-json\/wp\/v2\/product_brand?post=5070"},{"taxonomy":"product_cat","embeddable":true,"href":"https:\/\/versano.nl\/fr\/wp-json\/wp\/v2\/product_cat?post=5070"},{"taxonomy":"product_tag","embeddable":true,"href":"https:\/\/versano.nl\/fr\/wp-json\/wp\/v2\/product_tag?post=5070"}],"curies":[{"name":"wp","href":"https:\/\/api.w.org\/{rel}","templated":true}]}}