{"id":503,"date":"2017-02-27T22:09:38","date_gmt":"2017-02-27T22:09:38","guid":{"rendered":"https:\/\/leathershopdoci.nl\/shop\/imitatieleren-heren-jas-zwart-biker-model-versano-tr-36-b\/"},"modified":"2025-05-09T10:28:14","modified_gmt":"2025-05-09T10:28:14","slug":"imitatie-leren-heren-jas-zwart-trr-36-b-versano","status":"publish","type":"product","link":"https:\/\/versano.nl\/fr\/shop\/imitatie-leren-heren-jas-zwart-trr-36-b-versano\/","title":{"rendered":"Blouson homme simili cuir noir TRR 36 B Versano"},"content":{"rendered":"<h2>Blouson homme simili cuir noir TRR 36 B Versano<\/h2>\n<p>L&#039;un des meilleurs mod\u00e8les de Versano ! Le blouson homme simili cuir noir TRR 36 B est un topper de chez Versano. On a affaire ici \u00e0 une veste qui a l&#039;air cool, mais qui sera aussi tr\u00e8s confortable. Le mat\u00e9riau est vraiment un beau simili cuir et presque impossible \u00e0 distinguer du vrai cuir. La veste a deux poches lat\u00e9rales profondes avec fermeture \u00e9clair, 2 poches poitrine avec fermeture \u00e9clair et une poche int\u00e9rieure. Cette veste de motard a une excellente finition et une coupe slim italienne et est juste un peu plus r\u00e9sistante que les autres versions \u00e9l\u00e9gantes. En plus de la couleur noire cool, ce mod\u00e8le est \u00e9galement disponible dans les couleurs marron, vert. cognac et bleu. Pour les passionn\u00e9s, nous avons aussi ce mod\u00e8le en cuir d&#039;agneau de diff\u00e9rentes couleurs. Avec cette veste, vous pouvez \u00eatre s\u00fbr que vous aurez bient\u00f4t une nouvelle veste accroch\u00e9e \u00e0 vos \u00e9paules dans laquelle vous pourrez \u00eatre vu.<\/p>\n<h2>Commander le mod\u00e8le TRR 36 B en noir<\/h2>\n<p><span style=\"font-family: 'Arial',sans-serif;\">Avec une si belle veste Versano, vous pouvez \u00eatre s\u00fbr que vous pourrez la porter tout l&#039;hiver. Vous pouvez facilement commander ce mod\u00e8le dans la boutique en ligne Versano. Nous avons rassembl\u00e9 ici toutes nos vestes pour que vous puissiez facilement passer une commande. Chez Versano, vous pouvez toujours \u00eatre s\u00fbr que vous achetez un beau manteau qui a \u00e9t\u00e9 travaill\u00e9 avec soin. Avec nous, vous pouvez facilement choisir la bonne taille en fonction de nos vid\u00e9os d&#039;instructions intelligentes. Vous avez des questions ou vous ne savez pas quelle taille commander ? Ensuite, vous pouvez toujours nous contacter par mail ou WhatsApp. Nos employ\u00e9s aimeraient vous aider!<\/span><\/p>\n<p><a href=\"https:\/\/versano.nl\/\">Versano<\/a><br \/>\nMat\u00e9riel: ska\u00ef<br \/>\nDoublure: 100% polyester<br \/>\nLongueur: court<br \/>\nCoupe : coupe ajust\u00e9e<br \/>\nFermeture: fermeture \u00e9clair<br \/>\nPoches: poches avec zip<br \/>\nCol: col montant<br \/>\ncouche ext\u00e9rieure Mati\u00e8re: Tr\u00e8s simili cuir de haute qualit\u00e9<br \/>\nD\u00e9lai de livraison: 2-3 jours ouvrables<\/p>","protected":false},"excerpt":{"rendered":"<p>CHOISISSEZ UNE AUTRE COULEUR ICI<\/p>\n<p><a href=\"https:\/\/versano.nl\/shop\/imitatieleren-heren-jas-bruin-biker-model-versano-trr-36-b\/\"><img loading=\"lazy\" decoding=\"async\" class=\"alignnone size-full wp-image-19904\" src=\"https:\/\/versano.nl\/wp-content\/uploads\/sites\/2\/2017\/03\/leren-jassen-heren-bruin-biker-model-TR36B-versano-thumb.jpg\" alt=\"\" width=\"57\" height=\"75\" \/><\/a><a href=\"https:\/\/versano.nl\/shop\/imitatieleren-heren-jas-cognac-biker-model-versano-trr-36-b\/\"><img loading=\"lazy\" decoding=\"async\" class=\"alignnone size-full wp-image-19905\" src=\"https:\/\/versano.nl\/wp-content\/uploads\/sites\/2\/2017\/03\/leren-jassen-heren-cognac-biker-model-TR36B-thumb.jpg\" alt=\"\" width=\"57\" height=\"75\" \/><\/a><a href=\"https:\/\/versano.nl\/shop\/imitatieleren-heren-jas-blauw-biker-model-versano-tr-36-b\/\"><img loading=\"lazy\" decoding=\"async\" class=\"alignnone size-full wp-image-19903\" src=\"https:\/\/versano.nl\/wp-content\/uploads\/sites\/2\/2017\/03\/leren-jassen-heren-blauw-biker-model-TR36B-versano-thumb.jpg\" alt=\"\" width=\"57\" height=\"75\" \/><\/a><a href=\"https:\/\/versano.nl\/shop\/imitatieleren-heren-jas-groen-biker-model-versano-trr-36-b\/\"><img loading=\"lazy\" decoding=\"async\" class=\"alignnone size-full wp-image-19902\" src=\"https:\/\/versano.nl\/wp-content\/uploads\/sites\/2\/2017\/03\/kunstleren-heren-bikerjack-groen-versano-TRR36B-thumb.jpg\" alt=\"\" width=\"56\" height=\"75\" \/><\/a><\/p>\n<p style=\"margin: 0cm 0cm 11.25pt 0cm;\"><span style=\"font-family: 'Arial',sans-serif; color: red;\">Conseils d&#039;ajustement:\u00a0<\/span><span style=\"font-family: 'Arial',sans-serif;\">La coupe de cette veste est ajust\u00e9e. Notre mannequin mesure 1,75 cm et porte une taille M.<\/span><\/p>\n<p style=\"margin: 0cm 0cm 11.25pt 0cm;\"><span style=\"font-family: 'Arial',sans-serif;\">Si vous n&#039;\u00eates pas s\u00fbr de vos mesures, nous vous recommandons de commencer par mesurer vos mesures de taille et de les comparer avec notre tableau des tailles. Si vous n&#039;avez aucune exp\u00e9rience dans la mesure des tailles de circonf\u00e9rence, cliquez sur\u00a0<\/span><a href=\"https:\/\/www.youtube.com\/watch?v=3ZSfY87v6pM\"><em><span style=\"font-family: 'Arial',sans-serif; color: windowtext; text-decoration: none; text-underline: none;\">ICI<\/span><\/em><span style=\"font-family: 'Arial',sans-serif; color: windowtext; text-decoration: none; text-underline: none;\">\u00a0<\/span><\/a><span style=\"font-family: 'Arial',sans-serif;\">\u00a0\u00e0\u00a0<\/span><a href=\"https:\/\/www.youtube.com\/watch?v=3ZSfY87v6pM\"><em><span style=\"font-family: 'Arial',sans-serif; color: red; text-decoration: none; text-underline: none;\">VIDEO<\/span><\/em><\/a><span style=\"font-family: 'Arial',sans-serif;\">\u00a0 avec des instructions. Vous pouvez \u00e9galement nous appeler ou nous appliquer directement! Nos employ\u00e9s sont toujours disponibles pour vous aider.<\/span><\/p>\n<p style=\"margin: 0cm;\"><strong><span style=\"font-family: 'Arial',sans-serif;\">HEURE DE LIVRAISON :<\/span><\/strong><span style=\"font-family: 'Arial',sans-serif;\">\u00a02 \u00e0 3 jours ouvr\u00e9s.<\/span><\/p>","protected":false},"featured_media":20817,"comment_status":"open","ping_status":"closed","template":"","meta":[],"product_brand":[],"product_cat":[1672,734,923,16],"product_tag":[184,1932,185,1933,186,181,187,188,81,1838,1856,1774,1735,189],"class_list":{"0":"post-503","1":"product","2":"type-product","3":"status-publish","4":"has-post-thumbnail","6":"product_cat-biker-jas-heren","7":"product_cat-heren-leatherlook-jassen-lederlook-jassen","8":"product_cat-imitatie-leren-jas","9":"product_cat-imitatieleren-jassen-heren","10":"product_tag-biker-jack-zwart","11":"product_tag-biker-jas-imitatie-leer-heren","12":"product_tag-biker-jas-zwart","13":"product_tag-goedkope-imitatie-leren-jas-heren","14":"product_tag-heren-biker-jack-imitatieleer","15":"product_tag-heren-biker-model-jas-imiatieleer","16":"product_tag-heren-biker-model-zwart","17":"product_tag-heren-bikerjas-zwart","18":"product_tag-imitatieleren-heren-biker-jack","19":"product_tag-versano-jassen-in-sale","20":"product_tag-versano-uitverkoop","21":"product_tag-zomerjas-heren","22":"product_tag-zwarte-biker-jas-heren","23":"product_tag-zwarte-versano-jas","24":"product_shipping_class-verzendkosten-1","25":"tm-no-options","27":"first","28":"instock","29":"sale","30":"taxable","31":"shipping-taxable","32":"purchasable","33":"product-type-variable"},"yoast_head":"<!-- This site is optimized with the Yoast SEO plugin v27.2 - https:\/\/yoast.com\/product\/yoast-seo-wordpress\/ -->\n<title>Imitatie leren heren jas zwart TRR 36 B Versano, biker jas heren<\/title>\n<meta name=\"description\" content=\"Bent u op zoek naar een Imitatie leren heren jas zwart TRR 36 B Versano ?Bij Versnao zit u goed, want hier treft u een ruime keuze aan.\" \/>\n<meta name=\"robots\" content=\"index, follow, max-snippet:-1, max-image-preview:large, max-video-preview:-1\" \/>\n<link rel=\"canonical\" href=\"https:\/\/versano.nl\/fr\/shop\/imitatie-leren-heren-jas-zwart-trr-36-b-versano\/\" \/>\n<meta property=\"og:locale\" content=\"fr_FR\" \/>\n<meta property=\"og:type\" content=\"article\" \/>\n<meta property=\"og:title\" content=\"Imitatie leren heren jas zwart TRR 36 B Versano, biker jas heren\" \/>\n<meta property=\"og:description\" content=\"Bent u op zoek naar een Imitatie leren heren jas zwart TRR 36 B Versano ?Bij Versnao zit u goed, want hier treft u een ruime keuze aan.\" \/>\n<meta property=\"og:url\" content=\"https:\/\/versano.nl\/fr\/shop\/imitatie-leren-heren-jas-zwart-trr-36-b-versano\/\" \/>\n<meta property=\"og:site_name\" content=\"Versano\" \/>\n<meta property=\"article:modified_time\" content=\"2025-05-09T10:28:14+00:00\" \/>\n<meta property=\"og:image\" content=\"https:\/\/versano.nl\/wp-content\/uploads\/2021\/03\/leren-jassen-heren-zwart-biker-model-TR36B-versano-model.jpg\" \/>\n\t<meta property=\"og:image:width\" content=\"900\" \/>\n\t<meta property=\"og:image:height\" content=\"1176\" \/>\n\t<meta property=\"og:image:type\" content=\"image\/jpeg\" \/>\n<meta name=\"twitter:card\" content=\"summary_large_image\" \/>\n<meta name=\"twitter:label1\" content=\"Dur\u00e9e de lecture estim\u00e9e\" \/>\n\t<meta name=\"twitter:data1\" content=\"2 minutes\" \/>\n<script type=\"application\/ld+json\" class=\"yoast-schema-graph\">{\"@context\":\"https:\/\/schema.org\",\"@graph\":[{\"@type\":\"WebPage\",\"@id\":\"https:\/\/versano.nl\/shop\/imitatie-leren-heren-jas-zwart-trr-36-b-versano\/\",\"url\":\"https:\/\/versano.nl\/shop\/imitatie-leren-heren-jas-zwart-trr-36-b-versano\/\",\"name\":\"Imitatie leren heren jas zwart TRR 36 B Versano, biker jas heren\",\"isPartOf\":{\"@id\":\"https:\/\/versano.nl\/#website\"},\"primaryImageOfPage\":{\"@id\":\"https:\/\/versano.nl\/shop\/imitatie-leren-heren-jas-zwart-trr-36-b-versano\/#primaryimage\"},\"image\":{\"@id\":\"https:\/\/versano.nl\/shop\/imitatie-leren-heren-jas-zwart-trr-36-b-versano\/#primaryimage\"},\"thumbnailUrl\":\"https:\/\/versano.nl\/wp-content\/uploads\/2021\/03\/leren-jassen-heren-zwart-biker-model-TR36B-versano-model.jpg\",\"datePublished\":\"2017-02-27T22:09:38+00:00\",\"dateModified\":\"2025-05-09T10:28:14+00:00\",\"description\":\"Bent u op zoek naar een Imitatie leren heren jas zwart TRR 36 B Versano ?Bij Versnao zit u goed, want hier treft u een ruime keuze aan.\",\"breadcrumb\":{\"@id\":\"https:\/\/versano.nl\/shop\/imitatie-leren-heren-jas-zwart-trr-36-b-versano\/#breadcrumb\"},\"inLanguage\":\"fr-FR\",\"potentialAction\":[{\"@type\":\"ReadAction\",\"target\":[\"https:\/\/versano.nl\/shop\/imitatie-leren-heren-jas-zwart-trr-36-b-versano\/\"]}]},{\"@type\":\"ImageObject\",\"inLanguage\":\"fr-FR\",\"@id\":\"https:\/\/versano.nl\/shop\/imitatie-leren-heren-jas-zwart-trr-36-b-versano\/#primaryimage\",\"url\":\"https:\/\/versano.nl\/wp-content\/uploads\/2021\/03\/leren-jassen-heren-zwart-biker-model-TR36B-versano-model.jpg\",\"contentUrl\":\"https:\/\/versano.nl\/wp-content\/uploads\/2021\/03\/leren-jassen-heren-zwart-biker-model-TR36B-versano-model.jpg\",\"width\":900,\"height\":1176,\"caption\":\"leren-jassen-heren-zwart-biker-model-TR36B-versano\"},{\"@type\":\"BreadcrumbList\",\"@id\":\"https:\/\/versano.nl\/shop\/imitatie-leren-heren-jas-zwart-trr-36-b-versano\/#breadcrumb\",\"itemListElement\":[{\"@type\":\"ListItem\",\"position\":1,\"name\":\"Home\",\"item\":\"https:\/\/versano.nl\/\"},{\"@type\":\"ListItem\",\"position\":2,\"name\":\"Shop\",\"item\":\"https:\/\/versano.nl\/shop\/\"},{\"@type\":\"ListItem\",\"position\":3,\"name\":\"Imitatie leren heren jas zwart TRR 36 B Versano\"}]},{\"@type\":\"WebSite\",\"@id\":\"https:\/\/versano.nl\/#website\",\"url\":\"https:\/\/versano.nl\/\",\"name\":\"Versano\",\"description\":\"winterjassen met bontkraag | leren dames jassen | leren heren jassen\",\"potentialAction\":[{\"@type\":\"SearchAction\",\"target\":{\"@type\":\"EntryPoint\",\"urlTemplate\":\"https:\/\/versano.nl\/?s={search_term_string}\"},\"query-input\":{\"@type\":\"PropertyValueSpecification\",\"valueRequired\":true,\"valueName\":\"search_term_string\"}}],\"inLanguage\":\"fr-FR\"}]}<\/script>\n<!-- \/ Yoast SEO plugin. -->","yoast_head_json":{"title":"Blouson homme simili cuir noir TRR 36 B Versano, blouson motard homme","description":"Vous cherchez un Blouson homme simili cuir noir TRR 36 B Versano ?Versnao est le bon choix, car vous en trouverez un large choix ici.","robots":{"index":"index","follow":"follow","max-snippet":"max-snippet:-1","max-image-preview":"max-image-preview:large","max-video-preview":"max-video-preview:-1"},"canonical":"https:\/\/versano.nl\/fr\/shop\/imitatie-leren-heren-jas-zwart-trr-36-b-versano\/","og_locale":"fr_FR","og_type":"article","og_title":"Imitatie leren heren jas zwart TRR 36 B Versano, biker jas heren","og_description":"Bent u op zoek naar een Imitatie leren heren jas zwart TRR 36 B Versano ?Bij Versnao zit u goed, want hier treft u een ruime keuze aan.","og_url":"https:\/\/versano.nl\/fr\/shop\/imitatie-leren-heren-jas-zwart-trr-36-b-versano\/","og_site_name":"Versano","article_modified_time":"2025-05-09T10:28:14+00:00","og_image":[{"width":900,"height":1176,"url":"https:\/\/versano.nl\/wp-content\/uploads\/2021\/03\/leren-jassen-heren-zwart-biker-model-TR36B-versano-model.jpg","type":"image\/jpeg"}],"twitter_card":"summary_large_image","twitter_misc":{"Dur\u00e9e de lecture estim\u00e9e":"2 minutes"},"schema":{"@context":"https:\/\/schema.org","@graph":[{"@type":"WebPage","@id":"https:\/\/versano.nl\/shop\/imitatie-leren-heren-jas-zwart-trr-36-b-versano\/","url":"https:\/\/versano.nl\/shop\/imitatie-leren-heren-jas-zwart-trr-36-b-versano\/","name":"Blouson homme simili cuir noir TRR 36 B Versano, blouson motard homme","isPartOf":{"@id":"https:\/\/versano.nl\/#website"},"primaryImageOfPage":{"@id":"https:\/\/versano.nl\/shop\/imitatie-leren-heren-jas-zwart-trr-36-b-versano\/#primaryimage"},"image":{"@id":"https:\/\/versano.nl\/shop\/imitatie-leren-heren-jas-zwart-trr-36-b-versano\/#primaryimage"},"thumbnailUrl":"https:\/\/versano.nl\/wp-content\/uploads\/2021\/03\/leren-jassen-heren-zwart-biker-model-TR36B-versano-model.jpg","datePublished":"2017-02-27T22:09:38+00:00","dateModified":"2025-05-09T10:28:14+00:00","description":"Vous cherchez un Blouson homme simili cuir noir TRR 36 B Versano ?Versnao est le bon choix, car vous en trouverez un large choix ici.","breadcrumb":{"@id":"https:\/\/versano.nl\/shop\/imitatie-leren-heren-jas-zwart-trr-36-b-versano\/#breadcrumb"},"inLanguage":"fr-FR","potentialAction":[{"@type":"ReadAction","target":["https:\/\/versano.nl\/shop\/imitatie-leren-heren-jas-zwart-trr-36-b-versano\/"]}]},{"@type":"ImageObject","inLanguage":"fr-FR","@id":"https:\/\/versano.nl\/shop\/imitatie-leren-heren-jas-zwart-trr-36-b-versano\/#primaryimage","url":"https:\/\/versano.nl\/wp-content\/uploads\/2021\/03\/leren-jassen-heren-zwart-biker-model-TR36B-versano-model.jpg","contentUrl":"https:\/\/versano.nl\/wp-content\/uploads\/2021\/03\/leren-jassen-heren-zwart-biker-model-TR36B-versano-model.jpg","width":900,"height":1176,"caption":"leren-jassen-heren-zwart-biker-model-TR36B-versano"},{"@type":"BreadcrumbList","@id":"https:\/\/versano.nl\/shop\/imitatie-leren-heren-jas-zwart-trr-36-b-versano\/#breadcrumb","itemListElement":[{"@type":"ListItem","position":1,"name":"Home","item":"https:\/\/versano.nl\/"},{"@type":"ListItem","position":2,"name":"Shop","item":"https:\/\/versano.nl\/shop\/"},{"@type":"ListItem","position":3,"name":"Imitatie leren heren jas zwart TRR 36 B Versano"}]},{"@type":"WebSite","@id":"https:\/\/versano.nl\/#website","url":"https:\/\/versano.nl\/","name":"Versano","description":"manteaux d&#039;hiver avec col en fourrure | vestes femme en cuir | vestes en cuir pour hommes","potentialAction":[{"@type":"SearchAction","target":{"@type":"EntryPoint","urlTemplate":"https:\/\/versano.nl\/?s={search_term_string}"},"query-input":{"@type":"PropertyValueSpecification","valueRequired":true,"valueName":"search_term_string"}}],"inLanguage":"fr-FR"}]}},"_links":{"self":[{"href":"https:\/\/versano.nl\/fr\/wp-json\/wp\/v2\/product\/503","targetHints":{"allow":["GET"]}}],"collection":[{"href":"https:\/\/versano.nl\/fr\/wp-json\/wp\/v2\/product"}],"about":[{"href":"https:\/\/versano.nl\/fr\/wp-json\/wp\/v2\/types\/product"}],"replies":[{"embeddable":true,"href":"https:\/\/versano.nl\/fr\/wp-json\/wp\/v2\/comments?post=503"}],"wp:featuredmedia":[{"embeddable":true,"href":"https:\/\/versano.nl\/fr\/wp-json\/wp\/v2\/media\/20817"}],"wp:attachment":[{"href":"https:\/\/versano.nl\/fr\/wp-json\/wp\/v2\/media?parent=503"}],"wp:term":[{"taxonomy":"product_brand","embeddable":true,"href":"https:\/\/versano.nl\/fr\/wp-json\/wp\/v2\/product_brand?post=503"},{"taxonomy":"product_cat","embeddable":true,"href":"https:\/\/versano.nl\/fr\/wp-json\/wp\/v2\/product_cat?post=503"},{"taxonomy":"product_tag","embeddable":true,"href":"https:\/\/versano.nl\/fr\/wp-json\/wp\/v2\/product_tag?post=503"}],"curies":[{"name":"wp","href":"https:\/\/api.w.org\/{rel}","templated":true}]}}