{"id":4957,"date":"2016-04-07T11:40:40","date_gmt":"2016-04-07T11:40:40","guid":{"rendered":"http:\/\/leathershopdoci.nl\/?post_type=product&#038;p=10353"},"modified":"2024-12-11T16:28:46","modified_gmt":"2024-12-11T16:28:46","slug":"leren-jas-heren-versano-tr36-cognac","status":"publish","type":"product","link":"https:\/\/versano.nl\/fr\/shop\/leren-jas-heren-versano-tr36-cognac\/","title":{"rendered":"Blouson cuir homme cognac TR36 Versano"},"content":{"rendered":"<h2 style=\"margin: 11.25pt 0cm 11.25pt 0cm;\"><span style=\"font-size: 15pt; font-family: Arial, sans-serif; color: #282828;\">Blouson cuir homme TR36 Cognac Versano<\/span><\/h2>\n<p style=\"line-height: 18.0pt; box-sizing: border-box; margin: 0cm 0cm 16.5pt 0cm;\"><span style=\"font-size: 10.5pt; font-family: 'Arial',sans-serif; color: #282828;\">Si vous cherchez un blouson en cuir dont vous \u00eates s\u00fbr d&#039;\u00eatre confortable, il vous suffit de jeter un \u0153il \u00e0 notre gamme. Chez My-Versano, vous trouverez de belles vestes de Versano, une marque qui s&#039;est b\u00e2tie une bonne r\u00e9putation au fil des ans. Les\u00a0<strong style=\"box-sizing: border-box;\"><span style=\"font-family: 'Arial',sans-serif; font-weight: normal;\">hommes veste en cuir<\/span><\/strong>\u00a0TR36 Cognac Versano est un autre beau manteau, un mod\u00e8le haut de gamme parfaitement ajust\u00e9 qui s&#039;adapte parfaitement \u00e0 votre corps. Un mod\u00e8le de base sp\u00e9cial de cette veste a \u00e9t\u00e9 con\u00e7u par les talentueux designers de Versano. C&#039;est une veste avec deux poches lat\u00e9rales profondes avec une fermeture \u00e9clair, mais aussi des poches sur la poitrine et les bras. Bien entendu, une jolie poche int\u00e9rieure est \u00e9galement incluse avec ce mod\u00e8le. Nous pouvons donc vous recommander de jeter un \u0153il \u00e0 notre gamme pour cette veste, ou l&#039;un des nombreux autres mod\u00e8les haut de gamme de Versano.<\/span><\/p>\n<h2 style=\"box-sizing: border-box; margin: 11.25pt 0cm 11.25pt 0cm;\"><span style=\"font-size: 15pt; font-family: Arial, sans-serif; color: #282828;\">Commander le mod\u00e8le TR36 en cognac<\/span><\/h2>\n<p style=\"line-height: 18.0pt; box-sizing: border-box; margin: 0cm 0cm 16.5pt 0cm;\"><span style=\"font-size: 10.5pt; font-family: 'Arial',sans-serif; color: #282828;\">La coupe de cette veste est ajust\u00e9e et s&#039;adaptera donc parfaitement \u00e0 votre corps. C&#039;est un beau manteau qui est compl\u00e8tement de style italien. En d&#039;autres termes, avec cette veste, vous n&#039;avez pas \u00e0 vous soucier de ne pas avoir l&#039;air \u00e0 votre place. Le TR36 est disponible en noir, bleu et cognac. Nous vous recommandons donc de simplement jeter un \u0153il \u00e0 la couleur qui, selon vous, convient le mieux \u00e0 votre propre style. Avec nous, vous pouvez facilement choisir la bonne taille en fonction de nos vid\u00e9os d&#039;instructions intelligentes. Ensuite, vous pouvez toujours nous contacter par mail ou WhatsApp. Nos employ\u00e9s aimeraient vous aider!<\/span><\/p>\n<p style=\"margin: 0cm; line-height: 18.0pt; box-sizing: border-box;\"><span style=\"font-size: 10.5pt; font-family: 'Arial',sans-serif; color: #282828;\">marque:\u00a0<a style=\"box-sizing: border-box; color: inherit;\" href=\"https:\/\/versano.nl\/\"><span style=\"text-decoration: none; text-underline: none;\">Versano<\/span><\/a><br style=\"box-sizing: border-box;\" \/>Mati\u00e8re: 100% cuir d&#039;agneau<br style=\"box-sizing: border-box;\" \/>Doublure: 100% polyester<br style=\"box-sizing: border-box;\" \/>Longueur: court<br style=\"box-sizing: border-box;\" \/>Coupe : coupe ajust\u00e9e<br style=\"box-sizing: border-box;\" \/>Fermeture: fermeture \u00e9clair<br style=\"box-sizing: border-box;\" \/>Poches: poches avec zip<br style=\"box-sizing: border-box;\" \/>Col: col montant<br style=\"box-sizing: border-box;\" \/>Mat\u00e9riau couche ext\u00e9rieure: Tr\u00e8s haute qualit\u00e9 et doux en peau d&#039;agneau<br style=\"box-sizing: border-box;\" \/>D\u00e9lai de livraison: 2-3 jours ouvrables<\/span><\/p>","protected":false},"excerpt":{"rendered":"<p>CHOISISSEZ UNE AUTRE COULEUR ICI<\/p>\n<p><a href=\"https:\/\/versano.nl\/shop\/leren-jas-heren-versano-tr36-zwart\/\"><img loading=\"lazy\" decoding=\"async\" class=\"alignnone size-full wp-image-19931\" src=\"https:\/\/versano.nl\/wp-content\/uploads\/sites\/2\/2016\/04\/heren-leren-jassen-zwart-versano-tr36-thumb.jpg\" alt=\"\" width=\"57\" height=\"75\" \/><\/a><a href=\"https:\/\/versano.nl\/shop\/leren-jas-heren-versano-tr36-blauw\/\"><img loading=\"lazy\" decoding=\"async\" class=\"alignnone size-full wp-image-19932\" src=\"https:\/\/versano.nl\/wp-content\/uploads\/sites\/2\/2016\/04\/leren-heren-jassen-blauw-versano-tr36-thumb.jpg\" alt=\"\" width=\"58\" height=\"75\" \/><\/a><\/p>\n<p style=\"margin: 0cm 0cm 11.25pt 0cm;\"><span style=\"font-size: 10.5pt; font-family: 'Arial',sans-serif; color: red;\">Conseils d&#039;ajustement:\u00a0<\/span><span style=\"font-size: 10.5pt; font-family: 'Arial',sans-serif; color: #5d5d5d;\">La coupe de cette veste est ajust\u00e9e. Notre mannequin mesure 1,75 cm et porte une taille M.<\/span><\/p>\n<p style=\"margin: 0cm 0cm 11.25pt 0cm;\"><span style=\"font-size: 10.5pt; font-family: 'Arial',sans-serif; color: #5d5d5d;\">Si vous n&#039;\u00eates pas s\u00fbr de vos mesures, nous vous recommandons de commencer par mesurer vos mesures de taille et de les comparer avec notre tableau des tailles. Si vous n&#039;avez aucune exp\u00e9rience dans la mesure des tailles de circonf\u00e9rence, cliquez sur\u00a0<\/span><a href=\"https:\/\/www.youtube.com\/watch?v=3ZSfY87v6pM\"><em><span style=\"font-size: 10.5pt; font-family: 'Arial',sans-serif; text-decoration: none; text-underline: none;\">ICI<\/span><\/em><span style=\"font-size: 10.5pt; font-family: 'Arial',sans-serif; text-decoration: none; text-underline: none;\">\u00a0<\/span><\/a><span style=\"font-size: 10.5pt; font-family: 'Arial',sans-serif; color: #5d5d5d;\">\u00a0\u00e0\u00a0<\/span><a href=\"https:\/\/www.youtube.com\/watch?v=3ZSfY87v6pM\"><em><span style=\"font-size: 10.5pt; font-family: 'Arial',sans-serif; color: red; text-decoration: none; text-underline: none;\">VIDEO<\/span><\/em><\/a><span style=\"font-size: 10.5pt; font-family: 'Arial',sans-serif; color: #5d5d5d;\">\u00a0 avec des instructions. Vous pouvez \u00e9galement nous appeler ou nous appliquer directement! Nos employ\u00e9s sont toujours disponibles pour vous aider.<\/span><\/p>\n<p style=\"margin: 0cm;\"><strong><span style=\"font-size: 10.5pt; font-family: 'Arial',sans-serif; color: #5d5d5d;\">HEURE DE LIVRAISON :<\/span><\/strong><span style=\"font-size: 10.5pt; font-family: 'Arial',sans-serif; color: #5d5d5d;\">\u00a02 \u00e0 3 jours ouvr\u00e9s.<\/span><\/p>","protected":false},"featured_media":20956,"comment_status":"closed","ping_status":"closed","template":"","meta":[],"product_brand":[],"product_cat":[1670,147,874,907,1671,908,1669,1712,913,910,882],"product_tag":[1691,660,645,661,662,1692,663,153,1694,664,665,666,24,1697,1708],"class_list":{"0":"post-4957","1":"product","2":"type-product","3":"status-publish","4":"has-post-thumbnail","6":"product_cat-heren-leren-jas","7":"product_cat-heren-leren-jassen","8":"product_cat-kort-leren-jasje","9":"product_cat-kort-leren-jasje-heren","10":"product_cat-leren-heren-jas","11":"product_cat-leren-heren-jassen","12":"product_cat-leren-jas-heren","13":"product_cat-leren-jassen","14":"product_cat-leren-jassen-heren-uitverkoop","15":"product_cat-leren-jassen-heren","16":"product_cat-versano","17":"product_tag-echt-leer-heren-jas","18":"product_tag-heren-jas-imitatieleer-cognac","19":"product_tag-heren-jas-leder-cognac","20":"product_tag-imitatieleren-heren-jas-cognac","21":"product_tag-imitatieleren-jas-cognac","22":"product_tag-lamsleer-heren-jas","23":"product_tag-lederen-heren-jas-cognac","24":"product_tag-leren-heren-jas-cognac","25":"product_tag-leren-heren-jas-in-sale","26":"product_tag-leren-heren-jasje-cognac","27":"product_tag-leren-jas-cognac","28":"product_tag-leren-jassen-heren-cognac","29":"product_tag-stoer-jasje-heren","30":"product_tag-uitverkoop-heren-leren-jas","31":"product_tag-zomerjassen-heren","32":"tm-no-options","34":"first","35":"instock","36":"sale","37":"taxable","38":"shipping-taxable","39":"purchasable","40":"product-type-variable"},"yoast_head":"<!-- This site is optimized with the Yoast SEO plugin v27.2 - https:\/\/yoast.com\/product\/yoast-seo-wordpress\/ -->\n<title>Leren jas heren cognac TR36 Versano, cognac leren jas heren<\/title>\n<meta name=\"description\" content=\"Bent u op zoek naar een Leren jas heren cognac TR36 Versano, bekijk dan onze collectie leren jassen van lamsleer in onze webshop.\" \/>\n<meta name=\"robots\" content=\"index, follow, max-snippet:-1, max-image-preview:large, max-video-preview:-1\" \/>\n<link rel=\"canonical\" href=\"https:\/\/versano.nl\/fr\/shop\/leren-jas-heren-versano-tr36-cognac\/\" \/>\n<meta property=\"og:locale\" content=\"fr_FR\" \/>\n<meta property=\"og:type\" content=\"article\" \/>\n<meta property=\"og:title\" content=\"Leren jas heren cognac TR36 Versano, cognac leren jas heren\" \/>\n<meta property=\"og:description\" content=\"Bent u op zoek naar een Leren jas heren cognac TR36 Versano, bekijk dan onze collectie leren jassen van lamsleer in onze webshop.\" \/>\n<meta property=\"og:url\" content=\"https:\/\/versano.nl\/fr\/shop\/leren-jas-heren-versano-tr36-cognac\/\" \/>\n<meta property=\"og:site_name\" content=\"Versano\" \/>\n<meta property=\"article:modified_time\" content=\"2024-12-11T16:28:46+00:00\" \/>\n<meta property=\"og:image\" content=\"https:\/\/versano.nl\/wp-content\/uploads\/2016\/04\/leren-jassen-heren-cognac-versano-tr36-model2.jpg\" \/>\n\t<meta property=\"og:image:width\" content=\"900\" \/>\n\t<meta property=\"og:image:height\" content=\"1176\" \/>\n\t<meta property=\"og:image:type\" content=\"image\/jpeg\" \/>\n<meta name=\"twitter:card\" content=\"summary_large_image\" \/>\n<meta name=\"twitter:label1\" content=\"Dur\u00e9e de lecture estim\u00e9e\" \/>\n\t<meta name=\"twitter:data1\" content=\"1 minute\" \/>\n<script type=\"application\/ld+json\" class=\"yoast-schema-graph\">{\"@context\":\"https:\/\/schema.org\",\"@graph\":[{\"@type\":\"WebPage\",\"@id\":\"https:\/\/versano.nl\/shop\/leren-jas-heren-versano-tr36-cognac\/\",\"url\":\"https:\/\/versano.nl\/shop\/leren-jas-heren-versano-tr36-cognac\/\",\"name\":\"Leren jas heren cognac TR36 Versano, cognac leren jas heren\",\"isPartOf\":{\"@id\":\"https:\/\/versano.nl\/#website\"},\"primaryImageOfPage\":{\"@id\":\"https:\/\/versano.nl\/shop\/leren-jas-heren-versano-tr36-cognac\/#primaryimage\"},\"image\":{\"@id\":\"https:\/\/versano.nl\/shop\/leren-jas-heren-versano-tr36-cognac\/#primaryimage\"},\"thumbnailUrl\":\"https:\/\/versano.nl\/wp-content\/uploads\/2016\/04\/leren-jassen-heren-cognac-versano-tr36-model2.jpg\",\"datePublished\":\"2016-04-07T11:40:40+00:00\",\"dateModified\":\"2024-12-11T16:28:46+00:00\",\"description\":\"Bent u op zoek naar een Leren jas heren cognac TR36 Versano, bekijk dan onze collectie leren jassen van lamsleer in onze webshop.\",\"breadcrumb\":{\"@id\":\"https:\/\/versano.nl\/shop\/leren-jas-heren-versano-tr36-cognac\/#breadcrumb\"},\"inLanguage\":\"fr-FR\",\"potentialAction\":[{\"@type\":\"ReadAction\",\"target\":[\"https:\/\/versano.nl\/shop\/leren-jas-heren-versano-tr36-cognac\/\"]}]},{\"@type\":\"ImageObject\",\"inLanguage\":\"fr-FR\",\"@id\":\"https:\/\/versano.nl\/shop\/leren-jas-heren-versano-tr36-cognac\/#primaryimage\",\"url\":\"https:\/\/versano.nl\/wp-content\/uploads\/2016\/04\/leren-jassen-heren-cognac-versano-tr36-model2.jpg\",\"contentUrl\":\"https:\/\/versano.nl\/wp-content\/uploads\/2016\/04\/leren-jassen-heren-cognac-versano-tr36-model2.jpg\",\"width\":900,\"height\":1176,\"caption\":\"leren-jassen-heren-cognac-versano-tr36-model\"},{\"@type\":\"BreadcrumbList\",\"@id\":\"https:\/\/versano.nl\/shop\/leren-jas-heren-versano-tr36-cognac\/#breadcrumb\",\"itemListElement\":[{\"@type\":\"ListItem\",\"position\":1,\"name\":\"Home\",\"item\":\"https:\/\/versano.nl\/\"},{\"@type\":\"ListItem\",\"position\":2,\"name\":\"Shop\",\"item\":\"https:\/\/versano.nl\/shop\/\"},{\"@type\":\"ListItem\",\"position\":3,\"name\":\"Leren jas heren cognac TR36 Versano\"}]},{\"@type\":\"WebSite\",\"@id\":\"https:\/\/versano.nl\/#website\",\"url\":\"https:\/\/versano.nl\/\",\"name\":\"Versano\",\"description\":\"winterjassen met bontkraag | leren dames jassen | leren heren jassen\",\"potentialAction\":[{\"@type\":\"SearchAction\",\"target\":{\"@type\":\"EntryPoint\",\"urlTemplate\":\"https:\/\/versano.nl\/?s={search_term_string}\"},\"query-input\":{\"@type\":\"PropertyValueSpecification\",\"valueRequired\":true,\"valueName\":\"search_term_string\"}}],\"inLanguage\":\"fr-FR\"}]}<\/script>\n<!-- \/ Yoast SEO plugin. -->","yoast_head_json":{"title":"Blouson cuir homme cognac TR36 Versano, Blouson cuir cognac homme","description":"Vous recherchez un Blouson en cuir pour homme cognac TR36 Versano, consultez notre collection de blousons en cuir d&#039;agneau dans notre boutique en ligne.","robots":{"index":"index","follow":"follow","max-snippet":"max-snippet:-1","max-image-preview":"max-image-preview:large","max-video-preview":"max-video-preview:-1"},"canonical":"https:\/\/versano.nl\/fr\/shop\/leren-jas-heren-versano-tr36-cognac\/","og_locale":"fr_FR","og_type":"article","og_title":"Leren jas heren cognac TR36 Versano, cognac leren jas heren","og_description":"Bent u op zoek naar een Leren jas heren cognac TR36 Versano, bekijk dan onze collectie leren jassen van lamsleer in onze webshop.","og_url":"https:\/\/versano.nl\/fr\/shop\/leren-jas-heren-versano-tr36-cognac\/","og_site_name":"Versano","article_modified_time":"2024-12-11T16:28:46+00:00","og_image":[{"width":900,"height":1176,"url":"https:\/\/versano.nl\/wp-content\/uploads\/2016\/04\/leren-jassen-heren-cognac-versano-tr36-model2.jpg","type":"image\/jpeg"}],"twitter_card":"summary_large_image","twitter_misc":{"Dur\u00e9e de lecture estim\u00e9e":"1 minute"},"schema":{"@context":"https:\/\/schema.org","@graph":[{"@type":"WebPage","@id":"https:\/\/versano.nl\/shop\/leren-jas-heren-versano-tr36-cognac\/","url":"https:\/\/versano.nl\/shop\/leren-jas-heren-versano-tr36-cognac\/","name":"Blouson cuir homme cognac TR36 Versano, Blouson cuir cognac homme","isPartOf":{"@id":"https:\/\/versano.nl\/#website"},"primaryImageOfPage":{"@id":"https:\/\/versano.nl\/shop\/leren-jas-heren-versano-tr36-cognac\/#primaryimage"},"image":{"@id":"https:\/\/versano.nl\/shop\/leren-jas-heren-versano-tr36-cognac\/#primaryimage"},"thumbnailUrl":"https:\/\/versano.nl\/wp-content\/uploads\/2016\/04\/leren-jassen-heren-cognac-versano-tr36-model2.jpg","datePublished":"2016-04-07T11:40:40+00:00","dateModified":"2024-12-11T16:28:46+00:00","description":"Vous recherchez un Blouson en cuir pour homme cognac TR36 Versano, consultez notre collection de blousons en cuir d&#039;agneau dans notre boutique en ligne.","breadcrumb":{"@id":"https:\/\/versano.nl\/shop\/leren-jas-heren-versano-tr36-cognac\/#breadcrumb"},"inLanguage":"fr-FR","potentialAction":[{"@type":"ReadAction","target":["https:\/\/versano.nl\/shop\/leren-jas-heren-versano-tr36-cognac\/"]}]},{"@type":"ImageObject","inLanguage":"fr-FR","@id":"https:\/\/versano.nl\/shop\/leren-jas-heren-versano-tr36-cognac\/#primaryimage","url":"https:\/\/versano.nl\/wp-content\/uploads\/2016\/04\/leren-jassen-heren-cognac-versano-tr36-model2.jpg","contentUrl":"https:\/\/versano.nl\/wp-content\/uploads\/2016\/04\/leren-jassen-heren-cognac-versano-tr36-model2.jpg","width":900,"height":1176,"caption":"leren-jassen-heren-cognac-versano-tr36-model"},{"@type":"BreadcrumbList","@id":"https:\/\/versano.nl\/shop\/leren-jas-heren-versano-tr36-cognac\/#breadcrumb","itemListElement":[{"@type":"ListItem","position":1,"name":"Home","item":"https:\/\/versano.nl\/"},{"@type":"ListItem","position":2,"name":"Shop","item":"https:\/\/versano.nl\/shop\/"},{"@type":"ListItem","position":3,"name":"Leren jas heren cognac TR36 Versano"}]},{"@type":"WebSite","@id":"https:\/\/versano.nl\/#website","url":"https:\/\/versano.nl\/","name":"Versano","description":"manteaux d&#039;hiver avec col en fourrure | vestes femme en cuir | vestes en cuir pour hommes","potentialAction":[{"@type":"SearchAction","target":{"@type":"EntryPoint","urlTemplate":"https:\/\/versano.nl\/?s={search_term_string}"},"query-input":{"@type":"PropertyValueSpecification","valueRequired":true,"valueName":"search_term_string"}}],"inLanguage":"fr-FR"}]}},"_links":{"self":[{"href":"https:\/\/versano.nl\/fr\/wp-json\/wp\/v2\/product\/4957","targetHints":{"allow":["GET"]}}],"collection":[{"href":"https:\/\/versano.nl\/fr\/wp-json\/wp\/v2\/product"}],"about":[{"href":"https:\/\/versano.nl\/fr\/wp-json\/wp\/v2\/types\/product"}],"replies":[{"embeddable":true,"href":"https:\/\/versano.nl\/fr\/wp-json\/wp\/v2\/comments?post=4957"}],"wp:featuredmedia":[{"embeddable":true,"href":"https:\/\/versano.nl\/fr\/wp-json\/wp\/v2\/media\/20956"}],"wp:attachment":[{"href":"https:\/\/versano.nl\/fr\/wp-json\/wp\/v2\/media?parent=4957"}],"wp:term":[{"taxonomy":"product_brand","embeddable":true,"href":"https:\/\/versano.nl\/fr\/wp-json\/wp\/v2\/product_brand?post=4957"},{"taxonomy":"product_cat","embeddable":true,"href":"https:\/\/versano.nl\/fr\/wp-json\/wp\/v2\/product_cat?post=4957"},{"taxonomy":"product_tag","embeddable":true,"href":"https:\/\/versano.nl\/fr\/wp-json\/wp\/v2\/product_tag?post=4957"}],"curies":[{"name":"wp","href":"https:\/\/api.w.org\/{rel}","templated":true}]}}