{"id":4848,"date":"2016-05-14T12:27:59","date_gmt":"2016-05-14T12:27:59","guid":{"rendered":"http:\/\/leathershopdoci.nl\/?post_type=product&#038;p=10555"},"modified":"2025-05-09T10:30:45","modified_gmt":"2025-05-09T10:30:45","slug":"imitatieleren-bikerjack-zwart-heren-versano-tr50","status":"publish","type":"product","link":"https:\/\/versano.nl\/fr\/shop\/imitatieleren-bikerjack-zwart-heren-versano-tr50\/","title":{"rendered":"veste de motard homme simili cuir noir TRR 50 Versano"},"content":{"rendered":"<h2>veste de motard homme simili cuir noir TRR 50 Versano<\/h2>\n<p>Cette veste est un v\u00e9ritable accroche-regard et excelle dans le confort et le mod\u00e8le. On a affaire ici \u00e0 une veste qui a l&#039;air costaud. Cette veste est faite de simili cuir et est vraiment une veste de motard cool. La veste a deux poches lat\u00e9rales profondes avec une fermeture \u00e9clair et une poche int\u00e9rieure. Cette veste pour homme a une excellente finition et a une coupe ajust\u00e9e. Pas besoin d&#039;\u00eatre motard pour porter cette veste. Il fera aussi bien l&#039;affaire lorsque vous sortez pour une soir\u00e9e ou que vous vous rendez \u00e0 une occasion sp\u00e9ciale. C&#039;est une veste homme en simili cuir que vous pourrez porter en toutes saisons de l&#039;ann\u00e9e. Avec la veste biker homme en simili cuir noir TRR 50 Versano vous obtenez une veste qui vous plaira certainement. Vous pouvez facilement commander ce mod\u00e8le sur notre site en diff\u00e9rentes couleurs.<\/p>\n<h2>Commandez le mod\u00e8le TR50 en noir<\/h2>\n<p>Vous cherchez une veste de motard en similicuir cool? Alors il est bon de jeter un \u0153il \u00e0 la gamme Versano. Nous vendons les vestes en cuir de la c\u00e9l\u00e8bre marque Versano. Les plus beaux mat\u00e9riaux sont ici utilis\u00e9s, qui sont moul\u00e9s par les meilleurs designers dans un mod\u00e8le attrayant et robuste. Le TR50 est disponible dans les couleurs noir et cognac, nous vous recommandons donc de voir simplement quelle couleur vous semble la mieux adapt\u00e9e \u00e0 votre propre style. Avec nous, vous pouvez facilement choisir la bonne taille en fonction de nos vid\u00e9os d&#039;instructions intelligentes. Ensuite, vous pouvez toujours nous contacter par mail ou WhatsApp. Nos employ\u00e9s aimeraient vous aider!<\/p>\n<p>marque: <a href=\"https:\/\/versano.nl\" target=\"_blank\" rel=\"noopener noreferrer\">Versano<\/a><br \/>\nMat\u00e9riel: ska\u00ef Rexion<br \/>\nDoublure: 100% polyester<br \/>\nLongueur: court<br \/>\nCoupe : coupe ajust\u00e9e<br \/>\nFermeture: fermeture \u00e9clair<br \/>\nPoches: poches avec zip<br \/>\nCol: A-sym\u00e9trique<br \/>\nD\u00e9lai de livraison: 2-3 jours ouvrables<\/p>","protected":false},"excerpt":{"rendered":"<p style=\"margin: 0cm 0cm 11.25pt 0cm;\"><span style=\"font-family: 'Arial',sans-serif; color: red;\">Conseils d&#039;ajustement:\u00a0<\/span><span style=\"font-family: 'Arial',sans-serif;\">La coupe de cette veste est ajust\u00e9e. Notre mannequin mesure 1,75 cm et porte une taille M.<\/span><\/p>\n<p style=\"margin: 0cm 0cm 11.25pt 0cm;\"><span style=\"font-family: 'Arial',sans-serif;\">Si vous n&#039;\u00eates pas s\u00fbr de vos mesures, nous vous recommandons de commencer par mesurer vos mesures de taille et de les comparer avec notre tableau des tailles. Si vous n&#039;avez aucune exp\u00e9rience dans la mesure des tailles de circonf\u00e9rence, cliquez sur\u00a0<\/span><a href=\"https:\/\/www.youtube.com\/watch?v=3ZSfY87v6pM\"><em><span style=\"font-family: 'Arial',sans-serif; color: windowtext; text-decoration: none;\">ICI<\/span><\/em><span style=\"font-family: 'Arial',sans-serif; color: windowtext; text-decoration: none;\">\u00a0<\/span><\/a><span style=\"font-family: 'Arial',sans-serif;\">\u00a0\u00e0\u00a0<\/span><a href=\"https:\/\/www.youtube.com\/watch?v=3ZSfY87v6pM\"><em><span style=\"font-family: 'Arial',sans-serif; color: red; text-decoration: none;\">VIDEO<\/span><\/em><\/a><span style=\"font-family: 'Arial',sans-serif;\">\u00a0 avec des instructions. Vous pouvez \u00e9galement nous appeler ou nous appliquer directement! Nos employ\u00e9s sont toujours disponibles pour vous aider.<\/span><\/p>\n<p style=\"margin: 0cm;\"><strong><span style=\"font-family: 'Arial',sans-serif;\">HEURE DE LIVRAISON :<\/span><\/strong><span style=\"font-family: 'Arial',sans-serif;\">\u00a02 \u00e0 3 jours ouvr\u00e9s.<\/span><\/p>\n<p style=\"margin: 0cm;\"><span style=\"font-family: 'Arial',sans-serif;\">\u00a0<\/span><\/p>","protected":false},"featured_media":20854,"comment_status":"closed","ping_status":"closed","template":"","meta":[],"product_brand":[],"product_cat":[1672,734,923,16,732,882],"product_tag":[636,1985,637,49,638,1971,639,640,641,478,642,643,479,23,24,1837,1735],"class_list":{"0":"post-4848","1":"product","2":"type-product","3":"status-publish","4":"has-post-thumbnail","6":"product_cat-biker-jas-heren","7":"product_cat-heren-leatherlook-jassen-lederlook-jassen","8":"product_cat-imitatie-leren-jas","9":"product_cat-imitatieleren-jassen-heren","10":"product_cat-leatherlook-jassen","11":"product_cat-versano","12":"product_tag-bikerjack-heren-zwart","13":"product_tag-goedkope-imitatie-leren-heren-jas","14":"product_tag-heren-lederlook-bikerjack","15":"product_tag-heren-zwart","16":"product_tag-imitatie-leren-heren-biker-jack","17":"product_tag-imitatie-leren-heren-jas-kopen","18":"product_tag-imitatie-leren-heren-jas-zwart","19":"product_tag-imitatieleren-bikerjas-zwart-heren","20":"product_tag-imitatieleren-heren-bikerjack-zwart","21":"product_tag-imitatieleren-heren-jas-zwart","22":"product_tag-immitatie-leren-heren-jas-zwart","23":"product_tag-kunstleer-bikerjack-heren-zwart","24":"product_tag-kunstleren-heren-jas-zwart","25":"product_tag-motorjacks-heren","26":"product_tag-stoer-jasje-heren","27":"product_tag-uitverkoop-versano","28":"product_tag-zwarte-biker-jas-heren","29":"product_shipping_class-verzendkosten-1","30":"tm-no-options","32":"first","33":"instock","34":"sale","35":"taxable","36":"shipping-taxable","37":"purchasable","38":"product-type-variable"},"yoast_head":"<!-- This site is optimized with the Yoast SEO plugin v27.2 - https:\/\/yoast.com\/product\/yoast-seo-wordpress\/ -->\n<title>biker jas heren imitatie leer zwart TRR 50 Versano<\/title>\n<meta name=\"description\" content=\"Deze biker jas heren imitatie leer zwart TRR 50 Versano is haast niet te onderscheiden van het leren model. Goed geprijsd en een stoere jas.\" \/>\n<meta name=\"robots\" content=\"index, follow, max-snippet:-1, max-image-preview:large, max-video-preview:-1\" \/>\n<link rel=\"canonical\" href=\"https:\/\/versano.nl\/fr\/shop\/imitatieleren-bikerjack-zwart-heren-versano-tr50\/\" \/>\n<meta property=\"og:locale\" content=\"fr_FR\" \/>\n<meta property=\"og:type\" content=\"article\" \/>\n<meta property=\"og:title\" content=\"biker jas heren imitatie leer zwart TRR 50 Versano\" \/>\n<meta property=\"og:description\" content=\"Deze biker jas heren imitatie leer zwart TRR 50 Versano is haast niet te onderscheiden van het leren model. Goed geprijsd en een stoere jas.\" \/>\n<meta property=\"og:url\" content=\"https:\/\/versano.nl\/fr\/shop\/imitatieleren-bikerjack-zwart-heren-versano-tr50\/\" \/>\n<meta property=\"og:site_name\" content=\"Versano\" \/>\n<meta property=\"article:modified_time\" content=\"2025-05-09T10:30:45+00:00\" \/>\n<meta property=\"og:image\" content=\"https:\/\/versano.nl\/wp-content\/uploads\/2021\/03\/leren-bikerjack-heren-zwart-versano-tr50-model3.jpg\" \/>\n\t<meta property=\"og:image:width\" content=\"900\" \/>\n\t<meta property=\"og:image:height\" content=\"1176\" \/>\n\t<meta property=\"og:image:type\" content=\"image\/jpeg\" \/>\n<meta name=\"twitter:card\" content=\"summary_large_image\" \/>\n<meta name=\"twitter:label1\" content=\"Dur\u00e9e de lecture estim\u00e9e\" \/>\n\t<meta name=\"twitter:data1\" content=\"2 minutes\" \/>\n<script type=\"application\/ld+json\" class=\"yoast-schema-graph\">{\"@context\":\"https:\/\/schema.org\",\"@graph\":[{\"@type\":\"WebPage\",\"@id\":\"https:\/\/versano.nl\/shop\/imitatieleren-bikerjack-zwart-heren-versano-tr50\/\",\"url\":\"https:\/\/versano.nl\/shop\/imitatieleren-bikerjack-zwart-heren-versano-tr50\/\",\"name\":\"biker jas heren imitatie leer zwart TRR 50 Versano\",\"isPartOf\":{\"@id\":\"https:\/\/versano.nl\/#website\"},\"primaryImageOfPage\":{\"@id\":\"https:\/\/versano.nl\/shop\/imitatieleren-bikerjack-zwart-heren-versano-tr50\/#primaryimage\"},\"image\":{\"@id\":\"https:\/\/versano.nl\/shop\/imitatieleren-bikerjack-zwart-heren-versano-tr50\/#primaryimage\"},\"thumbnailUrl\":\"https:\/\/versano.nl\/wp-content\/uploads\/2021\/03\/leren-bikerjack-heren-zwart-versano-tr50-model3.jpg\",\"datePublished\":\"2016-05-14T12:27:59+00:00\",\"dateModified\":\"2025-05-09T10:30:45+00:00\",\"description\":\"Deze biker jas heren imitatie leer zwart TRR 50 Versano is haast niet te onderscheiden van het leren model. Goed geprijsd en een stoere jas.\",\"breadcrumb\":{\"@id\":\"https:\/\/versano.nl\/shop\/imitatieleren-bikerjack-zwart-heren-versano-tr50\/#breadcrumb\"},\"inLanguage\":\"fr-FR\",\"potentialAction\":[{\"@type\":\"ReadAction\",\"target\":[\"https:\/\/versano.nl\/shop\/imitatieleren-bikerjack-zwart-heren-versano-tr50\/\"]}]},{\"@type\":\"ImageObject\",\"inLanguage\":\"fr-FR\",\"@id\":\"https:\/\/versano.nl\/shop\/imitatieleren-bikerjack-zwart-heren-versano-tr50\/#primaryimage\",\"url\":\"https:\/\/versano.nl\/wp-content\/uploads\/2021\/03\/leren-bikerjack-heren-zwart-versano-tr50-model3.jpg\",\"contentUrl\":\"https:\/\/versano.nl\/wp-content\/uploads\/2021\/03\/leren-bikerjack-heren-zwart-versano-tr50-model3.jpg\",\"width\":900,\"height\":1176,\"caption\":\"leren-bikerjack-heren-zwart-versano-tr50-model\"},{\"@type\":\"BreadcrumbList\",\"@id\":\"https:\/\/versano.nl\/shop\/imitatieleren-bikerjack-zwart-heren-versano-tr50\/#breadcrumb\",\"itemListElement\":[{\"@type\":\"ListItem\",\"position\":1,\"name\":\"Home\",\"item\":\"https:\/\/versano.nl\/\"},{\"@type\":\"ListItem\",\"position\":2,\"name\":\"Shop\",\"item\":\"https:\/\/versano.nl\/shop\/\"},{\"@type\":\"ListItem\",\"position\":3,\"name\":\"biker jas heren imitatie leer zwart TRR 50 Versano\"}]},{\"@type\":\"WebSite\",\"@id\":\"https:\/\/versano.nl\/#website\",\"url\":\"https:\/\/versano.nl\/\",\"name\":\"Versano\",\"description\":\"winterjassen met bontkraag | leren dames jassen | leren heren jassen\",\"potentialAction\":[{\"@type\":\"SearchAction\",\"target\":{\"@type\":\"EntryPoint\",\"urlTemplate\":\"https:\/\/versano.nl\/?s={search_term_string}\"},\"query-input\":{\"@type\":\"PropertyValueSpecification\",\"valueRequired\":true,\"valueName\":\"search_term_string\"}}],\"inLanguage\":\"fr-FR\"}]}<\/script>\n<!-- \/ Yoast SEO plugin. -->","yoast_head_json":{"title":"veste de motard homme simili cuir noir TRR 50 Versano","description":"Ce blouson biker homme simili cuir noir TRR 50 Versano est quasiment indiscernable du mod\u00e8le cuir. Bon prix et une veste cool.","robots":{"index":"index","follow":"follow","max-snippet":"max-snippet:-1","max-image-preview":"max-image-preview:large","max-video-preview":"max-video-preview:-1"},"canonical":"https:\/\/versano.nl\/fr\/shop\/imitatieleren-bikerjack-zwart-heren-versano-tr50\/","og_locale":"fr_FR","og_type":"article","og_title":"biker jas heren imitatie leer zwart TRR 50 Versano","og_description":"Deze biker jas heren imitatie leer zwart TRR 50 Versano is haast niet te onderscheiden van het leren model. Goed geprijsd en een stoere jas.","og_url":"https:\/\/versano.nl\/fr\/shop\/imitatieleren-bikerjack-zwart-heren-versano-tr50\/","og_site_name":"Versano","article_modified_time":"2025-05-09T10:30:45+00:00","og_image":[{"width":900,"height":1176,"url":"https:\/\/versano.nl\/wp-content\/uploads\/2021\/03\/leren-bikerjack-heren-zwart-versano-tr50-model3.jpg","type":"image\/jpeg"}],"twitter_card":"summary_large_image","twitter_misc":{"Dur\u00e9e de lecture estim\u00e9e":"2 minutes"},"schema":{"@context":"https:\/\/schema.org","@graph":[{"@type":"WebPage","@id":"https:\/\/versano.nl\/shop\/imitatieleren-bikerjack-zwart-heren-versano-tr50\/","url":"https:\/\/versano.nl\/shop\/imitatieleren-bikerjack-zwart-heren-versano-tr50\/","name":"veste de motard homme simili cuir noir TRR 50 Versano","isPartOf":{"@id":"https:\/\/versano.nl\/#website"},"primaryImageOfPage":{"@id":"https:\/\/versano.nl\/shop\/imitatieleren-bikerjack-zwart-heren-versano-tr50\/#primaryimage"},"image":{"@id":"https:\/\/versano.nl\/shop\/imitatieleren-bikerjack-zwart-heren-versano-tr50\/#primaryimage"},"thumbnailUrl":"https:\/\/versano.nl\/wp-content\/uploads\/2021\/03\/leren-bikerjack-heren-zwart-versano-tr50-model3.jpg","datePublished":"2016-05-14T12:27:59+00:00","dateModified":"2025-05-09T10:30:45+00:00","description":"Ce blouson biker homme simili cuir noir TRR 50 Versano est quasiment indiscernable du mod\u00e8le cuir. Bon prix et une veste cool.","breadcrumb":{"@id":"https:\/\/versano.nl\/shop\/imitatieleren-bikerjack-zwart-heren-versano-tr50\/#breadcrumb"},"inLanguage":"fr-FR","potentialAction":[{"@type":"ReadAction","target":["https:\/\/versano.nl\/shop\/imitatieleren-bikerjack-zwart-heren-versano-tr50\/"]}]},{"@type":"ImageObject","inLanguage":"fr-FR","@id":"https:\/\/versano.nl\/shop\/imitatieleren-bikerjack-zwart-heren-versano-tr50\/#primaryimage","url":"https:\/\/versano.nl\/wp-content\/uploads\/2021\/03\/leren-bikerjack-heren-zwart-versano-tr50-model3.jpg","contentUrl":"https:\/\/versano.nl\/wp-content\/uploads\/2021\/03\/leren-bikerjack-heren-zwart-versano-tr50-model3.jpg","width":900,"height":1176,"caption":"leren-bikerjack-heren-zwart-versano-tr50-model"},{"@type":"BreadcrumbList","@id":"https:\/\/versano.nl\/shop\/imitatieleren-bikerjack-zwart-heren-versano-tr50\/#breadcrumb","itemListElement":[{"@type":"ListItem","position":1,"name":"Home","item":"https:\/\/versano.nl\/"},{"@type":"ListItem","position":2,"name":"Shop","item":"https:\/\/versano.nl\/shop\/"},{"@type":"ListItem","position":3,"name":"biker jas heren imitatie leer zwart TRR 50 Versano"}]},{"@type":"WebSite","@id":"https:\/\/versano.nl\/#website","url":"https:\/\/versano.nl\/","name":"Versano","description":"manteaux d&#039;hiver avec col en fourrure | vestes femme en cuir | vestes en cuir pour hommes","potentialAction":[{"@type":"SearchAction","target":{"@type":"EntryPoint","urlTemplate":"https:\/\/versano.nl\/?s={search_term_string}"},"query-input":{"@type":"PropertyValueSpecification","valueRequired":true,"valueName":"search_term_string"}}],"inLanguage":"fr-FR"}]}},"_links":{"self":[{"href":"https:\/\/versano.nl\/fr\/wp-json\/wp\/v2\/product\/4848","targetHints":{"allow":["GET"]}}],"collection":[{"href":"https:\/\/versano.nl\/fr\/wp-json\/wp\/v2\/product"}],"about":[{"href":"https:\/\/versano.nl\/fr\/wp-json\/wp\/v2\/types\/product"}],"replies":[{"embeddable":true,"href":"https:\/\/versano.nl\/fr\/wp-json\/wp\/v2\/comments?post=4848"}],"wp:featuredmedia":[{"embeddable":true,"href":"https:\/\/versano.nl\/fr\/wp-json\/wp\/v2\/media\/20854"}],"wp:attachment":[{"href":"https:\/\/versano.nl\/fr\/wp-json\/wp\/v2\/media?parent=4848"}],"wp:term":[{"taxonomy":"product_brand","embeddable":true,"href":"https:\/\/versano.nl\/fr\/wp-json\/wp\/v2\/product_brand?post=4848"},{"taxonomy":"product_cat","embeddable":true,"href":"https:\/\/versano.nl\/fr\/wp-json\/wp\/v2\/product_cat?post=4848"},{"taxonomy":"product_tag","embeddable":true,"href":"https:\/\/versano.nl\/fr\/wp-json\/wp\/v2\/product_tag?post=4848"}],"curies":[{"name":"wp","href":"https:\/\/api.w.org\/{rel}","templated":true}]}}