{"id":4690,"date":"2016-10-07T21:55:41","date_gmt":"2016-10-07T21:55:41","guid":{"rendered":"http:\/\/leathershopdoci.nl\/?post_type=product&#038;p=11456"},"modified":"2019-10-21T21:32:37","modified_gmt":"2019-10-21T21:32:37","slug":"versano-machetkragen-echt-bont-zwart","status":"publish","type":"product","link":"https:\/\/versano.nl\/fr\/shop\/versano-machetkragen-echt-bont-zwart\/","title":{"rendered":"Versano Machetkragen V\u00e9ritable fourrure noire"},"content":{"rendered":"<p><strong>Versano Machetkragen V\u00e9ritable fourrure noire<br \/>\n<\/strong><\/p>\n<p>nombre: par paire<br \/>\nMat\u00e9riel: American Raccoon<br \/>\nfixation: les colliers sont serr\u00e9s autour du manchon<\/p>\n<p>: 2-4 jours<\/p>","protected":false},"excerpt":{"rendered":"<p>Ce colliers boutons de manchette Versano sont noirs et de la vraie fourrure. Les colliers clip que vous coll\u00e9 \u00e0 l&#039;extr\u00e9mit\u00e9 du manchon et sont disponibles dans l&#039;art naturel et de la fourrure. Les colliers sont une paire.<\/p>","protected":false},"featured_media":4691,"comment_status":"closed","ping_status":"closed","template":"","meta":[],"product_brand":[],"product_cat":[720],"product_tag":[276,277,595,279,288,289,281,282],"class_list":{"0":"post-4690","1":"product","2":"type-product","3":"status-publish","4":"has-post-thumbnail","6":"product_cat-manchet-bontkragen","7":"product_tag-bontkraag","8":"product_tag-echte-bontkraag","9":"product_tag-manchet-bontkraag-zwart","10":"product_tag-manchet-kraag","11":"product_tag-manchet-kraag-echt-bont","12":"product_tag-manchet-kragen","13":"product_tag-nep-bontkraag","14":"product_tag-raccoon-bontkraag","15":"product_shipping_class-verzendkosten-1","16":"tm-no-options","18":"first","19":"outofstock","20":"taxable","21":"shipping-taxable","22":"purchasable","23":"product-type-simple"},"yoast_head":"<!-- This site is optimized with the Yoast SEO plugin v27.2 - https:\/\/yoast.com\/product\/yoast-seo-wordpress\/ -->\n<title>Versano Machetkragen Echt Bont Zwart<\/title>\n<meta name=\"description\" content=\"Versano Machetkragen Echt Bont Zwart . Als u geen echte bontkraag op uw jas wil, dan zijn de kunst bontkragen van Versano ideaal.\" \/>\n<meta name=\"robots\" content=\"index, follow, max-snippet:-1, max-image-preview:large, max-video-preview:-1\" \/>\n<link rel=\"canonical\" href=\"https:\/\/versano.nl\/fr\/shop\/versano-machetkragen-echt-bont-zwart\/\" \/>\n<meta property=\"og:locale\" content=\"fr_FR\" \/>\n<meta property=\"og:type\" content=\"article\" \/>\n<meta property=\"og:title\" content=\"Versano Machetkragen Echt Bont Zwart\" \/>\n<meta property=\"og:description\" content=\"Versano Machetkragen Echt Bont Zwart . Als u geen echte bontkraag op uw jas wil, dan zijn de kunst bontkragen van Versano ideaal.\" \/>\n<meta property=\"og:url\" content=\"https:\/\/versano.nl\/fr\/shop\/versano-machetkragen-echt-bont-zwart\/\" \/>\n<meta property=\"og:site_name\" content=\"Versano\" \/>\n<meta property=\"article:modified_time\" content=\"2019-10-21T21:32:37+00:00\" \/>\n<meta property=\"og:image\" content=\"https:\/\/versano.nl\/wp-content\/uploads\/2017\/05\/echte-bont-manchet-kraag-zwart.jpg\" \/>\n\t<meta property=\"og:image:width\" content=\"750\" \/>\n\t<meta property=\"og:image:height\" content=\"980\" \/>\n\t<meta property=\"og:image:type\" content=\"image\/jpeg\" \/>\n<meta name=\"twitter:card\" content=\"summary_large_image\" \/>\n<script type=\"application\/ld+json\" class=\"yoast-schema-graph\">{\"@context\":\"https:\/\/schema.org\",\"@graph\":[{\"@type\":\"WebPage\",\"@id\":\"https:\/\/versano.nl\/es\/shop\/versano-machetkragen-echt-bont-zwart\/\",\"url\":\"https:\/\/versano.nl\/es\/shop\/versano-machetkragen-echt-bont-zwart\/\",\"name\":\"Versano Machetkragen Echt Bont Zwart\",\"isPartOf\":{\"@id\":\"https:\/\/versano.nl\/#website\"},\"primaryImageOfPage\":{\"@id\":\"https:\/\/versano.nl\/es\/shop\/versano-machetkragen-echt-bont-zwart\/#primaryimage\"},\"image\":{\"@id\":\"https:\/\/versano.nl\/es\/shop\/versano-machetkragen-echt-bont-zwart\/#primaryimage\"},\"thumbnailUrl\":\"https:\/\/versano.nl\/wp-content\/uploads\/2017\/05\/echte-bont-manchet-kraag-zwart.jpg\",\"datePublished\":\"2016-10-07T21:55:41+00:00\",\"dateModified\":\"2019-10-21T21:32:37+00:00\",\"description\":\"Versano Machetkragen Echt Bont Zwart . Als u geen echte bontkraag op uw jas wil, dan zijn de kunst bontkragen van Versano ideaal.\",\"breadcrumb\":{\"@id\":\"https:\/\/versano.nl\/es\/shop\/versano-machetkragen-echt-bont-zwart\/#breadcrumb\"},\"inLanguage\":\"fr-FR\",\"potentialAction\":[{\"@type\":\"ReadAction\",\"target\":[\"https:\/\/versano.nl\/es\/shop\/versano-machetkragen-echt-bont-zwart\/\"]}]},{\"@type\":\"ImageObject\",\"inLanguage\":\"fr-FR\",\"@id\":\"https:\/\/versano.nl\/es\/shop\/versano-machetkragen-echt-bont-zwart\/#primaryimage\",\"url\":\"https:\/\/versano.nl\/wp-content\/uploads\/2017\/05\/echte-bont-manchet-kraag-zwart.jpg\",\"contentUrl\":\"https:\/\/versano.nl\/wp-content\/uploads\/2017\/05\/echte-bont-manchet-kraag-zwart.jpg\",\"width\":750,\"height\":980},{\"@type\":\"BreadcrumbList\",\"@id\":\"https:\/\/versano.nl\/es\/shop\/versano-machetkragen-echt-bont-zwart\/#breadcrumb\",\"itemListElement\":[{\"@type\":\"ListItem\",\"position\":1,\"name\":\"Home\",\"item\":\"https:\/\/versano.nl\/\"},{\"@type\":\"ListItem\",\"position\":2,\"name\":\"Shop\",\"item\":\"https:\/\/versano.nl\/shop\/\"},{\"@type\":\"ListItem\",\"position\":3,\"name\":\"Versano Machetkragen Echt Bont Zwart\"}]},{\"@type\":\"WebSite\",\"@id\":\"https:\/\/versano.nl\/#website\",\"url\":\"https:\/\/versano.nl\/\",\"name\":\"Versano\",\"description\":\"winterjassen met bontkraag | leren dames jassen | leren heren jassen\",\"potentialAction\":[{\"@type\":\"SearchAction\",\"target\":{\"@type\":\"EntryPoint\",\"urlTemplate\":\"https:\/\/versano.nl\/?s={search_term_string}\"},\"query-input\":{\"@type\":\"PropertyValueSpecification\",\"valueRequired\":true,\"valueName\":\"search_term_string\"}}],\"inLanguage\":\"fr-FR\"}]}<\/script>\n<!-- \/ Yoast SEO plugin. -->","yoast_head_json":{"title":"Versano Machetkragen V\u00e9ritable fourrure noire","description":"Versano Machet Collars Noir De Fourrure. Si vous ne voulez pas que votre veste soit dot\u00e9e d&#039;un v\u00e9ritable col en fourrure, les cols en fourrure art de Versano sont parfaits.","robots":{"index":"index","follow":"follow","max-snippet":"max-snippet:-1","max-image-preview":"max-image-preview:large","max-video-preview":"max-video-preview:-1"},"canonical":"https:\/\/versano.nl\/fr\/shop\/versano-machetkragen-echt-bont-zwart\/","og_locale":"fr_FR","og_type":"article","og_title":"Versano Machetkragen Echt Bont Zwart","og_description":"Versano Machetkragen Echt Bont Zwart . Als u geen echte bontkraag op uw jas wil, dan zijn de kunst bontkragen van Versano ideaal.","og_url":"https:\/\/versano.nl\/fr\/shop\/versano-machetkragen-echt-bont-zwart\/","og_site_name":"Versano","article_modified_time":"2019-10-21T21:32:37+00:00","og_image":[{"width":750,"height":980,"url":"https:\/\/versano.nl\/wp-content\/uploads\/2017\/05\/echte-bont-manchet-kraag-zwart.jpg","type":"image\/jpeg"}],"twitter_card":"summary_large_image","schema":{"@context":"https:\/\/schema.org","@graph":[{"@type":"WebPage","@id":"https:\/\/versano.nl\/es\/shop\/versano-machetkragen-echt-bont-zwart\/","url":"https:\/\/versano.nl\/es\/shop\/versano-machetkragen-echt-bont-zwart\/","name":"Versano Machetkragen V\u00e9ritable fourrure noire","isPartOf":{"@id":"https:\/\/versano.nl\/#website"},"primaryImageOfPage":{"@id":"https:\/\/versano.nl\/es\/shop\/versano-machetkragen-echt-bont-zwart\/#primaryimage"},"image":{"@id":"https:\/\/versano.nl\/es\/shop\/versano-machetkragen-echt-bont-zwart\/#primaryimage"},"thumbnailUrl":"https:\/\/versano.nl\/wp-content\/uploads\/2017\/05\/echte-bont-manchet-kraag-zwart.jpg","datePublished":"2016-10-07T21:55:41+00:00","dateModified":"2019-10-21T21:32:37+00:00","description":"Versano Machet Collars Noir De Fourrure. Si vous ne voulez pas que votre veste soit dot\u00e9e d&#039;un v\u00e9ritable col en fourrure, les cols en fourrure art de Versano sont parfaits.","breadcrumb":{"@id":"https:\/\/versano.nl\/es\/shop\/versano-machetkragen-echt-bont-zwart\/#breadcrumb"},"inLanguage":"fr-FR","potentialAction":[{"@type":"ReadAction","target":["https:\/\/versano.nl\/es\/shop\/versano-machetkragen-echt-bont-zwart\/"]}]},{"@type":"ImageObject","inLanguage":"fr-FR","@id":"https:\/\/versano.nl\/es\/shop\/versano-machetkragen-echt-bont-zwart\/#primaryimage","url":"https:\/\/versano.nl\/wp-content\/uploads\/2017\/05\/echte-bont-manchet-kraag-zwart.jpg","contentUrl":"https:\/\/versano.nl\/wp-content\/uploads\/2017\/05\/echte-bont-manchet-kraag-zwart.jpg","width":750,"height":980},{"@type":"BreadcrumbList","@id":"https:\/\/versano.nl\/es\/shop\/versano-machetkragen-echt-bont-zwart\/#breadcrumb","itemListElement":[{"@type":"ListItem","position":1,"name":"Home","item":"https:\/\/versano.nl\/"},{"@type":"ListItem","position":2,"name":"Shop","item":"https:\/\/versano.nl\/shop\/"},{"@type":"ListItem","position":3,"name":"Versano Machetkragen Echt Bont Zwart"}]},{"@type":"WebSite","@id":"https:\/\/versano.nl\/#website","url":"https:\/\/versano.nl\/","name":"Versano","description":"manteaux d&#039;hiver avec col en fourrure | vestes femme en cuir | vestes en cuir pour hommes","potentialAction":[{"@type":"SearchAction","target":{"@type":"EntryPoint","urlTemplate":"https:\/\/versano.nl\/?s={search_term_string}"},"query-input":{"@type":"PropertyValueSpecification","valueRequired":true,"valueName":"search_term_string"}}],"inLanguage":"fr-FR"}]}},"_links":{"self":[{"href":"https:\/\/versano.nl\/fr\/wp-json\/wp\/v2\/product\/4690","targetHints":{"allow":["GET"]}}],"collection":[{"href":"https:\/\/versano.nl\/fr\/wp-json\/wp\/v2\/product"}],"about":[{"href":"https:\/\/versano.nl\/fr\/wp-json\/wp\/v2\/types\/product"}],"replies":[{"embeddable":true,"href":"https:\/\/versano.nl\/fr\/wp-json\/wp\/v2\/comments?post=4690"}],"wp:featuredmedia":[{"embeddable":true,"href":"https:\/\/versano.nl\/fr\/wp-json\/wp\/v2\/media\/4691"}],"wp:attachment":[{"href":"https:\/\/versano.nl\/fr\/wp-json\/wp\/v2\/media?parent=4690"}],"wp:term":[{"taxonomy":"product_brand","embeddable":true,"href":"https:\/\/versano.nl\/fr\/wp-json\/wp\/v2\/product_brand?post=4690"},{"taxonomy":"product_cat","embeddable":true,"href":"https:\/\/versano.nl\/fr\/wp-json\/wp\/v2\/product_cat?post=4690"},{"taxonomy":"product_tag","embeddable":true,"href":"https:\/\/versano.nl\/fr\/wp-json\/wp\/v2\/product_tag?post=4690"}],"curies":[{"name":"wp","href":"https:\/\/api.w.org\/{rel}","templated":true}]}}