{"id":4512,"date":"2015-06-09T21:08:32","date_gmt":"2015-06-09T21:08:32","guid":{"rendered":"http:\/\/leathershopdoci.nl\/shop\/leren-jas-heren-versano-peter-blauw\/"},"modified":"2024-12-11T16:29:06","modified_gmt":"2024-12-11T16:29:06","slug":"leren-jas-heren-versano-peter-blauw","status":"publish","type":"product","link":"https:\/\/versano.nl\/fr\/shop\/leren-jas-heren-versano-peter-blauw\/","title":{"rendered":"Blouson aviateur homme cuir Peter blue Versano"},"content":{"rendered":"<h2>Blouson aviateur homme cuir Peter blue Versano<\/h2>\n<p>Ce blouson aviateur pour hommes en cuir Peter blue Versano est un v\u00e9ritable accroche-regard et excelle dans le confort et le mod\u00e8le. Le cuir d&#039;agneau r\u00e9sistant a un lavage particuli\u00e8rement beau pour un look \u00e0 la fois sportif et chic. Par exemple, portez-le avec un jean ou un chino. La veste a deux poches lat\u00e9rales profondes avec une fermeture \u00e9clair et une poche int\u00e9rieure. Cette veste en cuir pour homme a une excellente finition et une coupe ajust\u00e9e. Si vous cherchez un blouson en cuir dont vous \u00eates s\u00fbr d&#039;\u00eatre confortable, il vous suffit de jeter un \u0153il \u00e0 notre gamme. Chez My-Versano, vous trouverez de belles vestes de Versano, une marque qui s&#039;est b\u00e2tie une bonne r\u00e9putation au fil des ans. Peter est un mod\u00e8le qui est con\u00e7u comme nous sommes habitu\u00e9s de Versano. En d&#039;autres termes : une veste qui a l&#039;air parfaite avec sa coupe italienne. C&#039;est une veste qui est faite de cuir d&#039;agneau de tr\u00e8s haute qualit\u00e9. Avec cette veste, vous pouvez \u00eatre s\u00fbr que vous aurez bient\u00f4t une nouvelle veste accroch\u00e9e \u00e0 vos \u00e9paules dans laquelle vous pourrez \u00eatre vu.<\/p>\n<h2>Commander le mod\u00e8le Peter en bleu<\/h2>\n<p>Nous vendons les vestes en cuir de la c\u00e9l\u00e8bre marque Versano. Les plus beaux mat\u00e9riaux sont ici utilis\u00e9s, qui sont moul\u00e9s par les meilleurs designers dans un mod\u00e8le attrayant et robuste. la coupe de cette veste est ajust\u00e9e et s&#039;adaptera donc parfaitement \u00e0 votre corps. C&#039;est un beau manteau qui est compl\u00e8tement de style italien. En d&#039;autres termes, avec cette veste, vous n&#039;avez pas \u00e0 vous soucier de ne pas avoir l&#039;air \u00e0 votre place. Le mod\u00e8le Peter est disponible dans la couleur bleu p\u00e9trole. Avec nous, vous pouvez facilement choisir la bonne taille en fonction de nos vid\u00e9os d&#039;instructions intelligentes. Vous avez des questions ou vous ne savez pas quelle taille commander ? Ensuite, vous pouvez toujours nous contacter par mail ou WhatsApp. Nos employ\u00e9s aimeraient vous aider!<\/p>\n<p><a href=\"https:\/\/versano.nl\/\">Versano<\/a><br \/>\nMati\u00e8re: 100% cuir d&#039;agneau<br \/>\nDoublure: 100% polyester<br \/>\nLongueur: court<br \/>\nCoupe : coupe ajust\u00e9e<br \/>\nFermeture: fermeture \u00e9clair<br \/>\nPoches: poches avec zip<br \/>\nCol: col montant<br \/>\ncouche externe Mat\u00e9riel: haute qualit\u00e9 et doux en peau d&#039;agneau<br \/>\nD\u00e9lai de livraison: 2-3 jours ouvrables<\/p>","protected":false},"excerpt":{"rendered":"<p><span style=\"color: #ff0000;\">Conseils d&#039;ajustement:<\/span> La coupe de cette veste est ajust\u00e9e. Notre mannequin mesure 1,75 cm et porte une taille M.<\/p>\n<p>Si vous n&#039;\u00eates pas s\u00fbr de vos mesures, nous vous recommandons de commencer par mesurer vos mesures de taille et de les comparer avec notre tableau des tailles. Si vous n&#039;avez aucune exp\u00e9rience dans la mesure des tailles de circonf\u00e9rence, cliquez sur\u00a0<a href=\"https:\/\/www.youtube.com\/watch?v=3ZSfY87v6pM\"><em>ICI<\/em>\u00a0<\/a>\u00a0\u00e0\u00a0<span style=\"color: #ff0000;\"><a style=\"color: #ff0000;\" href=\"https:\/\/www.youtube.com\/watch?v=3ZSfY87v6pM\"><em>VIDEO<\/em><\/a>\u00a0<\/span> avec des instructions. Vous pouvez \u00e9galement nous appeler ou nous appliquer directement! Nos employ\u00e9s sont toujours disponibles pour vous aider.<\/p>\n<p>&nbsp;<\/p>\n<p>Conseil coupe : La coupe de cette veste est cintr\u00e9e. Notre mannequin mesure 1,80 cm et porte une taille M.<\/p>\n<p>Si vous n&#039;\u00eates pas s\u00fbr de vos tailles, nous vous recommandons de mesurer d&#039;abord votre circonf\u00e9rence et de la comparer avec notre tableau des tailles. Si vous n&#039;\u00eates pas exp\u00e9riment\u00e9 dans la mesure des mesures de la circonf\u00e9rence, veuillez cliquer ICI pour regarder la VID\u00c9O avec les instructions. Vous pouvez \u00e9galement nous appeler ou nous contacter directement ! Nos employ\u00e9s sont toujours disponibles pour vous aider.<\/p>\n<p>DELAI DE LIVRAISON : 2 \u00e0 3 jours ouvr\u00e9s.<\/p>","protected":false},"featured_media":9277,"comment_status":"closed","ping_status":"closed","template":"","meta":[],"product_brand":[],"product_cat":[1670,147,874,907,1671,908,1669,1712,910],"product_tag":[574,575,576,1788,403,1786,577,579,580,581,1787,582,583,23,24,977,105],"class_list":{"0":"post-4512","1":"product","2":"type-product","3":"status-publish","4":"has-post-thumbnail","6":"product_cat-heren-leren-jas","7":"product_cat-heren-leren-jassen","8":"product_cat-kort-leren-jasje","9":"product_cat-kort-leren-jasje-heren","10":"product_cat-leren-heren-jas","11":"product_cat-leren-heren-jassen","12":"product_cat-leren-jas-heren","13":"product_cat-leren-jassen","14":"product_cat-leren-jassen-heren","15":"product_tag-blauwe-leren-heren-jas","16":"product_tag-blauwe-leren-jas","17":"product_tag-blauwe-leren-jas-heren","18":"product_tag-echt-leer-leren-jassen","19":"product_tag-heren-blauw","20":"product_tag-heren-bomberjas-blauw","21":"product_tag-heren-jassen-leer","22":"product_tag-heren-leren-jas-blauw","23":"product_tag-lederen-heren-jas-blauw","24":"product_tag-lederen-jas-blauw","25":"product_tag-leren-bomberjas-voor-heren","26":"product_tag-leren-jas-heren-blauw","27":"product_tag-leren-jassen-heren-blauw","28":"product_tag-motorjacks-heren","29":"product_tag-stoer-jasje-heren","30":"product_tag-uitverkoop-leren-jassen","31":"product_tag-versano-leren-jassen","32":"product_shipping_class-verzendkosten-1","33":"tm-no-options","35":"first","36":"instock","37":"sale","38":"taxable","39":"shipping-taxable","40":"purchasable","41":"product-type-variable"},"yoast_head":"<!-- This site is optimized with the Yoast SEO plugin v27.2 - https:\/\/yoast.com\/product\/yoast-seo-wordpress\/ -->\n<title>Heren bomberjas leer Peter blauw Versano, leren jassen voor heren<\/title>\n<meta name=\"description\" content=\"Bent u op zoek naar een Heren bomberjas leer Peter blauw Versano? Dann bent u bij Versano aan het juiste adres voor leren jassen.\" \/>\n<meta name=\"robots\" content=\"index, follow, max-snippet:-1, max-image-preview:large, max-video-preview:-1\" \/>\n<link rel=\"canonical\" href=\"https:\/\/versano.nl\/fr\/shop\/leren-jas-heren-versano-peter-blauw\/\" \/>\n<meta property=\"og:locale\" content=\"fr_FR\" \/>\n<meta property=\"og:type\" content=\"article\" \/>\n<meta property=\"og:title\" content=\"Heren bomberjas leer Peter blauw Versano, leren jassen voor heren\" \/>\n<meta property=\"og:description\" content=\"Bent u op zoek naar een Heren bomberjas leer Peter blauw Versano? Dann bent u bij Versano aan het juiste adres voor leren jassen.\" \/>\n<meta property=\"og:url\" content=\"https:\/\/versano.nl\/fr\/shop\/leren-jas-heren-versano-peter-blauw\/\" \/>\n<meta property=\"og:site_name\" content=\"Versano\" \/>\n<meta property=\"article:modified_time\" content=\"2024-12-11T16:29:06+00:00\" \/>\n<meta property=\"og:image\" content=\"https:\/\/versano.nl\/wp-content\/uploads\/2014\/12\/leren-jassen-heren-blauw-versano-peter3.jpg\" \/>\n\t<meta property=\"og:image:width\" content=\"900\" \/>\n\t<meta property=\"og:image:height\" content=\"1196\" \/>\n\t<meta property=\"og:image:type\" content=\"image\/jpeg\" \/>\n<meta name=\"twitter:card\" content=\"summary_large_image\" \/>\n<meta name=\"twitter:label1\" content=\"Dur\u00e9e de lecture estim\u00e9e\" \/>\n\t<meta name=\"twitter:data1\" content=\"2 minutes\" \/>\n<script type=\"application\/ld+json\" class=\"yoast-schema-graph\">{\"@context\":\"https:\/\/schema.org\",\"@graph\":[{\"@type\":\"WebPage\",\"@id\":\"https:\/\/versano.nl\/shop\/leren-jas-heren-versano-peter-blauw\/\",\"url\":\"https:\/\/versano.nl\/shop\/leren-jas-heren-versano-peter-blauw\/\",\"name\":\"Heren bomberjas leer Peter blauw Versano, leren jassen voor heren\",\"isPartOf\":{\"@id\":\"https:\/\/versano.nl\/#website\"},\"primaryImageOfPage\":{\"@id\":\"https:\/\/versano.nl\/shop\/leren-jas-heren-versano-peter-blauw\/#primaryimage\"},\"image\":{\"@id\":\"https:\/\/versano.nl\/shop\/leren-jas-heren-versano-peter-blauw\/#primaryimage\"},\"thumbnailUrl\":\"https:\/\/versano.nl\/wp-content\/uploads\/2014\/12\/leren-jassen-heren-blauw-versano-peter3.jpg\",\"datePublished\":\"2015-06-09T21:08:32+00:00\",\"dateModified\":\"2024-12-11T16:29:06+00:00\",\"description\":\"Bent u op zoek naar een Heren bomberjas leer Peter blauw Versano? Dann bent u bij Versano aan het juiste adres voor leren jassen.\",\"breadcrumb\":{\"@id\":\"https:\/\/versano.nl\/shop\/leren-jas-heren-versano-peter-blauw\/#breadcrumb\"},\"inLanguage\":\"fr-FR\",\"potentialAction\":[{\"@type\":\"ReadAction\",\"target\":[\"https:\/\/versano.nl\/shop\/leren-jas-heren-versano-peter-blauw\/\"]}]},{\"@type\":\"ImageObject\",\"inLanguage\":\"fr-FR\",\"@id\":\"https:\/\/versano.nl\/shop\/leren-jas-heren-versano-peter-blauw\/#primaryimage\",\"url\":\"https:\/\/versano.nl\/wp-content\/uploads\/2014\/12\/leren-jassen-heren-blauw-versano-peter3.jpg\",\"contentUrl\":\"https:\/\/versano.nl\/wp-content\/uploads\/2014\/12\/leren-jassen-heren-blauw-versano-peter3.jpg\",\"width\":900,\"height\":1196,\"caption\":\"Heren bomberjas leer Peter blauw Versano\"},{\"@type\":\"BreadcrumbList\",\"@id\":\"https:\/\/versano.nl\/shop\/leren-jas-heren-versano-peter-blauw\/#breadcrumb\",\"itemListElement\":[{\"@type\":\"ListItem\",\"position\":1,\"name\":\"Home\",\"item\":\"https:\/\/versano.nl\/\"},{\"@type\":\"ListItem\",\"position\":2,\"name\":\"Shop\",\"item\":\"https:\/\/versano.nl\/shop\/\"},{\"@type\":\"ListItem\",\"position\":3,\"name\":\"Heren bomberjas leer Peter blauw Versano\"}]},{\"@type\":\"WebSite\",\"@id\":\"https:\/\/versano.nl\/#website\",\"url\":\"https:\/\/versano.nl\/\",\"name\":\"Versano\",\"description\":\"winterjassen met bontkraag | leren dames jassen | leren heren jassen\",\"potentialAction\":[{\"@type\":\"SearchAction\",\"target\":{\"@type\":\"EntryPoint\",\"urlTemplate\":\"https:\/\/versano.nl\/?s={search_term_string}\"},\"query-input\":{\"@type\":\"PropertyValueSpecification\",\"valueRequired\":true,\"valueName\":\"search_term_string\"}}],\"inLanguage\":\"fr-FR\"}]}<\/script>\n<!-- \/ Yoast SEO plugin. -->","yoast_head_json":{"title":"Blouson aviateur homme cuir Peter blue Versano, blousons cuir homme","description":"Vous recherchez un Blouson bomber homme cuir Peter blue Versano ? Alors vous \u00eates au bon endroit chez Versano pour les vestes en cuir.","robots":{"index":"index","follow":"follow","max-snippet":"max-snippet:-1","max-image-preview":"max-image-preview:large","max-video-preview":"max-video-preview:-1"},"canonical":"https:\/\/versano.nl\/fr\/shop\/leren-jas-heren-versano-peter-blauw\/","og_locale":"fr_FR","og_type":"article","og_title":"Heren bomberjas leer Peter blauw Versano, leren jassen voor heren","og_description":"Bent u op zoek naar een Heren bomberjas leer Peter blauw Versano? Dann bent u bij Versano aan het juiste adres voor leren jassen.","og_url":"https:\/\/versano.nl\/fr\/shop\/leren-jas-heren-versano-peter-blauw\/","og_site_name":"Versano","article_modified_time":"2024-12-11T16:29:06+00:00","og_image":[{"width":900,"height":1196,"url":"https:\/\/versano.nl\/wp-content\/uploads\/2014\/12\/leren-jassen-heren-blauw-versano-peter3.jpg","type":"image\/jpeg"}],"twitter_card":"summary_large_image","twitter_misc":{"Dur\u00e9e de lecture estim\u00e9e":"2 minutes"},"schema":{"@context":"https:\/\/schema.org","@graph":[{"@type":"WebPage","@id":"https:\/\/versano.nl\/shop\/leren-jas-heren-versano-peter-blauw\/","url":"https:\/\/versano.nl\/shop\/leren-jas-heren-versano-peter-blauw\/","name":"Blouson aviateur homme cuir Peter blue Versano, blousons cuir homme","isPartOf":{"@id":"https:\/\/versano.nl\/#website"},"primaryImageOfPage":{"@id":"https:\/\/versano.nl\/shop\/leren-jas-heren-versano-peter-blauw\/#primaryimage"},"image":{"@id":"https:\/\/versano.nl\/shop\/leren-jas-heren-versano-peter-blauw\/#primaryimage"},"thumbnailUrl":"https:\/\/versano.nl\/wp-content\/uploads\/2014\/12\/leren-jassen-heren-blauw-versano-peter3.jpg","datePublished":"2015-06-09T21:08:32+00:00","dateModified":"2024-12-11T16:29:06+00:00","description":"Vous recherchez un Blouson bomber homme cuir Peter blue Versano ? Alors vous \u00eates au bon endroit chez Versano pour les vestes en cuir.","breadcrumb":{"@id":"https:\/\/versano.nl\/shop\/leren-jas-heren-versano-peter-blauw\/#breadcrumb"},"inLanguage":"fr-FR","potentialAction":[{"@type":"ReadAction","target":["https:\/\/versano.nl\/shop\/leren-jas-heren-versano-peter-blauw\/"]}]},{"@type":"ImageObject","inLanguage":"fr-FR","@id":"https:\/\/versano.nl\/shop\/leren-jas-heren-versano-peter-blauw\/#primaryimage","url":"https:\/\/versano.nl\/wp-content\/uploads\/2014\/12\/leren-jassen-heren-blauw-versano-peter3.jpg","contentUrl":"https:\/\/versano.nl\/wp-content\/uploads\/2014\/12\/leren-jassen-heren-blauw-versano-peter3.jpg","width":900,"height":1196,"caption":"Heren bomberjas leer Peter blauw Versano"},{"@type":"BreadcrumbList","@id":"https:\/\/versano.nl\/shop\/leren-jas-heren-versano-peter-blauw\/#breadcrumb","itemListElement":[{"@type":"ListItem","position":1,"name":"Home","item":"https:\/\/versano.nl\/"},{"@type":"ListItem","position":2,"name":"Shop","item":"https:\/\/versano.nl\/shop\/"},{"@type":"ListItem","position":3,"name":"Heren bomberjas leer Peter blauw Versano"}]},{"@type":"WebSite","@id":"https:\/\/versano.nl\/#website","url":"https:\/\/versano.nl\/","name":"Versano","description":"manteaux d&#039;hiver avec col en fourrure | vestes femme en cuir | vestes en cuir pour hommes","potentialAction":[{"@type":"SearchAction","target":{"@type":"EntryPoint","urlTemplate":"https:\/\/versano.nl\/?s={search_term_string}"},"query-input":{"@type":"PropertyValueSpecification","valueRequired":true,"valueName":"search_term_string"}}],"inLanguage":"fr-FR"}]}},"_links":{"self":[{"href":"https:\/\/versano.nl\/fr\/wp-json\/wp\/v2\/product\/4512","targetHints":{"allow":["GET"]}}],"collection":[{"href":"https:\/\/versano.nl\/fr\/wp-json\/wp\/v2\/product"}],"about":[{"href":"https:\/\/versano.nl\/fr\/wp-json\/wp\/v2\/types\/product"}],"replies":[{"embeddable":true,"href":"https:\/\/versano.nl\/fr\/wp-json\/wp\/v2\/comments?post=4512"}],"wp:featuredmedia":[{"embeddable":true,"href":"https:\/\/versano.nl\/fr\/wp-json\/wp\/v2\/media\/9277"}],"wp:attachment":[{"href":"https:\/\/versano.nl\/fr\/wp-json\/wp\/v2\/media?parent=4512"}],"wp:term":[{"taxonomy":"product_brand","embeddable":true,"href":"https:\/\/versano.nl\/fr\/wp-json\/wp\/v2\/product_brand?post=4512"},{"taxonomy":"product_cat","embeddable":true,"href":"https:\/\/versano.nl\/fr\/wp-json\/wp\/v2\/product_cat?post=4512"},{"taxonomy":"product_tag","embeddable":true,"href":"https:\/\/versano.nl\/fr\/wp-json\/wp\/v2\/product_tag?post=4512"}],"curies":[{"name":"wp","href":"https:\/\/api.w.org\/{rel}","templated":true}]}}