{"id":4447,"date":"2015-08-11T12:31:55","date_gmt":"2015-08-11T12:31:55","guid":{"rendered":"http:\/\/leathershopdoci.nl\/?post_type=product&#038;p=6817"},"modified":"2024-12-13T11:38:17","modified_gmt":"2024-12-13T11:38:17","slug":"versano-heren-winterjas-met-bontkraag-roger-zwart","status":"publish","type":"product","link":"https:\/\/versano.nl\/fr\/shop\/versano-heren-winterjas-met-bontkraag-roger-zwart\/","title":{"rendered":"veste d&#039;hiver homme avec col fourrure Roger noir"},"content":{"rendered":"<h2>veste d&#039;hiver homme avec col fourrure Roger noir<\/h2>\n<p>Veste d&#039;hiver pour hommes tendance en bleu avec col en fourrure. En fait, les photos en disent assez sur cette \u00e9l\u00e9gante veste d&#039;hiver pour hommes. La veste a une coupe parfaite et les poches lat\u00e9rales zipp\u00e9es et les poches \u00e0 rabat avec boutons-pression sur la poitrine sont finies en cuir Rexion de couleur cognac, tout comme le large bord le long du zip. Le col est en fourrure de raton laveur am\u00e9ricain 100% et en option (\u00e0 commander s\u00e9par\u00e9ment). Bien entendu, le col en fourrure peut \u00e9galement \u00eatre command\u00e9 en fourrure artificielle de diff\u00e9rentes couleurs. Cette veste d&#039;hiver homme avec col fourrure Roger noir est de coupe italienne et \u00e9galement disponible dans le coloris bleu. Nous vous recommandons de v\u00e9rifier cette couleur avant de passer votre commande. C&#039;est une veste avec laquelle vous pouvez \u00eatre s\u00fbr que vous l&#039;appr\u00e9cierez lorsque vous la sortirez par mauvais temps. Il vous garde au chaud et est si joliment con\u00e7u que vous attirerez certainement l&#039;attention avec lui.<\/p>\n<h2>Commander le mod\u00e8le Rogger en noir<\/h2>\n<p>Avec une si belle veste Versano, vous pouvez \u00eatre s\u00fbr que vous pourrez la porter tout l&#039;hiver. Vous pouvez facilement commander ce mod\u00e8le dans la boutique en ligne Versano. Nous avons rassembl\u00e9 ici toutes nos vestes pour que vous puissiez facilement passer une commande. Chez Versano, vous pouvez toujours \u00eatre s\u00fbr que vous achetez un beau manteau qui a \u00e9t\u00e9 travaill\u00e9 avec soin. Avec nous, vous pouvez facilement choisir la bonne taille en fonction de nos vid\u00e9os d&#039;instructions intelligentes. Vous avez des questions ou vous ne savez pas quelle taille commander ? Ensuite, vous pouvez toujours nous contacter par mail ou WhatsApp. Nos employ\u00e9s aimeraient vous aider!<\/p>\n<p>marque:<a href=\"https:\/\/versano.nl\"> Versano<\/a><br \/>\nlongueur: demi<br \/>\nCoupe : coupe ajust\u00e9e<br \/>\nDoublure: 100% polyester<br \/>\n\u00e9paisseur Doublure: 200 grammes align\u00e9s \u00e9pais<br \/>\nLongueur des manches: manches longues<br \/>\nCapuche: doubl\u00e9e, solide<br \/>\nLes plus: coutures renforc\u00e9es<br \/>\nfermeture: fermeture \u00e9clair + boutons-pression avec rabat de protection<br \/>\npoches: poches lat\u00e9rales sur la hanche avec boutons pression + poche int\u00e9rieure et une poche sur la manche<br \/>\nFonction: imperm\u00e9able, coupe-vent<br \/>\nmat\u00e9riau couche ext\u00e9rieure: 100% polyester<br \/>\nAccessoires: col de fourrure (en option)<\/p>\n<p>D\u00e9lai de livraison: 2-3 jours ouvrables<\/p>","protected":false},"excerpt":{"rendered":"<p>CHOISISSEZ UNE AUTRE COULEUR ICI<\/p>\n<p><a href=\"https:\/\/versano.nl\/shop\/versano-heren-winterjas-met-bontkraag-roger-blauw\/\"><img loading=\"lazy\" decoding=\"async\" class=\"alignnone size-full wp-image-19717\" src=\"https:\/\/versano.nl\/wp-content\/uploads\/sites\/2\/2015\/08\/versano-heren-winterjas-met-bontkraag-Roger-blauw-thumb.jpg\" alt=\"\" width=\"57\" height=\"75\" \/><\/a><\/p>\n<p><strong><span style=\"color: #ff0000;\">Conseils d&#039;ajustement:<\/span>\u00a0<\/strong>La coupe de cette veste est ajust\u00e9e. Notre mannequin mesure 1,75 cm et porte une taille M.<\/p>\n<p>Si vous n&#039;\u00eates pas s\u00fbr de vos mesures, nous vous recommandons de commencer par mesurer vos mesures de taille et de les comparer avec notre tableau des tailles. Si vous n&#039;avez aucune exp\u00e9rience dans la mesure des tailles de circonf\u00e9rence, cliquez sur\u00a0<a href=\"https:\/\/www.youtube.com\/watch?v=3ZSfY87v6pM\"><em>ICI<\/em>\u00a0<\/a>\u00a0\u00e0\u00a0<span style=\"color: #ff0000;\"><a style=\"color: #ff0000;\" href=\"https:\/\/www.youtube.com\/watch?v=3ZSfY87v6pM\"><em>VIDEO<\/em><\/a>\u00a0<\/span> avec des instructions. Vous pouvez \u00e9galement nous appeler ou nous appliquer directement! Nos employ\u00e9s sont toujours disponibles pour vous aider.<\/p>\n<p><strong>HEURE DE LIVRAISON :<\/strong>\u00a02 \u00e0 3 jours ouvr\u00e9s.<\/p>\n<p><span style=\"color: #ff0000;\">INFORMATION IMPORTANTE:\u00a0<\/span>Vous pouvez acheter n&#039;importe quelle veste Versano avec ou sans col en fourrure, le col en fourrure n&#039;est pas inclus.<\/p>","protected":false},"featured_media":14522,"comment_status":"closed","ping_status":"closed","template":"","meta":[],"product_brand":[],"product_cat":[231,1037,1080,1041,1081,1082,1547],"product_tag":[314,276,277,1617,315,1186,266,1317,1668,1632,317,1660,1325,572,573,1613],"class_list":{"0":"post-4447","1":"product","2":"type-product","3":"status-publish","4":"has-post-thumbnail","6":"product_cat-heren-jassen-met-bontkraag","7":"product_cat-jas-met-bontkraag","8":"product_cat-jas-met-bontkraag-heren","9":"product_cat-winterjas-met-bontkraag","10":"product_cat-winterjas-met-bontkraag-heren","11":"product_cat-winterjassen-met-bontkraag-heren","12":"product_cat-winterjassen-heren","13":"product_tag-bontjassen-voor-heren","14":"product_tag-bontkraag","15":"product_tag-echte-bontkraag","16":"product_tag-goedkope-winterjassen-heren","17":"product_tag-heren-bontjassen","18":"product_tag-heren-winterjas-zwart","19":"product_tag-jassen-met-bontkraag","20":"product_tag-korte-heren-winterjas","21":"product_tag-korte-winterjassen","22":"product_tag-uitverkoop-winterjas-heren","23":"product_tag-versano-bontjassen","24":"product_tag-versano-heren","25":"product_tag-versano-winterjassen","26":"product_tag-winterjas-met-bontkraag-heren","27":"product_tag-winterjas-met-bontkraag-heren-zwart","28":"product_tag-winterjassen-heren-in-sale","29":"product_shipping_class-verzendkosten-1","30":"tm-has-options","32":"first","33":"instock","34":"taxable","35":"shipping-taxable","36":"purchasable","37":"product-type-variable"},"yoast_head":"<!-- This site is optimized with the Yoast SEO plugin v27.2 - https:\/\/yoast.com\/product\/yoast-seo-wordpress\/ -->\n<title>winterjas heren met bontkraag Roger zwart, korte winterjas heren<\/title>\n<meta name=\"description\" content=\"Versano heren winterjas met bontkraag Roger zwart. De zwarte casual heren winterjas heeft een mooie afwerking en is ook mooi Italiaans getailleerd.\" \/>\n<meta name=\"robots\" content=\"index, follow, max-snippet:-1, max-image-preview:large, max-video-preview:-1\" \/>\n<link rel=\"canonical\" href=\"https:\/\/versano.nl\/fr\/shop\/versano-heren-winterjas-met-bontkraag-roger-zwart\/\" \/>\n<meta property=\"og:locale\" content=\"fr_FR\" \/>\n<meta property=\"og:type\" content=\"article\" \/>\n<meta property=\"og:title\" content=\"winterjas heren met bontkraag Roger zwart, korte winterjas heren\" \/>\n<meta property=\"og:description\" content=\"Versano heren winterjas met bontkraag Roger zwart. De zwarte casual heren winterjas heeft een mooie afwerking en is ook mooi Italiaans getailleerd.\" \/>\n<meta property=\"og:url\" content=\"https:\/\/versano.nl\/fr\/shop\/versano-heren-winterjas-met-bontkraag-roger-zwart\/\" \/>\n<meta property=\"og:site_name\" content=\"Versano\" \/>\n<meta property=\"article:modified_time\" content=\"2024-12-13T11:38:17+00:00\" \/>\n<meta property=\"og:image\" content=\"https:\/\/versano.nl\/wp-content\/uploads\/2019\/11\/versano-heren-winterjas-met-bontkraag-Roger-zwart-model.jpg\" \/>\n\t<meta property=\"og:image:width\" content=\"900\" \/>\n\t<meta property=\"og:image:height\" content=\"1176\" \/>\n\t<meta property=\"og:image:type\" content=\"image\/jpeg\" \/>\n<meta name=\"twitter:card\" content=\"summary_large_image\" \/>\n<meta name=\"twitter:label1\" content=\"Dur\u00e9e de lecture estim\u00e9e\" \/>\n\t<meta name=\"twitter:data1\" content=\"2 minutes\" \/>\n<script type=\"application\/ld+json\" class=\"yoast-schema-graph\">{\"@context\":\"https:\/\/schema.org\",\"@graph\":[{\"@type\":\"WebPage\",\"@id\":\"https:\/\/versano.nl\/shop\/versano-heren-winterjas-met-bontkraag-roger-zwart\/\",\"url\":\"https:\/\/versano.nl\/shop\/versano-heren-winterjas-met-bontkraag-roger-zwart\/\",\"name\":\"winterjas heren met bontkraag Roger zwart, korte winterjas heren\",\"isPartOf\":{\"@id\":\"https:\/\/versano.nl\/#website\"},\"primaryImageOfPage\":{\"@id\":\"https:\/\/versano.nl\/shop\/versano-heren-winterjas-met-bontkraag-roger-zwart\/#primaryimage\"},\"image\":{\"@id\":\"https:\/\/versano.nl\/shop\/versano-heren-winterjas-met-bontkraag-roger-zwart\/#primaryimage\"},\"thumbnailUrl\":\"https:\/\/versano.nl\/wp-content\/uploads\/2019\/11\/versano-heren-winterjas-met-bontkraag-Roger-zwart-model.jpg\",\"datePublished\":\"2015-08-11T12:31:55+00:00\",\"dateModified\":\"2024-12-13T11:38:17+00:00\",\"description\":\"Versano heren winterjas met bontkraag Roger zwart. De zwarte casual heren winterjas heeft een mooie afwerking en is ook mooi Italiaans getailleerd.\",\"breadcrumb\":{\"@id\":\"https:\/\/versano.nl\/shop\/versano-heren-winterjas-met-bontkraag-roger-zwart\/#breadcrumb\"},\"inLanguage\":\"fr-FR\",\"potentialAction\":[{\"@type\":\"ReadAction\",\"target\":[\"https:\/\/versano.nl\/shop\/versano-heren-winterjas-met-bontkraag-roger-zwart\/\"]}]},{\"@type\":\"ImageObject\",\"inLanguage\":\"fr-FR\",\"@id\":\"https:\/\/versano.nl\/shop\/versano-heren-winterjas-met-bontkraag-roger-zwart\/#primaryimage\",\"url\":\"https:\/\/versano.nl\/wp-content\/uploads\/2019\/11\/versano-heren-winterjas-met-bontkraag-Roger-zwart-model.jpg\",\"contentUrl\":\"https:\/\/versano.nl\/wp-content\/uploads\/2019\/11\/versano-heren-winterjas-met-bontkraag-Roger-zwart-model.jpg\",\"width\":900,\"height\":1176,\"caption\":\"winterjas heren met bontkraag Roger zwart\"},{\"@type\":\"BreadcrumbList\",\"@id\":\"https:\/\/versano.nl\/shop\/versano-heren-winterjas-met-bontkraag-roger-zwart\/#breadcrumb\",\"itemListElement\":[{\"@type\":\"ListItem\",\"position\":1,\"name\":\"Home\",\"item\":\"https:\/\/versano.nl\/\"},{\"@type\":\"ListItem\",\"position\":2,\"name\":\"Shop\",\"item\":\"https:\/\/versano.nl\/shop\/\"},{\"@type\":\"ListItem\",\"position\":3,\"name\":\"winterjas heren met bontkraag Roger zwart\"}]},{\"@type\":\"WebSite\",\"@id\":\"https:\/\/versano.nl\/#website\",\"url\":\"https:\/\/versano.nl\/\",\"name\":\"Versano\",\"description\":\"winterjassen met bontkraag | leren dames jassen | leren heren jassen\",\"potentialAction\":[{\"@type\":\"SearchAction\",\"target\":{\"@type\":\"EntryPoint\",\"urlTemplate\":\"https:\/\/versano.nl\/?s={search_term_string}\"},\"query-input\":{\"@type\":\"PropertyValueSpecification\",\"valueRequired\":true,\"valueName\":\"search_term_string\"}}],\"inLanguage\":\"fr-FR\"}]}<\/script>\n<!-- \/ Yoast SEO plugin. -->","yoast_head_json":{"title":"veste d&#039;hiver homme avec col fourrure Roger noir, veste d&#039;hiver courte homme","description":"Veste d&#039;hiver homme Versano avec col en fourrure Roger noir. La veste d\u2019hiver casual noire pour hommes a une belle finition et est \u00e9galement bien ajust\u00e9e \u00e0 l\u2019italienne.","robots":{"index":"index","follow":"follow","max-snippet":"max-snippet:-1","max-image-preview":"max-image-preview:large","max-video-preview":"max-video-preview:-1"},"canonical":"https:\/\/versano.nl\/fr\/shop\/versano-heren-winterjas-met-bontkraag-roger-zwart\/","og_locale":"fr_FR","og_type":"article","og_title":"winterjas heren met bontkraag Roger zwart, korte winterjas heren","og_description":"Versano heren winterjas met bontkraag Roger zwart. De zwarte casual heren winterjas heeft een mooie afwerking en is ook mooi Italiaans getailleerd.","og_url":"https:\/\/versano.nl\/fr\/shop\/versano-heren-winterjas-met-bontkraag-roger-zwart\/","og_site_name":"Versano","article_modified_time":"2024-12-13T11:38:17+00:00","og_image":[{"width":900,"height":1176,"url":"https:\/\/versano.nl\/wp-content\/uploads\/2019\/11\/versano-heren-winterjas-met-bontkraag-Roger-zwart-model.jpg","type":"image\/jpeg"}],"twitter_card":"summary_large_image","twitter_misc":{"Dur\u00e9e de lecture estim\u00e9e":"2 minutes"},"schema":{"@context":"https:\/\/schema.org","@graph":[{"@type":"WebPage","@id":"https:\/\/versano.nl\/shop\/versano-heren-winterjas-met-bontkraag-roger-zwart\/","url":"https:\/\/versano.nl\/shop\/versano-heren-winterjas-met-bontkraag-roger-zwart\/","name":"veste d&#039;hiver homme avec col fourrure Roger noir, veste d&#039;hiver courte homme","isPartOf":{"@id":"https:\/\/versano.nl\/#website"},"primaryImageOfPage":{"@id":"https:\/\/versano.nl\/shop\/versano-heren-winterjas-met-bontkraag-roger-zwart\/#primaryimage"},"image":{"@id":"https:\/\/versano.nl\/shop\/versano-heren-winterjas-met-bontkraag-roger-zwart\/#primaryimage"},"thumbnailUrl":"https:\/\/versano.nl\/wp-content\/uploads\/2019\/11\/versano-heren-winterjas-met-bontkraag-Roger-zwart-model.jpg","datePublished":"2015-08-11T12:31:55+00:00","dateModified":"2024-12-13T11:38:17+00:00","description":"Veste d&#039;hiver homme Versano avec col en fourrure Roger noir. La veste d\u2019hiver casual noire pour hommes a une belle finition et est \u00e9galement bien ajust\u00e9e \u00e0 l\u2019italienne.","breadcrumb":{"@id":"https:\/\/versano.nl\/shop\/versano-heren-winterjas-met-bontkraag-roger-zwart\/#breadcrumb"},"inLanguage":"fr-FR","potentialAction":[{"@type":"ReadAction","target":["https:\/\/versano.nl\/shop\/versano-heren-winterjas-met-bontkraag-roger-zwart\/"]}]},{"@type":"ImageObject","inLanguage":"fr-FR","@id":"https:\/\/versano.nl\/shop\/versano-heren-winterjas-met-bontkraag-roger-zwart\/#primaryimage","url":"https:\/\/versano.nl\/wp-content\/uploads\/2019\/11\/versano-heren-winterjas-met-bontkraag-Roger-zwart-model.jpg","contentUrl":"https:\/\/versano.nl\/wp-content\/uploads\/2019\/11\/versano-heren-winterjas-met-bontkraag-Roger-zwart-model.jpg","width":900,"height":1176,"caption":"winterjas heren met bontkraag Roger zwart"},{"@type":"BreadcrumbList","@id":"https:\/\/versano.nl\/shop\/versano-heren-winterjas-met-bontkraag-roger-zwart\/#breadcrumb","itemListElement":[{"@type":"ListItem","position":1,"name":"Home","item":"https:\/\/versano.nl\/"},{"@type":"ListItem","position":2,"name":"Shop","item":"https:\/\/versano.nl\/shop\/"},{"@type":"ListItem","position":3,"name":"winterjas heren met bontkraag Roger zwart"}]},{"@type":"WebSite","@id":"https:\/\/versano.nl\/#website","url":"https:\/\/versano.nl\/","name":"Versano","description":"manteaux d&#039;hiver avec col en fourrure | vestes femme en cuir | vestes en cuir pour hommes","potentialAction":[{"@type":"SearchAction","target":{"@type":"EntryPoint","urlTemplate":"https:\/\/versano.nl\/?s={search_term_string}"},"query-input":{"@type":"PropertyValueSpecification","valueRequired":true,"valueName":"search_term_string"}}],"inLanguage":"fr-FR"}]}},"_links":{"self":[{"href":"https:\/\/versano.nl\/fr\/wp-json\/wp\/v2\/product\/4447","targetHints":{"allow":["GET"]}}],"collection":[{"href":"https:\/\/versano.nl\/fr\/wp-json\/wp\/v2\/product"}],"about":[{"href":"https:\/\/versano.nl\/fr\/wp-json\/wp\/v2\/types\/product"}],"replies":[{"embeddable":true,"href":"https:\/\/versano.nl\/fr\/wp-json\/wp\/v2\/comments?post=4447"}],"wp:featuredmedia":[{"embeddable":true,"href":"https:\/\/versano.nl\/fr\/wp-json\/wp\/v2\/media\/14522"}],"wp:attachment":[{"href":"https:\/\/versano.nl\/fr\/wp-json\/wp\/v2\/media?parent=4447"}],"wp:term":[{"taxonomy":"product_brand","embeddable":true,"href":"https:\/\/versano.nl\/fr\/wp-json\/wp\/v2\/product_brand?post=4447"},{"taxonomy":"product_cat","embeddable":true,"href":"https:\/\/versano.nl\/fr\/wp-json\/wp\/v2\/product_cat?post=4447"},{"taxonomy":"product_tag","embeddable":true,"href":"https:\/\/versano.nl\/fr\/wp-json\/wp\/v2\/product_tag?post=4447"}],"curies":[{"name":"wp","href":"https:\/\/api.w.org\/{rel}","templated":true}]}}