{"id":3903,"date":"2015-09-24T20:18:16","date_gmt":"2015-09-24T20:18:16","guid":{"rendered":"http:\/\/leathershopdoci.nl\/?post_type=product&#038;p=7786"},"modified":"2021-02-06T21:05:44","modified_gmt":"2021-02-06T21:05:44","slug":"airforce-classic-jongens-kinderjas-met-bontkraag-blauw","status":"publish","type":"product","link":"https:\/\/versano.nl\/fr\/shop\/airforce-classic-jongens-kinderjas-met-bontkraag-blauw\/","title":{"rendered":"Airforce classic boys veste pour enfants avec col en fourrure bleu"},"content":{"rendered":"<h2>Airforce classic boys veste pour enfants avec col en fourrure bleu<\/h2>\n<p>marque: <a href=\"https:\/\/versano.nl\" target=\"_blank\" rel=\"noopener noreferrer\">Airforce<\/a><br \/>\nlongueur: demi<br \/>\nFit: Runs<br \/>\nDoublure: 100% polyester<br \/>\n\u00e9paisseur Doublure: 200 grammes align\u00e9s \u00e9pais<br \/>\nLongueur des manches: manches longues<br \/>\nCapuche: doubl\u00e9e, solide<br \/>\nCol: fourrure artificielle<br \/>\nLes plus: coutures renforc\u00e9es<br \/>\nFermeture: fermeture \u00e0 glissi\u00e8re avec rabat de protection, zip avant<br \/>\nPoches: poches avec robinet<br \/>\nFonction: imperm\u00e9able, coupe-vent<br \/>\nmat\u00e9riau couche ext\u00e9rieure: 100% polyester<\/p>\n<p>: 2-4 jours<\/p>","protected":false},"excerpt":{"rendered":"<p><strong>ATTENTION, ce qui comprend le FUR COAT COLLET<\/strong><\/p>\n<p>Cette veste noire originale Airforce pour les gar\u00e7ons est de la s\u00e9rie classique. La veste enfants noir avec col de fourrure est rembourr\u00e9 et le col est amovible.<\/p>","protected":false},"featured_media":3905,"comment_status":"closed","ping_status":"closed","template":"","meta":[],"product_brand":[],"product_cat":[332],"product_tag":[313,333,334,335,336],"class_list":{"0":"post-3903","1":"product","2":"type-product","3":"status-publish","4":"has-post-thumbnail","6":"product_cat-kinderjassen-met-bontkraag","7":"product_tag-bontjassen","8":"product_tag-bontjassen-voor-kinderen","9":"product_tag-kinderen-bontkraag","10":"product_tag-online-bontjassen-kinderen","11":"product_tag-versano-bontjassen-voor-kinderen","12":"product_shipping_class-verzendkosten-1","13":"tm-no-options","15":"first","16":"outofstock","17":"sale","18":"taxable","19":"shipping-taxable","20":"purchasable","21":"product-type-variable"},"yoast_head":"<!-- This site is optimized with the Yoast SEO plugin v27.2 - https:\/\/yoast.com\/product\/yoast-seo-wordpress\/ -->\n<title>Airforce classic jongens kinderjas met bontkraag blauw<\/title>\n<meta name=\"description\" content=\"Airforce classic jongens kinderjas met bontkraag blauw. Deze originele Airforce jas voor jongens, is uit de classic serie. De zwarte kinderjas met bontkraag\" \/>\n<meta name=\"robots\" content=\"index, follow, max-snippet:-1, max-image-preview:large, max-video-preview:-1\" \/>\n<link rel=\"canonical\" href=\"https:\/\/versano.nl\/fr\/shop\/airforce-classic-jongens-kinderjas-met-bontkraag-blauw\/\" \/>\n<meta property=\"og:locale\" content=\"fr_FR\" \/>\n<meta property=\"og:type\" content=\"article\" \/>\n<meta property=\"og:title\" content=\"Airforce classic jongens kinderjas met bontkraag blauw\" \/>\n<meta property=\"og:description\" content=\"Airforce classic jongens kinderjas met bontkraag blauw. Deze originele Airforce jas voor jongens, is uit de classic serie. De zwarte kinderjas met bontkraag\" \/>\n<meta property=\"og:url\" content=\"https:\/\/versano.nl\/fr\/shop\/airforce-classic-jongens-kinderjas-met-bontkraag-blauw\/\" \/>\n<meta property=\"og:site_name\" content=\"Versano\" \/>\n<meta property=\"article:modified_time\" content=\"2021-02-06T21:05:44+00:00\" \/>\n<meta property=\"og:image\" content=\"https:\/\/versano.nl\/wp-content\/uploads\/2017\/05\/leather-shop-doci-airforce-jongens-winterjas-blauw-voor.jpg\" \/>\n\t<meta property=\"og:image:width\" content=\"750\" \/>\n\t<meta property=\"og:image:height\" content=\"980\" \/>\n\t<meta property=\"og:image:type\" content=\"image\/jpeg\" \/>\n<meta name=\"twitter:card\" content=\"summary_large_image\" \/>\n<script type=\"application\/ld+json\" class=\"yoast-schema-graph\">{\"@context\":\"https:\/\/schema.org\",\"@graph\":[{\"@type\":\"WebPage\",\"@id\":\"https:\/\/versano.nl\/de\/shop\/airforce-classic-jongens-kinderjas-met-bontkraag-blauw\/\",\"url\":\"https:\/\/versano.nl\/de\/shop\/airforce-classic-jongens-kinderjas-met-bontkraag-blauw\/\",\"name\":\"Airforce classic jongens kinderjas met bontkraag blauw\",\"isPartOf\":{\"@id\":\"https:\/\/versano.nl\/#website\"},\"primaryImageOfPage\":{\"@id\":\"https:\/\/versano.nl\/de\/shop\/airforce-classic-jongens-kinderjas-met-bontkraag-blauw\/#primaryimage\"},\"image\":{\"@id\":\"https:\/\/versano.nl\/de\/shop\/airforce-classic-jongens-kinderjas-met-bontkraag-blauw\/#primaryimage\"},\"thumbnailUrl\":\"https:\/\/versano.nl\/wp-content\/uploads\/2017\/05\/leather-shop-doci-airforce-jongens-winterjas-blauw-voor.jpg\",\"datePublished\":\"2015-09-24T20:18:16+00:00\",\"dateModified\":\"2021-02-06T21:05:44+00:00\",\"description\":\"Airforce classic jongens kinderjas met bontkraag blauw. Deze originele Airforce jas voor jongens, is uit de classic serie. De zwarte kinderjas met bontkraag\",\"breadcrumb\":{\"@id\":\"https:\/\/versano.nl\/de\/shop\/airforce-classic-jongens-kinderjas-met-bontkraag-blauw\/#breadcrumb\"},\"inLanguage\":\"fr-FR\",\"potentialAction\":[{\"@type\":\"ReadAction\",\"target\":[\"https:\/\/versano.nl\/de\/shop\/airforce-classic-jongens-kinderjas-met-bontkraag-blauw\/\"]}]},{\"@type\":\"ImageObject\",\"inLanguage\":\"fr-FR\",\"@id\":\"https:\/\/versano.nl\/de\/shop\/airforce-classic-jongens-kinderjas-met-bontkraag-blauw\/#primaryimage\",\"url\":\"https:\/\/versano.nl\/wp-content\/uploads\/2017\/05\/leather-shop-doci-airforce-jongens-winterjas-blauw-voor.jpg\",\"contentUrl\":\"https:\/\/versano.nl\/wp-content\/uploads\/2017\/05\/leather-shop-doci-airforce-jongens-winterjas-blauw-voor.jpg\",\"width\":750,\"height\":980},{\"@type\":\"BreadcrumbList\",\"@id\":\"https:\/\/versano.nl\/de\/shop\/airforce-classic-jongens-kinderjas-met-bontkraag-blauw\/#breadcrumb\",\"itemListElement\":[{\"@type\":\"ListItem\",\"position\":1,\"name\":\"Home\",\"item\":\"https:\/\/versano.nl\/\"},{\"@type\":\"ListItem\",\"position\":2,\"name\":\"Shop\",\"item\":\"https:\/\/versano.nl\/shop\/\"},{\"@type\":\"ListItem\",\"position\":3,\"name\":\"Airforce classic jongens kinderjas met bontkraag blauw\"}]},{\"@type\":\"WebSite\",\"@id\":\"https:\/\/versano.nl\/#website\",\"url\":\"https:\/\/versano.nl\/\",\"name\":\"Versano\",\"description\":\"winterjassen met bontkraag | leren dames jassen | leren heren jassen\",\"potentialAction\":[{\"@type\":\"SearchAction\",\"target\":{\"@type\":\"EntryPoint\",\"urlTemplate\":\"https:\/\/versano.nl\/?s={search_term_string}\"},\"query-input\":{\"@type\":\"PropertyValueSpecification\",\"valueRequired\":true,\"valueName\":\"search_term_string\"}}],\"inLanguage\":\"fr-FR\"}]}<\/script>\n<!-- \/ Yoast SEO plugin. -->","yoast_head_json":{"title":"Airforce classic boys veste pour enfants avec col en fourrure bleu","description":"Blouson Airforce Classic pour gar\u00e7on avec col en fourrure bleu. Cette veste Airforce originale pour gar\u00e7ons est issue de la s\u00e9rie classique. La veste noire pour enfants avec col en fourrure","robots":{"index":"index","follow":"follow","max-snippet":"max-snippet:-1","max-image-preview":"max-image-preview:large","max-video-preview":"max-video-preview:-1"},"canonical":"https:\/\/versano.nl\/fr\/shop\/airforce-classic-jongens-kinderjas-met-bontkraag-blauw\/","og_locale":"fr_FR","og_type":"article","og_title":"Airforce classic jongens kinderjas met bontkraag blauw","og_description":"Airforce classic jongens kinderjas met bontkraag blauw. Deze originele Airforce jas voor jongens, is uit de classic serie. De zwarte kinderjas met bontkraag","og_url":"https:\/\/versano.nl\/fr\/shop\/airforce-classic-jongens-kinderjas-met-bontkraag-blauw\/","og_site_name":"Versano","article_modified_time":"2021-02-06T21:05:44+00:00","og_image":[{"width":750,"height":980,"url":"https:\/\/versano.nl\/wp-content\/uploads\/2017\/05\/leather-shop-doci-airforce-jongens-winterjas-blauw-voor.jpg","type":"image\/jpeg"}],"twitter_card":"summary_large_image","schema":{"@context":"https:\/\/schema.org","@graph":[{"@type":"WebPage","@id":"https:\/\/versano.nl\/de\/shop\/airforce-classic-jongens-kinderjas-met-bontkraag-blauw\/","url":"https:\/\/versano.nl\/de\/shop\/airforce-classic-jongens-kinderjas-met-bontkraag-blauw\/","name":"Airforce classic boys veste pour enfants avec col en fourrure bleu","isPartOf":{"@id":"https:\/\/versano.nl\/#website"},"primaryImageOfPage":{"@id":"https:\/\/versano.nl\/de\/shop\/airforce-classic-jongens-kinderjas-met-bontkraag-blauw\/#primaryimage"},"image":{"@id":"https:\/\/versano.nl\/de\/shop\/airforce-classic-jongens-kinderjas-met-bontkraag-blauw\/#primaryimage"},"thumbnailUrl":"https:\/\/versano.nl\/wp-content\/uploads\/2017\/05\/leather-shop-doci-airforce-jongens-winterjas-blauw-voor.jpg","datePublished":"2015-09-24T20:18:16+00:00","dateModified":"2021-02-06T21:05:44+00:00","description":"Blouson Airforce Classic pour gar\u00e7on avec col en fourrure bleu. Cette veste Airforce originale pour gar\u00e7ons est issue de la s\u00e9rie classique. La veste noire pour enfants avec col en fourrure","breadcrumb":{"@id":"https:\/\/versano.nl\/de\/shop\/airforce-classic-jongens-kinderjas-met-bontkraag-blauw\/#breadcrumb"},"inLanguage":"fr-FR","potentialAction":[{"@type":"ReadAction","target":["https:\/\/versano.nl\/de\/shop\/airforce-classic-jongens-kinderjas-met-bontkraag-blauw\/"]}]},{"@type":"ImageObject","inLanguage":"fr-FR","@id":"https:\/\/versano.nl\/de\/shop\/airforce-classic-jongens-kinderjas-met-bontkraag-blauw\/#primaryimage","url":"https:\/\/versano.nl\/wp-content\/uploads\/2017\/05\/leather-shop-doci-airforce-jongens-winterjas-blauw-voor.jpg","contentUrl":"https:\/\/versano.nl\/wp-content\/uploads\/2017\/05\/leather-shop-doci-airforce-jongens-winterjas-blauw-voor.jpg","width":750,"height":980},{"@type":"BreadcrumbList","@id":"https:\/\/versano.nl\/de\/shop\/airforce-classic-jongens-kinderjas-met-bontkraag-blauw\/#breadcrumb","itemListElement":[{"@type":"ListItem","position":1,"name":"Home","item":"https:\/\/versano.nl\/"},{"@type":"ListItem","position":2,"name":"Shop","item":"https:\/\/versano.nl\/shop\/"},{"@type":"ListItem","position":3,"name":"Airforce classic jongens kinderjas met bontkraag blauw"}]},{"@type":"WebSite","@id":"https:\/\/versano.nl\/#website","url":"https:\/\/versano.nl\/","name":"Versano","description":"manteaux d&#039;hiver avec col en fourrure | vestes femme en cuir | vestes en cuir pour hommes","potentialAction":[{"@type":"SearchAction","target":{"@type":"EntryPoint","urlTemplate":"https:\/\/versano.nl\/?s={search_term_string}"},"query-input":{"@type":"PropertyValueSpecification","valueRequired":true,"valueName":"search_term_string"}}],"inLanguage":"fr-FR"}]}},"_links":{"self":[{"href":"https:\/\/versano.nl\/fr\/wp-json\/wp\/v2\/product\/3903","targetHints":{"allow":["GET"]}}],"collection":[{"href":"https:\/\/versano.nl\/fr\/wp-json\/wp\/v2\/product"}],"about":[{"href":"https:\/\/versano.nl\/fr\/wp-json\/wp\/v2\/types\/product"}],"replies":[{"embeddable":true,"href":"https:\/\/versano.nl\/fr\/wp-json\/wp\/v2\/comments?post=3903"}],"wp:featuredmedia":[{"embeddable":true,"href":"https:\/\/versano.nl\/fr\/wp-json\/wp\/v2\/media\/3905"}],"wp:attachment":[{"href":"https:\/\/versano.nl\/fr\/wp-json\/wp\/v2\/media?parent=3903"}],"wp:term":[{"taxonomy":"product_brand","embeddable":true,"href":"https:\/\/versano.nl\/fr\/wp-json\/wp\/v2\/product_brand?post=3903"},{"taxonomy":"product_cat","embeddable":true,"href":"https:\/\/versano.nl\/fr\/wp-json\/wp\/v2\/product_cat?post=3903"},{"taxonomy":"product_tag","embeddable":true,"href":"https:\/\/versano.nl\/fr\/wp-json\/wp\/v2\/product_tag?post=3903"}],"curies":[{"name":"wp","href":"https:\/\/api.w.org\/{rel}","templated":true}]}}