{"id":3694,"date":"2015-03-11T23:23:13","date_gmt":"2015-03-11T23:23:13","guid":{"rendered":"http:\/\/leathershopdoci.nl\/shop\/leren-jas-heren-versano-tr44-bruin\/"},"modified":"2020-10-10T10:24:15","modified_gmt":"2020-10-10T10:24:15","slug":"leren-jas-heren-versano-tr44-bruin","status":"publish","type":"product","link":"https:\/\/versano.nl\/fr\/shop\/leren-jas-heren-versano-tr44-bruin\/","title":{"rendered":"motard veste pour hommes en cuir marron look de Versano"},"content":{"rendered":"<h2>motard veste pour hommes en cuir marron look de Versano<\/h2>\n<p>Les motards de la veste des hommes en cuir marron look de Versano vous apporter un manteau dans la maison, vous \u00eates s\u00fbr d&#039;aimer. Ce mod\u00e8le robuste est enti\u00e8rement en cuir d&#039;agneau doux. Ceci est un mat\u00e9riau qui est non seulement tr\u00e8s r\u00e9sistant, mais il est aussi une autre belle. Il est une veste qui peut arr\u00eater la confiance dans la machine, car ce lave mat\u00e9riau parfaitement. En d&#039;autres termes, comme le manteau grandit il suffit de regarder mieux! C&#039;est une veste fra\u00eeche, qui est principalement en raison des \u00e9l\u00e9ments comme motards qui se trouvent sur les \u00e9paules.<\/p>\n<h3>Commander une veste hommes en cuir marron Versano en look motard<\/h3>\n<p>Avec cette veste vous pouvez \u00eatre s\u00fbr que vous aurez bient\u00f4t un nouveau manteau sur les \u00e9paules pendent o\u00f9 vous pouvez \u00eatre vu dans. La veste est fini avec deux poches lat\u00e9rales droites, ainsi que d&#039;une paire de poches sur la poitrine. Ceci est une veste o\u00f9 vous commencez \u00e0 vous sentir \u00e0 l&#039;aise. Nous vous conseillons de r\u00e9server avec nous ce manteau et tout aussi s\u00fbr que vous avez achet\u00e9 une amende nouvelle couche. En savoir plus sur ce produit? Nous vous recommandons tout simplement envoyer un email \u00e0 Versano. Ceci est sept jours par semaine.<\/p>\n<p>marque: <a href=\"https:\/\/versano.nl\/\" target=\"_blank\" rel=\"noopener noreferrer\">Versano<\/a><br \/>\nMati\u00e8re: 100% cuir d&#039;agneau<br \/>\nDoublure: 100% polyester<br \/>\nLongueur: court<br \/>\nFit: Am\u00e9nag\u00e9e italien (Runs)<br \/>\nFermeture: fermeture \u00e9clair<br \/>\nPoches: poches avec zip<br \/>\nCol: col montant<br \/>\nMat\u00e9riau couche ext\u00e9rieure: Tr\u00e8s haute qualit\u00e9 et doux en peau d&#039;agneau<br \/>\nTemps: 1-3 jours<\/p>","protected":false},"excerpt":{"rendered":"<p>Bruine leren herenjas bikerlook van Versano Met de bruine leren herenjas bikerlook van Versano haalt u een jas in huis die u zeker zal bevallen. Dit stoere model is geheel gemaakt van soepel lamsleer. Dit is een materiaal dat niet alleen zeer duurzaam is, maar dat ook nog eens prettig [&hellip;]<\/p>\n","protected":false},"featured_media":13886,"comment_status":"closed","ping_status":"closed","template":"","meta":[],"product_brand":[],"product_cat":[147,908,913,910],"product_tag":[516,78,517,307,23,24],"class_list":{"0":"post-3694","1":"product","2":"type-product","3":"status-publish","4":"has-post-thumbnail","6":"product_cat-heren-leren-jassen","7":"product_cat-leren-heren-jassen","8":"product_cat-leren-jassen-heren-uitverkoop","9":"product_cat-leren-jassen-heren","10":"product_tag-bruine-leren-biker-jack-heren","11":"product_tag-heren-biker-jack-bruin","12":"product_tag-leren-heren-biker-jack-bruin","13":"product_tag-leren-heren-jas-bruin","14":"product_tag-motorjacks-heren","15":"product_tag-stoer-jasje-heren","16":"tm-no-options","18":"first","19":"outofstock","20":"taxable","21":"shipping-taxable","22":"product-type-variable"},"yoast_head":"<!-- This site is optimized with the Yoast SEO plugin v27.2 - https:\/\/yoast.com\/product\/yoast-seo-wordpress\/ -->\n<title>heren biker jack bruin, Bruine leren herenjas bikerlook van Versano<\/title>\n<meta name=\"description\" content=\"Met de mooie bikerachtige look op de schouders en mouwen, is Bruine leren herenjas bikerlook van Versano, met recht een top 3 jas! Naast de borstzakjes\" \/>\n<meta name=\"robots\" content=\"index, follow, max-snippet:-1, max-image-preview:large, max-video-preview:-1\" \/>\n<link rel=\"canonical\" href=\"https:\/\/versano.nl\/fr\/shop\/leren-jas-heren-versano-tr44-bruin\/\" \/>\n<meta property=\"og:locale\" content=\"fr_FR\" \/>\n<meta property=\"og:type\" content=\"article\" \/>\n<meta property=\"og:title\" content=\"heren biker jack bruin, Bruine leren herenjas bikerlook van Versano\" \/>\n<meta property=\"og:description\" content=\"Met de mooie bikerachtige look op de schouders en mouwen, is Bruine leren herenjas bikerlook van Versano, met recht een top 3 jas! Naast de borstzakjes\" \/>\n<meta property=\"og:url\" content=\"https:\/\/versano.nl\/fr\/shop\/leren-jas-heren-versano-tr44-bruin\/\" \/>\n<meta property=\"og:site_name\" content=\"Versano\" \/>\n<meta property=\"article:modified_time\" content=\"2020-10-10T10:24:15+00:00\" \/>\n<meta property=\"og:image\" content=\"https:\/\/versano.nl\/wp-content\/uploads\/2019\/11\/leren-jas-heren-bruin-TR44-versano-voorkant-model3.jpg\" \/>\n\t<meta property=\"og:image:width\" content=\"900\" \/>\n\t<meta property=\"og:image:height\" content=\"1176\" \/>\n\t<meta property=\"og:image:type\" content=\"image\/jpeg\" \/>\n<meta name=\"twitter:card\" content=\"summary_large_image\" \/>\n<meta name=\"twitter:label1\" content=\"Dur\u00e9e de lecture estim\u00e9e\" \/>\n\t<meta name=\"twitter:data1\" content=\"1 minute\" \/>\n<script type=\"application\/ld+json\" class=\"yoast-schema-graph\">{\"@context\":\"https:\/\/schema.org\",\"@graph\":[{\"@type\":\"WebPage\",\"@id\":\"https:\/\/versano.nl\/en\/shop\/leren-jas-heren-versano-tr44-bruin\/\",\"url\":\"https:\/\/versano.nl\/en\/shop\/leren-jas-heren-versano-tr44-bruin\/\",\"name\":\"heren biker jack bruin, Bruine leren herenjas bikerlook van Versano\",\"isPartOf\":{\"@id\":\"https:\/\/versano.nl\/#website\"},\"primaryImageOfPage\":{\"@id\":\"https:\/\/versano.nl\/en\/shop\/leren-jas-heren-versano-tr44-bruin\/#primaryimage\"},\"image\":{\"@id\":\"https:\/\/versano.nl\/en\/shop\/leren-jas-heren-versano-tr44-bruin\/#primaryimage\"},\"thumbnailUrl\":\"https:\/\/versano.nl\/wp-content\/uploads\/2019\/11\/leren-jas-heren-bruin-TR44-versano-voorkant-model3.jpg\",\"datePublished\":\"2015-03-11T23:23:13+00:00\",\"dateModified\":\"2020-10-10T10:24:15+00:00\",\"description\":\"Met de mooie bikerachtige look op de schouders en mouwen, is Bruine leren herenjas bikerlook van Versano, met recht een top 3 jas! Naast de borstzakjes\",\"breadcrumb\":{\"@id\":\"https:\/\/versano.nl\/en\/shop\/leren-jas-heren-versano-tr44-bruin\/#breadcrumb\"},\"inLanguage\":\"fr-FR\",\"potentialAction\":[{\"@type\":\"ReadAction\",\"target\":[\"https:\/\/versano.nl\/en\/shop\/leren-jas-heren-versano-tr44-bruin\/\"]}]},{\"@type\":\"ImageObject\",\"inLanguage\":\"fr-FR\",\"@id\":\"https:\/\/versano.nl\/en\/shop\/leren-jas-heren-versano-tr44-bruin\/#primaryimage\",\"url\":\"https:\/\/versano.nl\/wp-content\/uploads\/2019\/11\/leren-jas-heren-bruin-TR44-versano-voorkant-model3.jpg\",\"contentUrl\":\"https:\/\/versano.nl\/wp-content\/uploads\/2019\/11\/leren-jas-heren-bruin-TR44-versano-voorkant-model3.jpg\",\"width\":900,\"height\":1176,\"caption\":\"leren-jas-heren-bruin-TR44-versano-voorkant-model3\"},{\"@type\":\"BreadcrumbList\",\"@id\":\"https:\/\/versano.nl\/en\/shop\/leren-jas-heren-versano-tr44-bruin\/#breadcrumb\",\"itemListElement\":[{\"@type\":\"ListItem\",\"position\":1,\"name\":\"Home\",\"item\":\"https:\/\/versano.nl\/\"},{\"@type\":\"ListItem\",\"position\":2,\"name\":\"Shop\",\"item\":\"https:\/\/versano.nl\/shop\/\"},{\"@type\":\"ListItem\",\"position\":3,\"name\":\"Bruine leren herenjas bikerlook van Versano\"}]},{\"@type\":\"WebSite\",\"@id\":\"https:\/\/versano.nl\/#website\",\"url\":\"https:\/\/versano.nl\/\",\"name\":\"Versano\",\"description\":\"winterjassen met bontkraag | leren dames jassen | leren heren jassen\",\"potentialAction\":[{\"@type\":\"SearchAction\",\"target\":{\"@type\":\"EntryPoint\",\"urlTemplate\":\"https:\/\/versano.nl\/?s={search_term_string}\"},\"query-input\":{\"@type\":\"PropertyValueSpecification\",\"valueRequired\":true,\"valueName\":\"search_term_string\"}}],\"inLanguage\":\"fr-FR\"}]}<\/script>\n<!-- \/ Yoast SEO plugin. -->","yoast_head_json":{"title":"veste de motard homme marron, veste de moto homme en cuir marron de Versano","description":"Avec son superbe look de motard sur les \u00e9paules et les manches, le blouson de moto pour homme en cuir marron de Versano est un top 3! \u00c0 c\u00f4t\u00e9 des poches de poitrine","robots":{"index":"index","follow":"follow","max-snippet":"max-snippet:-1","max-image-preview":"max-image-preview:large","max-video-preview":"max-video-preview:-1"},"canonical":"https:\/\/versano.nl\/fr\/shop\/leren-jas-heren-versano-tr44-bruin\/","og_locale":"fr_FR","og_type":"article","og_title":"heren biker jack bruin, Bruine leren herenjas bikerlook van Versano","og_description":"Met de mooie bikerachtige look op de schouders en mouwen, is Bruine leren herenjas bikerlook van Versano, met recht een top 3 jas! Naast de borstzakjes","og_url":"https:\/\/versano.nl\/fr\/shop\/leren-jas-heren-versano-tr44-bruin\/","og_site_name":"Versano","article_modified_time":"2020-10-10T10:24:15+00:00","og_image":[{"width":900,"height":1176,"url":"https:\/\/versano.nl\/wp-content\/uploads\/2019\/11\/leren-jas-heren-bruin-TR44-versano-voorkant-model3.jpg","type":"image\/jpeg"}],"twitter_card":"summary_large_image","twitter_misc":{"Dur\u00e9e de lecture estim\u00e9e":"1 minute"},"schema":{"@context":"https:\/\/schema.org","@graph":[{"@type":"WebPage","@id":"https:\/\/versano.nl\/en\/shop\/leren-jas-heren-versano-tr44-bruin\/","url":"https:\/\/versano.nl\/en\/shop\/leren-jas-heren-versano-tr44-bruin\/","name":"veste de motard homme marron, veste de moto homme en cuir marron de Versano","isPartOf":{"@id":"https:\/\/versano.nl\/#website"},"primaryImageOfPage":{"@id":"https:\/\/versano.nl\/en\/shop\/leren-jas-heren-versano-tr44-bruin\/#primaryimage"},"image":{"@id":"https:\/\/versano.nl\/en\/shop\/leren-jas-heren-versano-tr44-bruin\/#primaryimage"},"thumbnailUrl":"https:\/\/versano.nl\/wp-content\/uploads\/2019\/11\/leren-jas-heren-bruin-TR44-versano-voorkant-model3.jpg","datePublished":"2015-03-11T23:23:13+00:00","dateModified":"2020-10-10T10:24:15+00:00","description":"Avec son superbe look de motard sur les \u00e9paules et les manches, le blouson de moto pour homme en cuir marron de Versano est un top 3! \u00c0 c\u00f4t\u00e9 des poches de poitrine","breadcrumb":{"@id":"https:\/\/versano.nl\/en\/shop\/leren-jas-heren-versano-tr44-bruin\/#breadcrumb"},"inLanguage":"fr-FR","potentialAction":[{"@type":"ReadAction","target":["https:\/\/versano.nl\/en\/shop\/leren-jas-heren-versano-tr44-bruin\/"]}]},{"@type":"ImageObject","inLanguage":"fr-FR","@id":"https:\/\/versano.nl\/en\/shop\/leren-jas-heren-versano-tr44-bruin\/#primaryimage","url":"https:\/\/versano.nl\/wp-content\/uploads\/2019\/11\/leren-jas-heren-bruin-TR44-versano-voorkant-model3.jpg","contentUrl":"https:\/\/versano.nl\/wp-content\/uploads\/2019\/11\/leren-jas-heren-bruin-TR44-versano-voorkant-model3.jpg","width":900,"height":1176,"caption":"leren-jas-heren-bruin-TR44-versano-voorkant-model3"},{"@type":"BreadcrumbList","@id":"https:\/\/versano.nl\/en\/shop\/leren-jas-heren-versano-tr44-bruin\/#breadcrumb","itemListElement":[{"@type":"ListItem","position":1,"name":"Home","item":"https:\/\/versano.nl\/"},{"@type":"ListItem","position":2,"name":"Shop","item":"https:\/\/versano.nl\/shop\/"},{"@type":"ListItem","position":3,"name":"Bruine leren herenjas bikerlook van Versano"}]},{"@type":"WebSite","@id":"https:\/\/versano.nl\/#website","url":"https:\/\/versano.nl\/","name":"Versano","description":"manteaux d&#039;hiver avec col en fourrure | vestes femme en cuir | vestes en cuir pour hommes","potentialAction":[{"@type":"SearchAction","target":{"@type":"EntryPoint","urlTemplate":"https:\/\/versano.nl\/?s={search_term_string}"},"query-input":{"@type":"PropertyValueSpecification","valueRequired":true,"valueName":"search_term_string"}}],"inLanguage":"fr-FR"}]}},"_links":{"self":[{"href":"https:\/\/versano.nl\/fr\/wp-json\/wp\/v2\/product\/3694","targetHints":{"allow":["GET"]}}],"collection":[{"href":"https:\/\/versano.nl\/fr\/wp-json\/wp\/v2\/product"}],"about":[{"href":"https:\/\/versano.nl\/fr\/wp-json\/wp\/v2\/types\/product"}],"replies":[{"embeddable":true,"href":"https:\/\/versano.nl\/fr\/wp-json\/wp\/v2\/comments?post=3694"}],"wp:featuredmedia":[{"embeddable":true,"href":"https:\/\/versano.nl\/fr\/wp-json\/wp\/v2\/media\/13886"}],"wp:attachment":[{"href":"https:\/\/versano.nl\/fr\/wp-json\/wp\/v2\/media?parent=3694"}],"wp:term":[{"taxonomy":"product_brand","embeddable":true,"href":"https:\/\/versano.nl\/fr\/wp-json\/wp\/v2\/product_brand?post=3694"},{"taxonomy":"product_cat","embeddable":true,"href":"https:\/\/versano.nl\/fr\/wp-json\/wp\/v2\/product_cat?post=3694"},{"taxonomy":"product_tag","embeddable":true,"href":"https:\/\/versano.nl\/fr\/wp-json\/wp\/v2\/product_tag?post=3694"}],"curies":[{"name":"wp","href":"https:\/\/api.w.org\/{rel}","templated":true}]}}