{"id":35623,"date":"2025-09-19T10:53:15","date_gmt":"2025-09-19T10:53:15","guid":{"rendered":"https:\/\/versano.nl\/?post_type=product&#038;p=35623"},"modified":"2026-03-13T13:36:21","modified_gmt":"2026-03-13T13:36:21","slug":"jongens-pilot-winterjas-levi-blauw-versano","status":"publish","type":"product","link":"https:\/\/versano.nl\/fr\/shop\/jongens-pilot-winterjas-levi-blauw-versano\/","title":{"rendered":"Jongens pilot winterjas Levi blauw Versano"},"content":{"rendered":"<h2>Jongens pilot winterjas Levi blauw Versano<\/h2>\n<p>Bij Versano weten ze wel hoe een dergelijke jas ontworpen en geproduceerd moet worden. Bent u op zoek naar een warme maar modieuze kinderjas? Dan raden we zeker dit model aan en u zult er nooit spijt van krijgen! Deze stoere en originele Jongens pilot winterjas Levi blauw Versano heeft 2 steekzakken en 2 borstzakken. De onderrand heeft een elastische ribboord net als de mouwen. Dit model is ook in in de kleur zwart verkrijgbaar. We raden je aan om deze kleur ook is te bekijken voordat u uw bestelling plaatst. De jas is met de beste materialen en een special methode gemaakt waardoor hij erg comfortabel aan voelt op uw lichaam qua beweging en zal u ook warm houden in zelfs extreem koud weer. De kraag van Raccoon bont is optioneel (los te bestellen). <strong>LET OP: BONTKRAAG IS NIET INCLUSIEF<\/strong>.<\/p>\n<h2>Passer une commande avec Versano<\/h2>\n<p>Vous pouvez facilement commander ce mod\u00e8le dans la boutique en ligne Versano. Nous avons rassembl\u00e9 ici toutes nos vestes pour que vous puissiez facilement passer une commande. Chez Versano, vous pouvez toujours \u00eatre s\u00fbr que vous achetez un beau manteau qui a \u00e9t\u00e9 travaill\u00e9 avec soin. Avec nous, vous pouvez facilement choisir la bonne taille en fonction de nos vid\u00e9os d&#039;instructions intelligentes. Vous avez des questions ou vous ne savez pas quelle taille commander ? Ensuite, vous pouvez toujours nous contacter par mail ou WhatsApp. Nos employ\u00e9s aimeraient vous aider!<\/p>\n<p>&nbsp;<\/p>\n<p>Marque: Versano<br \/>\nLongueur: court<br \/>\nCoupe : coupe ajust\u00e9e<br \/>\nDoublure: 100% polyester<br \/>\n\u00e9paisseur Doublure: 200 grammes align\u00e9s \u00e9pais<br \/>\nLongueur des manches: manches longues<br \/>\nCapuche: doubl\u00e9e, solide<br \/>\nLes plus: coutures renforc\u00e9es<br \/>\nFermeture: fermeture \u00e0 glissi\u00e8re avec rabat de protection, zip avant<br \/>\nsacs zipp\u00e9e poches lat\u00e9rales, \u00e0 l&#039;int\u00e9rieur<br \/>\nFonction: imperm\u00e9able, coupe-vent<br \/>\nmat\u00e9riau couche ext\u00e9rieure: 100% polyester<\/p>\n<p>D\u00e9lai de livraison: 2-3 jours ouvrables<\/p>\n<p>FOURRURE COLLET: En option<\/p>","protected":false},"excerpt":{"rendered":"<p>Si vous n&#039;\u00eates pas s\u00fbr de vos mesures, nous vous recommandons de commencer par mesurer vos mesures de taille et de les comparer avec notre tableau des tailles. Si vous n&#039;avez aucune exp\u00e9rience dans la mesure des tailles de circonf\u00e9rence, cliquez sur\u00a0<a href=\"https:\/\/www.youtube.com\/watch?v=3ZSfY87v6pM\"><em>ICI<\/em>\u00a0<\/a>\u00a0\u00e0\u00a0<a href=\"https:\/\/www.youtube.com\/watch?v=3ZSfY87v6pM\"><em><span style=\"color: red;\">VIDEO<\/span><\/em><\/a>\u00a0\u00a0avec des instructions. Vous pouvez \u00e9galement nous appeler ou nous appliquer directement! Nos employ\u00e9s sont toujours disponibles pour vous aider.<\/p>\n<p><strong>HEURE DE LIVRAISON :<\/strong> 2 \u00e0 3 jours ouvr\u00e9s.<\/p>\n<p><span style=\"color: red;\">INFORMATION IMPORTANTE:<\/span>\u00a0Vous pouvez acheter n&#039;importe quelle veste Versano avec ou sans col en fourrure, le col en fourrure n&#039;est pas inclus.<\/p>","protected":false},"featured_media":35634,"comment_status":"open","ping_status":"closed","template":"","meta":[],"product_brand":[],"product_cat":[2216,2015,1008,331,332,882,1010,1404,1011],"product_tag":[2038,2037,851,2036,2024,2039,2035,2034,2033],"class_list":{"0":"post-35623","1":"product","2":"type-product","3":"status-publish","4":"has-post-thumbnail","6":"product_cat-jongens-jassen-met-bontkraag","7":"product_cat-kinderjas-jongens","8":"product_cat-kinderjas-met-bontkraag","9":"product_cat-kinderjassen","10":"product_cat-kinderjassen-met-bontkraag","11":"product_cat-versano","12":"product_cat-winterjas-met-bontkraag-jongens","13":"product_cat-winterjassen","14":"product_cat-winterjassen-met-bontkraag-jongens","15":"product_tag-bomberjas-jongens","16":"product_tag-jongens-jassen-in-uitverkoop","17":"product_tag-jongens-winterjas","18":"product_tag-kinderjas-in-sale","19":"product_tag-kinderjas-met-bontkraag","20":"product_tag-kinderjas-sale","21":"product_tag-kinderjassen-versano","22":"product_tag-pilotenjas-jongens","23":"product_tag-pilotenjas-kinderen","24":"product_shipping_class-verzendkosten-1","25":"tm-has-options","27":"first","28":"instock","29":"sale","30":"taxable","31":"shipping-taxable","32":"purchasable","33":"product-type-variable"},"yoast_head":"<!-- This site is optimized with the Yoast SEO plugin v27.2 - https:\/\/yoast.com\/product\/yoast-seo-wordpress\/ -->\n<title>Jongens pilot winterjas Levi blauw Versano<\/title>\n<meta name=\"description\" content=\"Ben je op zoek naar een Jongens pilot winterjas Levi blauw Versano ? Kom dan een kijkje nemen op onze website voor kinderjassen.\" \/>\n<meta name=\"robots\" content=\"index, follow, max-snippet:-1, max-image-preview:large, max-video-preview:-1\" \/>\n<link rel=\"canonical\" href=\"https:\/\/versano.nl\/fr\/shop\/jongens-pilot-winterjas-levi-blauw-versano\/\" \/>\n<meta property=\"og:locale\" content=\"fr_FR\" \/>\n<meta property=\"og:type\" content=\"article\" \/>\n<meta property=\"og:title\" content=\"Jongens pilot winterjas Levi blauw Versano\" \/>\n<meta property=\"og:description\" content=\"Ben je op zoek naar een Jongens pilot winterjas Levi blauw Versano ? Kom dan een kijkje nemen op onze website voor kinderjassen.\" \/>\n<meta property=\"og:url\" content=\"https:\/\/versano.nl\/fr\/shop\/jongens-pilot-winterjas-levi-blauw-versano\/\" \/>\n<meta property=\"og:site_name\" content=\"Versano\" \/>\n<meta property=\"article:modified_time\" content=\"2026-03-13T13:36:21+00:00\" \/>\n<meta property=\"og:image\" content=\"https:\/\/versano.nl\/wp-content\/uploads\/2025\/09\/pilot-blauw-3.jpg\" \/>\n\t<meta property=\"og:image:width\" content=\"600\" \/>\n\t<meta property=\"og:image:height\" content=\"800\" \/>\n\t<meta property=\"og:image:type\" content=\"image\/jpeg\" \/>\n<meta name=\"twitter:card\" content=\"summary_large_image\" \/>\n<meta name=\"twitter:label1\" content=\"Dur\u00e9e de lecture estim\u00e9e\" \/>\n\t<meta name=\"twitter:data1\" content=\"2 minutes\" \/>\n<script type=\"application\/ld+json\" class=\"yoast-schema-graph\">{\"@context\":\"https:\/\/schema.org\",\"@graph\":[{\"@type\":\"WebPage\",\"@id\":\"https:\/\/versano.nl\/shop\/jongens-pilot-winterjas-levi-blauw-versano\/\",\"url\":\"https:\/\/versano.nl\/shop\/jongens-pilot-winterjas-levi-blauw-versano\/\",\"name\":\"Jongens pilot winterjas Levi blauw Versano\",\"isPartOf\":{\"@id\":\"https:\/\/versano.nl\/#website\"},\"primaryImageOfPage\":{\"@id\":\"https:\/\/versano.nl\/shop\/jongens-pilot-winterjas-levi-blauw-versano\/#primaryimage\"},\"image\":{\"@id\":\"https:\/\/versano.nl\/shop\/jongens-pilot-winterjas-levi-blauw-versano\/#primaryimage\"},\"thumbnailUrl\":\"https:\/\/versano.nl\/wp-content\/uploads\/2025\/09\/pilot-blauw-3.jpg\",\"datePublished\":\"2025-09-19T10:53:15+00:00\",\"dateModified\":\"2026-03-13T13:36:21+00:00\",\"description\":\"Ben je op zoek naar een Jongens pilot winterjas Levi blauw Versano ? Kom dan een kijkje nemen op onze website voor kinderjassen.\",\"breadcrumb\":{\"@id\":\"https:\/\/versano.nl\/shop\/jongens-pilot-winterjas-levi-blauw-versano\/#breadcrumb\"},\"inLanguage\":\"fr-FR\",\"potentialAction\":[{\"@type\":\"ReadAction\",\"target\":[\"https:\/\/versano.nl\/shop\/jongens-pilot-winterjas-levi-blauw-versano\/\"]}]},{\"@type\":\"ImageObject\",\"inLanguage\":\"fr-FR\",\"@id\":\"https:\/\/versano.nl\/shop\/jongens-pilot-winterjas-levi-blauw-versano\/#primaryimage\",\"url\":\"https:\/\/versano.nl\/wp-content\/uploads\/2025\/09\/pilot-blauw-3.jpg\",\"contentUrl\":\"https:\/\/versano.nl\/wp-content\/uploads\/2025\/09\/pilot-blauw-3.jpg\",\"width\":600,\"height\":800,\"caption\":\"Jongens pilot winterjas Levi blauw Versano\"},{\"@type\":\"BreadcrumbList\",\"@id\":\"https:\/\/versano.nl\/shop\/jongens-pilot-winterjas-levi-blauw-versano\/#breadcrumb\",\"itemListElement\":[{\"@type\":\"ListItem\",\"position\":1,\"name\":\"Home\",\"item\":\"https:\/\/versano.nl\/\"},{\"@type\":\"ListItem\",\"position\":2,\"name\":\"Shop\",\"item\":\"https:\/\/versano.nl\/shop\/\"},{\"@type\":\"ListItem\",\"position\":3,\"name\":\"Jongens pilot winterjas Levi blauw Versano\"}]},{\"@type\":\"WebSite\",\"@id\":\"https:\/\/versano.nl\/#website\",\"url\":\"https:\/\/versano.nl\/\",\"name\":\"Versano\",\"description\":\"winterjassen met bontkraag | leren dames jassen | leren heren jassen\",\"potentialAction\":[{\"@type\":\"SearchAction\",\"target\":{\"@type\":\"EntryPoint\",\"urlTemplate\":\"https:\/\/versano.nl\/?s={search_term_string}\"},\"query-input\":{\"@type\":\"PropertyValueSpecification\",\"valueRequired\":true,\"valueName\":\"search_term_string\"}}],\"inLanguage\":\"fr-FR\"}]}<\/script>\n<!-- \/ Yoast SEO plugin. -->","yoast_head_json":{"title":"Jongens pilot winterjas Levi blauw Versano","description":"Ben je op zoek naar een Jongens pilot winterjas Levi blauw Versano ? Kom dan een kijkje nemen op onze website voor kinderjassen.","robots":{"index":"index","follow":"follow","max-snippet":"max-snippet:-1","max-image-preview":"max-image-preview:large","max-video-preview":"max-video-preview:-1"},"canonical":"https:\/\/versano.nl\/fr\/shop\/jongens-pilot-winterjas-levi-blauw-versano\/","og_locale":"fr_FR","og_type":"article","og_title":"Jongens pilot winterjas Levi blauw Versano","og_description":"Ben je op zoek naar een Jongens pilot winterjas Levi blauw Versano ? Kom dan een kijkje nemen op onze website voor kinderjassen.","og_url":"https:\/\/versano.nl\/fr\/shop\/jongens-pilot-winterjas-levi-blauw-versano\/","og_site_name":"Versano","article_modified_time":"2026-03-13T13:36:21+00:00","og_image":[{"width":600,"height":800,"url":"https:\/\/versano.nl\/wp-content\/uploads\/2025\/09\/pilot-blauw-3.jpg","type":"image\/jpeg"}],"twitter_card":"summary_large_image","twitter_misc":{"Dur\u00e9e de lecture estim\u00e9e":"2 minutes"},"schema":{"@context":"https:\/\/schema.org","@graph":[{"@type":"WebPage","@id":"https:\/\/versano.nl\/shop\/jongens-pilot-winterjas-levi-blauw-versano\/","url":"https:\/\/versano.nl\/shop\/jongens-pilot-winterjas-levi-blauw-versano\/","name":"Jongens pilot winterjas Levi blauw Versano","isPartOf":{"@id":"https:\/\/versano.nl\/#website"},"primaryImageOfPage":{"@id":"https:\/\/versano.nl\/shop\/jongens-pilot-winterjas-levi-blauw-versano\/#primaryimage"},"image":{"@id":"https:\/\/versano.nl\/shop\/jongens-pilot-winterjas-levi-blauw-versano\/#primaryimage"},"thumbnailUrl":"https:\/\/versano.nl\/wp-content\/uploads\/2025\/09\/pilot-blauw-3.jpg","datePublished":"2025-09-19T10:53:15+00:00","dateModified":"2026-03-13T13:36:21+00:00","description":"Ben je op zoek naar een Jongens pilot winterjas Levi blauw Versano ? Kom dan een kijkje nemen op onze website voor kinderjassen.","breadcrumb":{"@id":"https:\/\/versano.nl\/shop\/jongens-pilot-winterjas-levi-blauw-versano\/#breadcrumb"},"inLanguage":"fr-FR","potentialAction":[{"@type":"ReadAction","target":["https:\/\/versano.nl\/shop\/jongens-pilot-winterjas-levi-blauw-versano\/"]}]},{"@type":"ImageObject","inLanguage":"fr-FR","@id":"https:\/\/versano.nl\/shop\/jongens-pilot-winterjas-levi-blauw-versano\/#primaryimage","url":"https:\/\/versano.nl\/wp-content\/uploads\/2025\/09\/pilot-blauw-3.jpg","contentUrl":"https:\/\/versano.nl\/wp-content\/uploads\/2025\/09\/pilot-blauw-3.jpg","width":600,"height":800,"caption":"Jongens pilot winterjas Levi blauw Versano"},{"@type":"BreadcrumbList","@id":"https:\/\/versano.nl\/shop\/jongens-pilot-winterjas-levi-blauw-versano\/#breadcrumb","itemListElement":[{"@type":"ListItem","position":1,"name":"Home","item":"https:\/\/versano.nl\/"},{"@type":"ListItem","position":2,"name":"Shop","item":"https:\/\/versano.nl\/shop\/"},{"@type":"ListItem","position":3,"name":"Jongens pilot winterjas Levi blauw Versano"}]},{"@type":"WebSite","@id":"https:\/\/versano.nl\/#website","url":"https:\/\/versano.nl\/","name":"Versano","description":"manteaux d&#039;hiver avec col en fourrure | vestes femme en cuir | vestes en cuir pour hommes","potentialAction":[{"@type":"SearchAction","target":{"@type":"EntryPoint","urlTemplate":"https:\/\/versano.nl\/?s={search_term_string}"},"query-input":{"@type":"PropertyValueSpecification","valueRequired":true,"valueName":"search_term_string"}}],"inLanguage":"fr-FR"}]}},"_links":{"self":[{"href":"https:\/\/versano.nl\/fr\/wp-json\/wp\/v2\/product\/35623","targetHints":{"allow":["GET"]}}],"collection":[{"href":"https:\/\/versano.nl\/fr\/wp-json\/wp\/v2\/product"}],"about":[{"href":"https:\/\/versano.nl\/fr\/wp-json\/wp\/v2\/types\/product"}],"replies":[{"embeddable":true,"href":"https:\/\/versano.nl\/fr\/wp-json\/wp\/v2\/comments?post=35623"}],"wp:featuredmedia":[{"embeddable":true,"href":"https:\/\/versano.nl\/fr\/wp-json\/wp\/v2\/media\/35634"}],"wp:attachment":[{"href":"https:\/\/versano.nl\/fr\/wp-json\/wp\/v2\/media?parent=35623"}],"wp:term":[{"taxonomy":"product_brand","embeddable":true,"href":"https:\/\/versano.nl\/fr\/wp-json\/wp\/v2\/product_brand?post=35623"},{"taxonomy":"product_cat","embeddable":true,"href":"https:\/\/versano.nl\/fr\/wp-json\/wp\/v2\/product_cat?post=35623"},{"taxonomy":"product_tag","embeddable":true,"href":"https:\/\/versano.nl\/fr\/wp-json\/wp\/v2\/product_tag?post=35623"}],"curies":[{"name":"wp","href":"https:\/\/api.w.org\/{rel}","templated":true}]}}