{"id":35544,"date":"2025-09-17T14:30:34","date_gmt":"2025-09-17T14:30:34","guid":{"rendered":"https:\/\/versano.nl\/?post_type=product&#038;p=35544"},"modified":"2026-04-01T13:32:43","modified_gmt":"2026-04-01T13:32:43","slug":"meisjes-parka-winterjas-harper-zwart-versano","status":"publish","type":"product","link":"https:\/\/versano.nl\/fr\/shop\/meisjes-parka-winterjas-harper-zwart-versano\/","title":{"rendered":"Meisjes parka winterjas Harper zwart Versano"},"content":{"rendered":"<h2>Meisjes parka winterjas Harper zwart Versano<\/h2>\n<p>Bent u op zoek naar een warme maar modieuze kinderjas? Dan raden we zeker dit model aan en u zult er nooit spijt van krijgen! Bij Versano weten ze wel hoe een dergelijke jas ontworpen en geproduceerd moet worden. Deze stoere en originele Meisjes parka winterjas Harper zwart Versano en heeft 2 zakken bij de heup, een rits sluiting en een knoop sluiting. Dit model is ook in de kleur blauw verkrijgbaar . We raden aan om deze kleur ook is te bekijken voordat u uw bestelling plaatst. De jas is met de beste materialen en een special methode gemaakt waardoor hij erg comfortabel aan voelt op uw lichaam qua beweging en zal u ook warm houden in zelfs extreem koud weer. De kraag van Raccoon bont is optioneel (los te bestellen).<strong> LET OP: BONTKRAAG IS NIET INCLUSIEF.<\/strong><\/p>\n<h2>Passer une commande avec Versano<\/h2>\n<p>Vous pouvez facilement commander ce mod\u00e8le dans la boutique en ligne Versano. Nous avons rassembl\u00e9 ici toutes nos vestes pour que vous puissiez facilement passer une commande. Chez Versano, vous pouvez toujours \u00eatre s\u00fbr que vous achetez un beau manteau qui a \u00e9t\u00e9 travaill\u00e9 avec soin. Avec nous, vous pouvez facilement choisir la bonne taille en fonction de nos vid\u00e9os d&#039;instructions intelligentes. Vous avez des questions ou vous ne savez pas quelle taille commander ? Ensuite, vous pouvez toujours nous contacter par mail ou WhatsApp. Nos employ\u00e9s aimeraient vous aider!<\/p>\n<p>&nbsp;<\/p>\n<p>Marque: Versano<br \/>\nlongueur: demi<br \/>\nCoupe: ajust\u00e9e<br \/>\nDoublure: 100% polyester<br \/>\n\u00e9paisseur Doublure: 200 grammes align\u00e9s \u00e9pais<br \/>\nLongueur des manches: manches longues<br \/>\nCapuche: doubl\u00e9e, solide<br \/>\nLes plus: coutures renforc\u00e9es<br \/>\nsluiting: ritssluiting, met beschermflap en knoopsluiting, doorlopende ritssluiting<br \/>\nsacs zipp\u00e9e poches lat\u00e9rales, \u00e0 l&#039;int\u00e9rieur<br \/>\nFonction: imperm\u00e9able, coupe-vent<br \/>\nmat\u00e9riau couche ext\u00e9rieure: 100% polyester<\/p>\n<p>D\u00e9lai de livraison: 2-3 jours ouvrables<\/p>\n<p>FOURRURE COLLET: En option<\/p>","protected":false},"excerpt":{"rendered":"<p>Si vous n&#039;\u00eates pas s\u00fbr de vos mesures, nous vous recommandons de commencer par mesurer vos mesures de taille et de les comparer avec notre tableau des tailles. Si vous n&#039;avez aucune exp\u00e9rience dans la mesure des tailles de circonf\u00e9rence, cliquez sur\u00a0<a href=\"https:\/\/www.youtube.com\/watch?v=3ZSfY87v6pM\"><em><span style=\"text-decoration: none;\">ICI<\/span><\/em>\u00a0<\/a>\u00a0\u00e0\u00a0<a href=\"https:\/\/www.youtube.com\/watch?v=3ZSfY87v6pM\"><em><span style=\"color: red; text-decoration: none;\">VIDEO<\/span><\/em><\/a>\u00a0\u00a0avec des instructions. Vous pouvez \u00e9galement nous appeler ou nous appliquer directement! Nos employ\u00e9s sont toujours disponibles pour vous aider.<\/p>\n<p><strong>HEURE DE LIVRAISON :<\/strong> 2 \u00e0 3 jours ouvr\u00e9s.<\/p>\n<p><span style=\"color: red;\">INFORMATION IMPORTANTE:<\/span>\u00a0Vous pouvez acheter n&#039;importe quelle veste Versano avec ou sans col en fourrure, le col en fourrure n&#039;est pas inclus.<\/p>","protected":false},"featured_media":35554,"comment_status":"open","ping_status":"closed","template":"","meta":[],"product_brand":[],"product_cat":[2014,1008,331,332,2000,882,1143,2219,1041,2053,1404],"product_tag":[2025,2022,2024,848,2023,2021,849,1345,1346,1347,2020],"class_list":{"0":"post-35544","1":"product","2":"type-product","3":"status-publish","4":"has-post-thumbnail","6":"product_cat-kinderjas-meisjes","7":"product_cat-kinderjas-met-bontkraag","8":"product_cat-kinderjassen","9":"product_cat-kinderjassen-met-bontkraag","10":"product_cat-meisjes-jassen-met-bontkraag","11":"product_cat-versano","12":"product_cat-winterjas","13":"product_cat-winterjas-meisjes","14":"product_cat-winterjas-met-bontkraag","15":"product_cat-winterjas-bontkraag-meisjes","16":"product_cat-winterjassen","17":"product_tag-kinderjas-in-uitverkoop","18":"product_tag-kinderjas-meisjes","19":"product_tag-kinderjas-met-bontkraag","20":"product_tag-kinderjassen-met-bontkraag","21":"product_tag-meisjes-winterjas","22":"product_tag-parka-winterjas-meisjes","23":"product_tag-versano-kinderjassen","24":"product_tag-witte-kinder-meisjes-winterjas","25":"product_tag-witte-meisjes-wintejas-met-bont","26":"product_tag-witte-meisjes-winterjas","27":"product_tag-witte-winterjas-meisjes","28":"product_shipping_class-verzendkosten-1","29":"tm-has-options","31":"first","32":"instock","33":"sale","34":"taxable","35":"shipping-taxable","36":"purchasable","37":"product-type-variable"},"yoast_head":"<!-- This site is optimized with the Yoast SEO plugin v27.2 - https:\/\/yoast.com\/product\/yoast-seo-wordpress\/ -->\n<title>Meisjes parka winterjas Harper zwart Versano<\/title>\n<meta name=\"description\" content=\"Ben je op zoek naar een Meisjes parka winterjas Harper zwart Versano, dan zit u bij ons goed, want Versano heeft de leukste kinderjassen\" \/>\n<meta name=\"robots\" content=\"index, follow, max-snippet:-1, max-image-preview:large, max-video-preview:-1\" \/>\n<link rel=\"canonical\" href=\"https:\/\/versano.nl\/fr\/shop\/meisjes-parka-winterjas-harper-zwart-versano\/\" \/>\n<meta property=\"og:locale\" content=\"fr_FR\" \/>\n<meta property=\"og:type\" content=\"article\" \/>\n<meta property=\"og:title\" content=\"Meisjes parka winterjas Harper zwart Versano\" \/>\n<meta property=\"og:description\" content=\"Ben je op zoek naar een Meisjes parka winterjas Harper zwart Versano, dan zit u bij ons goed, want Versano heeft de leukste kinderjassen\" \/>\n<meta property=\"og:url\" content=\"https:\/\/versano.nl\/fr\/shop\/meisjes-parka-winterjas-harper-zwart-versano\/\" \/>\n<meta property=\"og:site_name\" content=\"Versano\" \/>\n<meta property=\"article:modified_time\" content=\"2026-04-01T13:32:43+00:00\" \/>\n<meta property=\"og:image\" content=\"https:\/\/versano.nl\/wp-content\/uploads\/2025\/09\/IMG_8629.jpg\" \/>\n\t<meta property=\"og:image:width\" content=\"601\" \/>\n\t<meta property=\"og:image:height\" content=\"800\" \/>\n\t<meta property=\"og:image:type\" content=\"image\/jpeg\" \/>\n<meta name=\"twitter:card\" content=\"summary_large_image\" \/>\n<meta name=\"twitter:label1\" content=\"Dur\u00e9e de lecture estim\u00e9e\" \/>\n\t<meta name=\"twitter:data1\" content=\"2 minutes\" \/>\n<script type=\"application\/ld+json\" class=\"yoast-schema-graph\">{\"@context\":\"https:\/\/schema.org\",\"@graph\":[{\"@type\":\"WebPage\",\"@id\":\"https:\/\/versano.nl\/shop\/meisjes-parka-winterjas-harper-zwart-versano\/\",\"url\":\"https:\/\/versano.nl\/shop\/meisjes-parka-winterjas-harper-zwart-versano\/\",\"name\":\"Meisjes parka winterjas Harper zwart Versano\",\"isPartOf\":{\"@id\":\"https:\/\/versano.nl\/#website\"},\"primaryImageOfPage\":{\"@id\":\"https:\/\/versano.nl\/shop\/meisjes-parka-winterjas-harper-zwart-versano\/#primaryimage\"},\"image\":{\"@id\":\"https:\/\/versano.nl\/shop\/meisjes-parka-winterjas-harper-zwart-versano\/#primaryimage\"},\"thumbnailUrl\":\"https:\/\/versano.nl\/wp-content\/uploads\/2025\/09\/IMG_8629.jpg\",\"datePublished\":\"2025-09-17T14:30:34+00:00\",\"dateModified\":\"2026-04-01T13:32:43+00:00\",\"description\":\"Ben je op zoek naar een Meisjes parka winterjas Harper zwart Versano, dan zit u bij ons goed, want Versano heeft de leukste kinderjassen\",\"breadcrumb\":{\"@id\":\"https:\/\/versano.nl\/shop\/meisjes-parka-winterjas-harper-zwart-versano\/#breadcrumb\"},\"inLanguage\":\"fr-FR\",\"potentialAction\":[{\"@type\":\"ReadAction\",\"target\":[\"https:\/\/versano.nl\/shop\/meisjes-parka-winterjas-harper-zwart-versano\/\"]}]},{\"@type\":\"ImageObject\",\"inLanguage\":\"fr-FR\",\"@id\":\"https:\/\/versano.nl\/shop\/meisjes-parka-winterjas-harper-zwart-versano\/#primaryimage\",\"url\":\"https:\/\/versano.nl\/wp-content\/uploads\/2025\/09\/IMG_8629.jpg\",\"contentUrl\":\"https:\/\/versano.nl\/wp-content\/uploads\/2025\/09\/IMG_8629.jpg\",\"width\":601,\"height\":800,\"caption\":\"Meisjes parka winterjas Harper zwart Versano\"},{\"@type\":\"BreadcrumbList\",\"@id\":\"https:\/\/versano.nl\/shop\/meisjes-parka-winterjas-harper-zwart-versano\/#breadcrumb\",\"itemListElement\":[{\"@type\":\"ListItem\",\"position\":1,\"name\":\"Home\",\"item\":\"https:\/\/versano.nl\/\"},{\"@type\":\"ListItem\",\"position\":2,\"name\":\"Shop\",\"item\":\"https:\/\/versano.nl\/shop\/\"},{\"@type\":\"ListItem\",\"position\":3,\"name\":\"Meisjes parka winterjas Harper zwart Versano\"}]},{\"@type\":\"WebSite\",\"@id\":\"https:\/\/versano.nl\/#website\",\"url\":\"https:\/\/versano.nl\/\",\"name\":\"Versano\",\"description\":\"winterjassen met bontkraag | leren dames jassen | leren heren jassen\",\"potentialAction\":[{\"@type\":\"SearchAction\",\"target\":{\"@type\":\"EntryPoint\",\"urlTemplate\":\"https:\/\/versano.nl\/?s={search_term_string}\"},\"query-input\":{\"@type\":\"PropertyValueSpecification\",\"valueRequired\":true,\"valueName\":\"search_term_string\"}}],\"inLanguage\":\"fr-FR\"}]}<\/script>\n<!-- \/ Yoast SEO plugin. -->","yoast_head_json":{"title":"Meisjes parka winterjas Harper zwart Versano","description":"Ben je op zoek naar een Meisjes parka winterjas Harper zwart Versano, dan zit u bij ons goed, want Versano heeft de leukste kinderjassen","robots":{"index":"index","follow":"follow","max-snippet":"max-snippet:-1","max-image-preview":"max-image-preview:large","max-video-preview":"max-video-preview:-1"},"canonical":"https:\/\/versano.nl\/fr\/shop\/meisjes-parka-winterjas-harper-zwart-versano\/","og_locale":"fr_FR","og_type":"article","og_title":"Meisjes parka winterjas Harper zwart Versano","og_description":"Ben je op zoek naar een Meisjes parka winterjas Harper zwart Versano, dan zit u bij ons goed, want Versano heeft de leukste kinderjassen","og_url":"https:\/\/versano.nl\/fr\/shop\/meisjes-parka-winterjas-harper-zwart-versano\/","og_site_name":"Versano","article_modified_time":"2026-04-01T13:32:43+00:00","og_image":[{"width":601,"height":800,"url":"https:\/\/versano.nl\/wp-content\/uploads\/2025\/09\/IMG_8629.jpg","type":"image\/jpeg"}],"twitter_card":"summary_large_image","twitter_misc":{"Dur\u00e9e de lecture estim\u00e9e":"2 minutes"},"schema":{"@context":"https:\/\/schema.org","@graph":[{"@type":"WebPage","@id":"https:\/\/versano.nl\/shop\/meisjes-parka-winterjas-harper-zwart-versano\/","url":"https:\/\/versano.nl\/shop\/meisjes-parka-winterjas-harper-zwart-versano\/","name":"Meisjes parka winterjas Harper zwart Versano","isPartOf":{"@id":"https:\/\/versano.nl\/#website"},"primaryImageOfPage":{"@id":"https:\/\/versano.nl\/shop\/meisjes-parka-winterjas-harper-zwart-versano\/#primaryimage"},"image":{"@id":"https:\/\/versano.nl\/shop\/meisjes-parka-winterjas-harper-zwart-versano\/#primaryimage"},"thumbnailUrl":"https:\/\/versano.nl\/wp-content\/uploads\/2025\/09\/IMG_8629.jpg","datePublished":"2025-09-17T14:30:34+00:00","dateModified":"2026-04-01T13:32:43+00:00","description":"Ben je op zoek naar een Meisjes parka winterjas Harper zwart Versano, dan zit u bij ons goed, want Versano heeft de leukste kinderjassen","breadcrumb":{"@id":"https:\/\/versano.nl\/shop\/meisjes-parka-winterjas-harper-zwart-versano\/#breadcrumb"},"inLanguage":"fr-FR","potentialAction":[{"@type":"ReadAction","target":["https:\/\/versano.nl\/shop\/meisjes-parka-winterjas-harper-zwart-versano\/"]}]},{"@type":"ImageObject","inLanguage":"fr-FR","@id":"https:\/\/versano.nl\/shop\/meisjes-parka-winterjas-harper-zwart-versano\/#primaryimage","url":"https:\/\/versano.nl\/wp-content\/uploads\/2025\/09\/IMG_8629.jpg","contentUrl":"https:\/\/versano.nl\/wp-content\/uploads\/2025\/09\/IMG_8629.jpg","width":601,"height":800,"caption":"Meisjes parka winterjas Harper zwart Versano"},{"@type":"BreadcrumbList","@id":"https:\/\/versano.nl\/shop\/meisjes-parka-winterjas-harper-zwart-versano\/#breadcrumb","itemListElement":[{"@type":"ListItem","position":1,"name":"Home","item":"https:\/\/versano.nl\/"},{"@type":"ListItem","position":2,"name":"Shop","item":"https:\/\/versano.nl\/shop\/"},{"@type":"ListItem","position":3,"name":"Meisjes parka winterjas Harper zwart Versano"}]},{"@type":"WebSite","@id":"https:\/\/versano.nl\/#website","url":"https:\/\/versano.nl\/","name":"Versano","description":"manteaux d&#039;hiver avec col en fourrure | vestes femme en cuir | vestes en cuir pour hommes","potentialAction":[{"@type":"SearchAction","target":{"@type":"EntryPoint","urlTemplate":"https:\/\/versano.nl\/?s={search_term_string}"},"query-input":{"@type":"PropertyValueSpecification","valueRequired":true,"valueName":"search_term_string"}}],"inLanguage":"fr-FR"}]}},"_links":{"self":[{"href":"https:\/\/versano.nl\/fr\/wp-json\/wp\/v2\/product\/35544","targetHints":{"allow":["GET"]}}],"collection":[{"href":"https:\/\/versano.nl\/fr\/wp-json\/wp\/v2\/product"}],"about":[{"href":"https:\/\/versano.nl\/fr\/wp-json\/wp\/v2\/types\/product"}],"replies":[{"embeddable":true,"href":"https:\/\/versano.nl\/fr\/wp-json\/wp\/v2\/comments?post=35544"}],"wp:featuredmedia":[{"embeddable":true,"href":"https:\/\/versano.nl\/fr\/wp-json\/wp\/v2\/media\/35554"}],"wp:attachment":[{"href":"https:\/\/versano.nl\/fr\/wp-json\/wp\/v2\/media?parent=35544"}],"wp:term":[{"taxonomy":"product_brand","embeddable":true,"href":"https:\/\/versano.nl\/fr\/wp-json\/wp\/v2\/product_brand?post=35544"},{"taxonomy":"product_cat","embeddable":true,"href":"https:\/\/versano.nl\/fr\/wp-json\/wp\/v2\/product_cat?post=35544"},{"taxonomy":"product_tag","embeddable":true,"href":"https:\/\/versano.nl\/fr\/wp-json\/wp\/v2\/product_tag?post=35544"}],"curies":[{"name":"wp","href":"https:\/\/api.w.org\/{rel}","templated":true}]}}