{"id":35503,"date":"2025-09-17T12:37:11","date_gmt":"2025-09-17T12:37:11","guid":{"rendered":"https:\/\/versano.nl\/?post_type=product&#038;p=35503"},"modified":"2026-04-01T13:29:54","modified_gmt":"2026-04-01T13:29:54","slug":"meisjes-halflange-winterjas-sky-kids-beige-versano","status":"publish","type":"product","link":"https:\/\/versano.nl\/fr\/shop\/meisjes-halflange-winterjas-sky-kids-beige-versano\/","title":{"rendered":"Meisjes halflange winterjas Sky kids beige Versano"},"content":{"rendered":"<h2>Meisjes halflange winterjas Sky kids beige Versano<\/h2>\n<p>Bij Versano weten ze wel hoe een dergelijke jas ontworpen en geproduceerd moet worden. Deze stoere en originele Meisjes halflange winterjas Sky kids beige Versano heeft 4 zijzakken en ritsen aan de zijkanten van de jas. Dit model is ook in meerdere kleuren verkrijgbaar onder andere: zwart en blauw. We raden aan om deze kleuren ook is te bekijken voordat u uw bestelling plaatst. De jas is met de beste materialen en een special methode gemaakt waardoor hij erg comfortabel aan voelt op uw lichaam qua beweging en zal u ook warm houden in zelfs extreem koud weer. De kraag van Raccoon bont is optioneel (los te bestellen).\u00a0 <strong>LET OP: DE BONTKRAAG IS NIET INCLUSIEF<\/strong>. Bent u op zoek naar een warme maar modieuze kinderjas? Dan raden we zeker dit model aan en u zult er nooit spijt van krijgen!<\/p>\n<h2>Commandez une veste d&#039;hiver pour filles chez Versano<\/h2>\n<p>U bestelt dit model eenvoudig in de webshop van Versano. We hebben al onze jassen hier overzichtelijk voor u bij elkaar gezet, zodat u eenvoudig een bestelling kunt maken. Bij Versano bent u er altijd zeker van dat u een mooie jas koopt waar met zorg aan is gewerkt. Bij ons kiest u eenvoudig de juiste maat aan de hand van de maattabel. Mocht u nog vragen hebben of komt u niet uit met welke maat u moet bestellen? Dan kunt u altijd contact met ons opnemen via mail of WhatsApp. Onze medewerkers willen uw graag helpen!<\/p>\n<p>&nbsp;<\/p>\n<p>Marque: Versano<br \/>\nlongueur: demi<br \/>\nCoupe: ajust\u00e9e<br \/>\nDoublure: 100% polyester<br \/>\n\u00e9paisseur Doublure: 200 grammes align\u00e9s \u00e9pais<br \/>\nLongueur des manches: manches longues<br \/>\nCapuche: doubl\u00e9e, solide<br \/>\nLes plus: coutures renforc\u00e9es<br \/>\nsluiting: ritssluiting,\u00a0 doorlopende ritssluiting<br \/>\nsacs zipp\u00e9e poches lat\u00e9rales, \u00e0 l&#039;int\u00e9rieur<br \/>\nFonction: imperm\u00e9able, coupe-vent<br \/>\nmat\u00e9riau couche ext\u00e9rieure: 100% polyester<\/p>\n<p>D\u00e9lai de livraison: 2-3 jours ouvrables<\/p>\n<p>FOURRURE COLLET: En option<\/p>","protected":false},"excerpt":{"rendered":"<p>Si vous n&#039;\u00eates pas s\u00fbr de vos mesures, nous vous recommandons de commencer par mesurer vos mesures de taille et de les comparer avec notre tableau des tailles. Si vous n&#039;avez aucune exp\u00e9rience dans la mesure des tailles de circonf\u00e9rence, cliquez sur\u00a0<a href=\"https:\/\/www.youtube.com\/watch?v=3ZSfY87v6pM\"><em>ICI<\/em>\u00a0<\/a>\u00a0\u00e0\u00a0<a href=\"https:\/\/www.youtube.com\/watch?v=3ZSfY87v6pM\"><em><span style=\"color: red;\">VIDEO<\/span><\/em><\/a>\u00a0\u00a0avec des instructions. Vous pouvez \u00e9galement nous appeler ou nous appliquer directement! Nos employ\u00e9s sont toujours disponibles pour vous aider.<\/p>\n<p><strong>HEURE DE LIVRAISON :<\/strong> 2 \u00e0 3 jours ouvr\u00e9s.<\/p>\n<p><span style=\"color: red;\">INFORMATION IMPORTANTE:<\/span>\u00a0Vous pouvez acheter n&#039;importe quelle veste Versano avec ou sans col en fourrure, le col en fourrure n&#039;est pas inclus.<\/p>","protected":false},"featured_media":36118,"comment_status":"open","ping_status":"closed","template":"","meta":[],"product_brand":[],"product_cat":[2014,1008,331,332,2000,882,1143,2219,2053],"product_tag":[846,2022,2027,1351,2026,849,1345,2028,1350],"class_list":{"0":"post-35503","1":"product","2":"type-product","3":"status-publish","4":"has-post-thumbnail","6":"product_cat-kinderjas-meisjes","7":"product_cat-kinderjas-met-bontkraag","8":"product_cat-kinderjassen","9":"product_cat-kinderjassen-met-bontkraag","10":"product_cat-meisjes-jassen-met-bontkraag","11":"product_cat-versano","12":"product_cat-winterjas","13":"product_cat-winterjas-meisjes","14":"product_cat-winterjas-bontkraag-meisjes","15":"product_tag-kinder-winterjassen","16":"product_tag-kinderjas-meisjes","17":"product_tag-kinderjassen","18":"product_tag-meisjes-winterjassen","19":"product_tag-parka-winterjassen-kinderen","20":"product_tag-versano-kinderjassen","21":"product_tag-witte-kinder-meisjes-winterjas","22":"product_tag-witte-meisjes-jas","23":"product_tag-witte-meisjes-winterjas-met-bont","24":"product_shipping_class-verzendkosten-1","25":"tm-has-options","27":"first","28":"instock","29":"sale","30":"taxable","31":"shipping-taxable","32":"purchasable","33":"product-type-variable"},"yoast_head":"<!-- This site is optimized with the Yoast SEO plugin v27.2 - https:\/\/yoast.com\/product\/yoast-seo-wordpress\/ -->\n<title>Meisjes halflange winterjas Sky kids beige Versano<\/title>\n<meta name=\"description\" content=\"Ben je op zoek naar een Meisjes halflange winterjas Sky kids beige Versano, dan zit u bij ons goed, want Versano heeft de leukste kinderjassen.\" \/>\n<meta name=\"robots\" content=\"index, follow, max-snippet:-1, max-image-preview:large, max-video-preview:-1\" \/>\n<link rel=\"canonical\" href=\"https:\/\/versano.nl\/fr\/shop\/meisjes-halflange-winterjas-sky-kids-beige-versano\/\" \/>\n<meta property=\"og:locale\" content=\"fr_FR\" \/>\n<meta property=\"og:type\" content=\"article\" \/>\n<meta property=\"og:title\" content=\"Meisjes halflange winterjas Sky kids beige Versano\" \/>\n<meta property=\"og:description\" content=\"Ben je op zoek naar een Meisjes halflange winterjas Sky kids beige Versano, dan zit u bij ons goed, want Versano heeft de leukste kinderjassen.\" \/>\n<meta property=\"og:url\" content=\"https:\/\/versano.nl\/fr\/shop\/meisjes-halflange-winterjas-sky-kids-beige-versano\/\" \/>\n<meta property=\"og:site_name\" content=\"Versano\" \/>\n<meta property=\"article:modified_time\" content=\"2026-04-01T13:29:54+00:00\" \/>\n<meta property=\"og:image\" content=\"https:\/\/versano.nl\/wp-content\/uploads\/2025\/09\/sky-kid-beige-1.jpg\" \/>\n\t<meta property=\"og:image:width\" content=\"602\" \/>\n\t<meta property=\"og:image:height\" content=\"800\" \/>\n\t<meta property=\"og:image:type\" content=\"image\/jpeg\" \/>\n<meta name=\"twitter:card\" content=\"summary_large_image\" \/>\n<meta name=\"twitter:label1\" content=\"Dur\u00e9e de lecture estim\u00e9e\" \/>\n\t<meta name=\"twitter:data1\" content=\"2 minutes\" \/>\n<script type=\"application\/ld+json\" class=\"yoast-schema-graph\">{\"@context\":\"https:\/\/schema.org\",\"@graph\":[{\"@type\":\"WebPage\",\"@id\":\"https:\/\/versano.nl\/shop\/meisjes-halflange-winterjas-sky-kids-beige-versano\/\",\"url\":\"https:\/\/versano.nl\/shop\/meisjes-halflange-winterjas-sky-kids-beige-versano\/\",\"name\":\"Meisjes halflange winterjas Sky kids beige Versano\",\"isPartOf\":{\"@id\":\"https:\/\/versano.nl\/#website\"},\"primaryImageOfPage\":{\"@id\":\"https:\/\/versano.nl\/shop\/meisjes-halflange-winterjas-sky-kids-beige-versano\/#primaryimage\"},\"image\":{\"@id\":\"https:\/\/versano.nl\/shop\/meisjes-halflange-winterjas-sky-kids-beige-versano\/#primaryimage\"},\"thumbnailUrl\":\"https:\/\/versano.nl\/wp-content\/uploads\/2025\/09\/sky-kid-beige-1.jpg\",\"datePublished\":\"2025-09-17T12:37:11+00:00\",\"dateModified\":\"2026-04-01T13:29:54+00:00\",\"description\":\"Ben je op zoek naar een Meisjes halflange winterjas Sky kids beige Versano, dan zit u bij ons goed, want Versano heeft de leukste kinderjassen.\",\"breadcrumb\":{\"@id\":\"https:\/\/versano.nl\/shop\/meisjes-halflange-winterjas-sky-kids-beige-versano\/#breadcrumb\"},\"inLanguage\":\"fr-FR\",\"potentialAction\":[{\"@type\":\"ReadAction\",\"target\":[\"https:\/\/versano.nl\/shop\/meisjes-halflange-winterjas-sky-kids-beige-versano\/\"]}]},{\"@type\":\"ImageObject\",\"inLanguage\":\"fr-FR\",\"@id\":\"https:\/\/versano.nl\/shop\/meisjes-halflange-winterjas-sky-kids-beige-versano\/#primaryimage\",\"url\":\"https:\/\/versano.nl\/wp-content\/uploads\/2025\/09\/sky-kid-beige-1.jpg\",\"contentUrl\":\"https:\/\/versano.nl\/wp-content\/uploads\/2025\/09\/sky-kid-beige-1.jpg\",\"width\":602,\"height\":800,\"caption\":\"Meisjes halflange winterjas Sky kids beige Versano\"},{\"@type\":\"BreadcrumbList\",\"@id\":\"https:\/\/versano.nl\/shop\/meisjes-halflange-winterjas-sky-kids-beige-versano\/#breadcrumb\",\"itemListElement\":[{\"@type\":\"ListItem\",\"position\":1,\"name\":\"Home\",\"item\":\"https:\/\/versano.nl\/\"},{\"@type\":\"ListItem\",\"position\":2,\"name\":\"Shop\",\"item\":\"https:\/\/versano.nl\/shop\/\"},{\"@type\":\"ListItem\",\"position\":3,\"name\":\"Meisjes halflange winterjas Sky kids beige Versano\"}]},{\"@type\":\"WebSite\",\"@id\":\"https:\/\/versano.nl\/#website\",\"url\":\"https:\/\/versano.nl\/\",\"name\":\"Versano\",\"description\":\"winterjassen met bontkraag | leren dames jassen | leren heren jassen\",\"potentialAction\":[{\"@type\":\"SearchAction\",\"target\":{\"@type\":\"EntryPoint\",\"urlTemplate\":\"https:\/\/versano.nl\/?s={search_term_string}\"},\"query-input\":{\"@type\":\"PropertyValueSpecification\",\"valueRequired\":true,\"valueName\":\"search_term_string\"}}],\"inLanguage\":\"fr-FR\"}]}<\/script>\n<!-- \/ Yoast SEO plugin. -->","yoast_head_json":{"title":"Meisjes halflange winterjas Sky kids beige Versano","description":"Ben je op zoek naar een Meisjes halflange winterjas Sky kids beige Versano, dan zit u bij ons goed, want Versano heeft de leukste kinderjassen.","robots":{"index":"index","follow":"follow","max-snippet":"max-snippet:-1","max-image-preview":"max-image-preview:large","max-video-preview":"max-video-preview:-1"},"canonical":"https:\/\/versano.nl\/fr\/shop\/meisjes-halflange-winterjas-sky-kids-beige-versano\/","og_locale":"fr_FR","og_type":"article","og_title":"Meisjes halflange winterjas Sky kids beige Versano","og_description":"Ben je op zoek naar een Meisjes halflange winterjas Sky kids beige Versano, dan zit u bij ons goed, want Versano heeft de leukste kinderjassen.","og_url":"https:\/\/versano.nl\/fr\/shop\/meisjes-halflange-winterjas-sky-kids-beige-versano\/","og_site_name":"Versano","article_modified_time":"2026-04-01T13:29:54+00:00","og_image":[{"width":602,"height":800,"url":"https:\/\/versano.nl\/wp-content\/uploads\/2025\/09\/sky-kid-beige-1.jpg","type":"image\/jpeg"}],"twitter_card":"summary_large_image","twitter_misc":{"Dur\u00e9e de lecture estim\u00e9e":"2 minutes"},"schema":{"@context":"https:\/\/schema.org","@graph":[{"@type":"WebPage","@id":"https:\/\/versano.nl\/shop\/meisjes-halflange-winterjas-sky-kids-beige-versano\/","url":"https:\/\/versano.nl\/shop\/meisjes-halflange-winterjas-sky-kids-beige-versano\/","name":"Meisjes halflange winterjas Sky kids beige Versano","isPartOf":{"@id":"https:\/\/versano.nl\/#website"},"primaryImageOfPage":{"@id":"https:\/\/versano.nl\/shop\/meisjes-halflange-winterjas-sky-kids-beige-versano\/#primaryimage"},"image":{"@id":"https:\/\/versano.nl\/shop\/meisjes-halflange-winterjas-sky-kids-beige-versano\/#primaryimage"},"thumbnailUrl":"https:\/\/versano.nl\/wp-content\/uploads\/2025\/09\/sky-kid-beige-1.jpg","datePublished":"2025-09-17T12:37:11+00:00","dateModified":"2026-04-01T13:29:54+00:00","description":"Ben je op zoek naar een Meisjes halflange winterjas Sky kids beige Versano, dan zit u bij ons goed, want Versano heeft de leukste kinderjassen.","breadcrumb":{"@id":"https:\/\/versano.nl\/shop\/meisjes-halflange-winterjas-sky-kids-beige-versano\/#breadcrumb"},"inLanguage":"fr-FR","potentialAction":[{"@type":"ReadAction","target":["https:\/\/versano.nl\/shop\/meisjes-halflange-winterjas-sky-kids-beige-versano\/"]}]},{"@type":"ImageObject","inLanguage":"fr-FR","@id":"https:\/\/versano.nl\/shop\/meisjes-halflange-winterjas-sky-kids-beige-versano\/#primaryimage","url":"https:\/\/versano.nl\/wp-content\/uploads\/2025\/09\/sky-kid-beige-1.jpg","contentUrl":"https:\/\/versano.nl\/wp-content\/uploads\/2025\/09\/sky-kid-beige-1.jpg","width":602,"height":800,"caption":"Meisjes halflange winterjas Sky kids beige Versano"},{"@type":"BreadcrumbList","@id":"https:\/\/versano.nl\/shop\/meisjes-halflange-winterjas-sky-kids-beige-versano\/#breadcrumb","itemListElement":[{"@type":"ListItem","position":1,"name":"Home","item":"https:\/\/versano.nl\/"},{"@type":"ListItem","position":2,"name":"Shop","item":"https:\/\/versano.nl\/shop\/"},{"@type":"ListItem","position":3,"name":"Meisjes halflange winterjas Sky kids beige Versano"}]},{"@type":"WebSite","@id":"https:\/\/versano.nl\/#website","url":"https:\/\/versano.nl\/","name":"Versano","description":"manteaux d&#039;hiver avec col en fourrure | vestes femme en cuir | vestes en cuir pour hommes","potentialAction":[{"@type":"SearchAction","target":{"@type":"EntryPoint","urlTemplate":"https:\/\/versano.nl\/?s={search_term_string}"},"query-input":{"@type":"PropertyValueSpecification","valueRequired":true,"valueName":"search_term_string"}}],"inLanguage":"fr-FR"}]}},"_links":{"self":[{"href":"https:\/\/versano.nl\/fr\/wp-json\/wp\/v2\/product\/35503","targetHints":{"allow":["GET"]}}],"collection":[{"href":"https:\/\/versano.nl\/fr\/wp-json\/wp\/v2\/product"}],"about":[{"href":"https:\/\/versano.nl\/fr\/wp-json\/wp\/v2\/types\/product"}],"replies":[{"embeddable":true,"href":"https:\/\/versano.nl\/fr\/wp-json\/wp\/v2\/comments?post=35503"}],"wp:featuredmedia":[{"embeddable":true,"href":"https:\/\/versano.nl\/fr\/wp-json\/wp\/v2\/media\/36118"}],"wp:attachment":[{"href":"https:\/\/versano.nl\/fr\/wp-json\/wp\/v2\/media?parent=35503"}],"wp:term":[{"taxonomy":"product_brand","embeddable":true,"href":"https:\/\/versano.nl\/fr\/wp-json\/wp\/v2\/product_brand?post=35503"},{"taxonomy":"product_cat","embeddable":true,"href":"https:\/\/versano.nl\/fr\/wp-json\/wp\/v2\/product_cat?post=35503"},{"taxonomy":"product_tag","embeddable":true,"href":"https:\/\/versano.nl\/fr\/wp-json\/wp\/v2\/product_tag?post=35503"}],"curies":[{"name":"wp","href":"https:\/\/api.w.org\/{rel}","templated":true}]}}