{"id":3484,"date":"2015-03-22T16:08:56","date_gmt":"2015-03-22T16:08:56","guid":{"rendered":"http:\/\/leathershopdoci.nl\/shop\/immitatieleren-jas-heren-versano-trr-51-rood\/"},"modified":"2017-09-24T00:21:59","modified_gmt":"2017-09-24T00:21:59","slug":"immitatieleren-jas-heren-versano-trr-51-rood","status":"publish","type":"product","link":"https:\/\/versano.nl\/fr\/shop\/immitatieleren-jas-heren-versano-trr-51-rood\/","title":{"rendered":"Veste en similicuir Hommes Versano TRR 51 Rouge"},"content":{"rendered":"<p>Mati\u00e8re: 100% cuir Rexion<br \/>\nDoublure: 100% polyester<br \/>\nLongueur: court<br \/>\nFit: italienne \u00e9quip\u00e9e (est petit)<br \/>\nFermeture: fermeture \u00e9clair<br \/>\nPoches: poches avec zip<br \/>\nCol: col montant<br \/>\ncouche ext\u00e9rieure Mati\u00e8re: simili cuir souple de tr\u00e8s haute qualit\u00e9<br \/>\nTemps: 1-3 jours<\/p>","protected":false},"excerpt":{"rendered":"<p>Cette imitation \/ manteau de cuir artificiel est fait de rexion en cuir italien. la doctrine de Rexion se compose de tr\u00e8s plastique de haute qualit\u00e9, la couche sup\u00e9rieure est trait\u00e9e exactement comme le vrai cuir et est donc impossible de distinguer en cuir v\u00e9ritable. De plus, la qualit\u00e9 de cette veste en cuir italien rexion est si bon, que la vie dure aussi longtemps que la veste en cuir v\u00e9ritable.<\/p>","protected":false},"featured_media":3486,"comment_status":"closed","ping_status":"closed","template":"","meta":[],"product_brand":[],"product_cat":[16],"product_tag":[61,475,62,64,67,68,74,70],"class_list":{"0":"post-3484","1":"product","2":"type-product","3":"status-publish","4":"has-post-thumbnail","6":"product_cat-imitatieleren-jassen-heren","7":"product_tag-bikerjack","8":"product_tag-heren-imitatieleer-rood","9":"product_tag-heren-jas","10":"product_tag-imitatieleer","11":"product_tag-kunstleer","12":"product_tag-leatherlook-jas","13":"product_tag-rexion-leer","14":"product_tag-stoere-jack","15":"product_shipping_class-verzendkosten-1","16":"tm-no-options","18":"first","19":"outofstock","20":"taxable","21":"shipping-taxable","22":"purchasable","23":"product-type-variable"},"yoast_head":"<!-- This site is optimized with the Yoast SEO plugin v27.2 - https:\/\/yoast.com\/product\/yoast-seo-wordpress\/ -->\n<title>Imitatieleren jas heren Versano TRR 51 Rood - Versano<\/title>\n<meta name=\"robots\" content=\"index, follow, max-snippet:-1, max-image-preview:large, max-video-preview:-1\" \/>\n<link rel=\"canonical\" href=\"https:\/\/versano.nl\/fr\/shop\/immitatieleren-jas-heren-versano-trr-51-rood\/\" \/>\n<meta property=\"og:locale\" content=\"fr_FR\" \/>\n<meta property=\"og:type\" content=\"article\" \/>\n<meta property=\"og:title\" content=\"Imitatieleren jas heren Versano TRR 51 Rood - Versano\" \/>\n<meta property=\"og:description\" content=\"Deze imitatie\/kunstleren jas is gemaakt van Italiaanse rexion leer. Rexion leer bestaat uit zeer hoogwaardige kwaliteit kunststof, waarvan de bovenlaag precies is behandeld zoals bij echt leer en daardoor niet te onderscheiden is van echt leer. Bovendien is de kwaliteit van deze Italiaanse rexion leren jas zo goed, dat de levensduur net zo lang meegaat als echte leren jas.\" \/>\n<meta property=\"og:url\" content=\"https:\/\/versano.nl\/fr\/shop\/immitatieleren-jas-heren-versano-trr-51-rood\/\" \/>\n<meta property=\"og:site_name\" content=\"Versano\" \/>\n<meta property=\"article:modified_time\" content=\"2017-09-24T00:21:59+00:00\" \/>\n<meta property=\"og:image\" content=\"https:\/\/versano.nl\/wp-content\/uploads\/2017\/05\/versano-heren-leatherlook-jas-rood-TRR51-voor.jpg\" \/>\n\t<meta property=\"og:image:width\" content=\"750\" \/>\n\t<meta property=\"og:image:height\" content=\"979\" \/>\n\t<meta property=\"og:image:type\" content=\"image\/jpeg\" \/>\n<meta name=\"twitter:card\" content=\"summary_large_image\" \/>\n<script type=\"application\/ld+json\" class=\"yoast-schema-graph\">{\"@context\":\"https:\/\/schema.org\",\"@graph\":[{\"@type\":\"WebPage\",\"@id\":\"https:\/\/versano.nl\/shop\/immitatieleren-jas-heren-versano-trr-51-rood\/\",\"url\":\"https:\/\/versano.nl\/shop\/immitatieleren-jas-heren-versano-trr-51-rood\/\",\"name\":\"Imitatieleren jas heren Versano TRR 51 Rood - Versano\",\"isPartOf\":{\"@id\":\"https:\/\/versano.nl\/#website\"},\"primaryImageOfPage\":{\"@id\":\"https:\/\/versano.nl\/shop\/immitatieleren-jas-heren-versano-trr-51-rood\/#primaryimage\"},\"image\":{\"@id\":\"https:\/\/versano.nl\/shop\/immitatieleren-jas-heren-versano-trr-51-rood\/#primaryimage\"},\"thumbnailUrl\":\"https:\/\/versano.nl\/wp-content\/uploads\/2017\/05\/versano-heren-leatherlook-jas-rood-TRR51-voor.jpg\",\"datePublished\":\"2015-03-22T16:08:56+00:00\",\"dateModified\":\"2017-09-24T00:21:59+00:00\",\"breadcrumb\":{\"@id\":\"https:\/\/versano.nl\/shop\/immitatieleren-jas-heren-versano-trr-51-rood\/#breadcrumb\"},\"inLanguage\":\"fr-FR\",\"potentialAction\":[{\"@type\":\"ReadAction\",\"target\":[\"https:\/\/versano.nl\/shop\/immitatieleren-jas-heren-versano-trr-51-rood\/\"]}]},{\"@type\":\"ImageObject\",\"inLanguage\":\"fr-FR\",\"@id\":\"https:\/\/versano.nl\/shop\/immitatieleren-jas-heren-versano-trr-51-rood\/#primaryimage\",\"url\":\"https:\/\/versano.nl\/wp-content\/uploads\/2017\/05\/versano-heren-leatherlook-jas-rood-TRR51-voor.jpg\",\"contentUrl\":\"https:\/\/versano.nl\/wp-content\/uploads\/2017\/05\/versano-heren-leatherlook-jas-rood-TRR51-voor.jpg\",\"width\":750,\"height\":979},{\"@type\":\"BreadcrumbList\",\"@id\":\"https:\/\/versano.nl\/shop\/immitatieleren-jas-heren-versano-trr-51-rood\/#breadcrumb\",\"itemListElement\":[{\"@type\":\"ListItem\",\"position\":1,\"name\":\"Home\",\"item\":\"https:\/\/versano.nl\/\"},{\"@type\":\"ListItem\",\"position\":2,\"name\":\"Shop\",\"item\":\"https:\/\/versano.nl\/shop\/\"},{\"@type\":\"ListItem\",\"position\":3,\"name\":\"Imitatieleren jas heren Versano TRR 51 Rood\"}]},{\"@type\":\"WebSite\",\"@id\":\"https:\/\/versano.nl\/#website\",\"url\":\"https:\/\/versano.nl\/\",\"name\":\"Versano\",\"description\":\"winterjassen met bontkraag | leren dames jassen | leren heren jassen\",\"potentialAction\":[{\"@type\":\"SearchAction\",\"target\":{\"@type\":\"EntryPoint\",\"urlTemplate\":\"https:\/\/versano.nl\/?s={search_term_string}\"},\"query-input\":{\"@type\":\"PropertyValueSpecification\",\"valueRequired\":true,\"valueName\":\"search_term_string\"}}],\"inLanguage\":\"fr-FR\"}]}<\/script>\n<!-- \/ Yoast SEO plugin. -->","yoast_head_json":{"title":"Veste en cuir synth\u00e9tique pour hommes Versano TRR 51 Red - Versano","robots":{"index":"index","follow":"follow","max-snippet":"max-snippet:-1","max-image-preview":"max-image-preview:large","max-video-preview":"max-video-preview:-1"},"canonical":"https:\/\/versano.nl\/fr\/shop\/immitatieleren-jas-heren-versano-trr-51-rood\/","og_locale":"fr_FR","og_type":"article","og_title":"Imitatieleren jas heren Versano TRR 51 Rood - Versano","og_description":"Deze imitatie\/kunstleren jas is gemaakt van Italiaanse rexion leer. Rexion leer bestaat uit zeer hoogwaardige kwaliteit kunststof, waarvan de bovenlaag precies is behandeld zoals bij echt leer en daardoor niet te onderscheiden is van echt leer. Bovendien is de kwaliteit van deze Italiaanse rexion leren jas zo goed, dat de levensduur net zo lang meegaat als echte leren jas.","og_url":"https:\/\/versano.nl\/fr\/shop\/immitatieleren-jas-heren-versano-trr-51-rood\/","og_site_name":"Versano","article_modified_time":"2017-09-24T00:21:59+00:00","og_image":[{"width":750,"height":979,"url":"https:\/\/versano.nl\/wp-content\/uploads\/2017\/05\/versano-heren-leatherlook-jas-rood-TRR51-voor.jpg","type":"image\/jpeg"}],"twitter_card":"summary_large_image","schema":{"@context":"https:\/\/schema.org","@graph":[{"@type":"WebPage","@id":"https:\/\/versano.nl\/shop\/immitatieleren-jas-heren-versano-trr-51-rood\/","url":"https:\/\/versano.nl\/shop\/immitatieleren-jas-heren-versano-trr-51-rood\/","name":"Veste en cuir synth\u00e9tique pour hommes Versano TRR 51 Red - Versano","isPartOf":{"@id":"https:\/\/versano.nl\/#website"},"primaryImageOfPage":{"@id":"https:\/\/versano.nl\/shop\/immitatieleren-jas-heren-versano-trr-51-rood\/#primaryimage"},"image":{"@id":"https:\/\/versano.nl\/shop\/immitatieleren-jas-heren-versano-trr-51-rood\/#primaryimage"},"thumbnailUrl":"https:\/\/versano.nl\/wp-content\/uploads\/2017\/05\/versano-heren-leatherlook-jas-rood-TRR51-voor.jpg","datePublished":"2015-03-22T16:08:56+00:00","dateModified":"2017-09-24T00:21:59+00:00","breadcrumb":{"@id":"https:\/\/versano.nl\/shop\/immitatieleren-jas-heren-versano-trr-51-rood\/#breadcrumb"},"inLanguage":"fr-FR","potentialAction":[{"@type":"ReadAction","target":["https:\/\/versano.nl\/shop\/immitatieleren-jas-heren-versano-trr-51-rood\/"]}]},{"@type":"ImageObject","inLanguage":"fr-FR","@id":"https:\/\/versano.nl\/shop\/immitatieleren-jas-heren-versano-trr-51-rood\/#primaryimage","url":"https:\/\/versano.nl\/wp-content\/uploads\/2017\/05\/versano-heren-leatherlook-jas-rood-TRR51-voor.jpg","contentUrl":"https:\/\/versano.nl\/wp-content\/uploads\/2017\/05\/versano-heren-leatherlook-jas-rood-TRR51-voor.jpg","width":750,"height":979},{"@type":"BreadcrumbList","@id":"https:\/\/versano.nl\/shop\/immitatieleren-jas-heren-versano-trr-51-rood\/#breadcrumb","itemListElement":[{"@type":"ListItem","position":1,"name":"Home","item":"https:\/\/versano.nl\/"},{"@type":"ListItem","position":2,"name":"Shop","item":"https:\/\/versano.nl\/shop\/"},{"@type":"ListItem","position":3,"name":"Imitatieleren jas heren Versano TRR 51 Rood"}]},{"@type":"WebSite","@id":"https:\/\/versano.nl\/#website","url":"https:\/\/versano.nl\/","name":"Versano","description":"manteaux d&#039;hiver avec col en fourrure | vestes femme en cuir | vestes en cuir pour hommes","potentialAction":[{"@type":"SearchAction","target":{"@type":"EntryPoint","urlTemplate":"https:\/\/versano.nl\/?s={search_term_string}"},"query-input":{"@type":"PropertyValueSpecification","valueRequired":true,"valueName":"search_term_string"}}],"inLanguage":"fr-FR"}]}},"_links":{"self":[{"href":"https:\/\/versano.nl\/fr\/wp-json\/wp\/v2\/product\/3484","targetHints":{"allow":["GET"]}}],"collection":[{"href":"https:\/\/versano.nl\/fr\/wp-json\/wp\/v2\/product"}],"about":[{"href":"https:\/\/versano.nl\/fr\/wp-json\/wp\/v2\/types\/product"}],"replies":[{"embeddable":true,"href":"https:\/\/versano.nl\/fr\/wp-json\/wp\/v2\/comments?post=3484"}],"wp:featuredmedia":[{"embeddable":true,"href":"https:\/\/versano.nl\/fr\/wp-json\/wp\/v2\/media\/3486"}],"wp:attachment":[{"href":"https:\/\/versano.nl\/fr\/wp-json\/wp\/v2\/media?parent=3484"}],"wp:term":[{"taxonomy":"product_brand","embeddable":true,"href":"https:\/\/versano.nl\/fr\/wp-json\/wp\/v2\/product_brand?post=3484"},{"taxonomy":"product_cat","embeddable":true,"href":"https:\/\/versano.nl\/fr\/wp-json\/wp\/v2\/product_cat?post=3484"},{"taxonomy":"product_tag","embeddable":true,"href":"https:\/\/versano.nl\/fr\/wp-json\/wp\/v2\/product_tag?post=3484"}],"curies":[{"name":"wp","href":"https:\/\/api.w.org\/{rel}","templated":true}]}}