{"id":343,"date":"2017-04-12T19:38:16","date_gmt":"2017-04-12T19:38:16","guid":{"rendered":"https:\/\/leathershopdoci.nl\/shop\/imitatieleren-dames-jas-zwart-miami-new\/"},"modified":"2026-04-30T13:34:46","modified_gmt":"2026-04-30T13:34:46","slug":"imitatieleren-dames-jas-zwart-miami-new","status":"publish","type":"product","link":"https:\/\/versano.nl\/fr\/shop\/imitatieleren-dames-jas-zwart-miami-new\/","title":{"rendered":"Veste femme en similicuir noir Miami Versano"},"content":{"rendered":"<h2>Veste femme en similicuir noir Miami Versano<\/h2>\n<p>Vous cherchez un mod\u00e8le cool de veste pour femme au look motard, mais en simili cuir ou simili cuir ? Alors nous vous recommandons de jeter un \u0153il \u00e0 cette veste Versano. C&#039;est une belle veste qui a l&#039;air parfaite dans tous les d\u00e9tails et qui vous ira tout aussi parfaitement. Les concepteurs ont con\u00e7u la veste enti\u00e8rement en italien, de sorte que vous obtenez une veste qui s&#039;adaptera parfaitement \u00e0 votre corps. En plus de la couleur noire \u00e9l\u00e9gante, nous vendons \u00e9galement cette veste dans six autres couleurs diff\u00e9rentes. Avec cette veste, vous \u00eates \u00e9galement bien \u00e9quip\u00e9 en termes de poches. La veste femme en similicuir noir Miami Versano est \u00e9quip\u00e9e de deux poches lat\u00e9rales et de deux poches poitrine, que vous pouvez fermer avec une fermeture \u00e9clair. La veste a \u00e9galement une poche int\u00e9rieure pratique. C&#039;est encore l&#039;un des beaux mod\u00e8les de la collection de blousons en simili cuir, mais pour ceux qui ne se suffisent pas, nous avons la version en cuir d&#039;agneau du Miami. Vous pouvez facilement trouver la bonne taille sur notre site Web en utilisant le tableau des tailles et la vid\u00e9o pratique.<\/p>\n<h2>Commander le mod\u00e8le Miami en noir<\/h2>\n<p>Avec une si belle veste Versano, vous pouvez \u00eatre s\u00fbr que vous pourrez la porter tout l&#039;hiver. Vous pouvez facilement commander ce mod\u00e8le dans la boutique en ligne Versano. Nous avons rassembl\u00e9 ici toutes nos vestes pour que vous puissiez facilement passer une commande. Chez Versano, vous pouvez toujours \u00eatre s\u00fbr que vous achetez un beau manteau qui a \u00e9t\u00e9 travaill\u00e9 avec soin. Avec nous, vous pouvez facilement choisir la bonne taille en fonction de nos vid\u00e9os d&#039;instructions intelligentes. Vous avez des questions ou vous ne savez pas quelle taille commander ? Ensuite, vous pouvez toujours nous contacter par mail ou WhatsApp. Nos employ\u00e9s aimeraient vous aider!<\/p>\n<p>marque: <a href=\"https:\/\/versano.nl\/\" target=\"_blank\" rel=\"noopener noreferrer\">Versano<\/a><br \/>\nMat\u00e9riau: simili cuir 100%<br \/>\nDoublure: 100% polyester<br \/>\nLongueur: court<br \/>\nCoupe: ajust\u00e9e<br \/>\nFermeture: fermeture \u00e9clair<br \/>\nPoches: poches avec zip<br \/>\nCol: col montant<br \/>\nMat\u00e9riau couche ext\u00e9rieure: imitation cuir de tr\u00e8s haute qualit\u00e9 et souple<br \/>\nD\u00e9lai de livraison: 2-3 jours ouvrables<\/p>","protected":false},"excerpt":{"rendered":"<p>CHOISISSEZ UNE AUTRE COULEUR ICI<\/p>\n<p><a href=\"https:\/\/versano.nl\/shop\/imitatieleren-dames-jas-blauw-miami-new\/\"><img loading=\"lazy\" decoding=\"async\" class=\"alignnone size-full wp-image-19887\" src=\"https:\/\/versano.nl\/wp-content\/uploads\/sites\/2\/2019\/06\/dames-imitatieleren-jas-blauw-versano-miami-thumb.jpg\" alt=\"\" width=\"58\" height=\"75\" \/><\/a><a href=\"https:\/\/versano.nl\/shop\/imitatieleren-dames-jas-bruin-miami-new\/\"><img loading=\"lazy\" decoding=\"async\" class=\"alignnone size-full wp-image-19888\" src=\"https:\/\/versano.nl\/wp-content\/uploads\/sites\/2\/2019\/06\/dames-imitatieleren-jas-bruin-versano-miami-thumb.jpg\" alt=\"\" width=\"58\" height=\"75\" \/><\/a><a href=\"https:\/\/versano.nl\/shop\/imitatieleren-dames-jas-cognac-miami-new\/\"><img loading=\"lazy\" decoding=\"async\" class=\"alignnone size-full wp-image-19889\" src=\"https:\/\/versano.nl\/wp-content\/uploads\/sites\/2\/2019\/06\/dames-imitatieleren-jas-cognac-versano-miami-thumb.jpg\" alt=\"\" width=\"58\" height=\"75\" \/><\/a><a href=\"https:\/\/versano.nl\/shop\/imitatieleren-dames-jas-tan-miami-new\/\"><img loading=\"lazy\" decoding=\"async\" class=\"alignnone size-full wp-image-19890\" src=\"https:\/\/versano.nl\/wp-content\/uploads\/sites\/2\/2019\/06\/dames-imitatieleren-jas-lichtbruin-versano-miami-thumb.jpg\" alt=\"\" width=\"58\" height=\"75\" \/><\/a><a href=\"https:\/\/versano.nl\/shop\/imitatieleren-dames-jas-rood-miami-new\/\"><img loading=\"lazy\" decoding=\"async\" class=\"alignnone size-full wp-image-19891\" src=\"https:\/\/versano.nl\/wp-content\/uploads\/sites\/2\/2019\/06\/dames-imitatieleren-jas-rood-versano-miami-thumb.jpg\" alt=\"\" width=\"58\" height=\"75\" \/><\/a><a href=\"https:\/\/versano.nl\/shop\/imitatieleren-dames-jasje-biker-model-groen-miami-versano\/\"><img loading=\"lazy\" decoding=\"async\" class=\"alignnone size-full wp-image-19893\" src=\"https:\/\/versano.nl\/wp-content\/uploads\/sites\/2\/2019\/06\/groene-imitatieleren-dames-jas-biker-model-versano-miami-thumb.jpg\" alt=\"\" width=\"57\" height=\"75\" \/><\/a><\/p>\n<p><span style=\"color: red;\">Conseils d&#039;ajustement:<\/span> La coupe de cette veste est bien ajust\u00e9e. Notre mannequin mesure 1,68 cm et porte une taille S.<\/p>\n<p>Si vous n&#039;\u00eates pas s\u00fbr de vos mesures, nous vous recommandons de commencer par mesurer vos mesures de taille et de les comparer avec notre tableau des tailles. Si vous n&#039;avez aucune exp\u00e9rience dans la mesure des tailles de circonf\u00e9rence, cliquez sur <a href=\"https:\/\/www.youtube.com\/watch?v=3ZSfY87v6pM\"><em><span style=\"text-decoration: none;\">ICI<\/span><\/em>\u00a0<\/a>\u00a0\u00e0 <a href=\"https:\/\/www.youtube.com\/watch?v=3ZSfY87v6pM\"><em><span style=\"color: red; text-decoration: none;\">VIDEO<\/span><\/em><\/a>\u00a0 avec des instructions. Vous pouvez \u00e9galement nous appeler ou nous appliquer directement! Nos employ\u00e9s sont toujours disponibles pour vous aider.<\/p>\n<p><strong><span style=\"color: black;\">HEURE DE LIVRAISON :<\/span><\/strong> 2 \u00e0 3 jours ouvr\u00e9s.<\/p>","protected":false},"featured_media":32440,"comment_status":"closed","ping_status":"closed","template":"","meta":[],"product_brand":[],"product_cat":[1472,1487,1840,923,15,124],"product_tag":[143,1886,131,95,144,145,98,142,101,1838,1856,1813,1887,1888],"class_list":{"0":"post-343","1":"product","2":"type-product","3":"status-publish","4":"has-post-thumbnail","6":"product_cat-biker-jas-dames","7":"product_cat-dames-biker-jas","8":"product_cat-dames-imitatie-leren-jas","9":"product_cat-imitatie-leren-jas","10":"product_cat-imitatieleren-jassen","11":"product_cat-imitatieleren-jassen-dames","12":"product_tag-dames-imitatieleer-zwart","13":"product_tag-imitatie-leren-dames-jas","14":"product_tag-imitatieleren-motorlook-dames-jas","15":"product_tag-korte-leren-jassen","16":"product_tag-leatherlook-dames-jas-zwart","17":"product_tag-lederlook-dames-jas-zwart","18":"product_tag-leren-jasje","19":"product_tag-online-dames-leren-jassen","20":"product_tag-online-leren-jassen","21":"product_tag-versano-jassen-in-sale","22":"product_tag-versano-uitverkoop","23":"product_tag-zomerjassen-dames","24":"product_tag-zomerjassen-uitverkoop","25":"product_tag-zwarte-imitatie-leren-dames-jas","26":"product_shipping_class-verzendkosten-1","27":"tm-no-options","29":"first","30":"instock","31":"sale","32":"taxable","33":"shipping-taxable","34":"purchasable","35":"product-type-variable","36":"has-default-attributes"},"yoast_head":"<!-- This site is optimized with the Yoast SEO plugin v27.2 - https:\/\/yoast.com\/product\/yoast-seo-wordpress\/ -->\n<title>Imitatie leren dames jas Zwart Miami Versano, imitatie leren dames jas<\/title>\n<meta name=\"description\" content=\"Deze Imitatie leren dames jas Zwart Miami Versano jas is gemaakt van Italiaanse rexion leer en verkrijgbaar in verschillende kleuren.\" \/>\n<meta name=\"robots\" content=\"index, follow, max-snippet:-1, max-image-preview:large, max-video-preview:-1\" \/>\n<link rel=\"canonical\" href=\"https:\/\/versano.nl\/fr\/shop\/imitatieleren-dames-jas-zwart-miami-new\/\" \/>\n<meta property=\"og:locale\" content=\"fr_FR\" \/>\n<meta property=\"og:type\" content=\"article\" \/>\n<meta property=\"og:title\" content=\"Imitatie leren dames jas Zwart Miami Versano, imitatie leren dames jas\" \/>\n<meta property=\"og:description\" content=\"Deze Imitatie leren dames jas Zwart Miami Versano jas is gemaakt van Italiaanse rexion leer en verkrijgbaar in verschillende kleuren.\" \/>\n<meta property=\"og:url\" content=\"https:\/\/versano.nl\/fr\/shop\/imitatieleren-dames-jas-zwart-miami-new\/\" \/>\n<meta property=\"og:site_name\" content=\"Versano\" \/>\n<meta property=\"article:modified_time\" content=\"2026-04-30T13:34:46+00:00\" \/>\n<meta property=\"og:image\" content=\"https:\/\/versano.nl\/wp-content\/uploads\/2017\/04\/miami-zwart.jpg\" \/>\n\t<meta property=\"og:image:width\" content=\"900\" \/>\n\t<meta property=\"og:image:height\" content=\"1176\" \/>\n\t<meta property=\"og:image:type\" content=\"image\/jpeg\" \/>\n<meta name=\"twitter:card\" content=\"summary_large_image\" \/>\n<meta name=\"twitter:label1\" content=\"Dur\u00e9e de lecture estim\u00e9e\" \/>\n\t<meta name=\"twitter:data1\" content=\"2 minutes\" \/>\n<script type=\"application\/ld+json\" class=\"yoast-schema-graph\">{\"@context\":\"https:\/\/schema.org\",\"@graph\":[{\"@type\":\"WebPage\",\"@id\":\"https:\/\/versano.nl\/shop\/imitatieleren-dames-jas-zwart-miami-new\/\",\"url\":\"https:\/\/versano.nl\/shop\/imitatieleren-dames-jas-zwart-miami-new\/\",\"name\":\"Imitatie leren dames jas Zwart Miami Versano, imitatie leren dames jas\",\"isPartOf\":{\"@id\":\"https:\/\/versano.nl\/#website\"},\"primaryImageOfPage\":{\"@id\":\"https:\/\/versano.nl\/shop\/imitatieleren-dames-jas-zwart-miami-new\/#primaryimage\"},\"image\":{\"@id\":\"https:\/\/versano.nl\/shop\/imitatieleren-dames-jas-zwart-miami-new\/#primaryimage\"},\"thumbnailUrl\":\"https:\/\/versano.nl\/wp-content\/uploads\/2017\/04\/miami-zwart.jpg\",\"datePublished\":\"2017-04-12T19:38:16+00:00\",\"dateModified\":\"2026-04-30T13:34:46+00:00\",\"description\":\"Deze Imitatie leren dames jas Zwart Miami Versano jas is gemaakt van Italiaanse rexion leer en verkrijgbaar in verschillende kleuren.\",\"breadcrumb\":{\"@id\":\"https:\/\/versano.nl\/shop\/imitatieleren-dames-jas-zwart-miami-new\/#breadcrumb\"},\"inLanguage\":\"fr-FR\",\"potentialAction\":[{\"@type\":\"ReadAction\",\"target\":[\"https:\/\/versano.nl\/shop\/imitatieleren-dames-jas-zwart-miami-new\/\"]}]},{\"@type\":\"ImageObject\",\"inLanguage\":\"fr-FR\",\"@id\":\"https:\/\/versano.nl\/shop\/imitatieleren-dames-jas-zwart-miami-new\/#primaryimage\",\"url\":\"https:\/\/versano.nl\/wp-content\/uploads\/2017\/04\/miami-zwart.jpg\",\"contentUrl\":\"https:\/\/versano.nl\/wp-content\/uploads\/2017\/04\/miami-zwart.jpg\",\"width\":900,\"height\":1176},{\"@type\":\"BreadcrumbList\",\"@id\":\"https:\/\/versano.nl\/shop\/imitatieleren-dames-jas-zwart-miami-new\/#breadcrumb\",\"itemListElement\":[{\"@type\":\"ListItem\",\"position\":1,\"name\":\"Home\",\"item\":\"https:\/\/versano.nl\/\"},{\"@type\":\"ListItem\",\"position\":2,\"name\":\"Shop\",\"item\":\"https:\/\/versano.nl\/shop\/\"},{\"@type\":\"ListItem\",\"position\":3,\"name\":\"Imitatie leren dames jas zwart Miami Versano\"}]},{\"@type\":\"WebSite\",\"@id\":\"https:\/\/versano.nl\/#website\",\"url\":\"https:\/\/versano.nl\/\",\"name\":\"Versano\",\"description\":\"winterjassen met bontkraag | leren dames jassen | leren heren jassen\",\"potentialAction\":[{\"@type\":\"SearchAction\",\"target\":{\"@type\":\"EntryPoint\",\"urlTemplate\":\"https:\/\/versano.nl\/?s={search_term_string}\"},\"query-input\":{\"@type\":\"PropertyValueSpecification\",\"valueRequired\":true,\"valueName\":\"search_term_string\"}}],\"inLanguage\":\"fr-FR\"}]}<\/script>\n<!-- \/ Yoast SEO plugin. -->","yoast_head_json":{"title":"Veste femme en similicuir Noir Miami Versano, veste femme en similicuir","description":"Cette veste en similicuir pour femme Black Miami Versano est fabriqu\u00e9e en cuir italien rexion et disponible en diff\u00e9rentes couleurs.","robots":{"index":"index","follow":"follow","max-snippet":"max-snippet:-1","max-image-preview":"max-image-preview:large","max-video-preview":"max-video-preview:-1"},"canonical":"https:\/\/versano.nl\/fr\/shop\/imitatieleren-dames-jas-zwart-miami-new\/","og_locale":"fr_FR","og_type":"article","og_title":"Imitatie leren dames jas Zwart Miami Versano, imitatie leren dames jas","og_description":"Deze Imitatie leren dames jas Zwart Miami Versano jas is gemaakt van Italiaanse rexion leer en verkrijgbaar in verschillende kleuren.","og_url":"https:\/\/versano.nl\/fr\/shop\/imitatieleren-dames-jas-zwart-miami-new\/","og_site_name":"Versano","article_modified_time":"2026-04-30T13:34:46+00:00","og_image":[{"width":900,"height":1176,"url":"https:\/\/versano.nl\/wp-content\/uploads\/2017\/04\/miami-zwart.jpg","type":"image\/jpeg"}],"twitter_card":"summary_large_image","twitter_misc":{"Dur\u00e9e de lecture estim\u00e9e":"2 minutes"},"schema":{"@context":"https:\/\/schema.org","@graph":[{"@type":"WebPage","@id":"https:\/\/versano.nl\/shop\/imitatieleren-dames-jas-zwart-miami-new\/","url":"https:\/\/versano.nl\/shop\/imitatieleren-dames-jas-zwart-miami-new\/","name":"Veste femme en similicuir Noir Miami Versano, veste femme en similicuir","isPartOf":{"@id":"https:\/\/versano.nl\/#website"},"primaryImageOfPage":{"@id":"https:\/\/versano.nl\/shop\/imitatieleren-dames-jas-zwart-miami-new\/#primaryimage"},"image":{"@id":"https:\/\/versano.nl\/shop\/imitatieleren-dames-jas-zwart-miami-new\/#primaryimage"},"thumbnailUrl":"https:\/\/versano.nl\/wp-content\/uploads\/2017\/04\/miami-zwart.jpg","datePublished":"2017-04-12T19:38:16+00:00","dateModified":"2026-04-30T13:34:46+00:00","description":"Cette veste en similicuir pour femme Black Miami Versano est fabriqu\u00e9e en cuir italien rexion et disponible en diff\u00e9rentes couleurs.","breadcrumb":{"@id":"https:\/\/versano.nl\/shop\/imitatieleren-dames-jas-zwart-miami-new\/#breadcrumb"},"inLanguage":"fr-FR","potentialAction":[{"@type":"ReadAction","target":["https:\/\/versano.nl\/shop\/imitatieleren-dames-jas-zwart-miami-new\/"]}]},{"@type":"ImageObject","inLanguage":"fr-FR","@id":"https:\/\/versano.nl\/shop\/imitatieleren-dames-jas-zwart-miami-new\/#primaryimage","url":"https:\/\/versano.nl\/wp-content\/uploads\/2017\/04\/miami-zwart.jpg","contentUrl":"https:\/\/versano.nl\/wp-content\/uploads\/2017\/04\/miami-zwart.jpg","width":900,"height":1176},{"@type":"BreadcrumbList","@id":"https:\/\/versano.nl\/shop\/imitatieleren-dames-jas-zwart-miami-new\/#breadcrumb","itemListElement":[{"@type":"ListItem","position":1,"name":"Home","item":"https:\/\/versano.nl\/"},{"@type":"ListItem","position":2,"name":"Shop","item":"https:\/\/versano.nl\/shop\/"},{"@type":"ListItem","position":3,"name":"Imitatie leren dames jas zwart Miami Versano"}]},{"@type":"WebSite","@id":"https:\/\/versano.nl\/#website","url":"https:\/\/versano.nl\/","name":"Versano","description":"manteaux d&#039;hiver avec col en fourrure | vestes femme en cuir | vestes en cuir pour hommes","potentialAction":[{"@type":"SearchAction","target":{"@type":"EntryPoint","urlTemplate":"https:\/\/versano.nl\/?s={search_term_string}"},"query-input":{"@type":"PropertyValueSpecification","valueRequired":true,"valueName":"search_term_string"}}],"inLanguage":"fr-FR"}]}},"_links":{"self":[{"href":"https:\/\/versano.nl\/fr\/wp-json\/wp\/v2\/product\/343","targetHints":{"allow":["GET"]}}],"collection":[{"href":"https:\/\/versano.nl\/fr\/wp-json\/wp\/v2\/product"}],"about":[{"href":"https:\/\/versano.nl\/fr\/wp-json\/wp\/v2\/types\/product"}],"replies":[{"embeddable":true,"href":"https:\/\/versano.nl\/fr\/wp-json\/wp\/v2\/comments?post=343"}],"wp:featuredmedia":[{"embeddable":true,"href":"https:\/\/versano.nl\/fr\/wp-json\/wp\/v2\/media\/32440"}],"wp:attachment":[{"href":"https:\/\/versano.nl\/fr\/wp-json\/wp\/v2\/media?parent=343"}],"wp:term":[{"taxonomy":"product_brand","embeddable":true,"href":"https:\/\/versano.nl\/fr\/wp-json\/wp\/v2\/product_brand?post=343"},{"taxonomy":"product_cat","embeddable":true,"href":"https:\/\/versano.nl\/fr\/wp-json\/wp\/v2\/product_cat?post=343"},{"taxonomy":"product_tag","embeddable":true,"href":"https:\/\/versano.nl\/fr\/wp-json\/wp\/v2\/product_tag?post=343"}],"curies":[{"name":"wp","href":"https:\/\/api.w.org\/{rel}","templated":true}]}}