{"id":3311,"date":"2015-03-22T17:39:50","date_gmt":"2015-03-22T17:39:50","guid":{"rendered":"http:\/\/leathershopdoci.nl\/shop\/immitatieleren-jas-dames-versano-lr-318-blauw\/"},"modified":"2020-03-09T15:50:23","modified_gmt":"2020-03-09T15:50:23","slug":"dames-jas-imitatieleer-blauw-versano-318","status":"publish","type":"product","link":"https:\/\/versano.nl\/fr\/shop\/dames-jas-imitatieleer-blauw-versano-318\/","title":{"rendered":"Mesdames simili cuir veste bleue Versano 318"},"content":{"rendered":"<h2>Mesdames simili cuir veste bleue Versano 318<\/h2>\n<p>marque: <a href=\"https:\/\/versano.nl\">Versano<\/a><br \/>\nMati\u00e8re: 100% cuir Rexion<br \/>\nDoublure: 100% polyester<br \/>\nLongueur: court<br \/>\nFit: Int\u00e9gr\u00e9 italienne<br \/>\nFermeture: fermeture \u00e9clair<br \/>\nPoches: poches avec zip<br \/>\nCol: col montant<br \/>\ncouche ext\u00e9rieure Mati\u00e8re: simili cuir souple de tr\u00e8s haute qualit\u00e9<br \/>\nTemps: 1-3 jours<\/p>","protected":false},"excerpt":{"rendered":"<p>Dames jas imitatieleer blauw Versano 318 Merk: Versano Materiaal: 100%\u00a0Rexion leer Voering: 100% polyester lengte: kort Pasvorm: Italiaans getailleerd sluiting: ritssluiting zakken: insteekzakken met ritssluiting Kraag: staande kraag Materiaal buitenlaag: Zeer hoge kwaliteit zacht\u00a0imitatieleer Levertijd: 1-3 dagen<\/p>","protected":false},"featured_media":3313,"comment_status":"closed","ping_status":"closed","template":"","meta":[],"product_brand":[],"product_cat":[15,124],"product_tag":[61,490,491,492,133,191,493,494,64,495,496,497,67,68],"class_list":{"0":"post-3311","1":"product","2":"type-product","3":"status-publish","4":"has-post-thumbnail","6":"product_cat-imitatieleren-jassen","7":"product_cat-imitatieleren-jassen-dames","8":"product_tag-bikerjack","9":"product_tag-blauwe-dames-bikerjack","10":"product_tag-blauwe-imitatieleren-dames-jack","11":"product_tag-blauwe-imitatieleren-dames-jas","12":"product_tag-dames-imitatieleren-jas-blauw","13":"product_tag-dames-jas","14":"product_tag-dames-motorjack-blauw","15":"product_tag-imitatie-leren-jas-blauw","16":"product_tag-imitatieleer","17":"product_tag-imitatieleer-dames-blauw","18":"product_tag-imitatieleren-dames-jas-blauw","19":"product_tag-imitatieleren-dames-jasje-blauw","20":"product_tag-kunstleer","21":"product_tag-leatherlook-jas","22":"product_shipping_class-verzendkosten-1","23":"tm-no-options","25":"first","26":"outofstock","27":"taxable","28":"shipping-taxable","29":"product-type-variable"},"yoast_head":"<!-- This site is optimized with the Yoast SEO plugin v27.2 - https:\/\/yoast.com\/product\/yoast-seo-wordpress\/ -->\n<title>Dames jas imitatieleer blauw Versano 318, damesjasje lederlook, dames jas leatherlook<\/title>\n<meta name=\"description\" content=\"Deze dames jas imitatieleer blauw Versano 318 is gemaakt van Italiaanse rexion leer. Rexion leer bestaat uit zeer hoogwaardige kwaliteit kunststof\" \/>\n<meta name=\"robots\" content=\"index, follow, max-snippet:-1, max-image-preview:large, max-video-preview:-1\" \/>\n<link rel=\"canonical\" href=\"https:\/\/versano.nl\/fr\/shop\/dames-jas-imitatieleer-blauw-versano-318\/\" \/>\n<meta property=\"og:locale\" content=\"fr_FR\" \/>\n<meta property=\"og:type\" content=\"article\" \/>\n<meta property=\"og:title\" content=\"Dames jas imitatieleer blauw Versano 318, damesjasje lederlook, dames jas leatherlook\" \/>\n<meta property=\"og:description\" content=\"Deze dames jas imitatieleer blauw Versano 318 is gemaakt van Italiaanse rexion leer. Rexion leer bestaat uit zeer hoogwaardige kwaliteit kunststof\" \/>\n<meta property=\"og:url\" content=\"https:\/\/versano.nl\/fr\/shop\/dames-jas-imitatieleer-blauw-versano-318\/\" \/>\n<meta property=\"og:site_name\" content=\"Versano\" \/>\n<meta property=\"article:modified_time\" content=\"2020-03-09T15:50:23+00:00\" \/>\n<meta property=\"og:image\" content=\"https:\/\/versano.nl\/wp-content\/uploads\/2017\/05\/dames-zomerjas-imitatieleer-blauw-versano-voorkant.jpg\" \/>\n\t<meta property=\"og:image:width\" content=\"750\" \/>\n\t<meta property=\"og:image:height\" content=\"980\" \/>\n\t<meta property=\"og:image:type\" content=\"image\/jpeg\" \/>\n<meta name=\"twitter:card\" content=\"summary_large_image\" \/>\n<script type=\"application\/ld+json\" class=\"yoast-schema-graph\">{\"@context\":\"https:\/\/schema.org\",\"@graph\":[{\"@type\":\"WebPage\",\"@id\":\"https:\/\/versano.nl\/shop\/dames-jas-imitatieleer-blauw-versano-318\/\",\"url\":\"https:\/\/versano.nl\/shop\/dames-jas-imitatieleer-blauw-versano-318\/\",\"name\":\"Dames jas imitatieleer blauw Versano 318, damesjasje lederlook, dames jas leatherlook\",\"isPartOf\":{\"@id\":\"https:\/\/versano.nl\/#website\"},\"primaryImageOfPage\":{\"@id\":\"https:\/\/versano.nl\/shop\/dames-jas-imitatieleer-blauw-versano-318\/#primaryimage\"},\"image\":{\"@id\":\"https:\/\/versano.nl\/shop\/dames-jas-imitatieleer-blauw-versano-318\/#primaryimage\"},\"thumbnailUrl\":\"https:\/\/versano.nl\/wp-content\/uploads\/2017\/05\/dames-zomerjas-imitatieleer-blauw-versano-voorkant.jpg\",\"datePublished\":\"2015-03-22T17:39:50+00:00\",\"dateModified\":\"2020-03-09T15:50:23+00:00\",\"description\":\"Deze dames jas imitatieleer blauw Versano 318 is gemaakt van Italiaanse rexion leer. Rexion leer bestaat uit zeer hoogwaardige kwaliteit kunststof\",\"breadcrumb\":{\"@id\":\"https:\/\/versano.nl\/shop\/dames-jas-imitatieleer-blauw-versano-318\/#breadcrumb\"},\"inLanguage\":\"fr-FR\",\"potentialAction\":[{\"@type\":\"ReadAction\",\"target\":[\"https:\/\/versano.nl\/shop\/dames-jas-imitatieleer-blauw-versano-318\/\"]}]},{\"@type\":\"ImageObject\",\"inLanguage\":\"fr-FR\",\"@id\":\"https:\/\/versano.nl\/shop\/dames-jas-imitatieleer-blauw-versano-318\/#primaryimage\",\"url\":\"https:\/\/versano.nl\/wp-content\/uploads\/2017\/05\/dames-zomerjas-imitatieleer-blauw-versano-voorkant.jpg\",\"contentUrl\":\"https:\/\/versano.nl\/wp-content\/uploads\/2017\/05\/dames-zomerjas-imitatieleer-blauw-versano-voorkant.jpg\",\"width\":750,\"height\":980},{\"@type\":\"BreadcrumbList\",\"@id\":\"https:\/\/versano.nl\/shop\/dames-jas-imitatieleer-blauw-versano-318\/#breadcrumb\",\"itemListElement\":[{\"@type\":\"ListItem\",\"position\":1,\"name\":\"Home\",\"item\":\"https:\/\/versano.nl\/\"},{\"@type\":\"ListItem\",\"position\":2,\"name\":\"Shop\",\"item\":\"https:\/\/versano.nl\/shop\/\"},{\"@type\":\"ListItem\",\"position\":3,\"name\":\"Dames jas imitatieleer blauw Versano 318\"}]},{\"@type\":\"WebSite\",\"@id\":\"https:\/\/versano.nl\/#website\",\"url\":\"https:\/\/versano.nl\/\",\"name\":\"Versano\",\"description\":\"winterjassen met bontkraag | leren dames jassen | leren heren jassen\",\"potentialAction\":[{\"@type\":\"SearchAction\",\"target\":{\"@type\":\"EntryPoint\",\"urlTemplate\":\"https:\/\/versano.nl\/?s={search_term_string}\"},\"query-input\":{\"@type\":\"PropertyValueSpecification\",\"valueRequired\":true,\"valueName\":\"search_term_string\"}}],\"inLanguage\":\"fr-FR\"}]}<\/script>\n<!-- \/ Yoast SEO plugin. -->","yoast_head_json":{"title":"Veste femme bleu simili cuir Versano 318, veste femme aspect cuir, veste femme aspect cuir","description":"Cette veste pour femme en similicuir bleu Versano 318 est en cuir de rexion italien. Le cuir Rexion est constitu\u00e9 de plastique de tr\u00e8s haute qualit\u00e9","robots":{"index":"index","follow":"follow","max-snippet":"max-snippet:-1","max-image-preview":"max-image-preview:large","max-video-preview":"max-video-preview:-1"},"canonical":"https:\/\/versano.nl\/fr\/shop\/dames-jas-imitatieleer-blauw-versano-318\/","og_locale":"fr_FR","og_type":"article","og_title":"Dames jas imitatieleer blauw Versano 318, damesjasje lederlook, dames jas leatherlook","og_description":"Deze dames jas imitatieleer blauw Versano 318 is gemaakt van Italiaanse rexion leer. Rexion leer bestaat uit zeer hoogwaardige kwaliteit kunststof","og_url":"https:\/\/versano.nl\/fr\/shop\/dames-jas-imitatieleer-blauw-versano-318\/","og_site_name":"Versano","article_modified_time":"2020-03-09T15:50:23+00:00","og_image":[{"width":750,"height":980,"url":"https:\/\/versano.nl\/wp-content\/uploads\/2017\/05\/dames-zomerjas-imitatieleer-blauw-versano-voorkant.jpg","type":"image\/jpeg"}],"twitter_card":"summary_large_image","schema":{"@context":"https:\/\/schema.org","@graph":[{"@type":"WebPage","@id":"https:\/\/versano.nl\/shop\/dames-jas-imitatieleer-blauw-versano-318\/","url":"https:\/\/versano.nl\/shop\/dames-jas-imitatieleer-blauw-versano-318\/","name":"Veste femme bleu simili cuir Versano 318, veste femme aspect cuir, veste femme aspect cuir","isPartOf":{"@id":"https:\/\/versano.nl\/#website"},"primaryImageOfPage":{"@id":"https:\/\/versano.nl\/shop\/dames-jas-imitatieleer-blauw-versano-318\/#primaryimage"},"image":{"@id":"https:\/\/versano.nl\/shop\/dames-jas-imitatieleer-blauw-versano-318\/#primaryimage"},"thumbnailUrl":"https:\/\/versano.nl\/wp-content\/uploads\/2017\/05\/dames-zomerjas-imitatieleer-blauw-versano-voorkant.jpg","datePublished":"2015-03-22T17:39:50+00:00","dateModified":"2020-03-09T15:50:23+00:00","description":"Cette veste pour femme en similicuir bleu Versano 318 est en cuir de rexion italien. Le cuir Rexion est constitu\u00e9 de plastique de tr\u00e8s haute qualit\u00e9","breadcrumb":{"@id":"https:\/\/versano.nl\/shop\/dames-jas-imitatieleer-blauw-versano-318\/#breadcrumb"},"inLanguage":"fr-FR","potentialAction":[{"@type":"ReadAction","target":["https:\/\/versano.nl\/shop\/dames-jas-imitatieleer-blauw-versano-318\/"]}]},{"@type":"ImageObject","inLanguage":"fr-FR","@id":"https:\/\/versano.nl\/shop\/dames-jas-imitatieleer-blauw-versano-318\/#primaryimage","url":"https:\/\/versano.nl\/wp-content\/uploads\/2017\/05\/dames-zomerjas-imitatieleer-blauw-versano-voorkant.jpg","contentUrl":"https:\/\/versano.nl\/wp-content\/uploads\/2017\/05\/dames-zomerjas-imitatieleer-blauw-versano-voorkant.jpg","width":750,"height":980},{"@type":"BreadcrumbList","@id":"https:\/\/versano.nl\/shop\/dames-jas-imitatieleer-blauw-versano-318\/#breadcrumb","itemListElement":[{"@type":"ListItem","position":1,"name":"Home","item":"https:\/\/versano.nl\/"},{"@type":"ListItem","position":2,"name":"Shop","item":"https:\/\/versano.nl\/shop\/"},{"@type":"ListItem","position":3,"name":"Dames jas imitatieleer blauw Versano 318"}]},{"@type":"WebSite","@id":"https:\/\/versano.nl\/#website","url":"https:\/\/versano.nl\/","name":"Versano","description":"manteaux d&#039;hiver avec col en fourrure | vestes femme en cuir | vestes en cuir pour hommes","potentialAction":[{"@type":"SearchAction","target":{"@type":"EntryPoint","urlTemplate":"https:\/\/versano.nl\/?s={search_term_string}"},"query-input":{"@type":"PropertyValueSpecification","valueRequired":true,"valueName":"search_term_string"}}],"inLanguage":"fr-FR"}]}},"_links":{"self":[{"href":"https:\/\/versano.nl\/fr\/wp-json\/wp\/v2\/product\/3311","targetHints":{"allow":["GET"]}}],"collection":[{"href":"https:\/\/versano.nl\/fr\/wp-json\/wp\/v2\/product"}],"about":[{"href":"https:\/\/versano.nl\/fr\/wp-json\/wp\/v2\/types\/product"}],"replies":[{"embeddable":true,"href":"https:\/\/versano.nl\/fr\/wp-json\/wp\/v2\/comments?post=3311"}],"wp:featuredmedia":[{"embeddable":true,"href":"https:\/\/versano.nl\/fr\/wp-json\/wp\/v2\/media\/3313"}],"wp:attachment":[{"href":"https:\/\/versano.nl\/fr\/wp-json\/wp\/v2\/media?parent=3311"}],"wp:term":[{"taxonomy":"product_brand","embeddable":true,"href":"https:\/\/versano.nl\/fr\/wp-json\/wp\/v2\/product_brand?post=3311"},{"taxonomy":"product_cat","embeddable":true,"href":"https:\/\/versano.nl\/fr\/wp-json\/wp\/v2\/product_cat?post=3311"},{"taxonomy":"product_tag","embeddable":true,"href":"https:\/\/versano.nl\/fr\/wp-json\/wp\/v2\/product_tag?post=3311"}],"curies":[{"name":"wp","href":"https:\/\/api.w.org\/{rel}","templated":true}]}}