{"id":3107,"date":"2015-04-03T14:41:32","date_gmt":"2015-04-03T14:41:32","guid":{"rendered":"http:\/\/leathershopdoci.nl\/shop\/imitatieleren-jas-heren-versano-trr-43-blauw\/"},"modified":"2025-10-07T10:32:19","modified_gmt":"2025-10-07T10:32:19","slug":"imitatieleren-jas-heren-versano-trr-43-blauw","status":"publish","type":"product","link":"https:\/\/versano.nl\/fr\/shop\/imitatieleren-jas-heren-versano-trr-43-blauw\/","title":{"rendered":"blouson simili cuir homme bleu TRR 43 Versano"},"content":{"rendered":"<h2>blouson simili cuir homme bleu TRR 43 Versano<\/h2>\n<p>Si vous cherchez une veste en similicuir dont vous \u00eates s\u00fbr d&#039;\u00eatre confortable, il vous suffit de jeter un \u0153il \u00e0 notre gamme. Chez nous, vous trouverez de belles vestes de Versano, une marque qui s&#039;est b\u00e2tie une bonne r\u00e9putation au fil des ans. Le blouson homme en simili cuir bleu TRR 43 Versano est un mod\u00e8le qui est con\u00e7u comme nous en avons l&#039;habitude chez Versano. En d&#039;autres termes : une veste qui a l&#039;air parfaite avec sa coupe italienne. C&#039;est une veste en simili cuir de haute qualit\u00e9. En plus de la couleur noire cool, ce mod\u00e8le est \u00e9galement disponible dans les couleurs cognac, bleu et marron. Pour les passionn\u00e9s, ce mod\u00e8le est bien entendu \u00e9galement disponible dans la version cuir d&#039;agneau.<\/p>\n<h2>Commander le mod\u00e8le TRR 43 en bleu<\/h2>\n<p><span style=\"font-family: 'Arial',sans-serif;\">Il a \u00e9t\u00e9 r\u00e9alis\u00e9 par les designers Versano, qui savent mieux que quiconque concevoir une belle veste. Avec une si belle veste Versano, vous pouvez \u00eatre s\u00fbr que vous pourrez la porter tout l&#039;hiver. Vous pouvez facilement commander ce mod\u00e8le dans la boutique en ligne Versano. Nous avons rassembl\u00e9 ici toutes nos vestes pour que vous puissiez facilement passer une commande. Chez Versano, vous pouvez toujours \u00eatre s\u00fbr que vous achetez un beau manteau qui a \u00e9t\u00e9 travaill\u00e9 avec soin. Avec nous, vous pouvez facilement choisir la bonne taille en fonction de nos vid\u00e9os d&#039;instructions intelligentes. Vous avez des questions ou vous ne savez pas quelle taille commander ? Ensuite, vous pouvez toujours nous contacter par mail ou WhatsApp. Nos employ\u00e9s aimeraient vous aider!<\/span><\/p>\n<p><a href=\"https:\/\/versano.nl\/\">Versano<\/a><br \/>\nMat\u00e9riel: ska\u00ef<br \/>\nDoublure: 100% polyester<br \/>\nLongueur: court<br \/>\nCoupe : coupe ajust\u00e9e<br \/>\nFermeture: fermeture \u00e9clair<br \/>\nPoches: poches avec zip<br \/>\nCol: col montant<br \/>\ncouche ext\u00e9rieure Mati\u00e8re: Tr\u00e8s simili cuir de haute qualit\u00e9<br \/>\nD\u00e9lai de livraison: 2-3 jours ouvrables<\/p>\n<p><span style=\"font-family: 'Arial',sans-serif;\">\u00a0<\/span><\/p>","protected":false},"excerpt":{"rendered":"<p>CHOISISSEZ UNE AUTRE COULEUR ICI<\/p>\n<p><a href=\"https:\/\/versano.nl\/shop\/imitatieleren-jas-heren-versano-trr-43-zwart-new\/\"><img loading=\"lazy\" decoding=\"async\" class=\"alignnone size-full wp-image-19938\" src=\"https:\/\/versano.nl\/wp-content\/uploads\/sites\/2\/2017\/04\/heren-leatherlook-jas-zwart-versano-trr43-thumb.jpg\" alt=\"\" width=\"57\" height=\"75\" \/><\/a><a href=\"https:\/\/versano.nl\/shop\/imitatieleren-heren-jas-bruin-versano-trr-43-new\/\"><img loading=\"lazy\" decoding=\"async\" class=\"alignnone size-full wp-image-19939\" src=\"https:\/\/versano.nl\/wp-content\/uploads\/sites\/2\/2017\/04\/heren-zomerjas-jas-lederlook-bruin-versano-trr43-thumb.jpg\" alt=\"\" width=\"57\" height=\"75\" \/><\/a><a href=\"https:\/\/versano.nl\/shop\/imitatieleren-jas-heren-versano-trr-43-cognac\/\"><img loading=\"lazy\" decoding=\"async\" class=\"alignnone size-full wp-image-19940\" src=\"https:\/\/versano.nl\/wp-content\/uploads\/sites\/2\/2017\/04\/heren-zomerjas-jas-lederlook-cognac-versano-trr43-thumb.jpg\" alt=\"\" width=\"57\" height=\"75\" \/><\/a><\/p>\n<p style=\"margin: 0cm 0cm 11.25pt 0cm;\"><span style=\"font-family: 'Arial',sans-serif; color: red;\">Conseils d&#039;ajustement:\u00a0<\/span><span style=\"font-family: 'Arial',sans-serif;\">La coupe de cette veste est ajust\u00e9e. Notre mannequin mesure 1,75 cm et porte une taille M.<\/span><\/p>\n<p style=\"margin: 0cm 0cm 11.25pt 0cm;\"><span style=\"font-family: 'Arial',sans-serif;\">Si vous n&#039;\u00eates pas s\u00fbr de vos mesures, nous vous recommandons de commencer par mesurer vos mesures de taille et de les comparer avec notre tableau des tailles. Si vous n&#039;avez aucune exp\u00e9rience dans la mesure des tailles de circonf\u00e9rence, cliquez sur\u00a0<\/span><a href=\"https:\/\/www.youtube.com\/watch?v=3ZSfY87v6pM\"><em><span style=\"font-family: 'Arial',sans-serif; color: windowtext; text-decoration: none;\">ICI<\/span><\/em><span style=\"font-family: 'Arial',sans-serif; color: windowtext; text-decoration: none;\">\u00a0<\/span><\/a><span style=\"font-family: 'Arial',sans-serif;\">\u00a0\u00e0\u00a0<\/span><a href=\"https:\/\/www.youtube.com\/watch?v=3ZSfY87v6pM\"><em><span style=\"font-family: 'Arial',sans-serif; color: red; text-decoration: none;\">VIDEO<\/span><\/em><\/a><span style=\"font-family: 'Arial',sans-serif;\">\u00a0 avec des instructions. Vous pouvez \u00e9galement nous appeler ou nous appliquer directement! Nos employ\u00e9s sont toujours disponibles pour vous aider.<\/span><\/p>\n<p style=\"margin: 0cm;\"><strong><span style=\"font-family: 'Arial',sans-serif;\">HEURE DE LIVRAISON :<\/span><\/strong><span style=\"font-family: 'Arial',sans-serif;\">\u00a02 \u00e0 3 jours ouvr\u00e9s.<\/span><\/p>","protected":false},"featured_media":21008,"comment_status":"closed","ping_status":"closed","template":"","meta":[],"product_brand":[],"product_cat":[1672,734,923,16,732,882],"product_tag":[61,1962,1917,1963,62,1964,481,1965,64,1961,67,68,1953,74,70,1837,1723,1708],"class_list":{"0":"post-3107","1":"product","2":"type-product","3":"status-publish","4":"has-post-thumbnail","6":"product_cat-biker-jas-heren","7":"product_cat-heren-leatherlook-jassen-lederlook-jassen","8":"product_cat-imitatie-leren-jas","9":"product_cat-imitatieleren-jassen-heren","10":"product_cat-leatherlook-jassen","11":"product_cat-versano","12":"product_tag-bikerjack","13":"product_tag-blauwe-imitatie-leren-jas-heren","14":"product_tag-blauwe-zomerjas-heren","15":"product_tag-goedkope-heren-imitatie-leer-jas","16":"product_tag-heren-jas","17":"product_tag-heren-jas-in-sale-versano","18":"product_tag-heren-kunstleer-blauw","19":"product_tag-heren-kunstleren-jas","20":"product_tag-imitatieleer","21":"product_tag-kunsleer-jas-heren","22":"product_tag-kunstleer","23":"product_tag-leatherlook-jas","24":"product_tag-online-heren-imitatie-leren-jas-kopen","25":"product_tag-rexion-leer","26":"product_tag-stoere-jack","27":"product_tag-uitverkoop-versano","28":"product_tag-versano-heren-jas","29":"product_tag-zomerjassen-heren","30":"product_shipping_class-verzendkosten-1","31":"tm-no-options","33":"first","34":"instock","35":"sale","36":"taxable","37":"shipping-taxable","38":"purchasable","39":"product-type-variable"},"yoast_head":"<!-- This site is optimized with the Yoast SEO plugin v27.2 - https:\/\/yoast.com\/product\/yoast-seo-wordpress\/ -->\n<title>heren imitatie leren jas blauw TRR 43 Versano, heren imitatie leren jas<\/title>\n<meta name=\"description\" content=\"Op zoek naar een heren imitatie leren jas blauw TRR 43 Versano? Bij het bekende jassen merk Versano bent u aan het juiste adres.\" \/>\n<meta name=\"robots\" content=\"index, follow, max-snippet:-1, max-image-preview:large, max-video-preview:-1\" \/>\n<link rel=\"canonical\" href=\"https:\/\/versano.nl\/fr\/shop\/imitatieleren-jas-heren-versano-trr-43-blauw\/\" \/>\n<meta property=\"og:locale\" content=\"fr_FR\" \/>\n<meta property=\"og:type\" content=\"article\" \/>\n<meta property=\"og:title\" content=\"heren imitatie leren jas blauw TRR 43 Versano, heren imitatie leren jas\" \/>\n<meta property=\"og:description\" content=\"Op zoek naar een heren imitatie leren jas blauw TRR 43 Versano? Bij het bekende jassen merk Versano bent u aan het juiste adres.\" \/>\n<meta property=\"og:url\" content=\"https:\/\/versano.nl\/fr\/shop\/imitatieleren-jas-heren-versano-trr-43-blauw\/\" \/>\n<meta property=\"og:site_name\" content=\"Versano\" \/>\n<meta property=\"article:modified_time\" content=\"2025-10-07T10:32:19+00:00\" \/>\n<meta property=\"og:image\" content=\"https:\/\/versano.nl\/wp-content\/uploads\/2021\/03\/versano-heren-leatherlook-jas-blauw-TRR43-voor.jpg\" \/>\n\t<meta property=\"og:image:width\" content=\"750\" \/>\n\t<meta property=\"og:image:height\" content=\"975\" \/>\n\t<meta property=\"og:image:type\" content=\"image\/jpeg\" \/>\n<meta name=\"twitter:card\" content=\"summary_large_image\" \/>\n<meta name=\"twitter:label1\" content=\"Dur\u00e9e de lecture estim\u00e9e\" \/>\n\t<meta name=\"twitter:data1\" content=\"2 minutes\" \/>\n<script type=\"application\/ld+json\" class=\"yoast-schema-graph\">{\"@context\":\"https:\/\/schema.org\",\"@graph\":[{\"@type\":\"WebPage\",\"@id\":\"https:\/\/versano.nl\/shop\/imitatieleren-jas-heren-versano-trr-43-blauw\/\",\"url\":\"https:\/\/versano.nl\/shop\/imitatieleren-jas-heren-versano-trr-43-blauw\/\",\"name\":\"heren imitatie leren jas blauw TRR 43 Versano, heren imitatie leren jas\",\"isPartOf\":{\"@id\":\"https:\/\/versano.nl\/#website\"},\"primaryImageOfPage\":{\"@id\":\"https:\/\/versano.nl\/shop\/imitatieleren-jas-heren-versano-trr-43-blauw\/#primaryimage\"},\"image\":{\"@id\":\"https:\/\/versano.nl\/shop\/imitatieleren-jas-heren-versano-trr-43-blauw\/#primaryimage\"},\"thumbnailUrl\":\"https:\/\/versano.nl\/wp-content\/uploads\/2021\/03\/versano-heren-leatherlook-jas-blauw-TRR43-voor.jpg\",\"datePublished\":\"2015-04-03T14:41:32+00:00\",\"dateModified\":\"2025-10-07T10:32:19+00:00\",\"description\":\"Op zoek naar een heren imitatie leren jas blauw TRR 43 Versano? Bij het bekende jassen merk Versano bent u aan het juiste adres.\",\"breadcrumb\":{\"@id\":\"https:\/\/versano.nl\/shop\/imitatieleren-jas-heren-versano-trr-43-blauw\/#breadcrumb\"},\"inLanguage\":\"fr-FR\",\"potentialAction\":[{\"@type\":\"ReadAction\",\"target\":[\"https:\/\/versano.nl\/shop\/imitatieleren-jas-heren-versano-trr-43-blauw\/\"]}]},{\"@type\":\"ImageObject\",\"inLanguage\":\"fr-FR\",\"@id\":\"https:\/\/versano.nl\/shop\/imitatieleren-jas-heren-versano-trr-43-blauw\/#primaryimage\",\"url\":\"https:\/\/versano.nl\/wp-content\/uploads\/2021\/03\/versano-heren-leatherlook-jas-blauw-TRR43-voor.jpg\",\"contentUrl\":\"https:\/\/versano.nl\/wp-content\/uploads\/2021\/03\/versano-heren-leatherlook-jas-blauw-TRR43-voor.jpg\",\"width\":750,\"height\":975,\"caption\":\"versano-heren-leatherlook-jas-blauw-TRR43\"},{\"@type\":\"BreadcrumbList\",\"@id\":\"https:\/\/versano.nl\/shop\/imitatieleren-jas-heren-versano-trr-43-blauw\/#breadcrumb\",\"itemListElement\":[{\"@type\":\"ListItem\",\"position\":1,\"name\":\"Home\",\"item\":\"https:\/\/versano.nl\/\"},{\"@type\":\"ListItem\",\"position\":2,\"name\":\"Shop\",\"item\":\"https:\/\/versano.nl\/shop\/\"},{\"@type\":\"ListItem\",\"position\":3,\"name\":\"heren imitatie leren jas blauw TRR 43 Versano\"}]},{\"@type\":\"WebSite\",\"@id\":\"https:\/\/versano.nl\/#website\",\"url\":\"https:\/\/versano.nl\/\",\"name\":\"Versano\",\"description\":\"winterjassen met bontkraag | leren dames jassen | leren heren jassen\",\"potentialAction\":[{\"@type\":\"SearchAction\",\"target\":{\"@type\":\"EntryPoint\",\"urlTemplate\":\"https:\/\/versano.nl\/?s={search_term_string}\"},\"query-input\":{\"@type\":\"PropertyValueSpecification\",\"valueRequired\":true,\"valueName\":\"search_term_string\"}}],\"inLanguage\":\"fr-FR\"}]}<\/script>\n<!-- \/ Yoast SEO plugin. -->","yoast_head_json":{"title":"blouson simili cuir homme bleu TRR 43 Versano, blouson simili cuir homme","description":"A la recherche d&#039;un blouson homme en simili cuir bleu TRR 43 Versano ? Vous \u00eates au bon endroit chez la c\u00e9l\u00e8bre marque de vestes Versano.","robots":{"index":"index","follow":"follow","max-snippet":"max-snippet:-1","max-image-preview":"max-image-preview:large","max-video-preview":"max-video-preview:-1"},"canonical":"https:\/\/versano.nl\/fr\/shop\/imitatieleren-jas-heren-versano-trr-43-blauw\/","og_locale":"fr_FR","og_type":"article","og_title":"heren imitatie leren jas blauw TRR 43 Versano, heren imitatie leren jas","og_description":"Op zoek naar een heren imitatie leren jas blauw TRR 43 Versano? Bij het bekende jassen merk Versano bent u aan het juiste adres.","og_url":"https:\/\/versano.nl\/fr\/shop\/imitatieleren-jas-heren-versano-trr-43-blauw\/","og_site_name":"Versano","article_modified_time":"2025-10-07T10:32:19+00:00","og_image":[{"width":750,"height":975,"url":"https:\/\/versano.nl\/wp-content\/uploads\/2021\/03\/versano-heren-leatherlook-jas-blauw-TRR43-voor.jpg","type":"image\/jpeg"}],"twitter_card":"summary_large_image","twitter_misc":{"Dur\u00e9e de lecture estim\u00e9e":"2 minutes"},"schema":{"@context":"https:\/\/schema.org","@graph":[{"@type":"WebPage","@id":"https:\/\/versano.nl\/shop\/imitatieleren-jas-heren-versano-trr-43-blauw\/","url":"https:\/\/versano.nl\/shop\/imitatieleren-jas-heren-versano-trr-43-blauw\/","name":"blouson simili cuir homme bleu TRR 43 Versano, blouson simili cuir homme","isPartOf":{"@id":"https:\/\/versano.nl\/#website"},"primaryImageOfPage":{"@id":"https:\/\/versano.nl\/shop\/imitatieleren-jas-heren-versano-trr-43-blauw\/#primaryimage"},"image":{"@id":"https:\/\/versano.nl\/shop\/imitatieleren-jas-heren-versano-trr-43-blauw\/#primaryimage"},"thumbnailUrl":"https:\/\/versano.nl\/wp-content\/uploads\/2021\/03\/versano-heren-leatherlook-jas-blauw-TRR43-voor.jpg","datePublished":"2015-04-03T14:41:32+00:00","dateModified":"2025-10-07T10:32:19+00:00","description":"A la recherche d&#039;un blouson homme en simili cuir bleu TRR 43 Versano ? Vous \u00eates au bon endroit chez la c\u00e9l\u00e8bre marque de vestes Versano.","breadcrumb":{"@id":"https:\/\/versano.nl\/shop\/imitatieleren-jas-heren-versano-trr-43-blauw\/#breadcrumb"},"inLanguage":"fr-FR","potentialAction":[{"@type":"ReadAction","target":["https:\/\/versano.nl\/shop\/imitatieleren-jas-heren-versano-trr-43-blauw\/"]}]},{"@type":"ImageObject","inLanguage":"fr-FR","@id":"https:\/\/versano.nl\/shop\/imitatieleren-jas-heren-versano-trr-43-blauw\/#primaryimage","url":"https:\/\/versano.nl\/wp-content\/uploads\/2021\/03\/versano-heren-leatherlook-jas-blauw-TRR43-voor.jpg","contentUrl":"https:\/\/versano.nl\/wp-content\/uploads\/2021\/03\/versano-heren-leatherlook-jas-blauw-TRR43-voor.jpg","width":750,"height":975,"caption":"versano-heren-leatherlook-jas-blauw-TRR43"},{"@type":"BreadcrumbList","@id":"https:\/\/versano.nl\/shop\/imitatieleren-jas-heren-versano-trr-43-blauw\/#breadcrumb","itemListElement":[{"@type":"ListItem","position":1,"name":"Home","item":"https:\/\/versano.nl\/"},{"@type":"ListItem","position":2,"name":"Shop","item":"https:\/\/versano.nl\/shop\/"},{"@type":"ListItem","position":3,"name":"heren imitatie leren jas blauw TRR 43 Versano"}]},{"@type":"WebSite","@id":"https:\/\/versano.nl\/#website","url":"https:\/\/versano.nl\/","name":"Versano","description":"manteaux d&#039;hiver avec col en fourrure | vestes femme en cuir | vestes en cuir pour hommes","potentialAction":[{"@type":"SearchAction","target":{"@type":"EntryPoint","urlTemplate":"https:\/\/versano.nl\/?s={search_term_string}"},"query-input":{"@type":"PropertyValueSpecification","valueRequired":true,"valueName":"search_term_string"}}],"inLanguage":"fr-FR"}]}},"_links":{"self":[{"href":"https:\/\/versano.nl\/fr\/wp-json\/wp\/v2\/product\/3107","targetHints":{"allow":["GET"]}}],"collection":[{"href":"https:\/\/versano.nl\/fr\/wp-json\/wp\/v2\/product"}],"about":[{"href":"https:\/\/versano.nl\/fr\/wp-json\/wp\/v2\/types\/product"}],"replies":[{"embeddable":true,"href":"https:\/\/versano.nl\/fr\/wp-json\/wp\/v2\/comments?post=3107"}],"wp:featuredmedia":[{"embeddable":true,"href":"https:\/\/versano.nl\/fr\/wp-json\/wp\/v2\/media\/21008"}],"wp:attachment":[{"href":"https:\/\/versano.nl\/fr\/wp-json\/wp\/v2\/media?parent=3107"}],"wp:term":[{"taxonomy":"product_brand","embeddable":true,"href":"https:\/\/versano.nl\/fr\/wp-json\/wp\/v2\/product_brand?post=3107"},{"taxonomy":"product_cat","embeddable":true,"href":"https:\/\/versano.nl\/fr\/wp-json\/wp\/v2\/product_cat?post=3107"},{"taxonomy":"product_tag","embeddable":true,"href":"https:\/\/versano.nl\/fr\/wp-json\/wp\/v2\/product_tag?post=3107"}],"curies":[{"name":"wp","href":"https:\/\/api.w.org\/{rel}","templated":true}]}}