{"id":2916,"date":"2015-05-31T14:33:59","date_gmt":"2015-05-31T14:33:59","guid":{"rendered":"http:\/\/leathershopdoci.nl\/?post_type=product&#038;p=6589"},"modified":"2021-02-05T14:50:52","modified_gmt":"2021-02-05T14:50:52","slug":"bruine-leren-herenjas-met-ribband","status":"publish","type":"product","link":"https:\/\/versano.nl\/fr\/shop\/bruine-leren-herenjas-met-ribband\/","title":{"rendered":"Veste pour hommes en cuir marron avec ribband"},"content":{"rendered":"<h2>Veste pour hommes en cuir marron avec ribband<\/h2>\n<p>Laissez les concepteurs de Versano sur le point de revenir encore et encore avec de belles nouveaux mod\u00e8les. Ce sont des vestes belle et que vous pouvez \u00eatre s\u00fbr qu&#039;ils sont assis. Les vestes sont Versano le plus fin cuir d&#039;agneau, un cuir qui est doux et durable et beau o\u00f9 vestes font. La veste des hommes en cuir marron avec ribband de Versano est \u00e9galement un mod\u00e8le tr\u00e8s sportif, qui a toujours un look chic.<\/p>\n<h3>acheter veste pour hommes en cuir marron avec ribband<\/h3>\n<p>Voulez-vous la veste de cette belle hommes en cuir marron avec ribband de Versano acheter de notre gamme? Ensuite, nous vous recommandons de premi\u00e8re couche le m\u00eame point de vue en d\u00e9tail. Nos photos parce que vous pouvez voir tous les d\u00e9tails de cette veste. Ainsi, vous pouvez vous convaincre que c&#039;est la veste que vous voulez avoir quelques ann\u00e9es devant eux. La veste est termin\u00e9e avec deux grandes poches, qui sont \u00e9quip\u00e9s d&#039;une fermeture \u00e0 glissi\u00e8re pratique. papiers importants vous pouvez toujours perdre dans les poches int\u00e9rieures de la veste<\/p>\n<p>Mati\u00e8re: 100% cuir d&#039;agneau<br \/>\nDoublure: 100% polyester<br \/>\nLongueur: court<br \/>\nFit: Am\u00e9nag\u00e9e italien (Runs)<br \/>\nFermeture: fermeture \u00e9clair<br \/>\nPoches: poches avec zip<br \/>\nCol: col montant<br \/>\ncouche externe Mat\u00e9riel: haute qualit\u00e9 et doux en peau d&#039;agneau<br \/>\nTemps: 1-3 jours<\/p>","protected":false},"excerpt":{"rendered":"<p>Cette veste en cuir est un v\u00e9ritable point de mire et excelle dans le confort et le mod\u00e8le. Durable lambskin a un beau lavage pour un look chic sportif. Par exemple, le porter avec un jean ou un chino. La veste a deux poches profondes avec une fermeture \u00e9clair et une poche int\u00e9rieure. Ces veste en cuir pour hommes a une excellente finition et \u00e9quip\u00e9e italienne.<\/p>","protected":false},"featured_media":9268,"comment_status":"closed","ping_status":"closed","template":"","meta":[],"product_brand":[],"product_cat":[147,1712],"product_tag":[403,23,24],"class_list":{"0":"post-2916","1":"product","2":"type-product","3":"status-publish","4":"has-post-thumbnail","6":"product_cat-heren-leren-jassen","7":"product_cat-leren-jassen","8":"product_tag-heren-blauw","9":"product_tag-motorjacks-heren","10":"product_tag-stoer-jasje-heren","11":"tm-no-options","13":"first","14":"outofstock","15":"taxable","16":"shipping-taxable","17":"purchasable","18":"product-type-variable"},"yoast_head":"<!-- This site is optimized with the Yoast SEO plugin v27.2 - https:\/\/yoast.com\/product\/yoast-seo-wordpress\/ -->\n<title>Bruine leren herenjas met ribband, bruine leren heren jas<\/title>\n<meta name=\"description\" content=\"Bent u op zoek naar een Bruine leren herenjas met ribband, dan bent u bij ons aan het goede adres, bekijk meerdere kleuren in de webshop.\" \/>\n<meta name=\"robots\" content=\"index, follow, max-snippet:-1, max-image-preview:large, max-video-preview:-1\" \/>\n<link rel=\"canonical\" href=\"https:\/\/versano.nl\/fr\/shop\/bruine-leren-herenjas-met-ribband\/\" \/>\n<meta property=\"og:locale\" content=\"fr_FR\" \/>\n<meta property=\"og:type\" content=\"article\" \/>\n<meta property=\"og:title\" content=\"Bruine leren herenjas met ribband, bruine leren heren jas\" \/>\n<meta property=\"og:description\" content=\"Bent u op zoek naar een Bruine leren herenjas met ribband, dan bent u bij ons aan het goede adres, bekijk meerdere kleuren in de webshop.\" \/>\n<meta property=\"og:url\" content=\"https:\/\/versano.nl\/fr\/shop\/bruine-leren-herenjas-met-ribband\/\" \/>\n<meta property=\"og:site_name\" content=\"Versano\" \/>\n<meta property=\"article:modified_time\" content=\"2021-02-05T14:50:52+00:00\" \/>\n<meta property=\"og:image\" content=\"https:\/\/versano.nl\/wp-content\/uploads\/2014\/12\/leren-jas-heren-bruin-versano-502-model1.jpg\" \/>\n\t<meta property=\"og:image:width\" content=\"900\" \/>\n\t<meta property=\"og:image:height\" content=\"1196\" \/>\n\t<meta property=\"og:image:type\" content=\"image\/jpeg\" \/>\n<meta name=\"twitter:card\" content=\"summary_large_image\" \/>\n<meta name=\"twitter:label1\" content=\"Dur\u00e9e de lecture estim\u00e9e\" \/>\n\t<meta name=\"twitter:data1\" content=\"1 minute\" \/>\n<script type=\"application\/ld+json\" class=\"yoast-schema-graph\">{\"@context\":\"https:\/\/schema.org\",\"@graph\":[{\"@type\":\"WebPage\",\"@id\":\"https:\/\/versano.nl\/en\/shop\/bruine-leren-herenjas-met-ribband\/\",\"url\":\"https:\/\/versano.nl\/en\/shop\/bruine-leren-herenjas-met-ribband\/\",\"name\":\"Bruine leren herenjas met ribband, bruine leren heren jas\",\"isPartOf\":{\"@id\":\"https:\/\/versano.nl\/#website\"},\"primaryImageOfPage\":{\"@id\":\"https:\/\/versano.nl\/en\/shop\/bruine-leren-herenjas-met-ribband\/#primaryimage\"},\"image\":{\"@id\":\"https:\/\/versano.nl\/en\/shop\/bruine-leren-herenjas-met-ribband\/#primaryimage\"},\"thumbnailUrl\":\"https:\/\/versano.nl\/wp-content\/uploads\/2014\/12\/leren-jas-heren-bruin-versano-502-model1.jpg\",\"datePublished\":\"2015-05-31T14:33:59+00:00\",\"dateModified\":\"2021-02-05T14:50:52+00:00\",\"description\":\"Bent u op zoek naar een Bruine leren herenjas met ribband, dan bent u bij ons aan het goede adres, bekijk meerdere kleuren in de webshop.\",\"breadcrumb\":{\"@id\":\"https:\/\/versano.nl\/en\/shop\/bruine-leren-herenjas-met-ribband\/#breadcrumb\"},\"inLanguage\":\"fr-FR\",\"potentialAction\":[{\"@type\":\"ReadAction\",\"target\":[\"https:\/\/versano.nl\/en\/shop\/bruine-leren-herenjas-met-ribband\/\"]}]},{\"@type\":\"ImageObject\",\"inLanguage\":\"fr-FR\",\"@id\":\"https:\/\/versano.nl\/en\/shop\/bruine-leren-herenjas-met-ribband\/#primaryimage\",\"url\":\"https:\/\/versano.nl\/wp-content\/uploads\/2014\/12\/leren-jas-heren-bruin-versano-502-model1.jpg\",\"contentUrl\":\"https:\/\/versano.nl\/wp-content\/uploads\/2014\/12\/leren-jas-heren-bruin-versano-502-model1.jpg\",\"width\":900,\"height\":1196,\"caption\":\"leren-jas-heren-bruin-versano-502-model1\"},{\"@type\":\"BreadcrumbList\",\"@id\":\"https:\/\/versano.nl\/en\/shop\/bruine-leren-herenjas-met-ribband\/#breadcrumb\",\"itemListElement\":[{\"@type\":\"ListItem\",\"position\":1,\"name\":\"Home\",\"item\":\"https:\/\/versano.nl\/\"},{\"@type\":\"ListItem\",\"position\":2,\"name\":\"Shop\",\"item\":\"https:\/\/versano.nl\/shop\/\"},{\"@type\":\"ListItem\",\"position\":3,\"name\":\"Bruine leren herenjas met ribband\"}]},{\"@type\":\"WebSite\",\"@id\":\"https:\/\/versano.nl\/#website\",\"url\":\"https:\/\/versano.nl\/\",\"name\":\"Versano\",\"description\":\"winterjassen met bontkraag | leren dames jassen | leren heren jassen\",\"potentialAction\":[{\"@type\":\"SearchAction\",\"target\":{\"@type\":\"EntryPoint\",\"urlTemplate\":\"https:\/\/versano.nl\/?s={search_term_string}\"},\"query-input\":{\"@type\":\"PropertyValueSpecification\",\"valueRequired\":true,\"valueName\":\"search_term_string\"}}],\"inLanguage\":\"fr-FR\"}]}<\/script>\n<!-- \/ Yoast SEO plugin. -->","yoast_head_json":{"title":"Veste homme en cuir marron avec ceinture c\u00f4tel\u00e9e, veste homme en cuir marron","description":"Vous recherchez une veste pour homme en cuir marron avec un ruban c\u00f4tel\u00e9, vous \u00eates au bon endroit et visualisez de multiples couleurs sur le webshop.","robots":{"index":"index","follow":"follow","max-snippet":"max-snippet:-1","max-image-preview":"max-image-preview:large","max-video-preview":"max-video-preview:-1"},"canonical":"https:\/\/versano.nl\/fr\/shop\/bruine-leren-herenjas-met-ribband\/","og_locale":"fr_FR","og_type":"article","og_title":"Bruine leren herenjas met ribband, bruine leren heren jas","og_description":"Bent u op zoek naar een Bruine leren herenjas met ribband, dan bent u bij ons aan het goede adres, bekijk meerdere kleuren in de webshop.","og_url":"https:\/\/versano.nl\/fr\/shop\/bruine-leren-herenjas-met-ribband\/","og_site_name":"Versano","article_modified_time":"2021-02-05T14:50:52+00:00","og_image":[{"width":900,"height":1196,"url":"https:\/\/versano.nl\/wp-content\/uploads\/2014\/12\/leren-jas-heren-bruin-versano-502-model1.jpg","type":"image\/jpeg"}],"twitter_card":"summary_large_image","twitter_misc":{"Dur\u00e9e de lecture estim\u00e9e":"1 minute"},"schema":{"@context":"https:\/\/schema.org","@graph":[{"@type":"WebPage","@id":"https:\/\/versano.nl\/en\/shop\/bruine-leren-herenjas-met-ribband\/","url":"https:\/\/versano.nl\/en\/shop\/bruine-leren-herenjas-met-ribband\/","name":"Veste homme en cuir marron avec ceinture c\u00f4tel\u00e9e, veste homme en cuir marron","isPartOf":{"@id":"https:\/\/versano.nl\/#website"},"primaryImageOfPage":{"@id":"https:\/\/versano.nl\/en\/shop\/bruine-leren-herenjas-met-ribband\/#primaryimage"},"image":{"@id":"https:\/\/versano.nl\/en\/shop\/bruine-leren-herenjas-met-ribband\/#primaryimage"},"thumbnailUrl":"https:\/\/versano.nl\/wp-content\/uploads\/2014\/12\/leren-jas-heren-bruin-versano-502-model1.jpg","datePublished":"2015-05-31T14:33:59+00:00","dateModified":"2021-02-05T14:50:52+00:00","description":"Vous recherchez une veste pour homme en cuir marron avec un ruban c\u00f4tel\u00e9, vous \u00eates au bon endroit et visualisez de multiples couleurs sur le webshop.","breadcrumb":{"@id":"https:\/\/versano.nl\/en\/shop\/bruine-leren-herenjas-met-ribband\/#breadcrumb"},"inLanguage":"fr-FR","potentialAction":[{"@type":"ReadAction","target":["https:\/\/versano.nl\/en\/shop\/bruine-leren-herenjas-met-ribband\/"]}]},{"@type":"ImageObject","inLanguage":"fr-FR","@id":"https:\/\/versano.nl\/en\/shop\/bruine-leren-herenjas-met-ribband\/#primaryimage","url":"https:\/\/versano.nl\/wp-content\/uploads\/2014\/12\/leren-jas-heren-bruin-versano-502-model1.jpg","contentUrl":"https:\/\/versano.nl\/wp-content\/uploads\/2014\/12\/leren-jas-heren-bruin-versano-502-model1.jpg","width":900,"height":1196,"caption":"leren-jas-heren-bruin-versano-502-model1"},{"@type":"BreadcrumbList","@id":"https:\/\/versano.nl\/en\/shop\/bruine-leren-herenjas-met-ribband\/#breadcrumb","itemListElement":[{"@type":"ListItem","position":1,"name":"Home","item":"https:\/\/versano.nl\/"},{"@type":"ListItem","position":2,"name":"Shop","item":"https:\/\/versano.nl\/shop\/"},{"@type":"ListItem","position":3,"name":"Bruine leren herenjas met ribband"}]},{"@type":"WebSite","@id":"https:\/\/versano.nl\/#website","url":"https:\/\/versano.nl\/","name":"Versano","description":"manteaux d&#039;hiver avec col en fourrure | vestes femme en cuir | vestes en cuir pour hommes","potentialAction":[{"@type":"SearchAction","target":{"@type":"EntryPoint","urlTemplate":"https:\/\/versano.nl\/?s={search_term_string}"},"query-input":{"@type":"PropertyValueSpecification","valueRequired":true,"valueName":"search_term_string"}}],"inLanguage":"fr-FR"}]}},"_links":{"self":[{"href":"https:\/\/versano.nl\/fr\/wp-json\/wp\/v2\/product\/2916","targetHints":{"allow":["GET"]}}],"collection":[{"href":"https:\/\/versano.nl\/fr\/wp-json\/wp\/v2\/product"}],"about":[{"href":"https:\/\/versano.nl\/fr\/wp-json\/wp\/v2\/types\/product"}],"replies":[{"embeddable":true,"href":"https:\/\/versano.nl\/fr\/wp-json\/wp\/v2\/comments?post=2916"}],"wp:featuredmedia":[{"embeddable":true,"href":"https:\/\/versano.nl\/fr\/wp-json\/wp\/v2\/media\/9268"}],"wp:attachment":[{"href":"https:\/\/versano.nl\/fr\/wp-json\/wp\/v2\/media?parent=2916"}],"wp:term":[{"taxonomy":"product_brand","embeddable":true,"href":"https:\/\/versano.nl\/fr\/wp-json\/wp\/v2\/product_brand?post=2916"},{"taxonomy":"product_cat","embeddable":true,"href":"https:\/\/versano.nl\/fr\/wp-json\/wp\/v2\/product_cat?post=2916"},{"taxonomy":"product_tag","embeddable":true,"href":"https:\/\/versano.nl\/fr\/wp-json\/wp\/v2\/product_tag?post=2916"}],"curies":[{"name":"wp","href":"https:\/\/api.w.org\/{rel}","templated":true}]}}