{"id":2857,"date":"2014-12-02T06:50:49","date_gmt":"2014-12-02T06:50:49","guid":{"rendered":"http:\/\/leathershopdoci.nl\/shop\/versano-dames-leren-jas-miami-l2-cognag\/"},"modified":"2026-04-11T21:36:01","modified_gmt":"2026-04-11T21:36:01","slug":"dames-leren-jas-versano-miami-cognac","status":"publish","type":"product","link":"https:\/\/versano.nl\/fr\/shop\/dames-leren-jas-versano-miami-cognac\/","title":{"rendered":"Veste en cuir femme cognac Miami Versano"},"content":{"rendered":"<h2>Veste en cuir femme cognac Miami Versano<\/h2>\n<p>Il a \u00e9t\u00e9 d\u00e9cid\u00e9 de choisir le nom Miami pour cette veste en cuir sign\u00e9e Versano. Cela est d\u00fb au fait qu&#039;il s&#039;agit d&#039;une veste qui ne serait certainement pas d\u00e9plac\u00e9e dans cette ville am\u00e9ricaine. Mais soyons honn\u00eates, peu importe o\u00f9 vous portez le Blouson cuir femme cognac Miami Versano, il vous ira partout ! C&#039;est une veste qui est faite de beau cuir d&#039;agneau souple et doux. Cela signifie que vous obtenez une veste qui s&#039;adapte \u00e0 merveille, qui a l&#039;air parfaite et qui a un tr\u00e8s beau d\u00e9lavage. C&#039;est l&#039;un des mod\u00e8les de base de Versano et en tant que tel aussi l&#039;un de nos succ\u00e8s. Cette veste est disponible en cuir d&#039;agneau r\u00e9sistant, mais si vous pr\u00e9f\u00e9rez ne pas la porter, il existe \u00e9galement diff\u00e9rents mod\u00e8les disponibles en simili cuir.<\/p>\n<h2>Commandez Miami dans la couleur cognac<\/h2>\n<p>Chez Versano, ils savent comment concevoir une veste de motard cool, ce qui n&#039;est pas trop non plus. En d&#039;autres termes, cette veste est parfaite sur la moto, mais aussi si vous sortez pour une soir\u00e9e ou faites du shopping pour un apr\u00e8s-midi. Cette veste n&#039;est pas seulement disponible en cognac, mais aussi dans les couleurs : vert, rouge, noir, bleu et marron. Nous vous recommandons donc de simplement jeter un \u0153il \u00e0 la couleur qui, selon vous, convient le mieux \u00e0 votre propre style. Si vous commandez cette veste chez nous, vous recevrez une veste qui restera belle toute une vie. La couleur est facile \u00e0 combiner et se marie avec presque toutes vos tenues. Son design italien garantit que la veste est bien ajust\u00e9e et reste confortable \u00e0 porter.<\/p>\n<p>marque:\u00a0<a href=\"https:\/\/versano.nl\/\" target=\"_blank\" rel=\"noopener noreferrer\">Versano<\/a><br \/>\nMati\u00e8re: 100% cuir d&#039;agneau<br \/>\nDoublure: 100% polyester<br \/>\nLongueur: court<br \/>\nCoupe: bien ajust\u00e9e<br \/>\nFermeture: fermeture \u00e9clair<br \/>\nPoches: poches avec zip<br \/>\nCol: col montant<br \/>\ncouche externe Mat\u00e9riel: haute qualit\u00e9 et doux en peau d&#039;agneau<br \/>\nD\u00e9lai de livraison: 2-3 jours ouvrables<\/p>","protected":false},"excerpt":{"rendered":"<p><strong>CHOISISSEZ UNE AUTRE COULEUR ICI<\/strong><\/p>\n<p><span style=\"color: #ff0000;\"><a href=\"https:\/\/versano.nl\/shop\/leren-dames-jas-bikerlook-groen-versano-miami\/\"><img loading=\"lazy\" decoding=\"async\" class=\"alignnone size-full wp-image-19873\" src=\"https:\/\/versano.nl\/wp-content\/uploads\/sites\/2\/2020\/04\/groene-leren-dames-jas-biker-model-versano-miami-thumb.jpg\" alt=\"\" width=\"57\" height=\"75\" \/><\/a><a href=\"https:\/\/versano.nl\/shop\/leren-biker-jas-dames-blauw-miami-versano\/\"><img loading=\"lazy\" decoding=\"async\" class=\"alignnone size-full wp-image-19875\" src=\"https:\/\/versano.nl\/wp-content\/uploads\/sites\/2\/2020\/04\/leren-jas-dames-blauw-biker-jack-miami-versano-voorkant-thumb.jpg\" alt=\"\" width=\"57\" height=\"75\" \/><\/a><a href=\"https:\/\/versano.nl\/shop\/biker-jas-dames-leer-bruin-miami-versano\/\"><img loading=\"lazy\" decoding=\"async\" class=\"alignnone size-full wp-image-19876\" src=\"https:\/\/versano.nl\/wp-content\/uploads\/sites\/2\/2020\/04\/leren-jas-dames-bruin-biker-jack-miami-versano-voorkant-thumb.jpg\" alt=\"\" width=\"57\" height=\"75\" \/><\/a><a href=\"https:\/\/versano.nl\/shop\/leren-dames-jas-biker-model-zwart-versano-miami\/\"><img loading=\"lazy\" decoding=\"async\" class=\"alignnone size-full wp-image-19878\" src=\"https:\/\/versano.nl\/wp-content\/uploads\/sites\/2\/2020\/04\/leren-jas-dames-zwart-biker-jack-miami-versano-thumb.jpg\" alt=\"\" width=\"57\" height=\"75\" \/><\/a><a href=\"https:\/\/versano.nl\/shop\/dames-leren-jasje-versano-miami-rood\/\"><img loading=\"lazy\" decoding=\"async\" class=\"alignnone size-full wp-image-19874\" src=\"https:\/\/versano.nl\/wp-content\/uploads\/sites\/2\/2020\/04\/leren-dames-biker-jack-rood-miami-versano-thumb.jpg\" alt=\"\" width=\"56\" height=\"75\" \/><\/a><\/span><\/p>\n<p><span style=\"color: #ff0000;\">Conseils d&#039;ajustement:<\/span>\u00a0La coupe de cette veste est bien ajust\u00e9e. Notre mannequin mesure 1,68 cm et porte une taille S.<\/p>\n<p>Si vous n&#039;\u00eates pas s\u00fbr de vos mesures, nous vous recommandons de commencer par mesurer vos mesures de taille et de les comparer avec notre tableau des tailles. Si vous n&#039;avez aucune exp\u00e9rience dans la mesure des tailles de circonf\u00e9rence, cliquez sur\u00a0<a href=\"https:\/\/www.youtube.com\/watch?v=3ZSfY87v6pM\"><em>ICI<\/em>\u00a0<\/a>\u00a0\u00e0\u00a0<a href=\"https:\/\/www.youtube.com\/watch?v=3ZSfY87v6pM\"><em><span style=\"color: #ff0000;\">VIDEO<\/span><\/em><\/a>\u00a0 avec des instructions. Vous pouvez \u00e9galement nous appeler ou nous appliquer directement! Nos employ\u00e9s sont toujours disponibles pour vous aider.<\/p>\n<p><strong>HEURE DE LIVRAISON :<\/strong>\u00a02 \u00e0 3 jours ouvr\u00e9s.<\/p>","protected":false},"featured_media":33546,"comment_status":"closed","ping_status":"closed","template":"","meta":[],"product_brand":[],"product_cat":[1472,90,874,875,1499,877,1470,879,1469,880,1712,881,878,882],"product_tag":[377,1561,1557,1562,95,98,349,142,101,105,106,107],"class_list":{"0":"post-2857","1":"product","2":"type-product","3":"status-publish","4":"has-post-thumbnail","6":"product_cat-biker-jas-dames","7":"product_cat-dames-leren-jassen","8":"product_cat-kort-leren-jasje","9":"product_cat-kort-leren-jasje-dames","10":"product_cat-leren-biker-jas-dames","11":"product_cat-leren-bikerjacks-dames","12":"product_cat-leren-dames-jas","13":"product_cat-leren-dames-jassen","14":"product_cat-leren-jas-dames","15":"product_cat-leren-jasje-dames","16":"product_cat-leren-jassen","17":"product_cat-leren-jassen-dames","18":"product_cat-leren-jassen-dames-uitverkoop","19":"product_cat-versano","20":"product_tag-dames-cognac","21":"product_tag-dames-leren-jas-bikerlook","22":"product_tag-dames-leren-jassen-sale","23":"product_tag-goedkope-leren-dames-jassen","24":"product_tag-korte-leren-jassen","25":"product_tag-leren-jasje","26":"product_tag-leren-jassen","27":"product_tag-online-dames-leren-jassen","28":"product_tag-online-leren-jassen","29":"product_tag-versano-leren-jassen","30":"product_tag-winter-leren-jassen","31":"product_tag-zomer-leren-jassen","32":"tm-no-options","34":"first","35":"instock","36":"sale","37":"taxable","38":"shipping-taxable","39":"purchasable","40":"product-type-variable"},"yoast_head":"<!-- This site is optimized with the Yoast SEO plugin v27.2 - https:\/\/yoast.com\/product\/yoast-seo-wordpress\/ -->\n<title>Dames leren jas cognac Miami Versano, leren dames jas cognac<\/title>\n<meta name=\"description\" content=\"Deze mooie bikerachtige stoere Dames leren jas cognac Miami Versano mag je niet missen. De jas is er in 4 kleuren, en mooi gedetailleerd.\" \/>\n<meta name=\"robots\" content=\"index, follow, max-snippet:-1, max-image-preview:large, max-video-preview:-1\" \/>\n<link rel=\"canonical\" href=\"https:\/\/versano.nl\/fr\/shop\/dames-leren-jas-versano-miami-cognac\/\" \/>\n<meta property=\"og:locale\" content=\"fr_FR\" \/>\n<meta property=\"og:type\" content=\"article\" \/>\n<meta property=\"og:title\" content=\"Dames leren jas cognac Miami Versano, leren dames jas cognac\" \/>\n<meta property=\"og:description\" content=\"Deze mooie bikerachtige stoere Dames leren jas cognac Miami Versano mag je niet missen. De jas is er in 4 kleuren, en mooi gedetailleerd.\" \/>\n<meta property=\"og:url\" content=\"https:\/\/versano.nl\/fr\/shop\/dames-leren-jas-versano-miami-cognac\/\" \/>\n<meta property=\"og:site_name\" content=\"Versano\" \/>\n<meta property=\"article:modified_time\" content=\"2026-04-11T21:36:01+00:00\" \/>\n<meta property=\"og:image\" content=\"https:\/\/versano.nl\/wp-content\/uploads\/2014\/12\/miami-cogn.jpg\" \/>\n\t<meta property=\"og:image:width\" content=\"600\" \/>\n\t<meta property=\"og:image:height\" content=\"800\" \/>\n\t<meta property=\"og:image:type\" content=\"image\/jpeg\" \/>\n<meta name=\"twitter:card\" content=\"summary_large_image\" \/>\n<meta name=\"twitter:label1\" content=\"Dur\u00e9e de lecture estim\u00e9e\" \/>\n\t<meta name=\"twitter:data1\" content=\"2 minutes\" \/>\n<script type=\"application\/ld+json\" class=\"yoast-schema-graph\">{\"@context\":\"https:\/\/schema.org\",\"@graph\":[{\"@type\":\"WebPage\",\"@id\":\"https:\/\/versano.nl\/shop\/dames-leren-jas-versano-miami-cognac\/\",\"url\":\"https:\/\/versano.nl\/shop\/dames-leren-jas-versano-miami-cognac\/\",\"name\":\"Dames leren jas cognac Miami Versano, leren dames jas cognac\",\"isPartOf\":{\"@id\":\"https:\/\/versano.nl\/#website\"},\"primaryImageOfPage\":{\"@id\":\"https:\/\/versano.nl\/shop\/dames-leren-jas-versano-miami-cognac\/#primaryimage\"},\"image\":{\"@id\":\"https:\/\/versano.nl\/shop\/dames-leren-jas-versano-miami-cognac\/#primaryimage\"},\"thumbnailUrl\":\"https:\/\/versano.nl\/wp-content\/uploads\/2014\/12\/miami-cogn.jpg\",\"datePublished\":\"2014-12-02T06:50:49+00:00\",\"dateModified\":\"2026-04-11T21:36:01+00:00\",\"description\":\"Deze mooie bikerachtige stoere Dames leren jas cognac Miami Versano mag je niet missen. De jas is er in 4 kleuren, en mooi gedetailleerd.\",\"breadcrumb\":{\"@id\":\"https:\/\/versano.nl\/shop\/dames-leren-jas-versano-miami-cognac\/#breadcrumb\"},\"inLanguage\":\"fr-FR\",\"potentialAction\":[{\"@type\":\"ReadAction\",\"target\":[\"https:\/\/versano.nl\/shop\/dames-leren-jas-versano-miami-cognac\/\"]}]},{\"@type\":\"ImageObject\",\"inLanguage\":\"fr-FR\",\"@id\":\"https:\/\/versano.nl\/shop\/dames-leren-jas-versano-miami-cognac\/#primaryimage\",\"url\":\"https:\/\/versano.nl\/wp-content\/uploads\/2014\/12\/miami-cogn.jpg\",\"contentUrl\":\"https:\/\/versano.nl\/wp-content\/uploads\/2014\/12\/miami-cogn.jpg\",\"width\":600,\"height\":800,\"caption\":\"Dames leren jas cognac\"},{\"@type\":\"BreadcrumbList\",\"@id\":\"https:\/\/versano.nl\/shop\/dames-leren-jas-versano-miami-cognac\/#breadcrumb\",\"itemListElement\":[{\"@type\":\"ListItem\",\"position\":1,\"name\":\"Home\",\"item\":\"https:\/\/versano.nl\/\"},{\"@type\":\"ListItem\",\"position\":2,\"name\":\"Shop\",\"item\":\"https:\/\/versano.nl\/shop\/\"},{\"@type\":\"ListItem\",\"position\":3,\"name\":\"Dames leren jas cognac Miami Versano\"}]},{\"@type\":\"WebSite\",\"@id\":\"https:\/\/versano.nl\/#website\",\"url\":\"https:\/\/versano.nl\/\",\"name\":\"Versano\",\"description\":\"winterjassen met bontkraag | leren dames jassen | leren heren jassen\",\"potentialAction\":[{\"@type\":\"SearchAction\",\"target\":{\"@type\":\"EntryPoint\",\"urlTemplate\":\"https:\/\/versano.nl\/?s={search_term_string}\"},\"query-input\":{\"@type\":\"PropertyValueSpecification\",\"valueRequired\":true,\"valueName\":\"search_term_string\"}}],\"inLanguage\":\"fr-FR\"}]}<\/script>\n<!-- \/ Yoast SEO plugin. -->","yoast_head_json":{"title":"Veste en cuir femme cognac Miami Versano, veste en cuir femme cognac","description":"Vous ne devriez pas manquer cette belle veste en cuir robuste de style motard cognac Miami Versano. La veste est disponible en 4 couleurs et joliment d\u00e9taill\u00e9e.","robots":{"index":"index","follow":"follow","max-snippet":"max-snippet:-1","max-image-preview":"max-image-preview:large","max-video-preview":"max-video-preview:-1"},"canonical":"https:\/\/versano.nl\/fr\/shop\/dames-leren-jas-versano-miami-cognac\/","og_locale":"fr_FR","og_type":"article","og_title":"Dames leren jas cognac Miami Versano, leren dames jas cognac","og_description":"Deze mooie bikerachtige stoere Dames leren jas cognac Miami Versano mag je niet missen. De jas is er in 4 kleuren, en mooi gedetailleerd.","og_url":"https:\/\/versano.nl\/fr\/shop\/dames-leren-jas-versano-miami-cognac\/","og_site_name":"Versano","article_modified_time":"2026-04-11T21:36:01+00:00","og_image":[{"width":600,"height":800,"url":"https:\/\/versano.nl\/wp-content\/uploads\/2014\/12\/miami-cogn.jpg","type":"image\/jpeg"}],"twitter_card":"summary_large_image","twitter_misc":{"Dur\u00e9e de lecture estim\u00e9e":"2 minutes"},"schema":{"@context":"https:\/\/schema.org","@graph":[{"@type":"WebPage","@id":"https:\/\/versano.nl\/shop\/dames-leren-jas-versano-miami-cognac\/","url":"https:\/\/versano.nl\/shop\/dames-leren-jas-versano-miami-cognac\/","name":"Veste en cuir femme cognac Miami Versano, veste en cuir femme cognac","isPartOf":{"@id":"https:\/\/versano.nl\/#website"},"primaryImageOfPage":{"@id":"https:\/\/versano.nl\/shop\/dames-leren-jas-versano-miami-cognac\/#primaryimage"},"image":{"@id":"https:\/\/versano.nl\/shop\/dames-leren-jas-versano-miami-cognac\/#primaryimage"},"thumbnailUrl":"https:\/\/versano.nl\/wp-content\/uploads\/2014\/12\/miami-cogn.jpg","datePublished":"2014-12-02T06:50:49+00:00","dateModified":"2026-04-11T21:36:01+00:00","description":"Vous ne devriez pas manquer cette belle veste en cuir robuste de style motard cognac Miami Versano. La veste est disponible en 4 couleurs et joliment d\u00e9taill\u00e9e.","breadcrumb":{"@id":"https:\/\/versano.nl\/shop\/dames-leren-jas-versano-miami-cognac\/#breadcrumb"},"inLanguage":"fr-FR","potentialAction":[{"@type":"ReadAction","target":["https:\/\/versano.nl\/shop\/dames-leren-jas-versano-miami-cognac\/"]}]},{"@type":"ImageObject","inLanguage":"fr-FR","@id":"https:\/\/versano.nl\/shop\/dames-leren-jas-versano-miami-cognac\/#primaryimage","url":"https:\/\/versano.nl\/wp-content\/uploads\/2014\/12\/miami-cogn.jpg","contentUrl":"https:\/\/versano.nl\/wp-content\/uploads\/2014\/12\/miami-cogn.jpg","width":600,"height":800,"caption":"Dames leren jas cognac"},{"@type":"BreadcrumbList","@id":"https:\/\/versano.nl\/shop\/dames-leren-jas-versano-miami-cognac\/#breadcrumb","itemListElement":[{"@type":"ListItem","position":1,"name":"Home","item":"https:\/\/versano.nl\/"},{"@type":"ListItem","position":2,"name":"Shop","item":"https:\/\/versano.nl\/shop\/"},{"@type":"ListItem","position":3,"name":"Dames leren jas cognac Miami Versano"}]},{"@type":"WebSite","@id":"https:\/\/versano.nl\/#website","url":"https:\/\/versano.nl\/","name":"Versano","description":"manteaux d&#039;hiver avec col en fourrure | vestes femme en cuir | vestes en cuir pour hommes","potentialAction":[{"@type":"SearchAction","target":{"@type":"EntryPoint","urlTemplate":"https:\/\/versano.nl\/?s={search_term_string}"},"query-input":{"@type":"PropertyValueSpecification","valueRequired":true,"valueName":"search_term_string"}}],"inLanguage":"fr-FR"}]}},"_links":{"self":[{"href":"https:\/\/versano.nl\/fr\/wp-json\/wp\/v2\/product\/2857","targetHints":{"allow":["GET"]}}],"collection":[{"href":"https:\/\/versano.nl\/fr\/wp-json\/wp\/v2\/product"}],"about":[{"href":"https:\/\/versano.nl\/fr\/wp-json\/wp\/v2\/types\/product"}],"replies":[{"embeddable":true,"href":"https:\/\/versano.nl\/fr\/wp-json\/wp\/v2\/comments?post=2857"}],"wp:featuredmedia":[{"embeddable":true,"href":"https:\/\/versano.nl\/fr\/wp-json\/wp\/v2\/media\/33546"}],"wp:attachment":[{"href":"https:\/\/versano.nl\/fr\/wp-json\/wp\/v2\/media?parent=2857"}],"wp:term":[{"taxonomy":"product_brand","embeddable":true,"href":"https:\/\/versano.nl\/fr\/wp-json\/wp\/v2\/product_brand?post=2857"},{"taxonomy":"product_cat","embeddable":true,"href":"https:\/\/versano.nl\/fr\/wp-json\/wp\/v2\/product_cat?post=2857"},{"taxonomy":"product_tag","embeddable":true,"href":"https:\/\/versano.nl\/fr\/wp-json\/wp\/v2\/product_tag?post=2857"}],"curies":[{"name":"wp","href":"https:\/\/api.w.org\/{rel}","templated":true}]}}