{"id":28362,"date":"2023-01-03T22:43:07","date_gmt":"2023-01-03T22:43:07","guid":{"rendered":"https:\/\/versano.nl\/?post_type=product&#038;p=28362"},"modified":"2025-01-15T14:06:29","modified_gmt":"2025-01-15T14:06:29","slug":"korte-heren-mantel-grijs-versano-john","status":"publish","type":"product","link":"https:\/\/versano.nl\/fr\/shop\/korte-heren-mantel-grijs-versano-john\/","title":{"rendered":"Manteau veste hommes slim-fit gris Versano John"},"content":{"rendered":"<h2>Manteau veste hommes slim-fit gris Versano John<\/h2>\n<p>Ben je toevallig op zoek naar een mooie heren mantel jas in de kleur grijs? Kijk niet verder want je bent bij het bekende jassen merk versano aan het juiste adres. De Johnson\u00a0 is de perfecte heren mantel jas die je lekker warm houd en je kan hem in meerdere seizoenen dragen! De Mantel jas heren slim-fit grijs John van het bekende jassen merk Versano is niet alleen stijlvol maar hij heeft ook een mooi getailleerde pasvorm. deze nieuwe model van Versano is een korte model met zakken die zich op heuphoogte bevinden. \u00a0De jas gaat dicht door middel van een knoopsluiting. Het is \u00e9\u00e9n model van de nieuwe collectie van Versano tegen een scherpe prijs. We hebben de Johnson ook in de kleuren zwart en camel te koop.<\/p>\n<h2>Un manteau cape avec un beau design<\/h2>\n<p>Connaissez-vous d\u00e9j\u00e0 Versano ? La marque Versano est surtout connue pour ses beaux mod\u00e8les sp\u00e9ciaux de vestes aux coupes italiennes sur mesure, mais ce n&#039;est pas seulement un design, nous l&#039;appelons &quot;UN \u00c9TAT DE L&#039;ART&quot;. Avec un si beau manteau de Versano, vous pouvez \u00eatre s\u00fbr que vous le porterez tout l&#039;hiver. Ce sont de belles vestes qui sont non seulement parfaitement con\u00e7ues, mais qui sont \u00e9galement fabriqu\u00e9es avec les meilleurs mat\u00e9riaux. Vous pouvez facilement commander les vestes manteaux pour hommes gris Versano John via notre boutique en ligne Versano. Nous avons rassembl\u00e9 ici toutes nos vestes pour vous afin que vous puissiez facilement passer une commande. Chez Versano, vous pouvez toujours \u00eatre s\u00fbr que vous achetez une belle veste qui a \u00e9t\u00e9 travaill\u00e9e avec soin et que vous appr\u00e9cierez beaucoup.<\/p>\n<p>&nbsp;<\/p>\n<p>&nbsp;<\/p>\n<p>Marque : Versano<br \/>\nlongueur: longueur courte<br \/>\nmat\u00e9riau : polyester 64%, viscon 34%, lycra 2%, synth\u00e9tique<br \/>\nCoupe : coupe ajust\u00e9e<br \/>\nDoublure: 100% polyester<\/p>\n<p><strong>Suppl\u00e9ments<\/strong><br \/>\nfermeture: fermeture \u00e0 bouton<br \/>\npoches : poches lat\u00e9rales<br \/>\nfonction : hydrofuge, coupe-vent<\/p>","protected":false},"excerpt":{"rendered":"<p><span style=\"color: #ff0000;\"><strong>Conseils d&#039;ajustement:\u00a0<\/strong><\/span>Coupe ajust\u00e9e, convient aux tailles n\u00e9erlandaises normales. Notre mannequin mesure 1,85 cm et porte un M.<\/p>\n<p>Si vous n&#039;\u00eates pas s\u00fbr de vos mesures, nous vous recommandons de commencer par mesurer vos mesures de taille et de les comparer avec notre tableau des tailles. Si vous n&#039;avez aucune exp\u00e9rience dans la mesure des tailles de circonf\u00e9rence, cliquez sur <a href=\"https:\/\/www.youtube.com\/watch?v=3ZSfY87v6pM\"><em>ICI<\/em>\u00a0<\/a>\u00a0\u00e0 <span style=\"color: #ff0000;\"><a style=\"color: #ff0000;\" href=\"https:\/\/www.youtube.com\/watch?v=3ZSfY87v6pM\"><em>VIDEO<\/em><\/a>\u00a0<\/span> avec des instructions. Vous pouvez \u00e9galement nous appeler ou nous appliquer directement! Nos employ\u00e9s sont toujours disponibles pour vous aider.<\/p>\n<p><strong><span style=\"color: #000000;\">HEURE DE LIVRAISON<\/span> :<\/strong> 2 \u00e0 3 jours ouvr\u00e9s.<\/p>","protected":false},"featured_media":28557,"comment_status":"closed","ping_status":"closed","template":"","meta":[],"product_brand":[],"product_cat":[2180,1547],"product_tag":[2183,2181,2182],"class_list":{"0":"post-28362","1":"product","2":"type-product","3":"status-publish","4":"has-post-thumbnail","6":"product_cat-heren-mantel-jassen","7":"product_cat-winterjassen-heren","8":"product_tag-grijze-heren-mantel","9":"product_tag-heren-mantel-grijs","10":"product_tag-korte-heren-mantel-grijs","11":"tm-no-options","13":"first","14":"instock","15":"taxable","16":"shipping-taxable","17":"product-type-variable"},"yoast_head":"<!-- This site is optimized with the Yoast SEO plugin v27.2 - https:\/\/yoast.com\/product\/yoast-seo-wordpress\/ -->\n<title>Mantel jas heren slim-fit grijs Versano John<\/title>\n<meta name=\"description\" content=\"Bent u op zoek naar een mooie Mantel jas heren slim-fit grijs Versano John? Dan ben je bij Versano aan het juiste adres.\" \/>\n<meta name=\"robots\" content=\"index, follow, max-snippet:-1, max-image-preview:large, max-video-preview:-1\" \/>\n<link rel=\"canonical\" href=\"https:\/\/versano.nl\/fr\/shop\/korte-heren-mantel-grijs-versano-john\/\" \/>\n<meta property=\"og:locale\" content=\"fr_FR\" \/>\n<meta property=\"og:type\" content=\"article\" \/>\n<meta property=\"og:title\" content=\"Mantel jas heren slim-fit grijs Versano John\" \/>\n<meta property=\"og:description\" content=\"Bent u op zoek naar een mooie Mantel jas heren slim-fit grijs Versano John? Dan ben je bij Versano aan het juiste adres.\" \/>\n<meta property=\"og:url\" content=\"https:\/\/versano.nl\/fr\/shop\/korte-heren-mantel-grijs-versano-john\/\" \/>\n<meta property=\"og:site_name\" content=\"Versano\" \/>\n<meta property=\"article:modified_time\" content=\"2025-01-15T14:06:29+00:00\" \/>\n<meta property=\"og:image\" content=\"https:\/\/versano.nl\/wp-content\/uploads\/2023\/01\/mantel-jas-heren-grijs-john-1.jpg\" \/>\n\t<meta property=\"og:image:width\" content=\"900\" \/>\n\t<meta property=\"og:image:height\" content=\"1200\" \/>\n\t<meta property=\"og:image:type\" content=\"image\/jpeg\" \/>\n<meta name=\"twitter:card\" content=\"summary_large_image\" \/>\n<meta name=\"twitter:label1\" content=\"Dur\u00e9e de lecture estim\u00e9e\" \/>\n\t<meta name=\"twitter:data1\" content=\"2 minutes\" \/>\n<script type=\"application\/ld+json\" class=\"yoast-schema-graph\">{\"@context\":\"https:\/\/schema.org\",\"@graph\":[{\"@type\":\"WebPage\",\"@id\":\"https:\/\/versano.nl\/shop\/korte-heren-mantel-grijs-versano-john\/\",\"url\":\"https:\/\/versano.nl\/shop\/korte-heren-mantel-grijs-versano-john\/\",\"name\":\"Mantel jas heren slim-fit grijs Versano John\",\"isPartOf\":{\"@id\":\"https:\/\/versano.nl\/#website\"},\"primaryImageOfPage\":{\"@id\":\"https:\/\/versano.nl\/shop\/korte-heren-mantel-grijs-versano-john\/#primaryimage\"},\"image\":{\"@id\":\"https:\/\/versano.nl\/shop\/korte-heren-mantel-grijs-versano-john\/#primaryimage\"},\"thumbnailUrl\":\"https:\/\/versano.nl\/wp-content\/uploads\/2023\/01\/mantel-jas-heren-grijs-john-1.jpg\",\"datePublished\":\"2023-01-03T22:43:07+00:00\",\"dateModified\":\"2025-01-15T14:06:29+00:00\",\"description\":\"Bent u op zoek naar een mooie Mantel jas heren slim-fit grijs Versano John? Dan ben je bij Versano aan het juiste adres.\",\"breadcrumb\":{\"@id\":\"https:\/\/versano.nl\/shop\/korte-heren-mantel-grijs-versano-john\/#breadcrumb\"},\"inLanguage\":\"fr-FR\",\"potentialAction\":[{\"@type\":\"ReadAction\",\"target\":[\"https:\/\/versano.nl\/shop\/korte-heren-mantel-grijs-versano-john\/\"]}]},{\"@type\":\"ImageObject\",\"inLanguage\":\"fr-FR\",\"@id\":\"https:\/\/versano.nl\/shop\/korte-heren-mantel-grijs-versano-john\/#primaryimage\",\"url\":\"https:\/\/versano.nl\/wp-content\/uploads\/2023\/01\/mantel-jas-heren-grijs-john-1.jpg\",\"contentUrl\":\"https:\/\/versano.nl\/wp-content\/uploads\/2023\/01\/mantel-jas-heren-grijs-john-1.jpg\",\"width\":900,\"height\":1200,\"caption\":\"Mantel jas heren slim-fit grijs Versano John\"},{\"@type\":\"BreadcrumbList\",\"@id\":\"https:\/\/versano.nl\/shop\/korte-heren-mantel-grijs-versano-john\/#breadcrumb\",\"itemListElement\":[{\"@type\":\"ListItem\",\"position\":1,\"name\":\"Home\",\"item\":\"https:\/\/versano.nl\/\"},{\"@type\":\"ListItem\",\"position\":2,\"name\":\"Shop\",\"item\":\"https:\/\/versano.nl\/shop\/\"},{\"@type\":\"ListItem\",\"position\":3,\"name\":\"Mantel jas heren slim-fit grijs Versano John\"}]},{\"@type\":\"WebSite\",\"@id\":\"https:\/\/versano.nl\/#website\",\"url\":\"https:\/\/versano.nl\/\",\"name\":\"Versano\",\"description\":\"winterjassen met bontkraag | leren dames jassen | leren heren jassen\",\"potentialAction\":[{\"@type\":\"SearchAction\",\"target\":{\"@type\":\"EntryPoint\",\"urlTemplate\":\"https:\/\/versano.nl\/?s={search_term_string}\"},\"query-input\":{\"@type\":\"PropertyValueSpecification\",\"valueRequired\":true,\"valueName\":\"search_term_string\"}}],\"inLanguage\":\"fr-FR\"}]}<\/script>\n<!-- \/ Yoast SEO plugin. -->","yoast_head_json":{"title":"Manteau veste hommes slim-fit gris Versano John","description":"Bent u op zoek naar een mooie Mantel jas heren slim-fit grijs Versano John? Dan ben je bij Versano aan het juiste adres.","robots":{"index":"index","follow":"follow","max-snippet":"max-snippet:-1","max-image-preview":"max-image-preview:large","max-video-preview":"max-video-preview:-1"},"canonical":"https:\/\/versano.nl\/fr\/shop\/korte-heren-mantel-grijs-versano-john\/","og_locale":"fr_FR","og_type":"article","og_title":"Mantel jas heren slim-fit grijs Versano John","og_description":"Bent u op zoek naar een mooie Mantel jas heren slim-fit grijs Versano John? Dan ben je bij Versano aan het juiste adres.","og_url":"https:\/\/versano.nl\/fr\/shop\/korte-heren-mantel-grijs-versano-john\/","og_site_name":"Versano","article_modified_time":"2025-01-15T14:06:29+00:00","og_image":[{"width":900,"height":1200,"url":"https:\/\/versano.nl\/wp-content\/uploads\/2023\/01\/mantel-jas-heren-grijs-john-1.jpg","type":"image\/jpeg"}],"twitter_card":"summary_large_image","twitter_misc":{"Dur\u00e9e de lecture estim\u00e9e":"2 minutes"},"schema":{"@context":"https:\/\/schema.org","@graph":[{"@type":"WebPage","@id":"https:\/\/versano.nl\/shop\/korte-heren-mantel-grijs-versano-john\/","url":"https:\/\/versano.nl\/shop\/korte-heren-mantel-grijs-versano-john\/","name":"Manteau veste hommes slim-fit gris Versano John","isPartOf":{"@id":"https:\/\/versano.nl\/#website"},"primaryImageOfPage":{"@id":"https:\/\/versano.nl\/shop\/korte-heren-mantel-grijs-versano-john\/#primaryimage"},"image":{"@id":"https:\/\/versano.nl\/shop\/korte-heren-mantel-grijs-versano-john\/#primaryimage"},"thumbnailUrl":"https:\/\/versano.nl\/wp-content\/uploads\/2023\/01\/mantel-jas-heren-grijs-john-1.jpg","datePublished":"2023-01-03T22:43:07+00:00","dateModified":"2025-01-15T14:06:29+00:00","description":"Bent u op zoek naar een mooie Mantel jas heren slim-fit grijs Versano John? Dan ben je bij Versano aan het juiste adres.","breadcrumb":{"@id":"https:\/\/versano.nl\/shop\/korte-heren-mantel-grijs-versano-john\/#breadcrumb"},"inLanguage":"fr-FR","potentialAction":[{"@type":"ReadAction","target":["https:\/\/versano.nl\/shop\/korte-heren-mantel-grijs-versano-john\/"]}]},{"@type":"ImageObject","inLanguage":"fr-FR","@id":"https:\/\/versano.nl\/shop\/korte-heren-mantel-grijs-versano-john\/#primaryimage","url":"https:\/\/versano.nl\/wp-content\/uploads\/2023\/01\/mantel-jas-heren-grijs-john-1.jpg","contentUrl":"https:\/\/versano.nl\/wp-content\/uploads\/2023\/01\/mantel-jas-heren-grijs-john-1.jpg","width":900,"height":1200,"caption":"Mantel jas heren slim-fit grijs Versano John"},{"@type":"BreadcrumbList","@id":"https:\/\/versano.nl\/shop\/korte-heren-mantel-grijs-versano-john\/#breadcrumb","itemListElement":[{"@type":"ListItem","position":1,"name":"Home","item":"https:\/\/versano.nl\/"},{"@type":"ListItem","position":2,"name":"Shop","item":"https:\/\/versano.nl\/shop\/"},{"@type":"ListItem","position":3,"name":"Mantel jas heren slim-fit grijs Versano John"}]},{"@type":"WebSite","@id":"https:\/\/versano.nl\/#website","url":"https:\/\/versano.nl\/","name":"Versano","description":"manteaux d&#039;hiver avec col en fourrure | vestes femme en cuir | vestes en cuir pour hommes","potentialAction":[{"@type":"SearchAction","target":{"@type":"EntryPoint","urlTemplate":"https:\/\/versano.nl\/?s={search_term_string}"},"query-input":{"@type":"PropertyValueSpecification","valueRequired":true,"valueName":"search_term_string"}}],"inLanguage":"fr-FR"}]}},"_links":{"self":[{"href":"https:\/\/versano.nl\/fr\/wp-json\/wp\/v2\/product\/28362","targetHints":{"allow":["GET"]}}],"collection":[{"href":"https:\/\/versano.nl\/fr\/wp-json\/wp\/v2\/product"}],"about":[{"href":"https:\/\/versano.nl\/fr\/wp-json\/wp\/v2\/types\/product"}],"replies":[{"embeddable":true,"href":"https:\/\/versano.nl\/fr\/wp-json\/wp\/v2\/comments?post=28362"}],"wp:featuredmedia":[{"embeddable":true,"href":"https:\/\/versano.nl\/fr\/wp-json\/wp\/v2\/media\/28557"}],"wp:attachment":[{"href":"https:\/\/versano.nl\/fr\/wp-json\/wp\/v2\/media?parent=28362"}],"wp:term":[{"taxonomy":"product_brand","embeddable":true,"href":"https:\/\/versano.nl\/fr\/wp-json\/wp\/v2\/product_brand?post=28362"},{"taxonomy":"product_cat","embeddable":true,"href":"https:\/\/versano.nl\/fr\/wp-json\/wp\/v2\/product_cat?post=28362"},{"taxonomy":"product_tag","embeddable":true,"href":"https:\/\/versano.nl\/fr\/wp-json\/wp\/v2\/product_tag?post=28362"}],"curies":[{"name":"wp","href":"https:\/\/api.w.org\/{rel}","templated":true}]}}