{"id":28300,"date":"2023-01-01T20:51:38","date_gmt":"2023-01-01T20:51:38","guid":{"rendered":"https:\/\/versano.nl\/shop\/lange-dames-mantel-jas-versano-delfin-camel\/"},"modified":"2026-03-13T11:22:20","modified_gmt":"2026-03-13T11:22:20","slug":"lange-dames-mantel-jas-versano-delfin-camel","status":"publish","type":"product","link":"https:\/\/versano.nl\/fr\/shop\/lange-dames-mantel-jas-versano-delfin-camel\/","title":{"rendered":"Veste manteau long femme Versano Delfin camel"},"content":{"rendered":"<h2>Veste manteau long femme Versano Delfin camel<\/h2>\n<p>Vous cherchez par hasard un beau manteau pour femme ? Ne cherchez pas plus loin car vous \u00eates au bon endroit chez la c\u00e9l\u00e8bre marque de vestes Versano. Le Violet est le manteau femme parfait qui vous garde bien au chaud et vous pouvez le porter en plusieurs saisons ! La veste longue pour femme Versano Delfin camel de la c\u00e9l\u00e8bre marque de vestes Versano est non seulement \u00e9l\u00e9gante, mais elle a \u00e9galement une coupe bien ajust\u00e9e. ce nouveau mod\u00e8le de Versano est un mod\u00e8le long avec des poches situ\u00e9es \u00e0 hauteur des hanches. La veste se ferme par une fermeture boutonn\u00e9e. C&#039;est un mod\u00e8le de la nouvelle collection Versano \u00e0 un prix comp\u00e9titif. Nous avons \u00e9galement le Delfin en noir \u00e0 vendre.<\/p>\n<h2>Un manteau cape avec un beau design<\/h2>\n<p>Connaissez-vous d\u00e9j\u00e0 Versano ? La marque Versano est surtout connue pour ses beaux mod\u00e8les sp\u00e9ciaux de vestes aux coupes italiennes sur mesure, mais ce n&#039;est pas seulement un design, nous l&#039;appelons &quot;UN \u00c9TAT DE L&#039;ART&quot;. Avec un si beau manteau de Versano, vous pouvez \u00eatre s\u00fbr que vous le porterez tout l&#039;hiver. Ce sont de belles vestes qui sont non seulement parfaitement con\u00e7ues, mais qui sont \u00e9galement fabriqu\u00e9es avec les meilleurs mat\u00e9riaux. Vous pouvez facilement commander la veste manteau longue femme Versano Delfin camel via notre boutique en ligne Versano. Nous avons rassembl\u00e9 ici toutes nos vestes pour vous afin que vous puissiez facilement passer une commande. Chez Versano, vous pouvez toujours \u00eatre s\u00fbr que vous achetez une belle veste qui a \u00e9t\u00e9 travaill\u00e9e avec soin et que vous appr\u00e9cierez beaucoup.<\/p>\n<p>&nbsp;<\/p>\n<p>Marque : Versano<br \/>\nlongueur: longue<br \/>\nmat\u00e9riau : polyester 64%, viscon 34%, lycra 2%, synth\u00e9tique<br \/>\nCoupe: ajust\u00e9e<br \/>\nDoublure: 100% polyester<br \/>\nfermeture: fermeture \u00e0 boutons<br \/>\npoches : poches lat\u00e9rales<br \/>\nFonction: imperm\u00e9able, coupe-vent<\/p>","protected":false},"excerpt":{"rendered":"<p><span style=\"color: #ff0000;\"><strong>Conseils d&#039;ajustement:<\/strong><\/span><\/p>\n<p><span style=\"color: #ff0000;\">Slim fit pasvorm, bekijk de maattabel voor de juiste maat.<\/span><\/p>\n<p><span style=\"color: #ff0000;\">Onze model is 1,70 m en weegt 62 kg, ze draagt maat Small.<\/span><\/p>\n<p>Si vous n&#039;\u00eates pas s\u00fbr de vos mesures, nous vous recommandons de commencer par mesurer vos mesures de taille et de les comparer avec notre tableau des tailles. Si vous n&#039;avez aucune exp\u00e9rience dans la mesure des tailles de circonf\u00e9rence, cliquez sur <a href=\"https:\/\/www.youtube.com\/watch?v=3ZSfY87v6pM\"><em>ICI<\/em>\u00a0<\/a>\u00a0\u00e0 <span style=\"color: #ff0000;\"><a style=\"color: #ff0000;\" href=\"https:\/\/www.youtube.com\/watch?v=3ZSfY87v6pM\"><em>VIDEO<\/em><\/a>\u00a0<\/span> avec des instructions. Vous pouvez \u00e9galement nous appeler ou nous appliquer directement! Nos employ\u00e9s sont toujours disponibles pour vous aider.<\/p>\n<p>&nbsp;<\/p>\n<p><strong><span style=\"color: #000000;\">HEURE DE LIVRAISON<\/span> :<\/strong> 2 \u00e0 3 jours ouvr\u00e9s.<\/p>","protected":false},"featured_media":35177,"comment_status":"closed","ping_status":"closed","template":"","meta":[],"product_brand":[],"product_cat":[2211,2207,2209,2208,2151,1339,2210],"product_tag":[2172,2173,2159],"class_list":{"0":"post-28300","1":"product","2":"type-product","3":"status-publish","4":"has-post-thumbnail","6":"product_cat-dames-getailleerde-manteljas","7":"product_cat-dames-manteljas","8":"product_cat-dames-wollen-jas","9":"product_cat-lange-manteljas-dames","10":"product_cat-dames-mantel-jassen","11":"product_cat-winterjassen-dames","12":"product_cat-wollen-jas-dames","13":"product_tag-dames-mantel-lang-model-camel","14":"product_tag-extra-lange-dames-mantel","15":"product_tag-lange-dames-mantel-camel","16":"tm-no-options","18":"first","19":"instock","20":"sale","21":"taxable","22":"shipping-taxable","23":"purchasable","24":"product-type-variable"},"yoast_head":"<!-- This site is optimized with the Yoast SEO plugin v27.2 - https:\/\/yoast.com\/product\/yoast-seo-wordpress\/ -->\n<title>Lange dames mantel jas Versano Delfin camel<\/title>\n<meta name=\"description\" content=\"Ben je op zoek naar een mooie Lange dames mantel jas Versano Delfin camel? Dan ben je bij Versano aan het juiste adres.\" \/>\n<meta name=\"robots\" content=\"index, follow, max-snippet:-1, max-image-preview:large, max-video-preview:-1\" \/>\n<link rel=\"canonical\" href=\"https:\/\/versano.nl\/fr\/shop\/lange-dames-mantel-jas-versano-delfin-camel\/\" \/>\n<meta property=\"og:locale\" content=\"fr_FR\" \/>\n<meta property=\"og:type\" content=\"article\" \/>\n<meta property=\"og:title\" content=\"Lange dames mantel jas Versano Delfin camel\" \/>\n<meta property=\"og:description\" content=\"Ben je op zoek naar een mooie Lange dames mantel jas Versano Delfin camel? Dan ben je bij Versano aan het juiste adres.\" \/>\n<meta property=\"og:url\" content=\"https:\/\/versano.nl\/fr\/shop\/lange-dames-mantel-jas-versano-delfin-camel\/\" \/>\n<meta property=\"og:site_name\" content=\"Versano\" \/>\n<meta property=\"article:modified_time\" content=\"2026-03-13T11:22:20+00:00\" \/>\n<meta property=\"og:image\" content=\"https:\/\/versano.nl\/wp-content\/uploads\/2023\/01\/Delfin-manteljas-4-1.jpg\" \/>\n\t<meta property=\"og:image:width\" content=\"799\" \/>\n\t<meta property=\"og:image:height\" content=\"1200\" \/>\n\t<meta property=\"og:image:type\" content=\"image\/jpeg\" \/>\n<meta name=\"twitter:card\" content=\"summary_large_image\" \/>\n<meta name=\"twitter:label1\" content=\"Dur\u00e9e de lecture estim\u00e9e\" \/>\n\t<meta name=\"twitter:data1\" content=\"2 minutes\" \/>\n<script type=\"application\/ld+json\" class=\"yoast-schema-graph\">{\"@context\":\"https:\/\/schema.org\",\"@graph\":[{\"@type\":\"WebPage\",\"@id\":\"https:\/\/versano.nl\/shop\/lange-dames-mantel-jas-versano-delfin-camel\/\",\"url\":\"https:\/\/versano.nl\/shop\/lange-dames-mantel-jas-versano-delfin-camel\/\",\"name\":\"Lange dames mantel jas Versano Delfin camel\",\"isPartOf\":{\"@id\":\"https:\/\/versano.nl\/#website\"},\"primaryImageOfPage\":{\"@id\":\"https:\/\/versano.nl\/shop\/lange-dames-mantel-jas-versano-delfin-camel\/#primaryimage\"},\"image\":{\"@id\":\"https:\/\/versano.nl\/shop\/lange-dames-mantel-jas-versano-delfin-camel\/#primaryimage\"},\"thumbnailUrl\":\"https:\/\/versano.nl\/wp-content\/uploads\/2023\/01\/Delfin-manteljas-4-1.jpg\",\"datePublished\":\"2023-01-01T20:51:38+00:00\",\"dateModified\":\"2026-03-13T11:22:20+00:00\",\"description\":\"Ben je op zoek naar een mooie Lange dames mantel jas Versano Delfin camel? Dan ben je bij Versano aan het juiste adres.\",\"breadcrumb\":{\"@id\":\"https:\/\/versano.nl\/shop\/lange-dames-mantel-jas-versano-delfin-camel\/#breadcrumb\"},\"inLanguage\":\"fr-FR\",\"potentialAction\":[{\"@type\":\"ReadAction\",\"target\":[\"https:\/\/versano.nl\/shop\/lange-dames-mantel-jas-versano-delfin-camel\/\"]}]},{\"@type\":\"ImageObject\",\"inLanguage\":\"fr-FR\",\"@id\":\"https:\/\/versano.nl\/shop\/lange-dames-mantel-jas-versano-delfin-camel\/#primaryimage\",\"url\":\"https:\/\/versano.nl\/wp-content\/uploads\/2023\/01\/Delfin-manteljas-4-1.jpg\",\"contentUrl\":\"https:\/\/versano.nl\/wp-content\/uploads\/2023\/01\/Delfin-manteljas-4-1.jpg\",\"width\":799,\"height\":1200,\"caption\":\"Lange dames mantel jas Versano Delfin camel\"},{\"@type\":\"BreadcrumbList\",\"@id\":\"https:\/\/versano.nl\/shop\/lange-dames-mantel-jas-versano-delfin-camel\/#breadcrumb\",\"itemListElement\":[{\"@type\":\"ListItem\",\"position\":1,\"name\":\"Home\",\"item\":\"https:\/\/versano.nl\/\"},{\"@type\":\"ListItem\",\"position\":2,\"name\":\"Shop\",\"item\":\"https:\/\/versano.nl\/shop\/\"},{\"@type\":\"ListItem\",\"position\":3,\"name\":\"Lange dames mantel jas Versano Delfin camel\"}]},{\"@type\":\"WebSite\",\"@id\":\"https:\/\/versano.nl\/#website\",\"url\":\"https:\/\/versano.nl\/\",\"name\":\"Versano\",\"description\":\"winterjassen met bontkraag | leren dames jassen | leren heren jassen\",\"potentialAction\":[{\"@type\":\"SearchAction\",\"target\":{\"@type\":\"EntryPoint\",\"urlTemplate\":\"https:\/\/versano.nl\/?s={search_term_string}\"},\"query-input\":{\"@type\":\"PropertyValueSpecification\",\"valueRequired\":true,\"valueName\":\"search_term_string\"}}],\"inLanguage\":\"fr-FR\"}]}<\/script>\n<!-- \/ Yoast SEO plugin. -->","yoast_head_json":{"title":"Veste manteau long femme Versano Delfin camel","description":"Vous \u00eates \u00e0 la recherche d&#039;une belle veste manteau longue femme Versano Delfin camel ? Alors vous \u00eates au bon endroit chez Versano.","robots":{"index":"index","follow":"follow","max-snippet":"max-snippet:-1","max-image-preview":"max-image-preview:large","max-video-preview":"max-video-preview:-1"},"canonical":"https:\/\/versano.nl\/fr\/shop\/lange-dames-mantel-jas-versano-delfin-camel\/","og_locale":"fr_FR","og_type":"article","og_title":"Lange dames mantel jas Versano Delfin camel","og_description":"Ben je op zoek naar een mooie Lange dames mantel jas Versano Delfin camel? Dan ben je bij Versano aan het juiste adres.","og_url":"https:\/\/versano.nl\/fr\/shop\/lange-dames-mantel-jas-versano-delfin-camel\/","og_site_name":"Versano","article_modified_time":"2026-03-13T11:22:20+00:00","og_image":[{"width":799,"height":1200,"url":"https:\/\/versano.nl\/wp-content\/uploads\/2023\/01\/Delfin-manteljas-4-1.jpg","type":"image\/jpeg"}],"twitter_card":"summary_large_image","twitter_misc":{"Dur\u00e9e de lecture estim\u00e9e":"2 minutes"},"schema":{"@context":"https:\/\/schema.org","@graph":[{"@type":"WebPage","@id":"https:\/\/versano.nl\/shop\/lange-dames-mantel-jas-versano-delfin-camel\/","url":"https:\/\/versano.nl\/shop\/lange-dames-mantel-jas-versano-delfin-camel\/","name":"Veste manteau long femme Versano Delfin camel","isPartOf":{"@id":"https:\/\/versano.nl\/#website"},"primaryImageOfPage":{"@id":"https:\/\/versano.nl\/shop\/lange-dames-mantel-jas-versano-delfin-camel\/#primaryimage"},"image":{"@id":"https:\/\/versano.nl\/shop\/lange-dames-mantel-jas-versano-delfin-camel\/#primaryimage"},"thumbnailUrl":"https:\/\/versano.nl\/wp-content\/uploads\/2023\/01\/Delfin-manteljas-4-1.jpg","datePublished":"2023-01-01T20:51:38+00:00","dateModified":"2026-03-13T11:22:20+00:00","description":"Vous \u00eates \u00e0 la recherche d&#039;une belle veste manteau longue femme Versano Delfin camel ? Alors vous \u00eates au bon endroit chez Versano.","breadcrumb":{"@id":"https:\/\/versano.nl\/shop\/lange-dames-mantel-jas-versano-delfin-camel\/#breadcrumb"},"inLanguage":"fr-FR","potentialAction":[{"@type":"ReadAction","target":["https:\/\/versano.nl\/shop\/lange-dames-mantel-jas-versano-delfin-camel\/"]}]},{"@type":"ImageObject","inLanguage":"fr-FR","@id":"https:\/\/versano.nl\/shop\/lange-dames-mantel-jas-versano-delfin-camel\/#primaryimage","url":"https:\/\/versano.nl\/wp-content\/uploads\/2023\/01\/Delfin-manteljas-4-1.jpg","contentUrl":"https:\/\/versano.nl\/wp-content\/uploads\/2023\/01\/Delfin-manteljas-4-1.jpg","width":799,"height":1200,"caption":"Lange dames mantel jas Versano Delfin camel"},{"@type":"BreadcrumbList","@id":"https:\/\/versano.nl\/shop\/lange-dames-mantel-jas-versano-delfin-camel\/#breadcrumb","itemListElement":[{"@type":"ListItem","position":1,"name":"Home","item":"https:\/\/versano.nl\/"},{"@type":"ListItem","position":2,"name":"Shop","item":"https:\/\/versano.nl\/shop\/"},{"@type":"ListItem","position":3,"name":"Lange dames mantel jas Versano Delfin camel"}]},{"@type":"WebSite","@id":"https:\/\/versano.nl\/#website","url":"https:\/\/versano.nl\/","name":"Versano","description":"manteaux d&#039;hiver avec col en fourrure | vestes femme en cuir | vestes en cuir pour hommes","potentialAction":[{"@type":"SearchAction","target":{"@type":"EntryPoint","urlTemplate":"https:\/\/versano.nl\/?s={search_term_string}"},"query-input":{"@type":"PropertyValueSpecification","valueRequired":true,"valueName":"search_term_string"}}],"inLanguage":"fr-FR"}]}},"_links":{"self":[{"href":"https:\/\/versano.nl\/fr\/wp-json\/wp\/v2\/product\/28300","targetHints":{"allow":["GET"]}}],"collection":[{"href":"https:\/\/versano.nl\/fr\/wp-json\/wp\/v2\/product"}],"about":[{"href":"https:\/\/versano.nl\/fr\/wp-json\/wp\/v2\/types\/product"}],"replies":[{"embeddable":true,"href":"https:\/\/versano.nl\/fr\/wp-json\/wp\/v2\/comments?post=28300"}],"wp:featuredmedia":[{"embeddable":true,"href":"https:\/\/versano.nl\/fr\/wp-json\/wp\/v2\/media\/35177"}],"wp:attachment":[{"href":"https:\/\/versano.nl\/fr\/wp-json\/wp\/v2\/media?parent=28300"}],"wp:term":[{"taxonomy":"product_brand","embeddable":true,"href":"https:\/\/versano.nl\/fr\/wp-json\/wp\/v2\/product_brand?post=28300"},{"taxonomy":"product_cat","embeddable":true,"href":"https:\/\/versano.nl\/fr\/wp-json\/wp\/v2\/product_cat?post=28300"},{"taxonomy":"product_tag","embeddable":true,"href":"https:\/\/versano.nl\/fr\/wp-json\/wp\/v2\/product_tag?post=28300"}],"curies":[{"name":"wp","href":"https:\/\/api.w.org\/{rel}","templated":true}]}}