{"id":28243,"date":"2023-01-01T19:34:03","date_gmt":"2023-01-01T19:34:03","guid":{"rendered":"https:\/\/versano.nl\/shop\/dames-mantel-jas-versano-valentina-zwart\/"},"modified":"2024-12-13T11:32:53","modified_gmt":"2024-12-13T11:32:53","slug":"dames-mantel-jas-versano-valentina-zwart","status":"publish","type":"product","link":"https:\/\/versano.nl\/fr\/shop\/dames-mantel-jas-versano-valentina-zwart\/","title":{"rendered":"Manteau veste en laine dames Versano Valentina noir"},"content":{"rendered":"<h2>Manteau veste en laine dames Versano Valentina noir<\/h2>\n<p>Ben je toevallig op zoek naar een mooie dames mantel jas in de kleur zwart? Kijk niet verder want je bent bij het bekende jassen merk versano aan het juiste adres. De Valentina is de perfecte dames mantel jas die je lekker warm houd en je kan hem in meerdere seizoenen dragen! De Dames mantel wol jas Valentina zwart van Versano is niet alleen stijlvol maar hij heeft ook een mooi getailleerde pasvorm. deze nieuwe model van Versano is een 3 kwart lange model met zakken die zich op heuphoogte bevinden. \u00a0De jas gaat dicht door middel van een knoopsluiting. Het is \u00e9\u00e9n model van de nieuwe collectie van Versano tegen een scherpe prijs. We hebben de Valentino ook in de kleuren camel en rood te koop.<\/p>\n<h2>Un manteau cape avec un beau design<\/h2>\n<p>Connaissez-vous d\u00e9j\u00e0 Versano ? La marque Versano est surtout connue pour ses beaux mod\u00e8les sp\u00e9ciaux de vestes aux coupes italiennes sur mesure, mais ce n&#039;est pas seulement un design, nous l&#039;appelons &quot;UN \u00c9TAT DE L&#039;ART&quot;. Avec un si beau manteau de Versano, vous pouvez \u00eatre s\u00fbr que vous le porterez tout l&#039;hiver. Ce sont de belles vestes qui sont non seulement parfaitement con\u00e7ues, mais qui sont \u00e9galement fabriqu\u00e9es avec les meilleurs mat\u00e9riaux. Vous pouvez facilement commander la veste manteau pour femme Valentina en noir via notre boutique en ligne Versano. Nous avons rassembl\u00e9 ici toutes nos vestes pour vous afin que vous puissiez facilement passer une commande. Chez Versano, vous pouvez toujours \u00eatre s\u00fbr que vous achetez une belle veste qui a \u00e9t\u00e9 travaill\u00e9e avec soin et que vous appr\u00e9cierez beaucoup.<\/p>\n<p>Marque : Versano<br \/>\nlongueur : 3 quarts<br \/>\nmat\u00e9riau : polyester 64%, viscon 34%, lycra 2%, synth\u00e9tique<br \/>\nCoupe: ajust\u00e9e<br \/>\nDoublure: 100% polyester<br \/>\nfermeture: fermeture \u00e0 boutons<br \/>\nPoches: poches avec robinet<\/p>\n<p>Fonction: imperm\u00e9able, coupe-vent<\/p>","protected":false},"excerpt":{"rendered":"<p>Si vous n&#039;\u00eates pas s\u00fbr de vos mesures, nous vous recommandons de commencer par mesurer vos mesures de taille et de les comparer avec notre tableau des tailles. Si vous n&#039;avez aucune exp\u00e9rience dans la mesure des tailles de circonf\u00e9rence, cliquez sur <a href=\"https:\/\/www.youtube.com\/watch?v=3ZSfY87v6pM\"><em>ICI<\/em>\u00a0<\/a>\u00a0\u00e0 <span style=\"color: #ff0000;\"><a style=\"color: #ff0000;\" href=\"https:\/\/www.youtube.com\/watch?v=3ZSfY87v6pM\"><em>VIDEO<\/em><\/a>\u00a0<\/span> avec des instructions. Vous pouvez \u00e9galement nous appeler ou nous appliquer directement! Nos employ\u00e9s sont toujours disponibles pour vous aider.<\/p>\n<p>Dit model valt 1 maat kleiner dan gewoonlijk. Bestel 1 maat groter dan dat u normaal heeft.<\/p>\n<p><strong><span style=\"color: #000000;\">HEURE DE LIVRAISON<\/span> :<\/strong> 2 \u00e0 3 jours ouvr\u00e9s.<\/p>","protected":false},"featured_media":28527,"comment_status":"closed","ping_status":"closed","template":"","meta":[],"product_brand":[],"product_cat":[2151,1339],"product_tag":[2157,2155,2154,2156],"class_list":{"0":"post-28243","1":"product","2":"type-product","3":"status-publish","4":"has-post-thumbnail","6":"product_cat-dames-mantel-jassen","7":"product_cat-winterjassen-dames","8":"product_tag-dames-mantel-jassen-zwart","9":"product_tag-dames-mantel-zwart","10":"product_tag-zwarte-dames-mantel","11":"product_tag-zwarte-dames-mantels","12":"product_shipping_class-verzendkosten-1","13":"tm-no-options","15":"first","16":"instock","17":"taxable","18":"shipping-taxable","19":"product-type-variable"},"yoast_head":"<!-- This site is optimized with the Yoast SEO plugin v27.2 - https:\/\/yoast.com\/product\/yoast-seo-wordpress\/ -->\n<title>Mantel wol jas dames Versano Violet zwart<\/title>\n<meta name=\"description\" content=\"Ben je op zoek naar een mooie Mantel wol jas dames Versano Valentina zwart? Dan ben je bij Versano aan het juiste adres.\" \/>\n<meta name=\"robots\" content=\"index, follow, max-snippet:-1, max-image-preview:large, max-video-preview:-1\" \/>\n<link rel=\"canonical\" href=\"https:\/\/versano.nl\/fr\/shop\/dames-mantel-jas-versano-valentina-zwart\/\" \/>\n<meta property=\"og:locale\" content=\"fr_FR\" \/>\n<meta property=\"og:type\" content=\"article\" \/>\n<meta property=\"og:title\" content=\"Mantel wol jas dames Versano Violet zwart\" \/>\n<meta property=\"og:description\" content=\"Ben je op zoek naar een mooie Mantel wol jas dames Versano Valentina zwart? Dan ben je bij Versano aan het juiste adres.\" \/>\n<meta property=\"og:url\" content=\"https:\/\/versano.nl\/fr\/shop\/dames-mantel-jas-versano-valentina-zwart\/\" \/>\n<meta property=\"og:site_name\" content=\"Versano\" \/>\n<meta property=\"article:modified_time\" content=\"2024-12-13T11:32:53+00:00\" \/>\n<meta property=\"og:image\" content=\"https:\/\/versano.nl\/wp-content\/uploads\/2023\/01\/valantina-zwart-1.jpg\" \/>\n\t<meta property=\"og:image:width\" content=\"900\" \/>\n\t<meta property=\"og:image:height\" content=\"1200\" \/>\n\t<meta property=\"og:image:type\" content=\"image\/jpeg\" \/>\n<meta name=\"twitter:card\" content=\"summary_large_image\" \/>\n<meta name=\"twitter:label1\" content=\"Dur\u00e9e de lecture estim\u00e9e\" \/>\n\t<meta name=\"twitter:data1\" content=\"2 minutes\" \/>\n<script type=\"application\/ld+json\" class=\"yoast-schema-graph\">{\"@context\":\"https:\/\/schema.org\",\"@graph\":[{\"@type\":\"WebPage\",\"@id\":\"https:\/\/versano.nl\/shop\/dames-mantel-jas-versano-valentina-zwart\/\",\"url\":\"https:\/\/versano.nl\/shop\/dames-mantel-jas-versano-valentina-zwart\/\",\"name\":\"Mantel wol jas dames Versano Violet zwart\",\"isPartOf\":{\"@id\":\"https:\/\/versano.nl\/#website\"},\"primaryImageOfPage\":{\"@id\":\"https:\/\/versano.nl\/shop\/dames-mantel-jas-versano-valentina-zwart\/#primaryimage\"},\"image\":{\"@id\":\"https:\/\/versano.nl\/shop\/dames-mantel-jas-versano-valentina-zwart\/#primaryimage\"},\"thumbnailUrl\":\"https:\/\/versano.nl\/wp-content\/uploads\/2023\/01\/valantina-zwart-1.jpg\",\"datePublished\":\"2023-01-01T19:34:03+00:00\",\"dateModified\":\"2024-12-13T11:32:53+00:00\",\"description\":\"Ben je op zoek naar een mooie Mantel wol jas dames Versano Valentina zwart? Dan ben je bij Versano aan het juiste adres.\",\"breadcrumb\":{\"@id\":\"https:\/\/versano.nl\/shop\/dames-mantel-jas-versano-valentina-zwart\/#breadcrumb\"},\"inLanguage\":\"fr-FR\",\"potentialAction\":[{\"@type\":\"ReadAction\",\"target\":[\"https:\/\/versano.nl\/shop\/dames-mantel-jas-versano-valentina-zwart\/\"]}]},{\"@type\":\"ImageObject\",\"inLanguage\":\"fr-FR\",\"@id\":\"https:\/\/versano.nl\/shop\/dames-mantel-jas-versano-valentina-zwart\/#primaryimage\",\"url\":\"https:\/\/versano.nl\/wp-content\/uploads\/2023\/01\/valantina-zwart-1.jpg\",\"contentUrl\":\"https:\/\/versano.nl\/wp-content\/uploads\/2023\/01\/valantina-zwart-1.jpg\",\"width\":900,\"height\":1200,\"caption\":\"Mantel wol jas dames Versano Valentina zwart\"},{\"@type\":\"BreadcrumbList\",\"@id\":\"https:\/\/versano.nl\/shop\/dames-mantel-jas-versano-valentina-zwart\/#breadcrumb\",\"itemListElement\":[{\"@type\":\"ListItem\",\"position\":1,\"name\":\"Home\",\"item\":\"https:\/\/versano.nl\/\"},{\"@type\":\"ListItem\",\"position\":2,\"name\":\"Shop\",\"item\":\"https:\/\/versano.nl\/shop\/\"},{\"@type\":\"ListItem\",\"position\":3,\"name\":\"Mantel wol jas dames Versano Valentina zwart\"}]},{\"@type\":\"WebSite\",\"@id\":\"https:\/\/versano.nl\/#website\",\"url\":\"https:\/\/versano.nl\/\",\"name\":\"Versano\",\"description\":\"winterjassen met bontkraag | leren dames jassen | leren heren jassen\",\"potentialAction\":[{\"@type\":\"SearchAction\",\"target\":{\"@type\":\"EntryPoint\",\"urlTemplate\":\"https:\/\/versano.nl\/?s={search_term_string}\"},\"query-input\":{\"@type\":\"PropertyValueSpecification\",\"valueRequired\":true,\"valueName\":\"search_term_string\"}}],\"inLanguage\":\"fr-FR\"}]}<\/script>\n<!-- \/ Yoast SEO plugin. -->","yoast_head_json":{"title":"Mantel wol jas dames Versano Violet zwart","description":"Ben je op zoek naar een mooie Mantel wol jas dames Versano Valentina zwart? Dan ben je bij Versano aan het juiste adres.","robots":{"index":"index","follow":"follow","max-snippet":"max-snippet:-1","max-image-preview":"max-image-preview:large","max-video-preview":"max-video-preview:-1"},"canonical":"https:\/\/versano.nl\/fr\/shop\/dames-mantel-jas-versano-valentina-zwart\/","og_locale":"fr_FR","og_type":"article","og_title":"Mantel wol jas dames Versano Violet zwart","og_description":"Ben je op zoek naar een mooie Mantel wol jas dames Versano Valentina zwart? Dan ben je bij Versano aan het juiste adres.","og_url":"https:\/\/versano.nl\/fr\/shop\/dames-mantel-jas-versano-valentina-zwart\/","og_site_name":"Versano","article_modified_time":"2024-12-13T11:32:53+00:00","og_image":[{"width":900,"height":1200,"url":"https:\/\/versano.nl\/wp-content\/uploads\/2023\/01\/valantina-zwart-1.jpg","type":"image\/jpeg"}],"twitter_card":"summary_large_image","twitter_misc":{"Dur\u00e9e de lecture estim\u00e9e":"2 minutes"},"schema":{"@context":"https:\/\/schema.org","@graph":[{"@type":"WebPage","@id":"https:\/\/versano.nl\/shop\/dames-mantel-jas-versano-valentina-zwart\/","url":"https:\/\/versano.nl\/shop\/dames-mantel-jas-versano-valentina-zwart\/","name":"Mantel wol jas dames Versano Violet zwart","isPartOf":{"@id":"https:\/\/versano.nl\/#website"},"primaryImageOfPage":{"@id":"https:\/\/versano.nl\/shop\/dames-mantel-jas-versano-valentina-zwart\/#primaryimage"},"image":{"@id":"https:\/\/versano.nl\/shop\/dames-mantel-jas-versano-valentina-zwart\/#primaryimage"},"thumbnailUrl":"https:\/\/versano.nl\/wp-content\/uploads\/2023\/01\/valantina-zwart-1.jpg","datePublished":"2023-01-01T19:34:03+00:00","dateModified":"2024-12-13T11:32:53+00:00","description":"Ben je op zoek naar een mooie Mantel wol jas dames Versano Valentina zwart? Dan ben je bij Versano aan het juiste adres.","breadcrumb":{"@id":"https:\/\/versano.nl\/shop\/dames-mantel-jas-versano-valentina-zwart\/#breadcrumb"},"inLanguage":"fr-FR","potentialAction":[{"@type":"ReadAction","target":["https:\/\/versano.nl\/shop\/dames-mantel-jas-versano-valentina-zwart\/"]}]},{"@type":"ImageObject","inLanguage":"fr-FR","@id":"https:\/\/versano.nl\/shop\/dames-mantel-jas-versano-valentina-zwart\/#primaryimage","url":"https:\/\/versano.nl\/wp-content\/uploads\/2023\/01\/valantina-zwart-1.jpg","contentUrl":"https:\/\/versano.nl\/wp-content\/uploads\/2023\/01\/valantina-zwart-1.jpg","width":900,"height":1200,"caption":"Mantel wol jas dames Versano Valentina zwart"},{"@type":"BreadcrumbList","@id":"https:\/\/versano.nl\/shop\/dames-mantel-jas-versano-valentina-zwart\/#breadcrumb","itemListElement":[{"@type":"ListItem","position":1,"name":"Home","item":"https:\/\/versano.nl\/"},{"@type":"ListItem","position":2,"name":"Shop","item":"https:\/\/versano.nl\/shop\/"},{"@type":"ListItem","position":3,"name":"Mantel wol jas dames Versano Valentina zwart"}]},{"@type":"WebSite","@id":"https:\/\/versano.nl\/#website","url":"https:\/\/versano.nl\/","name":"Versano","description":"manteaux d&#039;hiver avec col en fourrure | vestes femme en cuir | vestes en cuir pour hommes","potentialAction":[{"@type":"SearchAction","target":{"@type":"EntryPoint","urlTemplate":"https:\/\/versano.nl\/?s={search_term_string}"},"query-input":{"@type":"PropertyValueSpecification","valueRequired":true,"valueName":"search_term_string"}}],"inLanguage":"fr-FR"}]}},"_links":{"self":[{"href":"https:\/\/versano.nl\/fr\/wp-json\/wp\/v2\/product\/28243","targetHints":{"allow":["GET"]}}],"collection":[{"href":"https:\/\/versano.nl\/fr\/wp-json\/wp\/v2\/product"}],"about":[{"href":"https:\/\/versano.nl\/fr\/wp-json\/wp\/v2\/types\/product"}],"replies":[{"embeddable":true,"href":"https:\/\/versano.nl\/fr\/wp-json\/wp\/v2\/comments?post=28243"}],"wp:featuredmedia":[{"embeddable":true,"href":"https:\/\/versano.nl\/fr\/wp-json\/wp\/v2\/media\/28527"}],"wp:attachment":[{"href":"https:\/\/versano.nl\/fr\/wp-json\/wp\/v2\/media?parent=28243"}],"wp:term":[{"taxonomy":"product_brand","embeddable":true,"href":"https:\/\/versano.nl\/fr\/wp-json\/wp\/v2\/product_brand?post=28243"},{"taxonomy":"product_cat","embeddable":true,"href":"https:\/\/versano.nl\/fr\/wp-json\/wp\/v2\/product_cat?post=28243"},{"taxonomy":"product_tag","embeddable":true,"href":"https:\/\/versano.nl\/fr\/wp-json\/wp\/v2\/product_tag?post=28243"}],"curies":[{"name":"wp","href":"https:\/\/api.w.org\/{rel}","templated":true}]}}