{"id":26618,"date":"2022-09-26T20:52:15","date_gmt":"2022-09-26T20:52:15","guid":{"rendered":"https:\/\/versano.nl\/?post_type=product&#038;p=26618"},"modified":"2025-11-05T12:05:54","modified_gmt":"2025-11-05T12:05:54","slug":"heren-parka-winterjas-thomas-n-versano-blauw","status":"publish","type":"product","link":"https:\/\/versano.nl\/fr\/shop\/heren-parka-winterjas-thomas-n-versano-blauw\/","title":{"rendered":"Parka homme veste d&#039;hiver Thomas N Versano bleu"},"content":{"rendered":"<h2>Parka homme veste d&#039;hiver Thomas N Versano bleu<\/h2>\n<p><span style=\"font-size: 11.0pt; font-family: 'Arial',sans-serif;\">Deze heren winterjas van Versano heeft een mooie slim fit pasvorm en is heerlijk warm gevoerd. De jas heeft een capuchon met drukknoppen waarop de bontkraag kan worden bevestigd, je kunt deze heren parka winterjas Thomas N Versano blauw uiteraard ook zonder bontkraag bestellen\/dragen. Verder heeft de jas een dubbele sluiting bestaande uit een rits en magneet knoopsluiting die doorloopt tot in de hoge kraag. Deze winterjas beschikt over 2 steekzakken met ritssluiting en een zakje op de borst met ritssluiting. Alle buitenzakjes zijn gemaakt van fleece om de handen lekker warm te houden en ook aan de binnenkant is de jas voorzien van 2 diepe zakken. Dit is een jas waarmee je zeker weet dat je ervan gaat genieten wanneer je ermee het gure weer in gaat. Hij houdt je dan ook goed warm en is dusdanig mooi ontworpen dat je er zeker de aandacht mee zult trekken.<\/span><\/p>\n<h2><span style=\"font-size: 14.0pt; font-family: 'Arial',sans-serif;\">Model Thomas N in het blauw bestellen<\/span><\/h2>\n<p><span style=\"font-size: 11.0pt; font-family: 'Arial',sans-serif;\">Avec une si belle veste Versano, vous pouvez \u00eatre s\u00fbr que vous pourrez la porter tout l&#039;hiver. Vous pouvez facilement commander ce mod\u00e8le dans la boutique en ligne Versano. Nous avons rassembl\u00e9 ici toutes nos vestes pour que vous puissiez facilement passer une commande. Chez Versano, vous pouvez toujours \u00eatre s\u00fbr que vous achetez un beau manteau qui a \u00e9t\u00e9 travaill\u00e9 avec soin. Avec nous, vous pouvez facilement choisir la bonne taille en fonction de nos vid\u00e9os d&#039;instructions intelligentes. Vous avez des questions ou vous ne savez pas quelle taille commander ? Ensuite, vous pouvez toujours nous contacter par mail ou WhatsApp. Nos employ\u00e9s aimeraient vous aider!<\/span><\/p>\n<p><span style=\"font-family: 'Arial',sans-serif;\">marque:<a title=\"Versano\" href=\"https:\/\/versano.nl\" target=\"_blank\" rel=\"noopener noreferrer\"> Versano<\/a><br \/>\nlongueur: demi<br \/>\nCoupe: coupe ajust\u00e9e n\u00e9erlandaise<br \/>\nDoublure: 100% polyester<br \/>\n\u00e9paisseur Doublure: 200 grammes align\u00e9s \u00e9pais<br \/>\nLongueur des manches: manches longues<br \/>\nCapuche: doubl\u00e9e, solide<br \/>\nLes plus: coutures renforc\u00e9es<br \/>\nfermeture: fermeture \u00e0 glissi\u00e8re, avec rabat de protection<br \/>\npoches: poches lat\u00e9rales sur la hanche avec boutons pression + poche int\u00e9rieure<br \/>\nFonction: imperm\u00e9able, coupe-vent<br \/>\nmat\u00e9riau couche ext\u00e9rieure: 100% polyester<br \/>\nAccessoires: col de fourrure (en option)<\/span><\/p>\n<p><span style=\"font-size: 11.0pt; font-family: 'Arial',sans-serif;\">D\u00e9lai de livraison: 2-3 jours ouvrables<\/span><\/p>","protected":false},"excerpt":{"rendered":"<p>CHOISISSEZ UNE AUTRE COULEUR ICI<\/p>\n<p><strong><a href=\"https:\/\/versano.nl\/shop\/heren-winterjas-halflang-grijs-thomas-n-versano\/\"><img loading=\"lazy\" decoding=\"async\" class=\"alignnone size-full wp-image-19719\" src=\"https:\/\/versano.nl\/wp-content\/uploads\/sites\/2\/2020\/08\/heren-winterjas-halflang-grijs-met-capuchon-bontkraag-versano-thomas-thumb.jpg\" alt=\"\" width=\"56\" height=\"75\" \/><\/a><a href=\"https:\/\/versano.nl\/shop\/heren-parka-winterjas-halflang-zwart-thomas-n-versano\/\"><img loading=\"lazy\" decoding=\"async\" class=\"alignnone size-full wp-image-19720\" src=\"https:\/\/versano.nl\/wp-content\/uploads\/sites\/2\/2020\/08\/heren-winterjas-halflang-zwart-met-capuchon-bontkraag-versano-thomas-thumb.jpg\" alt=\"\" width=\"56\" height=\"75\" \/><\/a><\/strong><\/p>\n<p style=\"background: white; margin: 0cm 0cm 15.0pt 0cm;\"><strong><span style=\"font-size: 9.5pt; font-family: 'Arial',sans-serif; color: red;\">Conseils d&#039;ajustement:\u00a0<\/span><\/strong><span style=\"font-size: 9.5pt; font-family: 'Arial',sans-serif; color: #555555;\">La coupe de cette veste est ajust\u00e9e. Notre mannequin mesure 1,85 cm et porte une taille M.<\/span><\/p>\n<p style=\"background: white; text-align: start; margin: 0cm 0cm 15.0pt 0cm;\"><span style=\"font-size: 9.5pt; font-family: 'Arial',sans-serif; color: #555555;\">Si vous n&#039;\u00eates pas s\u00fbr de vos mesures, nous vous recommandons de commencer par mesurer vos mesures de taille et de les comparer avec notre tableau des tailles. Si vous n&#039;avez aucune exp\u00e9rience dans la mesure des tailles de circonf\u00e9rence, cliquez sur\u00a0<a style=\"line-height: inherit;\" href=\"https:\/\/www.youtube.com\/watch?v=3ZSfY87v6pM\"><em style=\"line-height: inherit;\"><span style=\"font-family: 'Arial',sans-serif; color: #333333; text-decoration: none;\">ICI<\/span><\/em><span style=\"color: #333333;\">\u00a0<\/span><\/a>\u00a0\u00e0\u00a0<\/span><span style=\"font-size: 9.5pt; font-family: 'Arial',sans-serif; color: red;\"><a style=\"line-height: inherit;\" href=\"https:\/\/www.youtube.com\/watch?v=3ZSfY87v6pM\"><em style=\"line-height: inherit;\"><span style=\"font-family: 'Arial',sans-serif; color: red; text-decoration: none;\">VIDEO<\/span><\/em><\/a><\/span><span style=\"font-size: 9.5pt; font-family: 'Arial',sans-serif; color: #555555;\">\u00a0 avec des instructions. Vous pouvez \u00e9galement nous appeler ou nous appliquer directement! Nos employ\u00e9s sont toujours disponibles pour vous aider.<\/span><\/p>\n<p style=\"background: white; text-align: start; margin: 0cm 0cm 15.0pt 0cm;\"><strong style=\"line-height: inherit;\"><span style=\"font-size: 9.5pt; font-family: 'Arial',sans-serif; color: #555555;\">HEURE DE LIVRAISON :<\/span><\/strong><span style=\"font-size: 9.5pt; font-family: 'Arial',sans-serif; color: #555555;\">\u00a02 \u00e0 3 jours ouvr\u00e9s.<\/span><\/p>\n<p style=\"background: white; text-align: start; margin: 0cm 0cm 15.0pt 0cm;\"><span style=\"font-size: 9.5pt; font-family: 'Arial',sans-serif; color: red;\">INFORMATION IMPORTANTE:<\/span><span style=\"font-size: 9.5pt; font-family: 'Arial',sans-serif; color: #555555;\">\u00a0Vous pouvez acheter n&#039;importe quelle veste Versano avec ou sans col en fourrure, le col en fourrure n&#039;est pas inclus.<\/span><\/p>\n<p>&nbsp;<\/p>","protected":false},"featured_media":26633,"comment_status":"closed","ping_status":"closed","template":"","meta":[],"product_brand":[],"product_cat":[1403,231,1146,1596,1601,1605,2060,1037,1080,882,1143,1147,1041,1081,1404,1082,1547],"product_tag":[2143,2146,2145,2144,1617,1108,1312,1623,1621,1620,1618,520,1325,1610,1613],"class_list":{"0":"post-26618","1":"product","2":"type-product","3":"status-publish","4":"has-post-thumbnail","6":"product_cat-bontkraag-jas","7":"product_cat-heren-jassen-met-bontkraag","8":"product_cat-heren-winterjas","9":"product_cat-heren-winterjas-met-bontkraag","10":"product_cat-heren-winterjas-met-pels","11":"product_cat-heren-winterjas-parka","12":"product_cat-heren-winterjassen","13":"product_cat-jas-met-bontkraag","14":"product_cat-jas-met-bontkraag-heren","15":"product_cat-versano","16":"product_cat-winterjas","17":"product_cat-winterjas-heren","18":"product_cat-winterjas-met-bontkraag","19":"product_cat-winterjas-met-bontkraag-heren","20":"product_cat-winterjassen","21":"product_cat-winterjassen-met-bontkraag-heren","22":"product_cat-winterjassen-heren","23":"product_tag-blauwe-heren-parka-jas","24":"product_tag-blauwe-heren-winterjas-parka","25":"product_tag-blauwe-parka-jas-voor-heren","26":"product_tag-blauwe-winterjas-heren-met-kraagh","27":"product_tag-goedkope-winterjassen-heren","28":"product_tag-heren-parka-jas","29":"product_tag-parka-heren-winterjas","30":"product_tag-parka-jas-met-bontkraag-heren","31":"product_tag-parka-jassen-voor-heren","32":"product_tag-parka-winterjas-heren","33":"product_tag-uitverkoop-winterjassen-voor-heren","34":"product_tag-versano-parka-jassen","35":"product_tag-versano-winterjassen","36":"product_tag-winterjas-heren-met-kraag","37":"product_tag-winterjassen-heren-in-sale","38":"tm-has-options","40":"first","41":"instock","42":"sale","43":"featured","44":"taxable","45":"shipping-taxable","46":"purchasable","47":"product-type-variable"},"yoast_head":"<!-- This site is optimized with the Yoast SEO plugin v27.2 - https:\/\/yoast.com\/product\/yoast-seo-wordpress\/ -->\n<title>Heren parka winterjas Thomas N Versano blauw<\/title>\n<meta name=\"description\" content=\"Ben je op zoek naar een heren parka winterjas Thomas N Versano blauw, dan ben je bij Versano aan het juiste adres voor parka jassen.\" \/>\n<meta name=\"robots\" content=\"index, follow, max-snippet:-1, max-image-preview:large, max-video-preview:-1\" \/>\n<link rel=\"canonical\" href=\"https:\/\/versano.nl\/fr\/shop\/heren-parka-winterjas-thomas-n-versano-blauw\/\" \/>\n<meta property=\"og:locale\" content=\"fr_FR\" \/>\n<meta property=\"og:type\" content=\"article\" \/>\n<meta property=\"og:title\" content=\"Heren parka winterjas Thomas N Versano blauw\" \/>\n<meta property=\"og:description\" content=\"Ben je op zoek naar een heren parka winterjas Thomas N Versano blauw, dan ben je bij Versano aan het juiste adres voor parka jassen.\" \/>\n<meta property=\"og:url\" content=\"https:\/\/versano.nl\/fr\/shop\/heren-parka-winterjas-thomas-n-versano-blauw\/\" \/>\n<meta property=\"og:site_name\" content=\"Versano\" \/>\n<meta property=\"article:modified_time\" content=\"2025-11-05T12:05:54+00:00\" \/>\n<meta property=\"og:image\" content=\"https:\/\/versano.nl\/wp-content\/uploads\/2022\/09\/heren-winterjas-halflang-zwart-met-capuchon-versano-thomas-voorkant-gesloten.jpeg\" \/>\n\t<meta property=\"og:image:width\" content=\"900\" \/>\n\t<meta property=\"og:image:height\" content=\"1200\" \/>\n\t<meta property=\"og:image:type\" content=\"image\/jpeg\" \/>\n<meta name=\"twitter:card\" content=\"summary_large_image\" \/>\n<meta name=\"twitter:label1\" content=\"Dur\u00e9e de lecture estim\u00e9e\" \/>\n\t<meta name=\"twitter:data1\" content=\"2 minutes\" \/>\n<script type=\"application\/ld+json\" class=\"yoast-schema-graph\">{\"@context\":\"https:\/\/schema.org\",\"@graph\":[{\"@type\":\"WebPage\",\"@id\":\"https:\/\/versano.nl\/shop\/heren-parka-winterjas-thomas-n-versano-blauw\/\",\"url\":\"https:\/\/versano.nl\/shop\/heren-parka-winterjas-thomas-n-versano-blauw\/\",\"name\":\"Heren parka winterjas Thomas N Versano blauw\",\"isPartOf\":{\"@id\":\"https:\/\/versano.nl\/#website\"},\"primaryImageOfPage\":{\"@id\":\"https:\/\/versano.nl\/shop\/heren-parka-winterjas-thomas-n-versano-blauw\/#primaryimage\"},\"image\":{\"@id\":\"https:\/\/versano.nl\/shop\/heren-parka-winterjas-thomas-n-versano-blauw\/#primaryimage\"},\"thumbnailUrl\":\"https:\/\/versano.nl\/wp-content\/uploads\/2022\/09\/heren-winterjas-halflang-zwart-met-capuchon-versano-thomas-voorkant-gesloten.jpeg\",\"datePublished\":\"2022-09-26T20:52:15+00:00\",\"dateModified\":\"2025-11-05T12:05:54+00:00\",\"description\":\"Ben je op zoek naar een heren parka winterjas Thomas N Versano blauw, dan ben je bij Versano aan het juiste adres voor parka jassen.\",\"breadcrumb\":{\"@id\":\"https:\/\/versano.nl\/shop\/heren-parka-winterjas-thomas-n-versano-blauw\/#breadcrumb\"},\"inLanguage\":\"fr-FR\",\"potentialAction\":[{\"@type\":\"ReadAction\",\"target\":[\"https:\/\/versano.nl\/shop\/heren-parka-winterjas-thomas-n-versano-blauw\/\"]}]},{\"@type\":\"ImageObject\",\"inLanguage\":\"fr-FR\",\"@id\":\"https:\/\/versano.nl\/shop\/heren-parka-winterjas-thomas-n-versano-blauw\/#primaryimage\",\"url\":\"https:\/\/versano.nl\/wp-content\/uploads\/2022\/09\/heren-winterjas-halflang-zwart-met-capuchon-versano-thomas-voorkant-gesloten.jpeg\",\"contentUrl\":\"https:\/\/versano.nl\/wp-content\/uploads\/2022\/09\/heren-winterjas-halflang-zwart-met-capuchon-versano-thomas-voorkant-gesloten.jpeg\",\"width\":900,\"height\":1200,\"caption\":\"heren-winterjas-halflang-zwart-met-capuchon-versano-thomas-voorkant-gesloten\"},{\"@type\":\"BreadcrumbList\",\"@id\":\"https:\/\/versano.nl\/shop\/heren-parka-winterjas-thomas-n-versano-blauw\/#breadcrumb\",\"itemListElement\":[{\"@type\":\"ListItem\",\"position\":1,\"name\":\"Home\",\"item\":\"https:\/\/versano.nl\/\"},{\"@type\":\"ListItem\",\"position\":2,\"name\":\"Shop\",\"item\":\"https:\/\/versano.nl\/shop\/\"},{\"@type\":\"ListItem\",\"position\":3,\"name\":\"Heren parka winterjas Thomas N Versano blauw\"}]},{\"@type\":\"WebSite\",\"@id\":\"https:\/\/versano.nl\/#website\",\"url\":\"https:\/\/versano.nl\/\",\"name\":\"Versano\",\"description\":\"winterjassen met bontkraag | leren dames jassen | leren heren jassen\",\"potentialAction\":[{\"@type\":\"SearchAction\",\"target\":{\"@type\":\"EntryPoint\",\"urlTemplate\":\"https:\/\/versano.nl\/?s={search_term_string}\"},\"query-input\":{\"@type\":\"PropertyValueSpecification\",\"valueRequired\":true,\"valueName\":\"search_term_string\"}}],\"inLanguage\":\"fr-FR\"}]}<\/script>\n<!-- \/ Yoast SEO plugin. -->","yoast_head_json":{"title":"Parka homme veste d&#039;hiver Thomas N Versano bleu","description":"Ben je op zoek naar een heren parka winterjas Thomas N Versano blauw, dan ben je bij Versano aan het juiste adres voor parka jassen.","robots":{"index":"index","follow":"follow","max-snippet":"max-snippet:-1","max-image-preview":"max-image-preview:large","max-video-preview":"max-video-preview:-1"},"canonical":"https:\/\/versano.nl\/fr\/shop\/heren-parka-winterjas-thomas-n-versano-blauw\/","og_locale":"fr_FR","og_type":"article","og_title":"Heren parka winterjas Thomas N Versano blauw","og_description":"Ben je op zoek naar een heren parka winterjas Thomas N Versano blauw, dan ben je bij Versano aan het juiste adres voor parka jassen.","og_url":"https:\/\/versano.nl\/fr\/shop\/heren-parka-winterjas-thomas-n-versano-blauw\/","og_site_name":"Versano","article_modified_time":"2025-11-05T12:05:54+00:00","og_image":[{"width":900,"height":1200,"url":"https:\/\/versano.nl\/wp-content\/uploads\/2022\/09\/heren-winterjas-halflang-zwart-met-capuchon-versano-thomas-voorkant-gesloten.jpeg","type":"image\/jpeg"}],"twitter_card":"summary_large_image","twitter_misc":{"Dur\u00e9e de lecture estim\u00e9e":"2 minutes"},"schema":{"@context":"https:\/\/schema.org","@graph":[{"@type":"WebPage","@id":"https:\/\/versano.nl\/shop\/heren-parka-winterjas-thomas-n-versano-blauw\/","url":"https:\/\/versano.nl\/shop\/heren-parka-winterjas-thomas-n-versano-blauw\/","name":"Parka homme veste d&#039;hiver Thomas N Versano bleu","isPartOf":{"@id":"https:\/\/versano.nl\/#website"},"primaryImageOfPage":{"@id":"https:\/\/versano.nl\/shop\/heren-parka-winterjas-thomas-n-versano-blauw\/#primaryimage"},"image":{"@id":"https:\/\/versano.nl\/shop\/heren-parka-winterjas-thomas-n-versano-blauw\/#primaryimage"},"thumbnailUrl":"https:\/\/versano.nl\/wp-content\/uploads\/2022\/09\/heren-winterjas-halflang-zwart-met-capuchon-versano-thomas-voorkant-gesloten.jpeg","datePublished":"2022-09-26T20:52:15+00:00","dateModified":"2025-11-05T12:05:54+00:00","description":"Ben je op zoek naar een heren parka winterjas Thomas N Versano blauw, dan ben je bij Versano aan het juiste adres voor parka jassen.","breadcrumb":{"@id":"https:\/\/versano.nl\/shop\/heren-parka-winterjas-thomas-n-versano-blauw\/#breadcrumb"},"inLanguage":"fr-FR","potentialAction":[{"@type":"ReadAction","target":["https:\/\/versano.nl\/shop\/heren-parka-winterjas-thomas-n-versano-blauw\/"]}]},{"@type":"ImageObject","inLanguage":"fr-FR","@id":"https:\/\/versano.nl\/shop\/heren-parka-winterjas-thomas-n-versano-blauw\/#primaryimage","url":"https:\/\/versano.nl\/wp-content\/uploads\/2022\/09\/heren-winterjas-halflang-zwart-met-capuchon-versano-thomas-voorkant-gesloten.jpeg","contentUrl":"https:\/\/versano.nl\/wp-content\/uploads\/2022\/09\/heren-winterjas-halflang-zwart-met-capuchon-versano-thomas-voorkant-gesloten.jpeg","width":900,"height":1200,"caption":"heren-winterjas-halflang-zwart-met-capuchon-versano-thomas-voorkant-gesloten"},{"@type":"BreadcrumbList","@id":"https:\/\/versano.nl\/shop\/heren-parka-winterjas-thomas-n-versano-blauw\/#breadcrumb","itemListElement":[{"@type":"ListItem","position":1,"name":"Home","item":"https:\/\/versano.nl\/"},{"@type":"ListItem","position":2,"name":"Shop","item":"https:\/\/versano.nl\/shop\/"},{"@type":"ListItem","position":3,"name":"Heren parka winterjas Thomas N Versano blauw"}]},{"@type":"WebSite","@id":"https:\/\/versano.nl\/#website","url":"https:\/\/versano.nl\/","name":"Versano","description":"manteaux d&#039;hiver avec col en fourrure | vestes femme en cuir | vestes en cuir pour hommes","potentialAction":[{"@type":"SearchAction","target":{"@type":"EntryPoint","urlTemplate":"https:\/\/versano.nl\/?s={search_term_string}"},"query-input":{"@type":"PropertyValueSpecification","valueRequired":true,"valueName":"search_term_string"}}],"inLanguage":"fr-FR"}]}},"_links":{"self":[{"href":"https:\/\/versano.nl\/fr\/wp-json\/wp\/v2\/product\/26618","targetHints":{"allow":["GET"]}}],"collection":[{"href":"https:\/\/versano.nl\/fr\/wp-json\/wp\/v2\/product"}],"about":[{"href":"https:\/\/versano.nl\/fr\/wp-json\/wp\/v2\/types\/product"}],"replies":[{"embeddable":true,"href":"https:\/\/versano.nl\/fr\/wp-json\/wp\/v2\/comments?post=26618"}],"wp:featuredmedia":[{"embeddable":true,"href":"https:\/\/versano.nl\/fr\/wp-json\/wp\/v2\/media\/26633"}],"wp:attachment":[{"href":"https:\/\/versano.nl\/fr\/wp-json\/wp\/v2\/media?parent=26618"}],"wp:term":[{"taxonomy":"product_brand","embeddable":true,"href":"https:\/\/versano.nl\/fr\/wp-json\/wp\/v2\/product_brand?post=26618"},{"taxonomy":"product_cat","embeddable":true,"href":"https:\/\/versano.nl\/fr\/wp-json\/wp\/v2\/product_cat?post=26618"},{"taxonomy":"product_tag","embeddable":true,"href":"https:\/\/versano.nl\/fr\/wp-json\/wp\/v2\/product_tag?post=26618"}],"curies":[{"name":"wp","href":"https:\/\/api.w.org\/{rel}","templated":true}]}}