{"id":2598,"date":"2015-03-07T00:23:39","date_gmt":"2015-03-07T00:23:39","guid":{"rendered":"http:\/\/leathershopdoci.nl\/shop\/dames-leren-jas-versano-336-blauw\/"},"modified":"2021-02-05T14:50:56","modified_gmt":"2021-02-05T14:50:56","slug":"leren-dames-biker-jas-blauw-versano","status":"publish","type":"product","link":"https:\/\/versano.nl\/fr\/shop\/leren-dames-biker-jas-blauw-versano\/","title":{"rendered":"Veste de motard en cuir femmes bleu Versano"},"content":{"rendered":"<h2>Veste de motard en cuir femmes bleu Versano<\/h2>\n<p>En Versano ils n&#039;aiment pas mener \u00e0 bien leurs manteaux, mais une poign\u00e9e de couleurs diff\u00e9rentes. C&#039;est une soci\u00e9t\u00e9 o\u00f9 l&#039;utilisation de couleurs diff\u00e9rentes dans les vestes est tr\u00e8s important. Tenez compte de ces dames veste de motard en cuir bleu Versano. Ceci est une veste qui ressemble remarquablement \u00e0 tous et vous avez certainement peut porter l&#039;approbation des autres partir. Il est particuli\u00e8rement une veste que vous allez emporter avec plaisir lui-m\u00eame. Il est en cuir d&#039;agneau souple, qui offre un confort particulier. Ceci est un mat\u00e9riau qui a un beau lavage, vous le faites alors pas besoin de vous inqui\u00e9ter.<\/p>\n<p><strong>Veste motard en cuir femmes bleu ordre de Versano<\/strong><br \/>\nPour commander cette veste avec nous, nous vous conseillons d&#039;avoir des doutes ici. Ceci est en fait l&#039;un des mod\u00e8les haut de gamme dans notre gamme. Ceci est une veste qui est parfait et qui semble \u00e9galement tr\u00e8s agr\u00e9able. Il est \u00e9quip\u00e9 de deux poches profondes, mais aussi avec un int\u00e9rieur sans aucun doute bien utile. \u00c9galement sur la poitrine sont deux poches. Tous les sacs sur cette veste peut \u00eatre ferm\u00e9 avec une fermeture \u00e9clair. Ainsi, vous pouvez enfourner ici pour vous arr\u00eater ne voulez pas qu&#039;ils tombent facilement \u00e0 nouveau.<\/p>\n<p>marque: <a title=\"Versano\" href=\"https:\/\/versano.nl\" target=\"_blank\" rel=\"noopener noreferrer\">Versano<\/a><br \/>\nMati\u00e8re: 100% cuir d&#039;agneau<br \/>\nDoublure: 100% polyester<br \/>\nLongueur: court<br \/>\nFit: italienne \u00e9quip\u00e9e (est petit)<br \/>\nFermeture: fermeture \u00e9clair<br \/>\nPoches: poches avec zip<br \/>\nCol: col vers le bas<br \/>\ncouche externe Mat\u00e9riel: haute qualit\u00e9 et doux en peau d&#039;agneau<br \/>\nTemps: 1-3 jours<\/p>","protected":false},"excerpt":{"rendered":"<p><strong>Si vous s\u00e9lectionnez une taille, alors il appara\u00eet un dessin avec des dimensions de taille. Pour d\u00e9terminer la bonne taille, il est recommand\u00e9 de mesurer d&#039;abord vos mesures de circonf\u00e9rence et de le comparer avec les dimensions sur le dessin. Avez-vous une exp\u00e9rience dans la mesure des dimensions, s&#039;il vous pla\u00eet cliquer sur <a href=\"https:\/\/www.youtube.com\/watch?v=MmcpCx4GsdU\" target=\"_blank\" rel=\"noopener noreferrer\"><span style=\"color: #ff0000;\"><em>ICI<\/em><\/span>\u00a0<\/a> \u00e0 <span style=\"color: #ff0000;\"><em><a style=\"color: #ff0000;\" href=\"https:\/\/www.youtube.com\/watch?v=MmcpCx4GsdU\" target=\"_blank\" rel=\"noopener noreferrer\">VIDEO<\/a><\/em><\/span> pour voir comment faire<\/strong>.<\/p>\n<p>Ce dames veste de motard en cuir noir de Versano a une fermeture \u00e0 glissi\u00e8re \u00e0 angle avec deux poches lat\u00e9rales et deux poches poitrine fermeture \u00e0 glissi\u00e8re. La veste est en cuir d&#039;agneau et italienne \u00e9quip\u00e9e d&#039;un ajustement r\u00e9gulier et disponible en brun, noir et cognac.<\/p>","protected":false},"featured_media":8717,"comment_status":"closed","ping_status":"closed","template":"","meta":[],"product_brand":[],"product_cat":[90,1712],"product_tag":[178,464,126,465,466,98,349,101,105],"class_list":{"0":"post-2598","1":"product","2":"type-product","3":"status-publish","4":"has-post-thumbnail","6":"product_cat-dames-leren-jassen","7":"product_cat-leren-jassen","8":"product_tag-biker-jack-blauw","9":"product_tag-bikerjack-blauw","10":"product_tag-blauwe-dames-biker-jack","11":"product_tag-dames-biker-jack-blauw","12":"product_tag-dames-bikerjack-blauw","13":"product_tag-leren-jasje","14":"product_tag-leren-jassen","15":"product_tag-online-leren-jassen","16":"product_tag-versano-leren-jassen","17":"tm-no-options","19":"first","20":"outofstock","21":"taxable","22":"shipping-taxable","23":"product-type-variable"},"yoast_head":"<!-- This site is optimized with the Yoast SEO plugin v27.2 - https:\/\/yoast.com\/product\/yoast-seo-wordpress\/ -->\n<title>leren dames biker jas blauw Versano, dames biker jack blauw<\/title>\n<meta name=\"description\" content=\"Deze leren dames biker jas blauw Versano is een echte blikvanger en blinkt uit in draagcomfort en model. Het duurzame lamsleer\" \/>\n<meta name=\"robots\" content=\"index, follow, max-snippet:-1, max-image-preview:large, max-video-preview:-1\" \/>\n<link rel=\"canonical\" href=\"https:\/\/versano.nl\/fr\/shop\/leren-dames-biker-jas-blauw-versano\/\" \/>\n<meta property=\"og:locale\" content=\"fr_FR\" \/>\n<meta property=\"og:type\" content=\"article\" \/>\n<meta property=\"og:title\" content=\"leren dames biker jas blauw Versano, dames biker jack blauw\" \/>\n<meta property=\"og:description\" content=\"Deze leren dames biker jas blauw Versano is een echte blikvanger en blinkt uit in draagcomfort en model. Het duurzame lamsleer\" \/>\n<meta property=\"og:url\" content=\"https:\/\/versano.nl\/fr\/shop\/leren-dames-biker-jas-blauw-versano\/\" \/>\n<meta property=\"og:site_name\" content=\"Versano\" \/>\n<meta property=\"article:modified_time\" content=\"2021-02-05T14:50:56+00:00\" \/>\n<meta property=\"og:image\" content=\"https:\/\/versano.nl\/wp-content\/uploads\/2018\/05\/dames-leren-jas-blauw-336-versano-model2.jpg\" \/>\n\t<meta property=\"og:image:width\" content=\"900\" \/>\n\t<meta property=\"og:image:height\" content=\"1176\" \/>\n\t<meta property=\"og:image:type\" content=\"image\/jpeg\" \/>\n<meta name=\"twitter:card\" content=\"summary_large_image\" \/>\n<meta name=\"twitter:label1\" content=\"Dur\u00e9e de lecture estim\u00e9e\" \/>\n\t<meta name=\"twitter:data1\" content=\"1 minute\" \/>\n<script type=\"application\/ld+json\" class=\"yoast-schema-graph\">{\"@context\":\"https:\/\/schema.org\",\"@graph\":[{\"@type\":\"WebPage\",\"@id\":\"https:\/\/versano.nl\/shop\/leren-dames-biker-jas-blauw-versano\/\",\"url\":\"https:\/\/versano.nl\/shop\/leren-dames-biker-jas-blauw-versano\/\",\"name\":\"leren dames biker jas blauw Versano, dames biker jack blauw\",\"isPartOf\":{\"@id\":\"https:\/\/versano.nl\/#website\"},\"primaryImageOfPage\":{\"@id\":\"https:\/\/versano.nl\/shop\/leren-dames-biker-jas-blauw-versano\/#primaryimage\"},\"image\":{\"@id\":\"https:\/\/versano.nl\/shop\/leren-dames-biker-jas-blauw-versano\/#primaryimage\"},\"thumbnailUrl\":\"https:\/\/versano.nl\/wp-content\/uploads\/2018\/05\/dames-leren-jas-blauw-336-versano-model2.jpg\",\"datePublished\":\"2015-03-07T00:23:39+00:00\",\"dateModified\":\"2021-02-05T14:50:56+00:00\",\"description\":\"Deze leren dames biker jas blauw Versano is een echte blikvanger en blinkt uit in draagcomfort en model. Het duurzame lamsleer\",\"breadcrumb\":{\"@id\":\"https:\/\/versano.nl\/shop\/leren-dames-biker-jas-blauw-versano\/#breadcrumb\"},\"inLanguage\":\"fr-FR\",\"potentialAction\":[{\"@type\":\"ReadAction\",\"target\":[\"https:\/\/versano.nl\/shop\/leren-dames-biker-jas-blauw-versano\/\"]}]},{\"@type\":\"ImageObject\",\"inLanguage\":\"fr-FR\",\"@id\":\"https:\/\/versano.nl\/shop\/leren-dames-biker-jas-blauw-versano\/#primaryimage\",\"url\":\"https:\/\/versano.nl\/wp-content\/uploads\/2018\/05\/dames-leren-jas-blauw-336-versano-model2.jpg\",\"contentUrl\":\"https:\/\/versano.nl\/wp-content\/uploads\/2018\/05\/dames-leren-jas-blauw-336-versano-model2.jpg\",\"width\":900,\"height\":1176,\"caption\":\"dames-leren-jas-blauw-336-versano-model2\"},{\"@type\":\"BreadcrumbList\",\"@id\":\"https:\/\/versano.nl\/shop\/leren-dames-biker-jas-blauw-versano\/#breadcrumb\",\"itemListElement\":[{\"@type\":\"ListItem\",\"position\":1,\"name\":\"Home\",\"item\":\"https:\/\/versano.nl\/\"},{\"@type\":\"ListItem\",\"position\":2,\"name\":\"Shop\",\"item\":\"https:\/\/versano.nl\/shop\/\"},{\"@type\":\"ListItem\",\"position\":3,\"name\":\"leren dames biker jas blauw Versano\"}]},{\"@type\":\"WebSite\",\"@id\":\"https:\/\/versano.nl\/#website\",\"url\":\"https:\/\/versano.nl\/\",\"name\":\"Versano\",\"description\":\"winterjassen met bontkraag | leren dames jassen | leren heren jassen\",\"potentialAction\":[{\"@type\":\"SearchAction\",\"target\":{\"@type\":\"EntryPoint\",\"urlTemplate\":\"https:\/\/versano.nl\/?s={search_term_string}\"},\"query-input\":{\"@type\":\"PropertyValueSpecification\",\"valueRequired\":true,\"valueName\":\"search_term_string\"}}],\"inLanguage\":\"fr-FR\"}]}<\/script>\n<!-- \/ Yoast SEO plugin. -->","yoast_head_json":{"title":"veste en cuir dames bleu Versano, veste dames en cuir bleu","description":"Cette veste de motard en cuir bleu Versano est un vrai eye-catcher et excelle en confort et en mod\u00e8le. Le cuir d&#039;agneau durable","robots":{"index":"index","follow":"follow","max-snippet":"max-snippet:-1","max-image-preview":"max-image-preview:large","max-video-preview":"max-video-preview:-1"},"canonical":"https:\/\/versano.nl\/fr\/shop\/leren-dames-biker-jas-blauw-versano\/","og_locale":"fr_FR","og_type":"article","og_title":"leren dames biker jas blauw Versano, dames biker jack blauw","og_description":"Deze leren dames biker jas blauw Versano is een echte blikvanger en blinkt uit in draagcomfort en model. Het duurzame lamsleer","og_url":"https:\/\/versano.nl\/fr\/shop\/leren-dames-biker-jas-blauw-versano\/","og_site_name":"Versano","article_modified_time":"2021-02-05T14:50:56+00:00","og_image":[{"width":900,"height":1176,"url":"https:\/\/versano.nl\/wp-content\/uploads\/2018\/05\/dames-leren-jas-blauw-336-versano-model2.jpg","type":"image\/jpeg"}],"twitter_card":"summary_large_image","twitter_misc":{"Dur\u00e9e de lecture estim\u00e9e":"1 minute"},"schema":{"@context":"https:\/\/schema.org","@graph":[{"@type":"WebPage","@id":"https:\/\/versano.nl\/shop\/leren-dames-biker-jas-blauw-versano\/","url":"https:\/\/versano.nl\/shop\/leren-dames-biker-jas-blauw-versano\/","name":"veste en cuir dames bleu Versano, veste dames en cuir bleu","isPartOf":{"@id":"https:\/\/versano.nl\/#website"},"primaryImageOfPage":{"@id":"https:\/\/versano.nl\/shop\/leren-dames-biker-jas-blauw-versano\/#primaryimage"},"image":{"@id":"https:\/\/versano.nl\/shop\/leren-dames-biker-jas-blauw-versano\/#primaryimage"},"thumbnailUrl":"https:\/\/versano.nl\/wp-content\/uploads\/2018\/05\/dames-leren-jas-blauw-336-versano-model2.jpg","datePublished":"2015-03-07T00:23:39+00:00","dateModified":"2021-02-05T14:50:56+00:00","description":"Cette veste de motard en cuir bleu Versano est un vrai eye-catcher et excelle en confort et en mod\u00e8le. Le cuir d&#039;agneau durable","breadcrumb":{"@id":"https:\/\/versano.nl\/shop\/leren-dames-biker-jas-blauw-versano\/#breadcrumb"},"inLanguage":"fr-FR","potentialAction":[{"@type":"ReadAction","target":["https:\/\/versano.nl\/shop\/leren-dames-biker-jas-blauw-versano\/"]}]},{"@type":"ImageObject","inLanguage":"fr-FR","@id":"https:\/\/versano.nl\/shop\/leren-dames-biker-jas-blauw-versano\/#primaryimage","url":"https:\/\/versano.nl\/wp-content\/uploads\/2018\/05\/dames-leren-jas-blauw-336-versano-model2.jpg","contentUrl":"https:\/\/versano.nl\/wp-content\/uploads\/2018\/05\/dames-leren-jas-blauw-336-versano-model2.jpg","width":900,"height":1176,"caption":"dames-leren-jas-blauw-336-versano-model2"},{"@type":"BreadcrumbList","@id":"https:\/\/versano.nl\/shop\/leren-dames-biker-jas-blauw-versano\/#breadcrumb","itemListElement":[{"@type":"ListItem","position":1,"name":"Home","item":"https:\/\/versano.nl\/"},{"@type":"ListItem","position":2,"name":"Shop","item":"https:\/\/versano.nl\/shop\/"},{"@type":"ListItem","position":3,"name":"leren dames biker jas blauw Versano"}]},{"@type":"WebSite","@id":"https:\/\/versano.nl\/#website","url":"https:\/\/versano.nl\/","name":"Versano","description":"manteaux d&#039;hiver avec col en fourrure | vestes femme en cuir | vestes en cuir pour hommes","potentialAction":[{"@type":"SearchAction","target":{"@type":"EntryPoint","urlTemplate":"https:\/\/versano.nl\/?s={search_term_string}"},"query-input":{"@type":"PropertyValueSpecification","valueRequired":true,"valueName":"search_term_string"}}],"inLanguage":"fr-FR"}]}},"_links":{"self":[{"href":"https:\/\/versano.nl\/fr\/wp-json\/wp\/v2\/product\/2598","targetHints":{"allow":["GET"]}}],"collection":[{"href":"https:\/\/versano.nl\/fr\/wp-json\/wp\/v2\/product"}],"about":[{"href":"https:\/\/versano.nl\/fr\/wp-json\/wp\/v2\/types\/product"}],"replies":[{"embeddable":true,"href":"https:\/\/versano.nl\/fr\/wp-json\/wp\/v2\/comments?post=2598"}],"wp:featuredmedia":[{"embeddable":true,"href":"https:\/\/versano.nl\/fr\/wp-json\/wp\/v2\/media\/8717"}],"wp:attachment":[{"href":"https:\/\/versano.nl\/fr\/wp-json\/wp\/v2\/media?parent=2598"}],"wp:term":[{"taxonomy":"product_brand","embeddable":true,"href":"https:\/\/versano.nl\/fr\/wp-json\/wp\/v2\/product_brand?post=2598"},{"taxonomy":"product_cat","embeddable":true,"href":"https:\/\/versano.nl\/fr\/wp-json\/wp\/v2\/product_cat?post=2598"},{"taxonomy":"product_tag","embeddable":true,"href":"https:\/\/versano.nl\/fr\/wp-json\/wp\/v2\/product_tag?post=2598"}],"curies":[{"name":"wp","href":"https:\/\/api.w.org\/{rel}","templated":true}]}}