{"id":25489,"date":"2022-03-08T22:24:19","date_gmt":"2022-03-08T22:24:19","guid":{"rendered":"https:\/\/versano.nl\/shop\/kunstleren-dames-motor-jack-met-riem-zwart-versano-350\/"},"modified":"2026-01-20T20:02:54","modified_gmt":"2026-01-20T20:02:54","slug":"kunstleren-dames-motor-jack-met-riem-zwart-versano-350","status":"publish","type":"product","link":"https:\/\/versano.nl\/fr\/shop\/kunstleren-dames-motor-jack-met-riem-zwart-versano-350\/","title":{"rendered":"Veste de motard en similicuir femme 350 noir Versano"},"content":{"rendered":"<h2>Veste de motard en similicuir femme 350 noir Versano<\/h2>\n<p>Versano est le bon choix pour une veste en cuir noir cool pour femme. Cette veste de motard en similicuir pour femme 350 noire de Versano est en cuir d&#039;agneau souple. C&#039;est une veste avec un col asym\u00e9trique. Le cuir est un cuir d&#039;agneau de haute qualit\u00e9. Ce magnifique manteau a deux poches lat\u00e9rales que vous pouvez fermer avec une fermeture \u00e9clair. De plus, il y a une petite poche zipp\u00e9e sur la poitrine et dans ce mod\u00e8le vous avez \u00e9galement une poche int\u00e9rieure. Nous vendons cette veste en trois couleurs diff\u00e9rentes. En plus du noir \u00e9l\u00e9gant, la veste est \u00e9galement disponible dans une version cognac et rouge cool. Cette veste est enti\u00e8rement italienne ajust\u00e9e par les designers de Versano. En cons\u00e9quence, la veste s&#039;adapte parfaitement \u00e0 votre corps et elle va vraiment comme un gant.<\/p>\n<h2>350 dans la commande de couleur noire<\/h2>\n<p>Vous cherchez une veste en cuir perfecto pour femme ? Alors nous recommandons d\u00e9finitivement ce mod\u00e8le et vous ne le regretterez jamais ! Les vestes en cuir Perfecto de Versano sont vraiment cool et ont un beau design. Cette veste se porte g\u00e9n\u00e9ralement au quotidien pour rendre votre tenue plus tendance. Si vous commandez cette belle veste chez nous, vous recevrez une veste faite d&#039;une belle mati\u00e8re. Parce qu&#039;elle est faite d&#039;un beau cuir d&#039;agneau fin, la veste est \u00e9galement parfaitement adapt\u00e9e pour \u00eatre port\u00e9e \u00e0 l&#039;int\u00e9rieur. C&#039;est une veste qui peut \u00eatre bien combin\u00e9e avec diff\u00e9rents types de v\u00eatements. Pensez \u00e0 une jupe, mais aussi \u00e0 un jean cool. Son design italien garantit que la veste est bien ajust\u00e9e et reste confortable \u00e0 porter. C&#039;est un mod\u00e8le tr\u00e8s tendance et cool de Versano.<\/p>\n<p>&nbsp;<\/p>\n<p>marque: <a href=\"https:\/\/versano.nl\/\">Versano<\/a><br \/>\nMat\u00e9riau: simili cuir 100%<br \/>\nDoublure: 100% polyester<br \/>\nLongueur: court<br \/>\nCoupe: coupe r\u00e9guli\u00e8re<br \/>\nFermeture: fermeture \u00e9clair<br \/>\nPoches: poches avec zip<br \/>\nCol: un collier sym\u00e9trique<br \/>\ncouche externe Mat\u00e9riel: haute qualit\u00e9 et doux en peau d&#039;agneau<\/p>\n<p>D\u00e9lai de livraison: 2-3 jours ouvrables<\/p>","protected":false},"excerpt":{"rendered":"<p><span style=\"color: red;\">Conseils d&#039;ajustement:<\/span> La coupe de cette veste est normalement ajust\u00e9e. Notre mannequin mesure 1,68 cm et porte une taille S.<\/p>\n<p>Si vous n&#039;\u00eates pas s\u00fbr de vos mesures, nous vous recommandons de commencer par mesurer vos mesures de taille et de les comparer avec notre tableau des tailles. Si vous n&#039;avez aucune exp\u00e9rience dans la mesure des tailles de circonf\u00e9rence, cliquez sur <a href=\"https:\/\/www.youtube.com\/watch?v=3ZSfY87v6pM\"><em><span style=\"text-decoration: none;\">ICI<\/span><\/em>\u00a0<\/a>\u00a0\u00e0 <span style=\"color: red;\"><a href=\"https:\/\/www.youtube.com\/watch?v=3ZSfY87v6pM\"><em><span style=\"color: red; text-decoration: none;\">VIDEO<\/span><\/em><\/a><\/span>\u00a0 avec des instructions. Vous pouvez \u00e9galement nous appeler ou nous appliquer directement! Nos employ\u00e9s sont toujours disponibles pour vous aider.<\/p>\n<p><strong><span style=\"color: black;\">HEURE DE LIVRAISON :<\/span><\/strong> 2 \u00e0 3 jours ouvr\u00e9s.<\/p>","protected":false},"featured_media":16555,"comment_status":"closed","ping_status":"closed","template":"","meta":[],"product_brand":[],"product_cat":[1472,1487,1840,733,923,15,124,882],"product_tag":[2140,2142,1814,2138,2139,2141,1938],"class_list":{"0":"post-25489","1":"product","2":"type-product","3":"status-publish","4":"has-post-thumbnail","6":"product_cat-biker-jas-dames","7":"product_cat-dames-biker-jas","8":"product_cat-dames-imitatie-leren-jas","9":"product_cat-dames-leatherlook-jassen-lederlook-jassen","10":"product_cat-imitatie-leren-jas","11":"product_cat-imitatieleren-jassen","12":"product_cat-imitatieleren-jassen-dames","13":"product_cat-versano","14":"product_tag-dames-biker-jas-imitatieleer","15":"product_tag-dames-imitatie-leren-biker-jas","16":"product_tag-dames-zomerjas","17":"product_tag-imiatie-leren-biker-jas","18":"product_tag-kunst-leren-dames-jas","19":"product_tag-kunstleren-jas-dames","20":"product_tag-versano-zomerjas","21":"product_shipping_class-verzendkosten-1","22":"tm-no-options","24":"first","25":"instock","26":"sale","27":"taxable","28":"shipping-taxable","29":"purchasable","30":"product-type-variable","31":"has-default-attributes"},"yoast_head":"<!-- This site is optimized with the Yoast SEO plugin v27.2 - https:\/\/yoast.com\/product\/yoast-seo-wordpress\/ -->\n<title>Imitatie leren biker jas dames 350 zwart Versano, imitatie leren jas<\/title>\n<meta name=\"description\" content=\"Ben je op zoek naar een Imitatie leren biker jas dames 350 zwart Versano, dan zit je in de webshop van Versano aan het juiste adres\" \/>\n<meta name=\"robots\" content=\"index, follow, max-snippet:-1, max-image-preview:large, max-video-preview:-1\" \/>\n<link rel=\"canonical\" href=\"https:\/\/versano.nl\/fr\/shop\/kunstleren-dames-motor-jack-met-riem-zwart-versano-350\/\" \/>\n<meta property=\"og:locale\" content=\"fr_FR\" \/>\n<meta property=\"og:type\" content=\"article\" \/>\n<meta property=\"og:title\" content=\"Imitatie leren biker jas dames 350 zwart Versano, imitatie leren jas\" \/>\n<meta property=\"og:description\" content=\"Ben je op zoek naar een Imitatie leren biker jas dames 350 zwart Versano, dan zit je in de webshop van Versano aan het juiste adres\" \/>\n<meta property=\"og:url\" content=\"https:\/\/versano.nl\/fr\/shop\/kunstleren-dames-motor-jack-met-riem-zwart-versano-350\/\" \/>\n<meta property=\"og:site_name\" content=\"Versano\" \/>\n<meta property=\"article:modified_time\" content=\"2026-01-20T20:02:54+00:00\" \/>\n<meta property=\"og:image\" content=\"https:\/\/versano.nl\/wp-content\/uploads\/2020\/07\/dames-biker-jack-zwart-met-riem-versano-350-schuin.jpg\" \/>\n\t<meta property=\"og:image:width\" content=\"900\" \/>\n\t<meta property=\"og:image:height\" content=\"1200\" \/>\n\t<meta property=\"og:image:type\" content=\"image\/jpeg\" \/>\n<meta name=\"twitter:card\" content=\"summary_large_image\" \/>\n<meta name=\"twitter:label1\" content=\"Dur\u00e9e de lecture estim\u00e9e\" \/>\n\t<meta name=\"twitter:data1\" content=\"2 minutes\" \/>\n<script type=\"application\/ld+json\" class=\"yoast-schema-graph\">{\"@context\":\"https:\/\/schema.org\",\"@graph\":[{\"@type\":\"WebPage\",\"@id\":\"https:\/\/versano.nl\/shop\/kunstleren-dames-motor-jack-met-riem-zwart-versano-350\/\",\"url\":\"https:\/\/versano.nl\/shop\/kunstleren-dames-motor-jack-met-riem-zwart-versano-350\/\",\"name\":\"Imitatie leren biker jas dames 350 zwart Versano, imitatie leren jas\",\"isPartOf\":{\"@id\":\"https:\/\/versano.nl\/#website\"},\"primaryImageOfPage\":{\"@id\":\"https:\/\/versano.nl\/shop\/kunstleren-dames-motor-jack-met-riem-zwart-versano-350\/#primaryimage\"},\"image\":{\"@id\":\"https:\/\/versano.nl\/shop\/kunstleren-dames-motor-jack-met-riem-zwart-versano-350\/#primaryimage\"},\"thumbnailUrl\":\"https:\/\/versano.nl\/wp-content\/uploads\/2020\/07\/dames-biker-jack-zwart-met-riem-versano-350-schuin.jpg\",\"datePublished\":\"2022-03-08T22:24:19+00:00\",\"dateModified\":\"2026-01-20T20:02:54+00:00\",\"description\":\"Ben je op zoek naar een Imitatie leren biker jas dames 350 zwart Versano, dan zit je in de webshop van Versano aan het juiste adres\",\"breadcrumb\":{\"@id\":\"https:\/\/versano.nl\/shop\/kunstleren-dames-motor-jack-met-riem-zwart-versano-350\/#breadcrumb\"},\"inLanguage\":\"fr-FR\",\"potentialAction\":[{\"@type\":\"ReadAction\",\"target\":[\"https:\/\/versano.nl\/shop\/kunstleren-dames-motor-jack-met-riem-zwart-versano-350\/\"]}]},{\"@type\":\"ImageObject\",\"inLanguage\":\"fr-FR\",\"@id\":\"https:\/\/versano.nl\/shop\/kunstleren-dames-motor-jack-met-riem-zwart-versano-350\/#primaryimage\",\"url\":\"https:\/\/versano.nl\/wp-content\/uploads\/2020\/07\/dames-biker-jack-zwart-met-riem-versano-350-schuin.jpg\",\"contentUrl\":\"https:\/\/versano.nl\/wp-content\/uploads\/2020\/07\/dames-biker-jack-zwart-met-riem-versano-350-schuin.jpg\",\"width\":900,\"height\":1200,\"caption\":\"Imitatie leren biker jas dames 350 zwart Versano\"},{\"@type\":\"BreadcrumbList\",\"@id\":\"https:\/\/versano.nl\/shop\/kunstleren-dames-motor-jack-met-riem-zwart-versano-350\/#breadcrumb\",\"itemListElement\":[{\"@type\":\"ListItem\",\"position\":1,\"name\":\"Home\",\"item\":\"https:\/\/versano.nl\/\"},{\"@type\":\"ListItem\",\"position\":2,\"name\":\"Shop\",\"item\":\"https:\/\/versano.nl\/shop\/\"},{\"@type\":\"ListItem\",\"position\":3,\"name\":\"Imitatie leren biker jas dames 350 zwart Versano\"}]},{\"@type\":\"WebSite\",\"@id\":\"https:\/\/versano.nl\/#website\",\"url\":\"https:\/\/versano.nl\/\",\"name\":\"Versano\",\"description\":\"winterjassen met bontkraag | leren dames jassen | leren heren jassen\",\"potentialAction\":[{\"@type\":\"SearchAction\",\"target\":{\"@type\":\"EntryPoint\",\"urlTemplate\":\"https:\/\/versano.nl\/?s={search_term_string}\"},\"query-input\":{\"@type\":\"PropertyValueSpecification\",\"valueRequired\":true,\"valueName\":\"search_term_string\"}}],\"inLanguage\":\"fr-FR\"}]}<\/script>\n<!-- \/ Yoast SEO plugin. -->","yoast_head_json":{"title":"Veste de motard en similicuir femme 350 noir Versano, veste en simili cuir","description":"Si vous \u00eates \u00e0 la recherche d&#039;une veste de motard en similicuir pour femme 350 noir Versano, alors vous \u00eates au bon endroit dans la boutique en ligne Versano.","robots":{"index":"index","follow":"follow","max-snippet":"max-snippet:-1","max-image-preview":"max-image-preview:large","max-video-preview":"max-video-preview:-1"},"canonical":"https:\/\/versano.nl\/fr\/shop\/kunstleren-dames-motor-jack-met-riem-zwart-versano-350\/","og_locale":"fr_FR","og_type":"article","og_title":"Imitatie leren biker jas dames 350 zwart Versano, imitatie leren jas","og_description":"Ben je op zoek naar een Imitatie leren biker jas dames 350 zwart Versano, dan zit je in de webshop van Versano aan het juiste adres","og_url":"https:\/\/versano.nl\/fr\/shop\/kunstleren-dames-motor-jack-met-riem-zwart-versano-350\/","og_site_name":"Versano","article_modified_time":"2026-01-20T20:02:54+00:00","og_image":[{"width":900,"height":1200,"url":"https:\/\/versano.nl\/wp-content\/uploads\/2020\/07\/dames-biker-jack-zwart-met-riem-versano-350-schuin.jpg","type":"image\/jpeg"}],"twitter_card":"summary_large_image","twitter_misc":{"Dur\u00e9e de lecture estim\u00e9e":"2 minutes"},"schema":{"@context":"https:\/\/schema.org","@graph":[{"@type":"WebPage","@id":"https:\/\/versano.nl\/shop\/kunstleren-dames-motor-jack-met-riem-zwart-versano-350\/","url":"https:\/\/versano.nl\/shop\/kunstleren-dames-motor-jack-met-riem-zwart-versano-350\/","name":"Veste de motard en similicuir femme 350 noir Versano, veste en simili cuir","isPartOf":{"@id":"https:\/\/versano.nl\/#website"},"primaryImageOfPage":{"@id":"https:\/\/versano.nl\/shop\/kunstleren-dames-motor-jack-met-riem-zwart-versano-350\/#primaryimage"},"image":{"@id":"https:\/\/versano.nl\/shop\/kunstleren-dames-motor-jack-met-riem-zwart-versano-350\/#primaryimage"},"thumbnailUrl":"https:\/\/versano.nl\/wp-content\/uploads\/2020\/07\/dames-biker-jack-zwart-met-riem-versano-350-schuin.jpg","datePublished":"2022-03-08T22:24:19+00:00","dateModified":"2026-01-20T20:02:54+00:00","description":"Si vous \u00eates \u00e0 la recherche d&#039;une veste de motard en similicuir pour femme 350 noir Versano, alors vous \u00eates au bon endroit dans la boutique en ligne Versano.","breadcrumb":{"@id":"https:\/\/versano.nl\/shop\/kunstleren-dames-motor-jack-met-riem-zwart-versano-350\/#breadcrumb"},"inLanguage":"fr-FR","potentialAction":[{"@type":"ReadAction","target":["https:\/\/versano.nl\/shop\/kunstleren-dames-motor-jack-met-riem-zwart-versano-350\/"]}]},{"@type":"ImageObject","inLanguage":"fr-FR","@id":"https:\/\/versano.nl\/shop\/kunstleren-dames-motor-jack-met-riem-zwart-versano-350\/#primaryimage","url":"https:\/\/versano.nl\/wp-content\/uploads\/2020\/07\/dames-biker-jack-zwart-met-riem-versano-350-schuin.jpg","contentUrl":"https:\/\/versano.nl\/wp-content\/uploads\/2020\/07\/dames-biker-jack-zwart-met-riem-versano-350-schuin.jpg","width":900,"height":1200,"caption":"Imitatie leren biker jas dames 350 zwart Versano"},{"@type":"BreadcrumbList","@id":"https:\/\/versano.nl\/shop\/kunstleren-dames-motor-jack-met-riem-zwart-versano-350\/#breadcrumb","itemListElement":[{"@type":"ListItem","position":1,"name":"Home","item":"https:\/\/versano.nl\/"},{"@type":"ListItem","position":2,"name":"Shop","item":"https:\/\/versano.nl\/shop\/"},{"@type":"ListItem","position":3,"name":"Imitatie leren biker jas dames 350 zwart Versano"}]},{"@type":"WebSite","@id":"https:\/\/versano.nl\/#website","url":"https:\/\/versano.nl\/","name":"Versano","description":"manteaux d&#039;hiver avec col en fourrure | vestes femme en cuir | vestes en cuir pour hommes","potentialAction":[{"@type":"SearchAction","target":{"@type":"EntryPoint","urlTemplate":"https:\/\/versano.nl\/?s={search_term_string}"},"query-input":{"@type":"PropertyValueSpecification","valueRequired":true,"valueName":"search_term_string"}}],"inLanguage":"fr-FR"}]}},"_links":{"self":[{"href":"https:\/\/versano.nl\/fr\/wp-json\/wp\/v2\/product\/25489","targetHints":{"allow":["GET"]}}],"collection":[{"href":"https:\/\/versano.nl\/fr\/wp-json\/wp\/v2\/product"}],"about":[{"href":"https:\/\/versano.nl\/fr\/wp-json\/wp\/v2\/types\/product"}],"replies":[{"embeddable":true,"href":"https:\/\/versano.nl\/fr\/wp-json\/wp\/v2\/comments?post=25489"}],"wp:featuredmedia":[{"embeddable":true,"href":"https:\/\/versano.nl\/fr\/wp-json\/wp\/v2\/media\/16555"}],"wp:attachment":[{"href":"https:\/\/versano.nl\/fr\/wp-json\/wp\/v2\/media?parent=25489"}],"wp:term":[{"taxonomy":"product_brand","embeddable":true,"href":"https:\/\/versano.nl\/fr\/wp-json\/wp\/v2\/product_brand?post=25489"},{"taxonomy":"product_cat","embeddable":true,"href":"https:\/\/versano.nl\/fr\/wp-json\/wp\/v2\/product_cat?post=25489"},{"taxonomy":"product_tag","embeddable":true,"href":"https:\/\/versano.nl\/fr\/wp-json\/wp\/v2\/product_tag?post=25489"}],"curies":[{"name":"wp","href":"https:\/\/api.w.org\/{rel}","templated":true}]}}