{"id":2514,"date":"2015-03-07T00:51:30","date_gmt":"2015-03-07T00:51:30","guid":{"rendered":"http:\/\/leathershopdoci.nl\/shop\/dames-leren-jas-versano-336-zwart\/"},"modified":"2021-02-05T14:50:54","modified_gmt":"2021-02-05T14:50:54","slug":"zwarte-leren-dames-biker-jack-van-versano","status":"publish","type":"product","link":"https:\/\/versano.nl\/fr\/shop\/zwarte-leren-dames-biker-jack-van-versano\/","title":{"rendered":"Veste de motard en cuir femmes noires de Versano"},"content":{"rendered":"<h2>Veste de motard en cuir femmes noires de Versano<\/h2>\n<p>En Versano ils n&#039;aiment pas mener \u00e0 bien leurs manteaux, mais une poign\u00e9e de couleurs diff\u00e9rentes. C&#039;est une soci\u00e9t\u00e9 o\u00f9 l&#039;utilisation de couleurs diff\u00e9rentes dans les vestes est tr\u00e8s important. Prenons par exemple cette dames veste de motard en cuir noir de Versano. Ceci est une veste qui ressemble remarquablement \u00e0 tous et vous avez certainement peut porter l&#039;approbation des autres partir. Il est particuli\u00e8rement une veste que vous allez emporter avec plaisir lui-m\u00eame. Il est en cuir d&#039;agneau souple, qui offre un confort particulier. Ceci est un mat\u00e9riau qui a un beau lavage, vous le faites alors pas besoin de vous inqui\u00e9ter.<\/p>\n<p><strong>Veste motard en cuir femmes noires ordre de Versano<\/strong><br \/>\nPour commander cette veste avec nous, nous vous conseillons d&#039;avoir des doutes ici. Ceci est en fait l&#039;un des mod\u00e8les haut de gamme dans notre gamme. Ceci est une veste qui est parfait et qui semble \u00e9galement tr\u00e8s agr\u00e9able. Il est \u00e9quip\u00e9 de deux poches profondes, mais aussi avec un int\u00e9rieur sans aucun doute bien utile. \u00c9galement sur la poitrine sont deux poches. Tous les sacs sur cette veste peut \u00eatre ferm\u00e9 avec une fermeture \u00e9clair. Ainsi, vous pouvez enfourner ici pour vous arr\u00eater ne voulez pas qu&#039;ils tombent facilement \u00e0 nouveau.<\/p>\n<p>marque: <a href=\"https:\/\/versano.nl\/\" target=\"_blank\" rel=\"noopener noreferrer\">Versano<\/a><br \/>\nMati\u00e8re: 100% cuir d&#039;agneau<br \/>\nDoublure: 100% polyester<br \/>\nLongueur: court<br \/>\nFit: Am\u00e9nag\u00e9e italien (Runs)<br \/>\nFermeture: fermeture \u00e9clair<br \/>\nPoches: poches avec zip<br \/>\nCol: col vers le bas<br \/>\ncouche externe Mat\u00e9riel: haute qualit\u00e9 et doux en peau d&#039;agneau<br \/>\nTemps: 1-3 jours<\/p>","protected":false},"excerpt":{"rendered":"<p><strong>Si vous s\u00e9lectionnez une taille, alors il appara\u00eet un dessin avec des dimensions de taille. Pour d\u00e9terminer la bonne taille, il est recommand\u00e9 de mesurer d&#039;abord vos mesures de circonf\u00e9rence et de le comparer avec les dimensions sur le dessin. Avez-vous une exp\u00e9rience dans la mesure des dimensions, s&#039;il vous pla\u00eet cliquer sur <a href=\"https:\/\/www.youtube.com\/watch?v=MmcpCx4GsdU\" target=\"_blank\" rel=\"noopener noreferrer\"><span style=\"color: #ff0000;\"><em>ICI<\/em><\/span>\u00a0<\/a> \u00e0 <span style=\"color: #ff0000;\"><em><a style=\"color: #ff0000;\" href=\"https:\/\/www.youtube.com\/watch?v=MmcpCx4GsdU\" target=\"_blank\" rel=\"noopener noreferrer\">VIDEO<\/a><\/em><\/span> pour voir comment faire<\/strong>.<\/p>\n<p>Ce dames veste de motard en cuir noir de Versano a une fermeture \u00e0 glissi\u00e8re \u00e0 angle avec deux poches lat\u00e9rales et deux poches poitrine fermeture \u00e0 glissi\u00e8re. La veste est en cuir d&#039;agneau et italienne \u00e9quip\u00e9e d&#039;un ajustement r\u00e9gulier et \u00e9galement disponible en brun et le cognac.<\/p>","protected":false},"featured_media":8726,"comment_status":"closed","ping_status":"closed","template":"","meta":[],"product_brand":[],"product_cat":[90,1712],"product_tag":[156,414,415,416,417,418,95,419,420,421,422,311,349,423,424,142,359,101,425,105,106,107,426,363,427],"class_list":{"0":"post-2514","1":"product","2":"type-product","3":"status-publish","4":"has-post-thumbnail","6":"product_cat-dames-leren-jassen","7":"product_cat-leren-jassen","8":"product_tag-dames-bikerjack-zwart","9":"product_tag-dames-jas-leder-zwart","10":"product_tag-dames-jas-leer-zwart","11":"product_tag-dames-leren-jas-zwart","12":"product_tag-dames-leren-jassen-zwart","13":"product_tag-imitatieleren-dames-jas-zwart","14":"product_tag-korte-leren-jassen","15":"product_tag-lederen-dames-jas-zwart","16":"product_tag-lederen-damesjassen-zwart","17":"product_tag-leren-dames-jas-zwart","18":"product_tag-leren-jas-dames-zwart","19":"product_tag-leren-jasje-zwart","20":"product_tag-leren-jassen","21":"product_tag-leren-jassen-zwart","22":"product_tag-online-dames-bikerjack-zwart","23":"product_tag-online-dames-leren-jassen","24":"product_tag-online-dames-leren-jassen-zwart","25":"product_tag-online-leren-jassen","26":"product_tag-online-leren-jassen-zwart","27":"product_tag-versano-leren-jassen","28":"product_tag-winter-leren-jassen","29":"product_tag-zomer-leren-jassen","30":"product_tag-zwarte-leren-bikerjack-dames","31":"product_tag-zwarte-leren-dames-bikerjack","32":"product_tag-zwarte-leren-dames-jas","33":"tm-no-options","35":"first","36":"outofstock","37":"taxable","38":"shipping-taxable","39":"product-type-variable"},"yoast_head":"<!-- This site is optimized with the Yoast SEO plugin v27.2 - https:\/\/yoast.com\/product\/yoast-seo-wordpress\/ -->\n<title>zwarte leren dames biker jack van Versano, leren dames bikerjas<\/title>\n<meta name=\"description\" content=\"Deze zwarte leren dames biker jack van Versano heeft een schuine rits met 2 steekzakken, en 2 ritsen op de borstzakken. De jas is gemaakt van lamsleer\" \/>\n<meta name=\"robots\" content=\"index, follow, max-snippet:-1, max-image-preview:large, max-video-preview:-1\" \/>\n<link rel=\"canonical\" href=\"https:\/\/versano.nl\/fr\/shop\/zwarte-leren-dames-biker-jack-van-versano\/\" \/>\n<meta property=\"og:locale\" content=\"fr_FR\" \/>\n<meta property=\"og:type\" content=\"article\" \/>\n<meta property=\"og:title\" content=\"zwarte leren dames biker jack van Versano, leren dames bikerjas\" \/>\n<meta property=\"og:description\" content=\"Deze zwarte leren dames biker jack van Versano heeft een schuine rits met 2 steekzakken, en 2 ritsen op de borstzakken. De jas is gemaakt van lamsleer\" \/>\n<meta property=\"og:url\" content=\"https:\/\/versano.nl\/fr\/shop\/zwarte-leren-dames-biker-jack-van-versano\/\" \/>\n<meta property=\"og:site_name\" content=\"Versano\" \/>\n<meta property=\"article:modified_time\" content=\"2021-02-05T14:50:54+00:00\" \/>\n<meta property=\"og:image\" content=\"https:\/\/versano.nl\/wp-content\/uploads\/2018\/05\/dames-leren-jas-zwart-336-versano-model2.jpg\" \/>\n\t<meta property=\"og:image:width\" content=\"900\" \/>\n\t<meta property=\"og:image:height\" content=\"1176\" \/>\n\t<meta property=\"og:image:type\" content=\"image\/jpeg\" \/>\n<meta name=\"twitter:card\" content=\"summary_large_image\" \/>\n<meta name=\"twitter:label1\" content=\"Dur\u00e9e de lecture estim\u00e9e\" \/>\n\t<meta name=\"twitter:data1\" content=\"1 minute\" \/>\n<script type=\"application\/ld+json\" class=\"yoast-schema-graph\">{\"@context\":\"https:\/\/schema.org\",\"@graph\":[{\"@type\":\"WebPage\",\"@id\":\"https:\/\/versano.nl\/shop\/zwarte-leren-dames-biker-jack-van-versano\/\",\"url\":\"https:\/\/versano.nl\/shop\/zwarte-leren-dames-biker-jack-van-versano\/\",\"name\":\"zwarte leren dames biker jack van Versano, leren dames bikerjas\",\"isPartOf\":{\"@id\":\"https:\/\/versano.nl\/#website\"},\"primaryImageOfPage\":{\"@id\":\"https:\/\/versano.nl\/shop\/zwarte-leren-dames-biker-jack-van-versano\/#primaryimage\"},\"image\":{\"@id\":\"https:\/\/versano.nl\/shop\/zwarte-leren-dames-biker-jack-van-versano\/#primaryimage\"},\"thumbnailUrl\":\"https:\/\/versano.nl\/wp-content\/uploads\/2018\/05\/dames-leren-jas-zwart-336-versano-model2.jpg\",\"datePublished\":\"2015-03-07T00:51:30+00:00\",\"dateModified\":\"2021-02-05T14:50:54+00:00\",\"description\":\"Deze zwarte leren dames biker jack van Versano heeft een schuine rits met 2 steekzakken, en 2 ritsen op de borstzakken. De jas is gemaakt van lamsleer\",\"breadcrumb\":{\"@id\":\"https:\/\/versano.nl\/shop\/zwarte-leren-dames-biker-jack-van-versano\/#breadcrumb\"},\"inLanguage\":\"fr-FR\",\"potentialAction\":[{\"@type\":\"ReadAction\",\"target\":[\"https:\/\/versano.nl\/shop\/zwarte-leren-dames-biker-jack-van-versano\/\"]}]},{\"@type\":\"ImageObject\",\"inLanguage\":\"fr-FR\",\"@id\":\"https:\/\/versano.nl\/shop\/zwarte-leren-dames-biker-jack-van-versano\/#primaryimage\",\"url\":\"https:\/\/versano.nl\/wp-content\/uploads\/2018\/05\/dames-leren-jas-zwart-336-versano-model2.jpg\",\"contentUrl\":\"https:\/\/versano.nl\/wp-content\/uploads\/2018\/05\/dames-leren-jas-zwart-336-versano-model2.jpg\",\"width\":900,\"height\":1176,\"caption\":\"dames-leren-jas-zwart-336-versano-model2\"},{\"@type\":\"BreadcrumbList\",\"@id\":\"https:\/\/versano.nl\/shop\/zwarte-leren-dames-biker-jack-van-versano\/#breadcrumb\",\"itemListElement\":[{\"@type\":\"ListItem\",\"position\":1,\"name\":\"Home\",\"item\":\"https:\/\/versano.nl\/\"},{\"@type\":\"ListItem\",\"position\":2,\"name\":\"Shop\",\"item\":\"https:\/\/versano.nl\/shop\/\"},{\"@type\":\"ListItem\",\"position\":3,\"name\":\"Zwarte leren dames biker jack van Versano\"}]},{\"@type\":\"WebSite\",\"@id\":\"https:\/\/versano.nl\/#website\",\"url\":\"https:\/\/versano.nl\/\",\"name\":\"Versano\",\"description\":\"winterjassen met bontkraag | leren dames jassen | leren heren jassen\",\"potentialAction\":[{\"@type\":\"SearchAction\",\"target\":{\"@type\":\"EntryPoint\",\"urlTemplate\":\"https:\/\/versano.nl\/?s={search_term_string}\"},\"query-input\":{\"@type\":\"PropertyValueSpecification\",\"valueRequired\":true,\"valueName\":\"search_term_string\"}}],\"inLanguage\":\"fr-FR\"}]}<\/script>\n<!-- \/ Yoast SEO plugin. -->","yoast_head_json":{"title":"Veste de motard en cuir pour femme noire Versano, veste de motard en cuir pour femme","description":"Cette veste de motard en cuir pour femme noire sign\u00e9e Versano poss\u00e8de une fermeture \u00e0 glissi\u00e8re inclin\u00e9e avec 2 poches lat\u00e9rales et 2 fermetures \u00e0 glissi\u00e8re sur les poches de poitrine. La veste est en cuir d&#039;agneau","robots":{"index":"index","follow":"follow","max-snippet":"max-snippet:-1","max-image-preview":"max-image-preview:large","max-video-preview":"max-video-preview:-1"},"canonical":"https:\/\/versano.nl\/fr\/shop\/zwarte-leren-dames-biker-jack-van-versano\/","og_locale":"fr_FR","og_type":"article","og_title":"zwarte leren dames biker jack van Versano, leren dames bikerjas","og_description":"Deze zwarte leren dames biker jack van Versano heeft een schuine rits met 2 steekzakken, en 2 ritsen op de borstzakken. De jas is gemaakt van lamsleer","og_url":"https:\/\/versano.nl\/fr\/shop\/zwarte-leren-dames-biker-jack-van-versano\/","og_site_name":"Versano","article_modified_time":"2021-02-05T14:50:54+00:00","og_image":[{"width":900,"height":1176,"url":"https:\/\/versano.nl\/wp-content\/uploads\/2018\/05\/dames-leren-jas-zwart-336-versano-model2.jpg","type":"image\/jpeg"}],"twitter_card":"summary_large_image","twitter_misc":{"Dur\u00e9e de lecture estim\u00e9e":"1 minute"},"schema":{"@context":"https:\/\/schema.org","@graph":[{"@type":"WebPage","@id":"https:\/\/versano.nl\/shop\/zwarte-leren-dames-biker-jack-van-versano\/","url":"https:\/\/versano.nl\/shop\/zwarte-leren-dames-biker-jack-van-versano\/","name":"Veste de motard en cuir pour femme noire Versano, veste de motard en cuir pour femme","isPartOf":{"@id":"https:\/\/versano.nl\/#website"},"primaryImageOfPage":{"@id":"https:\/\/versano.nl\/shop\/zwarte-leren-dames-biker-jack-van-versano\/#primaryimage"},"image":{"@id":"https:\/\/versano.nl\/shop\/zwarte-leren-dames-biker-jack-van-versano\/#primaryimage"},"thumbnailUrl":"https:\/\/versano.nl\/wp-content\/uploads\/2018\/05\/dames-leren-jas-zwart-336-versano-model2.jpg","datePublished":"2015-03-07T00:51:30+00:00","dateModified":"2021-02-05T14:50:54+00:00","description":"Cette veste de motard en cuir pour femme noire sign\u00e9e Versano poss\u00e8de une fermeture \u00e0 glissi\u00e8re inclin\u00e9e avec 2 poches lat\u00e9rales et 2 fermetures \u00e0 glissi\u00e8re sur les poches de poitrine. La veste est en cuir d&#039;agneau","breadcrumb":{"@id":"https:\/\/versano.nl\/shop\/zwarte-leren-dames-biker-jack-van-versano\/#breadcrumb"},"inLanguage":"fr-FR","potentialAction":[{"@type":"ReadAction","target":["https:\/\/versano.nl\/shop\/zwarte-leren-dames-biker-jack-van-versano\/"]}]},{"@type":"ImageObject","inLanguage":"fr-FR","@id":"https:\/\/versano.nl\/shop\/zwarte-leren-dames-biker-jack-van-versano\/#primaryimage","url":"https:\/\/versano.nl\/wp-content\/uploads\/2018\/05\/dames-leren-jas-zwart-336-versano-model2.jpg","contentUrl":"https:\/\/versano.nl\/wp-content\/uploads\/2018\/05\/dames-leren-jas-zwart-336-versano-model2.jpg","width":900,"height":1176,"caption":"dames-leren-jas-zwart-336-versano-model2"},{"@type":"BreadcrumbList","@id":"https:\/\/versano.nl\/shop\/zwarte-leren-dames-biker-jack-van-versano\/#breadcrumb","itemListElement":[{"@type":"ListItem","position":1,"name":"Home","item":"https:\/\/versano.nl\/"},{"@type":"ListItem","position":2,"name":"Shop","item":"https:\/\/versano.nl\/shop\/"},{"@type":"ListItem","position":3,"name":"Zwarte leren dames biker jack van Versano"}]},{"@type":"WebSite","@id":"https:\/\/versano.nl\/#website","url":"https:\/\/versano.nl\/","name":"Versano","description":"manteaux d&#039;hiver avec col en fourrure | vestes femme en cuir | vestes en cuir pour hommes","potentialAction":[{"@type":"SearchAction","target":{"@type":"EntryPoint","urlTemplate":"https:\/\/versano.nl\/?s={search_term_string}"},"query-input":{"@type":"PropertyValueSpecification","valueRequired":true,"valueName":"search_term_string"}}],"inLanguage":"fr-FR"}]}},"_links":{"self":[{"href":"https:\/\/versano.nl\/fr\/wp-json\/wp\/v2\/product\/2514","targetHints":{"allow":["GET"]}}],"collection":[{"href":"https:\/\/versano.nl\/fr\/wp-json\/wp\/v2\/product"}],"about":[{"href":"https:\/\/versano.nl\/fr\/wp-json\/wp\/v2\/types\/product"}],"replies":[{"embeddable":true,"href":"https:\/\/versano.nl\/fr\/wp-json\/wp\/v2\/comments?post=2514"}],"wp:featuredmedia":[{"embeddable":true,"href":"https:\/\/versano.nl\/fr\/wp-json\/wp\/v2\/media\/8726"}],"wp:attachment":[{"href":"https:\/\/versano.nl\/fr\/wp-json\/wp\/v2\/media?parent=2514"}],"wp:term":[{"taxonomy":"product_brand","embeddable":true,"href":"https:\/\/versano.nl\/fr\/wp-json\/wp\/v2\/product_brand?post=2514"},{"taxonomy":"product_cat","embeddable":true,"href":"https:\/\/versano.nl\/fr\/wp-json\/wp\/v2\/product_cat?post=2514"},{"taxonomy":"product_tag","embeddable":true,"href":"https:\/\/versano.nl\/fr\/wp-json\/wp\/v2\/product_tag?post=2514"}],"curies":[{"name":"wp","href":"https:\/\/api.w.org\/{rel}","templated":true}]}}