{"id":2354,"date":"2015-03-07T15:25:52","date_gmt":"2015-03-07T15:25:52","guid":{"rendered":"http:\/\/leathershopdoci.nl\/shop\/dames-leren-jas-versano-305-cognac\/"},"modified":"2024-12-13T12:07:25","modified_gmt":"2024-12-13T12:07:25","slug":"dames-leren-jas-versano-305-cognac","status":"publish","type":"product","link":"https:\/\/versano.nl\/fr\/shop\/dames-leren-jas-versano-305-cognac\/","title":{"rendered":"Veste en cuir motard regarder Cognac Versano"},"content":{"rendered":"<h2>Veste en cuir motard regarder Cognac Versano<\/h2>\n<p>Vous cherchez une veste en cuir que vous pouvez appeler un motard dur regarder sur? Ensuite, vous avez juste besoin d&#039;un moment pour regarder cette veste en cuir motard regarder Cognac Versano. Ceci est une veste qui semble parfait et que vous pouvez \u00eatre s\u00fbr qu&#039;il porte aussi un autre d\u00e9licieux. Cela est d\u00fb en partie \u00e0 l&#039;anneau de taille italienne, mais aussi aux mat\u00e9riaux utilis\u00e9s. Nous parlons de doux que le cuir d&#039;agneau lavage id\u00e9al aussi regarder toujours mieux. Que pourriez-vous vouloir dans un nouveau manteau? Qu&#039;en est-il du grand nombre de sacs que ce manteau.<\/p>\n<h3>porter votre nouveau plaisir manteau<\/h3>\n<p>Avec une si belle veste en cuir motard regarder Cognac Versano veillera \u00e0 ce que vous brevet toujours bijloopt. Voil\u00e0 pourquoi nous recommandons ce cognac 305 veste en cuir dames de Versano conviennent de soumettre \u00e0 une enqu\u00eate plus approfondie si vous voulez savoir \u00e0 quoi il ressemble. Vous pouvez manteau pour voir les moindres d\u00e9tails sur cette page. En savoir plus sur cette veste? Ensuite, vous pouvez demander ici sept jours par semaine \u00e0 toutes vos questions par e-mail au sujet. Nous sommes pr\u00eats \u00e0 y r\u00e9pondre pour vous.<\/p>\n<p>marque: <a href=\"https:\/\/versano.nl\/\" target=\"_blank\" rel=\"noopener noreferrer\">Versano<\/a><br \/>\nMati\u00e8re: 100% cuir d&#039;agneau<br \/>\nDoublure: 100% polyester<br \/>\nLongueur: court<br \/>\nFit: Int\u00e9gr\u00e9 italienne<br \/>\nFermeture: fermeture \u00e9clair<br \/>\nPoches: poches avec zip<br \/>\nCol: un collier sym\u00e9trique<br \/>\ncouche externe Mat\u00e9riel: haute qualit\u00e9 et doux en peau d&#039;agneau<br \/>\nTemps: 1-3 jours<\/p>","protected":false},"excerpt":{"rendered":"<p><strong>CHOISISSEZ UNE AUTRE COULEUR ICI<\/strong><\/p>\n<p><a href=\"https:\/\/versano.nl\/shop\/leren-dames-jas-biker-305-blauw-versano\/\"><img loading=\"lazy\" decoding=\"async\" class=\"alignnone size-full wp-image-19834\" src=\"https:\/\/versano.nl\/wp-content\/uploads\/sites\/2\/2017\/05\/leren-dames-jas-blauw-305-model2-thumb.jpg\" alt=\"\" width=\"57\" height=\"75\" \/><\/a><a href=\"https:\/\/versano.nl\/shop\/dames-leren-jas-versano-305-zwart\"><img loading=\"lazy\" decoding=\"async\" class=\"alignnone size-full wp-image-19836\" src=\"https:\/\/versano.nl\/wp-content\/uploads\/sites\/2\/2017\/05\/leren-dames-jas-zwart-305-model3-thumb.jpg\" alt=\"\" width=\"57\" height=\"75\" \/><\/a><\/p>\n<p>La 305 est une veste en cuir d&#039;agneau et a un look de motard avec un collier un sym\u00e9trique. Durable lambskin a un beau lavage pour un look chic sportif. La veste a deux poches avec fermeture \u00e9clair, une poche zipp\u00e9e sur la poitrine et \u00e0 l&#039;int\u00e9rieur. La veste est disponible en plusieurs couleurs et est \u00e9quip\u00e9 italienne.<\/p>","protected":false},"featured_media":15632,"comment_status":"closed","ping_status":"closed","template":"","meta":[],"product_brand":[],"product_cat":[90,874,875,877,879,880,881,882],"product_tag":[95,151,411,412,98,101,105,107],"class_list":{"0":"post-2354","1":"product","2":"type-product","3":"status-publish","4":"has-post-thumbnail","6":"product_cat-dames-leren-jassen","7":"product_cat-kort-leren-jasje","8":"product_cat-kort-leren-jasje-dames","9":"product_cat-leren-bikerjacks-dames","10":"product_cat-leren-dames-jassen","11":"product_cat-leren-jasje-dames","12":"product_cat-leren-jassen-dames","13":"product_cat-versano","14":"product_tag-korte-leren-jassen","15":"product_tag-leren-biker-jack-cognac","16":"product_tag-leren-cognac-jas","17":"product_tag-leren-dames-jas-motor-look-cognac","18":"product_tag-leren-jasje","19":"product_tag-online-leren-jassen","20":"product_tag-versano-leren-jassen","21":"product_tag-zomer-leren-jassen","22":"product_shipping_class-verzendkosten-1","23":"tm-no-options","25":"first","26":"instock","27":"taxable","28":"shipping-taxable","29":"product-type-variable"},"yoast_head":"<!-- This site is optimized with the Yoast SEO plugin v27.2 - https:\/\/yoast.com\/product\/yoast-seo-wordpress\/ -->\n<title>Leren damesjas in bikerlook Cognac van Versano, leren dames jas cognac<\/title>\n<meta name=\"description\" content=\"De Leren damesjas in bikerlook Cognac van Versano is gemaakt van lamsleder, en voelt erg soepel en glad aan. De jas heeft een stoere motor look\" \/>\n<meta name=\"robots\" content=\"index, follow, max-snippet:-1, max-image-preview:large, max-video-preview:-1\" \/>\n<link rel=\"canonical\" href=\"https:\/\/versano.nl\/fr\/shop\/dames-leren-jas-versano-305-cognac\/\" \/>\n<meta property=\"og:locale\" content=\"fr_FR\" \/>\n<meta property=\"og:type\" content=\"article\" \/>\n<meta property=\"og:title\" content=\"Leren damesjas in bikerlook Cognac van Versano, leren dames jas cognac\" \/>\n<meta property=\"og:description\" content=\"De Leren damesjas in bikerlook Cognac van Versano is gemaakt van lamsleder, en voelt erg soepel en glad aan. De jas heeft een stoere motor look\" \/>\n<meta property=\"og:url\" content=\"https:\/\/versano.nl\/fr\/shop\/dames-leren-jas-versano-305-cognac\/\" \/>\n<meta property=\"og:site_name\" content=\"Versano\" \/>\n<meta property=\"article:modified_time\" content=\"2024-12-13T12:07:25+00:00\" \/>\n<meta property=\"og:image\" content=\"https:\/\/versano.nl\/wp-content\/uploads\/2020\/02\/leren-dames-jas-cognac-305-model3.jpg\" \/>\n\t<meta property=\"og:image:width\" content=\"900\" \/>\n\t<meta property=\"og:image:height\" content=\"1176\" \/>\n\t<meta property=\"og:image:type\" content=\"image\/jpeg\" \/>\n<meta name=\"twitter:card\" content=\"summary_large_image\" \/>\n<meta name=\"twitter:label1\" content=\"Dur\u00e9e de lecture estim\u00e9e\" \/>\n\t<meta name=\"twitter:data1\" content=\"1 minute\" \/>\n<script type=\"application\/ld+json\" class=\"yoast-schema-graph\">{\"@context\":\"https:\/\/schema.org\",\"@graph\":[{\"@type\":\"WebPage\",\"@id\":\"https:\/\/versano.nl\/shop\/dames-leren-jas-versano-305-cognac\/\",\"url\":\"https:\/\/versano.nl\/shop\/dames-leren-jas-versano-305-cognac\/\",\"name\":\"Leren damesjas in bikerlook Cognac van Versano, leren dames jas cognac\",\"isPartOf\":{\"@id\":\"https:\/\/versano.nl\/#website\"},\"primaryImageOfPage\":{\"@id\":\"https:\/\/versano.nl\/shop\/dames-leren-jas-versano-305-cognac\/#primaryimage\"},\"image\":{\"@id\":\"https:\/\/versano.nl\/shop\/dames-leren-jas-versano-305-cognac\/#primaryimage\"},\"thumbnailUrl\":\"https:\/\/versano.nl\/wp-content\/uploads\/2020\/02\/leren-dames-jas-cognac-305-model3.jpg\",\"datePublished\":\"2015-03-07T15:25:52+00:00\",\"dateModified\":\"2024-12-13T12:07:25+00:00\",\"description\":\"De Leren damesjas in bikerlook Cognac van Versano is gemaakt van lamsleder, en voelt erg soepel en glad aan. De jas heeft een stoere motor look\",\"breadcrumb\":{\"@id\":\"https:\/\/versano.nl\/shop\/dames-leren-jas-versano-305-cognac\/#breadcrumb\"},\"inLanguage\":\"fr-FR\",\"potentialAction\":[{\"@type\":\"ReadAction\",\"target\":[\"https:\/\/versano.nl\/shop\/dames-leren-jas-versano-305-cognac\/\"]}]},{\"@type\":\"ImageObject\",\"inLanguage\":\"fr-FR\",\"@id\":\"https:\/\/versano.nl\/shop\/dames-leren-jas-versano-305-cognac\/#primaryimage\",\"url\":\"https:\/\/versano.nl\/wp-content\/uploads\/2020\/02\/leren-dames-jas-cognac-305-model3.jpg\",\"contentUrl\":\"https:\/\/versano.nl\/wp-content\/uploads\/2020\/02\/leren-dames-jas-cognac-305-model3.jpg\",\"width\":900,\"height\":1176,\"caption\":\"leren-dames-jas-cognac-305-model3\"},{\"@type\":\"BreadcrumbList\",\"@id\":\"https:\/\/versano.nl\/shop\/dames-leren-jas-versano-305-cognac\/#breadcrumb\",\"itemListElement\":[{\"@type\":\"ListItem\",\"position\":1,\"name\":\"Home\",\"item\":\"https:\/\/versano.nl\/\"},{\"@type\":\"ListItem\",\"position\":2,\"name\":\"Shop\",\"item\":\"https:\/\/versano.nl\/shop\/\"},{\"@type\":\"ListItem\",\"position\":3,\"name\":\"Leren damesjas in bikerlook Cognac van Versano\"}]},{\"@type\":\"WebSite\",\"@id\":\"https:\/\/versano.nl\/#website\",\"url\":\"https:\/\/versano.nl\/\",\"name\":\"Versano\",\"description\":\"winterjassen met bontkraag | leren dames jassen | leren heren jassen\",\"potentialAction\":[{\"@type\":\"SearchAction\",\"target\":{\"@type\":\"EntryPoint\",\"urlTemplate\":\"https:\/\/versano.nl\/?s={search_term_string}\"},\"query-input\":{\"@type\":\"PropertyValueSpecification\",\"valueRequired\":true,\"valueName\":\"search_term_string\"}}],\"inLanguage\":\"fr-FR\"}]}<\/script>\n<!-- \/ Yoast SEO plugin. -->","yoast_head_json":{"title":"Veste femme en cuir de style motard Cognac de Versano, veste femme en cuir cognac","description":"La veste pour femme en cuir de style motard Cognac de Versano est en cuir d&#039;agneau et est tr\u00e8s lisse et lisse. La veste a un look moto cool","robots":{"index":"index","follow":"follow","max-snippet":"max-snippet:-1","max-image-preview":"max-image-preview:large","max-video-preview":"max-video-preview:-1"},"canonical":"https:\/\/versano.nl\/fr\/shop\/dames-leren-jas-versano-305-cognac\/","og_locale":"fr_FR","og_type":"article","og_title":"Leren damesjas in bikerlook Cognac van Versano, leren dames jas cognac","og_description":"De Leren damesjas in bikerlook Cognac van Versano is gemaakt van lamsleder, en voelt erg soepel en glad aan. De jas heeft een stoere motor look","og_url":"https:\/\/versano.nl\/fr\/shop\/dames-leren-jas-versano-305-cognac\/","og_site_name":"Versano","article_modified_time":"2024-12-13T12:07:25+00:00","og_image":[{"width":900,"height":1176,"url":"https:\/\/versano.nl\/wp-content\/uploads\/2020\/02\/leren-dames-jas-cognac-305-model3.jpg","type":"image\/jpeg"}],"twitter_card":"summary_large_image","twitter_misc":{"Dur\u00e9e de lecture estim\u00e9e":"1 minute"},"schema":{"@context":"https:\/\/schema.org","@graph":[{"@type":"WebPage","@id":"https:\/\/versano.nl\/shop\/dames-leren-jas-versano-305-cognac\/","url":"https:\/\/versano.nl\/shop\/dames-leren-jas-versano-305-cognac\/","name":"Veste femme en cuir de style motard Cognac de Versano, veste femme en cuir cognac","isPartOf":{"@id":"https:\/\/versano.nl\/#website"},"primaryImageOfPage":{"@id":"https:\/\/versano.nl\/shop\/dames-leren-jas-versano-305-cognac\/#primaryimage"},"image":{"@id":"https:\/\/versano.nl\/shop\/dames-leren-jas-versano-305-cognac\/#primaryimage"},"thumbnailUrl":"https:\/\/versano.nl\/wp-content\/uploads\/2020\/02\/leren-dames-jas-cognac-305-model3.jpg","datePublished":"2015-03-07T15:25:52+00:00","dateModified":"2024-12-13T12:07:25+00:00","description":"La veste pour femme en cuir de style motard Cognac de Versano est en cuir d&#039;agneau et est tr\u00e8s lisse et lisse. La veste a un look moto cool","breadcrumb":{"@id":"https:\/\/versano.nl\/shop\/dames-leren-jas-versano-305-cognac\/#breadcrumb"},"inLanguage":"fr-FR","potentialAction":[{"@type":"ReadAction","target":["https:\/\/versano.nl\/shop\/dames-leren-jas-versano-305-cognac\/"]}]},{"@type":"ImageObject","inLanguage":"fr-FR","@id":"https:\/\/versano.nl\/shop\/dames-leren-jas-versano-305-cognac\/#primaryimage","url":"https:\/\/versano.nl\/wp-content\/uploads\/2020\/02\/leren-dames-jas-cognac-305-model3.jpg","contentUrl":"https:\/\/versano.nl\/wp-content\/uploads\/2020\/02\/leren-dames-jas-cognac-305-model3.jpg","width":900,"height":1176,"caption":"leren-dames-jas-cognac-305-model3"},{"@type":"BreadcrumbList","@id":"https:\/\/versano.nl\/shop\/dames-leren-jas-versano-305-cognac\/#breadcrumb","itemListElement":[{"@type":"ListItem","position":1,"name":"Home","item":"https:\/\/versano.nl\/"},{"@type":"ListItem","position":2,"name":"Shop","item":"https:\/\/versano.nl\/shop\/"},{"@type":"ListItem","position":3,"name":"Leren damesjas in bikerlook Cognac van Versano"}]},{"@type":"WebSite","@id":"https:\/\/versano.nl\/#website","url":"https:\/\/versano.nl\/","name":"Versano","description":"manteaux d&#039;hiver avec col en fourrure | vestes femme en cuir | vestes en cuir pour hommes","potentialAction":[{"@type":"SearchAction","target":{"@type":"EntryPoint","urlTemplate":"https:\/\/versano.nl\/?s={search_term_string}"},"query-input":{"@type":"PropertyValueSpecification","valueRequired":true,"valueName":"search_term_string"}}],"inLanguage":"fr-FR"}]}},"_links":{"self":[{"href":"https:\/\/versano.nl\/fr\/wp-json\/wp\/v2\/product\/2354","targetHints":{"allow":["GET"]}}],"collection":[{"href":"https:\/\/versano.nl\/fr\/wp-json\/wp\/v2\/product"}],"about":[{"href":"https:\/\/versano.nl\/fr\/wp-json\/wp\/v2\/types\/product"}],"replies":[{"embeddable":true,"href":"https:\/\/versano.nl\/fr\/wp-json\/wp\/v2\/comments?post=2354"}],"wp:featuredmedia":[{"embeddable":true,"href":"https:\/\/versano.nl\/fr\/wp-json\/wp\/v2\/media\/15632"}],"wp:attachment":[{"href":"https:\/\/versano.nl\/fr\/wp-json\/wp\/v2\/media?parent=2354"}],"wp:term":[{"taxonomy":"product_brand","embeddable":true,"href":"https:\/\/versano.nl\/fr\/wp-json\/wp\/v2\/product_brand?post=2354"},{"taxonomy":"product_cat","embeddable":true,"href":"https:\/\/versano.nl\/fr\/wp-json\/wp\/v2\/product_cat?post=2354"},{"taxonomy":"product_tag","embeddable":true,"href":"https:\/\/versano.nl\/fr\/wp-json\/wp\/v2\/product_tag?post=2354"}],"curies":[{"name":"wp","href":"https:\/\/api.w.org\/{rel}","templated":true}]}}