{"id":22200,"date":"2021-08-27T20:23:21","date_gmt":"2021-08-27T20:23:21","guid":{"rendered":"https:\/\/versano.nl\/shop\/dames-motor-jack-met-riem-cognac-versano-350\/"},"modified":"2026-01-01T15:11:31","modified_gmt":"2026-01-01T15:11:31","slug":"dames-motor-jack-met-riem-cognac-versano-350","status":"publish","type":"product","link":"https:\/\/versano.nl\/fr\/shop\/dames-motor-jack-met-riem-cognac-versano-350\/","title":{"rendered":"Veste en cuir pour femme avec ceinture cognac Versano 350"},"content":{"rendered":"<h2>Veste en cuir pour femme avec ceinture cognac Versano 350<\/h2>\n<p>Versano est le bon choix pour une veste en cuir noir cool pour femme. Cette veste en cuir pour femme avec ceinture cognac Versano 350 est en cuir d&#039;agneau souple. C&#039;est une veste avec un col asym\u00e9trique. Le cuir est un cuir d&#039;agneau de haute qualit\u00e9. Ce magnifique manteau a deux poches lat\u00e9rales que vous pouvez fermer avec une fermeture \u00e9clair. De plus, il y a une petite poche zipp\u00e9e sur la poitrine et dans ce mod\u00e8le vous avez \u00e9galement une poche int\u00e9rieure. Nous vendons cette veste en trois couleurs diff\u00e9rentes. En plus du noir \u00e9l\u00e9gant, la veste est \u00e9galement disponible dans une version cool en noir et rouge. Cette veste est enti\u00e8rement ajust\u00e9e \u00e0 l&#039;italienne par les designers de Versano. En cons\u00e9quence, la veste s&#039;adapte parfaitement \u00e0 votre corps et elle va vraiment comme un gant.<\/p>\n<h2>350 en cognac noir commander<\/h2>\n<p>Vous cherchez une veste en cuir perfecto pour femme ? Alors nous recommandons d\u00e9finitivement ce mod\u00e8le et vous ne le regretterez jamais ! Les vestes en cuir Perfecto de Versano sont vraiment cool et ont un beau design. Cette veste se porte g\u00e9n\u00e9ralement au quotidien pour rendre votre tenue plus tendance. Si vous commandez cette belle veste chez nous, vous recevrez une veste faite d&#039;une belle mati\u00e8re. Parce qu&#039;elle est faite d&#039;un beau cuir d&#039;agneau fin, la veste est \u00e9galement parfaitement adapt\u00e9e pour \u00eatre port\u00e9e \u00e0 l&#039;int\u00e9rieur. C&#039;est une veste qui peut \u00eatre bien combin\u00e9e avec diff\u00e9rents types de v\u00eatements. Pensez \u00e0 une jupe, mais aussi \u00e0 un jean cool. Son design italien garantit que la veste est bien ajust\u00e9e et reste confortable \u00e0 porter. C&#039;est un mod\u00e8le tr\u00e8s tendance et cool de Versano.<\/p>\n<p>&nbsp;<\/p>\n<p>marque: <a href=\"https:\/\/versano.nl\/\">Versano<\/a><br \/>\nMati\u00e8re: 100% cuir d&#039;agneau<br \/>\nDoublure: 100% polyester<br \/>\nLongueur: court<br \/>\nCoupe: coupe r\u00e9guli\u00e8re<br \/>\nFermeture: fermeture \u00e9clair<br \/>\nPoches: poches avec zip<br \/>\nCol: un collier sym\u00e9trique<br \/>\ncouche externe Mat\u00e9riel: haute qualit\u00e9 et doux en peau d&#039;agneau<\/p>\n<p>D\u00e9lai de livraison: 2-3 jours ouvrables<\/p>","protected":false},"excerpt":{"rendered":"<p><span style=\"color: red;\">Conseils d&#039;ajustement:<\/span> La coupe de cette veste est normalement ajust\u00e9e. Notre mannequin mesure 1,68 cm et porte une taille S.<\/p>\n<p>Si vous n&#039;\u00eates pas s\u00fbr de vos mesures, nous vous recommandons de commencer par mesurer vos mesures de taille et de les comparer avec notre tableau des tailles. Si vous n&#039;avez aucune exp\u00e9rience dans la mesure des tailles de circonf\u00e9rence, cliquez sur <a href=\"https:\/\/www.youtube.com\/watch?v=3ZSfY87v6pM\"><em><span style=\"text-decoration: none;\">ICI<\/span><\/em>\u00a0<\/a>\u00a0\u00e0 <span style=\"color: red;\"><a href=\"https:\/\/www.youtube.com\/watch?v=3ZSfY87v6pM\"><em><span style=\"color: red; text-decoration: none;\">VIDEO<\/span><\/em><\/a><\/span>\u00a0 avec des instructions. Vous pouvez \u00e9galement nous appeler ou nous appliquer directement! Nos employ\u00e9s sont toujours disponibles pour vous aider.<\/p>\n<p><strong><span style=\"color: black;\">HEURE DE LIVRAISON :<\/span><\/strong> 2 \u00e0 3 jours ouvr\u00e9s.<\/p>","protected":false},"featured_media":22209,"comment_status":"closed","ping_status":"closed","template":"","meta":[],"product_brand":[],"product_cat":[1472,90,874,875,1499,877,1470,879,1469,880,1712,881,878,882,890],"product_tag":[719,2124,1003,1527,2125,352],"class_list":{"0":"post-22200","1":"product","2":"type-product","3":"status-publish","4":"has-post-thumbnail","6":"product_cat-biker-jas-dames","7":"product_cat-dames-leren-jassen","8":"product_cat-kort-leren-jasje","9":"product_cat-kort-leren-jasje-dames","10":"product_cat-leren-biker-jas-dames","11":"product_cat-leren-bikerjacks-dames","12":"product_cat-leren-dames-jas","13":"product_cat-leren-dames-jassen","14":"product_cat-leren-jas-dames","15":"product_cat-leren-jasje-dames","16":"product_cat-leren-jassen","17":"product_cat-leren-jassen-dames","18":"product_cat-leren-jassen-dames-uitverkoop","19":"product_cat-versano","20":"product_cat-zwarte-leren-jas-dames","21":"product_tag-bikerjack-dames-cognac","22":"product_tag-cognac-leren-biker-jas","23":"product_tag-cognac-leren-dames-jas","24":"product_tag-dames-leren-biker-jas","25":"product_tag-leren-biker-jas-cognac","26":"product_tag-leren-dames-jas-cognac","27":"tm-no-options","29":"first","30":"instock","31":"sale","32":"taxable","33":"shipping-taxable","34":"purchasable","35":"product-type-variable","36":"has-default-attributes"},"yoast_head":"<!-- This site is optimized with the Yoast SEO plugin v27.2 - https:\/\/yoast.com\/product\/yoast-seo-wordpress\/ -->\n<title>Dames leren jas met riem cognac Versano 350, leren dames jas<\/title>\n<meta name=\"description\" content=\"Ben je op zoek naar een Dames leren jas met riem cognac Versano 350, dan zit je in de webshop van Versano aan het juiste adres.\" \/>\n<meta name=\"robots\" content=\"index, follow, max-snippet:-1, max-image-preview:large, max-video-preview:-1\" \/>\n<link rel=\"canonical\" href=\"https:\/\/versano.nl\/fr\/shop\/dames-motor-jack-met-riem-cognac-versano-350\/\" \/>\n<meta property=\"og:locale\" content=\"fr_FR\" \/>\n<meta property=\"og:type\" content=\"article\" \/>\n<meta property=\"og:title\" content=\"Dames leren jas met riem cognac Versano 350, leren dames jas\" \/>\n<meta property=\"og:description\" content=\"Ben je op zoek naar een Dames leren jas met riem cognac Versano 350, dan zit je in de webshop van Versano aan het juiste adres.\" \/>\n<meta property=\"og:url\" content=\"https:\/\/versano.nl\/fr\/shop\/dames-motor-jack-met-riem-cognac-versano-350\/\" \/>\n<meta property=\"og:site_name\" content=\"Versano\" \/>\n<meta property=\"article:modified_time\" content=\"2026-01-01T15:11:31+00:00\" \/>\n<meta property=\"og:image\" content=\"https:\/\/versano.nl\/wp-content\/uploads\/2021\/08\/leren-jassen-dames-350c-cognac-versano-voorkant.jpg\" \/>\n\t<meta property=\"og:image:width\" content=\"900\" \/>\n\t<meta property=\"og:image:height\" content=\"1200\" \/>\n\t<meta property=\"og:image:type\" content=\"image\/jpeg\" \/>\n<meta name=\"twitter:card\" content=\"summary_large_image\" \/>\n<meta name=\"twitter:label1\" content=\"Dur\u00e9e de lecture estim\u00e9e\" \/>\n\t<meta name=\"twitter:data1\" content=\"2 minutes\" \/>\n<script type=\"application\/ld+json\" class=\"yoast-schema-graph\">{\"@context\":\"https:\/\/schema.org\",\"@graph\":[{\"@type\":\"WebPage\",\"@id\":\"https:\/\/versano.nl\/shop\/dames-motor-jack-met-riem-cognac-versano-350\/\",\"url\":\"https:\/\/versano.nl\/shop\/dames-motor-jack-met-riem-cognac-versano-350\/\",\"name\":\"Dames leren jas met riem cognac Versano 350, leren dames jas\",\"isPartOf\":{\"@id\":\"https:\/\/versano.nl\/#website\"},\"primaryImageOfPage\":{\"@id\":\"https:\/\/versano.nl\/shop\/dames-motor-jack-met-riem-cognac-versano-350\/#primaryimage\"},\"image\":{\"@id\":\"https:\/\/versano.nl\/shop\/dames-motor-jack-met-riem-cognac-versano-350\/#primaryimage\"},\"thumbnailUrl\":\"https:\/\/versano.nl\/wp-content\/uploads\/2021\/08\/leren-jassen-dames-350c-cognac-versano-voorkant.jpg\",\"datePublished\":\"2021-08-27T20:23:21+00:00\",\"dateModified\":\"2026-01-01T15:11:31+00:00\",\"description\":\"Ben je op zoek naar een Dames leren jas met riem cognac Versano 350, dan zit je in de webshop van Versano aan het juiste adres.\",\"breadcrumb\":{\"@id\":\"https:\/\/versano.nl\/shop\/dames-motor-jack-met-riem-cognac-versano-350\/#breadcrumb\"},\"inLanguage\":\"fr-FR\",\"potentialAction\":[{\"@type\":\"ReadAction\",\"target\":[\"https:\/\/versano.nl\/shop\/dames-motor-jack-met-riem-cognac-versano-350\/\"]}]},{\"@type\":\"ImageObject\",\"inLanguage\":\"fr-FR\",\"@id\":\"https:\/\/versano.nl\/shop\/dames-motor-jack-met-riem-cognac-versano-350\/#primaryimage\",\"url\":\"https:\/\/versano.nl\/wp-content\/uploads\/2021\/08\/leren-jassen-dames-350c-cognac-versano-voorkant.jpg\",\"contentUrl\":\"https:\/\/versano.nl\/wp-content\/uploads\/2021\/08\/leren-jassen-dames-350c-cognac-versano-voorkant.jpg\",\"width\":900,\"height\":1200,\"caption\":\"Dames leren jas met riem cognac Versano 350\"},{\"@type\":\"BreadcrumbList\",\"@id\":\"https:\/\/versano.nl\/shop\/dames-motor-jack-met-riem-cognac-versano-350\/#breadcrumb\",\"itemListElement\":[{\"@type\":\"ListItem\",\"position\":1,\"name\":\"Home\",\"item\":\"https:\/\/versano.nl\/\"},{\"@type\":\"ListItem\",\"position\":2,\"name\":\"Shop\",\"item\":\"https:\/\/versano.nl\/shop\/\"},{\"@type\":\"ListItem\",\"position\":3,\"name\":\"Dames leren jas met riem cognac Versano 350\"}]},{\"@type\":\"WebSite\",\"@id\":\"https:\/\/versano.nl\/#website\",\"url\":\"https:\/\/versano.nl\/\",\"name\":\"Versano\",\"description\":\"winterjassen met bontkraag | leren dames jassen | leren heren jassen\",\"potentialAction\":[{\"@type\":\"SearchAction\",\"target\":{\"@type\":\"EntryPoint\",\"urlTemplate\":\"https:\/\/versano.nl\/?s={search_term_string}\"},\"query-input\":{\"@type\":\"PropertyValueSpecification\",\"valueRequired\":true,\"valueName\":\"search_term_string\"}}],\"inLanguage\":\"fr-FR\"}]}<\/script>\n<!-- \/ Yoast SEO plugin. -->","yoast_head_json":{"title":"Veste en cuir pour femme avec ceinture cognac Versano 350, veste en cuir pour femme","description":"Si vous recherchez une veste en cuir pour femme avec ceinture cognac Versano 350, vous \u00eates au bon endroit dans la boutique en ligne Versano.","robots":{"index":"index","follow":"follow","max-snippet":"max-snippet:-1","max-image-preview":"max-image-preview:large","max-video-preview":"max-video-preview:-1"},"canonical":"https:\/\/versano.nl\/fr\/shop\/dames-motor-jack-met-riem-cognac-versano-350\/","og_locale":"fr_FR","og_type":"article","og_title":"Dames leren jas met riem cognac Versano 350, leren dames jas","og_description":"Ben je op zoek naar een Dames leren jas met riem cognac Versano 350, dan zit je in de webshop van Versano aan het juiste adres.","og_url":"https:\/\/versano.nl\/fr\/shop\/dames-motor-jack-met-riem-cognac-versano-350\/","og_site_name":"Versano","article_modified_time":"2026-01-01T15:11:31+00:00","og_image":[{"width":900,"height":1200,"url":"https:\/\/versano.nl\/wp-content\/uploads\/2021\/08\/leren-jassen-dames-350c-cognac-versano-voorkant.jpg","type":"image\/jpeg"}],"twitter_card":"summary_large_image","twitter_misc":{"Dur\u00e9e de lecture estim\u00e9e":"2 minutes"},"schema":{"@context":"https:\/\/schema.org","@graph":[{"@type":"WebPage","@id":"https:\/\/versano.nl\/shop\/dames-motor-jack-met-riem-cognac-versano-350\/","url":"https:\/\/versano.nl\/shop\/dames-motor-jack-met-riem-cognac-versano-350\/","name":"Veste en cuir pour femme avec ceinture cognac Versano 350, veste en cuir pour femme","isPartOf":{"@id":"https:\/\/versano.nl\/#website"},"primaryImageOfPage":{"@id":"https:\/\/versano.nl\/shop\/dames-motor-jack-met-riem-cognac-versano-350\/#primaryimage"},"image":{"@id":"https:\/\/versano.nl\/shop\/dames-motor-jack-met-riem-cognac-versano-350\/#primaryimage"},"thumbnailUrl":"https:\/\/versano.nl\/wp-content\/uploads\/2021\/08\/leren-jassen-dames-350c-cognac-versano-voorkant.jpg","datePublished":"2021-08-27T20:23:21+00:00","dateModified":"2026-01-01T15:11:31+00:00","description":"Si vous recherchez une veste en cuir pour femme avec ceinture cognac Versano 350, vous \u00eates au bon endroit dans la boutique en ligne Versano.","breadcrumb":{"@id":"https:\/\/versano.nl\/shop\/dames-motor-jack-met-riem-cognac-versano-350\/#breadcrumb"},"inLanguage":"fr-FR","potentialAction":[{"@type":"ReadAction","target":["https:\/\/versano.nl\/shop\/dames-motor-jack-met-riem-cognac-versano-350\/"]}]},{"@type":"ImageObject","inLanguage":"fr-FR","@id":"https:\/\/versano.nl\/shop\/dames-motor-jack-met-riem-cognac-versano-350\/#primaryimage","url":"https:\/\/versano.nl\/wp-content\/uploads\/2021\/08\/leren-jassen-dames-350c-cognac-versano-voorkant.jpg","contentUrl":"https:\/\/versano.nl\/wp-content\/uploads\/2021\/08\/leren-jassen-dames-350c-cognac-versano-voorkant.jpg","width":900,"height":1200,"caption":"Dames leren jas met riem cognac Versano 350"},{"@type":"BreadcrumbList","@id":"https:\/\/versano.nl\/shop\/dames-motor-jack-met-riem-cognac-versano-350\/#breadcrumb","itemListElement":[{"@type":"ListItem","position":1,"name":"Home","item":"https:\/\/versano.nl\/"},{"@type":"ListItem","position":2,"name":"Shop","item":"https:\/\/versano.nl\/shop\/"},{"@type":"ListItem","position":3,"name":"Dames leren jas met riem cognac Versano 350"}]},{"@type":"WebSite","@id":"https:\/\/versano.nl\/#website","url":"https:\/\/versano.nl\/","name":"Versano","description":"manteaux d&#039;hiver avec col en fourrure | vestes femme en cuir | vestes en cuir pour hommes","potentialAction":[{"@type":"SearchAction","target":{"@type":"EntryPoint","urlTemplate":"https:\/\/versano.nl\/?s={search_term_string}"},"query-input":{"@type":"PropertyValueSpecification","valueRequired":true,"valueName":"search_term_string"}}],"inLanguage":"fr-FR"}]}},"_links":{"self":[{"href":"https:\/\/versano.nl\/fr\/wp-json\/wp\/v2\/product\/22200","targetHints":{"allow":["GET"]}}],"collection":[{"href":"https:\/\/versano.nl\/fr\/wp-json\/wp\/v2\/product"}],"about":[{"href":"https:\/\/versano.nl\/fr\/wp-json\/wp\/v2\/types\/product"}],"replies":[{"embeddable":true,"href":"https:\/\/versano.nl\/fr\/wp-json\/wp\/v2\/comments?post=22200"}],"wp:featuredmedia":[{"embeddable":true,"href":"https:\/\/versano.nl\/fr\/wp-json\/wp\/v2\/media\/22209"}],"wp:attachment":[{"href":"https:\/\/versano.nl\/fr\/wp-json\/wp\/v2\/media?parent=22200"}],"wp:term":[{"taxonomy":"product_brand","embeddable":true,"href":"https:\/\/versano.nl\/fr\/wp-json\/wp\/v2\/product_brand?post=22200"},{"taxonomy":"product_cat","embeddable":true,"href":"https:\/\/versano.nl\/fr\/wp-json\/wp\/v2\/product_cat?post=22200"},{"taxonomy":"product_tag","embeddable":true,"href":"https:\/\/versano.nl\/fr\/wp-json\/wp\/v2\/product_tag?post=22200"}],"curies":[{"name":"wp","href":"https:\/\/api.w.org\/{rel}","templated":true}]}}