{"id":22180,"date":"2014-12-01T15:49:56","date_gmt":"2014-12-01T15:49:56","guid":{"rendered":"https:\/\/versano.nl\/shop\/versano-dames-winterjas-met-bontkraag-sabrina-blauw\/"},"modified":"2021-08-27T20:18:18","modified_gmt":"2021-08-27T20:18:18","slug":"versano-dames-winterjas-met-bontkraag-sabrina-blauw","status":"publish","type":"product","link":"https:\/\/versano.nl\/fr\/shop\/versano-dames-winterjas-met-bontkraag-sabrina-blauw\/","title":{"rendered":"Veste d&#039;hiver femme Versano avec col en fourrure Sabrina Blue"},"content":{"rendered":"<p><strong>Veste d&#039;hiver femme Versano avec col en fourrure Sabrina Blue<\/strong><\/p>\n<p>marque: <a title=\"Versano\" href=\"https:\/\/versano.nl\" target=\"_blank\" rel=\"noopener\">Versano<\/a><br \/>\nLongueur: court<br \/>\ns&#039;adapter: normal<br \/>\ndoublure: 100% polyester<br \/>\n\u00e9paisseur Doublure: 200 grammes align\u00e9s \u00e9pais<br \/>\nLongueur des manches: Manches longues<br \/>\nHotte: doubl\u00e9e, solide<br \/>\nLes plus: coutures renforc\u00e9es<br \/>\nFermeture: fermeture \u00e9clair<br \/>\nsacs zipp\u00e9e poches lat\u00e9rales, \u00e0 l&#039;int\u00e9rieur<br \/>\nFonction: imperm\u00e9able, coupe-vent<br \/>\nmat\u00e9riau couche ext\u00e9rieure: 100% polyester<br \/>\nAccessoires: col de fourrure (en option)<\/p>\n<p>: 2-4 jours<\/p>\n<p><strong>EN OPTION: REAL FUR BAGUE RATON ART DE RACCOON FOURRURE<\/strong><\/p>","protected":false},"excerpt":{"rendered":"<p>La veste d&#039;hiver pour femme Sabrina avec col en fourrure en bleu poss\u00e8de 2 poches droites avec fermeture \u00e9clair sur le c\u00f4t\u00e9 et 2 poches avec fermeture \u00e9clair aux \u00e9paules. Le passepoil est joliment fini avec du cuir rexion couleur cognac. Le col est en fourrure de raton laveur am\u00e9ricain 100% et en option (\u00e0 commander s\u00e9par\u00e9ment). Bien entendu, le col en fourrure peut \u00e9galement \u00eatre command\u00e9 en fourrure artificielle de diff\u00e9rentes couleurs. Cette veste pour femme avec col en fourrure a une excellente finition et est de coupe italienne.<\/p>\n<p><strong>EN OPTION: REAL FUR BAGUE RATON ART DE RACCOON FOURRURE<\/strong><\/p>","protected":false},"featured_media":7033,"comment_status":"closed","ping_status":"closed","template":"","meta":[],"product_brand":[],"product_cat":[986],"product_tag":[110,111,112,113,114],"class_list":{"0":"post-22180","1":"product","2":"type-product","3":"status-publish","4":"has-post-thumbnail","6":"product_cat-unkategorisiert","7":"product_tag-dames-leren-jas-groen","8":"product_tag-goedkope-dames-leren-jas-groen","9":"product_tag-goedkope-leren-dames-jas-groen","10":"product_tag-groene-dames-leren-jas","11":"product_tag-groene-leren-dames-jas","12":"product_shipping_class-verzendkosten-1","13":"tm-no-options","15":"first","16":"instock","17":"sale","18":"taxable","19":"shipping-taxable","20":"product-type-variable"},"yoast_head":"<!-- This site is optimized with the Yoast SEO plugin v27.2 - https:\/\/yoast.com\/product\/yoast-seo-wordpress\/ -->\n<title>Versano Dames Winterjas met bontkraag Sabrina Blauw<\/title>\n<meta name=\"description\" content=\"Versano Dames Winterjas met bontkraag Sabrina Blauw. De Versano dames winterjas met bontkraag in blauw heeft een 2 rechte zakken met rits in de zij, en.....\" \/>\n<meta name=\"robots\" content=\"index, follow, max-snippet:-1, max-image-preview:large, max-video-preview:-1\" \/>\n<link rel=\"canonical\" href=\"https:\/\/versano.nl\/fr\/shop\/versano-dames-winterjas-met-bontkraag-sabrina-blauw\/\" \/>\n<meta property=\"og:locale\" content=\"fr_FR\" \/>\n<meta property=\"og:type\" content=\"article\" \/>\n<meta property=\"og:title\" content=\"Versano Dames Winterjas met bontkraag Sabrina Blauw\" \/>\n<meta property=\"og:description\" content=\"Versano Dames Winterjas met bontkraag Sabrina Blauw. De Versano dames winterjas met bontkraag in blauw heeft een 2 rechte zakken met rits in de zij, en.....\" \/>\n<meta property=\"og:url\" content=\"https:\/\/versano.nl\/fr\/shop\/versano-dames-winterjas-met-bontkraag-sabrina-blauw\/\" \/>\n<meta property=\"og:site_name\" content=\"Versano\" \/>\n<meta property=\"article:modified_time\" content=\"2021-08-27T20:18:18+00:00\" \/>\n<meta name=\"twitter:card\" content=\"summary_large_image\" \/>\n<script type=\"application\/ld+json\" class=\"yoast-schema-graph\">{\"@context\":\"https:\/\/schema.org\",\"@graph\":[{\"@type\":\"WebPage\",\"@id\":\"https:\/\/versano.nl\/shop\/versano-dames-winterjas-met-bontkraag-sabrina-blauw\/\",\"url\":\"https:\/\/versano.nl\/shop\/versano-dames-winterjas-met-bontkraag-sabrina-blauw\/\",\"name\":\"Versano Dames Winterjas met bontkraag Sabrina Blauw\",\"isPartOf\":{\"@id\":\"https:\/\/versano.nl\/#website\"},\"primaryImageOfPage\":{\"@id\":\"https:\/\/versano.nl\/shop\/versano-dames-winterjas-met-bontkraag-sabrina-blauw\/#primaryimage\"},\"image\":{\"@id\":\"https:\/\/versano.nl\/shop\/versano-dames-winterjas-met-bontkraag-sabrina-blauw\/#primaryimage\"},\"thumbnailUrl\":\"\",\"datePublished\":\"2014-12-01T15:49:56+00:00\",\"dateModified\":\"2021-08-27T20:18:18+00:00\",\"description\":\"Versano Dames Winterjas met bontkraag Sabrina Blauw. De Versano dames winterjas met bontkraag in blauw heeft een 2 rechte zakken met rits in de zij, en.....\",\"breadcrumb\":{\"@id\":\"https:\/\/versano.nl\/shop\/versano-dames-winterjas-met-bontkraag-sabrina-blauw\/#breadcrumb\"},\"inLanguage\":\"fr-FR\",\"potentialAction\":[{\"@type\":\"ReadAction\",\"target\":[\"https:\/\/versano.nl\/shop\/versano-dames-winterjas-met-bontkraag-sabrina-blauw\/\"]}]},{\"@type\":\"ImageObject\",\"inLanguage\":\"fr-FR\",\"@id\":\"https:\/\/versano.nl\/shop\/versano-dames-winterjas-met-bontkraag-sabrina-blauw\/#primaryimage\",\"url\":\"\",\"contentUrl\":\"\"},{\"@type\":\"BreadcrumbList\",\"@id\":\"https:\/\/versano.nl\/shop\/versano-dames-winterjas-met-bontkraag-sabrina-blauw\/#breadcrumb\",\"itemListElement\":[{\"@type\":\"ListItem\",\"position\":1,\"name\":\"Home\",\"item\":\"https:\/\/versano.nl\/\"},{\"@type\":\"ListItem\",\"position\":2,\"name\":\"Shop\",\"item\":\"https:\/\/versano.nl\/shop\/\"},{\"@type\":\"ListItem\",\"position\":3,\"name\":\"Versano Dames Winterjas met bontkraag Sabrina Blauw\"}]},{\"@type\":\"WebSite\",\"@id\":\"https:\/\/versano.nl\/#website\",\"url\":\"https:\/\/versano.nl\/\",\"name\":\"Versano\",\"description\":\"winterjassen met bontkraag | leren dames jassen | leren heren jassen\",\"potentialAction\":[{\"@type\":\"SearchAction\",\"target\":{\"@type\":\"EntryPoint\",\"urlTemplate\":\"https:\/\/versano.nl\/?s={search_term_string}\"},\"query-input\":{\"@type\":\"PropertyValueSpecification\",\"valueRequired\":true,\"valueName\":\"search_term_string\"}}],\"inLanguage\":\"fr-FR\"}]}<\/script>\n<!-- \/ Yoast SEO plugin. -->","yoast_head_json":{"title":"Veste d&#039;hiver femme Versano avec col en fourrure Sabrina Blue","description":"Veste d&#039;hiver pour femme Versano avec col en fourrure Sabrina Blue. La veste d&#039;hiver pour femme Versano avec col en fourrure en bleu a 2 poches droites avec fermeture \u00e9clair sur le c\u00f4t\u00e9, et.....","robots":{"index":"index","follow":"follow","max-snippet":"max-snippet:-1","max-image-preview":"max-image-preview:large","max-video-preview":"max-video-preview:-1"},"canonical":"https:\/\/versano.nl\/fr\/shop\/versano-dames-winterjas-met-bontkraag-sabrina-blauw\/","og_locale":"fr_FR","og_type":"article","og_title":"Versano Dames Winterjas met bontkraag Sabrina Blauw","og_description":"Versano Dames Winterjas met bontkraag Sabrina Blauw. De Versano dames winterjas met bontkraag in blauw heeft een 2 rechte zakken met rits in de zij, en.....","og_url":"https:\/\/versano.nl\/fr\/shop\/versano-dames-winterjas-met-bontkraag-sabrina-blauw\/","og_site_name":"Versano","article_modified_time":"2021-08-27T20:18:18+00:00","twitter_card":"summary_large_image","schema":{"@context":"https:\/\/schema.org","@graph":[{"@type":"WebPage","@id":"https:\/\/versano.nl\/shop\/versano-dames-winterjas-met-bontkraag-sabrina-blauw\/","url":"https:\/\/versano.nl\/shop\/versano-dames-winterjas-met-bontkraag-sabrina-blauw\/","name":"Veste d&#039;hiver femme Versano avec col en fourrure Sabrina Blue","isPartOf":{"@id":"https:\/\/versano.nl\/#website"},"primaryImageOfPage":{"@id":"https:\/\/versano.nl\/shop\/versano-dames-winterjas-met-bontkraag-sabrina-blauw\/#primaryimage"},"image":{"@id":"https:\/\/versano.nl\/shop\/versano-dames-winterjas-met-bontkraag-sabrina-blauw\/#primaryimage"},"thumbnailUrl":"","datePublished":"2014-12-01T15:49:56+00:00","dateModified":"2021-08-27T20:18:18+00:00","description":"Veste d&#039;hiver pour femme Versano avec col en fourrure Sabrina Blue. La veste d&#039;hiver pour femme Versano avec col en fourrure en bleu a 2 poches droites avec fermeture \u00e9clair sur le c\u00f4t\u00e9, et.....","breadcrumb":{"@id":"https:\/\/versano.nl\/shop\/versano-dames-winterjas-met-bontkraag-sabrina-blauw\/#breadcrumb"},"inLanguage":"fr-FR","potentialAction":[{"@type":"ReadAction","target":["https:\/\/versano.nl\/shop\/versano-dames-winterjas-met-bontkraag-sabrina-blauw\/"]}]},{"@type":"ImageObject","inLanguage":"fr-FR","@id":"https:\/\/versano.nl\/shop\/versano-dames-winterjas-met-bontkraag-sabrina-blauw\/#primaryimage","url":"","contentUrl":""},{"@type":"BreadcrumbList","@id":"https:\/\/versano.nl\/shop\/versano-dames-winterjas-met-bontkraag-sabrina-blauw\/#breadcrumb","itemListElement":[{"@type":"ListItem","position":1,"name":"Home","item":"https:\/\/versano.nl\/"},{"@type":"ListItem","position":2,"name":"Shop","item":"https:\/\/versano.nl\/shop\/"},{"@type":"ListItem","position":3,"name":"Versano Dames Winterjas met bontkraag Sabrina Blauw"}]},{"@type":"WebSite","@id":"https:\/\/versano.nl\/#website","url":"https:\/\/versano.nl\/","name":"Versano","description":"manteaux d&#039;hiver avec col en fourrure | vestes femme en cuir | vestes en cuir pour hommes","potentialAction":[{"@type":"SearchAction","target":{"@type":"EntryPoint","urlTemplate":"https:\/\/versano.nl\/?s={search_term_string}"},"query-input":{"@type":"PropertyValueSpecification","valueRequired":true,"valueName":"search_term_string"}}],"inLanguage":"fr-FR"}]}},"_links":{"self":[{"href":"https:\/\/versano.nl\/fr\/wp-json\/wp\/v2\/product\/22180","targetHints":{"allow":["GET"]}}],"collection":[{"href":"https:\/\/versano.nl\/fr\/wp-json\/wp\/v2\/product"}],"about":[{"href":"https:\/\/versano.nl\/fr\/wp-json\/wp\/v2\/types\/product"}],"replies":[{"embeddable":true,"href":"https:\/\/versano.nl\/fr\/wp-json\/wp\/v2\/comments?post=22180"}],"wp:featuredmedia":[{"embeddable":true,"href":"https:\/\/versano.nl\/fr\/wp-json\/"}],"wp:attachment":[{"href":"https:\/\/versano.nl\/fr\/wp-json\/wp\/v2\/media?parent=22180"}],"wp:term":[{"taxonomy":"product_brand","embeddable":true,"href":"https:\/\/versano.nl\/fr\/wp-json\/wp\/v2\/product_brand?post=22180"},{"taxonomy":"product_cat","embeddable":true,"href":"https:\/\/versano.nl\/fr\/wp-json\/wp\/v2\/product_cat?post=22180"},{"taxonomy":"product_tag","embeddable":true,"href":"https:\/\/versano.nl\/fr\/wp-json\/wp\/v2\/product_tag?post=22180"}],"curies":[{"name":"wp","href":"https:\/\/api.w.org\/{rel}","templated":true}]}}