{"id":2006,"date":"2014-12-01T11:53:49","date_gmt":"2014-12-01T11:53:49","guid":{"rendered":"http:\/\/leathershopdoci.nl\/shop\/versano-dames-bontjas-charlet-copy\/"},"modified":"2020-08-22T11:01:44","modified_gmt":"2020-08-22T11:01:44","slug":"versano-dames-winterjas-met-bontkraag-charlet-beige","status":"publish","type":"product","link":"https:\/\/versano.nl\/fr\/shop\/versano-dames-winterjas-met-bontkraag-charlet-beige\/","title":{"rendered":"dames manteau de col de fourrure beige Versano"},"content":{"rendered":"<h2>dames manteau de col de fourrure beige Versano<\/h2>\n<p>En Versano vous pouvez toujours compter sur les vestes sont faites parfait, comme l&#039;article Charlet, la <strong>dames manteau de col de fourrure beige Versano<\/strong>. designers hollandais avec talent assis ici en attendant que de belles robes pour vous de vous concevez avec plaisir \u00e0 marcher autour de vous. Vous ne l&#039;aimez pas les manteaux d&#039;hiver parce qu&#039;ils sont grands et pas \u00e0 la mode? Ensuite, vous avez dit clairement pas encore atteint la marque Versano. Nous offrons toujours \u00e0 savoir la meilleure qualit\u00e9 possible. A Versano nous faisons des manteaux fabriqu\u00e9s \u00e0 partir des meilleurs mat\u00e9riaux. Vous pouvez choisir d&#039;\u00e9quiper votre veste avec un col de fourrure. Cela peut ou ne peut pas \u00eatre fabriqu\u00e9 \u00e0 partir de la vraie fourrure ou fausse fourrure.<\/p>\n<h3>acheter manteau d&#039;hiver beige avec col de fourrure Versano<\/h3>\n<p>Si vous \u00eates \u00e0 la recherche d&#039;un manteau de fourrure vous avec plaisir \u00e0 marcher autour de vous, alors vous avez juste besoin d&#039;un moment pour regarder la gamme de Versano. Nous pouvons recommander absolument dames beige Charlet \/ brun manteau d&#039;hiver avec col de fourrure Versano. Ceci est une veste qui est non seulement magnifiquement con\u00e7u, mais aussi parfait. La veste sera une sorte de seconde peau pour fermer plus et garder au chaud en hiver.<\/p>\n<p>marque: <a title=\"Versano\" href=\"https:\/\/versano.nl\" target=\"_blank\" rel=\"noopener noreferrer\">Versano<\/a><br \/>\nlongueur: demi<br \/>\ns&#039;adapter: normal<br \/>\ndoublure: 100% polyester<br \/>\n\u00e9paisseur Doublure: 200 grammes align\u00e9s \u00e9pais<br \/>\nLongueur des manches: Manches longues<br \/>\nHotte: doubl\u00e9e, solide<br \/>\nLes plus: coutures renforc\u00e9es<br \/>\nFermeture: fermeture \u00e0 glissi\u00e8re avec rabat de protection, zip avant<br \/>\nsacs zipp\u00e9e poches lat\u00e9rales, \u00e0 l&#039;int\u00e9rieur<br \/>\nFonction: imperm\u00e9able, coupe-vent<br \/>\ncouche ext\u00e9rieure mat\u00e9riau mat\u00e9riau: 100% polyester<br \/>\nAccessoires: col de fourrure (en option)<\/p>\n<p>: 2-4 jours<\/p>\n<p><strong>EN OPTION: REAL FUR BAGUE RATON ART DE RACCOON FOURRURE<\/strong><\/p>","protected":false},"excerpt":{"rendered":"<p><strong>Si vous s\u00e9lectionnez une mesure, un dessin avec des dimensions est affich\u00e9. Si vous n&#039;\u00eates pas s\u00fbr de vos mesures, nous vous conseillons de commencer par les mesurer, puis de les comparer aux mesures du dessin. Si vous n\u2019avez aucune exp\u00e9rience dans la mesure des mesures de taille, cliquez sur\u00a0<a href=\"https:\/\/www.youtube.com\/watch?v=3ZSfY87v6pM\" target=\"_blank\" rel=\"noopener noreferrer\"><span style=\"color: #ff0000\"><em>ICI<\/em><\/span>\u00a0<\/a>\u00a0\u00e0 <a href=\"https:\/\/www.youtube.com\/watch?v=3ZSfY87v6pM\" target=\"_blank\" rel=\"noopener noreferrer\"><span style=\"color: #ff0000\"><em>VIDEO<\/em><\/span><\/a>\u00a0 avec des instuctions.<\/strong><\/p>\n<p>Ce dames manteau Charlet avec col de fourrure est un mod\u00e8le moyen et a deux poches zipp\u00e9es au niveau de la taille. Belles d\u00e9tails sur cette veste sont passepoil brun fonc\u00e9 le long de la fermeture \u00e9clair et aux poignets. Le collier est compos\u00e9 de 100% fourrure de raton laveur am\u00e9ricain et en option (vendu s\u00e9par\u00e9ment). Bien s\u00fbr, le col de fourrure est \u00e9galement disponible en fourrure artificielle en diff\u00e9rentes couleurs. Ces dames manteau avec col de fourrure est \u00e9quip\u00e9e italienne et a une fermeture \u00e9clair sur le dos. En ouvrant la fermeture \u00e9clair, la veste est 5\/7 cm plus large en bas. La longueur de la veste a un look chic.<\/p>\n<p><strong>EN OPTION: REAL FUR BAGUE RATON ART DE RACCOON FOURRURE<\/strong><\/p>","protected":false},"featured_media":14209,"comment_status":"closed","ping_status":"closed","template":"","meta":[],"product_brand":[],"product_cat":[1012,1145,828,1037,1038,882,1143,1144,1041,1042,215],"product_tag":[313,322,323,405,406,266,324,317,407,408],"class_list":{"0":"post-2006","1":"product","2":"type-product","3":"status-publish","4":"has-post-thumbnail","6":"product_cat-dames-jas-met-bontkraag","7":"product_cat-dames-winterjas","8":"product_cat-dames-winterjassen-grote-maten","9":"product_cat-jas-met-bontkraag","10":"product_cat-jas-met-bontkraag-dames","11":"product_cat-versano","12":"product_cat-winterjas","13":"product_cat-winterjas-dames","14":"product_cat-winterjas-met-bontkraag","15":"product_cat-winterjas-met-bontkraag-dames","16":"product_cat-dames-jassen-met-bontkraag","17":"product_tag-bontjassen","18":"product_tag-bontjassen-voor-dames","19":"product_tag-dames-bontjassen","20":"product_tag-dames-winterjas-beige","21":"product_tag-dames-winterjas-met-bontkraag-beige","22":"product_tag-jassen-met-bontkraag","23":"product_tag-online-bontjassen","24":"product_tag-versano-bontjassen","25":"product_tag-winterjassen","26":"product_tag-winterjassen-beige","27":"product_shipping_class-verzendkosten-1","28":"tm-has-options","30":"first","31":"outofstock","32":"taxable","33":"shipping-taxable","34":"purchasable","35":"product-type-variable"},"yoast_head":"<!-- This site is optimized with the Yoast SEO plugin v27.2 - https:\/\/yoast.com\/product\/yoast-seo-wordpress\/ -->\n<title>Winterjas dames met pels, Bontkraag jas dames beige van Versano<\/title>\n<meta name=\"description\" content=\"Bij de bontkraag jas dames beige van Versano zitten een aantal mooie details. De bruine mouwen en de donkerbruine biezen langs de rits\" \/>\n<meta name=\"robots\" content=\"index, follow, max-snippet:-1, max-image-preview:large, max-video-preview:-1\" \/>\n<link rel=\"canonical\" href=\"https:\/\/versano.nl\/fr\/shop\/versano-dames-winterjas-met-bontkraag-charlet-beige\/\" \/>\n<meta property=\"og:locale\" content=\"fr_FR\" \/>\n<meta property=\"og:type\" content=\"article\" \/>\n<meta property=\"og:title\" content=\"Winterjas dames met pels, Bontkraag jas dames beige van Versano\" \/>\n<meta property=\"og:description\" content=\"Bij de bontkraag jas dames beige van Versano zitten een aantal mooie details. De bruine mouwen en de donkerbruine biezen langs de rits\" \/>\n<meta property=\"og:url\" content=\"https:\/\/versano.nl\/fr\/shop\/versano-dames-winterjas-met-bontkraag-charlet-beige\/\" \/>\n<meta property=\"og:site_name\" content=\"Versano\" \/>\n<meta property=\"article:modified_time\" content=\"2020-08-22T11:01:44+00:00\" \/>\n<meta property=\"og:image\" content=\"https:\/\/versano.nl\/wp-content\/uploads\/2019\/11\/winterjas-dames-met-grote-bontkraag-beige-versano-charlet-voorkant-model1.jpg\" \/>\n\t<meta property=\"og:image:width\" content=\"900\" \/>\n\t<meta property=\"og:image:height\" content=\"1176\" \/>\n\t<meta property=\"og:image:type\" content=\"image\/jpeg\" \/>\n<meta name=\"twitter:card\" content=\"summary_large_image\" \/>\n<meta name=\"twitter:label1\" content=\"Dur\u00e9e de lecture estim\u00e9e\" \/>\n\t<meta name=\"twitter:data1\" content=\"1 minute\" \/>\n<script type=\"application\/ld+json\" class=\"yoast-schema-graph\">{\"@context\":\"https:\/\/schema.org\",\"@graph\":[{\"@type\":\"WebPage\",\"@id\":\"https:\/\/versano.nl\/shop\/versano-dames-winterjas-met-bontkraag-charlet-beige\/\",\"url\":\"https:\/\/versano.nl\/shop\/versano-dames-winterjas-met-bontkraag-charlet-beige\/\",\"name\":\"Winterjas dames met pels, Bontkraag jas dames beige van Versano\",\"isPartOf\":{\"@id\":\"https:\/\/versano.nl\/#website\"},\"primaryImageOfPage\":{\"@id\":\"https:\/\/versano.nl\/shop\/versano-dames-winterjas-met-bontkraag-charlet-beige\/#primaryimage\"},\"image\":{\"@id\":\"https:\/\/versano.nl\/shop\/versano-dames-winterjas-met-bontkraag-charlet-beige\/#primaryimage\"},\"thumbnailUrl\":\"https:\/\/versano.nl\/wp-content\/uploads\/2019\/11\/winterjas-dames-met-grote-bontkraag-beige-versano-charlet-voorkant-model1.jpg\",\"datePublished\":\"2014-12-01T11:53:49+00:00\",\"dateModified\":\"2020-08-22T11:01:44+00:00\",\"description\":\"Bij de bontkraag jas dames beige van Versano zitten een aantal mooie details. De bruine mouwen en de donkerbruine biezen langs de rits\",\"breadcrumb\":{\"@id\":\"https:\/\/versano.nl\/shop\/versano-dames-winterjas-met-bontkraag-charlet-beige\/#breadcrumb\"},\"inLanguage\":\"fr-FR\",\"potentialAction\":[{\"@type\":\"ReadAction\",\"target\":[\"https:\/\/versano.nl\/shop\/versano-dames-winterjas-met-bontkraag-charlet-beige\/\"]}]},{\"@type\":\"ImageObject\",\"inLanguage\":\"fr-FR\",\"@id\":\"https:\/\/versano.nl\/shop\/versano-dames-winterjas-met-bontkraag-charlet-beige\/#primaryimage\",\"url\":\"https:\/\/versano.nl\/wp-content\/uploads\/2019\/11\/winterjas-dames-met-grote-bontkraag-beige-versano-charlet-voorkant-model1.jpg\",\"contentUrl\":\"https:\/\/versano.nl\/wp-content\/uploads\/2019\/11\/winterjas-dames-met-grote-bontkraag-beige-versano-charlet-voorkant-model1.jpg\",\"width\":900,\"height\":1176,\"caption\":\"Versano Dames Winterjas Met Bontkraag Charlet Beige\"},{\"@type\":\"BreadcrumbList\",\"@id\":\"https:\/\/versano.nl\/shop\/versano-dames-winterjas-met-bontkraag-charlet-beige\/#breadcrumb\",\"itemListElement\":[{\"@type\":\"ListItem\",\"position\":1,\"name\":\"Home\",\"item\":\"https:\/\/versano.nl\/\"},{\"@type\":\"ListItem\",\"position\":2,\"name\":\"Shop\",\"item\":\"https:\/\/versano.nl\/shop\/\"},{\"@type\":\"ListItem\",\"position\":3,\"name\":\"Bontkraag jas dames beige van Versano\"}]},{\"@type\":\"WebSite\",\"@id\":\"https:\/\/versano.nl\/#website\",\"url\":\"https:\/\/versano.nl\/\",\"name\":\"Versano\",\"description\":\"winterjassen met bontkraag | leren dames jassen | leren heren jassen\",\"potentialAction\":[{\"@type\":\"SearchAction\",\"target\":{\"@type\":\"EntryPoint\",\"urlTemplate\":\"https:\/\/versano.nl\/?s={search_term_string}\"},\"query-input\":{\"@type\":\"PropertyValueSpecification\",\"valueRequired\":true,\"valueName\":\"search_term_string\"}}],\"inLanguage\":\"fr-FR\"}]}<\/script>\n<!-- \/ Yoast SEO plugin. -->","yoast_head_json":{"title":"Veste d&#039;hiver femme avec fourrure, Veste col fourrure beige de Versano","description":"Le manteau beige pour dames de Versano est recouvert de beaux d\u00e9tails. Les manches marron et le liser\u00e9 brun fonc\u00e9 le long de la fermeture \u00e0 glissi\u00e8re","robots":{"index":"index","follow":"follow","max-snippet":"max-snippet:-1","max-image-preview":"max-image-preview:large","max-video-preview":"max-video-preview:-1"},"canonical":"https:\/\/versano.nl\/fr\/shop\/versano-dames-winterjas-met-bontkraag-charlet-beige\/","og_locale":"fr_FR","og_type":"article","og_title":"Winterjas dames met pels, Bontkraag jas dames beige van Versano","og_description":"Bij de bontkraag jas dames beige van Versano zitten een aantal mooie details. De bruine mouwen en de donkerbruine biezen langs de rits","og_url":"https:\/\/versano.nl\/fr\/shop\/versano-dames-winterjas-met-bontkraag-charlet-beige\/","og_site_name":"Versano","article_modified_time":"2020-08-22T11:01:44+00:00","og_image":[{"width":900,"height":1176,"url":"https:\/\/versano.nl\/wp-content\/uploads\/2019\/11\/winterjas-dames-met-grote-bontkraag-beige-versano-charlet-voorkant-model1.jpg","type":"image\/jpeg"}],"twitter_card":"summary_large_image","twitter_misc":{"Dur\u00e9e de lecture estim\u00e9e":"1 minute"},"schema":{"@context":"https:\/\/schema.org","@graph":[{"@type":"WebPage","@id":"https:\/\/versano.nl\/shop\/versano-dames-winterjas-met-bontkraag-charlet-beige\/","url":"https:\/\/versano.nl\/shop\/versano-dames-winterjas-met-bontkraag-charlet-beige\/","name":"Veste d&#039;hiver femme avec fourrure, Veste col fourrure beige de Versano","isPartOf":{"@id":"https:\/\/versano.nl\/#website"},"primaryImageOfPage":{"@id":"https:\/\/versano.nl\/shop\/versano-dames-winterjas-met-bontkraag-charlet-beige\/#primaryimage"},"image":{"@id":"https:\/\/versano.nl\/shop\/versano-dames-winterjas-met-bontkraag-charlet-beige\/#primaryimage"},"thumbnailUrl":"https:\/\/versano.nl\/wp-content\/uploads\/2019\/11\/winterjas-dames-met-grote-bontkraag-beige-versano-charlet-voorkant-model1.jpg","datePublished":"2014-12-01T11:53:49+00:00","dateModified":"2020-08-22T11:01:44+00:00","description":"Le manteau beige pour dames de Versano est recouvert de beaux d\u00e9tails. Les manches marron et le liser\u00e9 brun fonc\u00e9 le long de la fermeture \u00e0 glissi\u00e8re","breadcrumb":{"@id":"https:\/\/versano.nl\/shop\/versano-dames-winterjas-met-bontkraag-charlet-beige\/#breadcrumb"},"inLanguage":"fr-FR","potentialAction":[{"@type":"ReadAction","target":["https:\/\/versano.nl\/shop\/versano-dames-winterjas-met-bontkraag-charlet-beige\/"]}]},{"@type":"ImageObject","inLanguage":"fr-FR","@id":"https:\/\/versano.nl\/shop\/versano-dames-winterjas-met-bontkraag-charlet-beige\/#primaryimage","url":"https:\/\/versano.nl\/wp-content\/uploads\/2019\/11\/winterjas-dames-met-grote-bontkraag-beige-versano-charlet-voorkant-model1.jpg","contentUrl":"https:\/\/versano.nl\/wp-content\/uploads\/2019\/11\/winterjas-dames-met-grote-bontkraag-beige-versano-charlet-voorkant-model1.jpg","width":900,"height":1176,"caption":"Versano Dames Winterjas Met Bontkraag Charlet Beige"},{"@type":"BreadcrumbList","@id":"https:\/\/versano.nl\/shop\/versano-dames-winterjas-met-bontkraag-charlet-beige\/#breadcrumb","itemListElement":[{"@type":"ListItem","position":1,"name":"Home","item":"https:\/\/versano.nl\/"},{"@type":"ListItem","position":2,"name":"Shop","item":"https:\/\/versano.nl\/shop\/"},{"@type":"ListItem","position":3,"name":"Bontkraag jas dames beige van Versano"}]},{"@type":"WebSite","@id":"https:\/\/versano.nl\/#website","url":"https:\/\/versano.nl\/","name":"Versano","description":"manteaux d&#039;hiver avec col en fourrure | vestes femme en cuir | vestes en cuir pour hommes","potentialAction":[{"@type":"SearchAction","target":{"@type":"EntryPoint","urlTemplate":"https:\/\/versano.nl\/?s={search_term_string}"},"query-input":{"@type":"PropertyValueSpecification","valueRequired":true,"valueName":"search_term_string"}}],"inLanguage":"fr-FR"}]}},"_links":{"self":[{"href":"https:\/\/versano.nl\/fr\/wp-json\/wp\/v2\/product\/2006","targetHints":{"allow":["GET"]}}],"collection":[{"href":"https:\/\/versano.nl\/fr\/wp-json\/wp\/v2\/product"}],"about":[{"href":"https:\/\/versano.nl\/fr\/wp-json\/wp\/v2\/types\/product"}],"replies":[{"embeddable":true,"href":"https:\/\/versano.nl\/fr\/wp-json\/wp\/v2\/comments?post=2006"}],"wp:featuredmedia":[{"embeddable":true,"href":"https:\/\/versano.nl\/fr\/wp-json\/wp\/v2\/media\/14209"}],"wp:attachment":[{"href":"https:\/\/versano.nl\/fr\/wp-json\/wp\/v2\/media?parent=2006"}],"wp:term":[{"taxonomy":"product_brand","embeddable":true,"href":"https:\/\/versano.nl\/fr\/wp-json\/wp\/v2\/product_brand?post=2006"},{"taxonomy":"product_cat","embeddable":true,"href":"https:\/\/versano.nl\/fr\/wp-json\/wp\/v2\/product_cat?post=2006"},{"taxonomy":"product_tag","embeddable":true,"href":"https:\/\/versano.nl\/fr\/wp-json\/wp\/v2\/product_tag?post=2006"}],"curies":[{"name":"wp","href":"https:\/\/api.w.org\/{rel}","templated":true}]}}