{"id":17264,"date":"2020-08-25T21:29:59","date_gmt":"2020-08-25T21:29:59","guid":{"rendered":"https:\/\/versano.nl\/shop\/lederen-dames-bikerjack-cognac-versano-311-n\/"},"modified":"2026-03-11T14:48:40","modified_gmt":"2026-03-11T14:48:40","slug":"lederen-dames-bikerjack-cognac-versano-311-n","status":"publish","type":"product","link":"https:\/\/versano.nl\/fr\/shop\/lederen-dames-bikerjack-cognac-versano-311-n\/","title":{"rendered":"veste motard cuir femme 311 N cognac Versano"},"content":{"rendered":"<h2>veste motard en cuir pour femme 311 cognac Versano<\/h2>\n<p>Mesdames, \u00e0 la recherche d&#039;un joli nouveau manteau ? Si vous souhaitez une couleur diff\u00e9rente pour votre blouson, une couleur qui vous d\u00e9marque un peu plus, nous vous conseillons ce blouson biker cuir femme 311 cognac Versano. C&#039;est une veste qui s&#039;adapte parfaitement et que vous aurez plaisir \u00e0 porter. Nous vous recommandons de jeter un \u0153il \u00e0 cette veste dans tous ses d\u00e9tails. C&#039;est une veste de motard qui a \u00e9galement fi\u00e8re allure si vous sortez juste pour une soir\u00e9e. Cette veste est exceptionnellement magnifiquement finie, gr\u00e2ce \u00e0 la taille ajust\u00e9e, ainsi que de multiples poches. Nous parlons de deux poches lat\u00e9rales spacieuses et d&#039;une poche int\u00e9rieure utile.<\/p>\n<h2><strong>Commandez le mod\u00e8le 311 en cognac de Versano <\/strong><\/h2>\n<p>Cette veste en cuir pour femme de couleur cognac de Versano est enti\u00e8rement en cuir d&#039;agneau souple. C&#039;est un mat\u00e9riau qui n&#039;a pas seulement l&#039;air parfait, c&#039;est aussi un mat\u00e9riau qui se sent bien. Cela ne fait qu&#039;ajouter au look r\u00e9tro cool que cette veste d\u00e9gage. C&#039;est une veste qui n&#039;est pas seulement disponible en cognac, mais aussi dans la couleur noire. Si vous commandez cette belle veste chez nous, vous recevrez une veste faite d&#039;une belle mati\u00e8re. Parce qu&#039;elle est faite d&#039;un beau cuir d&#039;agneau fin, la veste est \u00e9galement parfaitement adapt\u00e9e pour \u00eatre port\u00e9e \u00e0 l&#039;int\u00e9rieur. C&#039;est une veste qui peut \u00eatre bien combin\u00e9e avec diff\u00e9rents types de v\u00eatements. Pensez \u00e0 une jupe, mais aussi \u00e0 un jean cool. C&#039;est une veste qui, vous ne pouvez pas le nier, a l&#039;air top.<\/p>\n<p>marque: <a href=\"https:\/\/versano.nl\/\" target=\"_blank\" rel=\"noopener noreferrer\">Versano<\/a><br \/>\nMati\u00e8re: 100% cuir d&#039;agneau<br \/>\nDoublure: 100% polyester<br \/>\nLongueur: court<br \/>\nCoupe: bien ajust\u00e9e<br \/>\nFermeture: fermeture \u00e9clair<br \/>\nPoches: poches avec zip<br \/>\nCol: col vers le bas<br \/>\ncouche externe Mat\u00e9riel: haute qualit\u00e9 et doux en peau d&#039;agneau<br \/>\nD\u00e9lai de livraison: 2-3 jours ouvrables<\/p>","protected":false},"excerpt":{"rendered":"<p><strong>CHOISISSEZ UNE AUTRE COULEUR ICI<\/strong><\/p>\n<p><span style=\"color: red;\"><a href=\"https:\/\/versano.nl\/shop\/lederen-dames-bikerjack-zwart-versano-311-n\/\"><img loading=\"lazy\" decoding=\"async\" class=\"alignnone size-full wp-image-19840\" src=\"https:\/\/versano.nl\/wp-content\/uploads\/sites\/2\/2020\/08\/dames-bikerjack-zwart-versano-311z-voorkant-thumb.jpg\" alt=\"\" width=\"56\" height=\"75\" \/><\/a><\/span><\/p>\n<p><span style=\"color: red;\">Conseils d&#039;ajustement:<\/span> La coupe de cette veste est bien ajust\u00e9e. Notre mannequin mesure 1,72 cm et porte une taille M.<\/p>\n<p>Si vous n&#039;\u00eates pas s\u00fbr de vos mesures, nous vous recommandons de commencer par mesurer vos mesures de taille et de les comparer avec notre tableau des tailles. Si vous n&#039;avez aucune exp\u00e9rience dans la mesure des tailles de circonf\u00e9rence, cliquez sur <a href=\"https:\/\/www.youtube.com\/watch?v=3ZSfY87v6pM\"><em><span style=\"text-decoration: none; text-underline: none;\">ICI<\/span><\/em>\u00a0<\/a>\u00a0\u00e0 <a href=\"https:\/\/www.youtube.com\/watch?v=3ZSfY87v6pM\"><em><span style=\"color: red; text-decoration: none; text-underline: none;\">VIDEO<\/span><\/em><\/a>\u00a0 avec des instructions. Vous pouvez \u00e9galement nous appeler ou nous appliquer directement! Nos employ\u00e9s sont toujours disponibles pour vous aider.<\/p>\n<p><strong><span style=\"color: black;\">HEURE DE LIVRAISON :<\/span><\/strong> 2 \u00e0 3 jours ouvr\u00e9s.<\/p>","protected":false},"featured_media":17260,"comment_status":"closed","ping_status":"closed","template":"","meta":[],"product_brand":[],"product_cat":[1472,1487,90,874,875,1499,877,1470,879,1469,880,881,878,882,890],"product_tag":[1505,1516,1534,1533,441,1532,1328,151,411,1531],"class_list":{"0":"post-17264","1":"product","2":"type-product","3":"status-publish","4":"has-post-thumbnail","6":"product_cat-biker-jas-dames","7":"product_cat-dames-biker-jas","8":"product_cat-dames-leren-jassen","9":"product_cat-kort-leren-jasje","10":"product_cat-kort-leren-jasje-dames","11":"product_cat-leren-biker-jas-dames","12":"product_cat-leren-bikerjacks-dames","13":"product_cat-leren-dames-jas","14":"product_cat-leren-dames-jassen","15":"product_cat-leren-jas-dames","16":"product_cat-leren-jasje-dames","17":"product_cat-leren-jassen-dames","18":"product_cat-leren-jassen-dames-uitverkoop","19":"product_cat-versano","20":"product_cat-zwarte-leren-jas-dames","21":"product_tag-biker-jas-cognac-dames","22":"product_tag-biker-jas-echt-leer-dames","23":"product_tag-cognac-leren-jas-biker","24":"product_tag-cognac-leren-jas-dames","25":"product_tag-dames-biker-jas-cognac","26":"product_tag-dames-cognac-leren-jas","27":"product_tag-dames-leren-biker-jack-cognac","28":"product_tag-leren-biker-jack-cognac","29":"product_tag-leren-cognac-jas","30":"product_tag-leren-jas-dames-cognac","31":"tm-no-options","33":"first","34":"instock","35":"sale","36":"taxable","37":"shipping-taxable","38":"purchasable","39":"product-type-variable"},"yoast_head":"<!-- This site is optimized with the Yoast SEO plugin v27.2 - https:\/\/yoast.com\/product\/yoast-seo-wordpress\/ -->\n<title>dames leren biker jas 311 cognac Versano, cognac dames bikerjack<\/title>\n<meta name=\"description\" content=\"Ben je op zoek naar een degelijke en alledaagse dames leren biker jas 311 cognac Versano, dan zit je bij Versano aan het juiste adres.\" \/>\n<meta name=\"robots\" content=\"index, follow, max-snippet:-1, max-image-preview:large, max-video-preview:-1\" \/>\n<link rel=\"canonical\" href=\"https:\/\/versano.nl\/fr\/shop\/lederen-dames-bikerjack-cognac-versano-311-n\/\" \/>\n<meta property=\"og:locale\" content=\"fr_FR\" \/>\n<meta property=\"og:type\" content=\"article\" \/>\n<meta property=\"og:title\" content=\"dames leren biker jas 311 cognac Versano, cognac dames bikerjack\" \/>\n<meta property=\"og:description\" content=\"Ben je op zoek naar een degelijke en alledaagse dames leren biker jas 311 cognac Versano, dan zit je bij Versano aan het juiste adres.\" \/>\n<meta property=\"og:url\" content=\"https:\/\/versano.nl\/fr\/shop\/lederen-dames-bikerjack-cognac-versano-311-n\/\" \/>\n<meta property=\"og:site_name\" content=\"Versano\" \/>\n<meta property=\"article:modified_time\" content=\"2026-03-11T14:48:40+00:00\" \/>\n<meta property=\"og:image\" content=\"https:\/\/versano.nl\/wp-content\/uploads\/2020\/08\/dames-biker-jack-cognac-schuine-rits-versano-311n-voorkant.jpg\" \/>\n\t<meta property=\"og:image:width\" content=\"900\" \/>\n\t<meta property=\"og:image:height\" content=\"1200\" \/>\n\t<meta property=\"og:image:type\" content=\"image\/jpeg\" \/>\n<meta name=\"twitter:card\" content=\"summary_large_image\" \/>\n<meta name=\"twitter:label1\" content=\"Dur\u00e9e de lecture estim\u00e9e\" \/>\n\t<meta name=\"twitter:data1\" content=\"2 minutes\" \/>\n<script type=\"application\/ld+json\" class=\"yoast-schema-graph\">{\"@context\":\"https:\/\/schema.org\",\"@graph\":[{\"@type\":\"WebPage\",\"@id\":\"https:\/\/versano.nl\/shop\/lederen-dames-bikerjack-cognac-versano-311-n\/\",\"url\":\"https:\/\/versano.nl\/shop\/lederen-dames-bikerjack-cognac-versano-311-n\/\",\"name\":\"dames leren biker jas 311 cognac Versano, cognac dames bikerjack\",\"isPartOf\":{\"@id\":\"https:\/\/versano.nl\/#website\"},\"primaryImageOfPage\":{\"@id\":\"https:\/\/versano.nl\/shop\/lederen-dames-bikerjack-cognac-versano-311-n\/#primaryimage\"},\"image\":{\"@id\":\"https:\/\/versano.nl\/shop\/lederen-dames-bikerjack-cognac-versano-311-n\/#primaryimage\"},\"thumbnailUrl\":\"https:\/\/versano.nl\/wp-content\/uploads\/2020\/08\/dames-biker-jack-cognac-schuine-rits-versano-311n-voorkant.jpg\",\"datePublished\":\"2020-08-25T21:29:59+00:00\",\"dateModified\":\"2026-03-11T14:48:40+00:00\",\"description\":\"Ben je op zoek naar een degelijke en alledaagse dames leren biker jas 311 cognac Versano, dan zit je bij Versano aan het juiste adres.\",\"breadcrumb\":{\"@id\":\"https:\/\/versano.nl\/shop\/lederen-dames-bikerjack-cognac-versano-311-n\/#breadcrumb\"},\"inLanguage\":\"fr-FR\",\"potentialAction\":[{\"@type\":\"ReadAction\",\"target\":[\"https:\/\/versano.nl\/shop\/lederen-dames-bikerjack-cognac-versano-311-n\/\"]}]},{\"@type\":\"ImageObject\",\"inLanguage\":\"fr-FR\",\"@id\":\"https:\/\/versano.nl\/shop\/lederen-dames-bikerjack-cognac-versano-311-n\/#primaryimage\",\"url\":\"https:\/\/versano.nl\/wp-content\/uploads\/2020\/08\/dames-biker-jack-cognac-schuine-rits-versano-311n-voorkant.jpg\",\"contentUrl\":\"https:\/\/versano.nl\/wp-content\/uploads\/2020\/08\/dames-biker-jack-cognac-schuine-rits-versano-311n-voorkant.jpg\",\"width\":900,\"height\":1200,\"caption\":\"dames-biker-jack-cognac-schuine-rits-versano-311n-voorkant.jpg\"},{\"@type\":\"BreadcrumbList\",\"@id\":\"https:\/\/versano.nl\/shop\/lederen-dames-bikerjack-cognac-versano-311-n\/#breadcrumb\",\"itemListElement\":[{\"@type\":\"ListItem\",\"position\":1,\"name\":\"Home\",\"item\":\"https:\/\/versano.nl\/\"},{\"@type\":\"ListItem\",\"position\":2,\"name\":\"Shop\",\"item\":\"https:\/\/versano.nl\/shop\/\"},{\"@type\":\"ListItem\",\"position\":3,\"name\":\"dames leren biker jas 311 N cognac Versano\"}]},{\"@type\":\"WebSite\",\"@id\":\"https:\/\/versano.nl\/#website\",\"url\":\"https:\/\/versano.nl\/\",\"name\":\"Versano\",\"description\":\"winterjassen met bontkraag | leren dames jassen | leren heren jassen\",\"potentialAction\":[{\"@type\":\"SearchAction\",\"target\":{\"@type\":\"EntryPoint\",\"urlTemplate\":\"https:\/\/versano.nl\/?s={search_term_string}\"},\"query-input\":{\"@type\":\"PropertyValueSpecification\",\"valueRequired\":true,\"valueName\":\"search_term_string\"}}],\"inLanguage\":\"fr-FR\"}]}<\/script>\n<!-- \/ Yoast SEO plugin. -->","yoast_head_json":{"title":"veste motard en cuir femme 311 cognac Versano, veste motard femme cognac","description":"Si vous recherchez une veste de motard en cuir pour femme d\u00e9cente et de tous les jours 311 cognac Versano, alors Versano est le bon endroit pour vous.","robots":{"index":"index","follow":"follow","max-snippet":"max-snippet:-1","max-image-preview":"max-image-preview:large","max-video-preview":"max-video-preview:-1"},"canonical":"https:\/\/versano.nl\/fr\/shop\/lederen-dames-bikerjack-cognac-versano-311-n\/","og_locale":"fr_FR","og_type":"article","og_title":"dames leren biker jas 311 cognac Versano, cognac dames bikerjack","og_description":"Ben je op zoek naar een degelijke en alledaagse dames leren biker jas 311 cognac Versano, dan zit je bij Versano aan het juiste adres.","og_url":"https:\/\/versano.nl\/fr\/shop\/lederen-dames-bikerjack-cognac-versano-311-n\/","og_site_name":"Versano","article_modified_time":"2026-03-11T14:48:40+00:00","og_image":[{"width":900,"height":1200,"url":"https:\/\/versano.nl\/wp-content\/uploads\/2020\/08\/dames-biker-jack-cognac-schuine-rits-versano-311n-voorkant.jpg","type":"image\/jpeg"}],"twitter_card":"summary_large_image","twitter_misc":{"Dur\u00e9e de lecture estim\u00e9e":"2 minutes"},"schema":{"@context":"https:\/\/schema.org","@graph":[{"@type":"WebPage","@id":"https:\/\/versano.nl\/shop\/lederen-dames-bikerjack-cognac-versano-311-n\/","url":"https:\/\/versano.nl\/shop\/lederen-dames-bikerjack-cognac-versano-311-n\/","name":"veste motard en cuir femme 311 cognac Versano, veste motard femme cognac","isPartOf":{"@id":"https:\/\/versano.nl\/#website"},"primaryImageOfPage":{"@id":"https:\/\/versano.nl\/shop\/lederen-dames-bikerjack-cognac-versano-311-n\/#primaryimage"},"image":{"@id":"https:\/\/versano.nl\/shop\/lederen-dames-bikerjack-cognac-versano-311-n\/#primaryimage"},"thumbnailUrl":"https:\/\/versano.nl\/wp-content\/uploads\/2020\/08\/dames-biker-jack-cognac-schuine-rits-versano-311n-voorkant.jpg","datePublished":"2020-08-25T21:29:59+00:00","dateModified":"2026-03-11T14:48:40+00:00","description":"Si vous recherchez une veste de motard en cuir pour femme d\u00e9cente et de tous les jours 311 cognac Versano, alors Versano est le bon endroit pour vous.","breadcrumb":{"@id":"https:\/\/versano.nl\/shop\/lederen-dames-bikerjack-cognac-versano-311-n\/#breadcrumb"},"inLanguage":"fr-FR","potentialAction":[{"@type":"ReadAction","target":["https:\/\/versano.nl\/shop\/lederen-dames-bikerjack-cognac-versano-311-n\/"]}]},{"@type":"ImageObject","inLanguage":"fr-FR","@id":"https:\/\/versano.nl\/shop\/lederen-dames-bikerjack-cognac-versano-311-n\/#primaryimage","url":"https:\/\/versano.nl\/wp-content\/uploads\/2020\/08\/dames-biker-jack-cognac-schuine-rits-versano-311n-voorkant.jpg","contentUrl":"https:\/\/versano.nl\/wp-content\/uploads\/2020\/08\/dames-biker-jack-cognac-schuine-rits-versano-311n-voorkant.jpg","width":900,"height":1200,"caption":"dames-biker-jack-cognac-schuine-rits-versano-311n-voorkant.jpg"},{"@type":"BreadcrumbList","@id":"https:\/\/versano.nl\/shop\/lederen-dames-bikerjack-cognac-versano-311-n\/#breadcrumb","itemListElement":[{"@type":"ListItem","position":1,"name":"Home","item":"https:\/\/versano.nl\/"},{"@type":"ListItem","position":2,"name":"Shop","item":"https:\/\/versano.nl\/shop\/"},{"@type":"ListItem","position":3,"name":"dames leren biker jas 311 N cognac Versano"}]},{"@type":"WebSite","@id":"https:\/\/versano.nl\/#website","url":"https:\/\/versano.nl\/","name":"Versano","description":"manteaux d&#039;hiver avec col en fourrure | vestes femme en cuir | vestes en cuir pour hommes","potentialAction":[{"@type":"SearchAction","target":{"@type":"EntryPoint","urlTemplate":"https:\/\/versano.nl\/?s={search_term_string}"},"query-input":{"@type":"PropertyValueSpecification","valueRequired":true,"valueName":"search_term_string"}}],"inLanguage":"fr-FR"}]}},"_links":{"self":[{"href":"https:\/\/versano.nl\/fr\/wp-json\/wp\/v2\/product\/17264","targetHints":{"allow":["GET"]}}],"collection":[{"href":"https:\/\/versano.nl\/fr\/wp-json\/wp\/v2\/product"}],"about":[{"href":"https:\/\/versano.nl\/fr\/wp-json\/wp\/v2\/types\/product"}],"replies":[{"embeddable":true,"href":"https:\/\/versano.nl\/fr\/wp-json\/wp\/v2\/comments?post=17264"}],"wp:featuredmedia":[{"embeddable":true,"href":"https:\/\/versano.nl\/fr\/wp-json\/wp\/v2\/media\/17260"}],"wp:attachment":[{"href":"https:\/\/versano.nl\/fr\/wp-json\/wp\/v2\/media?parent=17264"}],"wp:term":[{"taxonomy":"product_brand","embeddable":true,"href":"https:\/\/versano.nl\/fr\/wp-json\/wp\/v2\/product_brand?post=17264"},{"taxonomy":"product_cat","embeddable":true,"href":"https:\/\/versano.nl\/fr\/wp-json\/wp\/v2\/product_cat?post=17264"},{"taxonomy":"product_tag","embeddable":true,"href":"https:\/\/versano.nl\/fr\/wp-json\/wp\/v2\/product_tag?post=17264"}],"curies":[{"name":"wp","href":"https:\/\/api.w.org\/{rel}","templated":true}]}}